{"id":612,"date":"2025-11-12T10:23:06","date_gmt":"2025-11-12T02:23:06","guid":{"rendered":"http:\/\/www.huanyumotor.com\/?post_type=product&#038;p=612"},"modified":"2025-11-12T10:23:06","modified_gmt":"2025-11-12T02:23:06","slug":"intelligent-brushless-controller","status":"publish","type":"product","link":"https:\/\/www.huanyumotor.com\/de\/produkt\/intelligent-brushless-controller\/","title":{"rendered":"Intelligenter b\u00fcrstenloser Regler"},"content":{"rendered":"<p>Die Motorsteuerung des Elektrodreirads ist das zentrale Steuerger\u00e4t des Elektrodreirads, das f\u00fcr die Funktionen Anfahren, Fahren, Vorw\u00e4rts- und R\u00fcckw\u00e4rtsfahren, Geschwindigkeitsanpassung und Anhalten des Fahrzeugs verantwortlich ist und den sicheren, effizienten und stabilen Betrieb des Elektrodreirads gew\u00e4hrleistet.<br \/>\nProdukt\u00fcbersicht<br \/>\nDie Motorsteuerung des Elektrodreirads ist das \u201cGehirn\u201d des Fahrzeugs und \u00fcbernimmt zentrale Funktionen wie die Steuerung von Start, Betrieb, Vorw\u00e4rts- und R\u00fcckw\u00e4rtsfahrt, Geschwindigkeitsanpassung und Stopp des Elektrodreirads und ist eine Schl\u00fcsselkomponente des Elektrodreirads. Es steuert nicht nur den Betrieb des Motors, sondern sch\u00fctzt auch die Batterie und andere elektronische Komponenten und verbessert so die Sicherheit und Lebensdauer des gesamten Fahrzeugs.<br \/>\nTechnische Daten<br \/>\nSpannungskompatibilit\u00e4t: Unterst\u00fctzt mehrere Spannungen, wie z.B. 24V, 48V, 60V, 72V, usw., und kann an verschiedene Stromversorgungssysteme von elektrischen Dreir\u00e4dern angepasst werden.<br \/>\nLeistungsbereich: Der Leistungsbereich reicht von 350W bis 4000W und dar\u00fcber hinaus und deckt den Leistungsbedarf verschiedener Fahrzeugmodelle ab.<br \/>\nSchutzfunktion: Es verf\u00fcgt \u00fcber mehrere Schutzmechanismen wie Unterspannungsschutz, \u00dcberstromschutz, Hochtemperaturschutz und Bremsabschaltung, die Motor und Batterie effektiv sch\u00fctzen und deren Lebensdauer verl\u00e4ngern.<br \/>\nIntelligente Steuerung: unterst\u00fctzt Funktionen wie stufenlose Geschwindigkeitsregelung, Geschwindigkeitsbegrenzung, Energier\u00fcckf\u00fchrung usw. Einige Modelle unterst\u00fctzen die automatische Erkennung und Umschaltung von Hall-Sensor-Fehlern, was das Fahrerlebnis und die Sicherheit verbessert.<br \/>\nAnwendungsbereich<br \/>\nMotorsteuerungen f\u00fcr elektrische Dreir\u00e4der sind weit verbreitet in elektrischen Lastendreir\u00e4dern, elektrischen Personendreir\u00e4dern, elektrischen Motorr\u00e4dern, Golfwagen, elektrischen Reisebussen, Servicefahrzeugen f\u00fcr Veranstaltungsorte usw. Sie eignen sich f\u00fcr verschiedene Szenarien wie Stadtverkehr, Kurzstreckenfahrten, touristische Besichtigungen, industrielle Handhabung usw.<br \/>\nProduktmerkmale<br \/>\nEffizient und energiesparend: Intelligente Steuerungsalgorithmen optimieren die Motoreffizienz und verbessern die Batterielebensdauer um 17.<br \/>\nSicher und zuverl\u00e4ssig: Mehrere Schutzfunktionen, wie z. B. Abschaltung der Bremse, Anti-Schlupf, elektronisches Bremsen usw., sorgen f\u00fcr Fahrsicherheit.<br \/>\nEinfach zu installieren und zu warten: Die Konstruktion ist kompakt, einfach zu installieren, unterst\u00fctzt schnelle Verbindungen und ist leicht zu warten.<br \/>\nStarke Kompatibilit\u00e4t: kann sich an verschiedene Marken und Typen von Elektro-Dreir\u00e4dern anpassen, kundenspezifische Dienstleistungen unterst\u00fctzen und verschiedene Bed\u00fcrfnisse erf\u00fcllen\u201c.\u201c<\/p>\n<table style=\"border-collapse: collapse; width: 525.77pt;\" border=\"0\" width=\"701\" cellspacing=\"0\" cellpadding=\"0\">\n<tbody>\n<tr style=\"height: 24.75pt;\">\n<td class=\"et2\" style=\"height: 24.75pt; width: 525.75pt;\" colspan=\"4\" width=\"701\" height=\"33\">Parameter der Produktspezifikation<\/td>\n<\/tr>\n<tr style=\"height: 17.25pt;\">\n<td class=\"et3\" style=\"height: 17.25pt; width: 96.75pt;\" width=\"129\" height=\"23\">Nennspannung<\/td>\n<td class=\"et3\" style=\"width: 168.00pt;\" width=\"224\">24V\/36V\/48V\/60V\/72V\/80V<\/td>\n<td class=\"et3\" style=\"width: 113.25pt;\" width=\"151\">Nennleistung<\/td>\n<td class=\"et3\" style=\"width: 147.75pt;\" width=\"197\">350W~4000W<\/td>\n<\/tr>\n<tr style=\"height: 17.25pt;\">\n<td class=\"et4\" style=\"height: 17.25pt;\" height=\"23\">Leistungstransistor<\/td>\n<td class=\"et4\">12G-36G<\/td>\n<td class=\"et3\" style=\"width: 113.25pt;\" width=\"151\">Schaltspannung<\/td>\n<td class=\"et3\" style=\"width: 147.75pt;\" width=\"197\">1.1V\u00b14..2V<\/td>\n<\/tr>\n<tr style=\"height: 17.25pt;\">\n<td class=\"et3\" style=\"height: 17.25pt; width: 96.75pt;\" width=\"129\" height=\"23\">Niveau der Bremse<\/td>\n<td class=\"et3\" style=\"width: 168.00pt;\" width=\"224\">hohe und niedrige Werte<\/td>\n<td class=\"et3\" style=\"width: 113.25pt;\" width=\"151\"><\/td>\n<td class=\"et3\" style=\"width: 147.75pt;\" width=\"197\"><\/td>\n<\/tr>\n<tr style=\"height: 21.00pt;\">\n<td class=\"et3\" style=\"height: 21.00pt; width: 96.75pt;\" width=\"129\" height=\"28\">Leistung des Produkts<\/td>\n<td class=\"et5\" style=\"width: 429.00pt;\" colspan=\"3\" width=\"572\">Hohes Drehmoment\/Effizienz\/gro\u00dfe Reichweite\/geringe W\u00e4rmeentwicklung\/Ganzaluminiumgeh\u00e4use<\/td>\n<\/tr>\n<tr style=\"height: 34.50pt;\">\n<td class=\"et3\" style=\"height: 34.50pt; width: 96.75pt;\" width=\"129\" height=\"46\">Produktmerkmale<\/td>\n<td class=\"et6\" style=\"width: 429.00pt;\" colspan=\"3\" width=\"572\">Anti-Diebstahl-Alarm \/ drei Geschwindigkeiten \/ R\u00fcckw\u00e4rtsgang \/ Anti-Rutsch-Piste<\/td>\n<\/tr>\n<\/tbody>\n<\/table>\n<p>Produkt Betriebsumgebung<\/p>\n<table style=\"border-collapse: collapse; width: 264.77pt;\" border=\"0\" width=\"353\" cellspacing=\"0\" cellpadding=\"0\">\n<tbody>\n<tr style=\"height: 51.75pt;\">\n<td class=\"et2\" style=\"height: 51.75pt; width: 96.75pt;\" width=\"129\" height=\"69\">Arbeitstemperaturbereich<\/td>\n<td class=\"et2\" style=\"width: 168.00pt;\" width=\"224\">Motor\uff1a-40\u2103\uff5e55\u2103<\/td>\n<\/tr>\n<tr style=\"height: 35.00pt;\">\n<td class=\"et2\" style=\"height: 35.00pt; width: 96.75pt;\" width=\"129\" height=\"46\">Feuchtigkeit<\/td>\n<td class=\"et2\" style=\"width: 168.00pt;\" width=\"224\">0\uff5e95%<\/td>\n<\/tr>\n<\/tbody>\n<\/table>","protected":false},"excerpt":{"rendered":"<p>Die Motorsteuerung des Elektrodreirads ist das zentrale Steuerger\u00e4t des Elektrodreirads, das f\u00fcr die Funktionen Anfahren, Fahren, Vorw\u00e4rts- und R\u00fcckw\u00e4rtsfahren, Geschwindigkeitsanpassung und Anhalten des Fahrzeugs verantwortlich ist und den sicheren, effizienten und stabilen Betrieb des Elektrodreirads gew\u00e4hrleistet.<\/p>","protected":false},"featured_media":613,"template":"","meta":{"site-sidebar-layout":"default","site-content-layout":"default","ast-site-content-layout":"default","site-content-style":"default","site-sidebar-style":"default","ast-global-header-display":"","ast-banner-title-visibility":"","ast-main-header-display":"","ast-hfb-above-header-display":"","ast-hfb-below-header-display":"","ast-hfb-mobile-header-display":"","site-post-title":"","ast-breadcrumbs-content":"","ast-featured-img":"","footer-sml-layout":"","ast-disable-related-posts":"","theme-transparent-header-meta":"default","adv-header-id-meta":"","stick-header-meta":"","header-above-stick-meta":"","header-main-stick-meta":"","header-below-stick-meta":"","astra-migrate-meta-layouts":"default","ast-page-background-enabled":"default","ast-page-background-meta":{"desktop":{"background-color":"","background-image":"","background-repeat":"repeat","background-position":"center center","background-size":"auto","background-attachment":"scroll","background-type":"","background-media":"","overlay-type":"","overlay-color":"","overlay-opacity":"","overlay-gradient":""},"tablet":{"background-color":"","background-image":"","background-repeat":"repeat","background-position":"center center","background-size":"auto","background-attachment":"scroll","background-type":"","background-media":"","overlay-type":"","overlay-color":"","overlay-opacity":"","overlay-gradient":""},"mobile":{"background-color":"","background-image":"","background-repeat":"repeat","background-position":"center center","background-size":"auto","background-attachment":"scroll","background-type":"","background-media":"","overlay-type":"","overlay-color":"","overlay-opacity":"","overlay-gradient":""}},"ast-content-background-meta":{"desktop":{"background-color":"var(--ast-global-color-5)","background-image":"","background-repeat":"repeat","background-position":"center center","background-size":"auto","background-attachment":"scroll","background-type":"","background-media":"","overlay-type":"","overlay-color":"","overlay-opacity":"","overlay-gradient":""},"tablet":{"background-color":"var(--ast-global-color-5)","background-image":"","background-repeat":"repeat","background-position":"center center","background-size":"auto","background-attachment":"scroll","background-type":"","background-media":"","overlay-type":"","overlay-color":"","overlay-opacity":"","overlay-gradient":""},"mobile":{"background-color":"var(--ast-global-color-5)","background-image":"","background-repeat":"repeat","background-position":"center center","background-size":"auto","background-attachment":"scroll","background-type":"","background-media":"","overlay-type":"","overlay-color":"","overlay-opacity":"","overlay-gradient":""}}},"product_brand":[],"product_cat":[23],"product_tag":[],"class_list":{"0":"post-612","1":"product","2":"type-product","3":"status-publish","4":"has-post-thumbnail","6":"product_cat-controller","7":"desktop-align-left","8":"tablet-align-left","9":"mobile-align-left","10":"ast-product-gallery-layout-vertical-slider","11":"ast-product-tabs-layout-horizontal","13":"first","14":"instock","15":"shipping-taxable","16":"product-type-simple"},"yoast_head":"<!-- This site is optimized with the Yoast SEO plugin v27.4 - https:\/\/yoast.com\/product\/yoast-seo-wordpress\/ -->\n<title>Intelligent brushless controller - Jining Huanzhongyu Electromechanical Co., Ltd.<\/title>\n<meta name=\"robots\" content=\"index, follow, max-snippet:-1, max-image-preview:large, max-video-preview:-1\" \/>\n<link rel=\"canonical\" href=\"https:\/\/www.huanyumotor.com\/de\/produkt\/intelligent-brushless-controller\/\" \/>\n<meta property=\"og:locale\" content=\"de_DE\" \/>\n<meta property=\"og:type\" content=\"article\" \/>\n<meta property=\"og:title\" content=\"Intelligent brushless controller - Jining Huanzhongyu Electromechanical Co., Ltd.\" \/>\n<meta property=\"og:description\" content=\"The electric tricycle motor controller is the core control device of the electric tricycle, responsible for managing the functions of starting, running, advancing and retreating, speed adjustment, and stopping of the vehicle, ensuring the safe, efficient, and stable operation of the electric tricycle.\" \/>\n<meta property=\"og:url\" content=\"https:\/\/www.huanyumotor.com\/de\/produkt\/intelligent-brushless-controller\/\" \/>\n<meta property=\"og:site_name\" content=\"Jining Huanzhongyu Electromechanical Co., Ltd.\" \/>\n<meta property=\"article:publisher\" content=\"https:\/\/www.facebook.com\/profile.php?id=61579475484242&amp;sk=grid\" \/>\n<meta property=\"og:image\" content=\"https:\/\/www.huanyumotor.com\/wp-content\/uploads\/2025\/11\/18_1.jpg\" \/>\n\t<meta property=\"og:image:width\" content=\"800\" \/>\n\t<meta property=\"og:image:height\" content=\"800\" \/>\n\t<meta property=\"og:image:type\" content=\"image\/jpeg\" \/>\n<meta name=\"twitter:card\" content=\"summary_large_image\" \/>\n<meta name=\"twitter:label1\" content=\"Gesch\u00e4tzte Lesezeit\" \/>\n\t<meta name=\"twitter:data1\" content=\"2\u00a0Minuten\" \/>\n<script type=\"application\/ld+json\" class=\"yoast-schema-graph\">{\"@context\":\"https:\\\/\\\/schema.org\",\"@graph\":[{\"@type\":\"WebPage\",\"@id\":\"https:\\\/\\\/www.huanyumotor.com\\\/product\\\/intelligent-brushless-controller\\\/\",\"url\":\"https:\\\/\\\/www.huanyumotor.com\\\/product\\\/intelligent-brushless-controller\\\/\",\"name\":\"Intelligent brushless controller - Jining Huanzhongyu Electromechanical Co., Ltd.\",\"isPartOf\":{\"@id\":\"https:\\\/\\\/www.huanyumotor.com\\\/#website\"},\"primaryImageOfPage\":{\"@id\":\"https:\\\/\\\/www.huanyumotor.com\\\/product\\\/intelligent-brushless-controller\\\/#primaryimage\"},\"image\":{\"@id\":\"https:\\\/\\\/www.huanyumotor.com\\\/product\\\/intelligent-brushless-controller\\\/#primaryimage\"},\"thumbnailUrl\":\"https:\\\/\\\/www.huanyumotor.com\\\/wp-content\\\/uploads\\\/2025\\\/11\\\/18_1.jpg\",\"datePublished\":\"2025-11-12T02:23:06+00:00\",\"breadcrumb\":{\"@id\":\"https:\\\/\\\/www.huanyumotor.com\\\/product\\\/intelligent-brushless-controller\\\/#breadcrumb\"},\"inLanguage\":\"de\",\"potentialAction\":[{\"@type\":\"ReadAction\",\"target\":[\"https:\\\/\\\/www.huanyumotor.com\\\/product\\\/intelligent-brushless-controller\\\/\"]}]},{\"@type\":\"ImageObject\",\"inLanguage\":\"de\",\"@id\":\"https:\\\/\\\/www.huanyumotor.com\\\/product\\\/intelligent-brushless-controller\\\/#primaryimage\",\"url\":\"https:\\\/\\\/www.huanyumotor.com\\\/wp-content\\\/uploads\\\/2025\\\/11\\\/18_1.jpg\",\"contentUrl\":\"https:\\\/\\\/www.huanyumotor.com\\\/wp-content\\\/uploads\\\/2025\\\/11\\\/18_1.jpg\",\"width\":800,\"height\":800},{\"@type\":\"BreadcrumbList\",\"@id\":\"https:\\\/\\\/www.huanyumotor.com\\\/product\\\/intelligent-brushless-controller\\\/#breadcrumb\",\"itemListElement\":[{\"@type\":\"ListItem\",\"position\":1,\"name\":\"\u9996\u9875\",\"item\":\"https:\\\/\\\/www.huanyumotor.com\\\/\"},{\"@type\":\"ListItem\",\"position\":2,\"name\":\"Products\",\"item\":\"https:\\\/\\\/www.huanyumotor.com\\\/products\\\/\"},{\"@type\":\"ListItem\",\"position\":3,\"name\":\"Intelligent brushless controller\"}]},{\"@type\":\"WebSite\",\"@id\":\"https:\\\/\\\/www.huanyumotor.com\\\/#website\",\"url\":\"https:\\\/\\\/www.huanyumotor.com\\\/\",\"name\":\"Jining Huanzhongyu Electromechanical Co., Ltd.\",\"description\":\"\",\"publisher\":{\"@id\":\"https:\\\/\\\/www.huanyumotor.com\\\/#organization\"},\"potentialAction\":[{\"@type\":\"SearchAction\",\"target\":{\"@type\":\"EntryPoint\",\"urlTemplate\":\"https:\\\/\\\/www.huanyumotor.com\\\/?s={search_term_string}\"},\"query-input\":{\"@type\":\"PropertyValueSpecification\",\"valueRequired\":true,\"valueName\":\"search_term_string\"}}],\"inLanguage\":\"de\"},{\"@type\":\"Organization\",\"@id\":\"https:\\\/\\\/www.huanyumotor.com\\\/#organization\",\"name\":\"Jining Huanzhongyu Electromechanical Co., Ltd.\",\"url\":\"https:\\\/\\\/www.huanyumotor.com\\\/\",\"logo\":{\"@type\":\"ImageObject\",\"inLanguage\":\"de\",\"@id\":\"https:\\\/\\\/www.huanyumotor.com\\\/#\\\/schema\\\/logo\\\/image\\\/\",\"url\":\"https:\\\/\\\/www.huanyumotor.com\\\/wp-content\\\/uploads\\\/2025\\\/11\\\/logo.webp\",\"contentUrl\":\"https:\\\/\\\/www.huanyumotor.com\\\/wp-content\\\/uploads\\\/2025\\\/11\\\/logo.webp\",\"width\":468,\"height\":242,\"caption\":\"Jining Huanzhongyu Electromechanical Co., Ltd.\"},\"image\":{\"@id\":\"https:\\\/\\\/www.huanyumotor.com\\\/#\\\/schema\\\/logo\\\/image\\\/\"},\"sameAs\":[\"https:\\\/\\\/www.facebook.com\\\/profile.php?id=61579475484242&sk=grid\"]}]}<\/script>\n<!-- \/ Yoast SEO plugin. -->","yoast_head_json":{"title":"Intelligent brushless controller - Jining Huanzhongyu Electromechanical Co., Ltd.","robots":{"index":"index","follow":"follow","max-snippet":"max-snippet:-1","max-image-preview":"max-image-preview:large","max-video-preview":"max-video-preview:-1"},"canonical":"https:\/\/www.huanyumotor.com\/de\/produkt\/intelligent-brushless-controller\/","og_locale":"de_DE","og_type":"article","og_title":"Intelligent brushless controller - Jining Huanzhongyu Electromechanical Co., Ltd.","og_description":"The electric tricycle motor controller is the core control device of the electric tricycle, responsible for managing the functions of starting, running, advancing and retreating, speed adjustment, and stopping of the vehicle, ensuring the safe, efficient, and stable operation of the electric tricycle.","og_url":"https:\/\/www.huanyumotor.com\/de\/produkt\/intelligent-brushless-controller\/","og_site_name":"Jining Huanzhongyu Electromechanical Co., Ltd.","article_publisher":"https:\/\/www.facebook.com\/profile.php?id=61579475484242&sk=grid","og_image":[{"width":800,"height":800,"url":"https:\/\/www.huanyumotor.com\/wp-content\/uploads\/2025\/11\/18_1.jpg","type":"image\/jpeg"}],"twitter_card":"summary_large_image","twitter_misc":{"Gesch\u00e4tzte Lesezeit":"2\u00a0Minuten"},"schema":{"@context":"https:\/\/schema.org","@graph":[{"@type":"WebPage","@id":"https:\/\/www.huanyumotor.com\/product\/intelligent-brushless-controller\/","url":"https:\/\/www.huanyumotor.com\/product\/intelligent-brushless-controller\/","name":"Intelligent brushless controller - Jining Huanzhongyu Electromechanical Co., Ltd.","isPartOf":{"@id":"https:\/\/www.huanyumotor.com\/#website"},"primaryImageOfPage":{"@id":"https:\/\/www.huanyumotor.com\/product\/intelligent-brushless-controller\/#primaryimage"},"image":{"@id":"https:\/\/www.huanyumotor.com\/product\/intelligent-brushless-controller\/#primaryimage"},"thumbnailUrl":"https:\/\/www.huanyumotor.com\/wp-content\/uploads\/2025\/11\/18_1.jpg","datePublished":"2025-11-12T02:23:06+00:00","breadcrumb":{"@id":"https:\/\/www.huanyumotor.com\/product\/intelligent-brushless-controller\/#breadcrumb"},"inLanguage":"de","potentialAction":[{"@type":"ReadAction","target":["https:\/\/www.huanyumotor.com\/product\/intelligent-brushless-controller\/"]}]},{"@type":"ImageObject","inLanguage":"de","@id":"https:\/\/www.huanyumotor.com\/product\/intelligent-brushless-controller\/#primaryimage","url":"https:\/\/www.huanyumotor.com\/wp-content\/uploads\/2025\/11\/18_1.jpg","contentUrl":"https:\/\/www.huanyumotor.com\/wp-content\/uploads\/2025\/11\/18_1.jpg","width":800,"height":800},{"@type":"BreadcrumbList","@id":"https:\/\/www.huanyumotor.com\/product\/intelligent-brushless-controller\/#breadcrumb","itemListElement":[{"@type":"ListItem","position":1,"name":"\u9996\u9875","item":"https:\/\/www.huanyumotor.com\/"},{"@type":"ListItem","position":2,"name":"Products","item":"https:\/\/www.huanyumotor.com\/products\/"},{"@type":"ListItem","position":3,"name":"Intelligent brushless controller"}]},{"@type":"WebSite","@id":"https:\/\/www.huanyumotor.com\/#website","url":"https:\/\/www.huanyumotor.com\/","name":"Jining Huanzhongyu Electromechanical Co, Ltd.","description":"","publisher":{"@id":"https:\/\/www.huanyumotor.com\/#organization"},"potentialAction":[{"@type":"SearchAction","target":{"@type":"EntryPoint","urlTemplate":"https:\/\/www.huanyumotor.com\/?s={search_term_string}"},"query-input":{"@type":"PropertyValueSpecification","valueRequired":true,"valueName":"search_term_string"}}],"inLanguage":"de"},{"@type":"Organization","@id":"https:\/\/www.huanyumotor.com\/#organization","name":"Jining Huanzhongyu Electromechanical Co, Ltd.","url":"https:\/\/www.huanyumotor.com\/","logo":{"@type":"ImageObject","inLanguage":"de","@id":"https:\/\/www.huanyumotor.com\/#\/schema\/logo\/image\/","url":"https:\/\/www.huanyumotor.com\/wp-content\/uploads\/2025\/11\/logo.webp","contentUrl":"https:\/\/www.huanyumotor.com\/wp-content\/uploads\/2025\/11\/logo.webp","width":468,"height":242,"caption":"Jining Huanzhongyu Electromechanical Co., Ltd."},"image":{"@id":"https:\/\/www.huanyumotor.com\/#\/schema\/logo\/image\/"},"sameAs":["https:\/\/www.facebook.com\/profile.php?id=61579475484242&sk=grid"]}]}},"_links":{"self":[{"href":"https:\/\/www.huanyumotor.com\/de\/wp-json\/wp\/v2\/product\/612","targetHints":{"allow":["GET"]}}],"collection":[{"href":"https:\/\/www.huanyumotor.com\/de\/wp-json\/wp\/v2\/product"}],"about":[{"href":"https:\/\/www.huanyumotor.com\/de\/wp-json\/wp\/v2\/types\/product"}],"wp:featuredmedia":[{"embeddable":true,"href":"https:\/\/www.huanyumotor.com\/de\/wp-json\/wp\/v2\/media\/613"}],"wp:attachment":[{"href":"https:\/\/www.huanyumotor.com\/de\/wp-json\/wp\/v2\/media?parent=612"}],"wp:term":[{"taxonomy":"product_brand","embeddable":true,"href":"https:\/\/www.huanyumotor.com\/de\/wp-json\/wp\/v2\/product_brand?post=612"},{"taxonomy":"product_cat","embeddable":true,"href":"https:\/\/www.huanyumotor.com\/de\/wp-json\/wp\/v2\/product_cat?post=612"},{"taxonomy":"product_tag","embeddable":true,"href":"https:\/\/www.huanyumotor.com\/de\/wp-json\/wp\/v2\/product_tag?post=612"}],"curies":[{"name":"wp","href":"https:\/\/api.w.org\/{rel}","templated":true}]}}