{"id":588,"date":"2025-11-12T10:12:24","date_gmt":"2025-11-12T02:12:24","guid":{"rendered":"http:\/\/www.huanyumotor.com\/?post_type=product&#038;p=588"},"modified":"2025-11-12T10:13:15","modified_gmt":"2025-11-12T02:13:15","slug":"dual-drive-rear-axle","status":"publish","type":"product","link":"https:\/\/www.huanyumotor.com\/es\/product\/dual-drive-rear-axle\/","title":{"rendered":"Eje trasero de doble tracci\u00f3n"},"content":{"rendered":"<p>El eje trasero de doble tracci\u00f3n es un tipo de producto de eje de tracci\u00f3n que adopta una estructura de doble motor. Se utiliza principalmente en veh\u00edculos que requieren un alto par de salida y alta fiabilidad, tales como veh\u00edculos de orugas, y tiene las caracter\u00edsticas de estructura compacta y un rendimiento superior.<br \/>\nCaracter\u00edsticas t\u00e9cnicas del producto<br \/>\nVentajas del dise\u00f1o estructural:<br \/>\nAdopta un dise\u00f1o de motor doble para duplicar la salida de par y cumplir los requisitos de carga elevada.<br \/>\nEstructura mec\u00e1nica compacta, volumen ligero, f\u00e1cil de instalar y mantener<br \/>\nFabricado con materiales de alta calidad, como la aleaci\u00f3n de aluminio, que favorece la r\u00e1pida disipaci\u00f3n del calor.<br \/>\nRendimiento:<br \/>\nBuen rendimiento de disipaci\u00f3n del calor, con sistema de auto-refrigeraci\u00f3n por aire, funcionamiento estable y fiable.<br \/>\nAlta eficacia de transmisi\u00f3n, pocas piezas vulnerables y larga vida \u00fatil<br \/>\nSoporta la personalizaci\u00f3n, el dise\u00f1o personalizado se puede llevar a cabo de acuerdo a las necesidades del cliente<br \/>\nCampo de aplicaci\u00f3n<br \/>\nEl eje trasero de doble tracci\u00f3n es adecuado principalmente para los siguientes casos:<br \/>\nVeh\u00edculos de orugas: utilizados para veh\u00edculos no de carretera, como campos de cultivo, obras de construcci\u00f3n, minas, etc.<\/p>\n<p>Ventajas t\u00e9cnicas:<br \/>\nAdmite m\u00faltiples configuraciones y puede emparejarse con sistemas de control remoto, reductores de tornillo sin fin y otros componentes para satisfacer las diferentes necesidades de los clientes. Admite el env\u00edo a granel y la producci\u00f3n personalizada, con una fuerte competitividad de precios y una ventaja de precio en comparaci\u00f3n con los accesorios de ejes de transmisi\u00f3n tradicionales.<br \/>\nPerspectivas del mercado:<br \/>\nCon el r\u00e1pido desarrollo de la industria log\u00edstica y la creciente demanda de un transporte eficiente, las perspectivas de mercado de los ejes motrices de desaceleraci\u00f3n de una etapa son amplias. Como producto de actualizaci\u00f3n tecnol\u00f3gica, el eje trasero de doble tracci\u00f3n puede satisfacer la demanda de los clientes de comercio exterior de componentes de veh\u00edculos de alto rendimiento y fiabilidad...<\/p>\n<table width=\"701\">\n<tbody>\n<tr>\n<td colspan=\"4\" width=\"701\">Par\u00e1metros de especificaci\u00f3n del producto<\/td>\n<\/tr>\n<tr>\n<td width=\"129\">Tipo de freno<\/td>\n<td colspan=\"3\" width=\"572\">Disco hidr\u00e1ulico<\/td>\n<\/tr>\n<tr>\n<td width=\"129\">Material del semieje<\/td>\n<td colspan=\"3\" width=\"572\">45 Acero # o 40Cr<\/td>\n<\/tr>\n<tr>\n<td width=\"129\">Modelo de cojinete de semieje<\/td>\n<td colspan=\"3\" width=\"572\">6205 \u00f3 6206<\/td>\n<\/tr>\n<tr>\n<td width=\"129\">N\u00famero de dientes del semieje<\/td>\n<td colspan=\"3\" width=\"572\">18 o 22 o 6<\/td>\n<\/tr>\n<tr>\n<td width=\"129\">Adecuado para cajas de cambios<\/td>\n<td colspan=\"3\" width=\"572\">Relaci\u00f3n simple o doble<\/td>\n<\/tr>\n<tr>\n<td width=\"129\">Modelos de veh\u00edculos coincidentes<\/td>\n<td colspan=\"3\" width=\"572\">Veh\u00edculos todo terreno, carritos de golf, triciclos motorizados, triciclos el\u00e9ctricos<\/td>\n<\/tr>\n<tr>\n<td rowspan=\"4\" width=\"129\">ventaja<\/td>\n<td colspan=\"3\" rowspan=\"4\" width=\"572\">1. Estructura integrada, alta coaxialidad, rendimiento estable y mayor capacidad de carga. 2. Adopci\u00f3n de frenos de disco hidr\u00e1ulicos con alto par de frenado, frenado sensible, buen efecto de disipaci\u00f3n de calor y eficiencia de frenado estable.                                                                    3. 3. Equipado con configuraciones alta, media y baja, los clientes pueden elegir la configuraci\u00f3n correspondiente seg\u00fan sus requisitos de uso y coste.<\/td>\n<\/tr>\n<\/tbody>\n<\/table>\n<p>&nbsp;<\/p>","protected":false},"excerpt":{"rendered":"<p>El eje trasero de doble tracci\u00f3n es un tipo de producto de eje de tracci\u00f3n que adopta una estructura de doble motor. Se utiliza principalmente en veh\u00edculos que requieren un alto par de salida y alta fiabilidad, tales como veh\u00edculos de orugas, y tiene las caracter\u00edsticas de estructura compacta y un rendimiento superior.<\/p>","protected":false},"featured_media":590,"template":"","meta":{"site-sidebar-layout":"default","site-content-layout":"default","ast-site-content-layout":"default","site-content-style":"default","site-sidebar-style":"default","ast-global-header-display":"","ast-banner-title-visibility":"","ast-main-header-display":"","ast-hfb-above-header-display":"","ast-hfb-below-header-display":"","ast-hfb-mobile-header-display":"","site-post-title":"","ast-breadcrumbs-content":"","ast-featured-img":"","footer-sml-layout":"","ast-disable-related-posts":"","theme-transparent-header-meta":"default","adv-header-id-meta":"","stick-header-meta":"","header-above-stick-meta":"","header-main-stick-meta":"","header-below-stick-meta":"","astra-migrate-meta-layouts":"default","ast-page-background-enabled":"default","ast-page-background-meta":{"desktop":{"background-color":"","background-image":"","background-repeat":"repeat","background-position":"center center","background-size":"auto","background-attachment":"scroll","background-type":"","background-media":"","overlay-type":"","overlay-color":"","overlay-opacity":"","overlay-gradient":""},"tablet":{"background-color":"","background-image":"","background-repeat":"repeat","background-position":"center center","background-size":"auto","background-attachment":"scroll","background-type":"","background-media":"","overlay-type":"","overlay-color":"","overlay-opacity":"","overlay-gradient":""},"mobile":{"background-color":"","background-image":"","background-repeat":"repeat","background-position":"center center","background-size":"auto","background-attachment":"scroll","background-type":"","background-media":"","overlay-type":"","overlay-color":"","overlay-opacity":"","overlay-gradient":""}},"ast-content-background-meta":{"desktop":{"background-color":"var(--ast-global-color-5)","background-image":"","background-repeat":"repeat","background-position":"center center","background-size":"auto","background-attachment":"scroll","background-type":"","background-media":"","overlay-type":"","overlay-color":"","overlay-opacity":"","overlay-gradient":""},"tablet":{"background-color":"var(--ast-global-color-5)","background-image":"","background-repeat":"repeat","background-position":"center center","background-size":"auto","background-attachment":"scroll","background-type":"","background-media":"","overlay-type":"","overlay-color":"","overlay-opacity":"","overlay-gradient":""},"mobile":{"background-color":"var(--ast-global-color-5)","background-image":"","background-repeat":"repeat","background-position":"center center","background-size":"auto","background-attachment":"scroll","background-type":"","background-media":"","overlay-type":"","overlay-color":"","overlay-opacity":"","overlay-gradient":""}}},"product_brand":[],"product_cat":[22],"product_tag":[],"class_list":{"0":"post-588","1":"product","2":"type-product","3":"status-publish","4":"has-post-thumbnail","6":"product_cat-rear-axle-assembly","7":"desktop-align-left","8":"tablet-align-left","9":"mobile-align-left","10":"ast-product-gallery-layout-vertical-slider","11":"ast-product-gallery-with-no-image","12":"ast-product-tabs-layout-horizontal","14":"first","15":"instock","16":"shipping-taxable","17":"product-type-simple"},"yoast_head":"<!-- This site is optimized with the Yoast SEO plugin v27.4 - https:\/\/yoast.com\/product\/yoast-seo-wordpress\/ -->\n<title>Dual drive rear axle - Jining Huanzhongyu Electromechanical Co., Ltd.<\/title>\n<meta name=\"robots\" content=\"index, follow, max-snippet:-1, max-image-preview:large, max-video-preview:-1\" \/>\n<link rel=\"canonical\" href=\"https:\/\/www.huanyumotor.com\/es\/product\/dual-drive-rear-axle\/\" \/>\n<meta property=\"og:locale\" content=\"es_ES\" \/>\n<meta property=\"og:type\" content=\"article\" \/>\n<meta property=\"og:title\" content=\"Dual drive rear axle - Jining Huanzhongyu Electromechanical Co., Ltd.\" \/>\n<meta property=\"og:description\" content=\"Dual drive rear axle is a type of drive axle product that adopts a dual motor structure. It is mainly used in vehicles that require high torque output and high reliability, such as tracked vehicles, and has the characteristics of compact structure and superior performance.\" \/>\n<meta property=\"og:url\" content=\"https:\/\/www.huanyumotor.com\/es\/product\/dual-drive-rear-axle\/\" \/>\n<meta property=\"og:site_name\" content=\"Jining Huanzhongyu Electromechanical Co., Ltd.\" \/>\n<meta property=\"article:publisher\" content=\"https:\/\/www.facebook.com\/profile.php?id=61579475484242&amp;sk=grid\" \/>\n<meta property=\"article:modified_time\" content=\"2025-11-12T02:13:15+00:00\" \/>\n<meta property=\"og:image\" content=\"https:\/\/www.huanyumotor.com\/wp-content\/uploads\/2025\/11\/25_1.jpg\" \/>\n\t<meta property=\"og:image:width\" content=\"800\" \/>\n\t<meta property=\"og:image:height\" content=\"800\" \/>\n\t<meta property=\"og:image:type\" content=\"image\/jpeg\" \/>\n<meta name=\"twitter:card\" content=\"summary_large_image\" \/>\n<meta name=\"twitter:label1\" content=\"Est. reading time\" \/>\n\t<meta name=\"twitter:data1\" content=\"2 minutos\" \/>\n<script type=\"application\/ld+json\" class=\"yoast-schema-graph\">{\"@context\":\"https:\\\/\\\/schema.org\",\"@graph\":[{\"@type\":\"WebPage\",\"@id\":\"https:\\\/\\\/www.huanyumotor.com\\\/product\\\/dual-drive-rear-axle\\\/\",\"url\":\"https:\\\/\\\/www.huanyumotor.com\\\/product\\\/dual-drive-rear-axle\\\/\",\"name\":\"Dual drive rear axle - Jining Huanzhongyu Electromechanical Co., Ltd.\",\"isPartOf\":{\"@id\":\"https:\\\/\\\/www.huanyumotor.com\\\/#website\"},\"primaryImageOfPage\":{\"@id\":\"https:\\\/\\\/www.huanyumotor.com\\\/product\\\/dual-drive-rear-axle\\\/#primaryimage\"},\"image\":{\"@id\":\"https:\\\/\\\/www.huanyumotor.com\\\/product\\\/dual-drive-rear-axle\\\/#primaryimage\"},\"thumbnailUrl\":\"https:\\\/\\\/www.huanyumotor.com\\\/wp-content\\\/uploads\\\/2025\\\/11\\\/25_1.jpg\",\"datePublished\":\"2025-11-12T02:12:24+00:00\",\"dateModified\":\"2025-11-12T02:13:15+00:00\",\"breadcrumb\":{\"@id\":\"https:\\\/\\\/www.huanyumotor.com\\\/product\\\/dual-drive-rear-axle\\\/#breadcrumb\"},\"inLanguage\":\"es-UY\",\"potentialAction\":[{\"@type\":\"ReadAction\",\"target\":[\"https:\\\/\\\/www.huanyumotor.com\\\/product\\\/dual-drive-rear-axle\\\/\"]}]},{\"@type\":\"ImageObject\",\"inLanguage\":\"es-UY\",\"@id\":\"https:\\\/\\\/www.huanyumotor.com\\\/product\\\/dual-drive-rear-axle\\\/#primaryimage\",\"url\":\"https:\\\/\\\/www.huanyumotor.com\\\/wp-content\\\/uploads\\\/2025\\\/11\\\/25_1.jpg\",\"contentUrl\":\"https:\\\/\\\/www.huanyumotor.com\\\/wp-content\\\/uploads\\\/2025\\\/11\\\/25_1.jpg\",\"width\":800,\"height\":800},{\"@type\":\"BreadcrumbList\",\"@id\":\"https:\\\/\\\/www.huanyumotor.com\\\/product\\\/dual-drive-rear-axle\\\/#breadcrumb\",\"itemListElement\":[{\"@type\":\"ListItem\",\"position\":1,\"name\":\"\u9996\u9875\",\"item\":\"https:\\\/\\\/www.huanyumotor.com\\\/\"},{\"@type\":\"ListItem\",\"position\":2,\"name\":\"Products\",\"item\":\"https:\\\/\\\/www.huanyumotor.com\\\/products\\\/\"},{\"@type\":\"ListItem\",\"position\":3,\"name\":\"Dual drive rear axle\"}]},{\"@type\":\"WebSite\",\"@id\":\"https:\\\/\\\/www.huanyumotor.com\\\/#website\",\"url\":\"https:\\\/\\\/www.huanyumotor.com\\\/\",\"name\":\"Jining Huanzhongyu Electromechanical Co., Ltd.\",\"description\":\"\",\"publisher\":{\"@id\":\"https:\\\/\\\/www.huanyumotor.com\\\/#organization\"},\"potentialAction\":[{\"@type\":\"SearchAction\",\"target\":{\"@type\":\"EntryPoint\",\"urlTemplate\":\"https:\\\/\\\/www.huanyumotor.com\\\/?s={search_term_string}\"},\"query-input\":{\"@type\":\"PropertyValueSpecification\",\"valueRequired\":true,\"valueName\":\"search_term_string\"}}],\"inLanguage\":\"es-UY\"},{\"@type\":\"Organization\",\"@id\":\"https:\\\/\\\/www.huanyumotor.com\\\/#organization\",\"name\":\"Jining Huanzhongyu Electromechanical Co., Ltd.\",\"url\":\"https:\\\/\\\/www.huanyumotor.com\\\/\",\"logo\":{\"@type\":\"ImageObject\",\"inLanguage\":\"es-UY\",\"@id\":\"https:\\\/\\\/www.huanyumotor.com\\\/#\\\/schema\\\/logo\\\/image\\\/\",\"url\":\"https:\\\/\\\/www.huanyumotor.com\\\/wp-content\\\/uploads\\\/2025\\\/11\\\/logo.webp\",\"contentUrl\":\"https:\\\/\\\/www.huanyumotor.com\\\/wp-content\\\/uploads\\\/2025\\\/11\\\/logo.webp\",\"width\":468,\"height\":242,\"caption\":\"Jining Huanzhongyu Electromechanical Co., Ltd.\"},\"image\":{\"@id\":\"https:\\\/\\\/www.huanyumotor.com\\\/#\\\/schema\\\/logo\\\/image\\\/\"},\"sameAs\":[\"https:\\\/\\\/www.facebook.com\\\/profile.php?id=61579475484242&sk=grid\"]}]}<\/script>\n<!-- \/ Yoast SEO plugin. -->","yoast_head_json":{"title":"Dual drive rear axle - Jining Huanzhongyu Electromechanical Co., Ltd.","robots":{"index":"index","follow":"follow","max-snippet":"max-snippet:-1","max-image-preview":"max-image-preview:large","max-video-preview":"max-video-preview:-1"},"canonical":"https:\/\/www.huanyumotor.com\/es\/product\/dual-drive-rear-axle\/","og_locale":"es_ES","og_type":"article","og_title":"Dual drive rear axle - Jining Huanzhongyu Electromechanical Co., Ltd.","og_description":"Dual drive rear axle is a type of drive axle product that adopts a dual motor structure. It is mainly used in vehicles that require high torque output and high reliability, such as tracked vehicles, and has the characteristics of compact structure and superior performance.","og_url":"https:\/\/www.huanyumotor.com\/es\/product\/dual-drive-rear-axle\/","og_site_name":"Jining Huanzhongyu Electromechanical Co., Ltd.","article_publisher":"https:\/\/www.facebook.com\/profile.php?id=61579475484242&sk=grid","article_modified_time":"2025-11-12T02:13:15+00:00","og_image":[{"width":800,"height":800,"url":"https:\/\/www.huanyumotor.com\/wp-content\/uploads\/2025\/11\/25_1.jpg","type":"image\/jpeg"}],"twitter_card":"summary_large_image","twitter_misc":{"Est. reading time":"2 minutos"},"schema":{"@context":"https:\/\/schema.org","@graph":[{"@type":"WebPage","@id":"https:\/\/www.huanyumotor.com\/product\/dual-drive-rear-axle\/","url":"https:\/\/www.huanyumotor.com\/product\/dual-drive-rear-axle\/","name":"Dual drive rear axle - Jining Huanzhongyu Electromechanical Co., Ltd.","isPartOf":{"@id":"https:\/\/www.huanyumotor.com\/#website"},"primaryImageOfPage":{"@id":"https:\/\/www.huanyumotor.com\/product\/dual-drive-rear-axle\/#primaryimage"},"image":{"@id":"https:\/\/www.huanyumotor.com\/product\/dual-drive-rear-axle\/#primaryimage"},"thumbnailUrl":"https:\/\/www.huanyumotor.com\/wp-content\/uploads\/2025\/11\/25_1.jpg","datePublished":"2025-11-12T02:12:24+00:00","dateModified":"2025-11-12T02:13:15+00:00","breadcrumb":{"@id":"https:\/\/www.huanyumotor.com\/product\/dual-drive-rear-axle\/#breadcrumb"},"inLanguage":"es-UY","potentialAction":[{"@type":"ReadAction","target":["https:\/\/www.huanyumotor.com\/product\/dual-drive-rear-axle\/"]}]},{"@type":"ImageObject","inLanguage":"es-UY","@id":"https:\/\/www.huanyumotor.com\/product\/dual-drive-rear-axle\/#primaryimage","url":"https:\/\/www.huanyumotor.com\/wp-content\/uploads\/2025\/11\/25_1.jpg","contentUrl":"https:\/\/www.huanyumotor.com\/wp-content\/uploads\/2025\/11\/25_1.jpg","width":800,"height":800},{"@type":"BreadcrumbList","@id":"https:\/\/www.huanyumotor.com\/product\/dual-drive-rear-axle\/#breadcrumb","itemListElement":[{"@type":"ListItem","position":1,"name":"\u9996\u9875","item":"https:\/\/www.huanyumotor.com\/"},{"@type":"ListItem","position":2,"name":"Products","item":"https:\/\/www.huanyumotor.com\/products\/"},{"@type":"ListItem","position":3,"name":"Dual drive rear axle"}]},{"@type":"WebSite","@id":"https:\/\/www.huanyumotor.com\/#website","url":"https:\/\/www.huanyumotor.com\/","name":"Jining Huanzhongyu Electromechanical Co., Ltd.","description":"","publisher":{"@id":"https:\/\/www.huanyumotor.com\/#organization"},"potentialAction":[{"@type":"SearchAction","target":{"@type":"EntryPoint","urlTemplate":"https:\/\/www.huanyumotor.com\/?s={search_term_string}"},"query-input":{"@type":"PropertyValueSpecification","valueRequired":true,"valueName":"search_term_string"}}],"inLanguage":"es-UY"},{"@type":"Organization","@id":"https:\/\/www.huanyumotor.com\/#organization","name":"Jining Huanzhongyu Electromechanical Co., Ltd.","url":"https:\/\/www.huanyumotor.com\/","logo":{"@type":"ImageObject","inLanguage":"es-UY","@id":"https:\/\/www.huanyumotor.com\/#\/schema\/logo\/image\/","url":"https:\/\/www.huanyumotor.com\/wp-content\/uploads\/2025\/11\/logo.webp","contentUrl":"https:\/\/www.huanyumotor.com\/wp-content\/uploads\/2025\/11\/logo.webp","width":468,"height":242,"caption":"Jining Huanzhongyu Electromechanical Co., Ltd."},"image":{"@id":"https:\/\/www.huanyumotor.com\/#\/schema\/logo\/image\/"},"sameAs":["https:\/\/www.facebook.com\/profile.php?id=61579475484242&sk=grid"]}]}},"_links":{"self":[{"href":"https:\/\/www.huanyumotor.com\/es\/wp-json\/wp\/v2\/product\/588","targetHints":{"allow":["GET"]}}],"collection":[{"href":"https:\/\/www.huanyumotor.com\/es\/wp-json\/wp\/v2\/product"}],"about":[{"href":"https:\/\/www.huanyumotor.com\/es\/wp-json\/wp\/v2\/types\/product"}],"wp:featuredmedia":[{"embeddable":true,"href":"https:\/\/www.huanyumotor.com\/es\/wp-json\/wp\/v2\/media\/590"}],"wp:attachment":[{"href":"https:\/\/www.huanyumotor.com\/es\/wp-json\/wp\/v2\/media?parent=588"}],"wp:term":[{"taxonomy":"product_brand","embeddable":true,"href":"https:\/\/www.huanyumotor.com\/es\/wp-json\/wp\/v2\/product_brand?post=588"},{"taxonomy":"product_cat","embeddable":true,"href":"https:\/\/www.huanyumotor.com\/es\/wp-json\/wp\/v2\/product_cat?post=588"},{"taxonomy":"product_tag","embeddable":true,"href":"https:\/\/www.huanyumotor.com\/es\/wp-json\/wp\/v2\/product_tag?post=588"}],"curies":[{"name":"wp","href":"https:\/\/api.w.org\/{rel}","templated":true}]}}