{"id":591,"date":"2025-11-12T10:14:01","date_gmt":"2025-11-12T02:14:01","guid":{"rendered":"http:\/\/www.huanyumotor.com\/?post_type=product&#038;p=591"},"modified":"2025-11-12T10:14:01","modified_gmt":"2025-11-12T02:14:01","slug":"split-drum-brake-rear-axle-assembly","status":"publish","type":"product","link":"https:\/\/www.huanyumotor.com\/es\/product\/split-drum-brake-rear-axle-assembly\/","title":{"rendered":"Conjunto de eje trasero con freno de tambor partido"},"content":{"rendered":"<p>El conjunto del eje trasero de un triciclo el\u00e9ctrico es el componente principal de conducci\u00f3n y soporte de carga del veh\u00edculo, e integra componentes clave como el diferencial, el semieje y el sistema de frenado. Se utiliza principalmente para apoyar las ruedas, transmitir potencia y lograr funciones de conducci\u00f3n, desaceleraci\u00f3n y diferencial. Su dise\u00f1o de producto se centra en la capacidad de carga, la durabilidad y la adaptabilidad, y es ampliamente aplicable a los sistemas de chasis de triciclos el\u00e9ctricos y veh\u00edculos de cuatro ruedas.<br \/>\nCaracter\u00edsticas principales del producto<br \/>\nEstructura y rendimiento:<br \/>\nAdoptando tubos de acero sin costura o materiales de acero, con paquete de puente integrado o estructura dividida, tiene alta capacidad de carga (la carga puede alcanzar 800-1000KG) y distancia entre ejes personalizable, adecuado para diversas necesidades de veh\u00edculos.<br \/>\nAdaptabilidad y personalizaci\u00f3n:<br \/>\nAdmite procesamiento personalizado, incluida la distancia entre ejes, el tipo de freno (freno de tambor o freno de disco), el voltaje (48V\/60V\/72V) y la potencia (500W-3000W), adecuado para triciclos el\u00e9ctricos, veh\u00edculos de cuatro ruedas y maquinaria agr\u00edcola.<br \/>\nEjemplo de par\u00e1metros t\u00e9cnicos:<br \/>\nPar: 8,2-20,1 N - m (motor sin escobillas);<br \/>\nVelocidad: 2700-4000 RPM;<br \/>\nNivel de protecci\u00f3n: IP54 (resistente al agua y al polvo).<br \/>\nAplicaci\u00f3n y ventajas de mercado<br \/>\nValor funcional: Mejorar la capacidad de ascenso del veh\u00edculo (capaz de transportar cargas de m\u00e1s de 1 tonelada), la estabilidad de conducci\u00f3n y la seguridad de frenado, garantizando un funcionamiento suave y sin esfuerzo.<br \/>\nCapacidad de oferta del comercio exterior:<br \/>\nProporcionamos servicios de producci\u00f3n a granel y exportaci\u00f3n, apoyamos OEM\/ODM, con una cantidad m\u00ednima de pedido de 1-10 piezas y un ciclo de entrega corto. \u201d<\/p>\n<table width=\"701\">\n<tbody>\n<tr>\n<td colspan=\"4\" width=\"701\">Par\u00e1metros de especificaci\u00f3n del producto<\/td>\n<\/tr>\n<tr>\n<td width=\"129\">Tipo de freno<\/td>\n<td colspan=\"3\" width=\"572\">Disco hidr\u00e1ulico<\/td>\n<\/tr>\n<tr>\n<td width=\"129\">Material del semieje<\/td>\n<td colspan=\"3\" width=\"572\">45 Acero # o 40Cr<\/td>\n<\/tr>\n<tr>\n<td width=\"129\">Modelo de cojinete de semieje<\/td>\n<td colspan=\"3\" width=\"572\">6205 \u00f3 6206<\/td>\n<\/tr>\n<tr>\n<td width=\"129\">N\u00famero de dientes del semieje<\/td>\n<td colspan=\"3\" width=\"572\">18 o 22 o 6<\/td>\n<\/tr>\n<tr>\n<td width=\"129\">Adecuado para cajas de cambios<\/td>\n<td colspan=\"3\" width=\"572\">Relaci\u00f3n simple o doble<\/td>\n<\/tr>\n<tr>\n<td width=\"129\">Modelos de veh\u00edculos coincidentes<\/td>\n<td colspan=\"3\" width=\"572\">Veh\u00edculos todo terreno, carritos de golf, triciclos motorizados, triciclos el\u00e9ctricos<\/td>\n<\/tr>\n<tr>\n<td rowspan=\"4\" width=\"129\">ventaja<\/td>\n<td colspan=\"3\" rowspan=\"4\" width=\"572\">1. Estructura integrada, alta coaxialidad, rendimiento estable y mayor capacidad de carga. 2. Adopci\u00f3n de frenos de disco hidr\u00e1ulicos con alto par de frenado, frenado sensible, buen efecto de disipaci\u00f3n de calor y eficiencia de frenado estable.                                                                    3. 3. Equipado con configuraciones alta, media y baja, los clientes pueden elegir la configuraci\u00f3n correspondiente seg\u00fan sus requisitos de uso y coste.<\/td>\n<\/tr>\n<\/tbody>\n<\/table>","protected":false},"excerpt":{"rendered":"<p>El conjunto del eje trasero de un triciclo el\u00e9ctrico es el componente principal de conducci\u00f3n y soporte de carga del veh\u00edculo, e integra componentes clave como el diferencial, el semieje y el sistema de frenado. Se utiliza principalmente para apoyar las ruedas, transmitir potencia y lograr funciones de conducci\u00f3n, desaceleraci\u00f3n y diferencial. Su dise\u00f1o de producto se centra en la capacidad de carga, la durabilidad y la adaptabilidad, y es ampliamente aplicable a los sistemas de chasis de triciclos el\u00e9ctricos y veh\u00edculos de cuatro ruedas.<\/p>","protected":false},"featured_media":592,"template":"","meta":{"site-sidebar-layout":"default","site-content-layout":"default","ast-site-content-layout":"default","site-content-style":"default","site-sidebar-style":"default","ast-global-header-display":"","ast-banner-title-visibility":"","ast-main-header-display":"","ast-hfb-above-header-display":"","ast-hfb-below-header-display":"","ast-hfb-mobile-header-display":"","site-post-title":"","ast-breadcrumbs-content":"","ast-featured-img":"","footer-sml-layout":"","ast-disable-related-posts":"","theme-transparent-header-meta":"default","adv-header-id-meta":"","stick-header-meta":"","header-above-stick-meta":"","header-main-stick-meta":"","header-below-stick-meta":"","astra-migrate-meta-layouts":"default","ast-page-background-enabled":"default","ast-page-background-meta":{"desktop":{"background-color":"","background-image":"","background-repeat":"repeat","background-position":"center center","background-size":"auto","background-attachment":"scroll","background-type":"","background-media":"","overlay-type":"","overlay-color":"","overlay-opacity":"","overlay-gradient":""},"tablet":{"background-color":"","background-image":"","background-repeat":"repeat","background-position":"center center","background-size":"auto","background-attachment":"scroll","background-type":"","background-media":"","overlay-type":"","overlay-color":"","overlay-opacity":"","overlay-gradient":""},"mobile":{"background-color":"","background-image":"","background-repeat":"repeat","background-position":"center center","background-size":"auto","background-attachment":"scroll","background-type":"","background-media":"","overlay-type":"","overlay-color":"","overlay-opacity":"","overlay-gradient":""}},"ast-content-background-meta":{"desktop":{"background-color":"var(--ast-global-color-5)","background-image":"","background-repeat":"repeat","background-position":"center center","background-size":"auto","background-attachment":"scroll","background-type":"","background-media":"","overlay-type":"","overlay-color":"","overlay-opacity":"","overlay-gradient":""},"tablet":{"background-color":"var(--ast-global-color-5)","background-image":"","background-repeat":"repeat","background-position":"center center","background-size":"auto","background-attachment":"scroll","background-type":"","background-media":"","overlay-type":"","overlay-color":"","overlay-opacity":"","overlay-gradient":""},"mobile":{"background-color":"var(--ast-global-color-5)","background-image":"","background-repeat":"repeat","background-position":"center center","background-size":"auto","background-attachment":"scroll","background-type":"","background-media":"","overlay-type":"","overlay-color":"","overlay-opacity":"","overlay-gradient":""}}},"product_brand":[],"product_cat":[21],"product_tag":[],"class_list":{"0":"post-591","1":"product","2":"type-product","3":"status-publish","4":"has-post-thumbnail","6":"product_cat-three-phase-asynchronous-ac-motor","7":"desktop-align-left","8":"tablet-align-left","9":"mobile-align-left","10":"ast-product-gallery-layout-vertical-slider","11":"ast-product-gallery-with-no-image","12":"ast-product-tabs-layout-horizontal","14":"first","15":"instock","16":"shipping-taxable","17":"product-type-simple"},"yoast_head":"<!-- This site is optimized with the Yoast SEO plugin v27.4 - https:\/\/yoast.com\/product\/yoast-seo-wordpress\/ -->\n<title>Split drum brake rear axle assembly - Jining Huanzhongyu Electromechanical Co., Ltd.<\/title>\n<meta name=\"robots\" content=\"index, follow, max-snippet:-1, max-image-preview:large, max-video-preview:-1\" \/>\n<link rel=\"canonical\" href=\"https:\/\/www.huanyumotor.com\/es\/product\/split-drum-brake-rear-axle-assembly\/\" \/>\n<meta property=\"og:locale\" content=\"es_ES\" \/>\n<meta property=\"og:type\" content=\"article\" \/>\n<meta property=\"og:title\" content=\"Split drum brake rear axle assembly - Jining Huanzhongyu Electromechanical Co., Ltd.\" \/>\n<meta property=\"og:description\" content=\"The rear axle assembly of an electric tricycle is the core driving and load-bearing component of the vehicle, integrating key components such as differential, half axle, and braking system. It is mainly used to support the wheels, transmit power, and achieve driving, deceleration, and differential functions. Its product design focuses on load-bearing capacity, durability, and adaptability, and is widely applicable to the chassis systems of electric tricycles and four-wheel vehicles.\" \/>\n<meta property=\"og:url\" content=\"https:\/\/www.huanyumotor.com\/es\/product\/split-drum-brake-rear-axle-assembly\/\" \/>\n<meta property=\"og:site_name\" content=\"Jining Huanzhongyu Electromechanical Co., Ltd.\" \/>\n<meta property=\"article:publisher\" content=\"https:\/\/www.facebook.com\/profile.php?id=61579475484242&amp;sk=grid\" \/>\n<meta property=\"og:image\" content=\"https:\/\/www.huanyumotor.com\/wp-content\/uploads\/2025\/11\/24_1.jpg\" \/>\n\t<meta property=\"og:image:width\" content=\"800\" \/>\n\t<meta property=\"og:image:height\" content=\"800\" \/>\n\t<meta property=\"og:image:type\" content=\"image\/jpeg\" \/>\n<meta name=\"twitter:card\" content=\"summary_large_image\" \/>\n<meta name=\"twitter:label1\" content=\"Est. reading time\" \/>\n\t<meta name=\"twitter:data1\" content=\"2 minutos\" \/>\n<script type=\"application\/ld+json\" class=\"yoast-schema-graph\">{\"@context\":\"https:\\\/\\\/schema.org\",\"@graph\":[{\"@type\":\"WebPage\",\"@id\":\"https:\\\/\\\/www.huanyumotor.com\\\/product\\\/split-drum-brake-rear-axle-assembly\\\/\",\"url\":\"https:\\\/\\\/www.huanyumotor.com\\\/product\\\/split-drum-brake-rear-axle-assembly\\\/\",\"name\":\"Split drum brake rear axle assembly - Jining Huanzhongyu Electromechanical Co., Ltd.\",\"isPartOf\":{\"@id\":\"https:\\\/\\\/www.huanyumotor.com\\\/#website\"},\"primaryImageOfPage\":{\"@id\":\"https:\\\/\\\/www.huanyumotor.com\\\/product\\\/split-drum-brake-rear-axle-assembly\\\/#primaryimage\"},\"image\":{\"@id\":\"https:\\\/\\\/www.huanyumotor.com\\\/product\\\/split-drum-brake-rear-axle-assembly\\\/#primaryimage\"},\"thumbnailUrl\":\"https:\\\/\\\/www.huanyumotor.com\\\/wp-content\\\/uploads\\\/2025\\\/11\\\/24_1.jpg\",\"datePublished\":\"2025-11-12T02:14:01+00:00\",\"breadcrumb\":{\"@id\":\"https:\\\/\\\/www.huanyumotor.com\\\/product\\\/split-drum-brake-rear-axle-assembly\\\/#breadcrumb\"},\"inLanguage\":\"es-UY\",\"potentialAction\":[{\"@type\":\"ReadAction\",\"target\":[\"https:\\\/\\\/www.huanyumotor.com\\\/product\\\/split-drum-brake-rear-axle-assembly\\\/\"]}]},{\"@type\":\"ImageObject\",\"inLanguage\":\"es-UY\",\"@id\":\"https:\\\/\\\/www.huanyumotor.com\\\/product\\\/split-drum-brake-rear-axle-assembly\\\/#primaryimage\",\"url\":\"https:\\\/\\\/www.huanyumotor.com\\\/wp-content\\\/uploads\\\/2025\\\/11\\\/24_1.jpg\",\"contentUrl\":\"https:\\\/\\\/www.huanyumotor.com\\\/wp-content\\\/uploads\\\/2025\\\/11\\\/24_1.jpg\",\"width\":800,\"height\":800},{\"@type\":\"BreadcrumbList\",\"@id\":\"https:\\\/\\\/www.huanyumotor.com\\\/product\\\/split-drum-brake-rear-axle-assembly\\\/#breadcrumb\",\"itemListElement\":[{\"@type\":\"ListItem\",\"position\":1,\"name\":\"\u9996\u9875\",\"item\":\"https:\\\/\\\/www.huanyumotor.com\\\/\"},{\"@type\":\"ListItem\",\"position\":2,\"name\":\"Products\",\"item\":\"https:\\\/\\\/www.huanyumotor.com\\\/products\\\/\"},{\"@type\":\"ListItem\",\"position\":3,\"name\":\"Split drum brake rear axle assembly\"}]},{\"@type\":\"WebSite\",\"@id\":\"https:\\\/\\\/www.huanyumotor.com\\\/#website\",\"url\":\"https:\\\/\\\/www.huanyumotor.com\\\/\",\"name\":\"Jining Huanzhongyu Electromechanical Co., Ltd.\",\"description\":\"\",\"publisher\":{\"@id\":\"https:\\\/\\\/www.huanyumotor.com\\\/#organization\"},\"potentialAction\":[{\"@type\":\"SearchAction\",\"target\":{\"@type\":\"EntryPoint\",\"urlTemplate\":\"https:\\\/\\\/www.huanyumotor.com\\\/?s={search_term_string}\"},\"query-input\":{\"@type\":\"PropertyValueSpecification\",\"valueRequired\":true,\"valueName\":\"search_term_string\"}}],\"inLanguage\":\"es-UY\"},{\"@type\":\"Organization\",\"@id\":\"https:\\\/\\\/www.huanyumotor.com\\\/#organization\",\"name\":\"Jining Huanzhongyu Electromechanical Co., Ltd.\",\"url\":\"https:\\\/\\\/www.huanyumotor.com\\\/\",\"logo\":{\"@type\":\"ImageObject\",\"inLanguage\":\"es-UY\",\"@id\":\"https:\\\/\\\/www.huanyumotor.com\\\/#\\\/schema\\\/logo\\\/image\\\/\",\"url\":\"https:\\\/\\\/www.huanyumotor.com\\\/wp-content\\\/uploads\\\/2025\\\/11\\\/logo.webp\",\"contentUrl\":\"https:\\\/\\\/www.huanyumotor.com\\\/wp-content\\\/uploads\\\/2025\\\/11\\\/logo.webp\",\"width\":468,\"height\":242,\"caption\":\"Jining Huanzhongyu Electromechanical Co., Ltd.\"},\"image\":{\"@id\":\"https:\\\/\\\/www.huanyumotor.com\\\/#\\\/schema\\\/logo\\\/image\\\/\"},\"sameAs\":[\"https:\\\/\\\/www.facebook.com\\\/profile.php?id=61579475484242&sk=grid\"]}]}<\/script>\n<!-- \/ Yoast SEO plugin. -->","yoast_head_json":{"title":"Split drum brake rear axle assembly - Jining Huanzhongyu Electromechanical Co., Ltd.","robots":{"index":"index","follow":"follow","max-snippet":"max-snippet:-1","max-image-preview":"max-image-preview:large","max-video-preview":"max-video-preview:-1"},"canonical":"https:\/\/www.huanyumotor.com\/es\/product\/split-drum-brake-rear-axle-assembly\/","og_locale":"es_ES","og_type":"article","og_title":"Split drum brake rear axle assembly - Jining Huanzhongyu Electromechanical Co., Ltd.","og_description":"The rear axle assembly of an electric tricycle is the core driving and load-bearing component of the vehicle, integrating key components such as differential, half axle, and braking system. It is mainly used to support the wheels, transmit power, and achieve driving, deceleration, and differential functions. Its product design focuses on load-bearing capacity, durability, and adaptability, and is widely applicable to the chassis systems of electric tricycles and four-wheel vehicles.","og_url":"https:\/\/www.huanyumotor.com\/es\/product\/split-drum-brake-rear-axle-assembly\/","og_site_name":"Jining Huanzhongyu Electromechanical Co., Ltd.","article_publisher":"https:\/\/www.facebook.com\/profile.php?id=61579475484242&sk=grid","og_image":[{"width":800,"height":800,"url":"https:\/\/www.huanyumotor.com\/wp-content\/uploads\/2025\/11\/24_1.jpg","type":"image\/jpeg"}],"twitter_card":"summary_large_image","twitter_misc":{"Est. reading time":"2 minutos"},"schema":{"@context":"https:\/\/schema.org","@graph":[{"@type":"WebPage","@id":"https:\/\/www.huanyumotor.com\/product\/split-drum-brake-rear-axle-assembly\/","url":"https:\/\/www.huanyumotor.com\/product\/split-drum-brake-rear-axle-assembly\/","name":"Split drum brake rear axle assembly - Jining Huanzhongyu Electromechanical Co., Ltd.","isPartOf":{"@id":"https:\/\/www.huanyumotor.com\/#website"},"primaryImageOfPage":{"@id":"https:\/\/www.huanyumotor.com\/product\/split-drum-brake-rear-axle-assembly\/#primaryimage"},"image":{"@id":"https:\/\/www.huanyumotor.com\/product\/split-drum-brake-rear-axle-assembly\/#primaryimage"},"thumbnailUrl":"https:\/\/www.huanyumotor.com\/wp-content\/uploads\/2025\/11\/24_1.jpg","datePublished":"2025-11-12T02:14:01+00:00","breadcrumb":{"@id":"https:\/\/www.huanyumotor.com\/product\/split-drum-brake-rear-axle-assembly\/#breadcrumb"},"inLanguage":"es-UY","potentialAction":[{"@type":"ReadAction","target":["https:\/\/www.huanyumotor.com\/product\/split-drum-brake-rear-axle-assembly\/"]}]},{"@type":"ImageObject","inLanguage":"es-UY","@id":"https:\/\/www.huanyumotor.com\/product\/split-drum-brake-rear-axle-assembly\/#primaryimage","url":"https:\/\/www.huanyumotor.com\/wp-content\/uploads\/2025\/11\/24_1.jpg","contentUrl":"https:\/\/www.huanyumotor.com\/wp-content\/uploads\/2025\/11\/24_1.jpg","width":800,"height":800},{"@type":"BreadcrumbList","@id":"https:\/\/www.huanyumotor.com\/product\/split-drum-brake-rear-axle-assembly\/#breadcrumb","itemListElement":[{"@type":"ListItem","position":1,"name":"\u9996\u9875","item":"https:\/\/www.huanyumotor.com\/"},{"@type":"ListItem","position":2,"name":"Products","item":"https:\/\/www.huanyumotor.com\/products\/"},{"@type":"ListItem","position":3,"name":"Split drum brake rear axle assembly"}]},{"@type":"WebSite","@id":"https:\/\/www.huanyumotor.com\/#website","url":"https:\/\/www.huanyumotor.com\/","name":"Jining Huanzhongyu Electromechanical Co., Ltd.","description":"","publisher":{"@id":"https:\/\/www.huanyumotor.com\/#organization"},"potentialAction":[{"@type":"SearchAction","target":{"@type":"EntryPoint","urlTemplate":"https:\/\/www.huanyumotor.com\/?s={search_term_string}"},"query-input":{"@type":"PropertyValueSpecification","valueRequired":true,"valueName":"search_term_string"}}],"inLanguage":"es-UY"},{"@type":"Organization","@id":"https:\/\/www.huanyumotor.com\/#organization","name":"Jining Huanzhongyu Electromechanical Co., Ltd.","url":"https:\/\/www.huanyumotor.com\/","logo":{"@type":"ImageObject","inLanguage":"es-UY","@id":"https:\/\/www.huanyumotor.com\/#\/schema\/logo\/image\/","url":"https:\/\/www.huanyumotor.com\/wp-content\/uploads\/2025\/11\/logo.webp","contentUrl":"https:\/\/www.huanyumotor.com\/wp-content\/uploads\/2025\/11\/logo.webp","width":468,"height":242,"caption":"Jining Huanzhongyu Electromechanical Co., Ltd."},"image":{"@id":"https:\/\/www.huanyumotor.com\/#\/schema\/logo\/image\/"},"sameAs":["https:\/\/www.facebook.com\/profile.php?id=61579475484242&sk=grid"]}]}},"_links":{"self":[{"href":"https:\/\/www.huanyumotor.com\/es\/wp-json\/wp\/v2\/product\/591","targetHints":{"allow":["GET"]}}],"collection":[{"href":"https:\/\/www.huanyumotor.com\/es\/wp-json\/wp\/v2\/product"}],"about":[{"href":"https:\/\/www.huanyumotor.com\/es\/wp-json\/wp\/v2\/types\/product"}],"wp:featuredmedia":[{"embeddable":true,"href":"https:\/\/www.huanyumotor.com\/es\/wp-json\/wp\/v2\/media\/592"}],"wp:attachment":[{"href":"https:\/\/www.huanyumotor.com\/es\/wp-json\/wp\/v2\/media?parent=591"}],"wp:term":[{"taxonomy":"product_brand","embeddable":true,"href":"https:\/\/www.huanyumotor.com\/es\/wp-json\/wp\/v2\/product_brand?post=591"},{"taxonomy":"product_cat","embeddable":true,"href":"https:\/\/www.huanyumotor.com\/es\/wp-json\/wp\/v2\/product_cat?post=591"},{"taxonomy":"product_tag","embeddable":true,"href":"https:\/\/www.huanyumotor.com\/es\/wp-json\/wp\/v2\/product_tag?post=591"}],"curies":[{"name":"wp","href":"https:\/\/api.w.org\/{rel}","templated":true}]}}