{"id":600,"date":"2025-11-12T10:18:35","date_gmt":"2025-11-12T02:18:35","guid":{"rendered":"http:\/\/www.huanyumotor.com\/?post_type=product&#038;p=600"},"modified":"2025-11-12T10:18:36","modified_gmt":"2025-11-12T02:18:36","slug":"unmanned-controller-system-for-tracked-vehicles","status":"publish","type":"product","link":"https:\/\/www.huanyumotor.com\/es\/product\/unmanned-controller-system-for-tracked-vehicles\/","title":{"rendered":"Sistema de control no tripulado para veh\u00edculos oruga"},"content":{"rendered":"<p>El sistema controlador de veh\u00edculos no tripulados sobre orugas es un componente de control b\u00e1sico dise\u00f1ado espec\u00edficamente para veh\u00edculos no tripulados sobre orugas. Puede lograr el control remoto, tiene gran estabilidad, gran adaptabilidad y capacidades de control inteligente, y es adecuado para terrenos complejos y diversos escenarios de aplicaci\u00f3n.<br \/>\nCaracter\u00edsticas t\u00e9cnicas<br \/>\nControl remoto: Admite la comunicaci\u00f3n inal\u00e1mbrica a larga distancia, y los operadores pueden controlar el veh\u00edculo no tripulado en tiempo real a trav\u00e9s de un mando a distancia o una estaci\u00f3n terrestre para lograr un funcionamiento preciso.<br \/>\nControl aut\u00f3nomo: Bas\u00e1ndose en tareas e instrucciones preestablecidas, los veh\u00edculos no tripulados pueden completar de forma aut\u00f3noma tareas como la conducci\u00f3n, la evitaci\u00f3n de obst\u00e1culos y las operaciones sin intervenci\u00f3n humana.<br \/>\nAlgoritmo inteligente: Adopta el algoritmo de control PID y el control difuso adaptativo, optimizando la planificaci\u00f3n de la trayectoria y la asignaci\u00f3n de velocidad, mejorando la estabilidad de conducci\u00f3n del veh\u00edculo y la velocidad de respuesta.<br \/>\nProcesamiento de se\u00f1ales: Equipado con un filtro Kalman integrado para eliminar el ruido de las se\u00f1ales de los sensores, lo que garantiza una recepci\u00f3n y una salida estables y mejora la experiencia de conducci\u00f3n.<br \/>\nProtecci\u00f3n de seguridad: equipada con frenado de emergencia, aviso de evitaci\u00f3n de obst\u00e1culos, protecci\u00f3n contra sobrecargas y otras funciones para garantizar un funcionamiento seguro.<br \/>\nCampo de aplicaci\u00f3n<br \/>\nCampo militar: tareas como el reconocimiento, el transporte y la retirada de minas para reducir el riesgo de bajas.<br \/>\nCampo de rescate: Llegar r\u00e1pidamente a la zona afectada por la cat\u00e1strofe, llevar a cabo operaciones como el transporte de material y la b\u00fasqueda y rescate de personal, y mejorar la eficacia del rescate.<br \/>\nEn el \u00e1mbito industrial, la automatizaci\u00f3n se consigue en escenarios como la miner\u00eda, la explotaci\u00f3n forestal y la exploraci\u00f3n geol\u00f3gica.<br \/>\nOtros: Adecuado para cualquier veh\u00edculo no tripulado sobre orugas que necesite operar en terrenos complejos y entornos dif\u00edciles.<br \/>\nVentajas del producto<br \/>\nGran adaptabilidad: El dise\u00f1o de las orugas reduce la presi\u00f3n sobre el suelo y permite una conducci\u00f3n suave en superficies blandas o resbaladizas como arena, nieve y barro.<br \/>\nGran tracci\u00f3n: Proporciona una gran tracci\u00f3n y estabilidad, garantizando un buen manejo en escenarios como pendientes y carreteras de monta\u00f1a escarpadas.<br \/>\nDise\u00f1o modular: Cada componente se desarrolla, produce y actualiza de forma independiente para mejorar la escalabilidad y la capacidad de mantenimiento, y reducir los costes de producci\u00f3n y mantenimiento.<br \/>\nCapacidad de carga: Con una fuerte capacidad de carga y transporte, puede transportar eficientemente varios equipos o materiales para su funcionamiento.<br \/>\nEspecificaciones t\u00e9cnicas<br \/>\nSistema de control: controlador de conducci\u00f3n aut\u00f3noma, m\u00f3dulo de filtrado, m\u00f3dulo de mapeo de se\u00f1ales, m\u00f3dulo PID basado en el modelo de movimiento del veh\u00edculo.<br \/>\nSensores: Lidar, c\u00e1maras, ultrasonidos, etc., utilizados para la percepci\u00f3n del entorno y el posicionamiento de la navegaci\u00f3n.<br \/>\nComunicaci\u00f3n: Admite m\u00faltiples protocolos de comunicaci\u00f3n inal\u00e1mbrica para garantizar la transmisi\u00f3n y recepci\u00f3n de instrucciones en tiempo real.<br \/>\nNivel de protecci\u00f3n: IP54\/IP55, adecuado para entornos dif\u00edciles. \u201d<\/p>\n<table style=\"border-collapse: collapse; width: 525.77pt;\" border=\"0\" width=\"701\" cellspacing=\"0\" cellpadding=\"0\">\n<tbody>\n<tr style=\"height: 63.00pt;\">\n<td class=\"et3\" style=\"height: 63.00pt; width: 525.75pt;\" colspan=\"4\" width=\"701\" height=\"84\">Par\u00e1metros de especificaci\u00f3n del producto<\/td>\n<\/tr>\n<tr style=\"height: 17.25pt;\">\n<td class=\"et4\" style=\"height: 17.25pt; width: 96.75pt;\" width=\"129\" height=\"23\">tensi\u00f3n nominal<\/td>\n<td class=\"et4\" style=\"width: 168.00pt;\" width=\"224\">24V\/36V\/48V\/60V\/72V<\/td>\n<td class=\"et4\" style=\"width: 113.25pt;\" width=\"151\">potencia nominal<\/td>\n<td class=\"et4\" style=\"width: 147.75pt;\" width=\"197\">350W~4000W<\/td>\n<\/tr>\n<tr style=\"height: 17.25pt;\">\n<td class=\"et5\" style=\"height: 17.25pt;\" height=\"23\">transistor de potencia<\/td>\n<td class=\"et5\">12G-36G<\/td>\n<td class=\"et4\" style=\"width: 113.25pt;\" width=\"151\">Tensi\u00f3n de conmutaci\u00f3n<\/td>\n<td class=\"et4\" style=\"width: 147.75pt;\" width=\"197\">1,1V\u00b14..2V<\/td>\n<\/tr>\n<tr style=\"height: 34.50pt;\">\n<td class=\"et4\" style=\"height: 34.50pt; width: 96.75pt;\" width=\"129\" height=\"46\">Nivel de frenos<\/td>\n<td class=\"et4\" style=\"width: 168.00pt;\" width=\"224\">niveles altos \/ bajos<\/td>\n<td class=\"et4\" style=\"width: 113.25pt;\" width=\"151\"><\/td>\n<td class=\"et4\" style=\"width: 147.75pt;\" width=\"197\"><\/td>\n<\/tr>\n<tr style=\"height: 34.50pt;\">\n<td class=\"et4\" style=\"height: 34.50pt; width: 96.75pt;\" width=\"129\" height=\"46\">Rendimiento del producto<\/td>\n<td class=\"et6\" style=\"width: 429.00pt;\" colspan=\"3\" width=\"572\">Alto par\/eficacia\/larga autonom\u00eda\/baja generaci\u00f3n de calor<\/td>\n<\/tr>\n<tr style=\"height: 34.50pt;\">\n<td class=\"et4\" style=\"height: 34.50pt; width: 96.75pt;\" width=\"129\" height=\"46\">Caracter\u00edsticas del producto<\/td>\n<td class=\"et7\" style=\"width: 429.00pt;\" colspan=\"3\" width=\"572\">Mando a distancia\/marcha atr\u00e1s\/giro en el sitio\/autonavegaci\u00f3n<\/td>\n<\/tr>\n<\/tbody>\n<\/table>\n<p>&nbsp;<\/p>\n<p>Entorno operativo del producto<\/p>\n<table style=\"border-collapse: collapse; width: 264.77pt;\" border=\"0\" width=\"353\" cellspacing=\"0\" cellpadding=\"0\">\n<tbody>\n<tr style=\"height: 51.75pt;\">\n<td class=\"et3\" style=\"height: 51.75pt; width: 96.75pt;\" width=\"129\" height=\"69\">Temperatura de almacenamiento<\/td>\n<td class=\"et3\" style=\"width: 168.00pt;\" width=\"224\">-40\u2103\uff5e85\u2103<\/td>\n<\/tr>\n<tr style=\"height: 51.75pt;\">\n<td class=\"et3\" style=\"height: 51.75pt; width: 96.75pt;\" width=\"129\" height=\"69\">Temperatura de trabajo<\/td>\n<td class=\"et3\" style=\"width: 168.00pt;\" width=\"224\">motor\uff1a-40\u2103\uff5e55\u2103<\/td>\n<\/tr>\n<tr style=\"height: 17.25pt;\">\n<td class=\"et3\" style=\"height: 17.25pt; width: 96.75pt;\" width=\"129\" height=\"23\">humedad<\/td>\n<td class=\"et3\" style=\"width: 168.00pt;\" width=\"224\">0\uff5e95%<\/td>\n<\/tr>\n<\/tbody>\n<\/table>\n<p>&nbsp;<\/p>","protected":false},"excerpt":{"rendered":"<p>El sistema controlador de veh\u00edculos no tripulados sobre orugas es un componente de control b\u00e1sico dise\u00f1ado espec\u00edficamente para veh\u00edculos no tripulados sobre orugas. Puede lograr el control remoto, tiene gran estabilidad, gran adaptabilidad y capacidades de control inteligente, y es adecuado para terrenos complejos y diversos escenarios de aplicaci\u00f3n.<br \/>\nCaracter\u00edsticas t\u00e9cnicas<\/p>","protected":false},"featured_media":601,"template":"","meta":{"site-sidebar-layout":"default","site-content-layout":"default","ast-site-content-layout":"default","site-content-style":"default","site-sidebar-style":"default","ast-global-header-display":"","ast-banner-title-visibility":"","ast-main-header-display":"","ast-hfb-above-header-display":"","ast-hfb-below-header-display":"","ast-hfb-mobile-header-display":"","site-post-title":"","ast-breadcrumbs-content":"","ast-featured-img":"","footer-sml-layout":"","ast-disable-related-posts":"","theme-transparent-header-meta":"default","adv-header-id-meta":"","stick-header-meta":"","header-above-stick-meta":"","header-main-stick-meta":"","header-below-stick-meta":"","astra-migrate-meta-layouts":"default","ast-page-background-enabled":"default","ast-page-background-meta":{"desktop":{"background-color":"","background-image":"","background-repeat":"repeat","background-position":"center center","background-size":"auto","background-attachment":"scroll","background-type":"","background-media":"","overlay-type":"","overlay-color":"","overlay-opacity":"","overlay-gradient":""},"tablet":{"background-color":"","background-image":"","background-repeat":"repeat","background-position":"center center","background-size":"auto","background-attachment":"scroll","background-type":"","background-media":"","overlay-type":"","overlay-color":"","overlay-opacity":"","overlay-gradient":""},"mobile":{"background-color":"","background-image":"","background-repeat":"repeat","background-position":"center center","background-size":"auto","background-attachment":"scroll","background-type":"","background-media":"","overlay-type":"","overlay-color":"","overlay-opacity":"","overlay-gradient":""}},"ast-content-background-meta":{"desktop":{"background-color":"var(--ast-global-color-5)","background-image":"","background-repeat":"repeat","background-position":"center center","background-size":"auto","background-attachment":"scroll","background-type":"","background-media":"","overlay-type":"","overlay-color":"","overlay-opacity":"","overlay-gradient":""},"tablet":{"background-color":"var(--ast-global-color-5)","background-image":"","background-repeat":"repeat","background-position":"center center","background-size":"auto","background-attachment":"scroll","background-type":"","background-media":"","overlay-type":"","overlay-color":"","overlay-opacity":"","overlay-gradient":""},"mobile":{"background-color":"var(--ast-global-color-5)","background-image":"","background-repeat":"repeat","background-position":"center center","background-size":"auto","background-attachment":"scroll","background-type":"","background-media":"","overlay-type":"","overlay-color":"","overlay-opacity":"","overlay-gradient":""}}},"product_brand":[],"product_cat":[23],"product_tag":[],"class_list":{"0":"post-600","1":"product","2":"type-product","3":"status-publish","4":"has-post-thumbnail","6":"product_cat-controller","7":"desktop-align-left","8":"tablet-align-left","9":"mobile-align-left","10":"ast-product-gallery-layout-vertical-slider","11":"ast-product-tabs-layout-horizontal","13":"first","14":"instock","15":"shipping-taxable","16":"product-type-simple"},"yoast_head":"<!-- This site is optimized with the Yoast SEO plugin v27.4 - https:\/\/yoast.com\/product\/yoast-seo-wordpress\/ -->\n<title>Unmanned controller system for tracked vehicles - Jining Huanzhongyu Electromechanical Co., Ltd.<\/title>\n<meta name=\"robots\" content=\"index, follow, max-snippet:-1, max-image-preview:large, max-video-preview:-1\" \/>\n<link rel=\"canonical\" href=\"https:\/\/www.huanyumotor.com\/es\/product\/unmanned-controller-system-for-tracked-vehicles\/\" \/>\n<meta property=\"og:locale\" content=\"es_ES\" \/>\n<meta property=\"og:type\" content=\"article\" \/>\n<meta property=\"og:title\" content=\"Unmanned controller system for tracked vehicles - Jining Huanzhongyu Electromechanical Co., Ltd.\" \/>\n<meta property=\"og:description\" content=\"The unmanned controller system for tracked vehicles is a core control component designed specifically for tracked unmanned vehicles. It can achieve remote control, has high stability, strong adaptability, and intelligent control capabilities, and is suitable for complex terrain and diverse application scenarios. Technical Features\" \/>\n<meta property=\"og:url\" content=\"https:\/\/www.huanyumotor.com\/es\/product\/unmanned-controller-system-for-tracked-vehicles\/\" \/>\n<meta property=\"og:site_name\" content=\"Jining Huanzhongyu Electromechanical Co., Ltd.\" \/>\n<meta property=\"article:publisher\" content=\"https:\/\/www.facebook.com\/profile.php?id=61579475484242&amp;sk=grid\" \/>\n<meta property=\"article:modified_time\" content=\"2025-11-12T02:18:36+00:00\" \/>\n<meta property=\"og:image\" content=\"https:\/\/www.huanyumotor.com\/wp-content\/uploads\/2025\/11\/20_1.jpg\" \/>\n\t<meta property=\"og:image:width\" content=\"800\" \/>\n\t<meta property=\"og:image:height\" content=\"800\" \/>\n\t<meta property=\"og:image:type\" content=\"image\/jpeg\" \/>\n<meta name=\"twitter:card\" content=\"summary_large_image\" \/>\n<meta name=\"twitter:label1\" content=\"Est. reading time\" \/>\n\t<meta name=\"twitter:data1\" content=\"2 minutos\" \/>\n<script type=\"application\/ld+json\" class=\"yoast-schema-graph\">{\"@context\":\"https:\\\/\\\/schema.org\",\"@graph\":[{\"@type\":\"WebPage\",\"@id\":\"https:\\\/\\\/www.huanyumotor.com\\\/product\\\/unmanned-controller-system-for-tracked-vehicles\\\/\",\"url\":\"https:\\\/\\\/www.huanyumotor.com\\\/product\\\/unmanned-controller-system-for-tracked-vehicles\\\/\",\"name\":\"Unmanned controller system for tracked vehicles - Jining Huanzhongyu Electromechanical Co., Ltd.\",\"isPartOf\":{\"@id\":\"https:\\\/\\\/www.huanyumotor.com\\\/#website\"},\"primaryImageOfPage\":{\"@id\":\"https:\\\/\\\/www.huanyumotor.com\\\/product\\\/unmanned-controller-system-for-tracked-vehicles\\\/#primaryimage\"},\"image\":{\"@id\":\"https:\\\/\\\/www.huanyumotor.com\\\/product\\\/unmanned-controller-system-for-tracked-vehicles\\\/#primaryimage\"},\"thumbnailUrl\":\"https:\\\/\\\/www.huanyumotor.com\\\/wp-content\\\/uploads\\\/2025\\\/11\\\/20_1.jpg\",\"datePublished\":\"2025-11-12T02:18:35+00:00\",\"dateModified\":\"2025-11-12T02:18:36+00:00\",\"breadcrumb\":{\"@id\":\"https:\\\/\\\/www.huanyumotor.com\\\/product\\\/unmanned-controller-system-for-tracked-vehicles\\\/#breadcrumb\"},\"inLanguage\":\"es-UY\",\"potentialAction\":[{\"@type\":\"ReadAction\",\"target\":[\"https:\\\/\\\/www.huanyumotor.com\\\/product\\\/unmanned-controller-system-for-tracked-vehicles\\\/\"]}]},{\"@type\":\"ImageObject\",\"inLanguage\":\"es-UY\",\"@id\":\"https:\\\/\\\/www.huanyumotor.com\\\/product\\\/unmanned-controller-system-for-tracked-vehicles\\\/#primaryimage\",\"url\":\"https:\\\/\\\/www.huanyumotor.com\\\/wp-content\\\/uploads\\\/2025\\\/11\\\/20_1.jpg\",\"contentUrl\":\"https:\\\/\\\/www.huanyumotor.com\\\/wp-content\\\/uploads\\\/2025\\\/11\\\/20_1.jpg\",\"width\":800,\"height\":800},{\"@type\":\"BreadcrumbList\",\"@id\":\"https:\\\/\\\/www.huanyumotor.com\\\/product\\\/unmanned-controller-system-for-tracked-vehicles\\\/#breadcrumb\",\"itemListElement\":[{\"@type\":\"ListItem\",\"position\":1,\"name\":\"\u9996\u9875\",\"item\":\"https:\\\/\\\/www.huanyumotor.com\\\/\"},{\"@type\":\"ListItem\",\"position\":2,\"name\":\"Products\",\"item\":\"https:\\\/\\\/www.huanyumotor.com\\\/products\\\/\"},{\"@type\":\"ListItem\",\"position\":3,\"name\":\"Unmanned controller system for tracked vehicles\"}]},{\"@type\":\"WebSite\",\"@id\":\"https:\\\/\\\/www.huanyumotor.com\\\/#website\",\"url\":\"https:\\\/\\\/www.huanyumotor.com\\\/\",\"name\":\"Jining Huanzhongyu Electromechanical Co., Ltd.\",\"description\":\"\",\"publisher\":{\"@id\":\"https:\\\/\\\/www.huanyumotor.com\\\/#organization\"},\"potentialAction\":[{\"@type\":\"SearchAction\",\"target\":{\"@type\":\"EntryPoint\",\"urlTemplate\":\"https:\\\/\\\/www.huanyumotor.com\\\/?s={search_term_string}\"},\"query-input\":{\"@type\":\"PropertyValueSpecification\",\"valueRequired\":true,\"valueName\":\"search_term_string\"}}],\"inLanguage\":\"es-UY\"},{\"@type\":\"Organization\",\"@id\":\"https:\\\/\\\/www.huanyumotor.com\\\/#organization\",\"name\":\"Jining Huanzhongyu Electromechanical Co., Ltd.\",\"url\":\"https:\\\/\\\/www.huanyumotor.com\\\/\",\"logo\":{\"@type\":\"ImageObject\",\"inLanguage\":\"es-UY\",\"@id\":\"https:\\\/\\\/www.huanyumotor.com\\\/#\\\/schema\\\/logo\\\/image\\\/\",\"url\":\"https:\\\/\\\/www.huanyumotor.com\\\/wp-content\\\/uploads\\\/2025\\\/11\\\/logo.webp\",\"contentUrl\":\"https:\\\/\\\/www.huanyumotor.com\\\/wp-content\\\/uploads\\\/2025\\\/11\\\/logo.webp\",\"width\":468,\"height\":242,\"caption\":\"Jining Huanzhongyu Electromechanical Co., Ltd.\"},\"image\":{\"@id\":\"https:\\\/\\\/www.huanyumotor.com\\\/#\\\/schema\\\/logo\\\/image\\\/\"},\"sameAs\":[\"https:\\\/\\\/www.facebook.com\\\/profile.php?id=61579475484242&sk=grid\"]}]}<\/script>\n<!-- \/ Yoast SEO plugin. -->","yoast_head_json":{"title":"Unmanned controller system for tracked vehicles - Jining Huanzhongyu Electromechanical Co., Ltd.","robots":{"index":"index","follow":"follow","max-snippet":"max-snippet:-1","max-image-preview":"max-image-preview:large","max-video-preview":"max-video-preview:-1"},"canonical":"https:\/\/www.huanyumotor.com\/es\/product\/unmanned-controller-system-for-tracked-vehicles\/","og_locale":"es_ES","og_type":"article","og_title":"Unmanned controller system for tracked vehicles - Jining Huanzhongyu Electromechanical Co., Ltd.","og_description":"The unmanned controller system for tracked vehicles is a core control component designed specifically for tracked unmanned vehicles. It can achieve remote control, has high stability, strong adaptability, and intelligent control capabilities, and is suitable for complex terrain and diverse application scenarios. Technical Features","og_url":"https:\/\/www.huanyumotor.com\/es\/product\/unmanned-controller-system-for-tracked-vehicles\/","og_site_name":"Jining Huanzhongyu Electromechanical Co., Ltd.","article_publisher":"https:\/\/www.facebook.com\/profile.php?id=61579475484242&sk=grid","article_modified_time":"2025-11-12T02:18:36+00:00","og_image":[{"width":800,"height":800,"url":"https:\/\/www.huanyumotor.com\/wp-content\/uploads\/2025\/11\/20_1.jpg","type":"image\/jpeg"}],"twitter_card":"summary_large_image","twitter_misc":{"Est. reading time":"2 minutos"},"schema":{"@context":"https:\/\/schema.org","@graph":[{"@type":"WebPage","@id":"https:\/\/www.huanyumotor.com\/product\/unmanned-controller-system-for-tracked-vehicles\/","url":"https:\/\/www.huanyumotor.com\/product\/unmanned-controller-system-for-tracked-vehicles\/","name":"Unmanned controller system for tracked vehicles - Jining Huanzhongyu Electromechanical Co., Ltd.","isPartOf":{"@id":"https:\/\/www.huanyumotor.com\/#website"},"primaryImageOfPage":{"@id":"https:\/\/www.huanyumotor.com\/product\/unmanned-controller-system-for-tracked-vehicles\/#primaryimage"},"image":{"@id":"https:\/\/www.huanyumotor.com\/product\/unmanned-controller-system-for-tracked-vehicles\/#primaryimage"},"thumbnailUrl":"https:\/\/www.huanyumotor.com\/wp-content\/uploads\/2025\/11\/20_1.jpg","datePublished":"2025-11-12T02:18:35+00:00","dateModified":"2025-11-12T02:18:36+00:00","breadcrumb":{"@id":"https:\/\/www.huanyumotor.com\/product\/unmanned-controller-system-for-tracked-vehicles\/#breadcrumb"},"inLanguage":"es-UY","potentialAction":[{"@type":"ReadAction","target":["https:\/\/www.huanyumotor.com\/product\/unmanned-controller-system-for-tracked-vehicles\/"]}]},{"@type":"ImageObject","inLanguage":"es-UY","@id":"https:\/\/www.huanyumotor.com\/product\/unmanned-controller-system-for-tracked-vehicles\/#primaryimage","url":"https:\/\/www.huanyumotor.com\/wp-content\/uploads\/2025\/11\/20_1.jpg","contentUrl":"https:\/\/www.huanyumotor.com\/wp-content\/uploads\/2025\/11\/20_1.jpg","width":800,"height":800},{"@type":"BreadcrumbList","@id":"https:\/\/www.huanyumotor.com\/product\/unmanned-controller-system-for-tracked-vehicles\/#breadcrumb","itemListElement":[{"@type":"ListItem","position":1,"name":"\u9996\u9875","item":"https:\/\/www.huanyumotor.com\/"},{"@type":"ListItem","position":2,"name":"Products","item":"https:\/\/www.huanyumotor.com\/products\/"},{"@type":"ListItem","position":3,"name":"Unmanned controller system for tracked vehicles"}]},{"@type":"WebSite","@id":"https:\/\/www.huanyumotor.com\/#website","url":"https:\/\/www.huanyumotor.com\/","name":"Jining Huanzhongyu Electromechanical Co., Ltd.","description":"","publisher":{"@id":"https:\/\/www.huanyumotor.com\/#organization"},"potentialAction":[{"@type":"SearchAction","target":{"@type":"EntryPoint","urlTemplate":"https:\/\/www.huanyumotor.com\/?s={search_term_string}"},"query-input":{"@type":"PropertyValueSpecification","valueRequired":true,"valueName":"search_term_string"}}],"inLanguage":"es-UY"},{"@type":"Organization","@id":"https:\/\/www.huanyumotor.com\/#organization","name":"Jining Huanzhongyu Electromechanical Co., Ltd.","url":"https:\/\/www.huanyumotor.com\/","logo":{"@type":"ImageObject","inLanguage":"es-UY","@id":"https:\/\/www.huanyumotor.com\/#\/schema\/logo\/image\/","url":"https:\/\/www.huanyumotor.com\/wp-content\/uploads\/2025\/11\/logo.webp","contentUrl":"https:\/\/www.huanyumotor.com\/wp-content\/uploads\/2025\/11\/logo.webp","width":468,"height":242,"caption":"Jining Huanzhongyu Electromechanical Co., Ltd."},"image":{"@id":"https:\/\/www.huanyumotor.com\/#\/schema\/logo\/image\/"},"sameAs":["https:\/\/www.facebook.com\/profile.php?id=61579475484242&sk=grid"]}]}},"_links":{"self":[{"href":"https:\/\/www.huanyumotor.com\/es\/wp-json\/wp\/v2\/product\/600","targetHints":{"allow":["GET"]}}],"collection":[{"href":"https:\/\/www.huanyumotor.com\/es\/wp-json\/wp\/v2\/product"}],"about":[{"href":"https:\/\/www.huanyumotor.com\/es\/wp-json\/wp\/v2\/types\/product"}],"wp:featuredmedia":[{"embeddable":true,"href":"https:\/\/www.huanyumotor.com\/es\/wp-json\/wp\/v2\/media\/601"}],"wp:attachment":[{"href":"https:\/\/www.huanyumotor.com\/es\/wp-json\/wp\/v2\/media?parent=600"}],"wp:term":[{"taxonomy":"product_brand","embeddable":true,"href":"https:\/\/www.huanyumotor.com\/es\/wp-json\/wp\/v2\/product_brand?post=600"},{"taxonomy":"product_cat","embeddable":true,"href":"https:\/\/www.huanyumotor.com\/es\/wp-json\/wp\/v2\/product_cat?post=600"},{"taxonomy":"product_tag","embeddable":true,"href":"https:\/\/www.huanyumotor.com\/es\/wp-json\/wp\/v2\/product_tag?post=600"}],"curies":[{"name":"wp","href":"https:\/\/api.w.org\/{rel}","templated":true}]}}