{"id":605,"date":"2025-11-12T10:20:27","date_gmt":"2025-11-12T02:20:27","guid":{"rendered":"http:\/\/www.huanyumotor.com\/?post_type=product&#038;p=605"},"modified":"2025-11-12T10:22:06","modified_gmt":"2025-11-12T02:22:06","slug":"remote-control-controller","status":"publish","type":"product","link":"https:\/\/www.huanyumotor.com\/es\/product\/remote-control-controller\/","title":{"rendered":"Mando a distancia"},"content":{"rendered":"<p>El controlador el\u00e9ctrico de la pulverizadora de pesticidas es una soluci\u00f3n de control inteligente dise\u00f1ada espec\u00edficamente para equipos de protecci\u00f3n de plantas agr\u00edcolas, con un dise\u00f1o de amplio voltaje (compatible con 48V\/60V\/72V), funci\u00f3n de control remoto (distancia efectiva de hasta 150 metros) y control inteligente de conversi\u00f3n de frecuencia.<br \/>\nCaracter\u00edsticas principales del producto<br \/>\nCompatibilidad de voltaje: El producto es compatible con 48V\/60V\/72V DC y 220V AC, adecuado para diferentes tipos de pulverizadores el\u00e9ctricos, asegurando un funcionamiento estable en varios entornos de energ\u00eda.<br \/>\nCapacidad de control remoto: Equipado con un eficiente sistema de control remoto, la distancia de funcionamiento puede alcanzar los 150 metros, soportando 360 \u00b0 sin \u00e1ngulo muerto de control. Incluso en entornos complejos, como la obstrucci\u00f3n de \u00e1rboles frutales, puede recibir se\u00f1ales con precisi\u00f3n y lograr una operaci\u00f3n remota segura y conveniente.<br \/>\nFunci\u00f3n de control inteligente: soporta funciones profesionales como el ajuste del engranaje de pulverizaci\u00f3n, la retracci\u00f3n del tubo de rodillo y el control de liberaci\u00f3n, y adopta la tecnolog\u00eda de conversi\u00f3n de frecuencia inteligente, que puede ajustar el modo de trabajo de acuerdo a las necesidades reales y mejorar la eficiencia de trabajo.<br \/>\nVentas destacadas<br \/>\nDise\u00f1o duradero: El controlador tiene un buen efecto de disipaci\u00f3n del calor y utiliza tecnolog\u00eda de motor DC sin escobillas para garantizar un funcionamiento estable a largo plazo y reducir los problemas posventa.<br \/>\nEscenarios ampliamente aplicables: Adecuado para diversos entornos agr\u00edcolas como huertos, jardines de t\u00e9, invernaderos, viveros, etc., se puede emparejar con diferentes marcas y modelos de pulverizadores el\u00e9ctricos, y tiene una fuerte adaptabilidad al mercado.<br \/>\n&#8221;<\/p>\n<table style=\"border-collapse: collapse; width: 525.77pt;\" border=\"0\" width=\"701\" cellspacing=\"0\" cellpadding=\"0\">\n<tbody>\n<tr style=\"height: 63.00pt;\">\n<td class=\"et3\" style=\"height: 63.00pt; width: 525.75pt;\" colspan=\"4\" width=\"701\" height=\"84\">Par\u00e1metros de especificaci\u00f3n del producto<\/td>\n<\/tr>\n<tr style=\"height: 17.25pt;\">\n<td class=\"et4\" style=\"height: 17.25pt; width: 96.75pt;\" width=\"129\" height=\"23\">tensi\u00f3n nominal<\/td>\n<td class=\"et4\" style=\"width: 168.00pt;\" width=\"224\">24V\/36V\/48V\/60V\/72V<\/td>\n<td class=\"et4\" style=\"width: 113.25pt;\" width=\"151\">potencia nominal<\/td>\n<td class=\"et4\" style=\"width: 147.75pt;\" width=\"197\">350W~1200W<\/td>\n<\/tr>\n<tr style=\"height: 17.25pt;\">\n<td class=\"et5\" style=\"height: 17.25pt;\" height=\"23\">transistor de potencia<\/td>\n<td class=\"et5\">12G-36G<\/td>\n<td class=\"et4\" style=\"width: 113.25pt;\" width=\"151\">Tensi\u00f3n de conmutaci\u00f3n<\/td>\n<td class=\"et4\" style=\"width: 147.75pt;\" width=\"197\">1,1V\u00b14..2V<\/td>\n<\/tr>\n<tr style=\"height: 34.50pt;\">\n<td class=\"et4\" style=\"height: 34.50pt; width: 96.75pt;\" width=\"129\" height=\"46\">Nivel de frenos<\/td>\n<td class=\"et4\" style=\"width: 168.00pt;\" width=\"224\">niveles altos \/ bajos<\/td>\n<td class=\"et4\" style=\"width: 113.25pt;\" width=\"151\"><\/td>\n<td class=\"et4\" style=\"width: 147.75pt;\" width=\"197\"><\/td>\n<\/tr>\n<tr style=\"height: 34.50pt;\">\n<td class=\"et4\" style=\"height: 34.50pt; width: 96.75pt;\" width=\"129\" height=\"46\">Rendimiento del producto<\/td>\n<td class=\"et6\" style=\"width: 429.00pt;\" colspan=\"3\" width=\"572\">Alto par\/eficacia\/larga autonom\u00eda\/baja generaci\u00f3n de calor<\/td>\n<\/tr>\n<tr style=\"height: 34.50pt;\">\n<td class=\"et4\" style=\"height: 34.50pt; width: 96.75pt;\" width=\"129\" height=\"46\">Caracter\u00edsticas del producto<\/td>\n<td class=\"et7\" style=\"width: 429.00pt;\" colspan=\"3\" width=\"572\">Mando a distancia\/recogida\/liberaci\u00f3n\/adelante\/atr\u00e1s<\/td>\n<\/tr>\n<\/tbody>\n<\/table>\n<p>Entorno operativo del producto<\/p>\n<table style=\"border-collapse: collapse; width: 525.77pt;\" border=\"0\" width=\"701\" cellspacing=\"0\" cellpadding=\"0\">\n<tbody>\n<tr style=\"height: 51.75pt;\">\n<td class=\"et3\" style=\"height: 51.75pt; width: 96.75pt;\" width=\"129\" height=\"69\">Temperatura de almacenamiento<\/td>\n<td class=\"et4\" style=\"width: 429.00pt; border-right: .5pt solid #000000;\" colspan=\"3\" width=\"572\">-40\u2103\uff5e85\u2103<\/td>\n<\/tr>\n<tr style=\"height: 51.75pt;\">\n<td class=\"et3\" style=\"height: 51.75pt; width: 96.75pt;\" width=\"129\" height=\"69\">Temperatura de trabajo<\/td>\n<td class=\"et4\" style=\"width: 429.00pt; border-right: .5pt solid #000000;\" colspan=\"3\" width=\"572\">motor\uff1a-40\u2103\uff5e55\u2103<\/td>\n<\/tr>\n<tr style=\"height: 17.25pt;\">\n<td class=\"et3\" style=\"height: 17.25pt; width: 96.75pt;\" width=\"129\" height=\"23\">humedad<\/td>\n<td class=\"et4\" style=\"width: 429.00pt; border-right: .5pt solid #000000;\" colspan=\"3\" width=\"572\">0\uff5e95%<\/td>\n<\/tr>\n<\/tbody>\n<\/table>","protected":false},"excerpt":{"rendered":"<p>El controlador el\u00e9ctrico de la pulverizadora de pesticidas es una soluci\u00f3n de control inteligente dise\u00f1ada espec\u00edficamente para equipos de protecci\u00f3n de plantas agr\u00edcolas, con un dise\u00f1o de amplio voltaje (compatible con 48V\/60V\/72V), funci\u00f3n de control remoto (distancia efectiva de hasta 150 metros) y control inteligente de conversi\u00f3n de frecuencia.<\/p>","protected":false},"featured_media":606,"template":"","meta":{"site-sidebar-layout":"default","site-content-layout":"default","ast-site-content-layout":"default","site-content-style":"default","site-sidebar-style":"default","ast-global-header-display":"","ast-banner-title-visibility":"","ast-main-header-display":"","ast-hfb-above-header-display":"","ast-hfb-below-header-display":"","ast-hfb-mobile-header-display":"","site-post-title":"","ast-breadcrumbs-content":"","ast-featured-img":"","footer-sml-layout":"","ast-disable-related-posts":"","theme-transparent-header-meta":"default","adv-header-id-meta":"","stick-header-meta":"","header-above-stick-meta":"","header-main-stick-meta":"","header-below-stick-meta":"","astra-migrate-meta-layouts":"default","ast-page-background-enabled":"default","ast-page-background-meta":{"desktop":{"background-color":"","background-image":"","background-repeat":"repeat","background-position":"center center","background-size":"auto","background-attachment":"scroll","background-type":"","background-media":"","overlay-type":"","overlay-color":"","overlay-opacity":"","overlay-gradient":""},"tablet":{"background-color":"","background-image":"","background-repeat":"repeat","background-position":"center center","background-size":"auto","background-attachment":"scroll","background-type":"","background-media":"","overlay-type":"","overlay-color":"","overlay-opacity":"","overlay-gradient":""},"mobile":{"background-color":"","background-image":"","background-repeat":"repeat","background-position":"center center","background-size":"auto","background-attachment":"scroll","background-type":"","background-media":"","overlay-type":"","overlay-color":"","overlay-opacity":"","overlay-gradient":""}},"ast-content-background-meta":{"desktop":{"background-color":"var(--ast-global-color-5)","background-image":"","background-repeat":"repeat","background-position":"center center","background-size":"auto","background-attachment":"scroll","background-type":"","background-media":"","overlay-type":"","overlay-color":"","overlay-opacity":"","overlay-gradient":""},"tablet":{"background-color":"var(--ast-global-color-5)","background-image":"","background-repeat":"repeat","background-position":"center center","background-size":"auto","background-attachment":"scroll","background-type":"","background-media":"","overlay-type":"","overlay-color":"","overlay-opacity":"","overlay-gradient":""},"mobile":{"background-color":"var(--ast-global-color-5)","background-image":"","background-repeat":"repeat","background-position":"center center","background-size":"auto","background-attachment":"scroll","background-type":"","background-media":"","overlay-type":"","overlay-color":"","overlay-opacity":"","overlay-gradient":""}}},"product_brand":[],"product_cat":[23],"product_tag":[],"class_list":{"0":"post-605","1":"product","2":"type-product","3":"status-publish","4":"has-post-thumbnail","6":"product_cat-controller","7":"desktop-align-left","8":"tablet-align-left","9":"mobile-align-left","10":"ast-product-gallery-layout-vertical-slider","11":"ast-product-tabs-layout-horizontal","13":"first","14":"instock","15":"shipping-taxable","16":"product-type-simple"},"yoast_head":"<!-- This site is optimized with the Yoast SEO plugin v27.4 - https:\/\/yoast.com\/product\/yoast-seo-wordpress\/ -->\n<title>Remote Control Controller - Jining Huanzhongyu Electromechanical Co., Ltd.<\/title>\n<meta name=\"robots\" content=\"index, follow, max-snippet:-1, max-image-preview:large, max-video-preview:-1\" \/>\n<link rel=\"canonical\" href=\"https:\/\/www.huanyumotor.com\/es\/product\/remote-control-controller\/\" \/>\n<meta property=\"og:locale\" content=\"es_ES\" \/>\n<meta property=\"og:type\" content=\"article\" \/>\n<meta property=\"og:title\" content=\"Remote Control Controller - Jining Huanzhongyu Electromechanical Co., Ltd.\" \/>\n<meta property=\"og:description\" content=\"The electric pesticide spraying machine controller is an intelligent control solution designed specifically for agricultural plant protection equipment, featuring a wide voltage design (supporting 48V\/60V\/72V), remote control function (effective distance up to 150 meters), and intelligent frequency conversion control.\" \/>\n<meta property=\"og:url\" content=\"https:\/\/www.huanyumotor.com\/es\/product\/remote-control-controller\/\" \/>\n<meta property=\"og:site_name\" content=\"Jining Huanzhongyu Electromechanical Co., Ltd.\" \/>\n<meta property=\"article:publisher\" content=\"https:\/\/www.facebook.com\/profile.php?id=61579475484242&amp;sk=grid\" \/>\n<meta property=\"article:modified_time\" content=\"2025-11-12T02:22:06+00:00\" \/>\n<meta property=\"og:image\" content=\"https:\/\/www.huanyumotor.com\/wp-content\/uploads\/2025\/11\/19_1.jpg\" \/>\n\t<meta property=\"og:image:width\" content=\"800\" \/>\n\t<meta property=\"og:image:height\" content=\"800\" \/>\n\t<meta property=\"og:image:type\" content=\"image\/jpeg\" \/>\n<meta name=\"twitter:card\" content=\"summary_large_image\" \/>\n<meta name=\"twitter:label1\" content=\"Est. reading time\" \/>\n\t<meta name=\"twitter:data1\" content=\"1 minuto\" \/>\n<script type=\"application\/ld+json\" class=\"yoast-schema-graph\">{\"@context\":\"https:\\\/\\\/schema.org\",\"@graph\":[{\"@type\":\"WebPage\",\"@id\":\"https:\\\/\\\/www.huanyumotor.com\\\/product\\\/remote-control-controller\\\/\",\"url\":\"https:\\\/\\\/www.huanyumotor.com\\\/product\\\/remote-control-controller\\\/\",\"name\":\"Remote Control Controller - Jining Huanzhongyu Electromechanical Co., Ltd.\",\"isPartOf\":{\"@id\":\"https:\\\/\\\/www.huanyumotor.com\\\/#website\"},\"primaryImageOfPage\":{\"@id\":\"https:\\\/\\\/www.huanyumotor.com\\\/product\\\/remote-control-controller\\\/#primaryimage\"},\"image\":{\"@id\":\"https:\\\/\\\/www.huanyumotor.com\\\/product\\\/remote-control-controller\\\/#primaryimage\"},\"thumbnailUrl\":\"https:\\\/\\\/www.huanyumotor.com\\\/wp-content\\\/uploads\\\/2025\\\/11\\\/19_1.jpg\",\"datePublished\":\"2025-11-12T02:20:27+00:00\",\"dateModified\":\"2025-11-12T02:22:06+00:00\",\"breadcrumb\":{\"@id\":\"https:\\\/\\\/www.huanyumotor.com\\\/product\\\/remote-control-controller\\\/#breadcrumb\"},\"inLanguage\":\"es-UY\",\"potentialAction\":[{\"@type\":\"ReadAction\",\"target\":[\"https:\\\/\\\/www.huanyumotor.com\\\/product\\\/remote-control-controller\\\/\"]}]},{\"@type\":\"ImageObject\",\"inLanguage\":\"es-UY\",\"@id\":\"https:\\\/\\\/www.huanyumotor.com\\\/product\\\/remote-control-controller\\\/#primaryimage\",\"url\":\"https:\\\/\\\/www.huanyumotor.com\\\/wp-content\\\/uploads\\\/2025\\\/11\\\/19_1.jpg\",\"contentUrl\":\"https:\\\/\\\/www.huanyumotor.com\\\/wp-content\\\/uploads\\\/2025\\\/11\\\/19_1.jpg\",\"width\":800,\"height\":800},{\"@type\":\"BreadcrumbList\",\"@id\":\"https:\\\/\\\/www.huanyumotor.com\\\/product\\\/remote-control-controller\\\/#breadcrumb\",\"itemListElement\":[{\"@type\":\"ListItem\",\"position\":1,\"name\":\"\u9996\u9875\",\"item\":\"https:\\\/\\\/www.huanyumotor.com\\\/\"},{\"@type\":\"ListItem\",\"position\":2,\"name\":\"Products\",\"item\":\"https:\\\/\\\/www.huanyumotor.com\\\/products\\\/\"},{\"@type\":\"ListItem\",\"position\":3,\"name\":\"Remote Control Controller\"}]},{\"@type\":\"WebSite\",\"@id\":\"https:\\\/\\\/www.huanyumotor.com\\\/#website\",\"url\":\"https:\\\/\\\/www.huanyumotor.com\\\/\",\"name\":\"Jining Huanzhongyu Electromechanical Co., Ltd.\",\"description\":\"\",\"publisher\":{\"@id\":\"https:\\\/\\\/www.huanyumotor.com\\\/#organization\"},\"potentialAction\":[{\"@type\":\"SearchAction\",\"target\":{\"@type\":\"EntryPoint\",\"urlTemplate\":\"https:\\\/\\\/www.huanyumotor.com\\\/?s={search_term_string}\"},\"query-input\":{\"@type\":\"PropertyValueSpecification\",\"valueRequired\":true,\"valueName\":\"search_term_string\"}}],\"inLanguage\":\"es-UY\"},{\"@type\":\"Organization\",\"@id\":\"https:\\\/\\\/www.huanyumotor.com\\\/#organization\",\"name\":\"Jining Huanzhongyu Electromechanical Co., Ltd.\",\"url\":\"https:\\\/\\\/www.huanyumotor.com\\\/\",\"logo\":{\"@type\":\"ImageObject\",\"inLanguage\":\"es-UY\",\"@id\":\"https:\\\/\\\/www.huanyumotor.com\\\/#\\\/schema\\\/logo\\\/image\\\/\",\"url\":\"https:\\\/\\\/www.huanyumotor.com\\\/wp-content\\\/uploads\\\/2025\\\/11\\\/logo.webp\",\"contentUrl\":\"https:\\\/\\\/www.huanyumotor.com\\\/wp-content\\\/uploads\\\/2025\\\/11\\\/logo.webp\",\"width\":468,\"height\":242,\"caption\":\"Jining Huanzhongyu Electromechanical Co., Ltd.\"},\"image\":{\"@id\":\"https:\\\/\\\/www.huanyumotor.com\\\/#\\\/schema\\\/logo\\\/image\\\/\"},\"sameAs\":[\"https:\\\/\\\/www.facebook.com\\\/profile.php?id=61579475484242&sk=grid\"]}]}<\/script>\n<!-- \/ Yoast SEO plugin. -->","yoast_head_json":{"title":"Remote Control Controller - Jining Huanzhongyu Electromechanical Co., Ltd.","robots":{"index":"index","follow":"follow","max-snippet":"max-snippet:-1","max-image-preview":"max-image-preview:large","max-video-preview":"max-video-preview:-1"},"canonical":"https:\/\/www.huanyumotor.com\/es\/product\/remote-control-controller\/","og_locale":"es_ES","og_type":"article","og_title":"Remote Control Controller - Jining Huanzhongyu Electromechanical Co., Ltd.","og_description":"The electric pesticide spraying machine controller is an intelligent control solution designed specifically for agricultural plant protection equipment, featuring a wide voltage design (supporting 48V\/60V\/72V), remote control function (effective distance up to 150 meters), and intelligent frequency conversion control.","og_url":"https:\/\/www.huanyumotor.com\/es\/product\/remote-control-controller\/","og_site_name":"Jining Huanzhongyu Electromechanical Co., Ltd.","article_publisher":"https:\/\/www.facebook.com\/profile.php?id=61579475484242&sk=grid","article_modified_time":"2025-11-12T02:22:06+00:00","og_image":[{"width":800,"height":800,"url":"https:\/\/www.huanyumotor.com\/wp-content\/uploads\/2025\/11\/19_1.jpg","type":"image\/jpeg"}],"twitter_card":"summary_large_image","twitter_misc":{"Est. reading time":"1 minuto"},"schema":{"@context":"https:\/\/schema.org","@graph":[{"@type":"WebPage","@id":"https:\/\/www.huanyumotor.com\/product\/remote-control-controller\/","url":"https:\/\/www.huanyumotor.com\/product\/remote-control-controller\/","name":"Remote Control Controller - Jining Huanzhongyu Electromechanical Co., Ltd.","isPartOf":{"@id":"https:\/\/www.huanyumotor.com\/#website"},"primaryImageOfPage":{"@id":"https:\/\/www.huanyumotor.com\/product\/remote-control-controller\/#primaryimage"},"image":{"@id":"https:\/\/www.huanyumotor.com\/product\/remote-control-controller\/#primaryimage"},"thumbnailUrl":"https:\/\/www.huanyumotor.com\/wp-content\/uploads\/2025\/11\/19_1.jpg","datePublished":"2025-11-12T02:20:27+00:00","dateModified":"2025-11-12T02:22:06+00:00","breadcrumb":{"@id":"https:\/\/www.huanyumotor.com\/product\/remote-control-controller\/#breadcrumb"},"inLanguage":"es-UY","potentialAction":[{"@type":"ReadAction","target":["https:\/\/www.huanyumotor.com\/product\/remote-control-controller\/"]}]},{"@type":"ImageObject","inLanguage":"es-UY","@id":"https:\/\/www.huanyumotor.com\/product\/remote-control-controller\/#primaryimage","url":"https:\/\/www.huanyumotor.com\/wp-content\/uploads\/2025\/11\/19_1.jpg","contentUrl":"https:\/\/www.huanyumotor.com\/wp-content\/uploads\/2025\/11\/19_1.jpg","width":800,"height":800},{"@type":"BreadcrumbList","@id":"https:\/\/www.huanyumotor.com\/product\/remote-control-controller\/#breadcrumb","itemListElement":[{"@type":"ListItem","position":1,"name":"\u9996\u9875","item":"https:\/\/www.huanyumotor.com\/"},{"@type":"ListItem","position":2,"name":"Products","item":"https:\/\/www.huanyumotor.com\/products\/"},{"@type":"ListItem","position":3,"name":"Remote Control Controller"}]},{"@type":"WebSite","@id":"https:\/\/www.huanyumotor.com\/#website","url":"https:\/\/www.huanyumotor.com\/","name":"Jining Huanzhongyu Electromechanical Co., Ltd.","description":"","publisher":{"@id":"https:\/\/www.huanyumotor.com\/#organization"},"potentialAction":[{"@type":"SearchAction","target":{"@type":"EntryPoint","urlTemplate":"https:\/\/www.huanyumotor.com\/?s={search_term_string}"},"query-input":{"@type":"PropertyValueSpecification","valueRequired":true,"valueName":"search_term_string"}}],"inLanguage":"es-UY"},{"@type":"Organization","@id":"https:\/\/www.huanyumotor.com\/#organization","name":"Jining Huanzhongyu Electromechanical Co., Ltd.","url":"https:\/\/www.huanyumotor.com\/","logo":{"@type":"ImageObject","inLanguage":"es-UY","@id":"https:\/\/www.huanyumotor.com\/#\/schema\/logo\/image\/","url":"https:\/\/www.huanyumotor.com\/wp-content\/uploads\/2025\/11\/logo.webp","contentUrl":"https:\/\/www.huanyumotor.com\/wp-content\/uploads\/2025\/11\/logo.webp","width":468,"height":242,"caption":"Jining Huanzhongyu Electromechanical Co., Ltd."},"image":{"@id":"https:\/\/www.huanyumotor.com\/#\/schema\/logo\/image\/"},"sameAs":["https:\/\/www.facebook.com\/profile.php?id=61579475484242&sk=grid"]}]}},"_links":{"self":[{"href":"https:\/\/www.huanyumotor.com\/es\/wp-json\/wp\/v2\/product\/605","targetHints":{"allow":["GET"]}}],"collection":[{"href":"https:\/\/www.huanyumotor.com\/es\/wp-json\/wp\/v2\/product"}],"about":[{"href":"https:\/\/www.huanyumotor.com\/es\/wp-json\/wp\/v2\/types\/product"}],"wp:featuredmedia":[{"embeddable":true,"href":"https:\/\/www.huanyumotor.com\/es\/wp-json\/wp\/v2\/media\/606"}],"wp:attachment":[{"href":"https:\/\/www.huanyumotor.com\/es\/wp-json\/wp\/v2\/media?parent=605"}],"wp:term":[{"taxonomy":"product_brand","embeddable":true,"href":"https:\/\/www.huanyumotor.com\/es\/wp-json\/wp\/v2\/product_brand?post=605"},{"taxonomy":"product_cat","embeddable":true,"href":"https:\/\/www.huanyumotor.com\/es\/wp-json\/wp\/v2\/product_cat?post=605"},{"taxonomy":"product_tag","embeddable":true,"href":"https:\/\/www.huanyumotor.com\/es\/wp-json\/wp\/v2\/product_tag?post=605"}],"curies":[{"name":"wp","href":"https:\/\/api.w.org\/{rel}","templated":true}]}}