{"id":612,"date":"2025-11-12T10:23:06","date_gmt":"2025-11-12T02:23:06","guid":{"rendered":"http:\/\/www.huanyumotor.com\/?post_type=product&#038;p=612"},"modified":"2025-11-12T10:23:06","modified_gmt":"2025-11-12T02:23:06","slug":"intelligent-brushless-controller","status":"publish","type":"product","link":"https:\/\/www.huanyumotor.com\/es\/product\/intelligent-brushless-controller\/","title":{"rendered":"Controlador inteligente sin escobillas"},"content":{"rendered":"<p>El controlador del motor del triciclo el\u00e9ctrico es el dispositivo de control central del triciclo el\u00e9ctrico, responsable de gestionar las funciones de arranque, marcha, avance y retroceso, ajuste de velocidad y parada del veh\u00edculo, garantizando el funcionamiento seguro, eficiente y estable del triciclo el\u00e9ctrico.<br \/>\nProductos<br \/>\nEl controlador del motor del triciclo el\u00e9ctrico, como \u201ccerebro\u201d del veh\u00edculo, se encarga de funciones b\u00e1sicas como el control del arranque, el funcionamiento, el avance y retroceso, el ajuste de la velocidad y la parada del triciclo el\u00e9ctrico, y es un componente clave del triciclo el\u00e9ctrico. No s\u00f3lo gestiona el funcionamiento del motor, sino que tambi\u00e9n protege la bater\u00eda y otros componentes electr\u00f3nicos, mejorando la seguridad y la vida \u00fatil de todo el veh\u00edculo.<br \/>\nEspecificaciones t\u00e9cnicas<br \/>\nCompatibilidad de voltaje: Soporta m\u00faltiples voltajes, como 24V, 48V, 60V, 72V, etc., y puede adaptarse a diferentes sistemas de alimentaci\u00f3n de triciclos el\u00e9ctricos.<br \/>\nRango de potencia: Puede cubrir de 350W a 4000W y m\u00e1s, satisfaciendo las necesidades de potencia de diferentes modelos de veh\u00edculos.<br \/>\nFunci\u00f3n de protecci\u00f3n: Dispone de m\u00faltiples mecanismos de protecci\u00f3n, como protecci\u00f3n contra baja tensi\u00f3n, protecci\u00f3n contra sobrecorriente, protecci\u00f3n contra alta temperatura y desconexi\u00f3n del freno, protegiendo eficazmente el motor y la bater\u00eda y prolongando su vida \u00fatil.<br \/>\nControl inteligente: admite funciones como la regulaci\u00f3n continua de la velocidad, el ajuste del l\u00edmite de velocidad, la retroalimentaci\u00f3n de energ\u00eda, etc. Algunos modelos admiten la detecci\u00f3n y conmutaci\u00f3n autom\u00e1ticas de fallos del sensor Hall, lo que mejora la experiencia de conducci\u00f3n y la seguridad.<br \/>\nCampo de aplicaci\u00f3n<br \/>\nLos controladores de motor para triciclos el\u00e9ctricos se utilizan ampliamente en triciclos el\u00e9ctricos de carga, triciclos el\u00e9ctricos de pasajeros, motocicletas el\u00e9ctricas, carritos de golf, autobuses tur\u00edsticos el\u00e9ctricos, veh\u00edculos de servicio para locales, etc. Son adecuados para diversos escenarios como el transporte urbano, viajes de corta distancia, turismo, manipulaci\u00f3n industrial, etc.<br \/>\nCaracter\u00edsticas del producto<br \/>\nEficacia y ahorro de energ\u00eda: Adopta algoritmos de control inteligente para optimizar la eficiencia del motor y mejorar la duraci\u00f3n de la bater\u00eda en un 17.<br \/>\nSeguro y fiable: M\u00faltiples funciones de protecci\u00f3n, como el apagado del freno, antideslizamiento, frenado electr\u00f3nico, etc., garantizan la seguridad de la conducci\u00f3n.<br \/>\nF\u00e1cil de instalar y mantener: El dise\u00f1o estructural es compacto, f\u00e1cil de instalar, admite conexiones r\u00e1pidas y es f\u00e1cil de mantener.<br \/>\nGran compatibilidad: puede adaptarse a diferentes marcas y tipos de triciclos el\u00e9ctricos, ofrecer servicios personalizados y satisfacer diversas necesidades\u201c.\u201c<\/p>\n<table style=\"border-collapse: collapse; width: 525.77pt;\" border=\"0\" width=\"701\" cellspacing=\"0\" cellpadding=\"0\">\n<tbody>\n<tr style=\"height: 24.75pt;\">\n<td class=\"et2\" style=\"height: 24.75pt; width: 525.75pt;\" colspan=\"4\" width=\"701\" height=\"33\">Par\u00e1metros de especificaci\u00f3n del producto<\/td>\n<\/tr>\n<tr style=\"height: 17.25pt;\">\n<td class=\"et3\" style=\"height: 17.25pt; width: 96.75pt;\" width=\"129\" height=\"23\">tensi\u00f3n nominal<\/td>\n<td class=\"et3\" style=\"width: 168.00pt;\" width=\"224\">24V\/36V\/48V\/60V\/72V\/80V<\/td>\n<td class=\"et3\" style=\"width: 113.25pt;\" width=\"151\">potencia nominal<\/td>\n<td class=\"et3\" style=\"width: 147.75pt;\" width=\"197\">350W~4000W<\/td>\n<\/tr>\n<tr style=\"height: 17.25pt;\">\n<td class=\"et4\" style=\"height: 17.25pt;\" height=\"23\">transistor de potencia<\/td>\n<td class=\"et4\">12G-36G<\/td>\n<td class=\"et3\" style=\"width: 113.25pt;\" width=\"151\">Tensi\u00f3n de conmutaci\u00f3n<\/td>\n<td class=\"et3\" style=\"width: 147.75pt;\" width=\"197\">1,1V\u00b14..2V<\/td>\n<\/tr>\n<tr style=\"height: 17.25pt;\">\n<td class=\"et3\" style=\"height: 17.25pt; width: 96.75pt;\" width=\"129\" height=\"23\">Nivel de frenos<\/td>\n<td class=\"et3\" style=\"width: 168.00pt;\" width=\"224\">niveles altos y bajos<\/td>\n<td class=\"et3\" style=\"width: 113.25pt;\" width=\"151\"><\/td>\n<td class=\"et3\" style=\"width: 147.75pt;\" width=\"197\"><\/td>\n<\/tr>\n<tr style=\"height: 21.00pt;\">\n<td class=\"et3\" style=\"height: 21.00pt; width: 96.75pt;\" width=\"129\" height=\"28\">Rendimiento del producto<\/td>\n<td class=\"et5\" style=\"width: 429.00pt;\" colspan=\"3\" width=\"572\">Alto par\/eficacia\/largo alcance\/baja generaci\u00f3n de calor\/cuerpo totalmente de aluminio<\/td>\n<\/tr>\n<tr style=\"height: 34.50pt;\">\n<td class=\"et3\" style=\"height: 34.50pt; width: 96.75pt;\" width=\"129\" height=\"46\">Caracter\u00edsticas del producto<\/td>\n<td class=\"et6\" style=\"width: 429.00pt;\" colspan=\"3\" width=\"572\">Alarma antirrobo\/tres velocidades\/retroceso\/pendiente antideslizante<\/td>\n<\/tr>\n<\/tbody>\n<\/table>\n<p>Entorno operativo del producto<\/p>\n<table style=\"border-collapse: collapse; width: 264.77pt;\" border=\"0\" width=\"353\" cellspacing=\"0\" cellpadding=\"0\">\n<tbody>\n<tr style=\"height: 51.75pt;\">\n<td class=\"et2\" style=\"height: 51.75pt; width: 96.75pt;\" width=\"129\" height=\"69\">Temperatura de trabajo<\/td>\n<td class=\"et2\" style=\"width: 168.00pt;\" width=\"224\">motor\uff1a-40\u2103\uff5e55\u2103<\/td>\n<\/tr>\n<tr style=\"height: 35.00pt;\">\n<td class=\"et2\" style=\"height: 35.00pt; width: 96.75pt;\" width=\"129\" height=\"46\">humedad<\/td>\n<td class=\"et2\" style=\"width: 168.00pt;\" width=\"224\">0\uff5e95%<\/td>\n<\/tr>\n<\/tbody>\n<\/table>","protected":false},"excerpt":{"rendered":"<p>El controlador del motor del triciclo el\u00e9ctrico es el dispositivo de control central del triciclo el\u00e9ctrico, responsable de gestionar las funciones de arranque, marcha, avance y retroceso, ajuste de velocidad y parada del veh\u00edculo, garantizando el funcionamiento seguro, eficiente y estable del triciclo el\u00e9ctrico.<\/p>","protected":false},"featured_media":613,"template":"","meta":{"site-sidebar-layout":"default","site-content-layout":"default","ast-site-content-layout":"default","site-content-style":"default","site-sidebar-style":"default","ast-global-header-display":"","ast-banner-title-visibility":"","ast-main-header-display":"","ast-hfb-above-header-display":"","ast-hfb-below-header-display":"","ast-hfb-mobile-header-display":"","site-post-title":"","ast-breadcrumbs-content":"","ast-featured-img":"","footer-sml-layout":"","ast-disable-related-posts":"","theme-transparent-header-meta":"default","adv-header-id-meta":"","stick-header-meta":"","header-above-stick-meta":"","header-main-stick-meta":"","header-below-stick-meta":"","astra-migrate-meta-layouts":"default","ast-page-background-enabled":"default","ast-page-background-meta":{"desktop":{"background-color":"","background-image":"","background-repeat":"repeat","background-position":"center center","background-size":"auto","background-attachment":"scroll","background-type":"","background-media":"","overlay-type":"","overlay-color":"","overlay-opacity":"","overlay-gradient":""},"tablet":{"background-color":"","background-image":"","background-repeat":"repeat","background-position":"center center","background-size":"auto","background-attachment":"scroll","background-type":"","background-media":"","overlay-type":"","overlay-color":"","overlay-opacity":"","overlay-gradient":""},"mobile":{"background-color":"","background-image":"","background-repeat":"repeat","background-position":"center center","background-size":"auto","background-attachment":"scroll","background-type":"","background-media":"","overlay-type":"","overlay-color":"","overlay-opacity":"","overlay-gradient":""}},"ast-content-background-meta":{"desktop":{"background-color":"var(--ast-global-color-5)","background-image":"","background-repeat":"repeat","background-position":"center center","background-size":"auto","background-attachment":"scroll","background-type":"","background-media":"","overlay-type":"","overlay-color":"","overlay-opacity":"","overlay-gradient":""},"tablet":{"background-color":"var(--ast-global-color-5)","background-image":"","background-repeat":"repeat","background-position":"center center","background-size":"auto","background-attachment":"scroll","background-type":"","background-media":"","overlay-type":"","overlay-color":"","overlay-opacity":"","overlay-gradient":""},"mobile":{"background-color":"var(--ast-global-color-5)","background-image":"","background-repeat":"repeat","background-position":"center center","background-size":"auto","background-attachment":"scroll","background-type":"","background-media":"","overlay-type":"","overlay-color":"","overlay-opacity":"","overlay-gradient":""}}},"product_brand":[],"product_cat":[23],"product_tag":[],"class_list":{"0":"post-612","1":"product","2":"type-product","3":"status-publish","4":"has-post-thumbnail","6":"product_cat-controller","7":"desktop-align-left","8":"tablet-align-left","9":"mobile-align-left","10":"ast-product-gallery-layout-vertical-slider","11":"ast-product-tabs-layout-horizontal","13":"first","14":"instock","15":"shipping-taxable","16":"product-type-simple"},"yoast_head":"<!-- This site is optimized with the Yoast SEO plugin v27.4 - https:\/\/yoast.com\/product\/yoast-seo-wordpress\/ -->\n<title>Intelligent brushless controller - Jining Huanzhongyu Electromechanical Co., Ltd.<\/title>\n<meta name=\"robots\" content=\"index, follow, max-snippet:-1, max-image-preview:large, max-video-preview:-1\" \/>\n<link rel=\"canonical\" href=\"https:\/\/www.huanyumotor.com\/es\/product\/intelligent-brushless-controller\/\" \/>\n<meta property=\"og:locale\" content=\"es_ES\" \/>\n<meta property=\"og:type\" content=\"article\" \/>\n<meta property=\"og:title\" content=\"Intelligent brushless controller - Jining Huanzhongyu Electromechanical Co., Ltd.\" \/>\n<meta property=\"og:description\" content=\"The electric tricycle motor controller is the core control device of the electric tricycle, responsible for managing the functions of starting, running, advancing and retreating, speed adjustment, and stopping of the vehicle, ensuring the safe, efficient, and stable operation of the electric tricycle.\" \/>\n<meta property=\"og:url\" content=\"https:\/\/www.huanyumotor.com\/es\/product\/intelligent-brushless-controller\/\" \/>\n<meta property=\"og:site_name\" content=\"Jining Huanzhongyu Electromechanical Co., Ltd.\" \/>\n<meta property=\"article:publisher\" content=\"https:\/\/www.facebook.com\/profile.php?id=61579475484242&amp;sk=grid\" \/>\n<meta property=\"og:image\" content=\"https:\/\/www.huanyumotor.com\/wp-content\/uploads\/2025\/11\/18_1.jpg\" \/>\n\t<meta property=\"og:image:width\" content=\"800\" \/>\n\t<meta property=\"og:image:height\" content=\"800\" \/>\n\t<meta property=\"og:image:type\" content=\"image\/jpeg\" \/>\n<meta name=\"twitter:card\" content=\"summary_large_image\" \/>\n<meta name=\"twitter:label1\" content=\"Est. reading time\" \/>\n\t<meta name=\"twitter:data1\" content=\"2 minutos\" \/>\n<script type=\"application\/ld+json\" class=\"yoast-schema-graph\">{\"@context\":\"https:\\\/\\\/schema.org\",\"@graph\":[{\"@type\":\"WebPage\",\"@id\":\"https:\\\/\\\/www.huanyumotor.com\\\/product\\\/intelligent-brushless-controller\\\/\",\"url\":\"https:\\\/\\\/www.huanyumotor.com\\\/product\\\/intelligent-brushless-controller\\\/\",\"name\":\"Intelligent brushless controller - Jining Huanzhongyu Electromechanical Co., Ltd.\",\"isPartOf\":{\"@id\":\"https:\\\/\\\/www.huanyumotor.com\\\/#website\"},\"primaryImageOfPage\":{\"@id\":\"https:\\\/\\\/www.huanyumotor.com\\\/product\\\/intelligent-brushless-controller\\\/#primaryimage\"},\"image\":{\"@id\":\"https:\\\/\\\/www.huanyumotor.com\\\/product\\\/intelligent-brushless-controller\\\/#primaryimage\"},\"thumbnailUrl\":\"https:\\\/\\\/www.huanyumotor.com\\\/wp-content\\\/uploads\\\/2025\\\/11\\\/18_1.jpg\",\"datePublished\":\"2025-11-12T02:23:06+00:00\",\"breadcrumb\":{\"@id\":\"https:\\\/\\\/www.huanyumotor.com\\\/product\\\/intelligent-brushless-controller\\\/#breadcrumb\"},\"inLanguage\":\"es-UY\",\"potentialAction\":[{\"@type\":\"ReadAction\",\"target\":[\"https:\\\/\\\/www.huanyumotor.com\\\/product\\\/intelligent-brushless-controller\\\/\"]}]},{\"@type\":\"ImageObject\",\"inLanguage\":\"es-UY\",\"@id\":\"https:\\\/\\\/www.huanyumotor.com\\\/product\\\/intelligent-brushless-controller\\\/#primaryimage\",\"url\":\"https:\\\/\\\/www.huanyumotor.com\\\/wp-content\\\/uploads\\\/2025\\\/11\\\/18_1.jpg\",\"contentUrl\":\"https:\\\/\\\/www.huanyumotor.com\\\/wp-content\\\/uploads\\\/2025\\\/11\\\/18_1.jpg\",\"width\":800,\"height\":800},{\"@type\":\"BreadcrumbList\",\"@id\":\"https:\\\/\\\/www.huanyumotor.com\\\/product\\\/intelligent-brushless-controller\\\/#breadcrumb\",\"itemListElement\":[{\"@type\":\"ListItem\",\"position\":1,\"name\":\"\u9996\u9875\",\"item\":\"https:\\\/\\\/www.huanyumotor.com\\\/\"},{\"@type\":\"ListItem\",\"position\":2,\"name\":\"Products\",\"item\":\"https:\\\/\\\/www.huanyumotor.com\\\/products\\\/\"},{\"@type\":\"ListItem\",\"position\":3,\"name\":\"Intelligent brushless controller\"}]},{\"@type\":\"WebSite\",\"@id\":\"https:\\\/\\\/www.huanyumotor.com\\\/#website\",\"url\":\"https:\\\/\\\/www.huanyumotor.com\\\/\",\"name\":\"Jining Huanzhongyu Electromechanical Co., Ltd.\",\"description\":\"\",\"publisher\":{\"@id\":\"https:\\\/\\\/www.huanyumotor.com\\\/#organization\"},\"potentialAction\":[{\"@type\":\"SearchAction\",\"target\":{\"@type\":\"EntryPoint\",\"urlTemplate\":\"https:\\\/\\\/www.huanyumotor.com\\\/?s={search_term_string}\"},\"query-input\":{\"@type\":\"PropertyValueSpecification\",\"valueRequired\":true,\"valueName\":\"search_term_string\"}}],\"inLanguage\":\"es-UY\"},{\"@type\":\"Organization\",\"@id\":\"https:\\\/\\\/www.huanyumotor.com\\\/#organization\",\"name\":\"Jining Huanzhongyu Electromechanical Co., Ltd.\",\"url\":\"https:\\\/\\\/www.huanyumotor.com\\\/\",\"logo\":{\"@type\":\"ImageObject\",\"inLanguage\":\"es-UY\",\"@id\":\"https:\\\/\\\/www.huanyumotor.com\\\/#\\\/schema\\\/logo\\\/image\\\/\",\"url\":\"https:\\\/\\\/www.huanyumotor.com\\\/wp-content\\\/uploads\\\/2025\\\/11\\\/logo.webp\",\"contentUrl\":\"https:\\\/\\\/www.huanyumotor.com\\\/wp-content\\\/uploads\\\/2025\\\/11\\\/logo.webp\",\"width\":468,\"height\":242,\"caption\":\"Jining Huanzhongyu Electromechanical Co., Ltd.\"},\"image\":{\"@id\":\"https:\\\/\\\/www.huanyumotor.com\\\/#\\\/schema\\\/logo\\\/image\\\/\"},\"sameAs\":[\"https:\\\/\\\/www.facebook.com\\\/profile.php?id=61579475484242&sk=grid\"]}]}<\/script>\n<!-- \/ Yoast SEO plugin. -->","yoast_head_json":{"title":"Intelligent brushless controller - Jining Huanzhongyu Electromechanical Co., Ltd.","robots":{"index":"index","follow":"follow","max-snippet":"max-snippet:-1","max-image-preview":"max-image-preview:large","max-video-preview":"max-video-preview:-1"},"canonical":"https:\/\/www.huanyumotor.com\/es\/product\/intelligent-brushless-controller\/","og_locale":"es_ES","og_type":"article","og_title":"Intelligent brushless controller - Jining Huanzhongyu Electromechanical Co., Ltd.","og_description":"The electric tricycle motor controller is the core control device of the electric tricycle, responsible for managing the functions of starting, running, advancing and retreating, speed adjustment, and stopping of the vehicle, ensuring the safe, efficient, and stable operation of the electric tricycle.","og_url":"https:\/\/www.huanyumotor.com\/es\/product\/intelligent-brushless-controller\/","og_site_name":"Jining Huanzhongyu Electromechanical Co., Ltd.","article_publisher":"https:\/\/www.facebook.com\/profile.php?id=61579475484242&sk=grid","og_image":[{"width":800,"height":800,"url":"https:\/\/www.huanyumotor.com\/wp-content\/uploads\/2025\/11\/18_1.jpg","type":"image\/jpeg"}],"twitter_card":"summary_large_image","twitter_misc":{"Est. reading time":"2 minutos"},"schema":{"@context":"https:\/\/schema.org","@graph":[{"@type":"WebPage","@id":"https:\/\/www.huanyumotor.com\/product\/intelligent-brushless-controller\/","url":"https:\/\/www.huanyumotor.com\/product\/intelligent-brushless-controller\/","name":"Intelligent brushless controller - Jining Huanzhongyu Electromechanical Co., Ltd.","isPartOf":{"@id":"https:\/\/www.huanyumotor.com\/#website"},"primaryImageOfPage":{"@id":"https:\/\/www.huanyumotor.com\/product\/intelligent-brushless-controller\/#primaryimage"},"image":{"@id":"https:\/\/www.huanyumotor.com\/product\/intelligent-brushless-controller\/#primaryimage"},"thumbnailUrl":"https:\/\/www.huanyumotor.com\/wp-content\/uploads\/2025\/11\/18_1.jpg","datePublished":"2025-11-12T02:23:06+00:00","breadcrumb":{"@id":"https:\/\/www.huanyumotor.com\/product\/intelligent-brushless-controller\/#breadcrumb"},"inLanguage":"es-UY","potentialAction":[{"@type":"ReadAction","target":["https:\/\/www.huanyumotor.com\/product\/intelligent-brushless-controller\/"]}]},{"@type":"ImageObject","inLanguage":"es-UY","@id":"https:\/\/www.huanyumotor.com\/product\/intelligent-brushless-controller\/#primaryimage","url":"https:\/\/www.huanyumotor.com\/wp-content\/uploads\/2025\/11\/18_1.jpg","contentUrl":"https:\/\/www.huanyumotor.com\/wp-content\/uploads\/2025\/11\/18_1.jpg","width":800,"height":800},{"@type":"BreadcrumbList","@id":"https:\/\/www.huanyumotor.com\/product\/intelligent-brushless-controller\/#breadcrumb","itemListElement":[{"@type":"ListItem","position":1,"name":"\u9996\u9875","item":"https:\/\/www.huanyumotor.com\/"},{"@type":"ListItem","position":2,"name":"Products","item":"https:\/\/www.huanyumotor.com\/products\/"},{"@type":"ListItem","position":3,"name":"Intelligent brushless controller"}]},{"@type":"WebSite","@id":"https:\/\/www.huanyumotor.com\/#website","url":"https:\/\/www.huanyumotor.com\/","name":"Jining Huanzhongyu Electromechanical Co., Ltd.","description":"","publisher":{"@id":"https:\/\/www.huanyumotor.com\/#organization"},"potentialAction":[{"@type":"SearchAction","target":{"@type":"EntryPoint","urlTemplate":"https:\/\/www.huanyumotor.com\/?s={search_term_string}"},"query-input":{"@type":"PropertyValueSpecification","valueRequired":true,"valueName":"search_term_string"}}],"inLanguage":"es-UY"},{"@type":"Organization","@id":"https:\/\/www.huanyumotor.com\/#organization","name":"Jining Huanzhongyu Electromechanical Co., Ltd.","url":"https:\/\/www.huanyumotor.com\/","logo":{"@type":"ImageObject","inLanguage":"es-UY","@id":"https:\/\/www.huanyumotor.com\/#\/schema\/logo\/image\/","url":"https:\/\/www.huanyumotor.com\/wp-content\/uploads\/2025\/11\/logo.webp","contentUrl":"https:\/\/www.huanyumotor.com\/wp-content\/uploads\/2025\/11\/logo.webp","width":468,"height":242,"caption":"Jining Huanzhongyu Electromechanical Co., Ltd."},"image":{"@id":"https:\/\/www.huanyumotor.com\/#\/schema\/logo\/image\/"},"sameAs":["https:\/\/www.facebook.com\/profile.php?id=61579475484242&sk=grid"]}]}},"_links":{"self":[{"href":"https:\/\/www.huanyumotor.com\/es\/wp-json\/wp\/v2\/product\/612","targetHints":{"allow":["GET"]}}],"collection":[{"href":"https:\/\/www.huanyumotor.com\/es\/wp-json\/wp\/v2\/product"}],"about":[{"href":"https:\/\/www.huanyumotor.com\/es\/wp-json\/wp\/v2\/types\/product"}],"wp:featuredmedia":[{"embeddable":true,"href":"https:\/\/www.huanyumotor.com\/es\/wp-json\/wp\/v2\/media\/613"}],"wp:attachment":[{"href":"https:\/\/www.huanyumotor.com\/es\/wp-json\/wp\/v2\/media?parent=612"}],"wp:term":[{"taxonomy":"product_brand","embeddable":true,"href":"https:\/\/www.huanyumotor.com\/es\/wp-json\/wp\/v2\/product_brand?post=612"},{"taxonomy":"product_cat","embeddable":true,"href":"https:\/\/www.huanyumotor.com\/es\/wp-json\/wp\/v2\/product_cat?post=612"},{"taxonomy":"product_tag","embeddable":true,"href":"https:\/\/www.huanyumotor.com\/es\/wp-json\/wp\/v2\/product_tag?post=612"}],"curies":[{"name":"wp","href":"https:\/\/api.w.org\/{rel}","templated":true}]}}