{"id":624,"date":"2025-11-12T10:25:55","date_gmt":"2025-11-12T02:25:55","guid":{"rendered":"http:\/\/www.huanyumotor.com\/?post_type=product&#038;p=624"},"modified":"2025-11-12T10:25:55","modified_gmt":"2025-11-12T02:25:55","slug":"140-mid-mounted-gear-reduction-dc-brushless-motor","status":"publish","type":"product","link":"https:\/\/www.huanyumotor.com\/es\/product\/140-mid-mounted-gear-reduction-dc-brushless-motor\/","title":{"rendered":"140 Motor sin escobillas de CC con reductor de engranajes montado en el centro"},"content":{"rendered":"<p>Carcasa de fundici\u00f3n integral, cuerpo de aleaci\u00f3n de aluminio de alta resistencia, dise\u00f1o de disipaci\u00f3n de calor de precisi\u00f3n, estructura de potencia de alta resistencia, alto par de pico, adecuado para pendientes pronunciadas y cargas pesadas, tecnolog\u00eda de sellado IP54 (estructura de carcasa sin costuras), a prueba de \u00f3xido y resistente a la corrosi\u00f3n, soporta temperaturas de -30\u00b0C a 80\u00b0C, soportes de brida estandarizados (posiciones de los orificios de los tornillos como se muestra en el diagrama), compatible con voltajes globales de 48V\/60V\/72V.<\/p>\n<p>Adecuado para transmisiones por cadena, utilizadas habitualmente en triciclos de monta\u00f1a o veh\u00edculos modificados.<\/p>\n<table width=\"701\">\n<tbody>\n<tr>\n<td colspan=\"4\" width=\"701\">Par\u00e1metros de especificaci\u00f3n del producto<\/td>\n<\/tr>\n<tr>\n<td width=\"129\">tensi\u00f3n nominal<\/td>\n<td width=\"224\">48V~72V<\/td>\n<td width=\"151\">potencia nominal<\/td>\n<td width=\"197\">2500W~4000W<\/td>\n<\/tr>\n<tr>\n<td>Relaci\u00f3n de reducci\u00f3n<\/td>\n<td width=\"224\">1:5<\/td>\n<td width=\"151\">velocidad nominal<\/td>\n<td width=\"197\">640 rpm<\/td>\n<\/tr>\n<tr>\n<td width=\"129\">altura del rotor<\/td>\n<td width=\"224\">70mm~100mm<\/td>\n<td width=\"151\">Grado magn\u00e9tico<\/td>\n<td width=\"197\">38H<\/td>\n<\/tr>\n<tr>\n<td width=\"129\">Color del motor<\/td>\n<td width=\"224\">Plata<\/td>\n<td width=\"151\">eje del motor<\/td>\n<td width=\"197\">eje roscado<\/td>\n<\/tr>\n<tr>\n<td width=\"129\">clasificaci\u00f3n t\u00e9rmica<\/td>\n<td width=\"224\">F<\/td>\n<td width=\"151\">sensor de posici\u00f3n<\/td>\n<td width=\"197\">Hall (5 patillas)<\/td>\n<\/tr>\n<tr>\n<td width=\"129\">Nivel de protecci\u00f3n<\/td>\n<td width=\"224\">IP54<\/td>\n<td width=\"151\">M\u00e9todo de control<\/td>\n<td width=\"197\">Control de onda cuadrada<\/td>\n<\/tr>\n<tr>\n<td width=\"129\">\u00a0 par polar<\/td>\n<td width=\"224\">4<\/td>\n<td width=\"151\">sistema de trabajo<\/td>\n<td width=\"197\">S2 60 min<\/td>\n<\/tr>\n<\/tbody>\n<\/table>\n<p>Entorno operativo del producto<\/p>\n<table style=\"border-collapse: collapse; width: 264.77pt;\" border=\"0\" width=\"353\" cellspacing=\"0\" cellpadding=\"0\">\n<tbody>\n<tr style=\"height: 51.75pt;\">\n<td class=\"et2\" style=\"height: 51.75pt; width: 96.75pt;\" width=\"129\" height=\"69\">Temperatura de almacenamiento<\/td>\n<td class=\"et2\" style=\"width: 168.00pt;\" width=\"224\">-40\u2103\uff5e85\u2103<\/td>\n<\/tr>\n<tr style=\"height: 51.75pt;\">\n<td class=\"et2\" style=\"height: 51.75pt; width: 96.75pt;\" width=\"129\" height=\"69\">Temperatura de trabajo<\/td>\n<td class=\"et2\" style=\"width: 168.00pt;\" width=\"224\">motor\uff1a-40\u2103\uff5e55\u2103<\/td>\n<\/tr>\n<tr style=\"height: 17.25pt;\">\n<td class=\"et2\" style=\"height: 17.25pt; width: 96.75pt;\" width=\"129\" height=\"23\">humedad<\/td>\n<td class=\"et2\" style=\"width: 168.00pt;\" width=\"224\">0\uff5e95%<\/td>\n<\/tr>\n<\/tbody>\n<\/table>","protected":false},"excerpt":{"rendered":"<p>Carcasa de fundici\u00f3n integral, cuerpo de aleaci\u00f3n de aluminio de alta resistencia, dise\u00f1o de disipaci\u00f3n de calor de precisi\u00f3n, estructura de potencia de alta resistencia, alto par de pico, adecuado para pendientes pronunciadas y cargas pesadas, tecnolog\u00eda de sellado IP54 (estructura de carcasa sin costuras), a prueba de \u00f3xido y resistente a la corrosi\u00f3n, soporta temperaturas de -30\u00b0C a 80\u00b0C, soportes de brida estandarizados (posiciones de los orificios de los tornillos como se muestra en el diagrama), compatible con voltajes globales de 48V\/60V\/72V.<\/p>\n<p>Adecuado para transmisiones por cadena, utilizadas habitualmente en triciclos de monta\u00f1a o veh\u00edculos modificados.<\/p>","protected":false},"featured_media":625,"template":"","meta":{"site-sidebar-layout":"default","site-content-layout":"default","ast-site-content-layout":"default","site-content-style":"default","site-sidebar-style":"default","ast-global-header-display":"","ast-banner-title-visibility":"","ast-main-header-display":"","ast-hfb-above-header-display":"","ast-hfb-below-header-display":"","ast-hfb-mobile-header-display":"","site-post-title":"","ast-breadcrumbs-content":"","ast-featured-img":"","footer-sml-layout":"","ast-disable-related-posts":"","theme-transparent-header-meta":"default","adv-header-id-meta":"","stick-header-meta":"","header-above-stick-meta":"","header-main-stick-meta":"","header-below-stick-meta":"","astra-migrate-meta-layouts":"default","ast-page-background-enabled":"default","ast-page-background-meta":{"desktop":{"background-color":"","background-image":"","background-repeat":"repeat","background-position":"center center","background-size":"auto","background-attachment":"scroll","background-type":"","background-media":"","overlay-type":"","overlay-color":"","overlay-opacity":"","overlay-gradient":""},"tablet":{"background-color":"","background-image":"","background-repeat":"repeat","background-position":"center center","background-size":"auto","background-attachment":"scroll","background-type":"","background-media":"","overlay-type":"","overlay-color":"","overlay-opacity":"","overlay-gradient":""},"mobile":{"background-color":"","background-image":"","background-repeat":"repeat","background-position":"center center","background-size":"auto","background-attachment":"scroll","background-type":"","background-media":"","overlay-type":"","overlay-color":"","overlay-opacity":"","overlay-gradient":""}},"ast-content-background-meta":{"desktop":{"background-color":"var(--ast-global-color-5)","background-image":"","background-repeat":"repeat","background-position":"center center","background-size":"auto","background-attachment":"scroll","background-type":"","background-media":"","overlay-type":"","overlay-color":"","overlay-opacity":"","overlay-gradient":""},"tablet":{"background-color":"var(--ast-global-color-5)","background-image":"","background-repeat":"repeat","background-position":"center center","background-size":"auto","background-attachment":"scroll","background-type":"","background-media":"","overlay-type":"","overlay-color":"","overlay-opacity":"","overlay-gradient":""},"mobile":{"background-color":"var(--ast-global-color-5)","background-image":"","background-repeat":"repeat","background-position":"center center","background-size":"auto","background-attachment":"scroll","background-type":"","background-media":"","overlay-type":"","overlay-color":"","overlay-opacity":"","overlay-gradient":""}}},"product_brand":[],"product_cat":[24],"product_tag":[],"class_list":{"0":"post-624","1":"product","2":"type-product","3":"status-publish","4":"has-post-thumbnail","6":"product_cat-permanent-magnet-brushless-dc-motor","7":"desktop-align-left","8":"tablet-align-left","9":"mobile-align-left","10":"ast-product-gallery-layout-vertical-slider","11":"ast-product-tabs-layout-horizontal","13":"first","14":"instock","15":"shipping-taxable","16":"product-type-simple"},"yoast_head":"<!-- This site is optimized with the Yoast SEO plugin v27.4 - https:\/\/yoast.com\/product\/yoast-seo-wordpress\/ -->\n<title>140 Mid-Mounted Gear Reduction DC Brushless Motor - Jining Huanzhongyu Electromechanical Co., Ltd.<\/title>\n<meta name=\"robots\" content=\"index, follow, max-snippet:-1, max-image-preview:large, max-video-preview:-1\" \/>\n<link rel=\"canonical\" href=\"https:\/\/www.huanyumotor.com\/es\/product\/140-mid-mounted-gear-reduction-dc-brushless-motor\/\" \/>\n<meta property=\"og:locale\" content=\"es_ES\" \/>\n<meta property=\"og:type\" content=\"article\" \/>\n<meta property=\"og:title\" content=\"140 Mid-Mounted Gear Reduction DC Brushless Motor - Jining Huanzhongyu Electromechanical Co., Ltd.\" \/>\n<meta property=\"og:description\" content=\"Integral casting shell, high-strength aluminum alloy body, precision heat dissipation design, heavy-duty power structure, high peak torque, suitable for steep slopes and heavy loads, IP54 sealing technology (seamless shell structure), rust-proof and corrosion-resistant, withstands temperatures from -30\u00b0C to 80\u00b0C, standardized flange brackets (bolt hole positions as shown in the diagram), compatible with 48V\/60V\/72V global voltages.  Suitable for chain drives, commonly used in mountain trikes or modified vehicles.\" \/>\n<meta property=\"og:url\" content=\"https:\/\/www.huanyumotor.com\/es\/product\/140-mid-mounted-gear-reduction-dc-brushless-motor\/\" \/>\n<meta property=\"og:site_name\" content=\"Jining Huanzhongyu Electromechanical Co., Ltd.\" \/>\n<meta property=\"article:publisher\" content=\"https:\/\/www.facebook.com\/profile.php?id=61579475484242&amp;sk=grid\" \/>\n<meta property=\"og:image\" content=\"https:\/\/www.huanyumotor.com\/wp-content\/uploads\/2025\/11\/15_1.jpg\" \/>\n\t<meta property=\"og:image:width\" content=\"800\" \/>\n\t<meta property=\"og:image:height\" content=\"800\" \/>\n\t<meta property=\"og:image:type\" content=\"image\/jpeg\" \/>\n<meta name=\"twitter:card\" content=\"summary_large_image\" \/>\n<meta name=\"twitter:label1\" content=\"Est. reading time\" \/>\n\t<meta name=\"twitter:data1\" content=\"1 minuto\" \/>\n<script type=\"application\/ld+json\" class=\"yoast-schema-graph\">{\"@context\":\"https:\\\/\\\/schema.org\",\"@graph\":[{\"@type\":\"WebPage\",\"@id\":\"https:\\\/\\\/www.huanyumotor.com\\\/product\\\/140-mid-mounted-gear-reduction-dc-brushless-motor\\\/\",\"url\":\"https:\\\/\\\/www.huanyumotor.com\\\/product\\\/140-mid-mounted-gear-reduction-dc-brushless-motor\\\/\",\"name\":\"140 Mid-Mounted Gear Reduction DC Brushless Motor - Jining Huanzhongyu Electromechanical Co., Ltd.\",\"isPartOf\":{\"@id\":\"https:\\\/\\\/www.huanyumotor.com\\\/#website\"},\"primaryImageOfPage\":{\"@id\":\"https:\\\/\\\/www.huanyumotor.com\\\/product\\\/140-mid-mounted-gear-reduction-dc-brushless-motor\\\/#primaryimage\"},\"image\":{\"@id\":\"https:\\\/\\\/www.huanyumotor.com\\\/product\\\/140-mid-mounted-gear-reduction-dc-brushless-motor\\\/#primaryimage\"},\"thumbnailUrl\":\"https:\\\/\\\/www.huanyumotor.com\\\/wp-content\\\/uploads\\\/2025\\\/11\\\/15_1.jpg\",\"datePublished\":\"2025-11-12T02:25:55+00:00\",\"breadcrumb\":{\"@id\":\"https:\\\/\\\/www.huanyumotor.com\\\/product\\\/140-mid-mounted-gear-reduction-dc-brushless-motor\\\/#breadcrumb\"},\"inLanguage\":\"es-UY\",\"potentialAction\":[{\"@type\":\"ReadAction\",\"target\":[\"https:\\\/\\\/www.huanyumotor.com\\\/product\\\/140-mid-mounted-gear-reduction-dc-brushless-motor\\\/\"]}]},{\"@type\":\"ImageObject\",\"inLanguage\":\"es-UY\",\"@id\":\"https:\\\/\\\/www.huanyumotor.com\\\/product\\\/140-mid-mounted-gear-reduction-dc-brushless-motor\\\/#primaryimage\",\"url\":\"https:\\\/\\\/www.huanyumotor.com\\\/wp-content\\\/uploads\\\/2025\\\/11\\\/15_1.jpg\",\"contentUrl\":\"https:\\\/\\\/www.huanyumotor.com\\\/wp-content\\\/uploads\\\/2025\\\/11\\\/15_1.jpg\",\"width\":800,\"height\":800},{\"@type\":\"BreadcrumbList\",\"@id\":\"https:\\\/\\\/www.huanyumotor.com\\\/product\\\/140-mid-mounted-gear-reduction-dc-brushless-motor\\\/#breadcrumb\",\"itemListElement\":[{\"@type\":\"ListItem\",\"position\":1,\"name\":\"\u9996\u9875\",\"item\":\"https:\\\/\\\/www.huanyumotor.com\\\/\"},{\"@type\":\"ListItem\",\"position\":2,\"name\":\"Products\",\"item\":\"https:\\\/\\\/www.huanyumotor.com\\\/products\\\/\"},{\"@type\":\"ListItem\",\"position\":3,\"name\":\"140 Mid-Mounted Gear Reduction DC Brushless Motor\"}]},{\"@type\":\"WebSite\",\"@id\":\"https:\\\/\\\/www.huanyumotor.com\\\/#website\",\"url\":\"https:\\\/\\\/www.huanyumotor.com\\\/\",\"name\":\"Jining Huanzhongyu Electromechanical Co., Ltd.\",\"description\":\"\",\"publisher\":{\"@id\":\"https:\\\/\\\/www.huanyumotor.com\\\/#organization\"},\"potentialAction\":[{\"@type\":\"SearchAction\",\"target\":{\"@type\":\"EntryPoint\",\"urlTemplate\":\"https:\\\/\\\/www.huanyumotor.com\\\/?s={search_term_string}\"},\"query-input\":{\"@type\":\"PropertyValueSpecification\",\"valueRequired\":true,\"valueName\":\"search_term_string\"}}],\"inLanguage\":\"es-UY\"},{\"@type\":\"Organization\",\"@id\":\"https:\\\/\\\/www.huanyumotor.com\\\/#organization\",\"name\":\"Jining Huanzhongyu Electromechanical Co., Ltd.\",\"url\":\"https:\\\/\\\/www.huanyumotor.com\\\/\",\"logo\":{\"@type\":\"ImageObject\",\"inLanguage\":\"es-UY\",\"@id\":\"https:\\\/\\\/www.huanyumotor.com\\\/#\\\/schema\\\/logo\\\/image\\\/\",\"url\":\"https:\\\/\\\/www.huanyumotor.com\\\/wp-content\\\/uploads\\\/2025\\\/11\\\/logo.webp\",\"contentUrl\":\"https:\\\/\\\/www.huanyumotor.com\\\/wp-content\\\/uploads\\\/2025\\\/11\\\/logo.webp\",\"width\":468,\"height\":242,\"caption\":\"Jining Huanzhongyu Electromechanical Co., Ltd.\"},\"image\":{\"@id\":\"https:\\\/\\\/www.huanyumotor.com\\\/#\\\/schema\\\/logo\\\/image\\\/\"},\"sameAs\":[\"https:\\\/\\\/www.facebook.com\\\/profile.php?id=61579475484242&sk=grid\"]}]}<\/script>\n<!-- \/ Yoast SEO plugin. -->","yoast_head_json":{"title":"140 Mid-Mounted Gear Reduction DC Brushless Motor - Jining Huanzhongyu Electromechanical Co., Ltd.","robots":{"index":"index","follow":"follow","max-snippet":"max-snippet:-1","max-image-preview":"max-image-preview:large","max-video-preview":"max-video-preview:-1"},"canonical":"https:\/\/www.huanyumotor.com\/es\/product\/140-mid-mounted-gear-reduction-dc-brushless-motor\/","og_locale":"es_ES","og_type":"article","og_title":"140 Mid-Mounted Gear Reduction DC Brushless Motor - Jining Huanzhongyu Electromechanical Co., Ltd.","og_description":"Integral casting shell, high-strength aluminum alloy body, precision heat dissipation design, heavy-duty power structure, high peak torque, suitable for steep slopes and heavy loads, IP54 sealing technology (seamless shell structure), rust-proof and corrosion-resistant, withstands temperatures from -30\u00b0C to 80\u00b0C, standardized flange brackets (bolt hole positions as shown in the diagram), compatible with 48V\/60V\/72V global voltages.  Suitable for chain drives, commonly used in mountain trikes or modified vehicles.","og_url":"https:\/\/www.huanyumotor.com\/es\/product\/140-mid-mounted-gear-reduction-dc-brushless-motor\/","og_site_name":"Jining Huanzhongyu Electromechanical Co., Ltd.","article_publisher":"https:\/\/www.facebook.com\/profile.php?id=61579475484242&sk=grid","og_image":[{"width":800,"height":800,"url":"https:\/\/www.huanyumotor.com\/wp-content\/uploads\/2025\/11\/15_1.jpg","type":"image\/jpeg"}],"twitter_card":"summary_large_image","twitter_misc":{"Est. reading time":"1 minuto"},"schema":{"@context":"https:\/\/schema.org","@graph":[{"@type":"WebPage","@id":"https:\/\/www.huanyumotor.com\/product\/140-mid-mounted-gear-reduction-dc-brushless-motor\/","url":"https:\/\/www.huanyumotor.com\/product\/140-mid-mounted-gear-reduction-dc-brushless-motor\/","name":"140 Mid-Mounted Gear Reduction DC Brushless Motor - Jining Huanzhongyu Electromechanical Co., Ltd.","isPartOf":{"@id":"https:\/\/www.huanyumotor.com\/#website"},"primaryImageOfPage":{"@id":"https:\/\/www.huanyumotor.com\/product\/140-mid-mounted-gear-reduction-dc-brushless-motor\/#primaryimage"},"image":{"@id":"https:\/\/www.huanyumotor.com\/product\/140-mid-mounted-gear-reduction-dc-brushless-motor\/#primaryimage"},"thumbnailUrl":"https:\/\/www.huanyumotor.com\/wp-content\/uploads\/2025\/11\/15_1.jpg","datePublished":"2025-11-12T02:25:55+00:00","breadcrumb":{"@id":"https:\/\/www.huanyumotor.com\/product\/140-mid-mounted-gear-reduction-dc-brushless-motor\/#breadcrumb"},"inLanguage":"es-UY","potentialAction":[{"@type":"ReadAction","target":["https:\/\/www.huanyumotor.com\/product\/140-mid-mounted-gear-reduction-dc-brushless-motor\/"]}]},{"@type":"ImageObject","inLanguage":"es-UY","@id":"https:\/\/www.huanyumotor.com\/product\/140-mid-mounted-gear-reduction-dc-brushless-motor\/#primaryimage","url":"https:\/\/www.huanyumotor.com\/wp-content\/uploads\/2025\/11\/15_1.jpg","contentUrl":"https:\/\/www.huanyumotor.com\/wp-content\/uploads\/2025\/11\/15_1.jpg","width":800,"height":800},{"@type":"BreadcrumbList","@id":"https:\/\/www.huanyumotor.com\/product\/140-mid-mounted-gear-reduction-dc-brushless-motor\/#breadcrumb","itemListElement":[{"@type":"ListItem","position":1,"name":"\u9996\u9875","item":"https:\/\/www.huanyumotor.com\/"},{"@type":"ListItem","position":2,"name":"Products","item":"https:\/\/www.huanyumotor.com\/products\/"},{"@type":"ListItem","position":3,"name":"140 Mid-Mounted Gear Reduction DC Brushless Motor"}]},{"@type":"WebSite","@id":"https:\/\/www.huanyumotor.com\/#website","url":"https:\/\/www.huanyumotor.com\/","name":"Jining Huanzhongyu Electromechanical Co., Ltd.","description":"","publisher":{"@id":"https:\/\/www.huanyumotor.com\/#organization"},"potentialAction":[{"@type":"SearchAction","target":{"@type":"EntryPoint","urlTemplate":"https:\/\/www.huanyumotor.com\/?s={search_term_string}"},"query-input":{"@type":"PropertyValueSpecification","valueRequired":true,"valueName":"search_term_string"}}],"inLanguage":"es-UY"},{"@type":"Organization","@id":"https:\/\/www.huanyumotor.com\/#organization","name":"Jining Huanzhongyu Electromechanical Co., Ltd.","url":"https:\/\/www.huanyumotor.com\/","logo":{"@type":"ImageObject","inLanguage":"es-UY","@id":"https:\/\/www.huanyumotor.com\/#\/schema\/logo\/image\/","url":"https:\/\/www.huanyumotor.com\/wp-content\/uploads\/2025\/11\/logo.webp","contentUrl":"https:\/\/www.huanyumotor.com\/wp-content\/uploads\/2025\/11\/logo.webp","width":468,"height":242,"caption":"Jining Huanzhongyu Electromechanical Co., Ltd."},"image":{"@id":"https:\/\/www.huanyumotor.com\/#\/schema\/logo\/image\/"},"sameAs":["https:\/\/www.facebook.com\/profile.php?id=61579475484242&sk=grid"]}]}},"_links":{"self":[{"href":"https:\/\/www.huanyumotor.com\/es\/wp-json\/wp\/v2\/product\/624","targetHints":{"allow":["GET"]}}],"collection":[{"href":"https:\/\/www.huanyumotor.com\/es\/wp-json\/wp\/v2\/product"}],"about":[{"href":"https:\/\/www.huanyumotor.com\/es\/wp-json\/wp\/v2\/types\/product"}],"wp:featuredmedia":[{"embeddable":true,"href":"https:\/\/www.huanyumotor.com\/es\/wp-json\/wp\/v2\/media\/625"}],"wp:attachment":[{"href":"https:\/\/www.huanyumotor.com\/es\/wp-json\/wp\/v2\/media?parent=624"}],"wp:term":[{"taxonomy":"product_brand","embeddable":true,"href":"https:\/\/www.huanyumotor.com\/es\/wp-json\/wp\/v2\/product_brand?post=624"},{"taxonomy":"product_cat","embeddable":true,"href":"https:\/\/www.huanyumotor.com\/es\/wp-json\/wp\/v2\/product_cat?post=624"},{"taxonomy":"product_tag","embeddable":true,"href":"https:\/\/www.huanyumotor.com\/es\/wp-json\/wp\/v2\/product_tag?post=624"}],"curies":[{"name":"wp","href":"https:\/\/api.w.org\/{rel}","templated":true}]}}