{"id":629,"date":"2025-11-12T10:27:41","date_gmt":"2025-11-12T02:27:41","guid":{"rendered":"http:\/\/www.huanyumotor.com\/?post_type=product&#038;p=629"},"modified":"2025-11-12T10:27:41","modified_gmt":"2025-11-12T02:27:41","slug":"133-permanent-magnet-dc-brushless-motor-single-key-shaft","status":"publish","type":"product","link":"https:\/\/www.huanyumotor.com\/es\/product\/133-permanent-magnet-dc-brushless-motor-single-key-shaft\/","title":{"rendered":"133 Motor sin escobillas de CC de imanes permanentes Eje de una sola llave"},"content":{"rendered":"<p>Presentaci\u00f3n del producto<br \/>\nEl motor 133 de onda cuadrada (motor de corriente continua sin escobillas) es un motor de alta potencia, alta velocidad y alto par. Su alto par y baja velocidad lo hacen adecuado para el transporte de carga pesada. El rango de potencia del motor 133 es de 1000W a 2200W.<br \/>\nVentajas del producto<br \/>\n**Alta eficiencia**<br \/>\n1. **Alta densidad de potencia**: El motor de corriente continua sin escobillas utiliza imanes permanentes para la excitaci\u00f3n, lo que le permite ofrecer una mayor potencia de salida dentro del mismo volumen o peso, lo que resulta en una mayor eficiencia.<br \/>\n2. **Bajas p\u00e9rdidas por fricci\u00f3n**: El dise\u00f1o sin escobillas elimina las p\u00e9rdidas por fricci\u00f3n asociadas a las escobillas y conmutadores de los motores de CC tradicionales, mejorando la eficiencia global. Esta alta eficiencia permite al Motor 133 Square Wave funcionar con un menor consumo de energ\u00eda y mantener la estabilidad durante periodos prolongados.<br \/>\n**Alto par de salida**<br \/>\n1. **Alta densidad de par**: El campo magn\u00e9tico m\u00e1s intenso generado por los imanes permanentes en los motores de CC sin escobillas permite una mayor salida de par dentro del mismo volumen o peso. Esta caracter\u00edstica hace que el motor 133 de onda cuadrada sea ideal para aplicaciones pesadas que requieren un par elevado.<br \/>\n**Caracter\u00edsticas operativas superiores<br \/>\n1. **Arranque suave**: Especialmente en las configuraciones de estator ranurado, el motor 138 Square Wave proporciona un arranque m\u00e1s suave, reduciendo los choques y vibraciones iniciales para mejorar el confort de marcha.<\/p>\n<p>2. **Bajo ruido**: El dise\u00f1o sin escobillas elimina el ruido relacionado con las escobillas, reduciendo significativamente el ruido general de funcionamiento del motor.<\/p>\n<p>Esta caracter\u00edstica es crucial para entornos poco ruidosos, como los rickshaws de pasajeros.<\/p>\n<p>&nbsp;<\/p>\n<p>**Longevidad**<br \/>\n1. **Sin componentes de desgaste**: El dise\u00f1o sin escobillas elimina los componentes vulnerables (escobillas y conmutadores) de los motores de CC tradicionales, lo que prolonga la vida \u00fatil del motor.<\/p>\n<p>2. **Alta fiabilidad**: El controlador electr\u00f3nico gestiona la conmutaci\u00f3n en los motores de CC sin escobillas, simplificando los componentes mec\u00e1nicos y reduciendo las tasas de fallo, lo que mejora la fiabilidad general.<\/p>\n<p>**\u00c1mbito de aplicaci\u00f3n**<br \/>\n1. **Amplio rango de potencia**: El rango de potencia del Motor 133 de Onda Cuadrada de 1000W a 2200W satisface diversos requisitos de potencia en varias aplicaciones.<\/p>\n<p>2. **Amplia aplicabilidad**: Desde el transporte de carga pesada hasta los rickshaws de pasajeros, el excepcional rendimiento del Motor de Onda Cuadrada 133 lo hace adecuado para aplicaciones en veh\u00edculos el\u00e9ctricos, automatizaci\u00f3n industrial y sectores del transporte.<\/p>\n<p>En resumen, el alto rendimiento, el elevado par de salida, las caracter\u00edsticas de funcionamiento superiores, la larga vida \u00fatil y la amplia gama de aplicaciones del motor 133 de onda cuadrada lo convierten en la opci\u00f3n ideal para numerosas aplicaciones que requieren motores el\u00e9ctricos de alto rendimiento.<\/p>\n<table width=\"701\">\n<tbody>\n<tr>\n<td colspan=\"4\" width=\"701\">Par\u00e1metros de especificaci\u00f3n del producto<\/td>\n<\/tr>\n<tr>\n<td width=\"129\">tensi\u00f3n nominal<\/td>\n<td width=\"224\">24V\/36V\/48V\/60V\/72V\/80V<\/td>\n<td width=\"151\">potencia nominal<\/td>\n<td width=\"197\">1000W~2200W<\/td>\n<\/tr>\n<tr>\n<td>N\u00famero de fase del motor<\/td>\n<td>Trif\u00e1sico<\/td>\n<td width=\"151\">velocidad nominal<\/td>\n<td width=\"197\">1500rpm\/3200rpm<\/td>\n<\/tr>\n<tr>\n<td width=\"129\">altura del rotor<\/td>\n<td width=\"224\">50mm~80mm<\/td>\n<td width=\"151\">Grado magn\u00e9tico<\/td>\n<td width=\"197\">38H<\/td>\n<\/tr>\n<tr>\n<td width=\"129\">Color del motor<\/td>\n<td width=\"224\">Plata<\/td>\n<td width=\"151\">eje del motor<\/td>\n<td width=\"197\">Eje de chavetero (personalizado)<\/td>\n<\/tr>\n<tr>\n<td width=\"129\">clasificaci\u00f3n t\u00e9rmica<\/td>\n<td width=\"224\">F<\/td>\n<td width=\"151\">sensor de posici\u00f3n<\/td>\n<td width=\"197\">Hall (5 patillas)<\/td>\n<\/tr>\n<tr>\n<td width=\"129\">Nivel de protecci\u00f3n<\/td>\n<td width=\"224\">IP54<\/td>\n<td width=\"151\">M\u00e9todo de control<\/td>\n<td width=\"197\">Control de onda cuadrada<\/td>\n<\/tr>\n<tr>\n<td width=\"129\">\u00a0 par polar<\/td>\n<td width=\"224\">4<\/td>\n<td width=\"151\">sistema de trabajo<\/td>\n<td width=\"197\">S2 60 min<\/td>\n<\/tr>\n<tr>\n<td>M\u00e9todo de instalaci\u00f3n<\/td>\n<td>B3\/B5<\/td>\n<td><\/td>\n<td><\/td>\n<\/tr>\n<\/tbody>\n<\/table>\n<p>Entorno operativo del producto<\/p>\n<table style=\"border-collapse: collapse; width: 264.77pt;\" border=\"0\" width=\"353\" cellspacing=\"0\" cellpadding=\"0\">\n<tbody>\n<tr style=\"height: 51.75pt;\">\n<td class=\"et2\" style=\"height: 51.75pt; width: 96.75pt;\" width=\"129\" height=\"69\">Temperatura de trabajo<\/td>\n<td class=\"et2\" style=\"width: 168.00pt;\" width=\"224\">motor\uff1a-40\u2103\uff5e55\u2103<\/td>\n<\/tr>\n<tr style=\"height: 17.25pt;\">\n<td class=\"et2\" style=\"height: 17.25pt; width: 96.75pt;\" width=\"129\" height=\"23\">humedad<\/td>\n<td class=\"et2\" style=\"width: 168.00pt;\" width=\"224\">0\uff5e95%<\/td>\n<\/tr>\n<\/tbody>\n<\/table>","protected":false},"excerpt":{"rendered":"<p>El motor 133 de onda cuadrada (motor de corriente continua sin escobillas) es un motor de alta potencia, alta velocidad y alto par. Su alto par y baja velocidad lo hacen adecuado para el transporte de carga pesada. El rango de potencia del motor 133 es de 1000W a 2200W.<\/p>","protected":false},"featured_media":630,"template":"","meta":{"site-sidebar-layout":"default","site-content-layout":"default","ast-site-content-layout":"default","site-content-style":"default","site-sidebar-style":"default","ast-global-header-display":"","ast-banner-title-visibility":"","ast-main-header-display":"","ast-hfb-above-header-display":"","ast-hfb-below-header-display":"","ast-hfb-mobile-header-display":"","site-post-title":"","ast-breadcrumbs-content":"","ast-featured-img":"","footer-sml-layout":"","ast-disable-related-posts":"","theme-transparent-header-meta":"default","adv-header-id-meta":"","stick-header-meta":"","header-above-stick-meta":"","header-main-stick-meta":"","header-below-stick-meta":"","astra-migrate-meta-layouts":"default","ast-page-background-enabled":"default","ast-page-background-meta":{"desktop":{"background-color":"","background-image":"","background-repeat":"repeat","background-position":"center center","background-size":"auto","background-attachment":"scroll","background-type":"","background-media":"","overlay-type":"","overlay-color":"","overlay-opacity":"","overlay-gradient":""},"tablet":{"background-color":"","background-image":"","background-repeat":"repeat","background-position":"center center","background-size":"auto","background-attachment":"scroll","background-type":"","background-media":"","overlay-type":"","overlay-color":"","overlay-opacity":"","overlay-gradient":""},"mobile":{"background-color":"","background-image":"","background-repeat":"repeat","background-position":"center center","background-size":"auto","background-attachment":"scroll","background-type":"","background-media":"","overlay-type":"","overlay-color":"","overlay-opacity":"","overlay-gradient":""}},"ast-content-background-meta":{"desktop":{"background-color":"var(--ast-global-color-5)","background-image":"","background-repeat":"repeat","background-position":"center center","background-size":"auto","background-attachment":"scroll","background-type":"","background-media":"","overlay-type":"","overlay-color":"","overlay-opacity":"","overlay-gradient":""},"tablet":{"background-color":"var(--ast-global-color-5)","background-image":"","background-repeat":"repeat","background-position":"center center","background-size":"auto","background-attachment":"scroll","background-type":"","background-media":"","overlay-type":"","overlay-color":"","overlay-opacity":"","overlay-gradient":""},"mobile":{"background-color":"var(--ast-global-color-5)","background-image":"","background-repeat":"repeat","background-position":"center center","background-size":"auto","background-attachment":"scroll","background-type":"","background-media":"","overlay-type":"","overlay-color":"","overlay-opacity":"","overlay-gradient":""}}},"product_brand":[],"product_cat":[24],"product_tag":[],"class_list":{"0":"post-629","1":"product","2":"type-product","3":"status-publish","4":"has-post-thumbnail","6":"product_cat-permanent-magnet-brushless-dc-motor","7":"desktop-align-left","8":"tablet-align-left","9":"mobile-align-left","10":"ast-product-gallery-layout-vertical-slider","11":"ast-product-tabs-layout-horizontal","13":"first","14":"instock","15":"shipping-taxable","16":"product-type-simple"},"yoast_head":"<!-- This site is optimized with the Yoast SEO plugin v27.4 - https:\/\/yoast.com\/product\/yoast-seo-wordpress\/ -->\n<title>133 Permanent Magnet DC Brushless Motor Single Key Shaft - Jining Huanzhongyu Electromechanical Co., Ltd.<\/title>\n<meta name=\"robots\" content=\"index, follow, max-snippet:-1, max-image-preview:large, max-video-preview:-1\" \/>\n<link rel=\"canonical\" href=\"https:\/\/www.huanyumotor.com\/es\/product\/133-permanent-magnet-dc-brushless-motor-single-key-shaft\/\" \/>\n<meta property=\"og:locale\" content=\"es_ES\" \/>\n<meta property=\"og:type\" content=\"article\" \/>\n<meta property=\"og:title\" content=\"133 Permanent Magnet DC Brushless Motor Single Key Shaft - Jining Huanzhongyu Electromechanical Co., Ltd.\" \/>\n<meta property=\"og:description\" content=\"The 133 Square Wave Motor (Brushless DC Motor) is a high-power, high-speed, and high-torque motor. Its high torque and low speed make it suitable for heavy-duty cargo transportation. The power range of the 133 Square Wave Motor is 1000W to 2200W.\" \/>\n<meta property=\"og:url\" content=\"https:\/\/www.huanyumotor.com\/es\/product\/133-permanent-magnet-dc-brushless-motor-single-key-shaft\/\" \/>\n<meta property=\"og:site_name\" content=\"Jining Huanzhongyu Electromechanical Co., Ltd.\" \/>\n<meta property=\"article:publisher\" content=\"https:\/\/www.facebook.com\/profile.php?id=61579475484242&amp;sk=grid\" \/>\n<meta property=\"og:image\" content=\"https:\/\/www.huanyumotor.com\/wp-content\/uploads\/2025\/11\/13_1.jpg\" \/>\n\t<meta property=\"og:image:width\" content=\"800\" \/>\n\t<meta property=\"og:image:height\" content=\"800\" \/>\n\t<meta property=\"og:image:type\" content=\"image\/jpeg\" \/>\n<meta name=\"twitter:card\" content=\"summary_large_image\" \/>\n<meta name=\"twitter:label1\" content=\"Est. reading time\" \/>\n\t<meta name=\"twitter:data1\" content=\"2 minutos\" \/>\n<script type=\"application\/ld+json\" class=\"yoast-schema-graph\">{\"@context\":\"https:\\\/\\\/schema.org\",\"@graph\":[{\"@type\":\"WebPage\",\"@id\":\"https:\\\/\\\/www.huanyumotor.com\\\/product\\\/133-permanent-magnet-dc-brushless-motor-single-key-shaft\\\/\",\"url\":\"https:\\\/\\\/www.huanyumotor.com\\\/product\\\/133-permanent-magnet-dc-brushless-motor-single-key-shaft\\\/\",\"name\":\"133 Permanent Magnet DC Brushless Motor Single Key Shaft - Jining Huanzhongyu Electromechanical Co., Ltd.\",\"isPartOf\":{\"@id\":\"https:\\\/\\\/www.huanyumotor.com\\\/#website\"},\"primaryImageOfPage\":{\"@id\":\"https:\\\/\\\/www.huanyumotor.com\\\/product\\\/133-permanent-magnet-dc-brushless-motor-single-key-shaft\\\/#primaryimage\"},\"image\":{\"@id\":\"https:\\\/\\\/www.huanyumotor.com\\\/product\\\/133-permanent-magnet-dc-brushless-motor-single-key-shaft\\\/#primaryimage\"},\"thumbnailUrl\":\"https:\\\/\\\/www.huanyumotor.com\\\/wp-content\\\/uploads\\\/2025\\\/11\\\/13_1.jpg\",\"datePublished\":\"2025-11-12T02:27:41+00:00\",\"breadcrumb\":{\"@id\":\"https:\\\/\\\/www.huanyumotor.com\\\/product\\\/133-permanent-magnet-dc-brushless-motor-single-key-shaft\\\/#breadcrumb\"},\"inLanguage\":\"es-UY\",\"potentialAction\":[{\"@type\":\"ReadAction\",\"target\":[\"https:\\\/\\\/www.huanyumotor.com\\\/product\\\/133-permanent-magnet-dc-brushless-motor-single-key-shaft\\\/\"]}]},{\"@type\":\"ImageObject\",\"inLanguage\":\"es-UY\",\"@id\":\"https:\\\/\\\/www.huanyumotor.com\\\/product\\\/133-permanent-magnet-dc-brushless-motor-single-key-shaft\\\/#primaryimage\",\"url\":\"https:\\\/\\\/www.huanyumotor.com\\\/wp-content\\\/uploads\\\/2025\\\/11\\\/13_1.jpg\",\"contentUrl\":\"https:\\\/\\\/www.huanyumotor.com\\\/wp-content\\\/uploads\\\/2025\\\/11\\\/13_1.jpg\",\"width\":800,\"height\":800},{\"@type\":\"BreadcrumbList\",\"@id\":\"https:\\\/\\\/www.huanyumotor.com\\\/product\\\/133-permanent-magnet-dc-brushless-motor-single-key-shaft\\\/#breadcrumb\",\"itemListElement\":[{\"@type\":\"ListItem\",\"position\":1,\"name\":\"\u9996\u9875\",\"item\":\"https:\\\/\\\/www.huanyumotor.com\\\/\"},{\"@type\":\"ListItem\",\"position\":2,\"name\":\"Products\",\"item\":\"https:\\\/\\\/www.huanyumotor.com\\\/products\\\/\"},{\"@type\":\"ListItem\",\"position\":3,\"name\":\"133 Permanent Magnet DC Brushless Motor Single Key Shaft\"}]},{\"@type\":\"WebSite\",\"@id\":\"https:\\\/\\\/www.huanyumotor.com\\\/#website\",\"url\":\"https:\\\/\\\/www.huanyumotor.com\\\/\",\"name\":\"Jining Huanzhongyu Electromechanical Co., Ltd.\",\"description\":\"\",\"publisher\":{\"@id\":\"https:\\\/\\\/www.huanyumotor.com\\\/#organization\"},\"potentialAction\":[{\"@type\":\"SearchAction\",\"target\":{\"@type\":\"EntryPoint\",\"urlTemplate\":\"https:\\\/\\\/www.huanyumotor.com\\\/?s={search_term_string}\"},\"query-input\":{\"@type\":\"PropertyValueSpecification\",\"valueRequired\":true,\"valueName\":\"search_term_string\"}}],\"inLanguage\":\"es-UY\"},{\"@type\":\"Organization\",\"@id\":\"https:\\\/\\\/www.huanyumotor.com\\\/#organization\",\"name\":\"Jining Huanzhongyu Electromechanical Co., Ltd.\",\"url\":\"https:\\\/\\\/www.huanyumotor.com\\\/\",\"logo\":{\"@type\":\"ImageObject\",\"inLanguage\":\"es-UY\",\"@id\":\"https:\\\/\\\/www.huanyumotor.com\\\/#\\\/schema\\\/logo\\\/image\\\/\",\"url\":\"https:\\\/\\\/www.huanyumotor.com\\\/wp-content\\\/uploads\\\/2025\\\/11\\\/logo.webp\",\"contentUrl\":\"https:\\\/\\\/www.huanyumotor.com\\\/wp-content\\\/uploads\\\/2025\\\/11\\\/logo.webp\",\"width\":468,\"height\":242,\"caption\":\"Jining Huanzhongyu Electromechanical Co., Ltd.\"},\"image\":{\"@id\":\"https:\\\/\\\/www.huanyumotor.com\\\/#\\\/schema\\\/logo\\\/image\\\/\"},\"sameAs\":[\"https:\\\/\\\/www.facebook.com\\\/profile.php?id=61579475484242&sk=grid\"]}]}<\/script>\n<!-- \/ Yoast SEO plugin. -->","yoast_head_json":{"title":"133 Permanent Magnet DC Brushless Motor Single Key Shaft - Jining Huanzhongyu Electromechanical Co., Ltd.","robots":{"index":"index","follow":"follow","max-snippet":"max-snippet:-1","max-image-preview":"max-image-preview:large","max-video-preview":"max-video-preview:-1"},"canonical":"https:\/\/www.huanyumotor.com\/es\/product\/133-permanent-magnet-dc-brushless-motor-single-key-shaft\/","og_locale":"es_ES","og_type":"article","og_title":"133 Permanent Magnet DC Brushless Motor Single Key Shaft - Jining Huanzhongyu Electromechanical Co., Ltd.","og_description":"The 133 Square Wave Motor (Brushless DC Motor) is a high-power, high-speed, and high-torque motor. Its high torque and low speed make it suitable for heavy-duty cargo transportation. The power range of the 133 Square Wave Motor is 1000W to 2200W.","og_url":"https:\/\/www.huanyumotor.com\/es\/product\/133-permanent-magnet-dc-brushless-motor-single-key-shaft\/","og_site_name":"Jining Huanzhongyu Electromechanical Co., Ltd.","article_publisher":"https:\/\/www.facebook.com\/profile.php?id=61579475484242&sk=grid","og_image":[{"width":800,"height":800,"url":"https:\/\/www.huanyumotor.com\/wp-content\/uploads\/2025\/11\/13_1.jpg","type":"image\/jpeg"}],"twitter_card":"summary_large_image","twitter_misc":{"Est. reading time":"2 minutos"},"schema":{"@context":"https:\/\/schema.org","@graph":[{"@type":"WebPage","@id":"https:\/\/www.huanyumotor.com\/product\/133-permanent-magnet-dc-brushless-motor-single-key-shaft\/","url":"https:\/\/www.huanyumotor.com\/product\/133-permanent-magnet-dc-brushless-motor-single-key-shaft\/","name":"133 Permanent Magnet DC Brushless Motor Single Key Shaft - Jining Huanzhongyu Electromechanical Co., Ltd.","isPartOf":{"@id":"https:\/\/www.huanyumotor.com\/#website"},"primaryImageOfPage":{"@id":"https:\/\/www.huanyumotor.com\/product\/133-permanent-magnet-dc-brushless-motor-single-key-shaft\/#primaryimage"},"image":{"@id":"https:\/\/www.huanyumotor.com\/product\/133-permanent-magnet-dc-brushless-motor-single-key-shaft\/#primaryimage"},"thumbnailUrl":"https:\/\/www.huanyumotor.com\/wp-content\/uploads\/2025\/11\/13_1.jpg","datePublished":"2025-11-12T02:27:41+00:00","breadcrumb":{"@id":"https:\/\/www.huanyumotor.com\/product\/133-permanent-magnet-dc-brushless-motor-single-key-shaft\/#breadcrumb"},"inLanguage":"es-UY","potentialAction":[{"@type":"ReadAction","target":["https:\/\/www.huanyumotor.com\/product\/133-permanent-magnet-dc-brushless-motor-single-key-shaft\/"]}]},{"@type":"ImageObject","inLanguage":"es-UY","@id":"https:\/\/www.huanyumotor.com\/product\/133-permanent-magnet-dc-brushless-motor-single-key-shaft\/#primaryimage","url":"https:\/\/www.huanyumotor.com\/wp-content\/uploads\/2025\/11\/13_1.jpg","contentUrl":"https:\/\/www.huanyumotor.com\/wp-content\/uploads\/2025\/11\/13_1.jpg","width":800,"height":800},{"@type":"BreadcrumbList","@id":"https:\/\/www.huanyumotor.com\/product\/133-permanent-magnet-dc-brushless-motor-single-key-shaft\/#breadcrumb","itemListElement":[{"@type":"ListItem","position":1,"name":"\u9996\u9875","item":"https:\/\/www.huanyumotor.com\/"},{"@type":"ListItem","position":2,"name":"Products","item":"https:\/\/www.huanyumotor.com\/products\/"},{"@type":"ListItem","position":3,"name":"133 Permanent Magnet DC Brushless Motor Single Key Shaft"}]},{"@type":"WebSite","@id":"https:\/\/www.huanyumotor.com\/#website","url":"https:\/\/www.huanyumotor.com\/","name":"Jining Huanzhongyu Electromechanical Co., Ltd.","description":"","publisher":{"@id":"https:\/\/www.huanyumotor.com\/#organization"},"potentialAction":[{"@type":"SearchAction","target":{"@type":"EntryPoint","urlTemplate":"https:\/\/www.huanyumotor.com\/?s={search_term_string}"},"query-input":{"@type":"PropertyValueSpecification","valueRequired":true,"valueName":"search_term_string"}}],"inLanguage":"es-UY"},{"@type":"Organization","@id":"https:\/\/www.huanyumotor.com\/#organization","name":"Jining Huanzhongyu Electromechanical Co., Ltd.","url":"https:\/\/www.huanyumotor.com\/","logo":{"@type":"ImageObject","inLanguage":"es-UY","@id":"https:\/\/www.huanyumotor.com\/#\/schema\/logo\/image\/","url":"https:\/\/www.huanyumotor.com\/wp-content\/uploads\/2025\/11\/logo.webp","contentUrl":"https:\/\/www.huanyumotor.com\/wp-content\/uploads\/2025\/11\/logo.webp","width":468,"height":242,"caption":"Jining Huanzhongyu Electromechanical Co., Ltd."},"image":{"@id":"https:\/\/www.huanyumotor.com\/#\/schema\/logo\/image\/"},"sameAs":["https:\/\/www.facebook.com\/profile.php?id=61579475484242&sk=grid"]}]}},"_links":{"self":[{"href":"https:\/\/www.huanyumotor.com\/es\/wp-json\/wp\/v2\/product\/629","targetHints":{"allow":["GET"]}}],"collection":[{"href":"https:\/\/www.huanyumotor.com\/es\/wp-json\/wp\/v2\/product"}],"about":[{"href":"https:\/\/www.huanyumotor.com\/es\/wp-json\/wp\/v2\/types\/product"}],"wp:featuredmedia":[{"embeddable":true,"href":"https:\/\/www.huanyumotor.com\/es\/wp-json\/wp\/v2\/media\/630"}],"wp:attachment":[{"href":"https:\/\/www.huanyumotor.com\/es\/wp-json\/wp\/v2\/media?parent=629"}],"wp:term":[{"taxonomy":"product_brand","embeddable":true,"href":"https:\/\/www.huanyumotor.com\/es\/wp-json\/wp\/v2\/product_brand?post=629"},{"taxonomy":"product_cat","embeddable":true,"href":"https:\/\/www.huanyumotor.com\/es\/wp-json\/wp\/v2\/product_cat?post=629"},{"taxonomy":"product_tag","embeddable":true,"href":"https:\/\/www.huanyumotor.com\/es\/wp-json\/wp\/v2\/product_tag?post=629"}],"curies":[{"name":"wp","href":"https:\/\/api.w.org\/{rel}","templated":true}]}}