{"id":665,"date":"2025-11-12T10:35:35","date_gmt":"2025-11-12T02:35:35","guid":{"rendered":"http:\/\/www.huanyumotor.com\/?post_type=product&#038;p=665"},"modified":"2025-11-12T10:35:35","modified_gmt":"2025-11-12T02:35:35","slug":"ms-series-aluminum-shell-electric-motor","status":"publish","type":"product","link":"https:\/\/www.huanyumotor.com\/es\/product\/ms-series-aluminum-shell-electric-motor\/","title":{"rendered":"Motor el\u00e9ctrico de carcasa de aluminio serie MS"},"content":{"rendered":"<p>El motor as\u00edncrono trif\u00e1sico con carcasa de aluminio serie MS cumple con las normas pertinentes de la Asociaci\u00f3n Electrot\u00e9cnica Internacional (IEC), utiliza materias primas de alta calidad y adopta el nuevo dise\u00f1o general de Zui. Tiene las ventajas de buen rendimiento, bajo ruido, peque\u00f1a vibraci\u00f3n, operaci\u00f3n segura y confiable, apariencia hermosa, tama\u00f1o peque\u00f1o, peso ligero, estructura simple y f\u00e1cil mantenimiento.<\/p>\n<p>Condiciones de uso:<br \/>\nTemperatura ambiente: -15 \u00b0C<br \/>\nAltitud: no superior a 1000 m<br \/>\nTensi\u00f3n nominal: \u00b1 5%<br \/>\nFrecuencia nominal: 50 Hz, 60 Hz<br \/>\nNivel de protecci\u00f3n: IP54 o IP55 absoluto<br \/>\nNivel de borde: f, b<br \/>\nM\u00e9todo de refrigeraci\u00f3n: ic0141<br \/>\nModo de trabajo: continuo s1<\/p>","protected":false},"excerpt":{"rendered":"<p>El motor as\u00edncrono trif\u00e1sico con carcasa de aluminio serie MS cumple con las normas pertinentes de la Asociaci\u00f3n Electrot\u00e9cnica Internacional (IEC), utiliza materias primas de alta calidad y adopta el nuevo dise\u00f1o general de Zui. Tiene las ventajas de buen rendimiento, bajo ruido, peque\u00f1a vibraci\u00f3n, operaci\u00f3n segura y confiable, apariencia hermosa, tama\u00f1o peque\u00f1o, peso ligero, estructura simple y f\u00e1cil mantenimiento.<\/p>","protected":false},"featured_media":666,"template":"","meta":{"site-sidebar-layout":"default","site-content-layout":"default","ast-site-content-layout":"default","site-content-style":"default","site-sidebar-style":"default","ast-global-header-display":"","ast-banner-title-visibility":"","ast-main-header-display":"","ast-hfb-above-header-display":"","ast-hfb-below-header-display":"","ast-hfb-mobile-header-display":"","site-post-title":"","ast-breadcrumbs-content":"","ast-featured-img":"","footer-sml-layout":"","ast-disable-related-posts":"","theme-transparent-header-meta":"default","adv-header-id-meta":"","stick-header-meta":"","header-above-stick-meta":"","header-main-stick-meta":"","header-below-stick-meta":"","astra-migrate-meta-layouts":"default","ast-page-background-enabled":"default","ast-page-background-meta":{"desktop":{"background-color":"","background-image":"","background-repeat":"repeat","background-position":"center center","background-size":"auto","background-attachment":"scroll","background-type":"","background-media":"","overlay-type":"","overlay-color":"","overlay-opacity":"","overlay-gradient":""},"tablet":{"background-color":"","background-image":"","background-repeat":"repeat","background-position":"center center","background-size":"auto","background-attachment":"scroll","background-type":"","background-media":"","overlay-type":"","overlay-color":"","overlay-opacity":"","overlay-gradient":""},"mobile":{"background-color":"","background-image":"","background-repeat":"repeat","background-position":"center center","background-size":"auto","background-attachment":"scroll","background-type":"","background-media":"","overlay-type":"","overlay-color":"","overlay-opacity":"","overlay-gradient":""}},"ast-content-background-meta":{"desktop":{"background-color":"var(--ast-global-color-5)","background-image":"","background-repeat":"repeat","background-position":"center center","background-size":"auto","background-attachment":"scroll","background-type":"","background-media":"","overlay-type":"","overlay-color":"","overlay-opacity":"","overlay-gradient":""},"tablet":{"background-color":"var(--ast-global-color-5)","background-image":"","background-repeat":"repeat","background-position":"center center","background-size":"auto","background-attachment":"scroll","background-type":"","background-media":"","overlay-type":"","overlay-color":"","overlay-opacity":"","overlay-gradient":""},"mobile":{"background-color":"var(--ast-global-color-5)","background-image":"","background-repeat":"repeat","background-position":"center center","background-size":"auto","background-attachment":"scroll","background-type":"","background-media":"","overlay-type":"","overlay-color":"","overlay-opacity":"","overlay-gradient":""}}},"product_brand":[],"product_cat":[21],"product_tag":[],"class_list":{"0":"post-665","1":"product","2":"type-product","3":"status-publish","4":"has-post-thumbnail","6":"product_cat-three-phase-asynchronous-ac-motor","7":"desktop-align-left","8":"tablet-align-left","9":"mobile-align-left","10":"ast-product-gallery-layout-vertical-slider","11":"ast-product-tabs-layout-horizontal","13":"first","14":"instock","15":"shipping-taxable","16":"product-type-simple"},"yoast_head":"<!-- This site is optimized with the Yoast SEO plugin v27.4 - https:\/\/yoast.com\/product\/yoast-seo-wordpress\/ -->\n<title>MS series aluminum shell electric motor - Jining Huanzhongyu Electromechanical Co., Ltd.<\/title>\n<meta name=\"robots\" content=\"index, follow, max-snippet:-1, max-image-preview:large, max-video-preview:-1\" \/>\n<link rel=\"canonical\" href=\"https:\/\/www.huanyumotor.com\/es\/product\/ms-series-aluminum-shell-electric-motor\/\" \/>\n<meta property=\"og:locale\" content=\"es_ES\" \/>\n<meta property=\"og:type\" content=\"article\" \/>\n<meta property=\"og:title\" content=\"MS series aluminum shell electric motor - Jining Huanzhongyu Electromechanical Co., Ltd.\" \/>\n<meta property=\"og:description\" content=\"The MS series aluminum shell three-phase asynchronous motor complies with the relevant regulations of the International Electrotechnical Association (IEC), uses high-quality raw materials, and adopts Zui&#039;s new overall design. It has the advantages of good performance, low noise, small vibration, safe and reliable operation, beautiful appearance, small size, light weight, simple structure, and easy maintenance.\" \/>\n<meta property=\"og:url\" content=\"https:\/\/www.huanyumotor.com\/es\/product\/ms-series-aluminum-shell-electric-motor\/\" \/>\n<meta property=\"og:site_name\" content=\"Jining Huanzhongyu Electromechanical Co., Ltd.\" \/>\n<meta property=\"article:publisher\" content=\"https:\/\/www.facebook.com\/profile.php?id=61579475484242&amp;sk=grid\" \/>\n<meta property=\"og:image\" content=\"https:\/\/www.huanyumotor.com\/wp-content\/uploads\/2025\/11\/5_1.jpg\" \/>\n\t<meta property=\"og:image:width\" content=\"800\" \/>\n\t<meta property=\"og:image:height\" content=\"800\" \/>\n\t<meta property=\"og:image:type\" content=\"image\/jpeg\" \/>\n<meta name=\"twitter:card\" content=\"summary_large_image\" \/>\n<script type=\"application\/ld+json\" class=\"yoast-schema-graph\">{\"@context\":\"https:\\\/\\\/schema.org\",\"@graph\":[{\"@type\":\"WebPage\",\"@id\":\"https:\\\/\\\/www.huanyumotor.com\\\/product\\\/ms-series-aluminum-shell-electric-motor\\\/\",\"url\":\"https:\\\/\\\/www.huanyumotor.com\\\/product\\\/ms-series-aluminum-shell-electric-motor\\\/\",\"name\":\"MS series aluminum shell electric motor - Jining Huanzhongyu Electromechanical Co., Ltd.\",\"isPartOf\":{\"@id\":\"https:\\\/\\\/www.huanyumotor.com\\\/#website\"},\"primaryImageOfPage\":{\"@id\":\"https:\\\/\\\/www.huanyumotor.com\\\/product\\\/ms-series-aluminum-shell-electric-motor\\\/#primaryimage\"},\"image\":{\"@id\":\"https:\\\/\\\/www.huanyumotor.com\\\/product\\\/ms-series-aluminum-shell-electric-motor\\\/#primaryimage\"},\"thumbnailUrl\":\"https:\\\/\\\/www.huanyumotor.com\\\/wp-content\\\/uploads\\\/2025\\\/11\\\/5_1.jpg\",\"datePublished\":\"2025-11-12T02:35:35+00:00\",\"breadcrumb\":{\"@id\":\"https:\\\/\\\/www.huanyumotor.com\\\/product\\\/ms-series-aluminum-shell-electric-motor\\\/#breadcrumb\"},\"inLanguage\":\"es-UY\",\"potentialAction\":[{\"@type\":\"ReadAction\",\"target\":[\"https:\\\/\\\/www.huanyumotor.com\\\/product\\\/ms-series-aluminum-shell-electric-motor\\\/\"]}]},{\"@type\":\"ImageObject\",\"inLanguage\":\"es-UY\",\"@id\":\"https:\\\/\\\/www.huanyumotor.com\\\/product\\\/ms-series-aluminum-shell-electric-motor\\\/#primaryimage\",\"url\":\"https:\\\/\\\/www.huanyumotor.com\\\/wp-content\\\/uploads\\\/2025\\\/11\\\/5_1.jpg\",\"contentUrl\":\"https:\\\/\\\/www.huanyumotor.com\\\/wp-content\\\/uploads\\\/2025\\\/11\\\/5_1.jpg\",\"width\":800,\"height\":800},{\"@type\":\"BreadcrumbList\",\"@id\":\"https:\\\/\\\/www.huanyumotor.com\\\/product\\\/ms-series-aluminum-shell-electric-motor\\\/#breadcrumb\",\"itemListElement\":[{\"@type\":\"ListItem\",\"position\":1,\"name\":\"\u9996\u9875\",\"item\":\"https:\\\/\\\/www.huanyumotor.com\\\/\"},{\"@type\":\"ListItem\",\"position\":2,\"name\":\"Products\",\"item\":\"https:\\\/\\\/www.huanyumotor.com\\\/products\\\/\"},{\"@type\":\"ListItem\",\"position\":3,\"name\":\"MS series aluminum shell electric motor\"}]},{\"@type\":\"WebSite\",\"@id\":\"https:\\\/\\\/www.huanyumotor.com\\\/#website\",\"url\":\"https:\\\/\\\/www.huanyumotor.com\\\/\",\"name\":\"Jining Huanzhongyu Electromechanical Co., Ltd.\",\"description\":\"\",\"publisher\":{\"@id\":\"https:\\\/\\\/www.huanyumotor.com\\\/#organization\"},\"potentialAction\":[{\"@type\":\"SearchAction\",\"target\":{\"@type\":\"EntryPoint\",\"urlTemplate\":\"https:\\\/\\\/www.huanyumotor.com\\\/?s={search_term_string}\"},\"query-input\":{\"@type\":\"PropertyValueSpecification\",\"valueRequired\":true,\"valueName\":\"search_term_string\"}}],\"inLanguage\":\"es-UY\"},{\"@type\":\"Organization\",\"@id\":\"https:\\\/\\\/www.huanyumotor.com\\\/#organization\",\"name\":\"Jining Huanzhongyu Electromechanical Co., Ltd.\",\"url\":\"https:\\\/\\\/www.huanyumotor.com\\\/\",\"logo\":{\"@type\":\"ImageObject\",\"inLanguage\":\"es-UY\",\"@id\":\"https:\\\/\\\/www.huanyumotor.com\\\/#\\\/schema\\\/logo\\\/image\\\/\",\"url\":\"https:\\\/\\\/www.huanyumotor.com\\\/wp-content\\\/uploads\\\/2025\\\/11\\\/logo.webp\",\"contentUrl\":\"https:\\\/\\\/www.huanyumotor.com\\\/wp-content\\\/uploads\\\/2025\\\/11\\\/logo.webp\",\"width\":468,\"height\":242,\"caption\":\"Jining Huanzhongyu Electromechanical Co., Ltd.\"},\"image\":{\"@id\":\"https:\\\/\\\/www.huanyumotor.com\\\/#\\\/schema\\\/logo\\\/image\\\/\"},\"sameAs\":[\"https:\\\/\\\/www.facebook.com\\\/profile.php?id=61579475484242&sk=grid\"]}]}<\/script>\n<!-- \/ Yoast SEO plugin. -->","yoast_head_json":{"title":"MS series aluminum shell electric motor - Jining Huanzhongyu Electromechanical Co., Ltd.","robots":{"index":"index","follow":"follow","max-snippet":"max-snippet:-1","max-image-preview":"max-image-preview:large","max-video-preview":"max-video-preview:-1"},"canonical":"https:\/\/www.huanyumotor.com\/es\/product\/ms-series-aluminum-shell-electric-motor\/","og_locale":"es_ES","og_type":"article","og_title":"MS series aluminum shell electric motor - Jining Huanzhongyu Electromechanical Co., Ltd.","og_description":"The MS series aluminum shell three-phase asynchronous motor complies with the relevant regulations of the International Electrotechnical Association (IEC), uses high-quality raw materials, and adopts Zui's new overall design. It has the advantages of good performance, low noise, small vibration, safe and reliable operation, beautiful appearance, small size, light weight, simple structure, and easy maintenance.","og_url":"https:\/\/www.huanyumotor.com\/es\/product\/ms-series-aluminum-shell-electric-motor\/","og_site_name":"Jining Huanzhongyu Electromechanical Co., Ltd.","article_publisher":"https:\/\/www.facebook.com\/profile.php?id=61579475484242&sk=grid","og_image":[{"width":800,"height":800,"url":"https:\/\/www.huanyumotor.com\/wp-content\/uploads\/2025\/11\/5_1.jpg","type":"image\/jpeg"}],"twitter_card":"summary_large_image","schema":{"@context":"https:\/\/schema.org","@graph":[{"@type":"WebPage","@id":"https:\/\/www.huanyumotor.com\/product\/ms-series-aluminum-shell-electric-motor\/","url":"https:\/\/www.huanyumotor.com\/product\/ms-series-aluminum-shell-electric-motor\/","name":"MS series aluminum shell electric motor - Jining Huanzhongyu Electromechanical Co., Ltd.","isPartOf":{"@id":"https:\/\/www.huanyumotor.com\/#website"},"primaryImageOfPage":{"@id":"https:\/\/www.huanyumotor.com\/product\/ms-series-aluminum-shell-electric-motor\/#primaryimage"},"image":{"@id":"https:\/\/www.huanyumotor.com\/product\/ms-series-aluminum-shell-electric-motor\/#primaryimage"},"thumbnailUrl":"https:\/\/www.huanyumotor.com\/wp-content\/uploads\/2025\/11\/5_1.jpg","datePublished":"2025-11-12T02:35:35+00:00","breadcrumb":{"@id":"https:\/\/www.huanyumotor.com\/product\/ms-series-aluminum-shell-electric-motor\/#breadcrumb"},"inLanguage":"es-UY","potentialAction":[{"@type":"ReadAction","target":["https:\/\/www.huanyumotor.com\/product\/ms-series-aluminum-shell-electric-motor\/"]}]},{"@type":"ImageObject","inLanguage":"es-UY","@id":"https:\/\/www.huanyumotor.com\/product\/ms-series-aluminum-shell-electric-motor\/#primaryimage","url":"https:\/\/www.huanyumotor.com\/wp-content\/uploads\/2025\/11\/5_1.jpg","contentUrl":"https:\/\/www.huanyumotor.com\/wp-content\/uploads\/2025\/11\/5_1.jpg","width":800,"height":800},{"@type":"BreadcrumbList","@id":"https:\/\/www.huanyumotor.com\/product\/ms-series-aluminum-shell-electric-motor\/#breadcrumb","itemListElement":[{"@type":"ListItem","position":1,"name":"\u9996\u9875","item":"https:\/\/www.huanyumotor.com\/"},{"@type":"ListItem","position":2,"name":"Products","item":"https:\/\/www.huanyumotor.com\/products\/"},{"@type":"ListItem","position":3,"name":"MS series aluminum shell electric motor"}]},{"@type":"WebSite","@id":"https:\/\/www.huanyumotor.com\/#website","url":"https:\/\/www.huanyumotor.com\/","name":"Jining Huanzhongyu Electromechanical Co., Ltd.","description":"","publisher":{"@id":"https:\/\/www.huanyumotor.com\/#organization"},"potentialAction":[{"@type":"SearchAction","target":{"@type":"EntryPoint","urlTemplate":"https:\/\/www.huanyumotor.com\/?s={search_term_string}"},"query-input":{"@type":"PropertyValueSpecification","valueRequired":true,"valueName":"search_term_string"}}],"inLanguage":"es-UY"},{"@type":"Organization","@id":"https:\/\/www.huanyumotor.com\/#organization","name":"Jining Huanzhongyu Electromechanical Co., Ltd.","url":"https:\/\/www.huanyumotor.com\/","logo":{"@type":"ImageObject","inLanguage":"es-UY","@id":"https:\/\/www.huanyumotor.com\/#\/schema\/logo\/image\/","url":"https:\/\/www.huanyumotor.com\/wp-content\/uploads\/2025\/11\/logo.webp","contentUrl":"https:\/\/www.huanyumotor.com\/wp-content\/uploads\/2025\/11\/logo.webp","width":468,"height":242,"caption":"Jining Huanzhongyu Electromechanical Co., Ltd."},"image":{"@id":"https:\/\/www.huanyumotor.com\/#\/schema\/logo\/image\/"},"sameAs":["https:\/\/www.facebook.com\/profile.php?id=61579475484242&sk=grid"]}]}},"_links":{"self":[{"href":"https:\/\/www.huanyumotor.com\/es\/wp-json\/wp\/v2\/product\/665","targetHints":{"allow":["GET"]}}],"collection":[{"href":"https:\/\/www.huanyumotor.com\/es\/wp-json\/wp\/v2\/product"}],"about":[{"href":"https:\/\/www.huanyumotor.com\/es\/wp-json\/wp\/v2\/types\/product"}],"wp:featuredmedia":[{"embeddable":true,"href":"https:\/\/www.huanyumotor.com\/es\/wp-json\/wp\/v2\/media\/666"}],"wp:attachment":[{"href":"https:\/\/www.huanyumotor.com\/es\/wp-json\/wp\/v2\/media?parent=665"}],"wp:term":[{"taxonomy":"product_brand","embeddable":true,"href":"https:\/\/www.huanyumotor.com\/es\/wp-json\/wp\/v2\/product_brand?post=665"},{"taxonomy":"product_cat","embeddable":true,"href":"https:\/\/www.huanyumotor.com\/es\/wp-json\/wp\/v2\/product_cat?post=665"},{"taxonomy":"product_tag","embeddable":true,"href":"https:\/\/www.huanyumotor.com\/es\/wp-json\/wp\/v2\/product_tag?post=665"}],"curies":[{"name":"wp","href":"https:\/\/api.w.org\/{rel}","templated":true}]}}