{"id":668,"date":"2025-11-12T10:37:00","date_gmt":"2025-11-12T02:37:00","guid":{"rendered":"http:\/\/www.huanyumotor.com\/?post_type=product&#038;p=668"},"modified":"2025-11-12T10:37:00","modified_gmt":"2025-11-12T02:37:00","slug":"yyb-series-three-phase-oil-pump-motor","status":"publish","type":"product","link":"https:\/\/www.huanyumotor.com\/es\/product\/yyb-series-three-phase-oil-pump-motor\/","title":{"rendered":"Motor trif\u00e1sico para bomba de aceite serie YYB"},"content":{"rendered":"<p>El motor as\u00edncrono trif\u00e1sico para bomba de aceite de la serie YYB es un producto mec\u00e1nico-el\u00e9ctrico integrado dise\u00f1ado espec\u00edficamente para sistemas hidr\u00e1ulicos. Con una estructura de eje interno que permite la conexi\u00f3n directa con bombas hidr\u00e1ulicas sin acoplamientos, cuenta con caracter\u00edsticas tales como estructura compacta, tama\u00f1o peque\u00f1o, peso ligero, vibraci\u00f3n m\u00ednima, bajo nivel de ruido, alta eficiencia y larga vida \u00fatil.<br \/>\n**Descripci\u00f3n del producto**<br \/>\nEsta serie de motores es una soluci\u00f3n de potencia ideal para accionamientos de sistemas hidr\u00e1ulicos. La conexi\u00f3n directa con bombas de pistones axiales, bombas de engranajes, bombas de paletas, etc., forma grupos motobomba de aceite. En comparaci\u00f3n con los conjuntos de motobomba tradicionales, elimina los acoplamientos, las bases de bomba y las placas base comunes, lo que reduce la longitud axial en aproximadamente 25% y minimiza el espacio de instalaci\u00f3n, al tiempo que garantiza un funcionamiento m\u00e1s suave.<br \/>\n**Par\u00e1metros t\u00e9cnicos<br \/>\n- Tama\u00f1o del marco: 90\uff5e280<br \/>\n- Rango de potencia: 0,37 kW\uff5e90 kW<br \/>\n- Sistema de trabajo: S1 (servicio continuo)<br \/>\n- Clase de aislamiento: F<br \/>\n- Clase de protecci\u00f3n: IP54\/IP55 (modelos parciales)<br \/>\n- M\u00e9todo de refrigeraci\u00f3n: IC411<br \/>\n- Voltaje: 380 V (personalizable 110-660 V)<br \/>\n- Frecuencia: 50 Hz\/60 Hz<br \/>\n**Campos de aplicaci\u00f3n**<br \/>\nAmpliamente utilizado en maquinaria de transmisi\u00f3n hidr\u00e1ulica, como m\u00e1quinas herramienta, equipos de forja, dispositivos de elevaci\u00f3n, construcci\u00f3n naval, m\u00e1quinas de moldeo por inyecci\u00f3n, metalurgia, maquinaria de construcci\u00f3n y equipos de miner\u00eda. Adecuado para la integraci\u00f3n del motor con unidades de bomba CY-Y, bombas de engranajes, bombas de paletas y otros tipos de conjuntos de bomba de pist\u00f3n.<br \/>\n**Caracter\u00edsticas del producto<br \/>\n- Ventaja estructural**: La conexi\u00f3n directa bomba-motor garantiza una alta concentricidad, un funcionamiento suave, un bajo nivel de ruido y una mayor vida \u00fatil.<br \/>\n- Comodidad de instalaci\u00f3n**: Proceso de selecci\u00f3n del usuario simplificado al adherirse a las normas de conexi\u00f3n de motores as\u00edncronos B34, eliminando la necesidad de considerar las dimensiones de instalaci\u00f3n de la bomba.<br \/>\n- Eficiencia espacial**: El dise\u00f1o compacto reduce el espacio de instalaci\u00f3n y la complejidad de la disposici\u00f3n.<br \/>\n- Rendimiento fiable**: Alto par de arranque, baja corriente de arranque, alta tasa de deslizamiento y caracter\u00edsticas mec\u00e1nicas suaves.<br \/>\n- Certificaciones completas**: Certificaci\u00f3n obligatoria de China (3C) y certificaci\u00f3n de seguridad CE aprobadas.<br \/>\n**Condiciones operativas**<br \/>\n- Temperatura ambiente: -15\u2103\uff5e+40\u2103<br \/>\n- Altitud: \u22641000m<br \/>\n- Alimentaci\u00f3n el\u00e9ctrica: Fluctuaci\u00f3n de tensi\u00f3n \u00b15% (a corto plazo \u00b110%), fluctuaci\u00f3n de frecuencia \u00b12% (a corto plazo \u00b15%)<\/p>","protected":false},"excerpt":{"rendered":"<p>El motor as\u00edncrono trif\u00e1sico para bomba de aceite de la serie YYB es un producto mec\u00e1nico-el\u00e9ctrico integrado dise\u00f1ado espec\u00edficamente para sistemas hidr\u00e1ulicos. Con una estructura de eje interno que permite la conexi\u00f3n directa con bombas hidr\u00e1ulicas sin acoplamientos, cuenta con caracter\u00edsticas tales como estructura compacta, tama\u00f1o peque\u00f1o, peso ligero, vibraci\u00f3n m\u00ednima, bajo nivel de ruido, alta eficiencia y larga vida \u00fatil.<\/p>","protected":false},"featured_media":669,"template":"","meta":{"site-sidebar-layout":"default","site-content-layout":"default","ast-site-content-layout":"default","site-content-style":"default","site-sidebar-style":"default","ast-global-header-display":"","ast-banner-title-visibility":"","ast-main-header-display":"","ast-hfb-above-header-display":"","ast-hfb-below-header-display":"","ast-hfb-mobile-header-display":"","site-post-title":"","ast-breadcrumbs-content":"","ast-featured-img":"","footer-sml-layout":"","ast-disable-related-posts":"","theme-transparent-header-meta":"default","adv-header-id-meta":"","stick-header-meta":"","header-above-stick-meta":"","header-main-stick-meta":"","header-below-stick-meta":"","astra-migrate-meta-layouts":"default","ast-page-background-enabled":"default","ast-page-background-meta":{"desktop":{"background-color":"","background-image":"","background-repeat":"repeat","background-position":"center center","background-size":"auto","background-attachment":"scroll","background-type":"","background-media":"","overlay-type":"","overlay-color":"","overlay-opacity":"","overlay-gradient":""},"tablet":{"background-color":"","background-image":"","background-repeat":"repeat","background-position":"center center","background-size":"auto","background-attachment":"scroll","background-type":"","background-media":"","overlay-type":"","overlay-color":"","overlay-opacity":"","overlay-gradient":""},"mobile":{"background-color":"","background-image":"","background-repeat":"repeat","background-position":"center center","background-size":"auto","background-attachment":"scroll","background-type":"","background-media":"","overlay-type":"","overlay-color":"","overlay-opacity":"","overlay-gradient":""}},"ast-content-background-meta":{"desktop":{"background-color":"var(--ast-global-color-5)","background-image":"","background-repeat":"repeat","background-position":"center center","background-size":"auto","background-attachment":"scroll","background-type":"","background-media":"","overlay-type":"","overlay-color":"","overlay-opacity":"","overlay-gradient":""},"tablet":{"background-color":"var(--ast-global-color-5)","background-image":"","background-repeat":"repeat","background-position":"center center","background-size":"auto","background-attachment":"scroll","background-type":"","background-media":"","overlay-type":"","overlay-color":"","overlay-opacity":"","overlay-gradient":""},"mobile":{"background-color":"var(--ast-global-color-5)","background-image":"","background-repeat":"repeat","background-position":"center center","background-size":"auto","background-attachment":"scroll","background-type":"","background-media":"","overlay-type":"","overlay-color":"","overlay-opacity":"","overlay-gradient":""}}},"product_brand":[],"product_cat":[21],"product_tag":[],"class_list":{"0":"post-668","1":"product","2":"type-product","3":"status-publish","4":"has-post-thumbnail","6":"product_cat-three-phase-asynchronous-ac-motor","7":"desktop-align-left","8":"tablet-align-left","9":"mobile-align-left","10":"ast-product-gallery-layout-vertical-slider","11":"ast-product-tabs-layout-horizontal","13":"first","14":"instock","15":"shipping-taxable","16":"product-type-simple"},"yoast_head":"<!-- This site is optimized with the Yoast SEO plugin v27.4 - https:\/\/yoast.com\/product\/yoast-seo-wordpress\/ -->\n<title>YYB Series Three-phase Oil Pump Motor - Jining Huanzhongyu Electromechanical Co., Ltd.<\/title>\n<meta name=\"robots\" content=\"index, follow, max-snippet:-1, max-image-preview:large, max-video-preview:-1\" \/>\n<link rel=\"canonical\" href=\"https:\/\/www.huanyumotor.com\/es\/product\/yyb-series-three-phase-oil-pump-motor\/\" \/>\n<meta property=\"og:locale\" content=\"es_ES\" \/>\n<meta property=\"og:type\" content=\"article\" \/>\n<meta property=\"og:title\" content=\"YYB Series Three-phase Oil Pump Motor - Jining Huanzhongyu Electromechanical Co., Ltd.\" \/>\n<meta property=\"og:description\" content=\"YYB Series Three-Phase Asynchronous Oil Pump Motor is a mechanical-electrical integrated product specifically designed for hydraulic systems. Featuring an internal shaft structure that enables direct connection with hydraulic pumps without couplings, it boasts characteristics such as compact structure, small size, light weight, minimal vibration, low noise, high efficiency, and long service life.\" \/>\n<meta property=\"og:url\" content=\"https:\/\/www.huanyumotor.com\/es\/product\/yyb-series-three-phase-oil-pump-motor\/\" \/>\n<meta property=\"og:site_name\" content=\"Jining Huanzhongyu Electromechanical Co., Ltd.\" \/>\n<meta property=\"article:publisher\" content=\"https:\/\/www.facebook.com\/profile.php?id=61579475484242&amp;sk=grid\" \/>\n<meta property=\"og:image\" content=\"https:\/\/www.huanyumotor.com\/wp-content\/uploads\/2025\/11\/4_1.jpg\" \/>\n\t<meta property=\"og:image:width\" content=\"800\" \/>\n\t<meta property=\"og:image:height\" content=\"800\" \/>\n\t<meta property=\"og:image:type\" content=\"image\/jpeg\" \/>\n<meta name=\"twitter:card\" content=\"summary_large_image\" \/>\n<meta name=\"twitter:label1\" content=\"Est. reading time\" \/>\n\t<meta name=\"twitter:data1\" content=\"1 minuto\" \/>\n<script type=\"application\/ld+json\" class=\"yoast-schema-graph\">{\"@context\":\"https:\\\/\\\/schema.org\",\"@graph\":[{\"@type\":\"WebPage\",\"@id\":\"https:\\\/\\\/www.huanyumotor.com\\\/product\\\/yyb-series-three-phase-oil-pump-motor\\\/\",\"url\":\"https:\\\/\\\/www.huanyumotor.com\\\/product\\\/yyb-series-three-phase-oil-pump-motor\\\/\",\"name\":\"YYB Series Three-phase Oil Pump Motor - Jining Huanzhongyu Electromechanical Co., Ltd.\",\"isPartOf\":{\"@id\":\"https:\\\/\\\/www.huanyumotor.com\\\/#website\"},\"primaryImageOfPage\":{\"@id\":\"https:\\\/\\\/www.huanyumotor.com\\\/product\\\/yyb-series-three-phase-oil-pump-motor\\\/#primaryimage\"},\"image\":{\"@id\":\"https:\\\/\\\/www.huanyumotor.com\\\/product\\\/yyb-series-three-phase-oil-pump-motor\\\/#primaryimage\"},\"thumbnailUrl\":\"https:\\\/\\\/www.huanyumotor.com\\\/wp-content\\\/uploads\\\/2025\\\/11\\\/4_1.jpg\",\"datePublished\":\"2025-11-12T02:37:00+00:00\",\"breadcrumb\":{\"@id\":\"https:\\\/\\\/www.huanyumotor.com\\\/product\\\/yyb-series-three-phase-oil-pump-motor\\\/#breadcrumb\"},\"inLanguage\":\"es-UY\",\"potentialAction\":[{\"@type\":\"ReadAction\",\"target\":[\"https:\\\/\\\/www.huanyumotor.com\\\/product\\\/yyb-series-three-phase-oil-pump-motor\\\/\"]}]},{\"@type\":\"ImageObject\",\"inLanguage\":\"es-UY\",\"@id\":\"https:\\\/\\\/www.huanyumotor.com\\\/product\\\/yyb-series-three-phase-oil-pump-motor\\\/#primaryimage\",\"url\":\"https:\\\/\\\/www.huanyumotor.com\\\/wp-content\\\/uploads\\\/2025\\\/11\\\/4_1.jpg\",\"contentUrl\":\"https:\\\/\\\/www.huanyumotor.com\\\/wp-content\\\/uploads\\\/2025\\\/11\\\/4_1.jpg\",\"width\":800,\"height\":800},{\"@type\":\"BreadcrumbList\",\"@id\":\"https:\\\/\\\/www.huanyumotor.com\\\/product\\\/yyb-series-three-phase-oil-pump-motor\\\/#breadcrumb\",\"itemListElement\":[{\"@type\":\"ListItem\",\"position\":1,\"name\":\"\u9996\u9875\",\"item\":\"https:\\\/\\\/www.huanyumotor.com\\\/\"},{\"@type\":\"ListItem\",\"position\":2,\"name\":\"Products\",\"item\":\"https:\\\/\\\/www.huanyumotor.com\\\/products\\\/\"},{\"@type\":\"ListItem\",\"position\":3,\"name\":\"YYB Series Three-phase Oil Pump Motor\"}]},{\"@type\":\"WebSite\",\"@id\":\"https:\\\/\\\/www.huanyumotor.com\\\/#website\",\"url\":\"https:\\\/\\\/www.huanyumotor.com\\\/\",\"name\":\"Jining Huanzhongyu Electromechanical Co., Ltd.\",\"description\":\"\",\"publisher\":{\"@id\":\"https:\\\/\\\/www.huanyumotor.com\\\/#organization\"},\"potentialAction\":[{\"@type\":\"SearchAction\",\"target\":{\"@type\":\"EntryPoint\",\"urlTemplate\":\"https:\\\/\\\/www.huanyumotor.com\\\/?s={search_term_string}\"},\"query-input\":{\"@type\":\"PropertyValueSpecification\",\"valueRequired\":true,\"valueName\":\"search_term_string\"}}],\"inLanguage\":\"es-UY\"},{\"@type\":\"Organization\",\"@id\":\"https:\\\/\\\/www.huanyumotor.com\\\/#organization\",\"name\":\"Jining Huanzhongyu Electromechanical Co., Ltd.\",\"url\":\"https:\\\/\\\/www.huanyumotor.com\\\/\",\"logo\":{\"@type\":\"ImageObject\",\"inLanguage\":\"es-UY\",\"@id\":\"https:\\\/\\\/www.huanyumotor.com\\\/#\\\/schema\\\/logo\\\/image\\\/\",\"url\":\"https:\\\/\\\/www.huanyumotor.com\\\/wp-content\\\/uploads\\\/2025\\\/11\\\/logo.webp\",\"contentUrl\":\"https:\\\/\\\/www.huanyumotor.com\\\/wp-content\\\/uploads\\\/2025\\\/11\\\/logo.webp\",\"width\":468,\"height\":242,\"caption\":\"Jining Huanzhongyu Electromechanical Co., Ltd.\"},\"image\":{\"@id\":\"https:\\\/\\\/www.huanyumotor.com\\\/#\\\/schema\\\/logo\\\/image\\\/\"},\"sameAs\":[\"https:\\\/\\\/www.facebook.com\\\/profile.php?id=61579475484242&sk=grid\"]}]}<\/script>\n<!-- \/ Yoast SEO plugin. -->","yoast_head_json":{"title":"YYB Series Three-phase Oil Pump Motor - Jining Huanzhongyu Electromechanical Co., Ltd.","robots":{"index":"index","follow":"follow","max-snippet":"max-snippet:-1","max-image-preview":"max-image-preview:large","max-video-preview":"max-video-preview:-1"},"canonical":"https:\/\/www.huanyumotor.com\/es\/product\/yyb-series-three-phase-oil-pump-motor\/","og_locale":"es_ES","og_type":"article","og_title":"YYB Series Three-phase Oil Pump Motor - Jining Huanzhongyu Electromechanical Co., Ltd.","og_description":"YYB Series Three-Phase Asynchronous Oil Pump Motor is a mechanical-electrical integrated product specifically designed for hydraulic systems. Featuring an internal shaft structure that enables direct connection with hydraulic pumps without couplings, it boasts characteristics such as compact structure, small size, light weight, minimal vibration, low noise, high efficiency, and long service life.","og_url":"https:\/\/www.huanyumotor.com\/es\/product\/yyb-series-three-phase-oil-pump-motor\/","og_site_name":"Jining Huanzhongyu Electromechanical Co., Ltd.","article_publisher":"https:\/\/www.facebook.com\/profile.php?id=61579475484242&sk=grid","og_image":[{"width":800,"height":800,"url":"https:\/\/www.huanyumotor.com\/wp-content\/uploads\/2025\/11\/4_1.jpg","type":"image\/jpeg"}],"twitter_card":"summary_large_image","twitter_misc":{"Est. reading time":"1 minuto"},"schema":{"@context":"https:\/\/schema.org","@graph":[{"@type":"WebPage","@id":"https:\/\/www.huanyumotor.com\/product\/yyb-series-three-phase-oil-pump-motor\/","url":"https:\/\/www.huanyumotor.com\/product\/yyb-series-three-phase-oil-pump-motor\/","name":"YYB Series Three-phase Oil Pump Motor - Jining Huanzhongyu Electromechanical Co., Ltd.","isPartOf":{"@id":"https:\/\/www.huanyumotor.com\/#website"},"primaryImageOfPage":{"@id":"https:\/\/www.huanyumotor.com\/product\/yyb-series-three-phase-oil-pump-motor\/#primaryimage"},"image":{"@id":"https:\/\/www.huanyumotor.com\/product\/yyb-series-three-phase-oil-pump-motor\/#primaryimage"},"thumbnailUrl":"https:\/\/www.huanyumotor.com\/wp-content\/uploads\/2025\/11\/4_1.jpg","datePublished":"2025-11-12T02:37:00+00:00","breadcrumb":{"@id":"https:\/\/www.huanyumotor.com\/product\/yyb-series-three-phase-oil-pump-motor\/#breadcrumb"},"inLanguage":"es-UY","potentialAction":[{"@type":"ReadAction","target":["https:\/\/www.huanyumotor.com\/product\/yyb-series-three-phase-oil-pump-motor\/"]}]},{"@type":"ImageObject","inLanguage":"es-UY","@id":"https:\/\/www.huanyumotor.com\/product\/yyb-series-three-phase-oil-pump-motor\/#primaryimage","url":"https:\/\/www.huanyumotor.com\/wp-content\/uploads\/2025\/11\/4_1.jpg","contentUrl":"https:\/\/www.huanyumotor.com\/wp-content\/uploads\/2025\/11\/4_1.jpg","width":800,"height":800},{"@type":"BreadcrumbList","@id":"https:\/\/www.huanyumotor.com\/product\/yyb-series-three-phase-oil-pump-motor\/#breadcrumb","itemListElement":[{"@type":"ListItem","position":1,"name":"\u9996\u9875","item":"https:\/\/www.huanyumotor.com\/"},{"@type":"ListItem","position":2,"name":"Products","item":"https:\/\/www.huanyumotor.com\/products\/"},{"@type":"ListItem","position":3,"name":"YYB Series Three-phase Oil Pump Motor"}]},{"@type":"WebSite","@id":"https:\/\/www.huanyumotor.com\/#website","url":"https:\/\/www.huanyumotor.com\/","name":"Jining Huanzhongyu Electromechanical Co., Ltd.","description":"","publisher":{"@id":"https:\/\/www.huanyumotor.com\/#organization"},"potentialAction":[{"@type":"SearchAction","target":{"@type":"EntryPoint","urlTemplate":"https:\/\/www.huanyumotor.com\/?s={search_term_string}"},"query-input":{"@type":"PropertyValueSpecification","valueRequired":true,"valueName":"search_term_string"}}],"inLanguage":"es-UY"},{"@type":"Organization","@id":"https:\/\/www.huanyumotor.com\/#organization","name":"Jining Huanzhongyu Electromechanical Co., Ltd.","url":"https:\/\/www.huanyumotor.com\/","logo":{"@type":"ImageObject","inLanguage":"es-UY","@id":"https:\/\/www.huanyumotor.com\/#\/schema\/logo\/image\/","url":"https:\/\/www.huanyumotor.com\/wp-content\/uploads\/2025\/11\/logo.webp","contentUrl":"https:\/\/www.huanyumotor.com\/wp-content\/uploads\/2025\/11\/logo.webp","width":468,"height":242,"caption":"Jining Huanzhongyu Electromechanical Co., Ltd."},"image":{"@id":"https:\/\/www.huanyumotor.com\/#\/schema\/logo\/image\/"},"sameAs":["https:\/\/www.facebook.com\/profile.php?id=61579475484242&sk=grid"]}]}},"_links":{"self":[{"href":"https:\/\/www.huanyumotor.com\/es\/wp-json\/wp\/v2\/product\/668","targetHints":{"allow":["GET"]}}],"collection":[{"href":"https:\/\/www.huanyumotor.com\/es\/wp-json\/wp\/v2\/product"}],"about":[{"href":"https:\/\/www.huanyumotor.com\/es\/wp-json\/wp\/v2\/types\/product"}],"wp:featuredmedia":[{"embeddable":true,"href":"https:\/\/www.huanyumotor.com\/es\/wp-json\/wp\/v2\/media\/669"}],"wp:attachment":[{"href":"https:\/\/www.huanyumotor.com\/es\/wp-json\/wp\/v2\/media?parent=668"}],"wp:term":[{"taxonomy":"product_brand","embeddable":true,"href":"https:\/\/www.huanyumotor.com\/es\/wp-json\/wp\/v2\/product_brand?post=668"},{"taxonomy":"product_cat","embeddable":true,"href":"https:\/\/www.huanyumotor.com\/es\/wp-json\/wp\/v2\/product_cat?post=668"},{"taxonomy":"product_tag","embeddable":true,"href":"https:\/\/www.huanyumotor.com\/es\/wp-json\/wp\/v2\/product_tag?post=668"}],"curies":[{"name":"wp","href":"https:\/\/api.w.org\/{rel}","templated":true}]}}