{"id":676,"date":"2025-11-12T10:38:03","date_gmt":"2025-11-12T02:38:03","guid":{"rendered":"http:\/\/www.huanyumotor.com\/?post_type=product&#038;p=676"},"modified":"2025-11-12T10:38:03","modified_gmt":"2025-11-12T02:38:03","slug":"ye3-series-aluminum-housing-three-phase-ac-motor","status":"publish","type":"product","link":"https:\/\/www.huanyumotor.com\/es\/product\/ye3-series-aluminum-housing-three-phase-ac-motor\/","title":{"rendered":"Motor trif\u00e1sico de CA con carcasa de aluminio serie YE3"},"content":{"rendered":"<p>The YE3 series aluminum-cased three-phase squirrel-cage induction motor is a totally enclosed self-ventilated type. Designed according to national unified standards, it features high energy efficiency, high starting torque, low noise, minimal vibration, high reliability, compliance with IEC standards for power ratings and installation dimensions, and convenient operation\/maintenance.<br \/>\nThis series is widely used in general environments and precision machinery without special requirements, particularly suitable for applications such as gearboxes, vacuum pumps, air compressors, water pumps, oil pumps, production lines, packaging machinery, and food processing equipment.<br \/>\n**Usage Conditions:**<br \/>\n&#8211; Ambient air temperature: -15\u00b0C \u2264 40\u00b0C &#8211; Altitude: Not less than 1000 meters<br \/>\n&#8211; Voltage: 380V<br \/>\n&#8211; Frequency: 50Hz<br \/>\n&#8211; Connection: Y-connection for 3kW and below; \u0394-connection for higher power ratings<br \/>\n&#8211; Duty\/Load: Continuous duty (S1)<br \/>\n&#8211; Insulation Class: F, winding temperature rise evaluated at 80K<br \/>\n&#8211; Protection Class: IP54<br \/>\n&#8211; Cooling Method: IC411.<\/p>\n<table style=\"border-collapse: collapse; width: 525.77pt;\" border=\"0\" width=\"701\" cellspacing=\"0\" cellpadding=\"0\">\n<tbody>\n<tr style=\"height: 27.00pt;\">\n<td class=\"et2\" style=\"height: 27.00pt; width: 525.75pt;\" colspan=\"4\" width=\"701\" height=\"36\">Par\u00e1metros de especificaci\u00f3n del producto<\/td>\n<\/tr>\n<tr style=\"height: 33.00pt;\">\n<td class=\"et3\" style=\"height: 33.00pt; width: 96.75pt;\" width=\"129\" height=\"44\">tensi\u00f3n nominal<\/td>\n<td class=\"et3\" style=\"width: 168.00pt;\" width=\"224\">380V\/660V<\/td>\n<td class=\"et3\" style=\"width: 113.25pt;\" width=\"151\">potencia nominal<\/td>\n<td class=\"et3\" style=\"width: 147.75pt;\" width=\"197\">0,55 KW-315 KW<\/td>\n<\/tr>\n<tr style=\"height: 17.25pt;\">\n<td class=\"et3\" style=\"height: 17.25pt; width: 96.75pt;\" width=\"129\" height=\"23\">tama\u00f1o del bastidor<\/td>\n<td class=\"et3\" style=\"width: 168.00pt;\" width=\"224\">H63-H355<\/td>\n<td class=\"et3\" style=\"width: 113.25pt;\" width=\"151\">Tipo de instalaci\u00f3n<\/td>\n<td class=\"et3\" style=\"width: 147.75pt;\" width=\"197\">B3\/B5\/B35<\/td>\n<\/tr>\n<tr style=\"height: 35.00pt;\">\n<td class=\"et3\" style=\"height: 35.00pt; width: 96.75pt;\" width=\"129\" height=\"46\">Grado aplicable<\/td>\n<td class=\"et3\" style=\"width: 168.00pt;\" width=\"224\">2P,4P,6P<\/td>\n<td class=\"et3\" style=\"width: 113.25pt;\" width=\"151\">m\u00e9todo de refrigeraci\u00f3n<\/td>\n<td class=\"et3\" style=\"width: 147.75pt;\" width=\"197\">IC411<\/td>\n<\/tr>\n<tr style=\"height: 34.50pt;\">\n<td class=\"et3\" style=\"height: 34.50pt; width: 96.75pt;\" width=\"129\" height=\"46\">clasificaci\u00f3n t\u00e9rmica<\/td>\n<td class=\"et3\" style=\"width: 168.00pt;\" width=\"224\">F<\/td>\n<td class=\"et3\" style=\"width: 113.25pt;\" width=\"151\">sistema de trabajo<\/td>\n<td class=\"et3\" style=\"width: 147.75pt;\" width=\"197\">S1<\/td>\n<\/tr>\n<tr style=\"height: 26.00pt;\">\n<td class=\"et3\" style=\"height: 26.00pt; width: 96.75pt;\" width=\"129\" height=\"34\">Nivel de protecci\u00f3n<\/td>\n<td class=\"et3\" style=\"width: 168.00pt;\" width=\"224\">IP54<\/td>\n<td class=\"et4\">frecuencia nominal<\/td>\n<td class=\"et4\">50 HZ<\/td>\n<\/tr>\n<tr style=\"height: 17.25pt;\">\n<td class=\"et5\" style=\"height: 17.25pt; border-right: .5pt solid #000000;\" colspan=\"4\" height=\"23\">Si existen requisitos especiales de frecuencia, tensi\u00f3n, temperatura ambiente, altitud, etc., especif\u00edquelos al realizar el pedido.<\/td>\n<\/tr>\n<tr style=\"height: 23.00pt;\">\n<td class=\"et8\" style=\"height: 23.00pt; width: 525.75pt;\" colspan=\"4\" width=\"701\" height=\"30\">Entorno de trabajo del producto<\/td>\n<\/tr>\n<tr style=\"height: 34.50pt;\">\n<td class=\"et9\" style=\"height: 34.50pt; width: 96.75pt;\" width=\"129\" height=\"46\">rango de temperatura<\/td>\n<td class=\"et10\" style=\"width: 429.00pt;\" colspan=\"3\" width=\"572\">La temperatura ambiente var\u00eda con las estaciones, pero la m\u00e1xima es de +40 \u00b0C y la m\u00ednima de -15 \u00b0C.<\/td>\n<\/tr>\n<tr style=\"height: 40.00pt;\">\n<td class=\"et9\" style=\"height: 40.00pt; width: 96.75pt;\" width=\"129\" height=\"53\">humedad<\/td>\n<td class=\"et10\" style=\"width: 429.00pt;\" colspan=\"3\" width=\"572\">La humedad relativa m\u00e1xima media mensual en el mes m\u00e1s h\u00famedo es de 90%, mientras que la temperatura m\u00ednima media mensual no supera los 25\u00b0C (de f\u00e1brica).<\/td>\n<\/tr>\n<tr style=\"height: 17.25pt;\">\n<td class=\"et11\" style=\"height: 17.25pt; width: 96.75pt;\" width=\"129\" height=\"23\">altitud<\/td>\n<td class=\"et12\">No m\u00e1s de 1000m<\/td>\n<td class=\"et13\"><\/td>\n<td class=\"et13\"><\/td>\n<\/tr>\n<\/tbody>\n<\/table>","protected":false},"excerpt":{"rendered":"<p>The YE3 series aluminum-cased three-phase squirrel-cage induction motor is a totally enclosed self-ventilated type. Designed according to national unified standards, it features high energy efficiency, high starting torque, low noise, minimal vibration, high reliability, compliance with IEC standards for power ratings and installation dimensions, and convenient operation\/maintenance.<\/p>","protected":false},"featured_media":677,"template":"","meta":{"site-sidebar-layout":"default","site-content-layout":"default","ast-site-content-layout":"default","site-content-style":"default","site-sidebar-style":"default","ast-global-header-display":"","ast-banner-title-visibility":"","ast-main-header-display":"","ast-hfb-above-header-display":"","ast-hfb-below-header-display":"","ast-hfb-mobile-header-display":"","site-post-title":"","ast-breadcrumbs-content":"","ast-featured-img":"","footer-sml-layout":"","ast-disable-related-posts":"","theme-transparent-header-meta":"default","adv-header-id-meta":"","stick-header-meta":"","header-above-stick-meta":"","header-main-stick-meta":"","header-below-stick-meta":"","astra-migrate-meta-layouts":"default","ast-page-background-enabled":"default","ast-page-background-meta":{"desktop":{"background-color":"","background-image":"","background-repeat":"repeat","background-position":"center center","background-size":"auto","background-attachment":"scroll","background-type":"","background-media":"","overlay-type":"","overlay-color":"","overlay-opacity":"","overlay-gradient":""},"tablet":{"background-color":"","background-image":"","background-repeat":"repeat","background-position":"center center","background-size":"auto","background-attachment":"scroll","background-type":"","background-media":"","overlay-type":"","overlay-color":"","overlay-opacity":"","overlay-gradient":""},"mobile":{"background-color":"","background-image":"","background-repeat":"repeat","background-position":"center center","background-size":"auto","background-attachment":"scroll","background-type":"","background-media":"","overlay-type":"","overlay-color":"","overlay-opacity":"","overlay-gradient":""}},"ast-content-background-meta":{"desktop":{"background-color":"var(--ast-global-color-5)","background-image":"","background-repeat":"repeat","background-position":"center center","background-size":"auto","background-attachment":"scroll","background-type":"","background-media":"","overlay-type":"","overlay-color":"","overlay-opacity":"","overlay-gradient":""},"tablet":{"background-color":"var(--ast-global-color-5)","background-image":"","background-repeat":"repeat","background-position":"center center","background-size":"auto","background-attachment":"scroll","background-type":"","background-media":"","overlay-type":"","overlay-color":"","overlay-opacity":"","overlay-gradient":""},"mobile":{"background-color":"var(--ast-global-color-5)","background-image":"","background-repeat":"repeat","background-position":"center center","background-size":"auto","background-attachment":"scroll","background-type":"","background-media":"","overlay-type":"","overlay-color":"","overlay-opacity":"","overlay-gradient":""}}},"product_brand":[],"product_cat":[21],"product_tag":[],"class_list":{"0":"post-676","1":"product","2":"type-product","3":"status-publish","4":"has-post-thumbnail","6":"product_cat-three-phase-asynchronous-ac-motor","7":"desktop-align-left","8":"tablet-align-left","9":"mobile-align-left","10":"ast-product-gallery-layout-vertical-slider","11":"ast-product-tabs-layout-horizontal","13":"first","14":"instock","15":"shipping-taxable","16":"product-type-simple"},"yoast_head":"<!-- This site is optimized with the Yoast SEO plugin v27.4 - https:\/\/yoast.com\/product\/yoast-seo-wordpress\/ -->\n<title>YE3 series aluminum housing three-phase AC motor - Jining Huanzhongyu Electromechanical Co., Ltd.<\/title>\n<meta name=\"robots\" content=\"index, follow, max-snippet:-1, max-image-preview:large, max-video-preview:-1\" \/>\n<link rel=\"canonical\" href=\"https:\/\/www.huanyumotor.com\/es\/product\/ye3-series-aluminum-housing-three-phase-ac-motor\/\" \/>\n<meta property=\"og:locale\" content=\"es_ES\" \/>\n<meta property=\"og:type\" content=\"article\" \/>\n<meta property=\"og:title\" content=\"YE3 series aluminum housing three-phase AC motor - Jining Huanzhongyu Electromechanical Co., Ltd.\" \/>\n<meta property=\"og:description\" content=\"The YE3 series aluminum-cased three-phase squirrel-cage induction motor is a totally enclosed self-ventilated type. Designed according to national unified standards, it features high energy efficiency, high starting torque, low noise, minimal vibration, high reliability, compliance with IEC standards for power ratings and installation dimensions, and convenient operation\/maintenance.\" \/>\n<meta property=\"og:url\" content=\"https:\/\/www.huanyumotor.com\/es\/product\/ye3-series-aluminum-housing-three-phase-ac-motor\/\" \/>\n<meta property=\"og:site_name\" content=\"Jining Huanzhongyu Electromechanical Co., Ltd.\" \/>\n<meta property=\"article:publisher\" content=\"https:\/\/www.facebook.com\/profile.php?id=61579475484242&amp;sk=grid\" \/>\n<meta property=\"og:image\" content=\"https:\/\/www.huanyumotor.com\/wp-content\/uploads\/2025\/11\/2_1.jpg\" \/>\n\t<meta property=\"og:image:width\" content=\"800\" \/>\n\t<meta property=\"og:image:height\" content=\"800\" \/>\n\t<meta property=\"og:image:type\" content=\"image\/jpeg\" \/>\n<meta name=\"twitter:card\" content=\"summary_large_image\" \/>\n<meta name=\"twitter:label1\" content=\"Est. reading time\" \/>\n\t<meta name=\"twitter:data1\" content=\"1 minuto\" \/>\n<script type=\"application\/ld+json\" class=\"yoast-schema-graph\">{\"@context\":\"https:\\\/\\\/schema.org\",\"@graph\":[{\"@type\":\"WebPage\",\"@id\":\"https:\\\/\\\/www.huanyumotor.com\\\/product\\\/ye3-series-aluminum-housing-three-phase-ac-motor\\\/\",\"url\":\"https:\\\/\\\/www.huanyumotor.com\\\/product\\\/ye3-series-aluminum-housing-three-phase-ac-motor\\\/\",\"name\":\"YE3 series aluminum housing three-phase AC motor - Jining Huanzhongyu Electromechanical Co., Ltd.\",\"isPartOf\":{\"@id\":\"https:\\\/\\\/www.huanyumotor.com\\\/#website\"},\"primaryImageOfPage\":{\"@id\":\"https:\\\/\\\/www.huanyumotor.com\\\/product\\\/ye3-series-aluminum-housing-three-phase-ac-motor\\\/#primaryimage\"},\"image\":{\"@id\":\"https:\\\/\\\/www.huanyumotor.com\\\/product\\\/ye3-series-aluminum-housing-three-phase-ac-motor\\\/#primaryimage\"},\"thumbnailUrl\":\"https:\\\/\\\/www.huanyumotor.com\\\/wp-content\\\/uploads\\\/2025\\\/11\\\/2_1.jpg\",\"datePublished\":\"2025-11-12T02:38:03+00:00\",\"breadcrumb\":{\"@id\":\"https:\\\/\\\/www.huanyumotor.com\\\/product\\\/ye3-series-aluminum-housing-three-phase-ac-motor\\\/#breadcrumb\"},\"inLanguage\":\"es-UY\",\"potentialAction\":[{\"@type\":\"ReadAction\",\"target\":[\"https:\\\/\\\/www.huanyumotor.com\\\/product\\\/ye3-series-aluminum-housing-three-phase-ac-motor\\\/\"]}]},{\"@type\":\"ImageObject\",\"inLanguage\":\"es-UY\",\"@id\":\"https:\\\/\\\/www.huanyumotor.com\\\/product\\\/ye3-series-aluminum-housing-three-phase-ac-motor\\\/#primaryimage\",\"url\":\"https:\\\/\\\/www.huanyumotor.com\\\/wp-content\\\/uploads\\\/2025\\\/11\\\/2_1.jpg\",\"contentUrl\":\"https:\\\/\\\/www.huanyumotor.com\\\/wp-content\\\/uploads\\\/2025\\\/11\\\/2_1.jpg\",\"width\":800,\"height\":800},{\"@type\":\"BreadcrumbList\",\"@id\":\"https:\\\/\\\/www.huanyumotor.com\\\/product\\\/ye3-series-aluminum-housing-three-phase-ac-motor\\\/#breadcrumb\",\"itemListElement\":[{\"@type\":\"ListItem\",\"position\":1,\"name\":\"\u9996\u9875\",\"item\":\"https:\\\/\\\/www.huanyumotor.com\\\/\"},{\"@type\":\"ListItem\",\"position\":2,\"name\":\"Products\",\"item\":\"https:\\\/\\\/www.huanyumotor.com\\\/products\\\/\"},{\"@type\":\"ListItem\",\"position\":3,\"name\":\"YE3 series aluminum housing three-phase AC motor\"}]},{\"@type\":\"WebSite\",\"@id\":\"https:\\\/\\\/www.huanyumotor.com\\\/#website\",\"url\":\"https:\\\/\\\/www.huanyumotor.com\\\/\",\"name\":\"Jining Huanzhongyu Electromechanical Co., Ltd.\",\"description\":\"\",\"publisher\":{\"@id\":\"https:\\\/\\\/www.huanyumotor.com\\\/#organization\"},\"potentialAction\":[{\"@type\":\"SearchAction\",\"target\":{\"@type\":\"EntryPoint\",\"urlTemplate\":\"https:\\\/\\\/www.huanyumotor.com\\\/?s={search_term_string}\"},\"query-input\":{\"@type\":\"PropertyValueSpecification\",\"valueRequired\":true,\"valueName\":\"search_term_string\"}}],\"inLanguage\":\"es-UY\"},{\"@type\":\"Organization\",\"@id\":\"https:\\\/\\\/www.huanyumotor.com\\\/#organization\",\"name\":\"Jining Huanzhongyu Electromechanical Co., Ltd.\",\"url\":\"https:\\\/\\\/www.huanyumotor.com\\\/\",\"logo\":{\"@type\":\"ImageObject\",\"inLanguage\":\"es-UY\",\"@id\":\"https:\\\/\\\/www.huanyumotor.com\\\/#\\\/schema\\\/logo\\\/image\\\/\",\"url\":\"https:\\\/\\\/www.huanyumotor.com\\\/wp-content\\\/uploads\\\/2025\\\/11\\\/logo.webp\",\"contentUrl\":\"https:\\\/\\\/www.huanyumotor.com\\\/wp-content\\\/uploads\\\/2025\\\/11\\\/logo.webp\",\"width\":468,\"height\":242,\"caption\":\"Jining Huanzhongyu Electromechanical Co., Ltd.\"},\"image\":{\"@id\":\"https:\\\/\\\/www.huanyumotor.com\\\/#\\\/schema\\\/logo\\\/image\\\/\"},\"sameAs\":[\"https:\\\/\\\/www.facebook.com\\\/profile.php?id=61579475484242&sk=grid\"]}]}<\/script>\n<!-- \/ Yoast SEO plugin. -->","yoast_head_json":{"title":"YE3 series aluminum housing three-phase AC motor - Jining Huanzhongyu Electromechanical Co., Ltd.","robots":{"index":"index","follow":"follow","max-snippet":"max-snippet:-1","max-image-preview":"max-image-preview:large","max-video-preview":"max-video-preview:-1"},"canonical":"https:\/\/www.huanyumotor.com\/es\/product\/ye3-series-aluminum-housing-three-phase-ac-motor\/","og_locale":"es_ES","og_type":"article","og_title":"YE3 series aluminum housing three-phase AC motor - Jining Huanzhongyu Electromechanical Co., Ltd.","og_description":"The YE3 series aluminum-cased three-phase squirrel-cage induction motor is a totally enclosed self-ventilated type. Designed according to national unified standards, it features high energy efficiency, high starting torque, low noise, minimal vibration, high reliability, compliance with IEC standards for power ratings and installation dimensions, and convenient operation\/maintenance.","og_url":"https:\/\/www.huanyumotor.com\/es\/product\/ye3-series-aluminum-housing-three-phase-ac-motor\/","og_site_name":"Jining Huanzhongyu Electromechanical Co., Ltd.","article_publisher":"https:\/\/www.facebook.com\/profile.php?id=61579475484242&sk=grid","og_image":[{"width":800,"height":800,"url":"https:\/\/www.huanyumotor.com\/wp-content\/uploads\/2025\/11\/2_1.jpg","type":"image\/jpeg"}],"twitter_card":"summary_large_image","twitter_misc":{"Est. reading time":"1 minuto"},"schema":{"@context":"https:\/\/schema.org","@graph":[{"@type":"WebPage","@id":"https:\/\/www.huanyumotor.com\/product\/ye3-series-aluminum-housing-three-phase-ac-motor\/","url":"https:\/\/www.huanyumotor.com\/product\/ye3-series-aluminum-housing-three-phase-ac-motor\/","name":"YE3 series aluminum housing three-phase AC motor - Jining Huanzhongyu Electromechanical Co., Ltd.","isPartOf":{"@id":"https:\/\/www.huanyumotor.com\/#website"},"primaryImageOfPage":{"@id":"https:\/\/www.huanyumotor.com\/product\/ye3-series-aluminum-housing-three-phase-ac-motor\/#primaryimage"},"image":{"@id":"https:\/\/www.huanyumotor.com\/product\/ye3-series-aluminum-housing-three-phase-ac-motor\/#primaryimage"},"thumbnailUrl":"https:\/\/www.huanyumotor.com\/wp-content\/uploads\/2025\/11\/2_1.jpg","datePublished":"2025-11-12T02:38:03+00:00","breadcrumb":{"@id":"https:\/\/www.huanyumotor.com\/product\/ye3-series-aluminum-housing-three-phase-ac-motor\/#breadcrumb"},"inLanguage":"es-UY","potentialAction":[{"@type":"ReadAction","target":["https:\/\/www.huanyumotor.com\/product\/ye3-series-aluminum-housing-three-phase-ac-motor\/"]}]},{"@type":"ImageObject","inLanguage":"es-UY","@id":"https:\/\/www.huanyumotor.com\/product\/ye3-series-aluminum-housing-three-phase-ac-motor\/#primaryimage","url":"https:\/\/www.huanyumotor.com\/wp-content\/uploads\/2025\/11\/2_1.jpg","contentUrl":"https:\/\/www.huanyumotor.com\/wp-content\/uploads\/2025\/11\/2_1.jpg","width":800,"height":800},{"@type":"BreadcrumbList","@id":"https:\/\/www.huanyumotor.com\/product\/ye3-series-aluminum-housing-three-phase-ac-motor\/#breadcrumb","itemListElement":[{"@type":"ListItem","position":1,"name":"\u9996\u9875","item":"https:\/\/www.huanyumotor.com\/"},{"@type":"ListItem","position":2,"name":"Products","item":"https:\/\/www.huanyumotor.com\/products\/"},{"@type":"ListItem","position":3,"name":"YE3 series aluminum housing three-phase AC motor"}]},{"@type":"WebSite","@id":"https:\/\/www.huanyumotor.com\/#website","url":"https:\/\/www.huanyumotor.com\/","name":"Jining Huanzhongyu Electromechanical Co., Ltd.","description":"","publisher":{"@id":"https:\/\/www.huanyumotor.com\/#organization"},"potentialAction":[{"@type":"SearchAction","target":{"@type":"EntryPoint","urlTemplate":"https:\/\/www.huanyumotor.com\/?s={search_term_string}"},"query-input":{"@type":"PropertyValueSpecification","valueRequired":true,"valueName":"search_term_string"}}],"inLanguage":"es-UY"},{"@type":"Organization","@id":"https:\/\/www.huanyumotor.com\/#organization","name":"Jining Huanzhongyu Electromechanical Co., Ltd.","url":"https:\/\/www.huanyumotor.com\/","logo":{"@type":"ImageObject","inLanguage":"es-UY","@id":"https:\/\/www.huanyumotor.com\/#\/schema\/logo\/image\/","url":"https:\/\/www.huanyumotor.com\/wp-content\/uploads\/2025\/11\/logo.webp","contentUrl":"https:\/\/www.huanyumotor.com\/wp-content\/uploads\/2025\/11\/logo.webp","width":468,"height":242,"caption":"Jining Huanzhongyu Electromechanical Co., Ltd."},"image":{"@id":"https:\/\/www.huanyumotor.com\/#\/schema\/logo\/image\/"},"sameAs":["https:\/\/www.facebook.com\/profile.php?id=61579475484242&sk=grid"]}]}},"_links":{"self":[{"href":"https:\/\/www.huanyumotor.com\/es\/wp-json\/wp\/v2\/product\/676","targetHints":{"allow":["GET"]}}],"collection":[{"href":"https:\/\/www.huanyumotor.com\/es\/wp-json\/wp\/v2\/product"}],"about":[{"href":"https:\/\/www.huanyumotor.com\/es\/wp-json\/wp\/v2\/types\/product"}],"wp:featuredmedia":[{"embeddable":true,"href":"https:\/\/www.huanyumotor.com\/es\/wp-json\/wp\/v2\/media\/677"}],"wp:attachment":[{"href":"https:\/\/www.huanyumotor.com\/es\/wp-json\/wp\/v2\/media?parent=676"}],"wp:term":[{"taxonomy":"product_brand","embeddable":true,"href":"https:\/\/www.huanyumotor.com\/es\/wp-json\/wp\/v2\/product_brand?post=676"},{"taxonomy":"product_cat","embeddable":true,"href":"https:\/\/www.huanyumotor.com\/es\/wp-json\/wp\/v2\/product_cat?post=676"},{"taxonomy":"product_tag","embeddable":true,"href":"https:\/\/www.huanyumotor.com\/es\/wp-json\/wp\/v2\/product_tag?post=676"}],"curies":[{"name":"wp","href":"https:\/\/api.w.org\/{rel}","templated":true}]}}