{"id":528,"date":"2018-11-26T12:46:44","date_gmt":"2018-11-26T12:46:44","guid":{"rendered":"http:\/\/www.huanyumotor.com\/index.php\/projects\/"},"modified":"2025-11-16T15:23:52","modified_gmt":"2025-11-16T07:23:52","slug":"projects","status":"publish","type":"page","link":"https:\/\/www.huanyumotor.com\/fr\/projects\/","title":{"rendered":"Projets"},"content":{"rendered":"<div data-elementor-type=\"wp-post\" data-elementor-id=\"528\" class=\"elementor elementor-528\">\n\t\t\t\t\t\t<section class=\"elementor-section elementor-top-section elementor-element elementor-element-7d0b1fd elementor-section-content-middle elementor-section-boxed elementor-section-height-default elementor-section-height-default\" data-id=\"7d0b1fd\" data-element_type=\"section\" data-e-type=\"section\" data-settings=\"{&quot;background_background&quot;:&quot;classic&quot;}\">\n\t\t\t\t\t\t\t<div class=\"elementor-background-overlay\"><\/div>\n\t\t\t\t\t\t\t<div class=\"elementor-container elementor-column-gap-no\">\n\t\t\t\t\t<div class=\"elementor-column elementor-col-100 elementor-top-column elementor-element elementor-element-2365ee4d\" data-id=\"2365ee4d\" data-element_type=\"column\" data-e-type=\"column\">\n\t\t\t<div class=\"elementor-widget-wrap elementor-element-populated\">\n\t\t\t\t\t\t<div class=\"elementor-element elementor-element-3e363d46 elementor-widget elementor-widget-heading\" data-id=\"3e363d46\" data-element_type=\"widget\" data-e-type=\"widget\" data-widget_type=\"heading.default\">\n\t\t\t\t<div class=\"elementor-widget-container\">\n\t\t\t\t\t<h1 class=\"elementor-heading-title elementor-size-default\">Projets<\/h1>\t\t\t\t<\/div>\n\t\t\t\t<\/div>\n\t\t\t\t\t<\/div>\n\t\t<\/div>\n\t\t\t\t\t<\/div>\n\t\t<\/section>\n\t\t\t\t<section class=\"elementor-section elementor-top-section elementor-element elementor-element-695b2b0f elementor-section-content-top elementor-section-boxed elementor-section-height-default elementor-section-height-default\" data-id=\"695b2b0f\" data-element_type=\"section\" data-e-type=\"section\" data-settings=\"{&quot;background_background&quot;:&quot;classic&quot;}\">\n\t\t\t\t\t\t<div class=\"elementor-container elementor-column-gap-no\">\n\t\t\t\t\t<div class=\"elementor-column elementor-col-50 elementor-top-column elementor-element elementor-element-43d414b9\" data-id=\"43d414b9\" data-element_type=\"column\" data-e-type=\"column\">\n\t\t\t<div class=\"elementor-widget-wrap elementor-element-populated\">\n\t\t\t\t\t\t<div class=\"elementor-element elementor-element-2999a38a elementor-widget elementor-widget-image\" data-id=\"2999a38a\" data-element_type=\"widget\" data-e-type=\"widget\" data-widget_type=\"image.default\">\n\t\t\t\t<div class=\"elementor-widget-container\">\n\t\t\t\t\t\t\t\t\t\t\t\t\t\t\t<img fetchpriority=\"high\" decoding=\"async\" width=\"590\" height=\"400\" src=\"https:\/\/www.huanyumotor.com\/wp-content\/uploads\/2025\/11\/02.png\" class=\"attachment-full size-full wp-image-779\" alt=\"\" \/>\t\t\t\t\t\t\t\t\t\t\t\t\t\t\t<\/div>\n\t\t\t\t<\/div>\n\t\t\t\t<div class=\"elementor-element elementor-element-65a46ba6 elementor-widget elementor-widget-heading\" data-id=\"65a46ba6\" data-element_type=\"widget\" data-e-type=\"widget\" data-widget_type=\"heading.default\">\n\t\t\t\t<div class=\"elementor-widget-container\">\n\t\t\t\t\t<h4 class=\"elementor-heading-title elementor-size-default\">1. Moteur asynchrone triphas\u00e9<\/h4>\t\t\t\t<\/div>\n\t\t\t\t<\/div>\n\t\t\t\t<div class=\"elementor-element elementor-element-2922c6da elementor-widget elementor-widget-text-editor\" data-id=\"2922c6da\" data-element_type=\"widget\" data-e-type=\"widget\" data-widget_type=\"text-editor.default\">\n\t\t\t\t<div class=\"elementor-widget-container\">\n\t\t\t\t\t\t\t\t\t<p>\u25cf Champ d'application : Gamme de cadres H80-H355<br \/>\u25cf S\u00e9rie de cl\u00e9s :<br \/>\u25cb Moteur \u00e0 induction \u00e0 haut rendement de la s\u00e9rie YE3<br \/>\u25cb Moteur \u00e0 induction de la s\u00e9rie Y2<br \/>\u25cb Moteur vibrant asynchrone triphas\u00e9 de la s\u00e9rie YZU (machines \u00e0 grains)<br \/>\u25cb Moteur asynchrone triphas\u00e9 s\u00e9rie YBB d\u00e9di\u00e9 aux pompes \u00e0 huile<br \/>\u25cb Moteur asynchrone triphas\u00e9 de la s\u00e9rie YE2 d\u00e9di\u00e9 aux grenailleuses<br \/>\u25cf Domaines d'application : machines de construction, pompes \u00e0 eau, machines-outils, grues, \u00e9quipements de traitement du grain, grenailleuses.<\/p>\t\t\t\t\t\t\t\t<\/div>\n\t\t\t\t<\/div>\n\t\t\t\t\t<\/div>\n\t\t<\/div>\n\t\t\t\t<div class=\"elementor-column elementor-col-50 elementor-top-column elementor-element elementor-element-479f1207\" data-id=\"479f1207\" data-element_type=\"column\" data-e-type=\"column\">\n\t\t\t<div class=\"elementor-widget-wrap elementor-element-populated\">\n\t\t\t\t\t\t<div class=\"elementor-element elementor-element-1c138690 elementor-widget elementor-widget-image\" data-id=\"1c138690\" data-element_type=\"widget\" data-e-type=\"widget\" data-widget_type=\"image.default\">\n\t\t\t\t<div class=\"elementor-widget-container\">\n\t\t\t\t\t\t\t\t\t\t\t\t\t\t\t<img decoding=\"async\" width=\"590\" height=\"400\" src=\"https:\/\/www.huanyumotor.com\/wp-content\/uploads\/2018\/11\/project-2.jpg\" class=\"attachment-full size-full wp-image-172\" alt=\"\" \/>\t\t\t\t\t\t\t\t\t\t\t\t\t\t\t<\/div>\n\t\t\t\t<\/div>\n\t\t\t\t<div class=\"elementor-element elementor-element-659e6e22 elementor-widget elementor-widget-heading\" data-id=\"659e6e22\" data-element_type=\"widget\" data-e-type=\"widget\" data-widget_type=\"heading.default\">\n\t\t\t\t<div class=\"elementor-widget-container\">\n\t\t\t\t\t<h4 class=\"elementor-heading-title elementor-size-default\">2. Moteur CC sans balais \u00e0 aimant permanent<\/h4>\t\t\t\t<\/div>\n\t\t\t\t<\/div>\n\t\t\t\t<div class=\"elementor-element elementor-element-61fbbb60 elementor-widget elementor-widget-text-editor\" data-id=\"61fbbb60\" data-element_type=\"widget\" data-e-type=\"widget\" data-widget_type=\"text-editor.default\">\n\t\t\t\t<div class=\"elementor-widget-container\">\n\t\t\t\t\t\t\t\t\t<p>\u25cf Plage de tension : 24V\/36V\/48V\/60V\/72V<br \/>\u25cf S\u00e9rie de cl\u00e9s :<br \/>\u25cb Moteur CC sans balai \u00e0 aimant permanent de la s\u00e9rie 120 (puissance du moteur comprise entre 350 watts et 1800 watts)<br \/>\u25cb Moteur CC sans balais \u00e0 aimant permanent s\u00e9rie 133\/140 (1000W \u00e0 4000W)<br \/>\u25cb Moteur CC sans balais \u00e0 r\u00e9duction interm\u00e9diaire, moteur CC sans balais \u00e0 r\u00e9duction \u00e0 vis sans fin RV63, moteur CC sans balais \u00e0 frein \u00e9lectromagn\u00e9tique<br \/>\u25cf Domaines d'application : tondeuses \u00e0 gazon, v\u00e9hicules intelligents \u00e0 guidage automatique (AGV), chariots \u00e9l\u00e9vateurs \u00e9lectriques, tricycles\/quadricycles \u00e9lectriques, wagons de chemin de fer et v\u00e9hicules \u00e9lectriques \u00e0 ch\u00e2ssis \u00e0 chenilles.<\/p>\t\t\t\t\t\t\t\t<\/div>\n\t\t\t\t<\/div>\n\t\t\t\t\t<\/div>\n\t\t<\/div>\n\t\t\t\t\t<\/div>\n\t\t<\/section>\n\t\t\t\t<section class=\"elementor-section elementor-top-section elementor-element elementor-element-5765c148 elementor-section-content-top elementor-section-boxed elementor-section-height-default elementor-section-height-default\" data-id=\"5765c148\" data-element_type=\"section\" data-e-type=\"section\" data-settings=\"{&quot;background_background&quot;:&quot;classic&quot;}\">\n\t\t\t\t\t\t<div class=\"elementor-container elementor-column-gap-no\">\n\t\t\t\t\t<div class=\"elementor-column elementor-col-50 elementor-top-column elementor-element elementor-element-52d4d70b\" data-id=\"52d4d70b\" data-element_type=\"column\" data-e-type=\"column\">\n\t\t\t<div class=\"elementor-widget-wrap elementor-element-populated\">\n\t\t\t\t\t\t<div class=\"elementor-element elementor-element-6a4ef52a elementor-widget elementor-widget-image\" data-id=\"6a4ef52a\" data-element_type=\"widget\" data-e-type=\"widget\" data-widget_type=\"image.default\">\n\t\t\t\t<div class=\"elementor-widget-container\">\n\t\t\t\t\t\t\t\t\t\t\t\t\t\t\t<img decoding=\"async\" width=\"590\" height=\"400\" src=\"https:\/\/www.huanyumotor.com\/wp-content\/uploads\/2018\/11\/project-3.jpg\" class=\"attachment-full size-full wp-image-173\" alt=\"\" \/>\t\t\t\t\t\t\t\t\t\t\t\t\t\t\t<\/div>\n\t\t\t\t<\/div>\n\t\t\t\t<div class=\"elementor-element elementor-element-7fb3834f elementor-widget elementor-widget-heading\" data-id=\"7fb3834f\" data-element_type=\"widget\" data-e-type=\"widget\" data-widget_type=\"heading.default\">\n\t\t\t\t<div class=\"elementor-widget-container\">\n\t\t\t\t\t<h4 class=\"elementor-heading-title elementor-size-default\">3. Contr\u00f4leur de sourdine intelligent \u00e0 deux modes<\/h4>\t\t\t\t<\/div>\n\t\t\t\t<\/div>\n\t\t\t\t<div class=\"elementor-element elementor-element-cf4ffec elementor-widget elementor-widget-text-editor\" data-id=\"cf4ffec\" data-element_type=\"widget\" data-e-type=\"widget\" data-widget_type=\"text-editor.default\">\n\t\t\t\t<div class=\"elementor-widget-container\">\n\t\t\t\t\t\t\t\t\t<p>\u25cf Champ d'application : Contr\u00f4leur \u00e0 onde carr\u00e9e\/vecteur bimode \u00e0 tube 12G-36, contr\u00f4leur de frein \u00e9lectromagn\u00e9tique, syst\u00e8me de t\u00e9l\u00e9commande de voie.<br \/>\u25cf Domaines d'application : v\u00e9hicules \u00e9lectriques (tricycles, quatre-roues, v\u00e9hicules de chantier), v\u00e9hicules \u00e0 guidage automatique (AGV), ch\u00e2ssis \u00e0 chenilles, machines agricoles - parfaitement int\u00e9gr\u00e9s \u00e0 nos syst\u00e8mes de motorisation.<\/p>\t\t\t\t\t\t\t\t<\/div>\n\t\t\t\t<\/div>\n\t\t\t\t\t<\/div>\n\t\t<\/div>\n\t\t\t\t<div class=\"elementor-column elementor-col-50 elementor-top-column elementor-element elementor-element-508673ec\" data-id=\"508673ec\" data-element_type=\"column\" data-e-type=\"column\">\n\t\t\t<div class=\"elementor-widget-wrap elementor-element-populated\">\n\t\t\t\t\t\t<div class=\"elementor-element elementor-element-5a9c6e27 elementor-widget elementor-widget-image\" data-id=\"5a9c6e27\" data-element_type=\"widget\" data-e-type=\"widget\" data-widget_type=\"image.default\">\n\t\t\t\t<div class=\"elementor-widget-container\">\n\t\t\t\t\t\t\t\t\t\t\t\t\t\t\t<img loading=\"lazy\" decoding=\"async\" width=\"590\" height=\"400\" src=\"https:\/\/www.huanyumotor.com\/wp-content\/uploads\/2025\/11\/04.png\" class=\"attachment-full size-full wp-image-780\" alt=\"\" \/>\t\t\t\t\t\t\t\t\t\t\t\t\t\t\t<\/div>\n\t\t\t\t<\/div>\n\t\t\t\t<div class=\"elementor-element elementor-element-5feb3576 elementor-widget elementor-widget-heading\" data-id=\"5feb3576\" data-element_type=\"widget\" data-e-type=\"widget\" data-widget_type=\"heading.default\">\n\t\t\t\t<div class=\"elementor-widget-container\">\n\t\t\t\t\t<h4 class=\"elementor-heading-title elementor-size-default\">4. Essieu arri\u00e8re pour tricycles\/quadricycles \u00e9lectriques<\/h4>\t\t\t\t<\/div>\n\t\t\t\t<\/div>\n\t\t\t\t<div class=\"elementor-element elementor-element-3d74166f elementor-widget elementor-widget-text-editor\" data-id=\"3d74166f\" data-element_type=\"widget\" data-e-type=\"widget\" data-widget_type=\"text-editor.default\">\n\t\t\t\t<div class=\"elementor-widget-container\">\n\t\t\t\t\t\t\t\t\t<p>Port\u00e9e : La gamme personnalisable du tube de pont est comprise entre 800 mm et 1600 mm. Il peut \u00eatre utilis\u00e9 pour les freins \u00e0 disque int\u00e9gr\u00e9s, les freins \u00e0 tambour int\u00e9gr\u00e9s, les freins \u00e0 disque divis\u00e9, les freins \u00e0 tambour divis\u00e9 et les essieux arri\u00e8re \u00e0 vitesse variable. L'ensemble d'entra\u00eenement de l'essieu arri\u00e8re peut \u00eatre personnalis\u00e9 en fonction des besoins du v\u00e9hicule du client.<br \/>\u25cf Domaines d'application : Notre ensemble d'essieu arri\u00e8re est sp\u00e9cifiquement con\u00e7u pour les tricycles \u00e9lectriques et les v\u00e9hicules \u00e0 quatre roues, combinant durabilit\u00e9, transmission de puissance en douceur et facilit\u00e9 d'installation pour am\u00e9liorer les performances et la fiabilit\u00e9 du v\u00e9hicule. Il convient \u00e9galement aux v\u00e9hicules \u00e0 ch\u00e2ssis chenill\u00e9 et est compatible avec nos moteurs CC sans balais de la s\u00e9rie 120-140 (24V-72V, 1000W-4000W).<br \/>Fabrication avanc\u00e9e et assurance qualit\u00e9<br \/>Notre ligne de production est dot\u00e9e des \u00e9quipements les plus avanc\u00e9s pour garantir la pr\u00e9cision et l'uniformit\u00e9 :<br \/>\u25cf Machine automatique de bobinage\/embobinage de stator<br \/>\u25cf Machine d'\u00e9quilibrage dynamique du rotor<br \/>\u25cf Syst\u00e8me d'essai de r\u00e9sistance \u00e0 la tension du moteur<br \/>\u25cf \u00c9quipement de trempe \u00e0 haute fr\u00e9quence<br \/>\u25cf Ligne d'impr\u00e9gnation et de s\u00e9chage automatique<br \/>\u25cf Syst\u00e8me d'essai en usine (dynamom\u00e8tre, magn\u00e9tiseur, centre d'usinage CNC).<br \/>Chaque produit est soumis \u00e0 des inspections rigoureuses en mati\u00e8re de performance et de s\u00e9curit\u00e9 avant d'\u00eatre livr\u00e9, afin de garantir la conformit\u00e9 aux normes internationales.<\/p>\t\t\t\t\t\t\t\t<\/div>\n\t\t\t\t<\/div>\n\t\t\t\t\t<\/div>\n\t\t<\/div>\n\t\t\t\t\t<\/div>\n\t\t<\/section>\n\t\t\t\t<\/div>","protected":false},"excerpt":{"rendered":"<p>Projects 1. Three-phase asynchronous motor \u25cf Scope: H80\u2013H355 frame range\u25cf Key series:\u25cb YE3 series high-efficiency induction motor\u25cb Y2 series induction motor\u25cb YZU series three-phase asynchronous vibration motor (grain machinery)\u25cb YBB series three-phase asynchronous motor dedicated to oil pumps\u25cb YE2 series three-phase asynchronous motor dedicated to shot blasting machines\u25cf Application areas: construction machinery, water pumps, machine [&hellip;]<\/p>","protected":false},"author":1,"featured_media":0,"parent":0,"menu_order":0,"comment_status":"closed","ping_status":"closed","template":"","meta":{"site-sidebar-layout":"no-sidebar","site-content-layout":"page-builder","ast-site-content-layout":"default","site-content-style":"default","site-sidebar-style":"default","ast-global-header-display":"","ast-banner-title-visibility":"","ast-main-header-display":"","ast-hfb-above-header-display":"","ast-hfb-below-header-display":"","ast-hfb-mobile-header-display":"","site-post-title":"disabled","ast-breadcrumbs-content":"","ast-featured-img":"disabled","footer-sml-layout":"","ast-disable-related-posts":"","theme-transparent-header-meta":"enabled","adv-header-id-meta":"","stick-header-meta":"","header-above-stick-meta":"","header-main-stick-meta":"","header-below-stick-meta":"","astra-migrate-meta-layouts":"default","ast-page-background-enabled":"default","ast-page-background-meta":{"desktop":{"background-color":"","background-image":"","background-repeat":"repeat","background-position":"center center","background-size":"auto","background-attachment":"scroll","background-type":"","background-media":"","overlay-type":"","overlay-color":"","overlay-opacity":"","overlay-gradient":""},"tablet":{"background-color":"","background-image":"","background-repeat":"repeat","background-position":"center center","background-size":"auto","background-attachment":"scroll","background-type":"","background-media":"","overlay-type":"","overlay-color":"","overlay-opacity":"","overlay-gradient":""},"mobile":{"background-color":"","background-image":"","background-repeat":"repeat","background-position":"center center","background-size":"auto","background-attachment":"scroll","background-type":"","background-media":"","overlay-type":"","overlay-color":"","overlay-opacity":"","overlay-gradient":""}},"ast-content-background-meta":{"desktop":{"background-color":"var(--ast-global-color-5)","background-image":"","background-repeat":"repeat","background-position":"center center","background-size":"auto","background-attachment":"scroll","background-type":"","background-media":"","overlay-type":"","overlay-color":"","overlay-opacity":"","overlay-gradient":""},"tablet":{"background-color":"var(--ast-global-color-5)","background-image":"","background-repeat":"repeat","background-position":"center center","background-size":"auto","background-attachment":"scroll","background-type":"","background-media":"","overlay-type":"","overlay-color":"","overlay-opacity":"","overlay-gradient":""},"mobile":{"background-color":"var(--ast-global-color-5)","background-image":"","background-repeat":"repeat","background-position":"center center","background-size":"auto","background-attachment":"scroll","background-type":"","background-media":"","overlay-type":"","overlay-color":"","overlay-opacity":"","overlay-gradient":""}},"footnotes":""},"class_list":["post-528","page","type-page","status-publish","hentry"],"yoast_head":"<!-- This site is optimized with the Yoast SEO plugin v27.4 - https:\/\/yoast.com\/product\/yoast-seo-wordpress\/ -->\n<title>Projects - Jining Huanzhongyu Electromechanical Co., Ltd.<\/title>\n<meta name=\"robots\" content=\"index, follow, max-snippet:-1, max-image-preview:large, max-video-preview:-1\" \/>\n<link rel=\"canonical\" href=\"https:\/\/www.huanyumotor.com\/fr\/projects\/\" \/>\n<meta property=\"og:locale\" content=\"fr_FR\" \/>\n<meta property=\"og:type\" content=\"article\" \/>\n<meta property=\"og:title\" content=\"Projects - Jining Huanzhongyu Electromechanical Co., Ltd.\" \/>\n<meta property=\"og:description\" content=\"Projects 1. Three-phase asynchronous motor \u25cf Scope: H80\u2013H355 frame range\u25cf Key series:\u25cb YE3 series high-efficiency induction motor\u25cb Y2 series induction motor\u25cb YZU series three-phase asynchronous vibration motor (grain machinery)\u25cb YBB series three-phase asynchronous motor dedicated to oil pumps\u25cb YE2 series three-phase asynchronous motor dedicated to shot blasting machines\u25cf Application areas: construction machinery, water pumps, machine [&hellip;]\" \/>\n<meta property=\"og:url\" content=\"https:\/\/www.huanyumotor.com\/fr\/projects\/\" \/>\n<meta property=\"og:site_name\" content=\"Jining Huanzhongyu Electromechanical Co., Ltd.\" \/>\n<meta property=\"article:publisher\" content=\"https:\/\/www.facebook.com\/profile.php?id=61579475484242&amp;sk=grid\" \/>\n<meta property=\"article:modified_time\" content=\"2025-11-16T07:23:52+00:00\" \/>\n<meta property=\"og:image\" content=\"http:\/\/www.huanyumotor.com\/wp-content\/uploads\/2025\/11\/02.png\" \/>\n<meta name=\"twitter:card\" content=\"summary_large_image\" \/>\n<meta name=\"twitter:label1\" content=\"Dur\u00e9e de lecture estim\u00e9e\" \/>\n\t<meta name=\"twitter:data1\" content=\"2 minutes\" \/>\n<script type=\"application\/ld+json\" class=\"yoast-schema-graph\">{\"@context\":\"https:\\\/\\\/schema.org\",\"@graph\":[{\"@type\":\"WebPage\",\"@id\":\"https:\\\/\\\/www.huanyumotor.com\\\/projects\\\/\",\"url\":\"https:\\\/\\\/www.huanyumotor.com\\\/projects\\\/\",\"name\":\"Projects - Jining Huanzhongyu Electromechanical Co., Ltd.\",\"isPartOf\":{\"@id\":\"https:\\\/\\\/www.huanyumotor.com\\\/#website\"},\"primaryImageOfPage\":{\"@id\":\"https:\\\/\\\/www.huanyumotor.com\\\/projects\\\/#primaryimage\"},\"image\":{\"@id\":\"https:\\\/\\\/www.huanyumotor.com\\\/projects\\\/#primaryimage\"},\"thumbnailUrl\":\"http:\\\/\\\/www.huanyumotor.com\\\/wp-content\\\/uploads\\\/2025\\\/11\\\/02.png\",\"datePublished\":\"2018-11-26T12:46:44+00:00\",\"dateModified\":\"2025-11-16T07:23:52+00:00\",\"breadcrumb\":{\"@id\":\"https:\\\/\\\/www.huanyumotor.com\\\/projects\\\/#breadcrumb\"},\"inLanguage\":\"fr-FR\",\"potentialAction\":[{\"@type\":\"ReadAction\",\"target\":[\"https:\\\/\\\/www.huanyumotor.com\\\/projects\\\/\"]}]},{\"@type\":\"ImageObject\",\"inLanguage\":\"fr-FR\",\"@id\":\"https:\\\/\\\/www.huanyumotor.com\\\/projects\\\/#primaryimage\",\"url\":\"http:\\\/\\\/www.huanyumotor.com\\\/wp-content\\\/uploads\\\/2025\\\/11\\\/02.png\",\"contentUrl\":\"http:\\\/\\\/www.huanyumotor.com\\\/wp-content\\\/uploads\\\/2025\\\/11\\\/02.png\"},{\"@type\":\"BreadcrumbList\",\"@id\":\"https:\\\/\\\/www.huanyumotor.com\\\/projects\\\/#breadcrumb\",\"itemListElement\":[{\"@type\":\"ListItem\",\"position\":1,\"name\":\"\u9996\u9875\",\"item\":\"https:\\\/\\\/www.huanyumotor.com\\\/\"},{\"@type\":\"ListItem\",\"position\":2,\"name\":\"Projects\"}]},{\"@type\":\"WebSite\",\"@id\":\"https:\\\/\\\/www.huanyumotor.com\\\/#website\",\"url\":\"https:\\\/\\\/www.huanyumotor.com\\\/\",\"name\":\"Jining Huanzhongyu Electromechanical Co., Ltd.\",\"description\":\"\",\"publisher\":{\"@id\":\"https:\\\/\\\/www.huanyumotor.com\\\/#organization\"},\"potentialAction\":[{\"@type\":\"SearchAction\",\"target\":{\"@type\":\"EntryPoint\",\"urlTemplate\":\"https:\\\/\\\/www.huanyumotor.com\\\/?s={search_term_string}\"},\"query-input\":{\"@type\":\"PropertyValueSpecification\",\"valueRequired\":true,\"valueName\":\"search_term_string\"}}],\"inLanguage\":\"fr-FR\"},{\"@type\":\"Organization\",\"@id\":\"https:\\\/\\\/www.huanyumotor.com\\\/#organization\",\"name\":\"Jining Huanzhongyu Electromechanical Co., Ltd.\",\"url\":\"https:\\\/\\\/www.huanyumotor.com\\\/\",\"logo\":{\"@type\":\"ImageObject\",\"inLanguage\":\"fr-FR\",\"@id\":\"https:\\\/\\\/www.huanyumotor.com\\\/#\\\/schema\\\/logo\\\/image\\\/\",\"url\":\"https:\\\/\\\/www.huanyumotor.com\\\/wp-content\\\/uploads\\\/2025\\\/11\\\/logo.webp\",\"contentUrl\":\"https:\\\/\\\/www.huanyumotor.com\\\/wp-content\\\/uploads\\\/2025\\\/11\\\/logo.webp\",\"width\":468,\"height\":242,\"caption\":\"Jining Huanzhongyu Electromechanical Co., Ltd.\"},\"image\":{\"@id\":\"https:\\\/\\\/www.huanyumotor.com\\\/#\\\/schema\\\/logo\\\/image\\\/\"},\"sameAs\":[\"https:\\\/\\\/www.facebook.com\\\/profile.php?id=61579475484242&sk=grid\"]}]}<\/script>\n<!-- \/ Yoast SEO plugin. -->","yoast_head_json":{"title":"Projects - Jining Huanzhongyu Electromechanical Co., Ltd.","robots":{"index":"index","follow":"follow","max-snippet":"max-snippet:-1","max-image-preview":"max-image-preview:large","max-video-preview":"max-video-preview:-1"},"canonical":"https:\/\/www.huanyumotor.com\/fr\/projects\/","og_locale":"fr_FR","og_type":"article","og_title":"Projects - Jining Huanzhongyu Electromechanical Co., Ltd.","og_description":"Projects 1. Three-phase asynchronous motor \u25cf Scope: H80\u2013H355 frame range\u25cf Key series:\u25cb YE3 series high-efficiency induction motor\u25cb Y2 series induction motor\u25cb YZU series three-phase asynchronous vibration motor (grain machinery)\u25cb YBB series three-phase asynchronous motor dedicated to oil pumps\u25cb YE2 series three-phase asynchronous motor dedicated to shot blasting machines\u25cf Application areas: construction machinery, water pumps, machine [&hellip;]","og_url":"https:\/\/www.huanyumotor.com\/fr\/projects\/","og_site_name":"Jining Huanzhongyu Electromechanical Co., Ltd.","article_publisher":"https:\/\/www.facebook.com\/profile.php?id=61579475484242&sk=grid","article_modified_time":"2025-11-16T07:23:52+00:00","og_image":[{"url":"http:\/\/www.huanyumotor.com\/wp-content\/uploads\/2025\/11\/02.png","type":"","width":"","height":""}],"twitter_card":"summary_large_image","twitter_misc":{"Dur\u00e9e de lecture estim\u00e9e":"2 minutes"},"schema":{"@context":"https:\/\/schema.org","@graph":[{"@type":"WebPage","@id":"https:\/\/www.huanyumotor.com\/projects\/","url":"https:\/\/www.huanyumotor.com\/projects\/","name":"Projects - Jining Huanzhongyu Electromechanical Co., Ltd.","isPartOf":{"@id":"https:\/\/www.huanyumotor.com\/#website"},"primaryImageOfPage":{"@id":"https:\/\/www.huanyumotor.com\/projects\/#primaryimage"},"image":{"@id":"https:\/\/www.huanyumotor.com\/projects\/#primaryimage"},"thumbnailUrl":"http:\/\/www.huanyumotor.com\/wp-content\/uploads\/2025\/11\/02.png","datePublished":"2018-11-26T12:46:44+00:00","dateModified":"2025-11-16T07:23:52+00:00","breadcrumb":{"@id":"https:\/\/www.huanyumotor.com\/projects\/#breadcrumb"},"inLanguage":"fr-FR","potentialAction":[{"@type":"ReadAction","target":["https:\/\/www.huanyumotor.com\/projects\/"]}]},{"@type":"ImageObject","inLanguage":"fr-FR","@id":"https:\/\/www.huanyumotor.com\/projects\/#primaryimage","url":"http:\/\/www.huanyumotor.com\/wp-content\/uploads\/2025\/11\/02.png","contentUrl":"http:\/\/www.huanyumotor.com\/wp-content\/uploads\/2025\/11\/02.png"},{"@type":"BreadcrumbList","@id":"https:\/\/www.huanyumotor.com\/projects\/#breadcrumb","itemListElement":[{"@type":"ListItem","position":1,"name":"\u9996\u9875","item":"https:\/\/www.huanyumotor.com\/"},{"@type":"ListItem","position":2,"name":"Projects"}]},{"@type":"WebSite","@id":"https:\/\/www.huanyumotor.com\/#website","url":"https:\/\/www.huanyumotor.com\/","name":"Jining Huanzhongyu Electromechanical Co, Ltd.","description":"","publisher":{"@id":"https:\/\/www.huanyumotor.com\/#organization"},"potentialAction":[{"@type":"SearchAction","target":{"@type":"EntryPoint","urlTemplate":"https:\/\/www.huanyumotor.com\/?s={search_term_string}"},"query-input":{"@type":"PropertyValueSpecification","valueRequired":true,"valueName":"search_term_string"}}],"inLanguage":"fr-FR"},{"@type":"Organization","@id":"https:\/\/www.huanyumotor.com\/#organization","name":"Jining Huanzhongyu Electromechanical Co, Ltd.","url":"https:\/\/www.huanyumotor.com\/","logo":{"@type":"ImageObject","inLanguage":"fr-FR","@id":"https:\/\/www.huanyumotor.com\/#\/schema\/logo\/image\/","url":"https:\/\/www.huanyumotor.com\/wp-content\/uploads\/2025\/11\/logo.webp","contentUrl":"https:\/\/www.huanyumotor.com\/wp-content\/uploads\/2025\/11\/logo.webp","width":468,"height":242,"caption":"Jining Huanzhongyu Electromechanical Co., Ltd."},"image":{"@id":"https:\/\/www.huanyumotor.com\/#\/schema\/logo\/image\/"},"sameAs":["https:\/\/www.facebook.com\/profile.php?id=61579475484242&sk=grid"]}]}},"_links":{"self":[{"href":"https:\/\/www.huanyumotor.com\/fr\/wp-json\/wp\/v2\/pages\/528","targetHints":{"allow":["GET"]}}],"collection":[{"href":"https:\/\/www.huanyumotor.com\/fr\/wp-json\/wp\/v2\/pages"}],"about":[{"href":"https:\/\/www.huanyumotor.com\/fr\/wp-json\/wp\/v2\/types\/page"}],"author":[{"embeddable":true,"href":"https:\/\/www.huanyumotor.com\/fr\/wp-json\/wp\/v2\/users\/1"}],"replies":[{"embeddable":true,"href":"https:\/\/www.huanyumotor.com\/fr\/wp-json\/wp\/v2\/comments?post=528"}],"version-history":[{"count":10,"href":"https:\/\/www.huanyumotor.com\/fr\/wp-json\/wp\/v2\/pages\/528\/revisions"}],"predecessor-version":[{"id":790,"href":"https:\/\/www.huanyumotor.com\/fr\/wp-json\/wp\/v2\/pages\/528\/revisions\/790"}],"wp:attachment":[{"href":"https:\/\/www.huanyumotor.com\/fr\/wp-json\/wp\/v2\/media?parent=528"}],"curies":[{"name":"wp","href":"https:\/\/api.w.org\/{rel}","templated":true}]}}