{"id":588,"date":"2025-11-12T10:12:24","date_gmt":"2025-11-12T02:12:24","guid":{"rendered":"http:\/\/www.huanyumotor.com\/?post_type=product&#038;p=588"},"modified":"2025-11-12T10:13:15","modified_gmt":"2025-11-12T02:13:15","slug":"dual-drive-rear-axle","status":"publish","type":"product","link":"https:\/\/www.huanyumotor.com\/fr\/produit\/dual-drive-rear-axle\/","title":{"rendered":"Essieu arri\u00e8re \u00e0 double entra\u00eenement"},"content":{"rendered":"<p>L'essieu arri\u00e8re \u00e0 double entra\u00eenement est un type d'essieu moteur qui adopte une structure \u00e0 double moteur. Il est principalement utilis\u00e9 dans les v\u00e9hicules qui n\u00e9cessitent un couple de sortie \u00e9lev\u00e9 et une grande fiabilit\u00e9, tels que les v\u00e9hicules \u00e0 chenilles, et pr\u00e9sente les caract\u00e9ristiques d'une structure compacte et d'une performance sup\u00e9rieure.<br \/>\nCaract\u00e9ristiques techniques du produit<br \/>\nAvantages de la conception structurelle :<br \/>\nL'adoption d'un double moteur permet de doubler le couple de sortie et de r\u00e9pondre aux exigences de charge \u00e9lev\u00e9es.<br \/>\nStructure m\u00e9canique compacte, volume l\u00e9ger, facilit\u00e9 d'installation et d'entretien<br \/>\nFabriqu\u00e9 \u00e0 partir de mat\u00e9riaux de haute qualit\u00e9, tels que l'alliage d'aluminium, qui permet une dissipation rapide de la chaleur.<br \/>\nPerformances :<br \/>\nBonne dissipation de la chaleur, gr\u00e2ce \u00e0 un syst\u00e8me de refroidissement automatique par air, fonctionnement stable et fiable.<br \/>\nEfficacit\u00e9 \u00e9lev\u00e9e de la transmission, peu de pi\u00e8ces vuln\u00e9rables et longue dur\u00e9e de vie<br \/>\nPossibilit\u00e9 de personnaliser la conception en fonction des besoins du client.<br \/>\nDomaine d'application<br \/>\nL'essieu arri\u00e8re \u00e0 double entra\u00eenement convient principalement aux sc\u00e9narios suivants :<br \/>\nV\u00e9hicules \u00e0 chenilles : utilis\u00e9s pour les v\u00e9hicules non routiers tels que les terres agricoles, les chantiers de construction, les mines, etc.<\/p>\n<p>Avantages techniques :<br \/>\nIl prend en charge de multiples configurations et peut \u00eatre associ\u00e9 \u00e0 des syst\u00e8mes de commande \u00e0 distance, \u00e0 des r\u00e9ducteurs \u00e0 vis sans fin et \u00e0 d'autres composants pour r\u00e9pondre aux diff\u00e9rents besoins des clients. Permet l'exp\u00e9dition en vrac et la production sur mesure, avec une forte comp\u00e9titivit\u00e9 des prix et un avantage de prix par rapport aux accessoires d'essieu moteur traditionnels.<br \/>\nPerspectives de march\u00e9 :<br \/>\nAvec le d\u00e9veloppement rapide de l'industrie logistique et la demande croissante de transports efficaces, les perspectives de march\u00e9 pour les essieux moteurs \u00e0 d\u00e9c\u00e9l\u00e9ration en une \u00e9tape sont vastes. En tant que produit de mise \u00e0 niveau technologique, l'essieu arri\u00e8re \u00e0 double entra\u00eenement peut r\u00e9pondre \u00e0 la demande des clients du commerce ext\u00e9rieur pour des composants de v\u00e9hicules de haute performance et de haute fiabilit\u00e9.<\/p>\n<table width=\"701\">\n<tbody>\n<tr>\n<td colspan=\"4\" width=\"701\">Param\u00e8tres de sp\u00e9cification du produit<\/td>\n<\/tr>\n<tr>\n<td width=\"129\">Type de frein<\/td>\n<td colspan=\"3\" width=\"572\">Disque hydraulique<\/td>\n<\/tr>\n<tr>\n<td width=\"129\">Mat\u00e9riau du demi-axe<\/td>\n<td colspan=\"3\" width=\"572\">45 Acier # ou 40Cr<\/td>\n<\/tr>\n<tr>\n<td width=\"129\">Mod\u00e8le de palier \u00e0 demi-arbre<\/td>\n<td colspan=\"3\" width=\"572\">6205 ou 6206<\/td>\n<\/tr>\n<tr>\n<td width=\"129\">Nombre de dents sur le demi-arbre<\/td>\n<td colspan=\"3\" width=\"572\">18 ou 22 ou 6<\/td>\n<\/tr>\n<tr>\n<td width=\"129\">Convient aux bo\u00eetes de vitesses<\/td>\n<td colspan=\"3\" width=\"572\">Rapport simple ou double<\/td>\n<\/tr>\n<tr>\n<td width=\"129\">Mod\u00e8les de v\u00e9hicules correspondants<\/td>\n<td colspan=\"3\" width=\"572\">V\u00e9hicules tout terrain, voiturettes de golf, tricycles motoris\u00e9s, tricycles \u00e9lectriques<\/td>\n<\/tr>\n<tr>\n<td rowspan=\"4\" width=\"129\">avantage<\/td>\n<td colspan=\"3\" rowspan=\"4\" width=\"572\">1. Structure int\u00e9gr\u00e9e, coaxialit\u00e9 \u00e9lev\u00e9e, performances stables et capacit\u00e9 de charge accrue. 2. Freins \u00e0 disques hydrauliques \u00e0 couple de freinage \u00e9lev\u00e9, freinage sensible, bon effet de dissipation de la chaleur et efficacit\u00e9 de freinage stable.                                                                    3. \u00c9quip\u00e9 de configurations haute, moyenne et basse, les clients peuvent choisir la configuration correspondante en fonction de leurs exigences d'utilisation et de co\u00fbt.<\/td>\n<\/tr>\n<\/tbody>\n<\/table>\n<p>&nbsp;<\/p>","protected":false},"excerpt":{"rendered":"<p>L'essieu arri\u00e8re \u00e0 double entra\u00eenement est un type d'essieu moteur qui adopte une structure \u00e0 double moteur. Il est principalement utilis\u00e9 dans les v\u00e9hicules qui n\u00e9cessitent un couple de sortie \u00e9lev\u00e9 et une grande fiabilit\u00e9, tels que les v\u00e9hicules \u00e0 chenilles, et pr\u00e9sente les caract\u00e9ristiques d'une structure compacte et d'une performance sup\u00e9rieure.<\/p>","protected":false},"featured_media":590,"template":"","meta":{"site-sidebar-layout":"default","site-content-layout":"default","ast-site-content-layout":"default","site-content-style":"default","site-sidebar-style":"default","ast-global-header-display":"","ast-banner-title-visibility":"","ast-main-header-display":"","ast-hfb-above-header-display":"","ast-hfb-below-header-display":"","ast-hfb-mobile-header-display":"","site-post-title":"","ast-breadcrumbs-content":"","ast-featured-img":"","footer-sml-layout":"","ast-disable-related-posts":"","theme-transparent-header-meta":"default","adv-header-id-meta":"","stick-header-meta":"","header-above-stick-meta":"","header-main-stick-meta":"","header-below-stick-meta":"","astra-migrate-meta-layouts":"default","ast-page-background-enabled":"default","ast-page-background-meta":{"desktop":{"background-color":"","background-image":"","background-repeat":"repeat","background-position":"center center","background-size":"auto","background-attachment":"scroll","background-type":"","background-media":"","overlay-type":"","overlay-color":"","overlay-opacity":"","overlay-gradient":""},"tablet":{"background-color":"","background-image":"","background-repeat":"repeat","background-position":"center center","background-size":"auto","background-attachment":"scroll","background-type":"","background-media":"","overlay-type":"","overlay-color":"","overlay-opacity":"","overlay-gradient":""},"mobile":{"background-color":"","background-image":"","background-repeat":"repeat","background-position":"center center","background-size":"auto","background-attachment":"scroll","background-type":"","background-media":"","overlay-type":"","overlay-color":"","overlay-opacity":"","overlay-gradient":""}},"ast-content-background-meta":{"desktop":{"background-color":"var(--ast-global-color-5)","background-image":"","background-repeat":"repeat","background-position":"center center","background-size":"auto","background-attachment":"scroll","background-type":"","background-media":"","overlay-type":"","overlay-color":"","overlay-opacity":"","overlay-gradient":""},"tablet":{"background-color":"var(--ast-global-color-5)","background-image":"","background-repeat":"repeat","background-position":"center center","background-size":"auto","background-attachment":"scroll","background-type":"","background-media":"","overlay-type":"","overlay-color":"","overlay-opacity":"","overlay-gradient":""},"mobile":{"background-color":"var(--ast-global-color-5)","background-image":"","background-repeat":"repeat","background-position":"center center","background-size":"auto","background-attachment":"scroll","background-type":"","background-media":"","overlay-type":"","overlay-color":"","overlay-opacity":"","overlay-gradient":""}}},"product_brand":[],"product_cat":[22],"product_tag":[],"class_list":{"0":"post-588","1":"product","2":"type-product","3":"status-publish","4":"has-post-thumbnail","6":"product_cat-rear-axle-assembly","7":"desktop-align-left","8":"tablet-align-left","9":"mobile-align-left","10":"ast-product-gallery-layout-vertical-slider","11":"ast-product-gallery-with-no-image","12":"ast-product-tabs-layout-horizontal","14":"first","15":"instock","16":"shipping-taxable","17":"product-type-simple"},"yoast_head":"<!-- This site is optimized with the Yoast SEO plugin v27.4 - https:\/\/yoast.com\/product\/yoast-seo-wordpress\/ -->\n<title>Dual drive rear axle - Jining Huanzhongyu Electromechanical Co., Ltd.<\/title>\n<meta name=\"robots\" content=\"index, follow, max-snippet:-1, max-image-preview:large, max-video-preview:-1\" \/>\n<link rel=\"canonical\" href=\"https:\/\/www.huanyumotor.com\/fr\/produit\/dual-drive-rear-axle\/\" \/>\n<meta property=\"og:locale\" content=\"fr_FR\" \/>\n<meta property=\"og:type\" content=\"article\" \/>\n<meta property=\"og:title\" content=\"Dual drive rear axle - Jining Huanzhongyu Electromechanical Co., Ltd.\" \/>\n<meta property=\"og:description\" content=\"Dual drive rear axle is a type of drive axle product that adopts a dual motor structure. It is mainly used in vehicles that require high torque output and high reliability, such as tracked vehicles, and has the characteristics of compact structure and superior performance.\" \/>\n<meta property=\"og:url\" content=\"https:\/\/www.huanyumotor.com\/fr\/produit\/dual-drive-rear-axle\/\" \/>\n<meta property=\"og:site_name\" content=\"Jining Huanzhongyu Electromechanical Co., Ltd.\" \/>\n<meta property=\"article:publisher\" content=\"https:\/\/www.facebook.com\/profile.php?id=61579475484242&amp;sk=grid\" \/>\n<meta property=\"article:modified_time\" content=\"2025-11-12T02:13:15+00:00\" \/>\n<meta property=\"og:image\" content=\"https:\/\/www.huanyumotor.com\/wp-content\/uploads\/2025\/11\/25_1.jpg\" \/>\n\t<meta property=\"og:image:width\" content=\"800\" \/>\n\t<meta property=\"og:image:height\" content=\"800\" \/>\n\t<meta property=\"og:image:type\" content=\"image\/jpeg\" \/>\n<meta name=\"twitter:card\" content=\"summary_large_image\" \/>\n<meta name=\"twitter:label1\" content=\"Dur\u00e9e de lecture estim\u00e9e\" \/>\n\t<meta name=\"twitter:data1\" content=\"2 minutes\" \/>\n<script type=\"application\/ld+json\" class=\"yoast-schema-graph\">{\"@context\":\"https:\\\/\\\/schema.org\",\"@graph\":[{\"@type\":\"WebPage\",\"@id\":\"https:\\\/\\\/www.huanyumotor.com\\\/product\\\/dual-drive-rear-axle\\\/\",\"url\":\"https:\\\/\\\/www.huanyumotor.com\\\/product\\\/dual-drive-rear-axle\\\/\",\"name\":\"Dual drive rear axle - Jining Huanzhongyu Electromechanical Co., Ltd.\",\"isPartOf\":{\"@id\":\"https:\\\/\\\/www.huanyumotor.com\\\/#website\"},\"primaryImageOfPage\":{\"@id\":\"https:\\\/\\\/www.huanyumotor.com\\\/product\\\/dual-drive-rear-axle\\\/#primaryimage\"},\"image\":{\"@id\":\"https:\\\/\\\/www.huanyumotor.com\\\/product\\\/dual-drive-rear-axle\\\/#primaryimage\"},\"thumbnailUrl\":\"https:\\\/\\\/www.huanyumotor.com\\\/wp-content\\\/uploads\\\/2025\\\/11\\\/25_1.jpg\",\"datePublished\":\"2025-11-12T02:12:24+00:00\",\"dateModified\":\"2025-11-12T02:13:15+00:00\",\"breadcrumb\":{\"@id\":\"https:\\\/\\\/www.huanyumotor.com\\\/product\\\/dual-drive-rear-axle\\\/#breadcrumb\"},\"inLanguage\":\"fr-FR\",\"potentialAction\":[{\"@type\":\"ReadAction\",\"target\":[\"https:\\\/\\\/www.huanyumotor.com\\\/product\\\/dual-drive-rear-axle\\\/\"]}]},{\"@type\":\"ImageObject\",\"inLanguage\":\"fr-FR\",\"@id\":\"https:\\\/\\\/www.huanyumotor.com\\\/product\\\/dual-drive-rear-axle\\\/#primaryimage\",\"url\":\"https:\\\/\\\/www.huanyumotor.com\\\/wp-content\\\/uploads\\\/2025\\\/11\\\/25_1.jpg\",\"contentUrl\":\"https:\\\/\\\/www.huanyumotor.com\\\/wp-content\\\/uploads\\\/2025\\\/11\\\/25_1.jpg\",\"width\":800,\"height\":800},{\"@type\":\"BreadcrumbList\",\"@id\":\"https:\\\/\\\/www.huanyumotor.com\\\/product\\\/dual-drive-rear-axle\\\/#breadcrumb\",\"itemListElement\":[{\"@type\":\"ListItem\",\"position\":1,\"name\":\"\u9996\u9875\",\"item\":\"https:\\\/\\\/www.huanyumotor.com\\\/\"},{\"@type\":\"ListItem\",\"position\":2,\"name\":\"Products\",\"item\":\"https:\\\/\\\/www.huanyumotor.com\\\/products\\\/\"},{\"@type\":\"ListItem\",\"position\":3,\"name\":\"Dual drive rear axle\"}]},{\"@type\":\"WebSite\",\"@id\":\"https:\\\/\\\/www.huanyumotor.com\\\/#website\",\"url\":\"https:\\\/\\\/www.huanyumotor.com\\\/\",\"name\":\"Jining Huanzhongyu Electromechanical Co., Ltd.\",\"description\":\"\",\"publisher\":{\"@id\":\"https:\\\/\\\/www.huanyumotor.com\\\/#organization\"},\"potentialAction\":[{\"@type\":\"SearchAction\",\"target\":{\"@type\":\"EntryPoint\",\"urlTemplate\":\"https:\\\/\\\/www.huanyumotor.com\\\/?s={search_term_string}\"},\"query-input\":{\"@type\":\"PropertyValueSpecification\",\"valueRequired\":true,\"valueName\":\"search_term_string\"}}],\"inLanguage\":\"fr-FR\"},{\"@type\":\"Organization\",\"@id\":\"https:\\\/\\\/www.huanyumotor.com\\\/#organization\",\"name\":\"Jining Huanzhongyu Electromechanical Co., Ltd.\",\"url\":\"https:\\\/\\\/www.huanyumotor.com\\\/\",\"logo\":{\"@type\":\"ImageObject\",\"inLanguage\":\"fr-FR\",\"@id\":\"https:\\\/\\\/www.huanyumotor.com\\\/#\\\/schema\\\/logo\\\/image\\\/\",\"url\":\"https:\\\/\\\/www.huanyumotor.com\\\/wp-content\\\/uploads\\\/2025\\\/11\\\/logo.webp\",\"contentUrl\":\"https:\\\/\\\/www.huanyumotor.com\\\/wp-content\\\/uploads\\\/2025\\\/11\\\/logo.webp\",\"width\":468,\"height\":242,\"caption\":\"Jining Huanzhongyu Electromechanical Co., Ltd.\"},\"image\":{\"@id\":\"https:\\\/\\\/www.huanyumotor.com\\\/#\\\/schema\\\/logo\\\/image\\\/\"},\"sameAs\":[\"https:\\\/\\\/www.facebook.com\\\/profile.php?id=61579475484242&sk=grid\"]}]}<\/script>\n<!-- \/ Yoast SEO plugin. -->","yoast_head_json":{"title":"Dual drive rear axle - Jining Huanzhongyu Electromechanical Co., Ltd.","robots":{"index":"index","follow":"follow","max-snippet":"max-snippet:-1","max-image-preview":"max-image-preview:large","max-video-preview":"max-video-preview:-1"},"canonical":"https:\/\/www.huanyumotor.com\/fr\/produit\/dual-drive-rear-axle\/","og_locale":"fr_FR","og_type":"article","og_title":"Dual drive rear axle - Jining Huanzhongyu Electromechanical Co., Ltd.","og_description":"Dual drive rear axle is a type of drive axle product that adopts a dual motor structure. It is mainly used in vehicles that require high torque output and high reliability, such as tracked vehicles, and has the characteristics of compact structure and superior performance.","og_url":"https:\/\/www.huanyumotor.com\/fr\/produit\/dual-drive-rear-axle\/","og_site_name":"Jining Huanzhongyu Electromechanical Co., Ltd.","article_publisher":"https:\/\/www.facebook.com\/profile.php?id=61579475484242&sk=grid","article_modified_time":"2025-11-12T02:13:15+00:00","og_image":[{"width":800,"height":800,"url":"https:\/\/www.huanyumotor.com\/wp-content\/uploads\/2025\/11\/25_1.jpg","type":"image\/jpeg"}],"twitter_card":"summary_large_image","twitter_misc":{"Dur\u00e9e de lecture estim\u00e9e":"2 minutes"},"schema":{"@context":"https:\/\/schema.org","@graph":[{"@type":"WebPage","@id":"https:\/\/www.huanyumotor.com\/product\/dual-drive-rear-axle\/","url":"https:\/\/www.huanyumotor.com\/product\/dual-drive-rear-axle\/","name":"Dual drive rear axle - Jining Huanzhongyu Electromechanical Co., Ltd.","isPartOf":{"@id":"https:\/\/www.huanyumotor.com\/#website"},"primaryImageOfPage":{"@id":"https:\/\/www.huanyumotor.com\/product\/dual-drive-rear-axle\/#primaryimage"},"image":{"@id":"https:\/\/www.huanyumotor.com\/product\/dual-drive-rear-axle\/#primaryimage"},"thumbnailUrl":"https:\/\/www.huanyumotor.com\/wp-content\/uploads\/2025\/11\/25_1.jpg","datePublished":"2025-11-12T02:12:24+00:00","dateModified":"2025-11-12T02:13:15+00:00","breadcrumb":{"@id":"https:\/\/www.huanyumotor.com\/product\/dual-drive-rear-axle\/#breadcrumb"},"inLanguage":"fr-FR","potentialAction":[{"@type":"ReadAction","target":["https:\/\/www.huanyumotor.com\/product\/dual-drive-rear-axle\/"]}]},{"@type":"ImageObject","inLanguage":"fr-FR","@id":"https:\/\/www.huanyumotor.com\/product\/dual-drive-rear-axle\/#primaryimage","url":"https:\/\/www.huanyumotor.com\/wp-content\/uploads\/2025\/11\/25_1.jpg","contentUrl":"https:\/\/www.huanyumotor.com\/wp-content\/uploads\/2025\/11\/25_1.jpg","width":800,"height":800},{"@type":"BreadcrumbList","@id":"https:\/\/www.huanyumotor.com\/product\/dual-drive-rear-axle\/#breadcrumb","itemListElement":[{"@type":"ListItem","position":1,"name":"\u9996\u9875","item":"https:\/\/www.huanyumotor.com\/"},{"@type":"ListItem","position":2,"name":"Products","item":"https:\/\/www.huanyumotor.com\/products\/"},{"@type":"ListItem","position":3,"name":"Dual drive rear axle"}]},{"@type":"WebSite","@id":"https:\/\/www.huanyumotor.com\/#website","url":"https:\/\/www.huanyumotor.com\/","name":"Jining Huanzhongyu Electromechanical Co, Ltd.","description":"","publisher":{"@id":"https:\/\/www.huanyumotor.com\/#organization"},"potentialAction":[{"@type":"SearchAction","target":{"@type":"EntryPoint","urlTemplate":"https:\/\/www.huanyumotor.com\/?s={search_term_string}"},"query-input":{"@type":"PropertyValueSpecification","valueRequired":true,"valueName":"search_term_string"}}],"inLanguage":"fr-FR"},{"@type":"Organization","@id":"https:\/\/www.huanyumotor.com\/#organization","name":"Jining Huanzhongyu Electromechanical Co, Ltd.","url":"https:\/\/www.huanyumotor.com\/","logo":{"@type":"ImageObject","inLanguage":"fr-FR","@id":"https:\/\/www.huanyumotor.com\/#\/schema\/logo\/image\/","url":"https:\/\/www.huanyumotor.com\/wp-content\/uploads\/2025\/11\/logo.webp","contentUrl":"https:\/\/www.huanyumotor.com\/wp-content\/uploads\/2025\/11\/logo.webp","width":468,"height":242,"caption":"Jining Huanzhongyu Electromechanical Co., Ltd."},"image":{"@id":"https:\/\/www.huanyumotor.com\/#\/schema\/logo\/image\/"},"sameAs":["https:\/\/www.facebook.com\/profile.php?id=61579475484242&sk=grid"]}]}},"_links":{"self":[{"href":"https:\/\/www.huanyumotor.com\/fr\/wp-json\/wp\/v2\/product\/588","targetHints":{"allow":["GET"]}}],"collection":[{"href":"https:\/\/www.huanyumotor.com\/fr\/wp-json\/wp\/v2\/product"}],"about":[{"href":"https:\/\/www.huanyumotor.com\/fr\/wp-json\/wp\/v2\/types\/product"}],"wp:featuredmedia":[{"embeddable":true,"href":"https:\/\/www.huanyumotor.com\/fr\/wp-json\/wp\/v2\/media\/590"}],"wp:attachment":[{"href":"https:\/\/www.huanyumotor.com\/fr\/wp-json\/wp\/v2\/media?parent=588"}],"wp:term":[{"taxonomy":"product_brand","embeddable":true,"href":"https:\/\/www.huanyumotor.com\/fr\/wp-json\/wp\/v2\/product_brand?post=588"},{"taxonomy":"product_cat","embeddable":true,"href":"https:\/\/www.huanyumotor.com\/fr\/wp-json\/wp\/v2\/product_cat?post=588"},{"taxonomy":"product_tag","embeddable":true,"href":"https:\/\/www.huanyumotor.com\/fr\/wp-json\/wp\/v2\/product_tag?post=588"}],"curies":[{"name":"wp","href":"https:\/\/api.w.org\/{rel}","templated":true}]}}