{"id":595,"date":"2025-11-12T10:15:05","date_gmt":"2025-11-12T02:15:05","guid":{"rendered":"http:\/\/www.huanyumotor.com\/?post_type=product&#038;p=595"},"modified":"2025-11-12T10:15:05","modified_gmt":"2025-11-12T02:15:05","slug":"integrated-drum-brake-rear-axle-assembly","status":"publish","type":"product","link":"https:\/\/www.huanyumotor.com\/fr\/produit\/integrated-drum-brake-rear-axle-assembly\/","title":{"rendered":"Essieu arri\u00e8re \u00e0 frein \u00e0 tambour int\u00e9gr\u00e9"},"content":{"rendered":"<p>L'essieu arri\u00e8re d'un tricycle \u00e9lectrique est le principal \u00e9l\u00e9ment moteur et porteur du v\u00e9hicule. Il int\u00e8gre des composants cl\u00e9s tels que le diff\u00e9rentiel, le demi-essieu et le syst\u00e8me de freinage. Il est principalement utilis\u00e9 pour supporter les roues, transmettre la puissance et assurer les fonctions de conduite, de d\u00e9c\u00e9l\u00e9ration et de diff\u00e9rentiel. La conception du produit met l'accent sur la capacit\u00e9 de charge, la durabilit\u00e9 et l'adaptabilit\u00e9, et s'applique largement aux syst\u00e8mes de ch\u00e2ssis des tricycles \u00e9lectriques et des v\u00e9hicules \u00e0 quatre roues.<br \/>\nCaract\u00e9ristiques principales du produit<br \/>\nStructure et performance :<br \/>\nAdoptant des tuyaux en acier sans soudure ou des mat\u00e9riaux en acier, avec un ensemble de ponts int\u00e9gr\u00e9s ou une structure divis\u00e9e, il a une capacit\u00e9 de charge \u00e9lev\u00e9e (la charge peut atteindre 800-1000KG) et un empattement personnalisable, convenant \u00e0 divers besoins de v\u00e9hicules.<br \/>\nAdaptabilit\u00e9 et personnalisation :<br \/>\nPrise en charge du traitement personnalis\u00e9, y compris l'empattement, le type de frein (frein \u00e0 tambour ou frein \u00e0 disque), la tension (48V\/60V\/72V) et la puissance (500W-3000W). Convient aux tricycles \u00e9lectriques, aux v\u00e9hicules \u00e0 quatre roues et aux machines agricoles.<br \/>\nExemple de param\u00e8tres techniques :<br \/>\nCouple : 8,2-20,1 N - m (moteur sans balais) ;<br \/>\nVitesse : 2700-4000 RPM ;<br \/>\nNiveau de protection : IP54 (\u00e9tanche \u00e0 l'eau et \u00e0 la poussi\u00e8re).<br \/>\nApplication et avantages du march\u00e9<br \/>\nValeur fonctionnelle : Am\u00e9lioration de la capacit\u00e9 de mont\u00e9e du v\u00e9hicule (capable de transporter des charges de plus d'une tonne), de la stabilit\u00e9 de conduite et de la s\u00e9curit\u00e9 du freinage, garantissant un fonctionnement en douceur et sans effort.<br \/>\nCapacit\u00e9 d'approvisionnement du commerce ext\u00e9rieur :<br \/>\nNous fournissons des services de production en gros et d'exportation, nous prenons en charge les commandes OEM\/ODM, avec une quantit\u00e9 de commande minimale de 1 \u00e0 10 pi\u00e8ces et un cycle de livraison court. \u201d<\/p>\n<table width=\"701\">\n<tbody>\n<tr>\n<td colspan=\"4\" width=\"701\">Param\u00e8tres de sp\u00e9cification du produit<\/td>\n<\/tr>\n<tr>\n<td width=\"129\">Type de frein<\/td>\n<td colspan=\"3\" width=\"572\">Disque hydraulique<\/td>\n<\/tr>\n<tr>\n<td width=\"129\">Mat\u00e9riau du demi-axe<\/td>\n<td colspan=\"3\" width=\"572\">45 Acier # ou 40Cr<\/td>\n<\/tr>\n<tr>\n<td width=\"129\">Mod\u00e8le de palier \u00e0 demi-arbre<\/td>\n<td colspan=\"3\" width=\"572\">6205 ou 6206<\/td>\n<\/tr>\n<tr>\n<td width=\"129\">Nombre de dents sur le demi-arbre<\/td>\n<td colspan=\"3\" width=\"572\">18 ou 22 ou 6<\/td>\n<\/tr>\n<tr>\n<td width=\"129\">Convient aux bo\u00eetes de vitesses<\/td>\n<td colspan=\"3\" width=\"572\">Rapport simple ou double<\/td>\n<\/tr>\n<tr>\n<td width=\"129\">Mod\u00e8les de v\u00e9hicules correspondants<\/td>\n<td colspan=\"3\" width=\"572\">V\u00e9hicules tout terrain, voiturettes de golf, tricycles motoris\u00e9s, tricycles \u00e9lectriques<\/td>\n<\/tr>\n<tr>\n<td rowspan=\"4\" width=\"129\">avantage<\/td>\n<td colspan=\"3\" rowspan=\"4\" width=\"572\">1. Structure int\u00e9gr\u00e9e, coaxialit\u00e9 \u00e9lev\u00e9e, performances stables et capacit\u00e9 de charge accrue. 2. Freins \u00e0 disques hydrauliques \u00e0 couple de freinage \u00e9lev\u00e9, freinage sensible, bon effet de dissipation de la chaleur et efficacit\u00e9 de freinage stable.                                                                    3. \u00c9quip\u00e9 de configurations haute, moyenne et basse, les clients peuvent choisir la configuration correspondante en fonction de leurs exigences d'utilisation et de co\u00fbt.<\/td>\n<\/tr>\n<\/tbody>\n<\/table>","protected":false},"excerpt":{"rendered":"<p>L'essieu arri\u00e8re d'un tricycle \u00e9lectrique est le principal \u00e9l\u00e9ment moteur et porteur du v\u00e9hicule. Il int\u00e8gre des composants cl\u00e9s tels que le diff\u00e9rentiel, le demi-essieu et le syst\u00e8me de freinage. Il est principalement utilis\u00e9 pour supporter les roues, transmettre la puissance et assurer les fonctions de conduite, de d\u00e9c\u00e9l\u00e9ration et de diff\u00e9rentiel. La conception du produit met l'accent sur la capacit\u00e9 de charge, la durabilit\u00e9 et l'adaptabilit\u00e9, et s'applique largement aux syst\u00e8mes de ch\u00e2ssis des tricycles \u00e9lectriques et des v\u00e9hicules \u00e0 quatre roues.<\/p>","protected":false},"featured_media":596,"template":"","meta":{"site-sidebar-layout":"default","site-content-layout":"default","ast-site-content-layout":"default","site-content-style":"default","site-sidebar-style":"default","ast-global-header-display":"","ast-banner-title-visibility":"","ast-main-header-display":"","ast-hfb-above-header-display":"","ast-hfb-below-header-display":"","ast-hfb-mobile-header-display":"","site-post-title":"","ast-breadcrumbs-content":"","ast-featured-img":"","footer-sml-layout":"","ast-disable-related-posts":"","theme-transparent-header-meta":"default","adv-header-id-meta":"","stick-header-meta":"","header-above-stick-meta":"","header-main-stick-meta":"","header-below-stick-meta":"","astra-migrate-meta-layouts":"default","ast-page-background-enabled":"default","ast-page-background-meta":{"desktop":{"background-color":"","background-image":"","background-repeat":"repeat","background-position":"center center","background-size":"auto","background-attachment":"scroll","background-type":"","background-media":"","overlay-type":"","overlay-color":"","overlay-opacity":"","overlay-gradient":""},"tablet":{"background-color":"","background-image":"","background-repeat":"repeat","background-position":"center center","background-size":"auto","background-attachment":"scroll","background-type":"","background-media":"","overlay-type":"","overlay-color":"","overlay-opacity":"","overlay-gradient":""},"mobile":{"background-color":"","background-image":"","background-repeat":"repeat","background-position":"center center","background-size":"auto","background-attachment":"scroll","background-type":"","background-media":"","overlay-type":"","overlay-color":"","overlay-opacity":"","overlay-gradient":""}},"ast-content-background-meta":{"desktop":{"background-color":"var(--ast-global-color-5)","background-image":"","background-repeat":"repeat","background-position":"center center","background-size":"auto","background-attachment":"scroll","background-type":"","background-media":"","overlay-type":"","overlay-color":"","overlay-opacity":"","overlay-gradient":""},"tablet":{"background-color":"var(--ast-global-color-5)","background-image":"","background-repeat":"repeat","background-position":"center center","background-size":"auto","background-attachment":"scroll","background-type":"","background-media":"","overlay-type":"","overlay-color":"","overlay-opacity":"","overlay-gradient":""},"mobile":{"background-color":"var(--ast-global-color-5)","background-image":"","background-repeat":"repeat","background-position":"center center","background-size":"auto","background-attachment":"scroll","background-type":"","background-media":"","overlay-type":"","overlay-color":"","overlay-opacity":"","overlay-gradient":""}}},"product_brand":[],"product_cat":[22],"product_tag":[],"class_list":{"0":"post-595","1":"product","2":"type-product","3":"status-publish","4":"has-post-thumbnail","6":"product_cat-rear-axle-assembly","7":"desktop-align-left","8":"tablet-align-left","9":"mobile-align-left","10":"ast-product-gallery-layout-vertical-slider","11":"ast-product-gallery-with-no-image","12":"ast-product-tabs-layout-horizontal","14":"first","15":"instock","16":"shipping-taxable","17":"product-type-simple"},"yoast_head":"<!-- This site is optimized with the Yoast SEO plugin v27.4 - https:\/\/yoast.com\/product\/yoast-seo-wordpress\/ -->\n<title>Integrated drum brake rear axle assembly - Jining Huanzhongyu Electromechanical Co., Ltd.<\/title>\n<meta name=\"robots\" content=\"index, follow, max-snippet:-1, max-image-preview:large, max-video-preview:-1\" \/>\n<link rel=\"canonical\" href=\"https:\/\/www.huanyumotor.com\/fr\/produit\/integrated-drum-brake-rear-axle-assembly\/\" \/>\n<meta property=\"og:locale\" content=\"fr_FR\" \/>\n<meta property=\"og:type\" content=\"article\" \/>\n<meta property=\"og:title\" content=\"Integrated drum brake rear axle assembly - Jining Huanzhongyu Electromechanical Co., Ltd.\" \/>\n<meta property=\"og:description\" content=\"The rear axle assembly of an electric tricycle is the core driving and load-bearing component of the vehicle, integrating key components such as differential, half axle, and braking system. It is mainly used to support the wheels, transmit power, and achieve driving, deceleration, and differential functions. Its product design focuses on load-bearing capacity, durability, and adaptability, and is widely applicable to the chassis systems of electric tricycles and four-wheel vehicles.\" \/>\n<meta property=\"og:url\" content=\"https:\/\/www.huanyumotor.com\/fr\/produit\/integrated-drum-brake-rear-axle-assembly\/\" \/>\n<meta property=\"og:site_name\" content=\"Jining Huanzhongyu Electromechanical Co., Ltd.\" \/>\n<meta property=\"article:publisher\" content=\"https:\/\/www.facebook.com\/profile.php?id=61579475484242&amp;sk=grid\" \/>\n<meta property=\"og:image\" content=\"https:\/\/www.huanyumotor.com\/wp-content\/uploads\/2025\/11\/22_1.jpg\" \/>\n\t<meta property=\"og:image:width\" content=\"800\" \/>\n\t<meta property=\"og:image:height\" content=\"800\" \/>\n\t<meta property=\"og:image:type\" content=\"image\/jpeg\" \/>\n<meta name=\"twitter:card\" content=\"summary_large_image\" \/>\n<meta name=\"twitter:label1\" content=\"Dur\u00e9e de lecture estim\u00e9e\" \/>\n\t<meta name=\"twitter:data1\" content=\"2 minutes\" \/>\n<script type=\"application\/ld+json\" class=\"yoast-schema-graph\">{\"@context\":\"https:\\\/\\\/schema.org\",\"@graph\":[{\"@type\":\"WebPage\",\"@id\":\"https:\\\/\\\/www.huanyumotor.com\\\/product\\\/integrated-drum-brake-rear-axle-assembly\\\/\",\"url\":\"https:\\\/\\\/www.huanyumotor.com\\\/product\\\/integrated-drum-brake-rear-axle-assembly\\\/\",\"name\":\"Integrated drum brake rear axle assembly - Jining Huanzhongyu Electromechanical Co., Ltd.\",\"isPartOf\":{\"@id\":\"https:\\\/\\\/www.huanyumotor.com\\\/#website\"},\"primaryImageOfPage\":{\"@id\":\"https:\\\/\\\/www.huanyumotor.com\\\/product\\\/integrated-drum-brake-rear-axle-assembly\\\/#primaryimage\"},\"image\":{\"@id\":\"https:\\\/\\\/www.huanyumotor.com\\\/product\\\/integrated-drum-brake-rear-axle-assembly\\\/#primaryimage\"},\"thumbnailUrl\":\"https:\\\/\\\/www.huanyumotor.com\\\/wp-content\\\/uploads\\\/2025\\\/11\\\/22_1.jpg\",\"datePublished\":\"2025-11-12T02:15:05+00:00\",\"breadcrumb\":{\"@id\":\"https:\\\/\\\/www.huanyumotor.com\\\/product\\\/integrated-drum-brake-rear-axle-assembly\\\/#breadcrumb\"},\"inLanguage\":\"fr-FR\",\"potentialAction\":[{\"@type\":\"ReadAction\",\"target\":[\"https:\\\/\\\/www.huanyumotor.com\\\/product\\\/integrated-drum-brake-rear-axle-assembly\\\/\"]}]},{\"@type\":\"ImageObject\",\"inLanguage\":\"fr-FR\",\"@id\":\"https:\\\/\\\/www.huanyumotor.com\\\/product\\\/integrated-drum-brake-rear-axle-assembly\\\/#primaryimage\",\"url\":\"https:\\\/\\\/www.huanyumotor.com\\\/wp-content\\\/uploads\\\/2025\\\/11\\\/22_1.jpg\",\"contentUrl\":\"https:\\\/\\\/www.huanyumotor.com\\\/wp-content\\\/uploads\\\/2025\\\/11\\\/22_1.jpg\",\"width\":800,\"height\":800},{\"@type\":\"BreadcrumbList\",\"@id\":\"https:\\\/\\\/www.huanyumotor.com\\\/product\\\/integrated-drum-brake-rear-axle-assembly\\\/#breadcrumb\",\"itemListElement\":[{\"@type\":\"ListItem\",\"position\":1,\"name\":\"\u9996\u9875\",\"item\":\"https:\\\/\\\/www.huanyumotor.com\\\/\"},{\"@type\":\"ListItem\",\"position\":2,\"name\":\"Products\",\"item\":\"https:\\\/\\\/www.huanyumotor.com\\\/products\\\/\"},{\"@type\":\"ListItem\",\"position\":3,\"name\":\"Integrated drum brake rear axle assembly\"}]},{\"@type\":\"WebSite\",\"@id\":\"https:\\\/\\\/www.huanyumotor.com\\\/#website\",\"url\":\"https:\\\/\\\/www.huanyumotor.com\\\/\",\"name\":\"Jining Huanzhongyu Electromechanical Co., Ltd.\",\"description\":\"\",\"publisher\":{\"@id\":\"https:\\\/\\\/www.huanyumotor.com\\\/#organization\"},\"potentialAction\":[{\"@type\":\"SearchAction\",\"target\":{\"@type\":\"EntryPoint\",\"urlTemplate\":\"https:\\\/\\\/www.huanyumotor.com\\\/?s={search_term_string}\"},\"query-input\":{\"@type\":\"PropertyValueSpecification\",\"valueRequired\":true,\"valueName\":\"search_term_string\"}}],\"inLanguage\":\"fr-FR\"},{\"@type\":\"Organization\",\"@id\":\"https:\\\/\\\/www.huanyumotor.com\\\/#organization\",\"name\":\"Jining Huanzhongyu Electromechanical Co., Ltd.\",\"url\":\"https:\\\/\\\/www.huanyumotor.com\\\/\",\"logo\":{\"@type\":\"ImageObject\",\"inLanguage\":\"fr-FR\",\"@id\":\"https:\\\/\\\/www.huanyumotor.com\\\/#\\\/schema\\\/logo\\\/image\\\/\",\"url\":\"https:\\\/\\\/www.huanyumotor.com\\\/wp-content\\\/uploads\\\/2025\\\/11\\\/logo.webp\",\"contentUrl\":\"https:\\\/\\\/www.huanyumotor.com\\\/wp-content\\\/uploads\\\/2025\\\/11\\\/logo.webp\",\"width\":468,\"height\":242,\"caption\":\"Jining Huanzhongyu Electromechanical Co., Ltd.\"},\"image\":{\"@id\":\"https:\\\/\\\/www.huanyumotor.com\\\/#\\\/schema\\\/logo\\\/image\\\/\"},\"sameAs\":[\"https:\\\/\\\/www.facebook.com\\\/profile.php?id=61579475484242&sk=grid\"]}]}<\/script>\n<!-- \/ Yoast SEO plugin. -->","yoast_head_json":{"title":"Integrated drum brake rear axle assembly - Jining Huanzhongyu Electromechanical Co., Ltd.","robots":{"index":"index","follow":"follow","max-snippet":"max-snippet:-1","max-image-preview":"max-image-preview:large","max-video-preview":"max-video-preview:-1"},"canonical":"https:\/\/www.huanyumotor.com\/fr\/produit\/integrated-drum-brake-rear-axle-assembly\/","og_locale":"fr_FR","og_type":"article","og_title":"Integrated drum brake rear axle assembly - Jining Huanzhongyu Electromechanical Co., Ltd.","og_description":"The rear axle assembly of an electric tricycle is the core driving and load-bearing component of the vehicle, integrating key components such as differential, half axle, and braking system. It is mainly used to support the wheels, transmit power, and achieve driving, deceleration, and differential functions. Its product design focuses on load-bearing capacity, durability, and adaptability, and is widely applicable to the chassis systems of electric tricycles and four-wheel vehicles.","og_url":"https:\/\/www.huanyumotor.com\/fr\/produit\/integrated-drum-brake-rear-axle-assembly\/","og_site_name":"Jining Huanzhongyu Electromechanical Co., Ltd.","article_publisher":"https:\/\/www.facebook.com\/profile.php?id=61579475484242&sk=grid","og_image":[{"width":800,"height":800,"url":"https:\/\/www.huanyumotor.com\/wp-content\/uploads\/2025\/11\/22_1.jpg","type":"image\/jpeg"}],"twitter_card":"summary_large_image","twitter_misc":{"Dur\u00e9e de lecture estim\u00e9e":"2 minutes"},"schema":{"@context":"https:\/\/schema.org","@graph":[{"@type":"WebPage","@id":"https:\/\/www.huanyumotor.com\/product\/integrated-drum-brake-rear-axle-assembly\/","url":"https:\/\/www.huanyumotor.com\/product\/integrated-drum-brake-rear-axle-assembly\/","name":"Integrated drum brake rear axle assembly - Jining Huanzhongyu Electromechanical Co., Ltd.","isPartOf":{"@id":"https:\/\/www.huanyumotor.com\/#website"},"primaryImageOfPage":{"@id":"https:\/\/www.huanyumotor.com\/product\/integrated-drum-brake-rear-axle-assembly\/#primaryimage"},"image":{"@id":"https:\/\/www.huanyumotor.com\/product\/integrated-drum-brake-rear-axle-assembly\/#primaryimage"},"thumbnailUrl":"https:\/\/www.huanyumotor.com\/wp-content\/uploads\/2025\/11\/22_1.jpg","datePublished":"2025-11-12T02:15:05+00:00","breadcrumb":{"@id":"https:\/\/www.huanyumotor.com\/product\/integrated-drum-brake-rear-axle-assembly\/#breadcrumb"},"inLanguage":"fr-FR","potentialAction":[{"@type":"ReadAction","target":["https:\/\/www.huanyumotor.com\/product\/integrated-drum-brake-rear-axle-assembly\/"]}]},{"@type":"ImageObject","inLanguage":"fr-FR","@id":"https:\/\/www.huanyumotor.com\/product\/integrated-drum-brake-rear-axle-assembly\/#primaryimage","url":"https:\/\/www.huanyumotor.com\/wp-content\/uploads\/2025\/11\/22_1.jpg","contentUrl":"https:\/\/www.huanyumotor.com\/wp-content\/uploads\/2025\/11\/22_1.jpg","width":800,"height":800},{"@type":"BreadcrumbList","@id":"https:\/\/www.huanyumotor.com\/product\/integrated-drum-brake-rear-axle-assembly\/#breadcrumb","itemListElement":[{"@type":"ListItem","position":1,"name":"\u9996\u9875","item":"https:\/\/www.huanyumotor.com\/"},{"@type":"ListItem","position":2,"name":"Products","item":"https:\/\/www.huanyumotor.com\/products\/"},{"@type":"ListItem","position":3,"name":"Integrated drum brake rear axle assembly"}]},{"@type":"WebSite","@id":"https:\/\/www.huanyumotor.com\/#website","url":"https:\/\/www.huanyumotor.com\/","name":"Jining Huanzhongyu Electromechanical Co, Ltd.","description":"","publisher":{"@id":"https:\/\/www.huanyumotor.com\/#organization"},"potentialAction":[{"@type":"SearchAction","target":{"@type":"EntryPoint","urlTemplate":"https:\/\/www.huanyumotor.com\/?s={search_term_string}"},"query-input":{"@type":"PropertyValueSpecification","valueRequired":true,"valueName":"search_term_string"}}],"inLanguage":"fr-FR"},{"@type":"Organization","@id":"https:\/\/www.huanyumotor.com\/#organization","name":"Jining Huanzhongyu Electromechanical Co, Ltd.","url":"https:\/\/www.huanyumotor.com\/","logo":{"@type":"ImageObject","inLanguage":"fr-FR","@id":"https:\/\/www.huanyumotor.com\/#\/schema\/logo\/image\/","url":"https:\/\/www.huanyumotor.com\/wp-content\/uploads\/2025\/11\/logo.webp","contentUrl":"https:\/\/www.huanyumotor.com\/wp-content\/uploads\/2025\/11\/logo.webp","width":468,"height":242,"caption":"Jining Huanzhongyu Electromechanical Co., Ltd."},"image":{"@id":"https:\/\/www.huanyumotor.com\/#\/schema\/logo\/image\/"},"sameAs":["https:\/\/www.facebook.com\/profile.php?id=61579475484242&sk=grid"]}]}},"_links":{"self":[{"href":"https:\/\/www.huanyumotor.com\/fr\/wp-json\/wp\/v2\/product\/595","targetHints":{"allow":["GET"]}}],"collection":[{"href":"https:\/\/www.huanyumotor.com\/fr\/wp-json\/wp\/v2\/product"}],"about":[{"href":"https:\/\/www.huanyumotor.com\/fr\/wp-json\/wp\/v2\/types\/product"}],"wp:featuredmedia":[{"embeddable":true,"href":"https:\/\/www.huanyumotor.com\/fr\/wp-json\/wp\/v2\/media\/596"}],"wp:attachment":[{"href":"https:\/\/www.huanyumotor.com\/fr\/wp-json\/wp\/v2\/media?parent=595"}],"wp:term":[{"taxonomy":"product_brand","embeddable":true,"href":"https:\/\/www.huanyumotor.com\/fr\/wp-json\/wp\/v2\/product_brand?post=595"},{"taxonomy":"product_cat","embeddable":true,"href":"https:\/\/www.huanyumotor.com\/fr\/wp-json\/wp\/v2\/product_cat?post=595"},{"taxonomy":"product_tag","embeddable":true,"href":"https:\/\/www.huanyumotor.com\/fr\/wp-json\/wp\/v2\/product_tag?post=595"}],"curies":[{"name":"wp","href":"https:\/\/api.w.org\/{rel}","templated":true}]}}