{"id":621,"date":"2025-11-12T10:25:11","date_gmt":"2025-11-12T02:25:11","guid":{"rendered":"http:\/\/www.huanyumotor.com\/?post_type=product&#038;p=621"},"modified":"2025-11-12T10:25:11","modified_gmt":"2025-11-12T02:25:11","slug":"140-permanent-magnet-dc-brushless-motor-single-key-shaft","status":"publish","type":"product","link":"https:\/\/www.huanyumotor.com\/fr\/produit\/140-permanent-magnet-dc-brushless-motor-single-key-shaft\/","title":{"rendered":"140 Moteur CC sans balais \u00e0 aimant permanent Arbre \u00e0 cl\u00e9 unique"},"content":{"rendered":"<p>Pr\u00e9sentation du produit<br \/>\nLe moteur 140 Square Wave (moteur CC sans balais) est un moteur de grande puissance, \u00e0 grande vitesse et \u00e0 couple \u00e9lev\u00e9. Son couple \u00e9lev\u00e9 et sa faible vitesse le rendent id\u00e9al pour le transport de charges lourdes. La plage de puissance du moteur \u00e0 onde carr\u00e9e 140 est comprise entre 2500W et 4000W.<br \/>\nAvantages du produit<br \/>\n**Haute efficacit\u00e9**<br \/>\n1. **Densit\u00e9 de puissance \u00e9lev\u00e9e** : Les moteurs \u00e0 courant continu sans balais utilisent des aimants permanents pour l'excitation, ce qui permet une plus grande puissance de sortie dans le m\u00eame volume ou poids, d'o\u00f9 un meilleur rendement.<br \/>\n2. **faibles pertes par frottement** : La conception sans balais \u00e9limine les pertes par frottement associ\u00e9es aux balais et aux collecteurs des moteurs \u00e0 courant continu traditionnels, ce qui am\u00e9liore le rendement global. Ce rendement \u00e9lev\u00e9 permet au moteur 140 Square Wave de fonctionner avec une consommation d'\u00e9nergie plus faible et de maintenir sa stabilit\u00e9 sur de longues p\u00e9riodes.<br \/>\n**Couple \u00e9lev\u00e9**<br \/>\n1. **Densit\u00e9 de couple \u00e9lev\u00e9e** : Le champ magn\u00e9tique plus puissant g\u00e9n\u00e9r\u00e9 par les aimants permanents des moteurs \u00e0 courant continu sans balais permet d'obtenir un couple plus important dans le m\u00eame volume ou poids. Cette caract\u00e9ristique rend le moteur 140 Square Wave adapt\u00e9 aux applications lourdes n\u00e9cessitant un couple \u00e9lev\u00e9.<br \/>\n**Caract\u00e9ristiques op\u00e9rationnelles excellentes**<br \/>\n1. **D\u00e9marrage en douceur** : Le moteur \u00e0 onde carr\u00e9e 138 permet un d\u00e9marrage en douceur, en particulier dans les applications de stator avec des fentes inclin\u00e9es, r\u00e9duisant ainsi les chocs et les vibrations initiales pour un meilleur confort de conduite.<\/p>\n<p>2. **Bruit faible** : La conception sans balais \u00e9limine le bruit li\u00e9 aux balais, ce qui r\u00e9duit consid\u00e9rablement le bruit de fonctionnement global du moteur.<\/p>\n<p>Cette caract\u00e9ristique est essentielle pour les environnements peu bruyants tels que les rickshaws.<\/p>\n<p>**Long\u00e9vit\u00e9**<br \/>\n1. **Pas de pi\u00e8ces d'usure** : La conception sans balais \u00e9limine les pi\u00e8ces d'usure traditionnelles (balais et collecteurs) des moteurs \u00e0 courant continu, ce qui prolonge la dur\u00e9e de vie du moteur.<\/p>\n<p>2. **Haute fiabilit\u00e9** : Les contr\u00f4leurs \u00e9lectroniques g\u00e8rent la commutation des moteurs \u00e0 courant continu sans balais, ce qui simplifie les composants m\u00e9caniques et r\u00e9duit les taux de d\u00e9faillance, am\u00e9liorant ainsi la fiabilit\u00e9 globale.<\/p>\n<p>**Gamme d'application polyvalente**<br \/>\n1. **Gamme de puissance \u00e9tendue** : Le moteur 140 Square Wave fonctionne dans une plage de puissance de 2500W \u00e0 4000W, ce qui permet de r\u00e9pondre aux diverses exigences en mati\u00e8re de puissance dans les applications.<\/p>\n<p>2. **Grandes applications** : Du transport de marchandises lourdes aux rickshaws pour passagers, les performances exceptionnelles du moteur 140 Square Wave le rendent adapt\u00e9 \u00e0 une large gamme d'applications, y compris les v\u00e9hicules \u00e9lectriques, l'automatisation industrielle et les secteurs du transport.<br \/>\nEn r\u00e9sum\u00e9, le rendement \u00e9lev\u00e9, le couple \u00e9lev\u00e9, les caract\u00e9ristiques op\u00e9rationnelles sup\u00e9rieures, la longue dur\u00e9e de vie et les applications polyvalentes du moteur 140 Square Wave en font un choix id\u00e9al pour de nombreuses applications n\u00e9cessitant des moteurs \u00e9lectriques de haute performance.<\/p>\n<table width=\"701\">\n<tbody>\n<tr>\n<td colspan=\"4\" width=\"701\">Param\u00e8tres de sp\u00e9cification du produit<\/td>\n<\/tr>\n<tr>\n<td width=\"129\">tension nominale<\/td>\n<td width=\"224\">24V\/36V\/48V\/60V\/72V\/80V<\/td>\n<td width=\"151\">puissance nominale<\/td>\n<td width=\"197\">2500W~4000W<\/td>\n<\/tr>\n<tr>\n<td>Num\u00e9ro de phase du moteur<\/td>\n<td>Triphas\u00e9<\/td>\n<td width=\"151\">vitesse nominale<\/td>\n<td width=\"197\">1500 tr\/min\/3200 tr\/min<\/td>\n<\/tr>\n<tr>\n<td width=\"129\">hauteur du rotor<\/td>\n<td width=\"224\">70mm~100mm<\/td>\n<td width=\"151\">Qualit\u00e9 de l'aimant<\/td>\n<td width=\"197\">38H<\/td>\n<\/tr>\n<tr>\n<td>M\u00e9thode d'installation<\/td>\n<td width=\"224\">B5<\/td>\n<td width=\"151\">arbre du moteur<\/td>\n<td width=\"197\">Arbre \u00e0 clavette<\/td>\n<\/tr>\n<tr>\n<td width=\"129\">classification thermique<\/td>\n<td width=\"224\">F<\/td>\n<td width=\"151\">capteur de position<\/td>\n<td width=\"197\">Hall (5 broches)<\/td>\n<\/tr>\n<tr>\n<td width=\"129\">Niveau de protection<\/td>\n<td width=\"224\">IP54<\/td>\n<td width=\"151\">M\u00e9thode de contr\u00f4le<\/td>\n<td width=\"197\">Contr\u00f4le des ondes carr\u00e9es<\/td>\n<\/tr>\n<tr>\n<td width=\"129\">\u00a0 paire polaire<\/td>\n<td width=\"224\">4<\/td>\n<td width=\"151\">syst\u00e8me de travail<\/td>\n<td width=\"197\">S2 60 min<\/td>\n<\/tr>\n<\/tbody>\n<\/table>\n<p>Environnement de fonctionnement du produit<\/p>\n<table style=\"border-collapse: collapse; width: 264.77pt;\" border=\"0\" width=\"353\" cellspacing=\"0\" cellpadding=\"0\">\n<tbody>\n<tr style=\"height: 51.75pt;\">\n<td class=\"et2\" style=\"height: 51.75pt; width: 96.75pt;\" width=\"129\" height=\"69\">Plage de temp\u00e9rature de stockage<\/td>\n<td class=\"et2\" style=\"width: 168.00pt;\" width=\"224\">-40\u2103\uff5e85\u2103<\/td>\n<\/tr>\n<tr style=\"height: 51.75pt;\">\n<td class=\"et2\" style=\"height: 51.75pt; width: 96.75pt;\" width=\"129\" height=\"69\">Plage de temp\u00e9rature de travail<\/td>\n<td class=\"et2\" style=\"width: 168.00pt;\" width=\"224\">motor\uff1a-40\u2103\uff5e55\u2103<\/td>\n<\/tr>\n<tr style=\"height: 17.25pt;\">\n<td class=\"et2\" style=\"height: 17.25pt; width: 96.75pt;\" width=\"129\" height=\"23\">l'humidit\u00e9<\/td>\n<td class=\"et2\" style=\"width: 168.00pt;\" width=\"224\">0\uff5e95%<\/td>\n<\/tr>\n<\/tbody>\n<\/table>","protected":false},"excerpt":{"rendered":"<p>Le moteur 140 Square Wave (moteur CC sans balais) est un moteur de grande puissance, \u00e0 grande vitesse et \u00e0 couple \u00e9lev\u00e9. Son couple \u00e9lev\u00e9 et sa faible vitesse le rendent id\u00e9al pour le transport de charges lourdes. La plage de puissance du moteur \u00e0 onde carr\u00e9e 140 est comprise entre 2500W et 4000W.<\/p>","protected":false},"featured_media":622,"template":"","meta":{"site-sidebar-layout":"default","site-content-layout":"default","ast-site-content-layout":"default","site-content-style":"default","site-sidebar-style":"default","ast-global-header-display":"","ast-banner-title-visibility":"","ast-main-header-display":"","ast-hfb-above-header-display":"","ast-hfb-below-header-display":"","ast-hfb-mobile-header-display":"","site-post-title":"","ast-breadcrumbs-content":"","ast-featured-img":"","footer-sml-layout":"","ast-disable-related-posts":"","theme-transparent-header-meta":"default","adv-header-id-meta":"","stick-header-meta":"","header-above-stick-meta":"","header-main-stick-meta":"","header-below-stick-meta":"","astra-migrate-meta-layouts":"default","ast-page-background-enabled":"default","ast-page-background-meta":{"desktop":{"background-color":"","background-image":"","background-repeat":"repeat","background-position":"center center","background-size":"auto","background-attachment":"scroll","background-type":"","background-media":"","overlay-type":"","overlay-color":"","overlay-opacity":"","overlay-gradient":""},"tablet":{"background-color":"","background-image":"","background-repeat":"repeat","background-position":"center center","background-size":"auto","background-attachment":"scroll","background-type":"","background-media":"","overlay-type":"","overlay-color":"","overlay-opacity":"","overlay-gradient":""},"mobile":{"background-color":"","background-image":"","background-repeat":"repeat","background-position":"center center","background-size":"auto","background-attachment":"scroll","background-type":"","background-media":"","overlay-type":"","overlay-color":"","overlay-opacity":"","overlay-gradient":""}},"ast-content-background-meta":{"desktop":{"background-color":"var(--ast-global-color-5)","background-image":"","background-repeat":"repeat","background-position":"center center","background-size":"auto","background-attachment":"scroll","background-type":"","background-media":"","overlay-type":"","overlay-color":"","overlay-opacity":"","overlay-gradient":""},"tablet":{"background-color":"var(--ast-global-color-5)","background-image":"","background-repeat":"repeat","background-position":"center center","background-size":"auto","background-attachment":"scroll","background-type":"","background-media":"","overlay-type":"","overlay-color":"","overlay-opacity":"","overlay-gradient":""},"mobile":{"background-color":"var(--ast-global-color-5)","background-image":"","background-repeat":"repeat","background-position":"center center","background-size":"auto","background-attachment":"scroll","background-type":"","background-media":"","overlay-type":"","overlay-color":"","overlay-opacity":"","overlay-gradient":""}}},"product_brand":[],"product_cat":[24],"product_tag":[],"class_list":{"0":"post-621","1":"product","2":"type-product","3":"status-publish","4":"has-post-thumbnail","6":"product_cat-permanent-magnet-brushless-dc-motor","7":"desktop-align-left","8":"tablet-align-left","9":"mobile-align-left","10":"ast-product-gallery-layout-vertical-slider","11":"ast-product-tabs-layout-horizontal","13":"first","14":"instock","15":"shipping-taxable","16":"product-type-simple"},"yoast_head":"<!-- This site is optimized with the Yoast SEO plugin v27.4 - https:\/\/yoast.com\/product\/yoast-seo-wordpress\/ -->\n<title>140 Permanent Magnet DC Brushless Motor Single-Key Shaft - Jining Huanzhongyu Electromechanical Co., Ltd.<\/title>\n<meta name=\"robots\" content=\"index, follow, max-snippet:-1, max-image-preview:large, max-video-preview:-1\" \/>\n<link rel=\"canonical\" href=\"https:\/\/www.huanyumotor.com\/fr\/produit\/140-permanent-magnet-dc-brushless-motor-single-key-shaft\/\" \/>\n<meta property=\"og:locale\" content=\"fr_FR\" \/>\n<meta property=\"og:type\" content=\"article\" \/>\n<meta property=\"og:title\" content=\"140 Permanent Magnet DC Brushless Motor Single-Key Shaft - Jining Huanzhongyu Electromechanical Co., Ltd.\" \/>\n<meta property=\"og:description\" content=\"The 140 Square Wave Motor (Brushless DC Motor) is a high-power, high-speed, and high-torque motor. Its high torque and low speed make it ideal for heavy-duty cargo transportation. The power range of the 140 Square Wave Motor is 2500W to 4000W.\" \/>\n<meta property=\"og:url\" content=\"https:\/\/www.huanyumotor.com\/fr\/produit\/140-permanent-magnet-dc-brushless-motor-single-key-shaft\/\" \/>\n<meta property=\"og:site_name\" content=\"Jining Huanzhongyu Electromechanical Co., Ltd.\" \/>\n<meta property=\"article:publisher\" content=\"https:\/\/www.facebook.com\/profile.php?id=61579475484242&amp;sk=grid\" \/>\n<meta property=\"og:image\" content=\"https:\/\/www.huanyumotor.com\/wp-content\/uploads\/2025\/11\/16_1.jpg\" \/>\n\t<meta property=\"og:image:width\" content=\"800\" \/>\n\t<meta property=\"og:image:height\" content=\"800\" \/>\n\t<meta property=\"og:image:type\" content=\"image\/jpeg\" \/>\n<meta name=\"twitter:card\" content=\"summary_large_image\" \/>\n<meta name=\"twitter:label1\" content=\"Dur\u00e9e de lecture estim\u00e9e\" \/>\n\t<meta name=\"twitter:data1\" content=\"2 minutes\" \/>\n<script type=\"application\/ld+json\" class=\"yoast-schema-graph\">{\"@context\":\"https:\\\/\\\/schema.org\",\"@graph\":[{\"@type\":\"WebPage\",\"@id\":\"https:\\\/\\\/www.huanyumotor.com\\\/product\\\/140-permanent-magnet-dc-brushless-motor-single-key-shaft\\\/\",\"url\":\"https:\\\/\\\/www.huanyumotor.com\\\/product\\\/140-permanent-magnet-dc-brushless-motor-single-key-shaft\\\/\",\"name\":\"140 Permanent Magnet DC Brushless Motor Single-Key Shaft - Jining Huanzhongyu Electromechanical Co., Ltd.\",\"isPartOf\":{\"@id\":\"https:\\\/\\\/www.huanyumotor.com\\\/#website\"},\"primaryImageOfPage\":{\"@id\":\"https:\\\/\\\/www.huanyumotor.com\\\/product\\\/140-permanent-magnet-dc-brushless-motor-single-key-shaft\\\/#primaryimage\"},\"image\":{\"@id\":\"https:\\\/\\\/www.huanyumotor.com\\\/product\\\/140-permanent-magnet-dc-brushless-motor-single-key-shaft\\\/#primaryimage\"},\"thumbnailUrl\":\"https:\\\/\\\/www.huanyumotor.com\\\/wp-content\\\/uploads\\\/2025\\\/11\\\/16_1.jpg\",\"datePublished\":\"2025-11-12T02:25:11+00:00\",\"breadcrumb\":{\"@id\":\"https:\\\/\\\/www.huanyumotor.com\\\/product\\\/140-permanent-magnet-dc-brushless-motor-single-key-shaft\\\/#breadcrumb\"},\"inLanguage\":\"fr-FR\",\"potentialAction\":[{\"@type\":\"ReadAction\",\"target\":[\"https:\\\/\\\/www.huanyumotor.com\\\/product\\\/140-permanent-magnet-dc-brushless-motor-single-key-shaft\\\/\"]}]},{\"@type\":\"ImageObject\",\"inLanguage\":\"fr-FR\",\"@id\":\"https:\\\/\\\/www.huanyumotor.com\\\/product\\\/140-permanent-magnet-dc-brushless-motor-single-key-shaft\\\/#primaryimage\",\"url\":\"https:\\\/\\\/www.huanyumotor.com\\\/wp-content\\\/uploads\\\/2025\\\/11\\\/16_1.jpg\",\"contentUrl\":\"https:\\\/\\\/www.huanyumotor.com\\\/wp-content\\\/uploads\\\/2025\\\/11\\\/16_1.jpg\",\"width\":800,\"height\":800},{\"@type\":\"BreadcrumbList\",\"@id\":\"https:\\\/\\\/www.huanyumotor.com\\\/product\\\/140-permanent-magnet-dc-brushless-motor-single-key-shaft\\\/#breadcrumb\",\"itemListElement\":[{\"@type\":\"ListItem\",\"position\":1,\"name\":\"\u9996\u9875\",\"item\":\"https:\\\/\\\/www.huanyumotor.com\\\/\"},{\"@type\":\"ListItem\",\"position\":2,\"name\":\"Products\",\"item\":\"https:\\\/\\\/www.huanyumotor.com\\\/products\\\/\"},{\"@type\":\"ListItem\",\"position\":3,\"name\":\"140 Permanent Magnet DC Brushless Motor Single-Key Shaft\"}]},{\"@type\":\"WebSite\",\"@id\":\"https:\\\/\\\/www.huanyumotor.com\\\/#website\",\"url\":\"https:\\\/\\\/www.huanyumotor.com\\\/\",\"name\":\"Jining Huanzhongyu Electromechanical Co., Ltd.\",\"description\":\"\",\"publisher\":{\"@id\":\"https:\\\/\\\/www.huanyumotor.com\\\/#organization\"},\"potentialAction\":[{\"@type\":\"SearchAction\",\"target\":{\"@type\":\"EntryPoint\",\"urlTemplate\":\"https:\\\/\\\/www.huanyumotor.com\\\/?s={search_term_string}\"},\"query-input\":{\"@type\":\"PropertyValueSpecification\",\"valueRequired\":true,\"valueName\":\"search_term_string\"}}],\"inLanguage\":\"fr-FR\"},{\"@type\":\"Organization\",\"@id\":\"https:\\\/\\\/www.huanyumotor.com\\\/#organization\",\"name\":\"Jining Huanzhongyu Electromechanical Co., Ltd.\",\"url\":\"https:\\\/\\\/www.huanyumotor.com\\\/\",\"logo\":{\"@type\":\"ImageObject\",\"inLanguage\":\"fr-FR\",\"@id\":\"https:\\\/\\\/www.huanyumotor.com\\\/#\\\/schema\\\/logo\\\/image\\\/\",\"url\":\"https:\\\/\\\/www.huanyumotor.com\\\/wp-content\\\/uploads\\\/2025\\\/11\\\/logo.webp\",\"contentUrl\":\"https:\\\/\\\/www.huanyumotor.com\\\/wp-content\\\/uploads\\\/2025\\\/11\\\/logo.webp\",\"width\":468,\"height\":242,\"caption\":\"Jining Huanzhongyu Electromechanical Co., Ltd.\"},\"image\":{\"@id\":\"https:\\\/\\\/www.huanyumotor.com\\\/#\\\/schema\\\/logo\\\/image\\\/\"},\"sameAs\":[\"https:\\\/\\\/www.facebook.com\\\/profile.php?id=61579475484242&sk=grid\"]}]}<\/script>\n<!-- \/ Yoast SEO plugin. -->","yoast_head_json":{"title":"140 Permanent Magnet DC Brushless Motor Single-Key Shaft - Jining Huanzhongyu Electromechanical Co., Ltd.","robots":{"index":"index","follow":"follow","max-snippet":"max-snippet:-1","max-image-preview":"max-image-preview:large","max-video-preview":"max-video-preview:-1"},"canonical":"https:\/\/www.huanyumotor.com\/fr\/produit\/140-permanent-magnet-dc-brushless-motor-single-key-shaft\/","og_locale":"fr_FR","og_type":"article","og_title":"140 Permanent Magnet DC Brushless Motor Single-Key Shaft - Jining Huanzhongyu Electromechanical Co., Ltd.","og_description":"The 140 Square Wave Motor (Brushless DC Motor) is a high-power, high-speed, and high-torque motor. Its high torque and low speed make it ideal for heavy-duty cargo transportation. The power range of the 140 Square Wave Motor is 2500W to 4000W.","og_url":"https:\/\/www.huanyumotor.com\/fr\/produit\/140-permanent-magnet-dc-brushless-motor-single-key-shaft\/","og_site_name":"Jining Huanzhongyu Electromechanical Co., Ltd.","article_publisher":"https:\/\/www.facebook.com\/profile.php?id=61579475484242&sk=grid","og_image":[{"width":800,"height":800,"url":"https:\/\/www.huanyumotor.com\/wp-content\/uploads\/2025\/11\/16_1.jpg","type":"image\/jpeg"}],"twitter_card":"summary_large_image","twitter_misc":{"Dur\u00e9e de lecture estim\u00e9e":"2 minutes"},"schema":{"@context":"https:\/\/schema.org","@graph":[{"@type":"WebPage","@id":"https:\/\/www.huanyumotor.com\/product\/140-permanent-magnet-dc-brushless-motor-single-key-shaft\/","url":"https:\/\/www.huanyumotor.com\/product\/140-permanent-magnet-dc-brushless-motor-single-key-shaft\/","name":"140 Permanent Magnet DC Brushless Motor Single-Key Shaft - Jining Huanzhongyu Electromechanical Co., Ltd.","isPartOf":{"@id":"https:\/\/www.huanyumotor.com\/#website"},"primaryImageOfPage":{"@id":"https:\/\/www.huanyumotor.com\/product\/140-permanent-magnet-dc-brushless-motor-single-key-shaft\/#primaryimage"},"image":{"@id":"https:\/\/www.huanyumotor.com\/product\/140-permanent-magnet-dc-brushless-motor-single-key-shaft\/#primaryimage"},"thumbnailUrl":"https:\/\/www.huanyumotor.com\/wp-content\/uploads\/2025\/11\/16_1.jpg","datePublished":"2025-11-12T02:25:11+00:00","breadcrumb":{"@id":"https:\/\/www.huanyumotor.com\/product\/140-permanent-magnet-dc-brushless-motor-single-key-shaft\/#breadcrumb"},"inLanguage":"fr-FR","potentialAction":[{"@type":"ReadAction","target":["https:\/\/www.huanyumotor.com\/product\/140-permanent-magnet-dc-brushless-motor-single-key-shaft\/"]}]},{"@type":"ImageObject","inLanguage":"fr-FR","@id":"https:\/\/www.huanyumotor.com\/product\/140-permanent-magnet-dc-brushless-motor-single-key-shaft\/#primaryimage","url":"https:\/\/www.huanyumotor.com\/wp-content\/uploads\/2025\/11\/16_1.jpg","contentUrl":"https:\/\/www.huanyumotor.com\/wp-content\/uploads\/2025\/11\/16_1.jpg","width":800,"height":800},{"@type":"BreadcrumbList","@id":"https:\/\/www.huanyumotor.com\/product\/140-permanent-magnet-dc-brushless-motor-single-key-shaft\/#breadcrumb","itemListElement":[{"@type":"ListItem","position":1,"name":"\u9996\u9875","item":"https:\/\/www.huanyumotor.com\/"},{"@type":"ListItem","position":2,"name":"Products","item":"https:\/\/www.huanyumotor.com\/products\/"},{"@type":"ListItem","position":3,"name":"140 Permanent Magnet DC Brushless Motor Single-Key Shaft"}]},{"@type":"WebSite","@id":"https:\/\/www.huanyumotor.com\/#website","url":"https:\/\/www.huanyumotor.com\/","name":"Jining Huanzhongyu Electromechanical Co, Ltd.","description":"","publisher":{"@id":"https:\/\/www.huanyumotor.com\/#organization"},"potentialAction":[{"@type":"SearchAction","target":{"@type":"EntryPoint","urlTemplate":"https:\/\/www.huanyumotor.com\/?s={search_term_string}"},"query-input":{"@type":"PropertyValueSpecification","valueRequired":true,"valueName":"search_term_string"}}],"inLanguage":"fr-FR"},{"@type":"Organization","@id":"https:\/\/www.huanyumotor.com\/#organization","name":"Jining Huanzhongyu Electromechanical Co, Ltd.","url":"https:\/\/www.huanyumotor.com\/","logo":{"@type":"ImageObject","inLanguage":"fr-FR","@id":"https:\/\/www.huanyumotor.com\/#\/schema\/logo\/image\/","url":"https:\/\/www.huanyumotor.com\/wp-content\/uploads\/2025\/11\/logo.webp","contentUrl":"https:\/\/www.huanyumotor.com\/wp-content\/uploads\/2025\/11\/logo.webp","width":468,"height":242,"caption":"Jining Huanzhongyu Electromechanical Co., Ltd."},"image":{"@id":"https:\/\/www.huanyumotor.com\/#\/schema\/logo\/image\/"},"sameAs":["https:\/\/www.facebook.com\/profile.php?id=61579475484242&sk=grid"]}]}},"_links":{"self":[{"href":"https:\/\/www.huanyumotor.com\/fr\/wp-json\/wp\/v2\/product\/621","targetHints":{"allow":["GET"]}}],"collection":[{"href":"https:\/\/www.huanyumotor.com\/fr\/wp-json\/wp\/v2\/product"}],"about":[{"href":"https:\/\/www.huanyumotor.com\/fr\/wp-json\/wp\/v2\/types\/product"}],"wp:featuredmedia":[{"embeddable":true,"href":"https:\/\/www.huanyumotor.com\/fr\/wp-json\/wp\/v2\/media\/622"}],"wp:attachment":[{"href":"https:\/\/www.huanyumotor.com\/fr\/wp-json\/wp\/v2\/media?parent=621"}],"wp:term":[{"taxonomy":"product_brand","embeddable":true,"href":"https:\/\/www.huanyumotor.com\/fr\/wp-json\/wp\/v2\/product_brand?post=621"},{"taxonomy":"product_cat","embeddable":true,"href":"https:\/\/www.huanyumotor.com\/fr\/wp-json\/wp\/v2\/product_cat?post=621"},{"taxonomy":"product_tag","embeddable":true,"href":"https:\/\/www.huanyumotor.com\/fr\/wp-json\/wp\/v2\/product_tag?post=621"}],"curies":[{"name":"wp","href":"https:\/\/api.w.org\/{rel}","templated":true}]}}