{"id":629,"date":"2025-11-12T10:27:41","date_gmt":"2025-11-12T02:27:41","guid":{"rendered":"http:\/\/www.huanyumotor.com\/?post_type=product&#038;p=629"},"modified":"2025-11-12T10:27:41","modified_gmt":"2025-11-12T02:27:41","slug":"133-permanent-magnet-dc-brushless-motor-single-key-shaft","status":"publish","type":"product","link":"https:\/\/www.huanyumotor.com\/fr\/produit\/133-permanent-magnet-dc-brushless-motor-single-key-shaft\/","title":{"rendered":"133 Moteur sans balai \u00e0 aimant permanent \u00e0 courant continu, arbre \u00e0 clavette unique"},"content":{"rendered":"<p>Pr\u00e9sentation du produit<br \/>\nLe moteur \u00e0 onde carr\u00e9e 133 (moteur \u00e0 courant continu sans balais) est un moteur \u00e0 haute puissance, \u00e0 grande vitesse et \u00e0 couple \u00e9lev\u00e9. Son couple \u00e9lev\u00e9 et sa faible vitesse le rendent adapt\u00e9 au transport de charges lourdes. La puissance du moteur \u00e0 onde carr\u00e9e 133 est comprise entre 1000 et 2200 W.<br \/>\nAvantages du produit<br \/>\n**Haute efficacit\u00e9**<br \/>\n1. **Haute densit\u00e9 de puissance** : Le moteur \u00e0 courant continu sans balais utilise des aimants permanents pour l'excitation, ce qui lui permet de fournir une plus grande puissance dans le m\u00eame volume ou poids, d'o\u00f9 une plus grande efficacit\u00e9.<br \/>\n2. **faible perte de friction** : La conception sans balais \u00e9limine les pertes par frottement associ\u00e9es aux balais et aux collecteurs des moteurs \u00e0 courant continu traditionnels, ce qui am\u00e9liore le rendement global. Ce rendement \u00e9lev\u00e9 permet au moteur 133 Square Wave de fonctionner avec une consommation d'\u00e9nergie plus faible et de maintenir sa stabilit\u00e9 sur de longues p\u00e9riodes.<br \/>\n**Couple \u00e9lev\u00e9**<br \/>\n1. **Densit\u00e9 de couple \u00e9lev\u00e9e** : Le champ magn\u00e9tique plus puissant g\u00e9n\u00e9r\u00e9 par les aimants permanents des moteurs \u00e0 courant continu sans balais permet d'obtenir un couple plus important dans le m\u00eame volume ou poids. Cette caract\u00e9ristique fait du moteur 133 Square Wave la solution id\u00e9ale pour les applications lourdes n\u00e9cessitant un couple \u00e9lev\u00e9.<br \/>\n**Caract\u00e9ristiques op\u00e9rationnelles sup\u00e9rieures<br \/>\n1. **D\u00e9marrage en douceur** : En particulier dans les configurations de stator \u00e0 fente, le moteur \u00e0 onde carr\u00e9e 138 permet un d\u00e9marrage en douceur, r\u00e9duisant les chocs et les vibrations initiales pour un meilleur confort de conduite.<\/p>\n<p>2. **Bruit faible** : La conception sans balais \u00e9limine le bruit li\u00e9 aux balais, ce qui r\u00e9duit consid\u00e9rablement le bruit de fonctionnement global du moteur.<\/p>\n<p>Cette caract\u00e9ristique est cruciale pour les environnements peu bruyants, tels que les rickshaws.<\/p>\n<p>&nbsp;<\/p>\n<p>**Long\u00e9vit\u00e9**<br \/>\n1. **Pas de composants us\u00e9s** : La conception sans balais \u00e9limine les composants vuln\u00e9rables (balais et collecteurs) des moteurs \u00e0 courant continu traditionnels, ce qui prolonge la dur\u00e9e de vie du moteur.<\/p>\n<p>2. **Haute fiabilit\u00e9** : Le contr\u00f4leur \u00e9lectronique g\u00e8re la commutation des moteurs \u00e0 courant continu sans balais, ce qui simplifie les composants m\u00e9caniques et r\u00e9duit les taux de d\u00e9faillance, am\u00e9liorant ainsi la fiabilit\u00e9 globale.<\/p>\n<p>**Domaine d'application multiple**<br \/>\n1. **Gamme de puissance \u00e9tendue** : La gamme de puissance du moteur \u00e0 ondes carr\u00e9es 133, de 1000W \u00e0 2200W, r\u00e9pond aux diverses exigences en mati\u00e8re de puissance pour diff\u00e9rentes applications.<\/p>\n<p>2. **Une large application** : Du transport de marchandises lourdes aux rickshaws pour passagers, les performances exceptionnelles du moteur 133 Square Wave le rendent adapt\u00e9 aux applications des v\u00e9hicules \u00e9lectriques, de l'automatisation industrielle et des secteurs du transport.<\/p>\n<p>En r\u00e9sum\u00e9, le rendement \u00e9lev\u00e9, le couple \u00e9lev\u00e9, les caract\u00e9ristiques op\u00e9rationnelles sup\u00e9rieures, la longue dur\u00e9e de vie et le large \u00e9ventail d'applications du moteur \u00e0 onde carr\u00e9e 133 en font un choix id\u00e9al pour de nombreuses applications n\u00e9cessitant des moteurs \u00e9lectriques de haute performance.<\/p>\n<table width=\"701\">\n<tbody>\n<tr>\n<td colspan=\"4\" width=\"701\">Param\u00e8tres de sp\u00e9cification du produit<\/td>\n<\/tr>\n<tr>\n<td width=\"129\">tension nominale<\/td>\n<td width=\"224\">24V\/36V\/48V\/60V\/72V\/80V<\/td>\n<td width=\"151\">puissance nominale<\/td>\n<td width=\"197\">1000W~2200W<\/td>\n<\/tr>\n<tr>\n<td>Num\u00e9ro de phase du moteur<\/td>\n<td>Triphas\u00e9<\/td>\n<td width=\"151\">vitesse nominale<\/td>\n<td width=\"197\">1500 tr\/min\/3200 tr\/min<\/td>\n<\/tr>\n<tr>\n<td width=\"129\">hauteur du rotor<\/td>\n<td width=\"224\">50mm~80mm<\/td>\n<td width=\"151\">Qualit\u00e9 de l'aimant<\/td>\n<td width=\"197\">38H<\/td>\n<\/tr>\n<tr>\n<td width=\"129\">Couleur du moteur<\/td>\n<td width=\"224\">Argent<\/td>\n<td width=\"151\">arbre du moteur<\/td>\n<td width=\"197\">Arbre \u00e0 clavette (sur mesure)<\/td>\n<\/tr>\n<tr>\n<td width=\"129\">classification thermique<\/td>\n<td width=\"224\">F<\/td>\n<td width=\"151\">capteur de position<\/td>\n<td width=\"197\">Hall (5 broches)<\/td>\n<\/tr>\n<tr>\n<td width=\"129\">Niveau de protection<\/td>\n<td width=\"224\">IP54<\/td>\n<td width=\"151\">M\u00e9thode de contr\u00f4le<\/td>\n<td width=\"197\">Contr\u00f4le des ondes carr\u00e9es<\/td>\n<\/tr>\n<tr>\n<td width=\"129\">\u00a0 paire polaire<\/td>\n<td width=\"224\">4<\/td>\n<td width=\"151\">syst\u00e8me de travail<\/td>\n<td width=\"197\">S2 60 min<\/td>\n<\/tr>\n<tr>\n<td>M\u00e9thode d'installation<\/td>\n<td>B3\/B5<\/td>\n<td><\/td>\n<td><\/td>\n<\/tr>\n<\/tbody>\n<\/table>\n<p>Environnement de fonctionnement du produit<\/p>\n<table style=\"border-collapse: collapse; width: 264.77pt;\" border=\"0\" width=\"353\" cellspacing=\"0\" cellpadding=\"0\">\n<tbody>\n<tr style=\"height: 51.75pt;\">\n<td class=\"et2\" style=\"height: 51.75pt; width: 96.75pt;\" width=\"129\" height=\"69\">Plage de temp\u00e9rature de travail<\/td>\n<td class=\"et2\" style=\"width: 168.00pt;\" width=\"224\">motor\uff1a-40\u2103\uff5e55\u2103<\/td>\n<\/tr>\n<tr style=\"height: 17.25pt;\">\n<td class=\"et2\" style=\"height: 17.25pt; width: 96.75pt;\" width=\"129\" height=\"23\">l'humidit\u00e9<\/td>\n<td class=\"et2\" style=\"width: 168.00pt;\" width=\"224\">0\uff5e95%<\/td>\n<\/tr>\n<\/tbody>\n<\/table>","protected":false},"excerpt":{"rendered":"<p>Le moteur \u00e0 onde carr\u00e9e 133 (moteur \u00e0 courant continu sans balais) est un moteur \u00e0 haute puissance, \u00e0 grande vitesse et \u00e0 couple \u00e9lev\u00e9. Son couple \u00e9lev\u00e9 et sa faible vitesse le rendent adapt\u00e9 au transport de charges lourdes. La puissance du moteur \u00e0 onde carr\u00e9e 133 est comprise entre 1000 et 2200 W.<\/p>","protected":false},"featured_media":630,"template":"","meta":{"site-sidebar-layout":"default","site-content-layout":"default","ast-site-content-layout":"default","site-content-style":"default","site-sidebar-style":"default","ast-global-header-display":"","ast-banner-title-visibility":"","ast-main-header-display":"","ast-hfb-above-header-display":"","ast-hfb-below-header-display":"","ast-hfb-mobile-header-display":"","site-post-title":"","ast-breadcrumbs-content":"","ast-featured-img":"","footer-sml-layout":"","ast-disable-related-posts":"","theme-transparent-header-meta":"default","adv-header-id-meta":"","stick-header-meta":"","header-above-stick-meta":"","header-main-stick-meta":"","header-below-stick-meta":"","astra-migrate-meta-layouts":"default","ast-page-background-enabled":"default","ast-page-background-meta":{"desktop":{"background-color":"","background-image":"","background-repeat":"repeat","background-position":"center center","background-size":"auto","background-attachment":"scroll","background-type":"","background-media":"","overlay-type":"","overlay-color":"","overlay-opacity":"","overlay-gradient":""},"tablet":{"background-color":"","background-image":"","background-repeat":"repeat","background-position":"center center","background-size":"auto","background-attachment":"scroll","background-type":"","background-media":"","overlay-type":"","overlay-color":"","overlay-opacity":"","overlay-gradient":""},"mobile":{"background-color":"","background-image":"","background-repeat":"repeat","background-position":"center center","background-size":"auto","background-attachment":"scroll","background-type":"","background-media":"","overlay-type":"","overlay-color":"","overlay-opacity":"","overlay-gradient":""}},"ast-content-background-meta":{"desktop":{"background-color":"var(--ast-global-color-5)","background-image":"","background-repeat":"repeat","background-position":"center center","background-size":"auto","background-attachment":"scroll","background-type":"","background-media":"","overlay-type":"","overlay-color":"","overlay-opacity":"","overlay-gradient":""},"tablet":{"background-color":"var(--ast-global-color-5)","background-image":"","background-repeat":"repeat","background-position":"center center","background-size":"auto","background-attachment":"scroll","background-type":"","background-media":"","overlay-type":"","overlay-color":"","overlay-opacity":"","overlay-gradient":""},"mobile":{"background-color":"var(--ast-global-color-5)","background-image":"","background-repeat":"repeat","background-position":"center center","background-size":"auto","background-attachment":"scroll","background-type":"","background-media":"","overlay-type":"","overlay-color":"","overlay-opacity":"","overlay-gradient":""}}},"product_brand":[],"product_cat":[24],"product_tag":[],"class_list":{"0":"post-629","1":"product","2":"type-product","3":"status-publish","4":"has-post-thumbnail","6":"product_cat-permanent-magnet-brushless-dc-motor","7":"desktop-align-left","8":"tablet-align-left","9":"mobile-align-left","10":"ast-product-gallery-layout-vertical-slider","11":"ast-product-tabs-layout-horizontal","13":"first","14":"instock","15":"shipping-taxable","16":"product-type-simple"},"yoast_head":"<!-- This site is optimized with the Yoast SEO plugin v27.4 - https:\/\/yoast.com\/product\/yoast-seo-wordpress\/ -->\n<title>133 Permanent Magnet DC Brushless Motor Single Key Shaft - Jining Huanzhongyu Electromechanical Co., Ltd.<\/title>\n<meta name=\"robots\" content=\"index, follow, max-snippet:-1, max-image-preview:large, max-video-preview:-1\" \/>\n<link rel=\"canonical\" href=\"https:\/\/www.huanyumotor.com\/fr\/produit\/133-permanent-magnet-dc-brushless-motor-single-key-shaft\/\" \/>\n<meta property=\"og:locale\" content=\"fr_FR\" \/>\n<meta property=\"og:type\" content=\"article\" \/>\n<meta property=\"og:title\" content=\"133 Permanent Magnet DC Brushless Motor Single Key Shaft - Jining Huanzhongyu Electromechanical Co., Ltd.\" \/>\n<meta property=\"og:description\" content=\"The 133 Square Wave Motor (Brushless DC Motor) is a high-power, high-speed, and high-torque motor. Its high torque and low speed make it suitable for heavy-duty cargo transportation. The power range of the 133 Square Wave Motor is 1000W to 2200W.\" \/>\n<meta property=\"og:url\" content=\"https:\/\/www.huanyumotor.com\/fr\/produit\/133-permanent-magnet-dc-brushless-motor-single-key-shaft\/\" \/>\n<meta property=\"og:site_name\" content=\"Jining Huanzhongyu Electromechanical Co., Ltd.\" \/>\n<meta property=\"article:publisher\" content=\"https:\/\/www.facebook.com\/profile.php?id=61579475484242&amp;sk=grid\" \/>\n<meta property=\"og:image\" content=\"https:\/\/www.huanyumotor.com\/wp-content\/uploads\/2025\/11\/13_1.jpg\" \/>\n\t<meta property=\"og:image:width\" content=\"800\" \/>\n\t<meta property=\"og:image:height\" content=\"800\" \/>\n\t<meta property=\"og:image:type\" content=\"image\/jpeg\" \/>\n<meta name=\"twitter:card\" content=\"summary_large_image\" \/>\n<meta name=\"twitter:label1\" content=\"Dur\u00e9e de lecture estim\u00e9e\" \/>\n\t<meta name=\"twitter:data1\" content=\"2 minutes\" \/>\n<script type=\"application\/ld+json\" class=\"yoast-schema-graph\">{\"@context\":\"https:\\\/\\\/schema.org\",\"@graph\":[{\"@type\":\"WebPage\",\"@id\":\"https:\\\/\\\/www.huanyumotor.com\\\/product\\\/133-permanent-magnet-dc-brushless-motor-single-key-shaft\\\/\",\"url\":\"https:\\\/\\\/www.huanyumotor.com\\\/product\\\/133-permanent-magnet-dc-brushless-motor-single-key-shaft\\\/\",\"name\":\"133 Permanent Magnet DC Brushless Motor Single Key Shaft - Jining Huanzhongyu Electromechanical Co., Ltd.\",\"isPartOf\":{\"@id\":\"https:\\\/\\\/www.huanyumotor.com\\\/#website\"},\"primaryImageOfPage\":{\"@id\":\"https:\\\/\\\/www.huanyumotor.com\\\/product\\\/133-permanent-magnet-dc-brushless-motor-single-key-shaft\\\/#primaryimage\"},\"image\":{\"@id\":\"https:\\\/\\\/www.huanyumotor.com\\\/product\\\/133-permanent-magnet-dc-brushless-motor-single-key-shaft\\\/#primaryimage\"},\"thumbnailUrl\":\"https:\\\/\\\/www.huanyumotor.com\\\/wp-content\\\/uploads\\\/2025\\\/11\\\/13_1.jpg\",\"datePublished\":\"2025-11-12T02:27:41+00:00\",\"breadcrumb\":{\"@id\":\"https:\\\/\\\/www.huanyumotor.com\\\/product\\\/133-permanent-magnet-dc-brushless-motor-single-key-shaft\\\/#breadcrumb\"},\"inLanguage\":\"fr-FR\",\"potentialAction\":[{\"@type\":\"ReadAction\",\"target\":[\"https:\\\/\\\/www.huanyumotor.com\\\/product\\\/133-permanent-magnet-dc-brushless-motor-single-key-shaft\\\/\"]}]},{\"@type\":\"ImageObject\",\"inLanguage\":\"fr-FR\",\"@id\":\"https:\\\/\\\/www.huanyumotor.com\\\/product\\\/133-permanent-magnet-dc-brushless-motor-single-key-shaft\\\/#primaryimage\",\"url\":\"https:\\\/\\\/www.huanyumotor.com\\\/wp-content\\\/uploads\\\/2025\\\/11\\\/13_1.jpg\",\"contentUrl\":\"https:\\\/\\\/www.huanyumotor.com\\\/wp-content\\\/uploads\\\/2025\\\/11\\\/13_1.jpg\",\"width\":800,\"height\":800},{\"@type\":\"BreadcrumbList\",\"@id\":\"https:\\\/\\\/www.huanyumotor.com\\\/product\\\/133-permanent-magnet-dc-brushless-motor-single-key-shaft\\\/#breadcrumb\",\"itemListElement\":[{\"@type\":\"ListItem\",\"position\":1,\"name\":\"\u9996\u9875\",\"item\":\"https:\\\/\\\/www.huanyumotor.com\\\/\"},{\"@type\":\"ListItem\",\"position\":2,\"name\":\"Products\",\"item\":\"https:\\\/\\\/www.huanyumotor.com\\\/products\\\/\"},{\"@type\":\"ListItem\",\"position\":3,\"name\":\"133 Permanent Magnet DC Brushless Motor Single Key Shaft\"}]},{\"@type\":\"WebSite\",\"@id\":\"https:\\\/\\\/www.huanyumotor.com\\\/#website\",\"url\":\"https:\\\/\\\/www.huanyumotor.com\\\/\",\"name\":\"Jining Huanzhongyu Electromechanical Co., Ltd.\",\"description\":\"\",\"publisher\":{\"@id\":\"https:\\\/\\\/www.huanyumotor.com\\\/#organization\"},\"potentialAction\":[{\"@type\":\"SearchAction\",\"target\":{\"@type\":\"EntryPoint\",\"urlTemplate\":\"https:\\\/\\\/www.huanyumotor.com\\\/?s={search_term_string}\"},\"query-input\":{\"@type\":\"PropertyValueSpecification\",\"valueRequired\":true,\"valueName\":\"search_term_string\"}}],\"inLanguage\":\"fr-FR\"},{\"@type\":\"Organization\",\"@id\":\"https:\\\/\\\/www.huanyumotor.com\\\/#organization\",\"name\":\"Jining Huanzhongyu Electromechanical Co., Ltd.\",\"url\":\"https:\\\/\\\/www.huanyumotor.com\\\/\",\"logo\":{\"@type\":\"ImageObject\",\"inLanguage\":\"fr-FR\",\"@id\":\"https:\\\/\\\/www.huanyumotor.com\\\/#\\\/schema\\\/logo\\\/image\\\/\",\"url\":\"https:\\\/\\\/www.huanyumotor.com\\\/wp-content\\\/uploads\\\/2025\\\/11\\\/logo.webp\",\"contentUrl\":\"https:\\\/\\\/www.huanyumotor.com\\\/wp-content\\\/uploads\\\/2025\\\/11\\\/logo.webp\",\"width\":468,\"height\":242,\"caption\":\"Jining Huanzhongyu Electromechanical Co., Ltd.\"},\"image\":{\"@id\":\"https:\\\/\\\/www.huanyumotor.com\\\/#\\\/schema\\\/logo\\\/image\\\/\"},\"sameAs\":[\"https:\\\/\\\/www.facebook.com\\\/profile.php?id=61579475484242&sk=grid\"]}]}<\/script>\n<!-- \/ Yoast SEO plugin. -->","yoast_head_json":{"title":"133 Permanent Magnet DC Brushless Motor Single Key Shaft - Jining Huanzhongyu Electromechanical Co., Ltd.","robots":{"index":"index","follow":"follow","max-snippet":"max-snippet:-1","max-image-preview":"max-image-preview:large","max-video-preview":"max-video-preview:-1"},"canonical":"https:\/\/www.huanyumotor.com\/fr\/produit\/133-permanent-magnet-dc-brushless-motor-single-key-shaft\/","og_locale":"fr_FR","og_type":"article","og_title":"133 Permanent Magnet DC Brushless Motor Single Key Shaft - Jining Huanzhongyu Electromechanical Co., Ltd.","og_description":"The 133 Square Wave Motor (Brushless DC Motor) is a high-power, high-speed, and high-torque motor. Its high torque and low speed make it suitable for heavy-duty cargo transportation. The power range of the 133 Square Wave Motor is 1000W to 2200W.","og_url":"https:\/\/www.huanyumotor.com\/fr\/produit\/133-permanent-magnet-dc-brushless-motor-single-key-shaft\/","og_site_name":"Jining Huanzhongyu Electromechanical Co., Ltd.","article_publisher":"https:\/\/www.facebook.com\/profile.php?id=61579475484242&sk=grid","og_image":[{"width":800,"height":800,"url":"https:\/\/www.huanyumotor.com\/wp-content\/uploads\/2025\/11\/13_1.jpg","type":"image\/jpeg"}],"twitter_card":"summary_large_image","twitter_misc":{"Dur\u00e9e de lecture estim\u00e9e":"2 minutes"},"schema":{"@context":"https:\/\/schema.org","@graph":[{"@type":"WebPage","@id":"https:\/\/www.huanyumotor.com\/product\/133-permanent-magnet-dc-brushless-motor-single-key-shaft\/","url":"https:\/\/www.huanyumotor.com\/product\/133-permanent-magnet-dc-brushless-motor-single-key-shaft\/","name":"133 Permanent Magnet DC Brushless Motor Single Key Shaft - Jining Huanzhongyu Electromechanical Co., Ltd.","isPartOf":{"@id":"https:\/\/www.huanyumotor.com\/#website"},"primaryImageOfPage":{"@id":"https:\/\/www.huanyumotor.com\/product\/133-permanent-magnet-dc-brushless-motor-single-key-shaft\/#primaryimage"},"image":{"@id":"https:\/\/www.huanyumotor.com\/product\/133-permanent-magnet-dc-brushless-motor-single-key-shaft\/#primaryimage"},"thumbnailUrl":"https:\/\/www.huanyumotor.com\/wp-content\/uploads\/2025\/11\/13_1.jpg","datePublished":"2025-11-12T02:27:41+00:00","breadcrumb":{"@id":"https:\/\/www.huanyumotor.com\/product\/133-permanent-magnet-dc-brushless-motor-single-key-shaft\/#breadcrumb"},"inLanguage":"fr-FR","potentialAction":[{"@type":"ReadAction","target":["https:\/\/www.huanyumotor.com\/product\/133-permanent-magnet-dc-brushless-motor-single-key-shaft\/"]}]},{"@type":"ImageObject","inLanguage":"fr-FR","@id":"https:\/\/www.huanyumotor.com\/product\/133-permanent-magnet-dc-brushless-motor-single-key-shaft\/#primaryimage","url":"https:\/\/www.huanyumotor.com\/wp-content\/uploads\/2025\/11\/13_1.jpg","contentUrl":"https:\/\/www.huanyumotor.com\/wp-content\/uploads\/2025\/11\/13_1.jpg","width":800,"height":800},{"@type":"BreadcrumbList","@id":"https:\/\/www.huanyumotor.com\/product\/133-permanent-magnet-dc-brushless-motor-single-key-shaft\/#breadcrumb","itemListElement":[{"@type":"ListItem","position":1,"name":"\u9996\u9875","item":"https:\/\/www.huanyumotor.com\/"},{"@type":"ListItem","position":2,"name":"Products","item":"https:\/\/www.huanyumotor.com\/products\/"},{"@type":"ListItem","position":3,"name":"133 Permanent Magnet DC Brushless Motor Single Key Shaft"}]},{"@type":"WebSite","@id":"https:\/\/www.huanyumotor.com\/#website","url":"https:\/\/www.huanyumotor.com\/","name":"Jining Huanzhongyu Electromechanical Co, Ltd.","description":"","publisher":{"@id":"https:\/\/www.huanyumotor.com\/#organization"},"potentialAction":[{"@type":"SearchAction","target":{"@type":"EntryPoint","urlTemplate":"https:\/\/www.huanyumotor.com\/?s={search_term_string}"},"query-input":{"@type":"PropertyValueSpecification","valueRequired":true,"valueName":"search_term_string"}}],"inLanguage":"fr-FR"},{"@type":"Organization","@id":"https:\/\/www.huanyumotor.com\/#organization","name":"Jining Huanzhongyu Electromechanical Co, Ltd.","url":"https:\/\/www.huanyumotor.com\/","logo":{"@type":"ImageObject","inLanguage":"fr-FR","@id":"https:\/\/www.huanyumotor.com\/#\/schema\/logo\/image\/","url":"https:\/\/www.huanyumotor.com\/wp-content\/uploads\/2025\/11\/logo.webp","contentUrl":"https:\/\/www.huanyumotor.com\/wp-content\/uploads\/2025\/11\/logo.webp","width":468,"height":242,"caption":"Jining Huanzhongyu Electromechanical Co., Ltd."},"image":{"@id":"https:\/\/www.huanyumotor.com\/#\/schema\/logo\/image\/"},"sameAs":["https:\/\/www.facebook.com\/profile.php?id=61579475484242&sk=grid"]}]}},"_links":{"self":[{"href":"https:\/\/www.huanyumotor.com\/fr\/wp-json\/wp\/v2\/product\/629","targetHints":{"allow":["GET"]}}],"collection":[{"href":"https:\/\/www.huanyumotor.com\/fr\/wp-json\/wp\/v2\/product"}],"about":[{"href":"https:\/\/www.huanyumotor.com\/fr\/wp-json\/wp\/v2\/types\/product"}],"wp:featuredmedia":[{"embeddable":true,"href":"https:\/\/www.huanyumotor.com\/fr\/wp-json\/wp\/v2\/media\/630"}],"wp:attachment":[{"href":"https:\/\/www.huanyumotor.com\/fr\/wp-json\/wp\/v2\/media?parent=629"}],"wp:term":[{"taxonomy":"product_brand","embeddable":true,"href":"https:\/\/www.huanyumotor.com\/fr\/wp-json\/wp\/v2\/product_brand?post=629"},{"taxonomy":"product_cat","embeddable":true,"href":"https:\/\/www.huanyumotor.com\/fr\/wp-json\/wp\/v2\/product_cat?post=629"},{"taxonomy":"product_tag","embeddable":true,"href":"https:\/\/www.huanyumotor.com\/fr\/wp-json\/wp\/v2\/product_tag?post=629"}],"curies":[{"name":"wp","href":"https:\/\/api.w.org\/{rel}","templated":true}]}}