{"id":639,"date":"2025-11-12T10:29:15","date_gmt":"2025-11-12T02:29:15","guid":{"rendered":"http:\/\/www.huanyumotor.com\/?post_type=product&#038;p=639"},"modified":"2025-11-12T10:29:15","modified_gmt":"2025-11-12T02:29:15","slug":"120-central-reduction-brushless-dc-motor","status":"publish","type":"product","link":"https:\/\/www.huanyumotor.com\/fr\/produit\/120-central-reduction-brushless-dc-motor\/","title":{"rendered":"Moteur CC sans balais \u00e0 r\u00e9duction centrale de 120"},"content":{"rendered":"<p>Bo\u00eetier monobloc moul\u00e9 sous pression, corps en alliage d'aluminium \u00e0 haute r\u00e9sistance, conception de dissipation thermique de pr\u00e9cision, structure de puissance robuste, rapport de r\u00e9duction de 1:6 ; extension d'arbre unique de \u00d819mm, couple de pointe \u00e9lev\u00e9, adapt\u00e9 aux pentes raides et aux charges lourdes, technologie d'\u00e9tanch\u00e9it\u00e9 IP54 (structure de bo\u00eetier sans soudure), r\u00e9sistant \u00e0 la rouille et \u00e0 la corrosion, fonctionne dans des environnements de -40\u2103 \u00e0 55\u2103, support de montage \u00e0 bride standardis\u00e9 (positions des trous de boulon comme indiqu\u00e9 sur la figure), compatible avec les tensions globales de 48V\/60V\/72V. Adapt\u00e9 \u00e0 l'entra\u00eenement par cha\u00eene, couramment utilis\u00e9 dans les trikes de montagne ou les v\u00e9hicules modifi\u00e9s.<\/p>\n<table width=\"701\">\n<tbody>\n<tr>\n<td colspan=\"4\" width=\"701\">Param\u00e8tres de sp\u00e9cification du produit<\/td>\n<\/tr>\n<tr>\n<td width=\"129\">tension nominale<\/td>\n<td width=\"224\">48V~72V<\/td>\n<td width=\"151\">puissance nominale<\/td>\n<td width=\"197\">350W~1800W<\/td>\n<\/tr>\n<tr>\n<td>Num\u00e9ro de phase du moteur<\/td>\n<td>Triphas\u00e9<\/td>\n<td width=\"151\">vitesse nominale<\/td>\n<td width=\"197\">500 tr\/min<\/td>\n<\/tr>\n<tr>\n<td width=\"129\">hauteur du rotor<\/td>\n<td width=\"224\">25mm~80mm<\/td>\n<td width=\"151\">Qualit\u00e9 de l'aimant<\/td>\n<td width=\"197\">38H<\/td>\n<\/tr>\n<tr>\n<td width=\"129\">Couleur du moteur<\/td>\n<td width=\"224\">Argent, Noir<\/td>\n<td width=\"151\">arbre du moteur<\/td>\n<td width=\"197\">Arbre \u00e0 clavette simple, arbre \u00e0 roue \u00e0 cha\u00eene<\/td>\n<\/tr>\n<tr>\n<td width=\"129\">classification thermique<\/td>\n<td width=\"224\">F<\/td>\n<td width=\"151\">capteur de position<\/td>\n<td width=\"197\">Hall (5 broches)<\/td>\n<\/tr>\n<tr>\n<td width=\"129\">Niveau de protection<\/td>\n<td width=\"224\">IP54\uff08350W~1800W\uff09<\/td>\n<td width=\"151\">M\u00e9thode de contr\u00f4le<\/td>\n<td width=\"197\">Contr\u00f4le des ondes carr\u00e9es<\/td>\n<\/tr>\n<tr>\n<td width=\"129\">\u00a0 paire polaire<\/td>\n<td width=\"224\">4<\/td>\n<td width=\"151\">syst\u00e8me de travail<\/td>\n<td width=\"197\">S2 60 min<\/td>\n<\/tr>\n<tr>\n<td>Rapport de r\u00e9duction<\/td>\n<td>1:6<\/td>\n<td>M\u00e9thode d'installation<\/td>\n<td>B3\/ B5<\/td>\n<\/tr>\n<\/tbody>\n<\/table>\n<p>Environnement de fonctionnement du produit<\/p>\n<table style=\"border-collapse: collapse; width: 264.77pt;\" border=\"0\" width=\"353\" cellspacing=\"0\" cellpadding=\"0\">\n<tbody>\n<tr style=\"height: 51.75pt;\">\n<td class=\"et2\" style=\"height: 51.75pt; width: 96.75pt;\" width=\"129\" height=\"69\">Plage de temp\u00e9rature de stockage<\/td>\n<td class=\"et2\" style=\"width: 168.00pt;\" width=\"224\">-40\u2103\uff5e85\u2103<\/td>\n<\/tr>\n<tr style=\"height: 51.75pt;\">\n<td class=\"et2\" style=\"height: 51.75pt; width: 96.75pt;\" width=\"129\" height=\"69\">Plage de temp\u00e9rature de travail<\/td>\n<td class=\"et2\" style=\"width: 168.00pt;\" width=\"224\">motor\uff1a-40\u2103\uff5e55\u2103<\/td>\n<\/tr>\n<tr style=\"height: 17.25pt;\">\n<td class=\"et2\" style=\"height: 17.25pt; width: 96.75pt;\" width=\"129\" height=\"23\">l'humidit\u00e9<\/td>\n<td class=\"et2\" style=\"width: 168.00pt;\" width=\"224\">0\uff5e95%<\/td>\n<\/tr>\n<\/tbody>\n<\/table>","protected":false},"excerpt":{"rendered":"<p>Bo\u00eetier monobloc moul\u00e9 sous pression, corps en alliage d'aluminium \u00e0 haute r\u00e9sistance, conception de dissipation thermique de pr\u00e9cision, structure de puissance robuste, rapport de r\u00e9duction de 1:6 ; extension d'arbre unique de \u00d819mm, couple de pointe \u00e9lev\u00e9, adapt\u00e9 aux pentes raides et aux charges lourdes, technologie d'\u00e9tanch\u00e9it\u00e9 IP54 (structure de bo\u00eetier sans soudure), r\u00e9sistant \u00e0 la rouille et \u00e0 la corrosion, fonctionne dans des environnements de -40\u2103 \u00e0 55\u2103, support de montage \u00e0 bride standardis\u00e9 (positions des trous de boulon comme indiqu\u00e9 sur la figure), compatible avec les tensions globales de 48V\/60V\/72V. Adapt\u00e9 \u00e0 l'entra\u00eenement par cha\u00eene, couramment utilis\u00e9 dans les trikes de montagne ou les v\u00e9hicules modifi\u00e9s.<\/p>","protected":false},"featured_media":640,"template":"","meta":{"site-sidebar-layout":"default","site-content-layout":"default","ast-site-content-layout":"default","site-content-style":"default","site-sidebar-style":"default","ast-global-header-display":"","ast-banner-title-visibility":"","ast-main-header-display":"","ast-hfb-above-header-display":"","ast-hfb-below-header-display":"","ast-hfb-mobile-header-display":"","site-post-title":"","ast-breadcrumbs-content":"","ast-featured-img":"","footer-sml-layout":"","ast-disable-related-posts":"","theme-transparent-header-meta":"default","adv-header-id-meta":"","stick-header-meta":"","header-above-stick-meta":"","header-main-stick-meta":"","header-below-stick-meta":"","astra-migrate-meta-layouts":"default","ast-page-background-enabled":"default","ast-page-background-meta":{"desktop":{"background-color":"","background-image":"","background-repeat":"repeat","background-position":"center center","background-size":"auto","background-attachment":"scroll","background-type":"","background-media":"","overlay-type":"","overlay-color":"","overlay-opacity":"","overlay-gradient":""},"tablet":{"background-color":"","background-image":"","background-repeat":"repeat","background-position":"center center","background-size":"auto","background-attachment":"scroll","background-type":"","background-media":"","overlay-type":"","overlay-color":"","overlay-opacity":"","overlay-gradient":""},"mobile":{"background-color":"","background-image":"","background-repeat":"repeat","background-position":"center center","background-size":"auto","background-attachment":"scroll","background-type":"","background-media":"","overlay-type":"","overlay-color":"","overlay-opacity":"","overlay-gradient":""}},"ast-content-background-meta":{"desktop":{"background-color":"var(--ast-global-color-5)","background-image":"","background-repeat":"repeat","background-position":"center center","background-size":"auto","background-attachment":"scroll","background-type":"","background-media":"","overlay-type":"","overlay-color":"","overlay-opacity":"","overlay-gradient":""},"tablet":{"background-color":"var(--ast-global-color-5)","background-image":"","background-repeat":"repeat","background-position":"center center","background-size":"auto","background-attachment":"scroll","background-type":"","background-media":"","overlay-type":"","overlay-color":"","overlay-opacity":"","overlay-gradient":""},"mobile":{"background-color":"var(--ast-global-color-5)","background-image":"","background-repeat":"repeat","background-position":"center center","background-size":"auto","background-attachment":"scroll","background-type":"","background-media":"","overlay-type":"","overlay-color":"","overlay-opacity":"","overlay-gradient":""}}},"product_brand":[],"product_cat":[24],"product_tag":[],"class_list":{"0":"post-639","1":"product","2":"type-product","3":"status-publish","4":"has-post-thumbnail","6":"product_cat-permanent-magnet-brushless-dc-motor","7":"desktop-align-left","8":"tablet-align-left","9":"mobile-align-left","10":"ast-product-gallery-layout-vertical-slider","11":"ast-product-tabs-layout-horizontal","13":"first","14":"instock","15":"shipping-taxable","16":"product-type-simple"},"yoast_head":"<!-- This site is optimized with the Yoast SEO plugin v27.4 - https:\/\/yoast.com\/product\/yoast-seo-wordpress\/ -->\n<title>120 Central Reduction Brushless DC Motor - Jining Huanzhongyu Electromechanical Co., Ltd.<\/title>\n<meta name=\"robots\" content=\"index, follow, max-snippet:-1, max-image-preview:large, max-video-preview:-1\" \/>\n<link rel=\"canonical\" href=\"https:\/\/www.huanyumotor.com\/fr\/produit\/120-central-reduction-brushless-dc-motor\/\" \/>\n<meta property=\"og:locale\" content=\"fr_FR\" \/>\n<meta property=\"og:type\" content=\"article\" \/>\n<meta property=\"og:title\" content=\"120 Central Reduction Brushless DC Motor - Jining Huanzhongyu Electromechanical Co., Ltd.\" \/>\n<meta property=\"og:description\" content=\"One-piece die-cast housing, high-strength aluminum alloy body, precision heat dissipation design, heavy-duty power structure, 1:6 gear reduction ratio; single-shaft \u00d819mm shaft extension, high peak torque, suitable for steep slopes and heavy loads, IP54 sealing technology (seamless housing structure), rust-resistant and corrosion-resistant, operates in -40\u2103 to 55\u2103 environments, standardized flange mounting bracket (bolt hole positions as shown in the figure), compatible with 48V\/60V\/72V global voltages. Suitable for chain drive, commonly used in mountain trikes or modified vehicles\" \/>\n<meta property=\"og:url\" content=\"https:\/\/www.huanyumotor.com\/fr\/produit\/120-central-reduction-brushless-dc-motor\/\" \/>\n<meta property=\"og:site_name\" content=\"Jining Huanzhongyu Electromechanical Co., Ltd.\" \/>\n<meta property=\"article:publisher\" content=\"https:\/\/www.facebook.com\/profile.php?id=61579475484242&amp;sk=grid\" \/>\n<meta property=\"og:image\" content=\"https:\/\/www.huanyumotor.com\/wp-content\/uploads\/2025\/11\/11_1.jpg\" \/>\n\t<meta property=\"og:image:width\" content=\"800\" \/>\n\t<meta property=\"og:image:height\" content=\"800\" \/>\n\t<meta property=\"og:image:type\" content=\"image\/jpeg\" \/>\n<meta name=\"twitter:card\" content=\"summary_large_image\" \/>\n<meta name=\"twitter:label1\" content=\"Dur\u00e9e de lecture estim\u00e9e\" \/>\n\t<meta name=\"twitter:data1\" content=\"1 minute\" \/>\n<script type=\"application\/ld+json\" class=\"yoast-schema-graph\">{\"@context\":\"https:\\\/\\\/schema.org\",\"@graph\":[{\"@type\":\"WebPage\",\"@id\":\"https:\\\/\\\/www.huanyumotor.com\\\/product\\\/120-central-reduction-brushless-dc-motor\\\/\",\"url\":\"https:\\\/\\\/www.huanyumotor.com\\\/product\\\/120-central-reduction-brushless-dc-motor\\\/\",\"name\":\"120 Central Reduction Brushless DC Motor - Jining Huanzhongyu Electromechanical Co., Ltd.\",\"isPartOf\":{\"@id\":\"https:\\\/\\\/www.huanyumotor.com\\\/#website\"},\"primaryImageOfPage\":{\"@id\":\"https:\\\/\\\/www.huanyumotor.com\\\/product\\\/120-central-reduction-brushless-dc-motor\\\/#primaryimage\"},\"image\":{\"@id\":\"https:\\\/\\\/www.huanyumotor.com\\\/product\\\/120-central-reduction-brushless-dc-motor\\\/#primaryimage\"},\"thumbnailUrl\":\"https:\\\/\\\/www.huanyumotor.com\\\/wp-content\\\/uploads\\\/2025\\\/11\\\/11_1.jpg\",\"datePublished\":\"2025-11-12T02:29:15+00:00\",\"breadcrumb\":{\"@id\":\"https:\\\/\\\/www.huanyumotor.com\\\/product\\\/120-central-reduction-brushless-dc-motor\\\/#breadcrumb\"},\"inLanguage\":\"fr-FR\",\"potentialAction\":[{\"@type\":\"ReadAction\",\"target\":[\"https:\\\/\\\/www.huanyumotor.com\\\/product\\\/120-central-reduction-brushless-dc-motor\\\/\"]}]},{\"@type\":\"ImageObject\",\"inLanguage\":\"fr-FR\",\"@id\":\"https:\\\/\\\/www.huanyumotor.com\\\/product\\\/120-central-reduction-brushless-dc-motor\\\/#primaryimage\",\"url\":\"https:\\\/\\\/www.huanyumotor.com\\\/wp-content\\\/uploads\\\/2025\\\/11\\\/11_1.jpg\",\"contentUrl\":\"https:\\\/\\\/www.huanyumotor.com\\\/wp-content\\\/uploads\\\/2025\\\/11\\\/11_1.jpg\",\"width\":800,\"height\":800},{\"@type\":\"BreadcrumbList\",\"@id\":\"https:\\\/\\\/www.huanyumotor.com\\\/product\\\/120-central-reduction-brushless-dc-motor\\\/#breadcrumb\",\"itemListElement\":[{\"@type\":\"ListItem\",\"position\":1,\"name\":\"\u9996\u9875\",\"item\":\"https:\\\/\\\/www.huanyumotor.com\\\/\"},{\"@type\":\"ListItem\",\"position\":2,\"name\":\"Products\",\"item\":\"https:\\\/\\\/www.huanyumotor.com\\\/products\\\/\"},{\"@type\":\"ListItem\",\"position\":3,\"name\":\"120 Central Reduction Brushless DC Motor\"}]},{\"@type\":\"WebSite\",\"@id\":\"https:\\\/\\\/www.huanyumotor.com\\\/#website\",\"url\":\"https:\\\/\\\/www.huanyumotor.com\\\/\",\"name\":\"Jining Huanzhongyu Electromechanical Co., Ltd.\",\"description\":\"\",\"publisher\":{\"@id\":\"https:\\\/\\\/www.huanyumotor.com\\\/#organization\"},\"potentialAction\":[{\"@type\":\"SearchAction\",\"target\":{\"@type\":\"EntryPoint\",\"urlTemplate\":\"https:\\\/\\\/www.huanyumotor.com\\\/?s={search_term_string}\"},\"query-input\":{\"@type\":\"PropertyValueSpecification\",\"valueRequired\":true,\"valueName\":\"search_term_string\"}}],\"inLanguage\":\"fr-FR\"},{\"@type\":\"Organization\",\"@id\":\"https:\\\/\\\/www.huanyumotor.com\\\/#organization\",\"name\":\"Jining Huanzhongyu Electromechanical Co., Ltd.\",\"url\":\"https:\\\/\\\/www.huanyumotor.com\\\/\",\"logo\":{\"@type\":\"ImageObject\",\"inLanguage\":\"fr-FR\",\"@id\":\"https:\\\/\\\/www.huanyumotor.com\\\/#\\\/schema\\\/logo\\\/image\\\/\",\"url\":\"https:\\\/\\\/www.huanyumotor.com\\\/wp-content\\\/uploads\\\/2025\\\/11\\\/logo.webp\",\"contentUrl\":\"https:\\\/\\\/www.huanyumotor.com\\\/wp-content\\\/uploads\\\/2025\\\/11\\\/logo.webp\",\"width\":468,\"height\":242,\"caption\":\"Jining Huanzhongyu Electromechanical Co., Ltd.\"},\"image\":{\"@id\":\"https:\\\/\\\/www.huanyumotor.com\\\/#\\\/schema\\\/logo\\\/image\\\/\"},\"sameAs\":[\"https:\\\/\\\/www.facebook.com\\\/profile.php?id=61579475484242&sk=grid\"]}]}<\/script>\n<!-- \/ Yoast SEO plugin. -->","yoast_head_json":{"title":"120 Central Reduction Brushless DC Motor - Jining Huanzhongyu Electromechanical Co., Ltd.","robots":{"index":"index","follow":"follow","max-snippet":"max-snippet:-1","max-image-preview":"max-image-preview:large","max-video-preview":"max-video-preview:-1"},"canonical":"https:\/\/www.huanyumotor.com\/fr\/produit\/120-central-reduction-brushless-dc-motor\/","og_locale":"fr_FR","og_type":"article","og_title":"120 Central Reduction Brushless DC Motor - Jining Huanzhongyu Electromechanical Co., Ltd.","og_description":"One-piece die-cast housing, high-strength aluminum alloy body, precision heat dissipation design, heavy-duty power structure, 1:6 gear reduction ratio; single-shaft \u00d819mm shaft extension, high peak torque, suitable for steep slopes and heavy loads, IP54 sealing technology (seamless housing structure), rust-resistant and corrosion-resistant, operates in -40\u2103 to 55\u2103 environments, standardized flange mounting bracket (bolt hole positions as shown in the figure), compatible with 48V\/60V\/72V global voltages. Suitable for chain drive, commonly used in mountain trikes or modified vehicles","og_url":"https:\/\/www.huanyumotor.com\/fr\/produit\/120-central-reduction-brushless-dc-motor\/","og_site_name":"Jining Huanzhongyu Electromechanical Co., Ltd.","article_publisher":"https:\/\/www.facebook.com\/profile.php?id=61579475484242&sk=grid","og_image":[{"width":800,"height":800,"url":"https:\/\/www.huanyumotor.com\/wp-content\/uploads\/2025\/11\/11_1.jpg","type":"image\/jpeg"}],"twitter_card":"summary_large_image","twitter_misc":{"Dur\u00e9e de lecture estim\u00e9e":"1 minute"},"schema":{"@context":"https:\/\/schema.org","@graph":[{"@type":"WebPage","@id":"https:\/\/www.huanyumotor.com\/product\/120-central-reduction-brushless-dc-motor\/","url":"https:\/\/www.huanyumotor.com\/product\/120-central-reduction-brushless-dc-motor\/","name":"120 Central Reduction Brushless DC Motor - Jining Huanzhongyu Electromechanical Co., Ltd.","isPartOf":{"@id":"https:\/\/www.huanyumotor.com\/#website"},"primaryImageOfPage":{"@id":"https:\/\/www.huanyumotor.com\/product\/120-central-reduction-brushless-dc-motor\/#primaryimage"},"image":{"@id":"https:\/\/www.huanyumotor.com\/product\/120-central-reduction-brushless-dc-motor\/#primaryimage"},"thumbnailUrl":"https:\/\/www.huanyumotor.com\/wp-content\/uploads\/2025\/11\/11_1.jpg","datePublished":"2025-11-12T02:29:15+00:00","breadcrumb":{"@id":"https:\/\/www.huanyumotor.com\/product\/120-central-reduction-brushless-dc-motor\/#breadcrumb"},"inLanguage":"fr-FR","potentialAction":[{"@type":"ReadAction","target":["https:\/\/www.huanyumotor.com\/product\/120-central-reduction-brushless-dc-motor\/"]}]},{"@type":"ImageObject","inLanguage":"fr-FR","@id":"https:\/\/www.huanyumotor.com\/product\/120-central-reduction-brushless-dc-motor\/#primaryimage","url":"https:\/\/www.huanyumotor.com\/wp-content\/uploads\/2025\/11\/11_1.jpg","contentUrl":"https:\/\/www.huanyumotor.com\/wp-content\/uploads\/2025\/11\/11_1.jpg","width":800,"height":800},{"@type":"BreadcrumbList","@id":"https:\/\/www.huanyumotor.com\/product\/120-central-reduction-brushless-dc-motor\/#breadcrumb","itemListElement":[{"@type":"ListItem","position":1,"name":"\u9996\u9875","item":"https:\/\/www.huanyumotor.com\/"},{"@type":"ListItem","position":2,"name":"Products","item":"https:\/\/www.huanyumotor.com\/products\/"},{"@type":"ListItem","position":3,"name":"120 Central Reduction Brushless DC Motor"}]},{"@type":"WebSite","@id":"https:\/\/www.huanyumotor.com\/#website","url":"https:\/\/www.huanyumotor.com\/","name":"Jining Huanzhongyu Electromechanical Co, Ltd.","description":"","publisher":{"@id":"https:\/\/www.huanyumotor.com\/#organization"},"potentialAction":[{"@type":"SearchAction","target":{"@type":"EntryPoint","urlTemplate":"https:\/\/www.huanyumotor.com\/?s={search_term_string}"},"query-input":{"@type":"PropertyValueSpecification","valueRequired":true,"valueName":"search_term_string"}}],"inLanguage":"fr-FR"},{"@type":"Organization","@id":"https:\/\/www.huanyumotor.com\/#organization","name":"Jining Huanzhongyu Electromechanical Co, Ltd.","url":"https:\/\/www.huanyumotor.com\/","logo":{"@type":"ImageObject","inLanguage":"fr-FR","@id":"https:\/\/www.huanyumotor.com\/#\/schema\/logo\/image\/","url":"https:\/\/www.huanyumotor.com\/wp-content\/uploads\/2025\/11\/logo.webp","contentUrl":"https:\/\/www.huanyumotor.com\/wp-content\/uploads\/2025\/11\/logo.webp","width":468,"height":242,"caption":"Jining Huanzhongyu Electromechanical Co., Ltd."},"image":{"@id":"https:\/\/www.huanyumotor.com\/#\/schema\/logo\/image\/"},"sameAs":["https:\/\/www.facebook.com\/profile.php?id=61579475484242&sk=grid"]}]}},"_links":{"self":[{"href":"https:\/\/www.huanyumotor.com\/fr\/wp-json\/wp\/v2\/product\/639","targetHints":{"allow":["GET"]}}],"collection":[{"href":"https:\/\/www.huanyumotor.com\/fr\/wp-json\/wp\/v2\/product"}],"about":[{"href":"https:\/\/www.huanyumotor.com\/fr\/wp-json\/wp\/v2\/types\/product"}],"wp:featuredmedia":[{"embeddable":true,"href":"https:\/\/www.huanyumotor.com\/fr\/wp-json\/wp\/v2\/media\/640"}],"wp:attachment":[{"href":"https:\/\/www.huanyumotor.com\/fr\/wp-json\/wp\/v2\/media?parent=639"}],"wp:term":[{"taxonomy":"product_brand","embeddable":true,"href":"https:\/\/www.huanyumotor.com\/fr\/wp-json\/wp\/v2\/product_brand?post=639"},{"taxonomy":"product_cat","embeddable":true,"href":"https:\/\/www.huanyumotor.com\/fr\/wp-json\/wp\/v2\/product_cat?post=639"},{"taxonomy":"product_tag","embeddable":true,"href":"https:\/\/www.huanyumotor.com\/fr\/wp-json\/wp\/v2\/product_tag?post=639"}],"curies":[{"name":"wp","href":"https:\/\/api.w.org\/{rel}","templated":true}]}}