{"id":650,"date":"2025-11-12T10:31:54","date_gmt":"2025-11-12T02:31:54","guid":{"rendered":"http:\/\/www.huanyumotor.com\/?post_type=product&#038;p=650"},"modified":"2025-11-12T10:31:54","modified_gmt":"2025-11-12T02:31:54","slug":"120-series-special-permanent-magnet-dc-brushless-motor-for-crawler-chassis-vehicle","status":"publish","type":"product","link":"https:\/\/www.huanyumotor.com\/fr\/produit\/120-series-special-permanent-magnet-dc-brushless-motor-for-crawler-chassis-vehicle\/","title":{"rendered":"120 Series Special Permanent Magnet DC Brushless Motor for Crawler Chassis Vehicle (Moteur sans balais \u00e0 aimant permanent pour v\u00e9hicule \u00e0 chenilles)"},"content":{"rendered":"<p>Le moteur CC sans balai \u00e0 aimant permanent de la s\u00e9rie RV \u00e0 ondes carr\u00e9es 120 est con\u00e7u sur mesure pour r\u00e9pondre aux exigences d'efficacit\u00e9 des v\u00e9hicules \u00e0 ch\u00e2ssis chenill\u00e9 et des v\u00e9hicules intelligents sans pilote. Ce moteur se distingue sur le march\u00e9 par son excellent rapport stabilit\u00e9\/efficacit\u00e9 \u00e9nerg\u00e9tique. Il utilise des mat\u00e9riaux avanc\u00e9s pour aimants permanents afin de fournir une puissance de sortie robuste et durable, capable de s'adapter facilement aux terrains montagneux et boueux. Sa conception structurelle compacte garantit une installation facile tout en maintenant un faible niveau de bruit et de vibration pendant le fonctionnement du v\u00e9hicule, offrant ainsi aux utilisateurs une exp\u00e9rience de conduite confortable. Le moteur HuanYu 120 est le choix id\u00e9al pour vos v\u00e9hicules \u00e9lectriques \u00e0 chenilles et vos tondeuses \u00e0 gazon \u00e9lectriques.<\/p>\n<table width=\"701\">\n<tbody>\n<tr>\n<td colspan=\"4\" width=\"701\">Param\u00e8tres de sp\u00e9cification du produit<\/td>\n<\/tr>\n<tr>\n<td width=\"129\">tension nominale<\/td>\n<td width=\"224\">24V\/36V\/48V\/60V\/72V\/80V<\/td>\n<td width=\"151\">puissance nominale<\/td>\n<td width=\"197\">350w-1800w<\/td>\n<\/tr>\n<tr>\n<td>Num\u00e9ro de phase du moteur<\/td>\n<td>Triphas\u00e9<\/td>\n<td width=\"151\">vitesse nominale<\/td>\n<td width=\"197\">1500 tr\/min\/3000 tr\/min<\/td>\n<\/tr>\n<tr>\n<td width=\"129\">hauteur du rotor<\/td>\n<td width=\"224\">25mm~80mm<\/td>\n<td width=\"151\">Qualit\u00e9 de l'aimant<\/td>\n<td width=\"197\">38H<\/td>\n<\/tr>\n<tr>\n<td width=\"129\">Couleur du moteur<\/td>\n<td width=\"224\">Argent<\/td>\n<td width=\"151\">arbre du moteur<\/td>\n<td>Arbre \u00e0 clavette (sur mesure)<\/td>\n<\/tr>\n<tr>\n<td width=\"129\">classification thermique<\/td>\n<td width=\"224\">F<\/td>\n<td width=\"151\">capteur de position<\/td>\n<td width=\"197\">Hall (5 broches)<\/td>\n<\/tr>\n<tr>\n<td width=\"129\">Niveau de protection<\/td>\n<td width=\"224\">IP54<\/td>\n<td width=\"151\">M\u00e9thode de contr\u00f4le<\/td>\n<td width=\"197\">Contr\u00f4le des ondes carr\u00e9es<\/td>\n<\/tr>\n<tr>\n<td width=\"129\">\u00a0 paire polaire<\/td>\n<td width=\"224\">4<\/td>\n<td width=\"151\">syst\u00e8me de travail<\/td>\n<td width=\"197\">S2 60 min<\/td>\n<\/tr>\n<\/tbody>\n<\/table>\n<p>Environnement de fonctionnement du produit<\/p>\n<table style=\"border-collapse: collapse; width: 264.77pt;\" border=\"0\" width=\"353\" cellspacing=\"0\" cellpadding=\"0\">\n<tbody>\n<tr style=\"height: 51.75pt;\">\n<td class=\"et2\" style=\"height: 51.75pt; width: 96.75pt;\" width=\"129\" height=\"69\">Plage de temp\u00e9rature de stockage<\/td>\n<td class=\"et2\" style=\"width: 168.00pt;\" width=\"224\">-40\u2103\uff5e85\u2103<\/td>\n<\/tr>\n<tr style=\"height: 51.75pt;\">\n<td class=\"et2\" style=\"height: 51.75pt; width: 96.75pt;\" width=\"129\" height=\"69\">Plage de temp\u00e9rature de travail<\/td>\n<td class=\"et2\" style=\"width: 168.00pt;\" width=\"224\">motor\uff1a-40\u2103\uff5e55\u2103<\/td>\n<\/tr>\n<tr style=\"height: 17.25pt;\">\n<td class=\"et2\" style=\"height: 17.25pt; width: 96.75pt;\" width=\"129\" height=\"23\">l'humidit\u00e9<\/td>\n<td class=\"et2\" style=\"width: 168.00pt;\" width=\"224\">0\uff5e95%<\/td>\n<\/tr>\n<\/tbody>\n<\/table>","protected":false},"excerpt":{"rendered":"<p>Le moteur CC sans balai \u00e0 aimant permanent de la s\u00e9rie RV \u00e0 ondes carr\u00e9es 120 est con\u00e7u sur mesure pour r\u00e9pondre aux exigences d'efficacit\u00e9 des v\u00e9hicules \u00e0 ch\u00e2ssis chenill\u00e9 et des v\u00e9hicules intelligents sans pilote. Ce moteur se distingue sur le march\u00e9 par son excellent rapport stabilit\u00e9\/efficacit\u00e9 \u00e9nerg\u00e9tique. Il utilise des mat\u00e9riaux avanc\u00e9s pour aimants permanents afin de fournir une puissance de sortie robuste et durable, capable de s'adapter facilement aux terrains montagneux et boueux. Sa conception structurelle compacte garantit une installation facile tout en maintenant un faible niveau de bruit et de vibration pendant le fonctionnement du v\u00e9hicule, offrant ainsi aux utilisateurs une exp\u00e9rience de conduite confortable. Le moteur HuanYu 120 est le choix id\u00e9al pour vos v\u00e9hicules \u00e9lectriques \u00e0 chenilles et vos tondeuses \u00e0 gazon \u00e9lectriques.<\/p>","protected":false},"featured_media":651,"template":"","meta":{"site-sidebar-layout":"default","site-content-layout":"default","ast-site-content-layout":"default","site-content-style":"default","site-sidebar-style":"default","ast-global-header-display":"","ast-banner-title-visibility":"","ast-main-header-display":"","ast-hfb-above-header-display":"","ast-hfb-below-header-display":"","ast-hfb-mobile-header-display":"","site-post-title":"","ast-breadcrumbs-content":"","ast-featured-img":"","footer-sml-layout":"","ast-disable-related-posts":"","theme-transparent-header-meta":"default","adv-header-id-meta":"","stick-header-meta":"","header-above-stick-meta":"","header-main-stick-meta":"","header-below-stick-meta":"","astra-migrate-meta-layouts":"default","ast-page-background-enabled":"default","ast-page-background-meta":{"desktop":{"background-color":"","background-image":"","background-repeat":"repeat","background-position":"center center","background-size":"auto","background-attachment":"scroll","background-type":"","background-media":"","overlay-type":"","overlay-color":"","overlay-opacity":"","overlay-gradient":""},"tablet":{"background-color":"","background-image":"","background-repeat":"repeat","background-position":"center center","background-size":"auto","background-attachment":"scroll","background-type":"","background-media":"","overlay-type":"","overlay-color":"","overlay-opacity":"","overlay-gradient":""},"mobile":{"background-color":"","background-image":"","background-repeat":"repeat","background-position":"center center","background-size":"auto","background-attachment":"scroll","background-type":"","background-media":"","overlay-type":"","overlay-color":"","overlay-opacity":"","overlay-gradient":""}},"ast-content-background-meta":{"desktop":{"background-color":"var(--ast-global-color-5)","background-image":"","background-repeat":"repeat","background-position":"center center","background-size":"auto","background-attachment":"scroll","background-type":"","background-media":"","overlay-type":"","overlay-color":"","overlay-opacity":"","overlay-gradient":""},"tablet":{"background-color":"var(--ast-global-color-5)","background-image":"","background-repeat":"repeat","background-position":"center center","background-size":"auto","background-attachment":"scroll","background-type":"","background-media":"","overlay-type":"","overlay-color":"","overlay-opacity":"","overlay-gradient":""},"mobile":{"background-color":"var(--ast-global-color-5)","background-image":"","background-repeat":"repeat","background-position":"center center","background-size":"auto","background-attachment":"scroll","background-type":"","background-media":"","overlay-type":"","overlay-color":"","overlay-opacity":"","overlay-gradient":""}}},"product_brand":[],"product_cat":[24],"product_tag":[],"class_list":{"0":"post-650","1":"product","2":"type-product","3":"status-publish","4":"has-post-thumbnail","6":"product_cat-permanent-magnet-brushless-dc-motor","7":"desktop-align-left","8":"tablet-align-left","9":"mobile-align-left","10":"ast-product-gallery-layout-vertical-slider","11":"ast-product-tabs-layout-horizontal","13":"first","14":"instock","15":"shipping-taxable","16":"product-type-simple"},"yoast_head":"<!-- This site is optimized with the Yoast SEO plugin v27.4 - https:\/\/yoast.com\/product\/yoast-seo-wordpress\/ -->\n<title>120 Series Special Permanent Magnet DC Brushless Motor for Crawler Chassis Vehicle - Jining Huanzhongyu Electromechanical Co., Ltd.<\/title>\n<meta name=\"robots\" content=\"index, follow, max-snippet:-1, max-image-preview:large, max-video-preview:-1\" \/>\n<link rel=\"canonical\" href=\"https:\/\/www.huanyumotor.com\/fr\/produit\/120-series-special-permanent-magnet-dc-brushless-motor-for-crawler-chassis-vehicle\/\" \/>\n<meta property=\"og:locale\" content=\"fr_FR\" \/>\n<meta property=\"og:type\" content=\"article\" \/>\n<meta property=\"og:title\" content=\"120 Series Special Permanent Magnet DC Brushless Motor for Crawler Chassis Vehicle - Jining Huanzhongyu Electromechanical Co., Ltd.\" \/>\n<meta property=\"og:description\" content=\"The RV series 120 square wave permanent magnet brushless DC motor is custom-designed for the efficient requirements of tracked chassis vehicles and unmanned intelligent vehicles. This motor stands out in the market for its excellent stability and energy efficiency ratio. It uses advanced permanent magnet materials to provide robust and durable power output, easily handling mountainous and muddy terrains. Its compact structural design ensures easy installation while maintaining low noise and vibration during vehicle operation, providing users with a comfortable driving experience. The HuanYu 120 permanent magnet brushless DC motor is the ideal choice for your electric tracked vehicles and electric lawn mowers.\" \/>\n<meta property=\"og:url\" content=\"https:\/\/www.huanyumotor.com\/fr\/produit\/120-series-special-permanent-magnet-dc-brushless-motor-for-crawler-chassis-vehicle\/\" \/>\n<meta property=\"og:site_name\" content=\"Jining Huanzhongyu Electromechanical Co., Ltd.\" \/>\n<meta property=\"article:publisher\" content=\"https:\/\/www.facebook.com\/profile.php?id=61579475484242&amp;sk=grid\" \/>\n<meta property=\"og:image\" content=\"https:\/\/www.huanyumotor.com\/wp-content\/uploads\/2025\/11\/9_1.jpg\" \/>\n\t<meta property=\"og:image:width\" content=\"800\" \/>\n\t<meta property=\"og:image:height\" content=\"800\" \/>\n\t<meta property=\"og:image:type\" content=\"image\/jpeg\" \/>\n<meta name=\"twitter:card\" content=\"summary_large_image\" \/>\n<meta name=\"twitter:label1\" content=\"Dur\u00e9e de lecture estim\u00e9e\" \/>\n\t<meta name=\"twitter:data1\" content=\"1 minute\" \/>\n<script type=\"application\/ld+json\" class=\"yoast-schema-graph\">{\"@context\":\"https:\\\/\\\/schema.org\",\"@graph\":[{\"@type\":\"WebPage\",\"@id\":\"https:\\\/\\\/www.huanyumotor.com\\\/product\\\/120-series-special-permanent-magnet-dc-brushless-motor-for-crawler-chassis-vehicle\\\/\",\"url\":\"https:\\\/\\\/www.huanyumotor.com\\\/product\\\/120-series-special-permanent-magnet-dc-brushless-motor-for-crawler-chassis-vehicle\\\/\",\"name\":\"120 Series Special Permanent Magnet DC Brushless Motor for Crawler Chassis Vehicle - Jining Huanzhongyu Electromechanical Co., Ltd.\",\"isPartOf\":{\"@id\":\"https:\\\/\\\/www.huanyumotor.com\\\/#website\"},\"primaryImageOfPage\":{\"@id\":\"https:\\\/\\\/www.huanyumotor.com\\\/product\\\/120-series-special-permanent-magnet-dc-brushless-motor-for-crawler-chassis-vehicle\\\/#primaryimage\"},\"image\":{\"@id\":\"https:\\\/\\\/www.huanyumotor.com\\\/product\\\/120-series-special-permanent-magnet-dc-brushless-motor-for-crawler-chassis-vehicle\\\/#primaryimage\"},\"thumbnailUrl\":\"https:\\\/\\\/www.huanyumotor.com\\\/wp-content\\\/uploads\\\/2025\\\/11\\\/9_1.jpg\",\"datePublished\":\"2025-11-12T02:31:54+00:00\",\"breadcrumb\":{\"@id\":\"https:\\\/\\\/www.huanyumotor.com\\\/product\\\/120-series-special-permanent-magnet-dc-brushless-motor-for-crawler-chassis-vehicle\\\/#breadcrumb\"},\"inLanguage\":\"fr-FR\",\"potentialAction\":[{\"@type\":\"ReadAction\",\"target\":[\"https:\\\/\\\/www.huanyumotor.com\\\/product\\\/120-series-special-permanent-magnet-dc-brushless-motor-for-crawler-chassis-vehicle\\\/\"]}]},{\"@type\":\"ImageObject\",\"inLanguage\":\"fr-FR\",\"@id\":\"https:\\\/\\\/www.huanyumotor.com\\\/product\\\/120-series-special-permanent-magnet-dc-brushless-motor-for-crawler-chassis-vehicle\\\/#primaryimage\",\"url\":\"https:\\\/\\\/www.huanyumotor.com\\\/wp-content\\\/uploads\\\/2025\\\/11\\\/9_1.jpg\",\"contentUrl\":\"https:\\\/\\\/www.huanyumotor.com\\\/wp-content\\\/uploads\\\/2025\\\/11\\\/9_1.jpg\",\"width\":800,\"height\":800},{\"@type\":\"BreadcrumbList\",\"@id\":\"https:\\\/\\\/www.huanyumotor.com\\\/product\\\/120-series-special-permanent-magnet-dc-brushless-motor-for-crawler-chassis-vehicle\\\/#breadcrumb\",\"itemListElement\":[{\"@type\":\"ListItem\",\"position\":1,\"name\":\"\u9996\u9875\",\"item\":\"https:\\\/\\\/www.huanyumotor.com\\\/\"},{\"@type\":\"ListItem\",\"position\":2,\"name\":\"Products\",\"item\":\"https:\\\/\\\/www.huanyumotor.com\\\/products\\\/\"},{\"@type\":\"ListItem\",\"position\":3,\"name\":\"120 Series Special Permanent Magnet DC Brushless Motor for Crawler Chassis Vehicle\"}]},{\"@type\":\"WebSite\",\"@id\":\"https:\\\/\\\/www.huanyumotor.com\\\/#website\",\"url\":\"https:\\\/\\\/www.huanyumotor.com\\\/\",\"name\":\"Jining Huanzhongyu Electromechanical Co., Ltd.\",\"description\":\"\",\"publisher\":{\"@id\":\"https:\\\/\\\/www.huanyumotor.com\\\/#organization\"},\"potentialAction\":[{\"@type\":\"SearchAction\",\"target\":{\"@type\":\"EntryPoint\",\"urlTemplate\":\"https:\\\/\\\/www.huanyumotor.com\\\/?s={search_term_string}\"},\"query-input\":{\"@type\":\"PropertyValueSpecification\",\"valueRequired\":true,\"valueName\":\"search_term_string\"}}],\"inLanguage\":\"fr-FR\"},{\"@type\":\"Organization\",\"@id\":\"https:\\\/\\\/www.huanyumotor.com\\\/#organization\",\"name\":\"Jining Huanzhongyu Electromechanical Co., Ltd.\",\"url\":\"https:\\\/\\\/www.huanyumotor.com\\\/\",\"logo\":{\"@type\":\"ImageObject\",\"inLanguage\":\"fr-FR\",\"@id\":\"https:\\\/\\\/www.huanyumotor.com\\\/#\\\/schema\\\/logo\\\/image\\\/\",\"url\":\"https:\\\/\\\/www.huanyumotor.com\\\/wp-content\\\/uploads\\\/2025\\\/11\\\/logo.webp\",\"contentUrl\":\"https:\\\/\\\/www.huanyumotor.com\\\/wp-content\\\/uploads\\\/2025\\\/11\\\/logo.webp\",\"width\":468,\"height\":242,\"caption\":\"Jining Huanzhongyu Electromechanical Co., Ltd.\"},\"image\":{\"@id\":\"https:\\\/\\\/www.huanyumotor.com\\\/#\\\/schema\\\/logo\\\/image\\\/\"},\"sameAs\":[\"https:\\\/\\\/www.facebook.com\\\/profile.php?id=61579475484242&sk=grid\"]}]}<\/script>\n<!-- \/ Yoast SEO plugin. -->","yoast_head_json":{"title":"120 Series Special Permanent Magnet DC Brushless Motor for Crawler Chassis Vehicle - Jining Huanzhongyu Electromechanical Co., Ltd.","robots":{"index":"index","follow":"follow","max-snippet":"max-snippet:-1","max-image-preview":"max-image-preview:large","max-video-preview":"max-video-preview:-1"},"canonical":"https:\/\/www.huanyumotor.com\/fr\/produit\/120-series-special-permanent-magnet-dc-brushless-motor-for-crawler-chassis-vehicle\/","og_locale":"fr_FR","og_type":"article","og_title":"120 Series Special Permanent Magnet DC Brushless Motor for Crawler Chassis Vehicle - Jining Huanzhongyu Electromechanical Co., Ltd.","og_description":"The RV series 120 square wave permanent magnet brushless DC motor is custom-designed for the efficient requirements of tracked chassis vehicles and unmanned intelligent vehicles. This motor stands out in the market for its excellent stability and energy efficiency ratio. It uses advanced permanent magnet materials to provide robust and durable power output, easily handling mountainous and muddy terrains. Its compact structural design ensures easy installation while maintaining low noise and vibration during vehicle operation, providing users with a comfortable driving experience. The HuanYu 120 permanent magnet brushless DC motor is the ideal choice for your electric tracked vehicles and electric lawn mowers.","og_url":"https:\/\/www.huanyumotor.com\/fr\/produit\/120-series-special-permanent-magnet-dc-brushless-motor-for-crawler-chassis-vehicle\/","og_site_name":"Jining Huanzhongyu Electromechanical Co., Ltd.","article_publisher":"https:\/\/www.facebook.com\/profile.php?id=61579475484242&sk=grid","og_image":[{"width":800,"height":800,"url":"https:\/\/www.huanyumotor.com\/wp-content\/uploads\/2025\/11\/9_1.jpg","type":"image\/jpeg"}],"twitter_card":"summary_large_image","twitter_misc":{"Dur\u00e9e de lecture estim\u00e9e":"1 minute"},"schema":{"@context":"https:\/\/schema.org","@graph":[{"@type":"WebPage","@id":"https:\/\/www.huanyumotor.com\/product\/120-series-special-permanent-magnet-dc-brushless-motor-for-crawler-chassis-vehicle\/","url":"https:\/\/www.huanyumotor.com\/product\/120-series-special-permanent-magnet-dc-brushless-motor-for-crawler-chassis-vehicle\/","name":"120 Series Special Permanent Magnet DC Brushless Motor for Crawler Chassis Vehicle - Jining Huanzhongyu Electromechanical Co., Ltd.","isPartOf":{"@id":"https:\/\/www.huanyumotor.com\/#website"},"primaryImageOfPage":{"@id":"https:\/\/www.huanyumotor.com\/product\/120-series-special-permanent-magnet-dc-brushless-motor-for-crawler-chassis-vehicle\/#primaryimage"},"image":{"@id":"https:\/\/www.huanyumotor.com\/product\/120-series-special-permanent-magnet-dc-brushless-motor-for-crawler-chassis-vehicle\/#primaryimage"},"thumbnailUrl":"https:\/\/www.huanyumotor.com\/wp-content\/uploads\/2025\/11\/9_1.jpg","datePublished":"2025-11-12T02:31:54+00:00","breadcrumb":{"@id":"https:\/\/www.huanyumotor.com\/product\/120-series-special-permanent-magnet-dc-brushless-motor-for-crawler-chassis-vehicle\/#breadcrumb"},"inLanguage":"fr-FR","potentialAction":[{"@type":"ReadAction","target":["https:\/\/www.huanyumotor.com\/product\/120-series-special-permanent-magnet-dc-brushless-motor-for-crawler-chassis-vehicle\/"]}]},{"@type":"ImageObject","inLanguage":"fr-FR","@id":"https:\/\/www.huanyumotor.com\/product\/120-series-special-permanent-magnet-dc-brushless-motor-for-crawler-chassis-vehicle\/#primaryimage","url":"https:\/\/www.huanyumotor.com\/wp-content\/uploads\/2025\/11\/9_1.jpg","contentUrl":"https:\/\/www.huanyumotor.com\/wp-content\/uploads\/2025\/11\/9_1.jpg","width":800,"height":800},{"@type":"BreadcrumbList","@id":"https:\/\/www.huanyumotor.com\/product\/120-series-special-permanent-magnet-dc-brushless-motor-for-crawler-chassis-vehicle\/#breadcrumb","itemListElement":[{"@type":"ListItem","position":1,"name":"\u9996\u9875","item":"https:\/\/www.huanyumotor.com\/"},{"@type":"ListItem","position":2,"name":"Products","item":"https:\/\/www.huanyumotor.com\/products\/"},{"@type":"ListItem","position":3,"name":"120 Series Special Permanent Magnet DC Brushless Motor for Crawler Chassis Vehicle"}]},{"@type":"WebSite","@id":"https:\/\/www.huanyumotor.com\/#website","url":"https:\/\/www.huanyumotor.com\/","name":"Jining Huanzhongyu Electromechanical Co, Ltd.","description":"","publisher":{"@id":"https:\/\/www.huanyumotor.com\/#organization"},"potentialAction":[{"@type":"SearchAction","target":{"@type":"EntryPoint","urlTemplate":"https:\/\/www.huanyumotor.com\/?s={search_term_string}"},"query-input":{"@type":"PropertyValueSpecification","valueRequired":true,"valueName":"search_term_string"}}],"inLanguage":"fr-FR"},{"@type":"Organization","@id":"https:\/\/www.huanyumotor.com\/#organization","name":"Jining Huanzhongyu Electromechanical Co, Ltd.","url":"https:\/\/www.huanyumotor.com\/","logo":{"@type":"ImageObject","inLanguage":"fr-FR","@id":"https:\/\/www.huanyumotor.com\/#\/schema\/logo\/image\/","url":"https:\/\/www.huanyumotor.com\/wp-content\/uploads\/2025\/11\/logo.webp","contentUrl":"https:\/\/www.huanyumotor.com\/wp-content\/uploads\/2025\/11\/logo.webp","width":468,"height":242,"caption":"Jining Huanzhongyu Electromechanical Co., Ltd."},"image":{"@id":"https:\/\/www.huanyumotor.com\/#\/schema\/logo\/image\/"},"sameAs":["https:\/\/www.facebook.com\/profile.php?id=61579475484242&sk=grid"]}]}},"_links":{"self":[{"href":"https:\/\/www.huanyumotor.com\/fr\/wp-json\/wp\/v2\/product\/650","targetHints":{"allow":["GET"]}}],"collection":[{"href":"https:\/\/www.huanyumotor.com\/fr\/wp-json\/wp\/v2\/product"}],"about":[{"href":"https:\/\/www.huanyumotor.com\/fr\/wp-json\/wp\/v2\/types\/product"}],"wp:featuredmedia":[{"embeddable":true,"href":"https:\/\/www.huanyumotor.com\/fr\/wp-json\/wp\/v2\/media\/651"}],"wp:attachment":[{"href":"https:\/\/www.huanyumotor.com\/fr\/wp-json\/wp\/v2\/media?parent=650"}],"wp:term":[{"taxonomy":"product_brand","embeddable":true,"href":"https:\/\/www.huanyumotor.com\/fr\/wp-json\/wp\/v2\/product_brand?post=650"},{"taxonomy":"product_cat","embeddable":true,"href":"https:\/\/www.huanyumotor.com\/fr\/wp-json\/wp\/v2\/product_cat?post=650"},{"taxonomy":"product_tag","embeddable":true,"href":"https:\/\/www.huanyumotor.com\/fr\/wp-json\/wp\/v2\/product_tag?post=650"}],"curies":[{"name":"wp","href":"https:\/\/api.w.org\/{rel}","templated":true}]}}