{"id":653,"date":"2025-11-12T10:32:47","date_gmt":"2025-11-12T02:32:47","guid":{"rendered":"http:\/\/www.huanyumotor.com\/?post_type=product&#038;p=653"},"modified":"2025-11-12T10:32:47","modified_gmt":"2025-11-12T02:32:47","slug":"120-permanent-magnet-synchronous-motor","status":"publish","type":"product","link":"https:\/\/www.huanyumotor.com\/fr\/produit\/120-permanent-magnet-synchronous-motor\/","title":{"rendered":"120 Moteur synchrone \u00e0 aimant permanent"},"content":{"rendered":"<p>Pr\u00e9sentation du produit<br \/>\nLe moteur synchrone \u00e0 aimant permanent HuanYu 120 est sp\u00e9cialement con\u00e7u pour r\u00e9pondre aux exigences d'efficacit\u00e9 des tricycles \u00e9lectriques, des wagons couverts, des v\u00e9hicules de loisirs et des charrettes manuelles. Ce moteur se distingue sur le march\u00e9 par sa stabilit\u00e9 exceptionnelle et son rendement \u00e9nerg\u00e9tique \u00e9lev\u00e9. \u00c9quip\u00e9 de mat\u00e9riaux avanc\u00e9s pour aimants permanents, il d\u00e9livre une puissance durable, permettant de g\u00e9rer sans effort les trajets quotidiens et les d\u00e9placements sur de courtes distances.<br \/>\nSa conception structurelle compacte garantit une installation facile tout en maintenant un faible niveau de bruit et de vibration pendant le fonctionnement du v\u00e9hicule, offrant ainsi aux utilisateurs une exp\u00e9rience de conduite confortable. Le moteur synchrone \u00e0 aimant permanent HuanYu 120 est le choix id\u00e9al pour r\u00e9pondre \u00e0 vos besoins en mati\u00e8re de mobilit\u00e9 \u00e9lectrique.<br \/>\nAvantages du produit<br \/>\n1. D\u00e9marrage en douceur et faible bruit :<br \/>\nLa m\u00e9thode de d\u00e9marrage par affaiblissement du champ combin\u00e9e \u00e0 la technologie de contr\u00f4le de l'onde sinuso\u00efdale garantit un minimum de chocs ou de bruit lors du d\u00e9marrage du moteur, cr\u00e9ant ainsi un environnement de conduite silencieux et confortable.<br \/>\n2. Rendement \u00e9nerg\u00e9tique \u00e9lev\u00e9 et autonomie accrue :<br \/>\nPar rapport aux moteurs classiques \u00e0 ondes carr\u00e9es, la r\u00e9duction significative du courant transitoire se traduit par une plus grande efficacit\u00e9 \u00e9nerg\u00e9tique dans des conditions identiques, ce qui permet d'augmenter consid\u00e9rablement l'autonomie des v\u00e9hicules pour r\u00e9pondre aux exigences des d\u00e9placements sur de longues distances.<br \/>\n3. Forte puissance et capacit\u00e9 sup\u00e9rieure \u00e0 gravir les collines :<br \/>\nLa conception de l'aimant permanent int\u00e9gr\u00e9 am\u00e9liore la force du champ magn\u00e9tique, fournissant une puissance de sortie puissante qui permet aux v\u00e9hicules d'affronter facilement les pentes raides.<\/p>\n<p>4. Faible ondulation du couple et r\u00e9ponse dynamique rapide :<br \/>\nLe contr\u00f4le de l'onde sinuso\u00efdale minimise efficacement l'ondulation du couple, garantissant une distribution de puissance r\u00e9guli\u00e8re et sans \u00e0-coups.<br \/>\nEn outre, la capacit\u00e9 de r\u00e9ponse rapide du moteur permet d'ex\u00e9cuter rapidement les commandes du conducteur, ce qui am\u00e9liore la flexibilit\u00e9 et la s\u00e9curit\u00e9 de la conduite.<\/p>\n<p>5. Stabilit\u00e9 \u00e9lev\u00e9e et production minimale de chaleur :<br \/>\nLe moteur pr\u00e9sente une faible augmentation de temp\u00e9rature pendant un fonctionnement prolong\u00e9, ce qui garantit des performances stables dans des conditions difficiles et prolonge la dur\u00e9e de vie.<\/p>\n<table width=\"701\">\n<tbody>\n<tr>\n<td colspan=\"4\" width=\"701\">Param\u00e8tres de sp\u00e9cification du produit<\/td>\n<\/tr>\n<tr>\n<td width=\"129\">tension nominale<\/td>\n<td width=\"224\">48V~72V<\/td>\n<td width=\"151\">puissance nominale<\/td>\n<td width=\"197\">350W~1800W<\/td>\n<\/tr>\n<tr>\n<td width=\"129\">couple de pointe<\/td>\n<td width=\"224\">11N.m~40N.m<\/td>\n<td width=\"151\">vitesse nominale<\/td>\n<td width=\"197\">2500rpm~3500rpm<\/td>\n<\/tr>\n<tr>\n<td width=\"129\">hauteur du rotor<\/td>\n<td width=\"224\">25mm~70mm<\/td>\n<td width=\"151\">Qualit\u00e9 de l'aimant<\/td>\n<td width=\"197\">38H<\/td>\n<\/tr>\n<tr>\n<td width=\"129\">Couleur du moteur<\/td>\n<td width=\"224\">Argent, Noir<\/td>\n<td width=\"151\">arbre du moteur<\/td>\n<td width=\"197\">Engrenage ext\u00e9rieur 16 dents, engrenage int\u00e9rieur 14 dents<\/td>\n<\/tr>\n<tr>\n<td width=\"129\">classification thermique<\/td>\n<td width=\"224\">F<\/td>\n<td width=\"151\">capteur de position<\/td>\n<td width=\"197\">Hall (6 broches)<\/td>\n<\/tr>\n<tr>\n<td width=\"129\">Niveau de protection<\/td>\n<td width=\"224\">IP54<\/td>\n<td width=\"151\">M\u00e9thode de contr\u00f4le<\/td>\n<td width=\"197\">Commande vectorielle sinuso\u00efdale<\/td>\n<\/tr>\n<tr>\n<td width=\"129\">\u00a0 paire polaire<\/td>\n<td width=\"224\">5<\/td>\n<td width=\"151\">syst\u00e8me de travail<\/td>\n<td width=\"197\">S2 60 min\uff08350W~1000W\uff09\/S9\uff081200W~1500W\uff09<\/td>\n<\/tr>\n<\/tbody>\n<\/table>\n<p>Environnement de fonctionnement du produit<\/p>\n<table style=\"border-collapse: collapse; width: 264.77pt;\" border=\"0\" width=\"353\" cellspacing=\"0\" cellpadding=\"0\">\n<tbody>\n<tr style=\"height: 51.75pt;\">\n<td class=\"et2\" style=\"height: 51.75pt; width: 96.75pt;\" width=\"129\" height=\"69\">Plage de temp\u00e9rature de stockage<\/td>\n<td class=\"et2\" style=\"width: 168.00pt;\" width=\"224\">-40\u2103\uff5e85\u2103<\/td>\n<\/tr>\n<tr style=\"height: 51.75pt;\">\n<td class=\"et2\" style=\"height: 51.75pt; width: 96.75pt;\" width=\"129\" height=\"69\">Plage de temp\u00e9rature de travail<\/td>\n<td class=\"et2\" style=\"width: 168.00pt;\" width=\"224\">motor\uff1a-40\u2103\uff5e55\u2103<\/td>\n<\/tr>\n<tr style=\"height: 17.25pt;\">\n<td class=\"et2\" style=\"height: 17.25pt; width: 96.75pt;\" width=\"129\" height=\"23\">l'humidit\u00e9<\/td>\n<td class=\"et2\" style=\"width: 168.00pt;\" width=\"224\">0\uff5e95%<\/td>\n<\/tr>\n<\/tbody>\n<\/table>","protected":false},"excerpt":{"rendered":"<p>Le moteur synchrone \u00e0 aimant permanent HuanYu 120 est sp\u00e9cialement con\u00e7u pour r\u00e9pondre aux exigences d'efficacit\u00e9 des tricycles \u00e9lectriques, des wagons couverts, des v\u00e9hicules de loisirs et des charrettes manuelles. Ce moteur se distingue sur le march\u00e9 par sa stabilit\u00e9 exceptionnelle et son rendement \u00e9nerg\u00e9tique \u00e9lev\u00e9. \u00c9quip\u00e9 de mat\u00e9riaux avanc\u00e9s pour aimants permanents, il d\u00e9livre une puissance durable, permettant de g\u00e9rer sans effort les trajets quotidiens et les d\u00e9placements sur de courtes distances.<\/p>","protected":false},"featured_media":654,"template":"","meta":{"site-sidebar-layout":"default","site-content-layout":"default","ast-site-content-layout":"default","site-content-style":"default","site-sidebar-style":"default","ast-global-header-display":"","ast-banner-title-visibility":"","ast-main-header-display":"","ast-hfb-above-header-display":"","ast-hfb-below-header-display":"","ast-hfb-mobile-header-display":"","site-post-title":"","ast-breadcrumbs-content":"","ast-featured-img":"","footer-sml-layout":"","ast-disable-related-posts":"","theme-transparent-header-meta":"default","adv-header-id-meta":"","stick-header-meta":"","header-above-stick-meta":"","header-main-stick-meta":"","header-below-stick-meta":"","astra-migrate-meta-layouts":"default","ast-page-background-enabled":"default","ast-page-background-meta":{"desktop":{"background-color":"","background-image":"","background-repeat":"repeat","background-position":"center center","background-size":"auto","background-attachment":"scroll","background-type":"","background-media":"","overlay-type":"","overlay-color":"","overlay-opacity":"","overlay-gradient":""},"tablet":{"background-color":"","background-image":"","background-repeat":"repeat","background-position":"center center","background-size":"auto","background-attachment":"scroll","background-type":"","background-media":"","overlay-type":"","overlay-color":"","overlay-opacity":"","overlay-gradient":""},"mobile":{"background-color":"","background-image":"","background-repeat":"repeat","background-position":"center center","background-size":"auto","background-attachment":"scroll","background-type":"","background-media":"","overlay-type":"","overlay-color":"","overlay-opacity":"","overlay-gradient":""}},"ast-content-background-meta":{"desktop":{"background-color":"var(--ast-global-color-5)","background-image":"","background-repeat":"repeat","background-position":"center center","background-size":"auto","background-attachment":"scroll","background-type":"","background-media":"","overlay-type":"","overlay-color":"","overlay-opacity":"","overlay-gradient":""},"tablet":{"background-color":"var(--ast-global-color-5)","background-image":"","background-repeat":"repeat","background-position":"center center","background-size":"auto","background-attachment":"scroll","background-type":"","background-media":"","overlay-type":"","overlay-color":"","overlay-opacity":"","overlay-gradient":""},"mobile":{"background-color":"var(--ast-global-color-5)","background-image":"","background-repeat":"repeat","background-position":"center center","background-size":"auto","background-attachment":"scroll","background-type":"","background-media":"","overlay-type":"","overlay-color":"","overlay-opacity":"","overlay-gradient":""}}},"product_brand":[],"product_cat":[24],"product_tag":[],"class_list":{"0":"post-653","1":"product","2":"type-product","3":"status-publish","4":"has-post-thumbnail","6":"product_cat-permanent-magnet-brushless-dc-motor","7":"desktop-align-left","8":"tablet-align-left","9":"mobile-align-left","10":"ast-product-gallery-layout-vertical-slider","11":"ast-product-tabs-layout-horizontal","13":"first","14":"instock","15":"shipping-taxable","16":"product-type-simple"},"yoast_head":"<!-- This site is optimized with the Yoast SEO plugin v27.4 - https:\/\/yoast.com\/product\/yoast-seo-wordpress\/ -->\n<title>120 Permanent Magnet Synchronous Motor - Jining Huanzhongyu Electromechanical Co., Ltd.<\/title>\n<meta name=\"robots\" content=\"index, follow, max-snippet:-1, max-image-preview:large, max-video-preview:-1\" \/>\n<link rel=\"canonical\" href=\"https:\/\/www.huanyumotor.com\/fr\/produit\/120-permanent-magnet-synchronous-motor\/\" \/>\n<meta property=\"og:locale\" content=\"fr_FR\" \/>\n<meta property=\"og:type\" content=\"article\" \/>\n<meta property=\"og:title\" content=\"120 Permanent Magnet Synchronous Motor - Jining Huanzhongyu Electromechanical Co., Ltd.\" \/>\n<meta property=\"og:description\" content=\"The HuanYu 120 permanent magnet synchronous motor is specifically designed to meet the efficiency demands of electric tricycles, covered wagons, leisure vehicles, and manual carts. This motor stands out in the market with its exceptional stability and high energy efficiency ratio. Equipped with advanced permanent magnet materials, it delivers durable power output, effortlessly handling daily commuting and short-distance travel.\" \/>\n<meta property=\"og:url\" content=\"https:\/\/www.huanyumotor.com\/fr\/produit\/120-permanent-magnet-synchronous-motor\/\" \/>\n<meta property=\"og:site_name\" content=\"Jining Huanzhongyu Electromechanical Co., Ltd.\" \/>\n<meta property=\"article:publisher\" content=\"https:\/\/www.facebook.com\/profile.php?id=61579475484242&amp;sk=grid\" \/>\n<meta property=\"og:image\" content=\"https:\/\/www.huanyumotor.com\/wp-content\/uploads\/2025\/11\/8_1.jpg\" \/>\n\t<meta property=\"og:image:width\" content=\"800\" \/>\n\t<meta property=\"og:image:height\" content=\"800\" \/>\n\t<meta property=\"og:image:type\" content=\"image\/jpeg\" \/>\n<meta name=\"twitter:card\" content=\"summary_large_image\" \/>\n<meta name=\"twitter:label1\" content=\"Dur\u00e9e de lecture estim\u00e9e\" \/>\n\t<meta name=\"twitter:data1\" content=\"2 minutes\" \/>\n<script type=\"application\/ld+json\" class=\"yoast-schema-graph\">{\"@context\":\"https:\\\/\\\/schema.org\",\"@graph\":[{\"@type\":\"WebPage\",\"@id\":\"https:\\\/\\\/www.huanyumotor.com\\\/product\\\/120-permanent-magnet-synchronous-motor\\\/\",\"url\":\"https:\\\/\\\/www.huanyumotor.com\\\/product\\\/120-permanent-magnet-synchronous-motor\\\/\",\"name\":\"120 Permanent Magnet Synchronous Motor - Jining Huanzhongyu Electromechanical Co., Ltd.\",\"isPartOf\":{\"@id\":\"https:\\\/\\\/www.huanyumotor.com\\\/#website\"},\"primaryImageOfPage\":{\"@id\":\"https:\\\/\\\/www.huanyumotor.com\\\/product\\\/120-permanent-magnet-synchronous-motor\\\/#primaryimage\"},\"image\":{\"@id\":\"https:\\\/\\\/www.huanyumotor.com\\\/product\\\/120-permanent-magnet-synchronous-motor\\\/#primaryimage\"},\"thumbnailUrl\":\"https:\\\/\\\/www.huanyumotor.com\\\/wp-content\\\/uploads\\\/2025\\\/11\\\/8_1.jpg\",\"datePublished\":\"2025-11-12T02:32:47+00:00\",\"breadcrumb\":{\"@id\":\"https:\\\/\\\/www.huanyumotor.com\\\/product\\\/120-permanent-magnet-synchronous-motor\\\/#breadcrumb\"},\"inLanguage\":\"fr-FR\",\"potentialAction\":[{\"@type\":\"ReadAction\",\"target\":[\"https:\\\/\\\/www.huanyumotor.com\\\/product\\\/120-permanent-magnet-synchronous-motor\\\/\"]}]},{\"@type\":\"ImageObject\",\"inLanguage\":\"fr-FR\",\"@id\":\"https:\\\/\\\/www.huanyumotor.com\\\/product\\\/120-permanent-magnet-synchronous-motor\\\/#primaryimage\",\"url\":\"https:\\\/\\\/www.huanyumotor.com\\\/wp-content\\\/uploads\\\/2025\\\/11\\\/8_1.jpg\",\"contentUrl\":\"https:\\\/\\\/www.huanyumotor.com\\\/wp-content\\\/uploads\\\/2025\\\/11\\\/8_1.jpg\",\"width\":800,\"height\":800},{\"@type\":\"BreadcrumbList\",\"@id\":\"https:\\\/\\\/www.huanyumotor.com\\\/product\\\/120-permanent-magnet-synchronous-motor\\\/#breadcrumb\",\"itemListElement\":[{\"@type\":\"ListItem\",\"position\":1,\"name\":\"\u9996\u9875\",\"item\":\"https:\\\/\\\/www.huanyumotor.com\\\/\"},{\"@type\":\"ListItem\",\"position\":2,\"name\":\"Products\",\"item\":\"https:\\\/\\\/www.huanyumotor.com\\\/products\\\/\"},{\"@type\":\"ListItem\",\"position\":3,\"name\":\"120 Permanent Magnet Synchronous Motor\"}]},{\"@type\":\"WebSite\",\"@id\":\"https:\\\/\\\/www.huanyumotor.com\\\/#website\",\"url\":\"https:\\\/\\\/www.huanyumotor.com\\\/\",\"name\":\"Jining Huanzhongyu Electromechanical Co., Ltd.\",\"description\":\"\",\"publisher\":{\"@id\":\"https:\\\/\\\/www.huanyumotor.com\\\/#organization\"},\"potentialAction\":[{\"@type\":\"SearchAction\",\"target\":{\"@type\":\"EntryPoint\",\"urlTemplate\":\"https:\\\/\\\/www.huanyumotor.com\\\/?s={search_term_string}\"},\"query-input\":{\"@type\":\"PropertyValueSpecification\",\"valueRequired\":true,\"valueName\":\"search_term_string\"}}],\"inLanguage\":\"fr-FR\"},{\"@type\":\"Organization\",\"@id\":\"https:\\\/\\\/www.huanyumotor.com\\\/#organization\",\"name\":\"Jining Huanzhongyu Electromechanical Co., Ltd.\",\"url\":\"https:\\\/\\\/www.huanyumotor.com\\\/\",\"logo\":{\"@type\":\"ImageObject\",\"inLanguage\":\"fr-FR\",\"@id\":\"https:\\\/\\\/www.huanyumotor.com\\\/#\\\/schema\\\/logo\\\/image\\\/\",\"url\":\"https:\\\/\\\/www.huanyumotor.com\\\/wp-content\\\/uploads\\\/2025\\\/11\\\/logo.webp\",\"contentUrl\":\"https:\\\/\\\/www.huanyumotor.com\\\/wp-content\\\/uploads\\\/2025\\\/11\\\/logo.webp\",\"width\":468,\"height\":242,\"caption\":\"Jining Huanzhongyu Electromechanical Co., Ltd.\"},\"image\":{\"@id\":\"https:\\\/\\\/www.huanyumotor.com\\\/#\\\/schema\\\/logo\\\/image\\\/\"},\"sameAs\":[\"https:\\\/\\\/www.facebook.com\\\/profile.php?id=61579475484242&sk=grid\"]}]}<\/script>\n<!-- \/ Yoast SEO plugin. -->","yoast_head_json":{"title":"120 Permanent Magnet Synchronous Motor - Jining Huanzhongyu Electromechanical Co., Ltd.","robots":{"index":"index","follow":"follow","max-snippet":"max-snippet:-1","max-image-preview":"max-image-preview:large","max-video-preview":"max-video-preview:-1"},"canonical":"https:\/\/www.huanyumotor.com\/fr\/produit\/120-permanent-magnet-synchronous-motor\/","og_locale":"fr_FR","og_type":"article","og_title":"120 Permanent Magnet Synchronous Motor - Jining Huanzhongyu Electromechanical Co., Ltd.","og_description":"The HuanYu 120 permanent magnet synchronous motor is specifically designed to meet the efficiency demands of electric tricycles, covered wagons, leisure vehicles, and manual carts. This motor stands out in the market with its exceptional stability and high energy efficiency ratio. Equipped with advanced permanent magnet materials, it delivers durable power output, effortlessly handling daily commuting and short-distance travel.","og_url":"https:\/\/www.huanyumotor.com\/fr\/produit\/120-permanent-magnet-synchronous-motor\/","og_site_name":"Jining Huanzhongyu Electromechanical Co., Ltd.","article_publisher":"https:\/\/www.facebook.com\/profile.php?id=61579475484242&sk=grid","og_image":[{"width":800,"height":800,"url":"https:\/\/www.huanyumotor.com\/wp-content\/uploads\/2025\/11\/8_1.jpg","type":"image\/jpeg"}],"twitter_card":"summary_large_image","twitter_misc":{"Dur\u00e9e de lecture estim\u00e9e":"2 minutes"},"schema":{"@context":"https:\/\/schema.org","@graph":[{"@type":"WebPage","@id":"https:\/\/www.huanyumotor.com\/product\/120-permanent-magnet-synchronous-motor\/","url":"https:\/\/www.huanyumotor.com\/product\/120-permanent-magnet-synchronous-motor\/","name":"120 Permanent Magnet Synchronous Motor - Jining Huanzhongyu Electromechanical Co., Ltd.","isPartOf":{"@id":"https:\/\/www.huanyumotor.com\/#website"},"primaryImageOfPage":{"@id":"https:\/\/www.huanyumotor.com\/product\/120-permanent-magnet-synchronous-motor\/#primaryimage"},"image":{"@id":"https:\/\/www.huanyumotor.com\/product\/120-permanent-magnet-synchronous-motor\/#primaryimage"},"thumbnailUrl":"https:\/\/www.huanyumotor.com\/wp-content\/uploads\/2025\/11\/8_1.jpg","datePublished":"2025-11-12T02:32:47+00:00","breadcrumb":{"@id":"https:\/\/www.huanyumotor.com\/product\/120-permanent-magnet-synchronous-motor\/#breadcrumb"},"inLanguage":"fr-FR","potentialAction":[{"@type":"ReadAction","target":["https:\/\/www.huanyumotor.com\/product\/120-permanent-magnet-synchronous-motor\/"]}]},{"@type":"ImageObject","inLanguage":"fr-FR","@id":"https:\/\/www.huanyumotor.com\/product\/120-permanent-magnet-synchronous-motor\/#primaryimage","url":"https:\/\/www.huanyumotor.com\/wp-content\/uploads\/2025\/11\/8_1.jpg","contentUrl":"https:\/\/www.huanyumotor.com\/wp-content\/uploads\/2025\/11\/8_1.jpg","width":800,"height":800},{"@type":"BreadcrumbList","@id":"https:\/\/www.huanyumotor.com\/product\/120-permanent-magnet-synchronous-motor\/#breadcrumb","itemListElement":[{"@type":"ListItem","position":1,"name":"\u9996\u9875","item":"https:\/\/www.huanyumotor.com\/"},{"@type":"ListItem","position":2,"name":"Products","item":"https:\/\/www.huanyumotor.com\/products\/"},{"@type":"ListItem","position":3,"name":"120 Permanent Magnet Synchronous Motor"}]},{"@type":"WebSite","@id":"https:\/\/www.huanyumotor.com\/#website","url":"https:\/\/www.huanyumotor.com\/","name":"Jining Huanzhongyu Electromechanical Co, Ltd.","description":"","publisher":{"@id":"https:\/\/www.huanyumotor.com\/#organization"},"potentialAction":[{"@type":"SearchAction","target":{"@type":"EntryPoint","urlTemplate":"https:\/\/www.huanyumotor.com\/?s={search_term_string}"},"query-input":{"@type":"PropertyValueSpecification","valueRequired":true,"valueName":"search_term_string"}}],"inLanguage":"fr-FR"},{"@type":"Organization","@id":"https:\/\/www.huanyumotor.com\/#organization","name":"Jining Huanzhongyu Electromechanical Co, Ltd.","url":"https:\/\/www.huanyumotor.com\/","logo":{"@type":"ImageObject","inLanguage":"fr-FR","@id":"https:\/\/www.huanyumotor.com\/#\/schema\/logo\/image\/","url":"https:\/\/www.huanyumotor.com\/wp-content\/uploads\/2025\/11\/logo.webp","contentUrl":"https:\/\/www.huanyumotor.com\/wp-content\/uploads\/2025\/11\/logo.webp","width":468,"height":242,"caption":"Jining Huanzhongyu Electromechanical Co., Ltd."},"image":{"@id":"https:\/\/www.huanyumotor.com\/#\/schema\/logo\/image\/"},"sameAs":["https:\/\/www.facebook.com\/profile.php?id=61579475484242&sk=grid"]}]}},"_links":{"self":[{"href":"https:\/\/www.huanyumotor.com\/fr\/wp-json\/wp\/v2\/product\/653","targetHints":{"allow":["GET"]}}],"collection":[{"href":"https:\/\/www.huanyumotor.com\/fr\/wp-json\/wp\/v2\/product"}],"about":[{"href":"https:\/\/www.huanyumotor.com\/fr\/wp-json\/wp\/v2\/types\/product"}],"wp:featuredmedia":[{"embeddable":true,"href":"https:\/\/www.huanyumotor.com\/fr\/wp-json\/wp\/v2\/media\/654"}],"wp:attachment":[{"href":"https:\/\/www.huanyumotor.com\/fr\/wp-json\/wp\/v2\/media?parent=653"}],"wp:term":[{"taxonomy":"product_brand","embeddable":true,"href":"https:\/\/www.huanyumotor.com\/fr\/wp-json\/wp\/v2\/product_brand?post=653"},{"taxonomy":"product_cat","embeddable":true,"href":"https:\/\/www.huanyumotor.com\/fr\/wp-json\/wp\/v2\/product_cat?post=653"},{"taxonomy":"product_tag","embeddable":true,"href":"https:\/\/www.huanyumotor.com\/fr\/wp-json\/wp\/v2\/product_tag?post=653"}],"curies":[{"name":"wp","href":"https:\/\/api.w.org\/{rel}","templated":true}]}}