{"id":668,"date":"2025-11-12T10:37:00","date_gmt":"2025-11-12T02:37:00","guid":{"rendered":"http:\/\/www.huanyumotor.com\/?post_type=product&#038;p=668"},"modified":"2025-11-12T10:37:00","modified_gmt":"2025-11-12T02:37:00","slug":"yyb-series-three-phase-oil-pump-motor","status":"publish","type":"product","link":"https:\/\/www.huanyumotor.com\/fr\/produit\/yyb-series-three-phase-oil-pump-motor\/","title":{"rendered":"Moteur de pompe \u00e0 huile triphas\u00e9 de la s\u00e9rie YYB"},"content":{"rendered":"<p>Le moteur asynchrone triphas\u00e9 pour pompe \u00e0 huile de la s\u00e9rie YYB est un produit int\u00e9gr\u00e9 m\u00e9canique-\u00e9lectrique sp\u00e9cialement con\u00e7u pour les syst\u00e8mes hydrauliques. Dot\u00e9 d'une structure d'arbre interne qui permet une connexion directe avec les pompes hydrauliques sans accouplement, il pr\u00e9sente des caract\u00e9ristiques telles qu'une structure compacte, une petite taille, un poids l\u00e9ger, des vibrations minimales, un faible niveau sonore, un rendement \u00e9lev\u00e9 et une longue dur\u00e9e de vie.<br \/>\n**Vue d'ensemble du produit**<br \/>\nCette s\u00e9rie de moteurs constitue une solution id\u00e9ale pour l'entra\u00eenement de syst\u00e8mes hydrauliques. La connexion directe avec des pompes \u00e0 pistons axiaux, des pompes \u00e0 engrenages, des pompes \u00e0 palettes, etc., forme des groupes motopompes \u00e0 huile. Par rapport aux ensembles moteur-pompe traditionnels, ils \u00e9liminent les raccords, les socles de pompe et les plaques de base communes, ce qui r\u00e9duit la longueur axiale d'environ 25% et minimise l'espace d'installation tout en garantissant un fonctionnement plus souple.<br \/>\n**Param\u00e8tres techniques**<br \/>\n- Taille du cadre : 90\uff5e280<br \/>\n- Gamme de puissance : 0,37kW\uff5e90kW<br \/>\n- Syst\u00e8me de fonctionnement : S1 (service continu)<br \/>\n- Classe d'isolation : F<br \/>\n- Classe de protection : IP54\/IP55 (mod\u00e8les partiels)<br \/>\n- M\u00e9thode de refroidissement : IC411<br \/>\n- Tension : 380V (personnalisable 110-660V)<br \/>\n- Fr\u00e9quence : 50Hz\/60Hz<br \/>\n**Champs d'application**<br \/>\nLargement utilis\u00e9 dans les machines de transmission hydraulique telles que les machines-outils, les \u00e9quipements de forgeage, les dispositifs de levage, la construction navale, les machines de moulage par injection, la m\u00e9tallurgie, les machines de construction et les \u00e9quipements miniers. Convient \u00e0 l'int\u00e9gration de moteurs avec des groupes motopompes CY-Y, des pompes \u00e0 engrenages, des pompes \u00e0 palettes et d'autres types d'assemblages de pompes \u00e0 pistons.<br \/>\n**Caract\u00e9ristiques du produit**<br \/>\n- Avantage structurel** : La connexion directe entre la pompe et le moteur garantit une grande concentricit\u00e9, un fonctionnement r\u00e9gulier, un faible niveau de bruit et une dur\u00e9e de vie prolong\u00e9e.<br \/>\n- Confort d'installation** : Le processus de s\u00e9lection de l'utilisateur est simplifi\u00e9 par l'adh\u00e9sion aux normes de connexion des moteurs asynchrones B34, ce qui \u00e9limine la n\u00e9cessit\u00e9 de prendre en compte les dimensions d'installation de la pompe.<br \/>\n- Efficacit\u00e9 de l'espace** : La conception compacte r\u00e9duit l'espace d'installation et la complexit\u00e9 de l'agencement.<br \/>\n- Performance fiable** : Couple de d\u00e9marrage \u00e9lev\u00e9, faible courant de d\u00e9marrage, taux de glissement \u00e9lev\u00e9 et caract\u00e9ristiques m\u00e9caniques souples.<br \/>\n- Certifications compl\u00e8tes** : Certification obligatoire de la Chine (3C) et certification de s\u00e9curit\u00e9 CE.<br \/>\n**Conditions de fonctionnement**<br \/>\n- Temp\u00e9rature ambiante : -15\u2103\uff5e+40\u2103<br \/>\n- Altitude : \u22641000m<br \/>\n- Alimentation \u00e9lectrique : Fluctuation de la tension \u00b15% (\u00e0 court terme \u00b110%), fluctuation de la fr\u00e9quence \u00b12% (\u00e0 court terme \u00b15%).<\/p>","protected":false},"excerpt":{"rendered":"<p>Le moteur asynchrone triphas\u00e9 pour pompe \u00e0 huile de la s\u00e9rie YYB est un produit int\u00e9gr\u00e9 m\u00e9canique-\u00e9lectrique sp\u00e9cialement con\u00e7u pour les syst\u00e8mes hydrauliques. Dot\u00e9 d'une structure d'arbre interne qui permet une connexion directe avec les pompes hydrauliques sans accouplement, il pr\u00e9sente des caract\u00e9ristiques telles qu'une structure compacte, une petite taille, un poids l\u00e9ger, des vibrations minimales, un faible niveau sonore, un rendement \u00e9lev\u00e9 et une longue dur\u00e9e de vie.<\/p>","protected":false},"featured_media":669,"template":"","meta":{"site-sidebar-layout":"default","site-content-layout":"default","ast-site-content-layout":"default","site-content-style":"default","site-sidebar-style":"default","ast-global-header-display":"","ast-banner-title-visibility":"","ast-main-header-display":"","ast-hfb-above-header-display":"","ast-hfb-below-header-display":"","ast-hfb-mobile-header-display":"","site-post-title":"","ast-breadcrumbs-content":"","ast-featured-img":"","footer-sml-layout":"","ast-disable-related-posts":"","theme-transparent-header-meta":"default","adv-header-id-meta":"","stick-header-meta":"","header-above-stick-meta":"","header-main-stick-meta":"","header-below-stick-meta":"","astra-migrate-meta-layouts":"default","ast-page-background-enabled":"default","ast-page-background-meta":{"desktop":{"background-color":"","background-image":"","background-repeat":"repeat","background-position":"center center","background-size":"auto","background-attachment":"scroll","background-type":"","background-media":"","overlay-type":"","overlay-color":"","overlay-opacity":"","overlay-gradient":""},"tablet":{"background-color":"","background-image":"","background-repeat":"repeat","background-position":"center center","background-size":"auto","background-attachment":"scroll","background-type":"","background-media":"","overlay-type":"","overlay-color":"","overlay-opacity":"","overlay-gradient":""},"mobile":{"background-color":"","background-image":"","background-repeat":"repeat","background-position":"center center","background-size":"auto","background-attachment":"scroll","background-type":"","background-media":"","overlay-type":"","overlay-color":"","overlay-opacity":"","overlay-gradient":""}},"ast-content-background-meta":{"desktop":{"background-color":"var(--ast-global-color-5)","background-image":"","background-repeat":"repeat","background-position":"center center","background-size":"auto","background-attachment":"scroll","background-type":"","background-media":"","overlay-type":"","overlay-color":"","overlay-opacity":"","overlay-gradient":""},"tablet":{"background-color":"var(--ast-global-color-5)","background-image":"","background-repeat":"repeat","background-position":"center center","background-size":"auto","background-attachment":"scroll","background-type":"","background-media":"","overlay-type":"","overlay-color":"","overlay-opacity":"","overlay-gradient":""},"mobile":{"background-color":"var(--ast-global-color-5)","background-image":"","background-repeat":"repeat","background-position":"center center","background-size":"auto","background-attachment":"scroll","background-type":"","background-media":"","overlay-type":"","overlay-color":"","overlay-opacity":"","overlay-gradient":""}}},"product_brand":[],"product_cat":[21],"product_tag":[],"class_list":{"0":"post-668","1":"product","2":"type-product","3":"status-publish","4":"has-post-thumbnail","6":"product_cat-three-phase-asynchronous-ac-motor","7":"desktop-align-left","8":"tablet-align-left","9":"mobile-align-left","10":"ast-product-gallery-layout-vertical-slider","11":"ast-product-tabs-layout-horizontal","13":"first","14":"instock","15":"shipping-taxable","16":"product-type-simple"},"yoast_head":"<!-- This site is optimized with the Yoast SEO plugin v27.4 - https:\/\/yoast.com\/product\/yoast-seo-wordpress\/ -->\n<title>YYB Series Three-phase Oil Pump Motor - Jining Huanzhongyu Electromechanical Co., Ltd.<\/title>\n<meta name=\"robots\" content=\"index, follow, max-snippet:-1, max-image-preview:large, max-video-preview:-1\" \/>\n<link rel=\"canonical\" href=\"https:\/\/www.huanyumotor.com\/fr\/produit\/yyb-series-three-phase-oil-pump-motor\/\" \/>\n<meta property=\"og:locale\" content=\"fr_FR\" \/>\n<meta property=\"og:type\" content=\"article\" \/>\n<meta property=\"og:title\" content=\"YYB Series Three-phase Oil Pump Motor - Jining Huanzhongyu Electromechanical Co., Ltd.\" \/>\n<meta property=\"og:description\" content=\"YYB Series Three-Phase Asynchronous Oil Pump Motor is a mechanical-electrical integrated product specifically designed for hydraulic systems. Featuring an internal shaft structure that enables direct connection with hydraulic pumps without couplings, it boasts characteristics such as compact structure, small size, light weight, minimal vibration, low noise, high efficiency, and long service life.\" \/>\n<meta property=\"og:url\" content=\"https:\/\/www.huanyumotor.com\/fr\/produit\/yyb-series-three-phase-oil-pump-motor\/\" \/>\n<meta property=\"og:site_name\" content=\"Jining Huanzhongyu Electromechanical Co., Ltd.\" \/>\n<meta property=\"article:publisher\" content=\"https:\/\/www.facebook.com\/profile.php?id=61579475484242&amp;sk=grid\" \/>\n<meta property=\"og:image\" content=\"https:\/\/www.huanyumotor.com\/wp-content\/uploads\/2025\/11\/4_1.jpg\" \/>\n\t<meta property=\"og:image:width\" content=\"800\" \/>\n\t<meta property=\"og:image:height\" content=\"800\" \/>\n\t<meta property=\"og:image:type\" content=\"image\/jpeg\" \/>\n<meta name=\"twitter:card\" content=\"summary_large_image\" \/>\n<meta name=\"twitter:label1\" content=\"Dur\u00e9e de lecture estim\u00e9e\" \/>\n\t<meta name=\"twitter:data1\" content=\"1 minute\" \/>\n<script type=\"application\/ld+json\" class=\"yoast-schema-graph\">{\"@context\":\"https:\\\/\\\/schema.org\",\"@graph\":[{\"@type\":\"WebPage\",\"@id\":\"https:\\\/\\\/www.huanyumotor.com\\\/product\\\/yyb-series-three-phase-oil-pump-motor\\\/\",\"url\":\"https:\\\/\\\/www.huanyumotor.com\\\/product\\\/yyb-series-three-phase-oil-pump-motor\\\/\",\"name\":\"YYB Series Three-phase Oil Pump Motor - Jining Huanzhongyu Electromechanical Co., Ltd.\",\"isPartOf\":{\"@id\":\"https:\\\/\\\/www.huanyumotor.com\\\/#website\"},\"primaryImageOfPage\":{\"@id\":\"https:\\\/\\\/www.huanyumotor.com\\\/product\\\/yyb-series-three-phase-oil-pump-motor\\\/#primaryimage\"},\"image\":{\"@id\":\"https:\\\/\\\/www.huanyumotor.com\\\/product\\\/yyb-series-three-phase-oil-pump-motor\\\/#primaryimage\"},\"thumbnailUrl\":\"https:\\\/\\\/www.huanyumotor.com\\\/wp-content\\\/uploads\\\/2025\\\/11\\\/4_1.jpg\",\"datePublished\":\"2025-11-12T02:37:00+00:00\",\"breadcrumb\":{\"@id\":\"https:\\\/\\\/www.huanyumotor.com\\\/product\\\/yyb-series-three-phase-oil-pump-motor\\\/#breadcrumb\"},\"inLanguage\":\"fr-FR\",\"potentialAction\":[{\"@type\":\"ReadAction\",\"target\":[\"https:\\\/\\\/www.huanyumotor.com\\\/product\\\/yyb-series-three-phase-oil-pump-motor\\\/\"]}]},{\"@type\":\"ImageObject\",\"inLanguage\":\"fr-FR\",\"@id\":\"https:\\\/\\\/www.huanyumotor.com\\\/product\\\/yyb-series-three-phase-oil-pump-motor\\\/#primaryimage\",\"url\":\"https:\\\/\\\/www.huanyumotor.com\\\/wp-content\\\/uploads\\\/2025\\\/11\\\/4_1.jpg\",\"contentUrl\":\"https:\\\/\\\/www.huanyumotor.com\\\/wp-content\\\/uploads\\\/2025\\\/11\\\/4_1.jpg\",\"width\":800,\"height\":800},{\"@type\":\"BreadcrumbList\",\"@id\":\"https:\\\/\\\/www.huanyumotor.com\\\/product\\\/yyb-series-three-phase-oil-pump-motor\\\/#breadcrumb\",\"itemListElement\":[{\"@type\":\"ListItem\",\"position\":1,\"name\":\"\u9996\u9875\",\"item\":\"https:\\\/\\\/www.huanyumotor.com\\\/\"},{\"@type\":\"ListItem\",\"position\":2,\"name\":\"Products\",\"item\":\"https:\\\/\\\/www.huanyumotor.com\\\/products\\\/\"},{\"@type\":\"ListItem\",\"position\":3,\"name\":\"YYB Series Three-phase Oil Pump Motor\"}]},{\"@type\":\"WebSite\",\"@id\":\"https:\\\/\\\/www.huanyumotor.com\\\/#website\",\"url\":\"https:\\\/\\\/www.huanyumotor.com\\\/\",\"name\":\"Jining Huanzhongyu Electromechanical Co., Ltd.\",\"description\":\"\",\"publisher\":{\"@id\":\"https:\\\/\\\/www.huanyumotor.com\\\/#organization\"},\"potentialAction\":[{\"@type\":\"SearchAction\",\"target\":{\"@type\":\"EntryPoint\",\"urlTemplate\":\"https:\\\/\\\/www.huanyumotor.com\\\/?s={search_term_string}\"},\"query-input\":{\"@type\":\"PropertyValueSpecification\",\"valueRequired\":true,\"valueName\":\"search_term_string\"}}],\"inLanguage\":\"fr-FR\"},{\"@type\":\"Organization\",\"@id\":\"https:\\\/\\\/www.huanyumotor.com\\\/#organization\",\"name\":\"Jining Huanzhongyu Electromechanical Co., Ltd.\",\"url\":\"https:\\\/\\\/www.huanyumotor.com\\\/\",\"logo\":{\"@type\":\"ImageObject\",\"inLanguage\":\"fr-FR\",\"@id\":\"https:\\\/\\\/www.huanyumotor.com\\\/#\\\/schema\\\/logo\\\/image\\\/\",\"url\":\"https:\\\/\\\/www.huanyumotor.com\\\/wp-content\\\/uploads\\\/2025\\\/11\\\/logo.webp\",\"contentUrl\":\"https:\\\/\\\/www.huanyumotor.com\\\/wp-content\\\/uploads\\\/2025\\\/11\\\/logo.webp\",\"width\":468,\"height\":242,\"caption\":\"Jining Huanzhongyu Electromechanical Co., Ltd.\"},\"image\":{\"@id\":\"https:\\\/\\\/www.huanyumotor.com\\\/#\\\/schema\\\/logo\\\/image\\\/\"},\"sameAs\":[\"https:\\\/\\\/www.facebook.com\\\/profile.php?id=61579475484242&sk=grid\"]}]}<\/script>\n<!-- \/ Yoast SEO plugin. -->","yoast_head_json":{"title":"YYB Series Three-phase Oil Pump Motor - Jining Huanzhongyu Electromechanical Co., Ltd.","robots":{"index":"index","follow":"follow","max-snippet":"max-snippet:-1","max-image-preview":"max-image-preview:large","max-video-preview":"max-video-preview:-1"},"canonical":"https:\/\/www.huanyumotor.com\/fr\/produit\/yyb-series-three-phase-oil-pump-motor\/","og_locale":"fr_FR","og_type":"article","og_title":"YYB Series Three-phase Oil Pump Motor - Jining Huanzhongyu Electromechanical Co., Ltd.","og_description":"YYB Series Three-Phase Asynchronous Oil Pump Motor is a mechanical-electrical integrated product specifically designed for hydraulic systems. Featuring an internal shaft structure that enables direct connection with hydraulic pumps without couplings, it boasts characteristics such as compact structure, small size, light weight, minimal vibration, low noise, high efficiency, and long service life.","og_url":"https:\/\/www.huanyumotor.com\/fr\/produit\/yyb-series-three-phase-oil-pump-motor\/","og_site_name":"Jining Huanzhongyu Electromechanical Co., Ltd.","article_publisher":"https:\/\/www.facebook.com\/profile.php?id=61579475484242&sk=grid","og_image":[{"width":800,"height":800,"url":"https:\/\/www.huanyumotor.com\/wp-content\/uploads\/2025\/11\/4_1.jpg","type":"image\/jpeg"}],"twitter_card":"summary_large_image","twitter_misc":{"Dur\u00e9e de lecture estim\u00e9e":"1 minute"},"schema":{"@context":"https:\/\/schema.org","@graph":[{"@type":"WebPage","@id":"https:\/\/www.huanyumotor.com\/product\/yyb-series-three-phase-oil-pump-motor\/","url":"https:\/\/www.huanyumotor.com\/product\/yyb-series-three-phase-oil-pump-motor\/","name":"YYB Series Three-phase Oil Pump Motor - Jining Huanzhongyu Electromechanical Co., Ltd.","isPartOf":{"@id":"https:\/\/www.huanyumotor.com\/#website"},"primaryImageOfPage":{"@id":"https:\/\/www.huanyumotor.com\/product\/yyb-series-three-phase-oil-pump-motor\/#primaryimage"},"image":{"@id":"https:\/\/www.huanyumotor.com\/product\/yyb-series-three-phase-oil-pump-motor\/#primaryimage"},"thumbnailUrl":"https:\/\/www.huanyumotor.com\/wp-content\/uploads\/2025\/11\/4_1.jpg","datePublished":"2025-11-12T02:37:00+00:00","breadcrumb":{"@id":"https:\/\/www.huanyumotor.com\/product\/yyb-series-three-phase-oil-pump-motor\/#breadcrumb"},"inLanguage":"fr-FR","potentialAction":[{"@type":"ReadAction","target":["https:\/\/www.huanyumotor.com\/product\/yyb-series-three-phase-oil-pump-motor\/"]}]},{"@type":"ImageObject","inLanguage":"fr-FR","@id":"https:\/\/www.huanyumotor.com\/product\/yyb-series-three-phase-oil-pump-motor\/#primaryimage","url":"https:\/\/www.huanyumotor.com\/wp-content\/uploads\/2025\/11\/4_1.jpg","contentUrl":"https:\/\/www.huanyumotor.com\/wp-content\/uploads\/2025\/11\/4_1.jpg","width":800,"height":800},{"@type":"BreadcrumbList","@id":"https:\/\/www.huanyumotor.com\/product\/yyb-series-three-phase-oil-pump-motor\/#breadcrumb","itemListElement":[{"@type":"ListItem","position":1,"name":"\u9996\u9875","item":"https:\/\/www.huanyumotor.com\/"},{"@type":"ListItem","position":2,"name":"Products","item":"https:\/\/www.huanyumotor.com\/products\/"},{"@type":"ListItem","position":3,"name":"YYB Series Three-phase Oil Pump Motor"}]},{"@type":"WebSite","@id":"https:\/\/www.huanyumotor.com\/#website","url":"https:\/\/www.huanyumotor.com\/","name":"Jining Huanzhongyu Electromechanical Co, Ltd.","description":"","publisher":{"@id":"https:\/\/www.huanyumotor.com\/#organization"},"potentialAction":[{"@type":"SearchAction","target":{"@type":"EntryPoint","urlTemplate":"https:\/\/www.huanyumotor.com\/?s={search_term_string}"},"query-input":{"@type":"PropertyValueSpecification","valueRequired":true,"valueName":"search_term_string"}}],"inLanguage":"fr-FR"},{"@type":"Organization","@id":"https:\/\/www.huanyumotor.com\/#organization","name":"Jining Huanzhongyu Electromechanical Co, Ltd.","url":"https:\/\/www.huanyumotor.com\/","logo":{"@type":"ImageObject","inLanguage":"fr-FR","@id":"https:\/\/www.huanyumotor.com\/#\/schema\/logo\/image\/","url":"https:\/\/www.huanyumotor.com\/wp-content\/uploads\/2025\/11\/logo.webp","contentUrl":"https:\/\/www.huanyumotor.com\/wp-content\/uploads\/2025\/11\/logo.webp","width":468,"height":242,"caption":"Jining Huanzhongyu Electromechanical Co., Ltd."},"image":{"@id":"https:\/\/www.huanyumotor.com\/#\/schema\/logo\/image\/"},"sameAs":["https:\/\/www.facebook.com\/profile.php?id=61579475484242&sk=grid"]}]}},"_links":{"self":[{"href":"https:\/\/www.huanyumotor.com\/fr\/wp-json\/wp\/v2\/product\/668","targetHints":{"allow":["GET"]}}],"collection":[{"href":"https:\/\/www.huanyumotor.com\/fr\/wp-json\/wp\/v2\/product"}],"about":[{"href":"https:\/\/www.huanyumotor.com\/fr\/wp-json\/wp\/v2\/types\/product"}],"wp:featuredmedia":[{"embeddable":true,"href":"https:\/\/www.huanyumotor.com\/fr\/wp-json\/wp\/v2\/media\/669"}],"wp:attachment":[{"href":"https:\/\/www.huanyumotor.com\/fr\/wp-json\/wp\/v2\/media?parent=668"}],"wp:term":[{"taxonomy":"product_brand","embeddable":true,"href":"https:\/\/www.huanyumotor.com\/fr\/wp-json\/wp\/v2\/product_brand?post=668"},{"taxonomy":"product_cat","embeddable":true,"href":"https:\/\/www.huanyumotor.com\/fr\/wp-json\/wp\/v2\/product_cat?post=668"},{"taxonomy":"product_tag","embeddable":true,"href":"https:\/\/www.huanyumotor.com\/fr\/wp-json\/wp\/v2\/product_tag?post=668"}],"curies":[{"name":"wp","href":"https:\/\/api.w.org\/{rel}","templated":true}]}}