{"id":674,"date":"2025-11-12T10:37:21","date_gmt":"2025-11-12T02:37:21","guid":{"rendered":"http:\/\/www.huanyumotor.com\/?post_type=product&#038;p=674"},"modified":"2025-11-12T10:37:21","modified_gmt":"2025-11-12T02:37:21","slug":"yzu-series-three-phase-asynchronous-vibration-motor","status":"publish","type":"product","link":"https:\/\/www.huanyumotor.com\/fr\/produit\/yzu-series-three-phase-asynchronous-vibration-motor\/","title":{"rendered":"Moteur vibrant asynchrone triphas\u00e9 de la s\u00e9rie YZU"},"content":{"rendered":"<p>Le moteur vibrant asynchrone triphas\u00e9 de la s\u00e9rie YZU est une source d'excitation polyvalente qui int\u00e8gre l'alimentation \u00e9lectrique et la source d'excitation. Il est largement utilis\u00e9 dans diverses machines vibrantes.<\/p>\n<p>**Caract\u00e9ristiques du produit:**<br \/>\nCette s\u00e9rie de moteurs vibrants pr\u00e9sente de nombreuses caract\u00e9ristiques de performance exceptionnelles :<br \/>\n- Coordination optimale entre la force d'excitation et la puissance, fournissant une force de vibration \u00e9lev\u00e9e avec une conception l\u00e9g\u00e8re et compacte tout en maintenant un faible bruit m\u00e9canique.<br \/>\n- La conception de la vibration de type r\u00e9sistance forte assure une amplitude stable.<br \/>\n- Large gamme de fr\u00e9quences de vibration avec r\u00e9glage \u00e0 grande \u00e9chelle par variation de la vitesse.<br \/>\n- Impact minimal des fluctuations de l'alimentation \u00e9lectrique, garantissant une force d'excitation stable.<br \/>\n- Ajustement directionnel de la force d'excitation possible gr\u00e2ce \u00e0 la configuration de l'installation.<br \/>\n- R\u00e9glage continu de la force d'excitation et de l'amplitude par simple modification de l'angle des blocs excentriques.<br \/>\n- Faibles besoins de maintenance gr\u00e2ce \u00e0 l'entretien p\u00e9riodique des roulements.<\/p>\n<p>**Sp\u00e9cifications techniques:**<br \/>\n- Plage de puissance nominale : 0,12-25kW<br \/>\n- P\u00f4les : 2-6 p\u00f4les<br \/>\n- Tension nominale : 380V (\u00e9galement disponible : 415V, 440V, 460V, 660V)<br \/>\n- Fr\u00e9quence d'alimentation : 50Hz (\u00e9galement disponible : 60Hz)<br \/>\n- Classe de protection : IP54-IP55<br \/>\n- Classe d'isolation : B ou F<br \/>\n- Mode de travail : S1<\/p>\n<p>**Candidatures:**<br \/>\nEn tant que source d'\u00e9nergie universelle pour les machines vibrantes, la s\u00e9rie YZU est largement utilis\u00e9e dans les industries telles que le charbon, la m\u00e9tallurgie, les mines, l'\u00e9nergie, les c\u00e9r\u00e9ales, les produits chimiques, la fonderie, le ciment et les ports. Elle convient aux \u00e9quipements tels que les cribles vibrants, les machines d'alimentation vibrantes, les convoyeurs vibrants, les brise-sable vibrants, les machines de d\u00e9chargement de minerai vibrantes et les dispositifs anti-colmatage des silos.<\/p>\n<p>**Conditions de fonctionnement:**<br \/>\nLe moteur fonctionne de mani\u00e8re fiable dans des environnements o\u00f9 les temp\u00e9ratures vont de -20\u00b0C \u00e0 +40\u00b0C et o\u00f9 l'altitude est inf\u00e9rieure \u00e0 1000m. Sa structure enti\u00e8rement ferm\u00e9e permet des performances stables dans des conditions poussi\u00e9reuses non antid\u00e9flagrantes.<\/p>","protected":false},"excerpt":{"rendered":"<p>Le moteur vibrant asynchrone triphas\u00e9 de la s\u00e9rie YZU est une source d'excitation polyvalente qui int\u00e8gre l'alimentation \u00e9lectrique et la source d'excitation. Il est largement utilis\u00e9 dans diverses machines vibrantes.<\/p>","protected":false},"featured_media":675,"template":"","meta":{"site-sidebar-layout":"default","site-content-layout":"default","ast-site-content-layout":"default","site-content-style":"default","site-sidebar-style":"default","ast-global-header-display":"","ast-banner-title-visibility":"","ast-main-header-display":"","ast-hfb-above-header-display":"","ast-hfb-below-header-display":"","ast-hfb-mobile-header-display":"","site-post-title":"","ast-breadcrumbs-content":"","ast-featured-img":"","footer-sml-layout":"","ast-disable-related-posts":"","theme-transparent-header-meta":"default","adv-header-id-meta":"","stick-header-meta":"","header-above-stick-meta":"","header-main-stick-meta":"","header-below-stick-meta":"","astra-migrate-meta-layouts":"default","ast-page-background-enabled":"default","ast-page-background-meta":{"desktop":{"background-color":"","background-image":"","background-repeat":"repeat","background-position":"center center","background-size":"auto","background-attachment":"scroll","background-type":"","background-media":"","overlay-type":"","overlay-color":"","overlay-opacity":"","overlay-gradient":""},"tablet":{"background-color":"","background-image":"","background-repeat":"repeat","background-position":"center center","background-size":"auto","background-attachment":"scroll","background-type":"","background-media":"","overlay-type":"","overlay-color":"","overlay-opacity":"","overlay-gradient":""},"mobile":{"background-color":"","background-image":"","background-repeat":"repeat","background-position":"center center","background-size":"auto","background-attachment":"scroll","background-type":"","background-media":"","overlay-type":"","overlay-color":"","overlay-opacity":"","overlay-gradient":""}},"ast-content-background-meta":{"desktop":{"background-color":"var(--ast-global-color-5)","background-image":"","background-repeat":"repeat","background-position":"center center","background-size":"auto","background-attachment":"scroll","background-type":"","background-media":"","overlay-type":"","overlay-color":"","overlay-opacity":"","overlay-gradient":""},"tablet":{"background-color":"var(--ast-global-color-5)","background-image":"","background-repeat":"repeat","background-position":"center center","background-size":"auto","background-attachment":"scroll","background-type":"","background-media":"","overlay-type":"","overlay-color":"","overlay-opacity":"","overlay-gradient":""},"mobile":{"background-color":"var(--ast-global-color-5)","background-image":"","background-repeat":"repeat","background-position":"center center","background-size":"auto","background-attachment":"scroll","background-type":"","background-media":"","overlay-type":"","overlay-color":"","overlay-opacity":"","overlay-gradient":""}}},"product_brand":[],"product_cat":[21],"product_tag":[],"class_list":{"0":"post-674","1":"product","2":"type-product","3":"status-publish","4":"has-post-thumbnail","6":"product_cat-three-phase-asynchronous-ac-motor","7":"desktop-align-left","8":"tablet-align-left","9":"mobile-align-left","10":"ast-product-gallery-layout-vertical-slider","11":"ast-product-gallery-with-no-image","12":"ast-product-tabs-layout-horizontal","14":"first","15":"instock","16":"shipping-taxable","17":"product-type-simple"},"yoast_head":"<!-- This site is optimized with the Yoast SEO plugin v27.4 - https:\/\/yoast.com\/product\/yoast-seo-wordpress\/ -->\n<title>YZU Series Three-Phase Asynchronous Vibration Motor - Jining Huanzhongyu Electromechanical Co., Ltd.<\/title>\n<meta name=\"robots\" content=\"index, follow, max-snippet:-1, max-image-preview:large, max-video-preview:-1\" \/>\n<link rel=\"canonical\" href=\"https:\/\/www.huanyumotor.com\/fr\/produit\/yzu-series-three-phase-asynchronous-vibration-motor\/\" \/>\n<meta property=\"og:locale\" content=\"fr_FR\" \/>\n<meta property=\"og:type\" content=\"article\" \/>\n<meta property=\"og:title\" content=\"YZU Series Three-Phase Asynchronous Vibration Motor - Jining Huanzhongyu Electromechanical Co., Ltd.\" \/>\n<meta property=\"og:description\" content=\"YZU Series Three-Phase Asynchronous Vibrating Motor is a general-purpose excitation source that integrates power supply and excitation source. It is widely used in various vibration machinery.\" \/>\n<meta property=\"og:url\" content=\"https:\/\/www.huanyumotor.com\/fr\/produit\/yzu-series-three-phase-asynchronous-vibration-motor\/\" \/>\n<meta property=\"og:site_name\" content=\"Jining Huanzhongyu Electromechanical Co., Ltd.\" \/>\n<meta property=\"article:publisher\" content=\"https:\/\/www.facebook.com\/profile.php?id=61579475484242&amp;sk=grid\" \/>\n<meta property=\"og:image\" content=\"https:\/\/www.huanyumotor.com\/wp-content\/uploads\/2025\/11\/3_1.jpg\" \/>\n\t<meta property=\"og:image:width\" content=\"800\" \/>\n\t<meta property=\"og:image:height\" content=\"800\" \/>\n\t<meta property=\"og:image:type\" content=\"image\/jpeg\" \/>\n<meta name=\"twitter:card\" content=\"summary_large_image\" \/>\n<meta name=\"twitter:label1\" content=\"Dur\u00e9e de lecture estim\u00e9e\" \/>\n\t<meta name=\"twitter:data1\" content=\"1 minute\" \/>\n<script type=\"application\/ld+json\" class=\"yoast-schema-graph\">{\"@context\":\"https:\\\/\\\/schema.org\",\"@graph\":[{\"@type\":\"WebPage\",\"@id\":\"https:\\\/\\\/www.huanyumotor.com\\\/product\\\/yzu-series-three-phase-asynchronous-vibration-motor\\\/\",\"url\":\"https:\\\/\\\/www.huanyumotor.com\\\/product\\\/yzu-series-three-phase-asynchronous-vibration-motor\\\/\",\"name\":\"YZU Series Three-Phase Asynchronous Vibration Motor - Jining Huanzhongyu Electromechanical Co., Ltd.\",\"isPartOf\":{\"@id\":\"https:\\\/\\\/www.huanyumotor.com\\\/#website\"},\"primaryImageOfPage\":{\"@id\":\"https:\\\/\\\/www.huanyumotor.com\\\/product\\\/yzu-series-three-phase-asynchronous-vibration-motor\\\/#primaryimage\"},\"image\":{\"@id\":\"https:\\\/\\\/www.huanyumotor.com\\\/product\\\/yzu-series-three-phase-asynchronous-vibration-motor\\\/#primaryimage\"},\"thumbnailUrl\":\"https:\\\/\\\/www.huanyumotor.com\\\/wp-content\\\/uploads\\\/2025\\\/11\\\/3_1.jpg\",\"datePublished\":\"2025-11-12T02:37:21+00:00\",\"breadcrumb\":{\"@id\":\"https:\\\/\\\/www.huanyumotor.com\\\/product\\\/yzu-series-three-phase-asynchronous-vibration-motor\\\/#breadcrumb\"},\"inLanguage\":\"fr-FR\",\"potentialAction\":[{\"@type\":\"ReadAction\",\"target\":[\"https:\\\/\\\/www.huanyumotor.com\\\/product\\\/yzu-series-three-phase-asynchronous-vibration-motor\\\/\"]}]},{\"@type\":\"ImageObject\",\"inLanguage\":\"fr-FR\",\"@id\":\"https:\\\/\\\/www.huanyumotor.com\\\/product\\\/yzu-series-three-phase-asynchronous-vibration-motor\\\/#primaryimage\",\"url\":\"https:\\\/\\\/www.huanyumotor.com\\\/wp-content\\\/uploads\\\/2025\\\/11\\\/3_1.jpg\",\"contentUrl\":\"https:\\\/\\\/www.huanyumotor.com\\\/wp-content\\\/uploads\\\/2025\\\/11\\\/3_1.jpg\",\"width\":800,\"height\":800},{\"@type\":\"BreadcrumbList\",\"@id\":\"https:\\\/\\\/www.huanyumotor.com\\\/product\\\/yzu-series-three-phase-asynchronous-vibration-motor\\\/#breadcrumb\",\"itemListElement\":[{\"@type\":\"ListItem\",\"position\":1,\"name\":\"\u9996\u9875\",\"item\":\"https:\\\/\\\/www.huanyumotor.com\\\/\"},{\"@type\":\"ListItem\",\"position\":2,\"name\":\"Products\",\"item\":\"https:\\\/\\\/www.huanyumotor.com\\\/products\\\/\"},{\"@type\":\"ListItem\",\"position\":3,\"name\":\"YZU Series Three-Phase Asynchronous Vibration Motor\"}]},{\"@type\":\"WebSite\",\"@id\":\"https:\\\/\\\/www.huanyumotor.com\\\/#website\",\"url\":\"https:\\\/\\\/www.huanyumotor.com\\\/\",\"name\":\"Jining Huanzhongyu Electromechanical Co., Ltd.\",\"description\":\"\",\"publisher\":{\"@id\":\"https:\\\/\\\/www.huanyumotor.com\\\/#organization\"},\"potentialAction\":[{\"@type\":\"SearchAction\",\"target\":{\"@type\":\"EntryPoint\",\"urlTemplate\":\"https:\\\/\\\/www.huanyumotor.com\\\/?s={search_term_string}\"},\"query-input\":{\"@type\":\"PropertyValueSpecification\",\"valueRequired\":true,\"valueName\":\"search_term_string\"}}],\"inLanguage\":\"fr-FR\"},{\"@type\":\"Organization\",\"@id\":\"https:\\\/\\\/www.huanyumotor.com\\\/#organization\",\"name\":\"Jining Huanzhongyu Electromechanical Co., Ltd.\",\"url\":\"https:\\\/\\\/www.huanyumotor.com\\\/\",\"logo\":{\"@type\":\"ImageObject\",\"inLanguage\":\"fr-FR\",\"@id\":\"https:\\\/\\\/www.huanyumotor.com\\\/#\\\/schema\\\/logo\\\/image\\\/\",\"url\":\"https:\\\/\\\/www.huanyumotor.com\\\/wp-content\\\/uploads\\\/2025\\\/11\\\/logo.webp\",\"contentUrl\":\"https:\\\/\\\/www.huanyumotor.com\\\/wp-content\\\/uploads\\\/2025\\\/11\\\/logo.webp\",\"width\":468,\"height\":242,\"caption\":\"Jining Huanzhongyu Electromechanical Co., Ltd.\"},\"image\":{\"@id\":\"https:\\\/\\\/www.huanyumotor.com\\\/#\\\/schema\\\/logo\\\/image\\\/\"},\"sameAs\":[\"https:\\\/\\\/www.facebook.com\\\/profile.php?id=61579475484242&sk=grid\"]}]}<\/script>\n<!-- \/ Yoast SEO plugin. -->","yoast_head_json":{"title":"YZU Series Three-Phase Asynchronous Vibration Motor - Jining Huanzhongyu Electromechanical Co., Ltd.","robots":{"index":"index","follow":"follow","max-snippet":"max-snippet:-1","max-image-preview":"max-image-preview:large","max-video-preview":"max-video-preview:-1"},"canonical":"https:\/\/www.huanyumotor.com\/fr\/produit\/yzu-series-three-phase-asynchronous-vibration-motor\/","og_locale":"fr_FR","og_type":"article","og_title":"YZU Series Three-Phase Asynchronous Vibration Motor - Jining Huanzhongyu Electromechanical Co., Ltd.","og_description":"YZU Series Three-Phase Asynchronous Vibrating Motor is a general-purpose excitation source that integrates power supply and excitation source. It is widely used in various vibration machinery.","og_url":"https:\/\/www.huanyumotor.com\/fr\/produit\/yzu-series-three-phase-asynchronous-vibration-motor\/","og_site_name":"Jining Huanzhongyu Electromechanical Co., Ltd.","article_publisher":"https:\/\/www.facebook.com\/profile.php?id=61579475484242&sk=grid","og_image":[{"width":800,"height":800,"url":"https:\/\/www.huanyumotor.com\/wp-content\/uploads\/2025\/11\/3_1.jpg","type":"image\/jpeg"}],"twitter_card":"summary_large_image","twitter_misc":{"Dur\u00e9e de lecture estim\u00e9e":"1 minute"},"schema":{"@context":"https:\/\/schema.org","@graph":[{"@type":"WebPage","@id":"https:\/\/www.huanyumotor.com\/product\/yzu-series-three-phase-asynchronous-vibration-motor\/","url":"https:\/\/www.huanyumotor.com\/product\/yzu-series-three-phase-asynchronous-vibration-motor\/","name":"YZU Series Three-Phase Asynchronous Vibration Motor - Jining Huanzhongyu Electromechanical Co., Ltd.","isPartOf":{"@id":"https:\/\/www.huanyumotor.com\/#website"},"primaryImageOfPage":{"@id":"https:\/\/www.huanyumotor.com\/product\/yzu-series-three-phase-asynchronous-vibration-motor\/#primaryimage"},"image":{"@id":"https:\/\/www.huanyumotor.com\/product\/yzu-series-three-phase-asynchronous-vibration-motor\/#primaryimage"},"thumbnailUrl":"https:\/\/www.huanyumotor.com\/wp-content\/uploads\/2025\/11\/3_1.jpg","datePublished":"2025-11-12T02:37:21+00:00","breadcrumb":{"@id":"https:\/\/www.huanyumotor.com\/product\/yzu-series-three-phase-asynchronous-vibration-motor\/#breadcrumb"},"inLanguage":"fr-FR","potentialAction":[{"@type":"ReadAction","target":["https:\/\/www.huanyumotor.com\/product\/yzu-series-three-phase-asynchronous-vibration-motor\/"]}]},{"@type":"ImageObject","inLanguage":"fr-FR","@id":"https:\/\/www.huanyumotor.com\/product\/yzu-series-three-phase-asynchronous-vibration-motor\/#primaryimage","url":"https:\/\/www.huanyumotor.com\/wp-content\/uploads\/2025\/11\/3_1.jpg","contentUrl":"https:\/\/www.huanyumotor.com\/wp-content\/uploads\/2025\/11\/3_1.jpg","width":800,"height":800},{"@type":"BreadcrumbList","@id":"https:\/\/www.huanyumotor.com\/product\/yzu-series-three-phase-asynchronous-vibration-motor\/#breadcrumb","itemListElement":[{"@type":"ListItem","position":1,"name":"\u9996\u9875","item":"https:\/\/www.huanyumotor.com\/"},{"@type":"ListItem","position":2,"name":"Products","item":"https:\/\/www.huanyumotor.com\/products\/"},{"@type":"ListItem","position":3,"name":"YZU Series Three-Phase Asynchronous Vibration Motor"}]},{"@type":"WebSite","@id":"https:\/\/www.huanyumotor.com\/#website","url":"https:\/\/www.huanyumotor.com\/","name":"Jining Huanzhongyu Electromechanical Co, Ltd.","description":"","publisher":{"@id":"https:\/\/www.huanyumotor.com\/#organization"},"potentialAction":[{"@type":"SearchAction","target":{"@type":"EntryPoint","urlTemplate":"https:\/\/www.huanyumotor.com\/?s={search_term_string}"},"query-input":{"@type":"PropertyValueSpecification","valueRequired":true,"valueName":"search_term_string"}}],"inLanguage":"fr-FR"},{"@type":"Organization","@id":"https:\/\/www.huanyumotor.com\/#organization","name":"Jining Huanzhongyu Electromechanical Co, Ltd.","url":"https:\/\/www.huanyumotor.com\/","logo":{"@type":"ImageObject","inLanguage":"fr-FR","@id":"https:\/\/www.huanyumotor.com\/#\/schema\/logo\/image\/","url":"https:\/\/www.huanyumotor.com\/wp-content\/uploads\/2025\/11\/logo.webp","contentUrl":"https:\/\/www.huanyumotor.com\/wp-content\/uploads\/2025\/11\/logo.webp","width":468,"height":242,"caption":"Jining Huanzhongyu Electromechanical Co., Ltd."},"image":{"@id":"https:\/\/www.huanyumotor.com\/#\/schema\/logo\/image\/"},"sameAs":["https:\/\/www.facebook.com\/profile.php?id=61579475484242&sk=grid"]}]}},"_links":{"self":[{"href":"https:\/\/www.huanyumotor.com\/fr\/wp-json\/wp\/v2\/product\/674","targetHints":{"allow":["GET"]}}],"collection":[{"href":"https:\/\/www.huanyumotor.com\/fr\/wp-json\/wp\/v2\/product"}],"about":[{"href":"https:\/\/www.huanyumotor.com\/fr\/wp-json\/wp\/v2\/types\/product"}],"wp:featuredmedia":[{"embeddable":true,"href":"https:\/\/www.huanyumotor.com\/fr\/wp-json\/wp\/v2\/media\/675"}],"wp:attachment":[{"href":"https:\/\/www.huanyumotor.com\/fr\/wp-json\/wp\/v2\/media?parent=674"}],"wp:term":[{"taxonomy":"product_brand","embeddable":true,"href":"https:\/\/www.huanyumotor.com\/fr\/wp-json\/wp\/v2\/product_brand?post=674"},{"taxonomy":"product_cat","embeddable":true,"href":"https:\/\/www.huanyumotor.com\/fr\/wp-json\/wp\/v2\/product_cat?post=674"},{"taxonomy":"product_tag","embeddable":true,"href":"https:\/\/www.huanyumotor.com\/fr\/wp-json\/wp\/v2\/product_tag?post=674"}],"curies":[{"name":"wp","href":"https:\/\/api.w.org\/{rel}","templated":true}]}}