{"id":676,"date":"2025-11-12T10:38:03","date_gmt":"2025-11-12T02:38:03","guid":{"rendered":"http:\/\/www.huanyumotor.com\/?post_type=product&#038;p=676"},"modified":"2025-11-12T10:38:03","modified_gmt":"2025-11-12T02:38:03","slug":"ye3-series-aluminum-housing-three-phase-ac-motor","status":"publish","type":"product","link":"https:\/\/www.huanyumotor.com\/fr\/produit\/ye3-series-aluminum-housing-three-phase-ac-motor\/","title":{"rendered":"Moteur AC triphas\u00e9 \u00e0 carter en aluminium de la s\u00e9rie YE3"},"content":{"rendered":"<p>Le moteur \u00e0 induction triphas\u00e9 \u00e0 cage d'\u00e9cureuil et \u00e0 carter en aluminium de la s\u00e9rie YE3 est un moteur totalement ferm\u00e9 et auto-ventil\u00e9. Con\u00e7u conform\u00e9ment aux normes nationales unifi\u00e9es, il se caract\u00e9rise par un rendement \u00e9nerg\u00e9tique \u00e9lev\u00e9, un couple de d\u00e9marrage \u00e9lev\u00e9, un faible niveau de bruit, des vibrations minimales, une grande fiabilit\u00e9, la conformit\u00e9 aux normes CEI pour les puissances nominales et les dimensions d'installation, ainsi qu'une utilisation et une maintenance ais\u00e9es.<br \/>\nCette s\u00e9rie est largement utilis\u00e9e dans les environnements g\u00e9n\u00e9raux et les machines de pr\u00e9cision sans exigences particuli\u00e8res, et convient particuli\u00e8rement aux applications telles que les bo\u00eetes de vitesses, les pompes \u00e0 vide, les compresseurs d'air, les pompes \u00e0 eau, les pompes \u00e0 huile, les lignes de production, les machines d'emballage et les \u00e9quipements de transformation des aliments.<br \/>\n**Conditions d'utilisation:**<br \/>\n- Temp\u00e9rature de l'air ambiant : -15\u00b0C \u2264 40\u00b0C - Altitude : Pas moins de 1000 m\u00e8tres<br \/>\n- Tension : 380V<br \/>\n- Fr\u00e9quence : 50Hz<br \/>\n- Raccordement : Connexion en Y pour les puissances inf\u00e9rieures ou \u00e9gales \u00e0 3kW ; connexion \u0394 pour les puissances sup\u00e9rieures<br \/>\n- Service\/Charge : Service continu (S1)<br \/>\n- Classe d'isolation : F, augmentation de la temp\u00e9rature du bobinage \u00e9valu\u00e9e \u00e0 80K<br \/>\n- Classe de protection : IP54<br \/>\n- M\u00e9thode de refroidissement : IC411.<\/p>\n<table style=\"border-collapse: collapse; width: 525.77pt;\" border=\"0\" width=\"701\" cellspacing=\"0\" cellpadding=\"0\">\n<tbody>\n<tr style=\"height: 27.00pt;\">\n<td class=\"et2\" style=\"height: 27.00pt; width: 525.75pt;\" colspan=\"4\" width=\"701\" height=\"36\">Param\u00e8tres de sp\u00e9cification du produit<\/td>\n<\/tr>\n<tr style=\"height: 33.00pt;\">\n<td class=\"et3\" style=\"height: 33.00pt; width: 96.75pt;\" width=\"129\" height=\"44\">tension nominale<\/td>\n<td class=\"et3\" style=\"width: 168.00pt;\" width=\"224\">380V\/660V<\/td>\n<td class=\"et3\" style=\"width: 113.25pt;\" width=\"151\">puissance nominale<\/td>\n<td class=\"et3\" style=\"width: 147.75pt;\" width=\"197\">0,55KW-315KW<\/td>\n<\/tr>\n<tr style=\"height: 17.25pt;\">\n<td class=\"et3\" style=\"height: 17.25pt; width: 96.75pt;\" width=\"129\" height=\"23\">taille du cadre<\/td>\n<td class=\"et3\" style=\"width: 168.00pt;\" width=\"224\">H63-H355<\/td>\n<td class=\"et3\" style=\"width: 113.25pt;\" width=\"151\">Type d'installation<\/td>\n<td class=\"et3\" style=\"width: 147.75pt;\" width=\"197\">B3\/B5\/B35<\/td>\n<\/tr>\n<tr style=\"height: 35.00pt;\">\n<td class=\"et3\" style=\"height: 35.00pt; width: 96.75pt;\" width=\"129\" height=\"46\">Grade applicable<\/td>\n<td class=\"et3\" style=\"width: 168.00pt;\" width=\"224\">2P,4P,6P<\/td>\n<td class=\"et3\" style=\"width: 113.25pt;\" width=\"151\">m\u00e9thode de refroidissement<\/td>\n<td class=\"et3\" style=\"width: 147.75pt;\" width=\"197\">IC411<\/td>\n<\/tr>\n<tr style=\"height: 34.50pt;\">\n<td class=\"et3\" style=\"height: 34.50pt; width: 96.75pt;\" width=\"129\" height=\"46\">classification thermique<\/td>\n<td class=\"et3\" style=\"width: 168.00pt;\" width=\"224\">F<\/td>\n<td class=\"et3\" style=\"width: 113.25pt;\" width=\"151\">syst\u00e8me de travail<\/td>\n<td class=\"et3\" style=\"width: 147.75pt;\" width=\"197\">S1<\/td>\n<\/tr>\n<tr style=\"height: 26.00pt;\">\n<td class=\"et3\" style=\"height: 26.00pt; width: 96.75pt;\" width=\"129\" height=\"34\">Niveau de protection<\/td>\n<td class=\"et3\" style=\"width: 168.00pt;\" width=\"224\">IP54<\/td>\n<td class=\"et4\">fr\u00e9quence nominale<\/td>\n<td class=\"et4\">50HZ<\/td>\n<\/tr>\n<tr style=\"height: 17.25pt;\">\n<td class=\"et5\" style=\"height: 17.25pt; border-right: .5pt solid #000000;\" colspan=\"4\" height=\"23\">En cas d'exigences particuli\u00e8res concernant la fr\u00e9quence, la tension, la temp\u00e9rature de l'air ambiant, l'altitude, etc.<\/td>\n<\/tr>\n<tr style=\"height: 23.00pt;\">\n<td class=\"et8\" style=\"height: 23.00pt; width: 525.75pt;\" colspan=\"4\" width=\"701\" height=\"30\">Environnement de travail du produit<\/td>\n<\/tr>\n<tr style=\"height: 34.50pt;\">\n<td class=\"et9\" style=\"height: 34.50pt; width: 96.75pt;\" width=\"129\" height=\"46\">plage de temp\u00e9rature<\/td>\n<td class=\"et10\" style=\"width: 429.00pt;\" colspan=\"3\" width=\"572\">La temp\u00e9rature de l'air ambiant varie selon les saisons, mais le maximum est de +40\u00b0C, et le minimum de -15\u00b0C.<\/td>\n<\/tr>\n<tr style=\"height: 40.00pt;\">\n<td class=\"et9\" style=\"height: 40.00pt; width: 96.75pt;\" width=\"129\" height=\"53\">l'humidit\u00e9<\/td>\n<td class=\"et10\" style=\"width: 429.00pt;\" colspan=\"3\" width=\"572\">La moyenne mensuelle de l'humidit\u00e9 relative maximale du mois le plus humide est de 90%, tandis que la moyenne mensuelle de la temp\u00e9rature minimale ne d\u00e9passe pas 25\u00b0C (usine).<\/td>\n<\/tr>\n<tr style=\"height: 17.25pt;\">\n<td class=\"et11\" style=\"height: 17.25pt; width: 96.75pt;\" width=\"129\" height=\"23\">altitude<\/td>\n<td class=\"et12\">Pas plus de 1000m<\/td>\n<td class=\"et13\"><\/td>\n<td class=\"et13\"><\/td>\n<\/tr>\n<\/tbody>\n<\/table>","protected":false},"excerpt":{"rendered":"<p>Le moteur \u00e0 induction triphas\u00e9 \u00e0 cage d'\u00e9cureuil et \u00e0 carter en aluminium de la s\u00e9rie YE3 est un moteur totalement ferm\u00e9 et auto-ventil\u00e9. Con\u00e7u conform\u00e9ment aux normes nationales unifi\u00e9es, il se caract\u00e9rise par un rendement \u00e9nerg\u00e9tique \u00e9lev\u00e9, un couple de d\u00e9marrage \u00e9lev\u00e9, un faible niveau de bruit, des vibrations minimales, une grande fiabilit\u00e9, la conformit\u00e9 aux normes CEI pour les puissances nominales et les dimensions d'installation, ainsi qu'une utilisation et une maintenance ais\u00e9es.<\/p>","protected":false},"featured_media":677,"template":"","meta":{"site-sidebar-layout":"default","site-content-layout":"default","ast-site-content-layout":"default","site-content-style":"default","site-sidebar-style":"default","ast-global-header-display":"","ast-banner-title-visibility":"","ast-main-header-display":"","ast-hfb-above-header-display":"","ast-hfb-below-header-display":"","ast-hfb-mobile-header-display":"","site-post-title":"","ast-breadcrumbs-content":"","ast-featured-img":"","footer-sml-layout":"","ast-disable-related-posts":"","theme-transparent-header-meta":"default","adv-header-id-meta":"","stick-header-meta":"","header-above-stick-meta":"","header-main-stick-meta":"","header-below-stick-meta":"","astra-migrate-meta-layouts":"default","ast-page-background-enabled":"default","ast-page-background-meta":{"desktop":{"background-color":"","background-image":"","background-repeat":"repeat","background-position":"center center","background-size":"auto","background-attachment":"scroll","background-type":"","background-media":"","overlay-type":"","overlay-color":"","overlay-opacity":"","overlay-gradient":""},"tablet":{"background-color":"","background-image":"","background-repeat":"repeat","background-position":"center center","background-size":"auto","background-attachment":"scroll","background-type":"","background-media":"","overlay-type":"","overlay-color":"","overlay-opacity":"","overlay-gradient":""},"mobile":{"background-color":"","background-image":"","background-repeat":"repeat","background-position":"center center","background-size":"auto","background-attachment":"scroll","background-type":"","background-media":"","overlay-type":"","overlay-color":"","overlay-opacity":"","overlay-gradient":""}},"ast-content-background-meta":{"desktop":{"background-color":"var(--ast-global-color-5)","background-image":"","background-repeat":"repeat","background-position":"center center","background-size":"auto","background-attachment":"scroll","background-type":"","background-media":"","overlay-type":"","overlay-color":"","overlay-opacity":"","overlay-gradient":""},"tablet":{"background-color":"var(--ast-global-color-5)","background-image":"","background-repeat":"repeat","background-position":"center center","background-size":"auto","background-attachment":"scroll","background-type":"","background-media":"","overlay-type":"","overlay-color":"","overlay-opacity":"","overlay-gradient":""},"mobile":{"background-color":"var(--ast-global-color-5)","background-image":"","background-repeat":"repeat","background-position":"center center","background-size":"auto","background-attachment":"scroll","background-type":"","background-media":"","overlay-type":"","overlay-color":"","overlay-opacity":"","overlay-gradient":""}}},"product_brand":[],"product_cat":[21],"product_tag":[],"class_list":{"0":"post-676","1":"product","2":"type-product","3":"status-publish","4":"has-post-thumbnail","6":"product_cat-three-phase-asynchronous-ac-motor","7":"desktop-align-left","8":"tablet-align-left","9":"mobile-align-left","10":"ast-product-gallery-layout-vertical-slider","11":"ast-product-tabs-layout-horizontal","13":"first","14":"instock","15":"shipping-taxable","16":"product-type-simple"},"yoast_head":"<!-- This site is optimized with the Yoast SEO plugin v27.4 - https:\/\/yoast.com\/product\/yoast-seo-wordpress\/ -->\n<title>YE3 series aluminum housing three-phase AC motor - Jining Huanzhongyu Electromechanical Co., Ltd.<\/title>\n<meta name=\"robots\" content=\"index, follow, max-snippet:-1, max-image-preview:large, max-video-preview:-1\" \/>\n<link rel=\"canonical\" href=\"https:\/\/www.huanyumotor.com\/fr\/produit\/ye3-series-aluminum-housing-three-phase-ac-motor\/\" \/>\n<meta property=\"og:locale\" content=\"fr_FR\" \/>\n<meta property=\"og:type\" content=\"article\" \/>\n<meta property=\"og:title\" content=\"YE3 series aluminum housing three-phase AC motor - Jining Huanzhongyu Electromechanical Co., Ltd.\" \/>\n<meta property=\"og:description\" content=\"The YE3 series aluminum-cased three-phase squirrel-cage induction motor is a totally enclosed self-ventilated type. Designed according to national unified standards, it features high energy efficiency, high starting torque, low noise, minimal vibration, high reliability, compliance with IEC standards for power ratings and installation dimensions, and convenient operation\/maintenance.\" \/>\n<meta property=\"og:url\" content=\"https:\/\/www.huanyumotor.com\/fr\/produit\/ye3-series-aluminum-housing-three-phase-ac-motor\/\" \/>\n<meta property=\"og:site_name\" content=\"Jining Huanzhongyu Electromechanical Co., Ltd.\" \/>\n<meta property=\"article:publisher\" content=\"https:\/\/www.facebook.com\/profile.php?id=61579475484242&amp;sk=grid\" \/>\n<meta property=\"og:image\" content=\"https:\/\/www.huanyumotor.com\/wp-content\/uploads\/2025\/11\/2_1.jpg\" \/>\n\t<meta property=\"og:image:width\" content=\"800\" \/>\n\t<meta property=\"og:image:height\" content=\"800\" \/>\n\t<meta property=\"og:image:type\" content=\"image\/jpeg\" \/>\n<meta name=\"twitter:card\" content=\"summary_large_image\" \/>\n<meta name=\"twitter:label1\" content=\"Dur\u00e9e de lecture estim\u00e9e\" \/>\n\t<meta name=\"twitter:data1\" content=\"1 minute\" \/>\n<script type=\"application\/ld+json\" class=\"yoast-schema-graph\">{\"@context\":\"https:\\\/\\\/schema.org\",\"@graph\":[{\"@type\":\"WebPage\",\"@id\":\"https:\\\/\\\/www.huanyumotor.com\\\/product\\\/ye3-series-aluminum-housing-three-phase-ac-motor\\\/\",\"url\":\"https:\\\/\\\/www.huanyumotor.com\\\/product\\\/ye3-series-aluminum-housing-three-phase-ac-motor\\\/\",\"name\":\"YE3 series aluminum housing three-phase AC motor - Jining Huanzhongyu Electromechanical Co., Ltd.\",\"isPartOf\":{\"@id\":\"https:\\\/\\\/www.huanyumotor.com\\\/#website\"},\"primaryImageOfPage\":{\"@id\":\"https:\\\/\\\/www.huanyumotor.com\\\/product\\\/ye3-series-aluminum-housing-three-phase-ac-motor\\\/#primaryimage\"},\"image\":{\"@id\":\"https:\\\/\\\/www.huanyumotor.com\\\/product\\\/ye3-series-aluminum-housing-three-phase-ac-motor\\\/#primaryimage\"},\"thumbnailUrl\":\"https:\\\/\\\/www.huanyumotor.com\\\/wp-content\\\/uploads\\\/2025\\\/11\\\/2_1.jpg\",\"datePublished\":\"2025-11-12T02:38:03+00:00\",\"breadcrumb\":{\"@id\":\"https:\\\/\\\/www.huanyumotor.com\\\/product\\\/ye3-series-aluminum-housing-three-phase-ac-motor\\\/#breadcrumb\"},\"inLanguage\":\"fr-FR\",\"potentialAction\":[{\"@type\":\"ReadAction\",\"target\":[\"https:\\\/\\\/www.huanyumotor.com\\\/product\\\/ye3-series-aluminum-housing-three-phase-ac-motor\\\/\"]}]},{\"@type\":\"ImageObject\",\"inLanguage\":\"fr-FR\",\"@id\":\"https:\\\/\\\/www.huanyumotor.com\\\/product\\\/ye3-series-aluminum-housing-three-phase-ac-motor\\\/#primaryimage\",\"url\":\"https:\\\/\\\/www.huanyumotor.com\\\/wp-content\\\/uploads\\\/2025\\\/11\\\/2_1.jpg\",\"contentUrl\":\"https:\\\/\\\/www.huanyumotor.com\\\/wp-content\\\/uploads\\\/2025\\\/11\\\/2_1.jpg\",\"width\":800,\"height\":800},{\"@type\":\"BreadcrumbList\",\"@id\":\"https:\\\/\\\/www.huanyumotor.com\\\/product\\\/ye3-series-aluminum-housing-three-phase-ac-motor\\\/#breadcrumb\",\"itemListElement\":[{\"@type\":\"ListItem\",\"position\":1,\"name\":\"\u9996\u9875\",\"item\":\"https:\\\/\\\/www.huanyumotor.com\\\/\"},{\"@type\":\"ListItem\",\"position\":2,\"name\":\"Products\",\"item\":\"https:\\\/\\\/www.huanyumotor.com\\\/products\\\/\"},{\"@type\":\"ListItem\",\"position\":3,\"name\":\"YE3 series aluminum housing three-phase AC motor\"}]},{\"@type\":\"WebSite\",\"@id\":\"https:\\\/\\\/www.huanyumotor.com\\\/#website\",\"url\":\"https:\\\/\\\/www.huanyumotor.com\\\/\",\"name\":\"Jining Huanzhongyu Electromechanical Co., Ltd.\",\"description\":\"\",\"publisher\":{\"@id\":\"https:\\\/\\\/www.huanyumotor.com\\\/#organization\"},\"potentialAction\":[{\"@type\":\"SearchAction\",\"target\":{\"@type\":\"EntryPoint\",\"urlTemplate\":\"https:\\\/\\\/www.huanyumotor.com\\\/?s={search_term_string}\"},\"query-input\":{\"@type\":\"PropertyValueSpecification\",\"valueRequired\":true,\"valueName\":\"search_term_string\"}}],\"inLanguage\":\"fr-FR\"},{\"@type\":\"Organization\",\"@id\":\"https:\\\/\\\/www.huanyumotor.com\\\/#organization\",\"name\":\"Jining Huanzhongyu Electromechanical Co., Ltd.\",\"url\":\"https:\\\/\\\/www.huanyumotor.com\\\/\",\"logo\":{\"@type\":\"ImageObject\",\"inLanguage\":\"fr-FR\",\"@id\":\"https:\\\/\\\/www.huanyumotor.com\\\/#\\\/schema\\\/logo\\\/image\\\/\",\"url\":\"https:\\\/\\\/www.huanyumotor.com\\\/wp-content\\\/uploads\\\/2025\\\/11\\\/logo.webp\",\"contentUrl\":\"https:\\\/\\\/www.huanyumotor.com\\\/wp-content\\\/uploads\\\/2025\\\/11\\\/logo.webp\",\"width\":468,\"height\":242,\"caption\":\"Jining Huanzhongyu Electromechanical Co., Ltd.\"},\"image\":{\"@id\":\"https:\\\/\\\/www.huanyumotor.com\\\/#\\\/schema\\\/logo\\\/image\\\/\"},\"sameAs\":[\"https:\\\/\\\/www.facebook.com\\\/profile.php?id=61579475484242&sk=grid\"]}]}<\/script>\n<!-- \/ Yoast SEO plugin. -->","yoast_head_json":{"title":"YE3 series aluminum housing three-phase AC motor - Jining Huanzhongyu Electromechanical Co., Ltd.","robots":{"index":"index","follow":"follow","max-snippet":"max-snippet:-1","max-image-preview":"max-image-preview:large","max-video-preview":"max-video-preview:-1"},"canonical":"https:\/\/www.huanyumotor.com\/fr\/produit\/ye3-series-aluminum-housing-three-phase-ac-motor\/","og_locale":"fr_FR","og_type":"article","og_title":"YE3 series aluminum housing three-phase AC motor - Jining Huanzhongyu Electromechanical Co., Ltd.","og_description":"The YE3 series aluminum-cased three-phase squirrel-cage induction motor is a totally enclosed self-ventilated type. Designed according to national unified standards, it features high energy efficiency, high starting torque, low noise, minimal vibration, high reliability, compliance with IEC standards for power ratings and installation dimensions, and convenient operation\/maintenance.","og_url":"https:\/\/www.huanyumotor.com\/fr\/produit\/ye3-series-aluminum-housing-three-phase-ac-motor\/","og_site_name":"Jining Huanzhongyu Electromechanical Co., Ltd.","article_publisher":"https:\/\/www.facebook.com\/profile.php?id=61579475484242&sk=grid","og_image":[{"width":800,"height":800,"url":"https:\/\/www.huanyumotor.com\/wp-content\/uploads\/2025\/11\/2_1.jpg","type":"image\/jpeg"}],"twitter_card":"summary_large_image","twitter_misc":{"Dur\u00e9e de lecture estim\u00e9e":"1 minute"},"schema":{"@context":"https:\/\/schema.org","@graph":[{"@type":"WebPage","@id":"https:\/\/www.huanyumotor.com\/product\/ye3-series-aluminum-housing-three-phase-ac-motor\/","url":"https:\/\/www.huanyumotor.com\/product\/ye3-series-aluminum-housing-three-phase-ac-motor\/","name":"YE3 series aluminum housing three-phase AC motor - Jining Huanzhongyu Electromechanical Co., Ltd.","isPartOf":{"@id":"https:\/\/www.huanyumotor.com\/#website"},"primaryImageOfPage":{"@id":"https:\/\/www.huanyumotor.com\/product\/ye3-series-aluminum-housing-three-phase-ac-motor\/#primaryimage"},"image":{"@id":"https:\/\/www.huanyumotor.com\/product\/ye3-series-aluminum-housing-three-phase-ac-motor\/#primaryimage"},"thumbnailUrl":"https:\/\/www.huanyumotor.com\/wp-content\/uploads\/2025\/11\/2_1.jpg","datePublished":"2025-11-12T02:38:03+00:00","breadcrumb":{"@id":"https:\/\/www.huanyumotor.com\/product\/ye3-series-aluminum-housing-three-phase-ac-motor\/#breadcrumb"},"inLanguage":"fr-FR","potentialAction":[{"@type":"ReadAction","target":["https:\/\/www.huanyumotor.com\/product\/ye3-series-aluminum-housing-three-phase-ac-motor\/"]}]},{"@type":"ImageObject","inLanguage":"fr-FR","@id":"https:\/\/www.huanyumotor.com\/product\/ye3-series-aluminum-housing-three-phase-ac-motor\/#primaryimage","url":"https:\/\/www.huanyumotor.com\/wp-content\/uploads\/2025\/11\/2_1.jpg","contentUrl":"https:\/\/www.huanyumotor.com\/wp-content\/uploads\/2025\/11\/2_1.jpg","width":800,"height":800},{"@type":"BreadcrumbList","@id":"https:\/\/www.huanyumotor.com\/product\/ye3-series-aluminum-housing-three-phase-ac-motor\/#breadcrumb","itemListElement":[{"@type":"ListItem","position":1,"name":"\u9996\u9875","item":"https:\/\/www.huanyumotor.com\/"},{"@type":"ListItem","position":2,"name":"Products","item":"https:\/\/www.huanyumotor.com\/products\/"},{"@type":"ListItem","position":3,"name":"YE3 series aluminum housing three-phase AC motor"}]},{"@type":"WebSite","@id":"https:\/\/www.huanyumotor.com\/#website","url":"https:\/\/www.huanyumotor.com\/","name":"Jining Huanzhongyu Electromechanical Co, Ltd.","description":"","publisher":{"@id":"https:\/\/www.huanyumotor.com\/#organization"},"potentialAction":[{"@type":"SearchAction","target":{"@type":"EntryPoint","urlTemplate":"https:\/\/www.huanyumotor.com\/?s={search_term_string}"},"query-input":{"@type":"PropertyValueSpecification","valueRequired":true,"valueName":"search_term_string"}}],"inLanguage":"fr-FR"},{"@type":"Organization","@id":"https:\/\/www.huanyumotor.com\/#organization","name":"Jining Huanzhongyu Electromechanical Co, Ltd.","url":"https:\/\/www.huanyumotor.com\/","logo":{"@type":"ImageObject","inLanguage":"fr-FR","@id":"https:\/\/www.huanyumotor.com\/#\/schema\/logo\/image\/","url":"https:\/\/www.huanyumotor.com\/wp-content\/uploads\/2025\/11\/logo.webp","contentUrl":"https:\/\/www.huanyumotor.com\/wp-content\/uploads\/2025\/11\/logo.webp","width":468,"height":242,"caption":"Jining Huanzhongyu Electromechanical Co., Ltd."},"image":{"@id":"https:\/\/www.huanyumotor.com\/#\/schema\/logo\/image\/"},"sameAs":["https:\/\/www.facebook.com\/profile.php?id=61579475484242&sk=grid"]}]}},"_links":{"self":[{"href":"https:\/\/www.huanyumotor.com\/fr\/wp-json\/wp\/v2\/product\/676","targetHints":{"allow":["GET"]}}],"collection":[{"href":"https:\/\/www.huanyumotor.com\/fr\/wp-json\/wp\/v2\/product"}],"about":[{"href":"https:\/\/www.huanyumotor.com\/fr\/wp-json\/wp\/v2\/types\/product"}],"wp:featuredmedia":[{"embeddable":true,"href":"https:\/\/www.huanyumotor.com\/fr\/wp-json\/wp\/v2\/media\/677"}],"wp:attachment":[{"href":"https:\/\/www.huanyumotor.com\/fr\/wp-json\/wp\/v2\/media?parent=676"}],"wp:term":[{"taxonomy":"product_brand","embeddable":true,"href":"https:\/\/www.huanyumotor.com\/fr\/wp-json\/wp\/v2\/product_brand?post=676"},{"taxonomy":"product_cat","embeddable":true,"href":"https:\/\/www.huanyumotor.com\/fr\/wp-json\/wp\/v2\/product_cat?post=676"},{"taxonomy":"product_tag","embeddable":true,"href":"https:\/\/www.huanyumotor.com\/fr\/wp-json\/wp\/v2\/product_tag?post=676"}],"curies":[{"name":"wp","href":"https:\/\/api.w.org\/{rel}","templated":true}]}}