{"id":526,"date":"2018-11-26T12:45:57","date_gmt":"2018-11-26T12:45:57","guid":{"rendered":"http:\/\/www.huanyumotor.com\/index.php\/about\/"},"modified":"2025-11-12T10:55:09","modified_gmt":"2025-11-12T02:55:09","slug":"about","status":"publish","type":"page","link":"https:\/\/www.huanyumotor.com\/vi\/about\/","title":{"rendered":"V\u1ec1"},"content":{"rendered":"<div data-elementor-type=\"wp-post\" data-elementor-id=\"526\" class=\"elementor elementor-526\">\n\t\t\t\t\t\t<section class=\"elementor-section elementor-top-section elementor-element elementor-element-1b5d768b elementor-section-content-middle elementor-section-boxed elementor-section-height-default elementor-section-height-default\" data-id=\"1b5d768b\" data-element_type=\"section\" data-e-type=\"section\" data-settings=\"{&quot;background_background&quot;:&quot;classic&quot;}\">\n\t\t\t\t\t\t\t<div class=\"elementor-background-overlay\"><\/div>\n\t\t\t\t\t\t\t<div class=\"elementor-container elementor-column-gap-no\">\n\t\t\t\t\t<div class=\"elementor-column elementor-col-100 elementor-top-column elementor-element elementor-element-1608c15b\" data-id=\"1608c15b\" data-element_type=\"column\" data-e-type=\"column\">\n\t\t\t<div class=\"elementor-widget-wrap elementor-element-populated\">\n\t\t\t\t\t\t<div class=\"elementor-element elementor-element-321a34b8 elementor-widget elementor-widget-heading\" data-id=\"321a34b8\" data-element_type=\"widget\" data-e-type=\"widget\" data-widget_type=\"heading.default\">\n\t\t\t\t<div class=\"elementor-widget-container\">\n\t\t\t\t\t<h1 class=\"elementor-heading-title elementor-size-default\">Gi\u1edbi thi\u1ec7u v\u1ec1 ch\u00fang t\u00f4i<\/h1>\t\t\t\t<\/div>\n\t\t\t\t<\/div>\n\t\t\t\t\t<\/div>\n\t\t<\/div>\n\t\t\t\t\t<\/div>\n\t\t<\/section>\n\t\t\t\t<section class=\"elementor-section elementor-top-section elementor-element elementor-element-54dfedde elementor-section-content-top elementor-section-boxed elementor-section-height-default elementor-section-height-default\" data-id=\"54dfedde\" data-element_type=\"section\" data-e-type=\"section\" data-settings=\"{&quot;background_background&quot;:&quot;classic&quot;}\">\n\t\t\t\t\t\t<div class=\"elementor-container elementor-column-gap-no\">\n\t\t\t\t\t<div class=\"elementor-column elementor-col-50 elementor-top-column elementor-element elementor-element-3b5232b7\" data-id=\"3b5232b7\" data-element_type=\"column\" data-e-type=\"column\">\n\t\t\t<div class=\"elementor-widget-wrap elementor-element-populated\">\n\t\t\t\t\t\t<div class=\"elementor-element elementor-element-3f123748 elementor-widget elementor-widget-heading\" data-id=\"3f123748\" data-element_type=\"widget\" data-e-type=\"widget\" data-widget_type=\"heading.default\">\n\t\t\t\t<div class=\"elementor-widget-container\">\n\t\t\t\t\t<h5 class=\"elementor-heading-title elementor-size-default\">C\u00f4ng ty TNHH \u0110i\u1ec7n c\u01a1 Huanchengyu Jining.<\/h5>\t\t\t\t<\/div>\n\t\t\t\t<\/div>\n\t\t\t\t<div class=\"elementor-element elementor-element-ac1409d elementor-widget elementor-widget-heading\" data-id=\"ac1409d\" data-element_type=\"widget\" data-e-type=\"widget\" data-widget_type=\"heading.default\">\n\t\t\t\t<div class=\"elementor-widget-container\">\n\t\t\t\t\t<h2 class=\"elementor-heading-title elementor-size-default\"> \u0110\u1ed5i m\u1edbi l\u00e0 \u0111\u1ed9ng l\u1ef1c, Ch\u1ea5t l\u01b0\u1ee3ng xu\u1ea5t s\u1eafc<\/h2>\t\t\t\t<\/div>\n\t\t\t\t<\/div>\n\t\t\t\t<div class=\"elementor-element elementor-element-3d34218 elementor-widget elementor-widget-image\" data-id=\"3d34218\" data-element_type=\"widget\" data-e-type=\"widget\" data-widget_type=\"image.default\">\n\t\t\t\t<div class=\"elementor-widget-container\">\n\t\t\t\t\t\t\t\t\t\t\t\t\t\t\t<img fetchpriority=\"high\" decoding=\"async\" width=\"1024\" height=\"776\" src=\"https:\/\/www.huanyumotor.com\/wp-content\/uploads\/2025\/11\/bdded167859d752d02ff4d94943e6fa1.jpg\" class=\"attachment-large size-large wp-image-709\" alt=\"\" \/>\t\t\t\t\t\t\t\t\t\t\t\t\t\t\t<\/div>\n\t\t\t\t<\/div>\n\t\t\t\t\t<\/div>\n\t\t<\/div>\n\t\t\t\t<div class=\"elementor-column elementor-col-50 elementor-top-column elementor-element elementor-element-3cf1fd6\" data-id=\"3cf1fd6\" data-element_type=\"column\" data-e-type=\"column\">\n\t\t\t<div class=\"elementor-widget-wrap elementor-element-populated\">\n\t\t\t\t\t\t<div class=\"elementor-element elementor-element-48d89661 elementor-widget elementor-widget-text-editor\" data-id=\"48d89661\" data-element_type=\"widget\" data-e-type=\"widget\" data-widget_type=\"text-editor.default\">\n\t\t\t\t<div class=\"elementor-widget-container\">\n\t\t\t\t\t\t\t\t\t<p>V\u1edbi t\u01b0 c\u00e1ch l\u00e0 nh\u00e0 s\u1ea3n xu\u1ea5t h\u00e0ng \u0111\u1ea7u v\u1ec1 \u0111\u1ed9ng c\u01a1 nh\u1ecf v\u00e0 trung b\u00ecnh, C\u00f4ng ty TNHH \u0110i\u1ec7n c\u01a1 Jining Huanchengyu cung c\u1ea5p c\u00e1c s\u1ea3n ph\u1ea9m \u0111\u00e1ng tin c\u1eady v\u00e0 hi\u1ec7u su\u1ea5t cao, nh\u1edd v\u00e0o kh\u1ea3 n\u0103ng nghi\u00ean c\u1ee9u v\u00e0 ph\u00e1t tri\u1ec3n (R&amp;D) m\u1ea1nh m\u1ebd, trang thi\u1ebft b\u1ecb hi\u1ec7n \u0111\u1ea1i v\u00e0 c\u00f4ng ngh\u1ec7 k\u1ef9 thu\u1eadt ch\u00ednh x\u00e1c. Ch\u00fang t\u00f4i k\u1ebft h\u1ee3p ki\u1ec3m so\u00e1t ch\u1ea5t l\u01b0\u1ee3ng nghi\u00eam ng\u1eb7t v\u1edbi kh\u1ea3 n\u0103ng t\u00f9y ch\u1ec9nh linh ho\u1ea1t \u0111\u1ec3 \u0111\u00e1p \u1ee9ng nhu c\u1ea7u \u0111a d\u1ea1ng c\u1ee7a kh\u00e1ch h\u00e0ng to\u00e0n c\u1ea7u, t\u1eeb vi\u1ec7c l\u1ef1a ch\u1ecdn s\u1ea3n ph\u1ea9m \u0111\u1ebfn thi\u1ebft k\u1ebf v\u00e0 s\u1ea3n xu\u1ea5t theo y\u00eau c\u1ea7u.<\/p>\t\t\t\t\t\t\t\t<\/div>\n\t\t\t\t<\/div>\n\t\t\t\t<div class=\"elementor-element elementor-element-75c6e16 elementor-widget elementor-widget-heading\" data-id=\"75c6e16\" data-element_type=\"widget\" data-e-type=\"widget\" data-widget_type=\"heading.default\">\n\t\t\t\t<div class=\"elementor-widget-container\">\n\t\t\t\t\t<h3 class=\"elementor-heading-title elementor-size-default\">H\u1ee3p t\u00e1c v\u1edbi ch\u00fang t\u00f4i<\/h3>\t\t\t\t<\/div>\n\t\t\t\t<\/div>\n\t\t\t\t<div class=\"elementor-element elementor-element-1b42c948 elementor-widget elementor-widget-text-editor\" data-id=\"1b42c948\" data-element_type=\"widget\" data-e-type=\"widget\" data-widget_type=\"text-editor.default\">\n\t\t\t\t<div class=\"elementor-widget-container\">\n\t\t\t\t\t\t\t\t\t<p>Ch\u00fang t\u00f4i cam k\u1ebft h\u1ed7 tr\u1ee3 doanh nghi\u1ec7p c\u1ee7a b\u1ea1n th\u00f4ng qua c\u00e1c h\u1ec7 th\u1ed1ng \u0111\u1ed9ng c\u01a1 hi\u1ec7u qu\u1ea3 v\u00e0 b\u1ec1n b\u1ec9. D\u00f9 b\u1ea1n c\u1ea7n s\u1ea3n ph\u1ea9m ti\u00eau chu\u1ea9n hay gi\u1ea3i ph\u00e1p t\u00f9y ch\u1ec9nh, \u0111\u1ed9i ng\u0169 c\u1ee7a ch\u00fang t\u00f4i lu\u00f4n s\u1eb5n s\u00e0ng h\u1ee3p t\u00e1c v\u1edbi b\u1ea1n.<\/p><p>H\u00e3y li\u00ean h\u1ec7 v\u1edbi ch\u00fang t\u00f4i ngay h\u00f4m nay \u0111\u1ec3 th\u1ea3o lu\u1eadn v\u1ec1 nhu c\u1ea7u c\u1ee7a b\u1ea1n v\u00e0 thi\u1ebft l\u1eadp m\u1ed9t m\u1ed1i quan h\u1ec7 h\u1ee3p t\u00e1c l\u00e2u d\u00e0i mang l\u1ea1i l\u1ee3i \u00edch cho c\u1ea3 hai b\u00ean!<\/p>\t\t\t\t\t\t\t\t<\/div>\n\t\t\t\t<\/div>\n\t\t\t\t\t<\/div>\n\t\t<\/div>\n\t\t\t\t\t<\/div>\n\t\t<\/section>\n\t\t\t\t<section class=\"elementor-section elementor-top-section elementor-element elementor-element-40a873ed elementor-section-content-top elementor-section-boxed elementor-section-height-default elementor-section-height-default\" data-id=\"40a873ed\" data-element_type=\"section\" data-e-type=\"section\">\n\t\t\t\t\t\t\t<div class=\"elementor-background-overlay\"><\/div>\n\t\t\t\t\t\t\t<div class=\"elementor-container elementor-column-gap-no\">\n\t\t\t\t\t<div class=\"elementor-column elementor-col-100 elementor-top-column elementor-element elementor-element-7b7e5e6f\" data-id=\"7b7e5e6f\" data-element_type=\"column\" data-e-type=\"column\">\n\t\t\t<div class=\"elementor-widget-wrap elementor-element-populated\">\n\t\t\t\t\t\t<section class=\"elementor-section elementor-inner-section elementor-element elementor-element-34031a92 elementor-section-content-top elementor-section-boxed elementor-section-height-default elementor-section-height-default\" data-id=\"34031a92\" data-element_type=\"section\" data-e-type=\"section\">\n\t\t\t\t\t\t<div class=\"elementor-container elementor-column-gap-no\">\n\t\t\t\t\t<div class=\"elementor-column elementor-col-25 elementor-inner-column elementor-element elementor-element-5448305b\" data-id=\"5448305b\" data-element_type=\"column\" data-e-type=\"column\">\n\t\t\t<div class=\"elementor-widget-wrap elementor-element-populated\">\n\t\t\t\t\t\t<div class=\"elementor-element elementor-element-467a4611 elementor-widget elementor-widget-heading\" data-id=\"467a4611\" data-element_type=\"widget\" data-e-type=\"widget\" data-widget_type=\"heading.default\">\n\t\t\t\t<div class=\"elementor-widget-container\">\n\t\t\t\t\t<h5 class=\"elementor-heading-title elementor-size-default\">M\u1ed9t s\u1ed1 s\u1ef1 th\u1eadt th\u00fa v\u1ecb<\/h5>\t\t\t\t<\/div>\n\t\t\t\t<\/div>\n\t\t\t\t<div class=\"elementor-element elementor-element-8b5a159 elementor-widget elementor-widget-heading\" data-id=\"8b5a159\" data-element_type=\"widget\" data-e-type=\"widget\" data-widget_type=\"heading.default\">\n\t\t\t\t<div class=\"elementor-widget-container\">\n\t\t\t\t\t<h2 class=\"elementor-heading-title elementor-size-default\">Con s\u1ed1 n\u00f3i l\u00ean t\u1ea5t c\u1ea3<\/h2>\t\t\t\t<\/div>\n\t\t\t\t<\/div>\n\t\t\t\t\t<\/div>\n\t\t<\/div>\n\t\t\t\t<div class=\"elementor-column elementor-col-25 elementor-inner-column elementor-element elementor-element-4633458d\" data-id=\"4633458d\" data-element_type=\"column\" data-e-type=\"column\">\n\t\t\t<div class=\"elementor-widget-wrap elementor-element-populated\">\n\t\t\t\t\t\t<div class=\"elementor-element elementor-element-3203a315 elementor-widget elementor-widget-counter\" data-id=\"3203a315\" data-element_type=\"widget\" data-e-type=\"widget\" data-widget_type=\"counter.default\">\n\t\t\t\t<div class=\"elementor-widget-container\">\n\t\t\t\t\t\t\t<div class=\"elementor-counter\">\n\t\t\t<div class=\"elementor-counter-title\">S\u1ea3n ph\u1ea9m<\/div>\t\t\t<div class=\"elementor-counter-number-wrapper\">\n\t\t\t\t<span class=\"elementor-counter-number-prefix\"><\/span>\n\t\t\t\t<span class=\"elementor-counter-number\" data-duration=\"2000\" data-to-value=\"150\" data-from-value=\"0\" data-delimiter=\",\">0<\/span>\n\t\t\t\t<span class=\"elementor-counter-number-suffix\"><\/span>\n\t\t\t<\/div>\n\t\t<\/div>\n\t\t\t\t\t\t<\/div>\n\t\t\t\t<\/div>\n\t\t\t\t\t<\/div>\n\t\t<\/div>\n\t\t\t\t<div class=\"elementor-column elementor-col-25 elementor-inner-column elementor-element elementor-element-52bad5d5\" data-id=\"52bad5d5\" data-element_type=\"column\" data-e-type=\"column\">\n\t\t\t<div class=\"elementor-widget-wrap elementor-element-populated\">\n\t\t\t\t\t\t<div class=\"elementor-element elementor-element-4267e238 elementor-widget elementor-widget-counter\" data-id=\"4267e238\" data-element_type=\"widget\" data-e-type=\"widget\" data-widget_type=\"counter.default\">\n\t\t\t\t<div class=\"elementor-widget-container\">\n\t\t\t\t\t\t\t<div class=\"elementor-counter\">\n\t\t\t<div class=\"elementor-counter-title\">N\u0103m kinh nghi\u1ec7m<\/div>\t\t\t<div class=\"elementor-counter-number-wrapper\">\n\t\t\t\t<span class=\"elementor-counter-number-prefix\"><\/span>\n\t\t\t\t<span class=\"elementor-counter-number\" data-duration=\"2000\" data-to-value=\"15\" data-from-value=\"0\" data-delimiter=\",\">0<\/span>\n\t\t\t\t<span class=\"elementor-counter-number-suffix\"><\/span>\n\t\t\t<\/div>\n\t\t<\/div>\n\t\t\t\t\t\t<\/div>\n\t\t\t\t<\/div>\n\t\t\t\t\t<\/div>\n\t\t<\/div>\n\t\t\t\t<div class=\"elementor-column elementor-col-25 elementor-inner-column elementor-element elementor-element-4e9c9540\" data-id=\"4e9c9540\" data-element_type=\"column\" data-e-type=\"column\">\n\t\t\t<div class=\"elementor-widget-wrap elementor-element-populated\">\n\t\t\t\t\t\t<div class=\"elementor-element elementor-element-3bbb0bc4 elementor-widget elementor-widget-counter\" data-id=\"3bbb0bc4\" data-element_type=\"widget\" data-e-type=\"widget\" data-widget_type=\"counter.default\">\n\t\t\t\t<div class=\"elementor-widget-container\">\n\t\t\t\t\t\t\t<div class=\"elementor-counter\">\n\t\t\t<div class=\"elementor-counter-title\">D\u1ef1 \u00e1n \u0111\u00e3 ho\u00e0n th\u00e0nh<\/div>\t\t\t<div class=\"elementor-counter-number-wrapper\">\n\t\t\t\t<span class=\"elementor-counter-number-prefix\"><\/span>\n\t\t\t\t<span class=\"elementor-counter-number\" data-duration=\"2000\" data-to-value=\"250\" data-from-value=\"0\" data-delimiter=\",\">0<\/span>\n\t\t\t\t<span class=\"elementor-counter-number-suffix\"><\/span>\n\t\t\t<\/div>\n\t\t<\/div>\n\t\t\t\t\t\t<\/div>\n\t\t\t\t<\/div>\n\t\t\t\t\t<\/div>\n\t\t<\/div>\n\t\t\t\t\t<\/div>\n\t\t<\/section>\n\t\t\t\t\t<\/div>\n\t\t<\/div>\n\t\t\t\t\t<\/div>\n\t\t<\/section>\n\t\t\t\t<\/div>","protected":false},"excerpt":{"rendered":"<p>About Us Jining Huanchengyu Electromechanical Co., Ltd. Innovation-driven, Excellent Quality As a leading manufacturer of small and medium-sized motors, Jining Huanchengyu Electromechanical Co., Ltd. offers reliable, high-performance products, leveraging its robust R&amp;D capabilities, cutting-edge equipment, and precise engineering technology. We integrate rigorous quality control with flexible customization to cater to the diverse needs of global [&hellip;]<\/p>","protected":false},"author":1,"featured_media":0,"parent":0,"menu_order":0,"comment_status":"closed","ping_status":"closed","template":"","meta":{"site-sidebar-layout":"no-sidebar","site-content-layout":"page-builder","ast-site-content-layout":"default","site-content-style":"default","site-sidebar-style":"default","ast-global-header-display":"","ast-banner-title-visibility":"","ast-main-header-display":"","ast-hfb-above-header-display":"","ast-hfb-below-header-display":"","ast-hfb-mobile-header-display":"","site-post-title":"disabled","ast-breadcrumbs-content":"","ast-featured-img":"disabled","footer-sml-layout":"","ast-disable-related-posts":"","theme-transparent-header-meta":"enabled","adv-header-id-meta":"","stick-header-meta":"","header-above-stick-meta":"","header-main-stick-meta":"","header-below-stick-meta":"","astra-migrate-meta-layouts":"default","ast-page-background-enabled":"default","ast-page-background-meta":{"desktop":{"background-color":"","background-image":"","background-repeat":"repeat","background-position":"center center","background-size":"auto","background-attachment":"scroll","background-type":"","background-media":"","overlay-type":"","overlay-color":"","overlay-opacity":"","overlay-gradient":""},"tablet":{"background-color":"","background-image":"","background-repeat":"repeat","background-position":"center center","background-size":"auto","background-attachment":"scroll","background-type":"","background-media":"","overlay-type":"","overlay-color":"","overlay-opacity":"","overlay-gradient":""},"mobile":{"background-color":"","background-image":"","background-repeat":"repeat","background-position":"center center","background-size":"auto","background-attachment":"scroll","background-type":"","background-media":"","overlay-type":"","overlay-color":"","overlay-opacity":"","overlay-gradient":""}},"ast-content-background-meta":{"desktop":{"background-color":"var(--ast-global-color-5)","background-image":"","background-repeat":"repeat","background-position":"center center","background-size":"auto","background-attachment":"scroll","background-type":"","background-media":"","overlay-type":"","overlay-color":"","overlay-opacity":"","overlay-gradient":""},"tablet":{"background-color":"var(--ast-global-color-5)","background-image":"","background-repeat":"repeat","background-position":"center center","background-size":"auto","background-attachment":"scroll","background-type":"","background-media":"","overlay-type":"","overlay-color":"","overlay-opacity":"","overlay-gradient":""},"mobile":{"background-color":"var(--ast-global-color-5)","background-image":"","background-repeat":"repeat","background-position":"center center","background-size":"auto","background-attachment":"scroll","background-type":"","background-media":"","overlay-type":"","overlay-color":"","overlay-opacity":"","overlay-gradient":""}},"footnotes":""},"class_list":["post-526","page","type-page","status-publish","hentry"],"yoast_head":"<!-- This site is optimized with the Yoast SEO plugin v27.4 - https:\/\/yoast.com\/product\/yoast-seo-wordpress\/ -->\n<title>About - Jining Huanzhongyu Electromechanical Co., Ltd.<\/title>\n<meta name=\"robots\" content=\"index, follow, max-snippet:-1, max-image-preview:large, max-video-preview:-1\" \/>\n<link rel=\"canonical\" href=\"https:\/\/www.huanyumotor.com\/vi\/about\/\" \/>\n<meta property=\"og:locale\" content=\"vi_VN\" \/>\n<meta property=\"og:type\" content=\"article\" \/>\n<meta property=\"og:title\" content=\"About - Jining Huanzhongyu Electromechanical Co., Ltd.\" \/>\n<meta property=\"og:description\" content=\"About Us Jining Huanchengyu Electromechanical Co., Ltd. Innovation-driven, Excellent Quality As a leading manufacturer of small and medium-sized motors, Jining Huanchengyu Electromechanical Co., Ltd. offers reliable, high-performance products, leveraging its robust R&amp;D capabilities, cutting-edge equipment, and precise engineering technology. We integrate rigorous quality control with flexible customization to cater to the diverse needs of global [&hellip;]\" \/>\n<meta property=\"og:url\" content=\"https:\/\/www.huanyumotor.com\/vi\/about\/\" \/>\n<meta property=\"og:site_name\" content=\"Jining Huanzhongyu Electromechanical Co., Ltd.\" \/>\n<meta property=\"article:publisher\" content=\"https:\/\/www.facebook.com\/profile.php?id=61579475484242&amp;sk=grid\" \/>\n<meta property=\"article:modified_time\" content=\"2025-11-12T02:55:09+00:00\" \/>\n<meta property=\"og:image\" content=\"http:\/\/www.huanyumotor.com\/wp-content\/uploads\/2025\/11\/bdded167859d752d02ff4d94943e6fa1.jpg\" \/>\n<meta name=\"twitter:card\" content=\"summary_large_image\" \/>\n<meta name=\"twitter:label1\" content=\"\u01af\u1edbc t\u00ednh th\u1eddi gian \u0111\u1ecdc\" \/>\n\t<meta name=\"twitter:data1\" content=\"2 ph\u00fat\" \/>\n<script type=\"application\/ld+json\" class=\"yoast-schema-graph\">{\"@context\":\"https:\\\/\\\/schema.org\",\"@graph\":[{\"@type\":\"WebPage\",\"@id\":\"https:\\\/\\\/www.huanyumotor.com\\\/about\\\/\",\"url\":\"https:\\\/\\\/www.huanyumotor.com\\\/about\\\/\",\"name\":\"About - Jining Huanzhongyu Electromechanical Co., Ltd.\",\"isPartOf\":{\"@id\":\"https:\\\/\\\/www.huanyumotor.com\\\/#website\"},\"primaryImageOfPage\":{\"@id\":\"https:\\\/\\\/www.huanyumotor.com\\\/about\\\/#primaryimage\"},\"image\":{\"@id\":\"https:\\\/\\\/www.huanyumotor.com\\\/about\\\/#primaryimage\"},\"thumbnailUrl\":\"http:\\\/\\\/www.huanyumotor.com\\\/wp-content\\\/uploads\\\/2025\\\/11\\\/bdded167859d752d02ff4d94943e6fa1.jpg\",\"datePublished\":\"2018-11-26T12:45:57+00:00\",\"dateModified\":\"2025-11-12T02:55:09+00:00\",\"breadcrumb\":{\"@id\":\"https:\\\/\\\/www.huanyumotor.com\\\/about\\\/#breadcrumb\"},\"inLanguage\":\"vi\",\"potentialAction\":[{\"@type\":\"ReadAction\",\"target\":[\"https:\\\/\\\/www.huanyumotor.com\\\/about\\\/\"]}]},{\"@type\":\"ImageObject\",\"inLanguage\":\"vi\",\"@id\":\"https:\\\/\\\/www.huanyumotor.com\\\/about\\\/#primaryimage\",\"url\":\"http:\\\/\\\/www.huanyumotor.com\\\/wp-content\\\/uploads\\\/2025\\\/11\\\/bdded167859d752d02ff4d94943e6fa1.jpg\",\"contentUrl\":\"http:\\\/\\\/www.huanyumotor.com\\\/wp-content\\\/uploads\\\/2025\\\/11\\\/bdded167859d752d02ff4d94943e6fa1.jpg\"},{\"@type\":\"BreadcrumbList\",\"@id\":\"https:\\\/\\\/www.huanyumotor.com\\\/about\\\/#breadcrumb\",\"itemListElement\":[{\"@type\":\"ListItem\",\"position\":1,\"name\":\"\u9996\u9875\",\"item\":\"https:\\\/\\\/www.huanyumotor.com\\\/\"},{\"@type\":\"ListItem\",\"position\":2,\"name\":\"About\"}]},{\"@type\":\"WebSite\",\"@id\":\"https:\\\/\\\/www.huanyumotor.com\\\/#website\",\"url\":\"https:\\\/\\\/www.huanyumotor.com\\\/\",\"name\":\"Jining Huanzhongyu Electromechanical Co., Ltd.\",\"description\":\"\",\"publisher\":{\"@id\":\"https:\\\/\\\/www.huanyumotor.com\\\/#organization\"},\"potentialAction\":[{\"@type\":\"SearchAction\",\"target\":{\"@type\":\"EntryPoint\",\"urlTemplate\":\"https:\\\/\\\/www.huanyumotor.com\\\/?s={search_term_string}\"},\"query-input\":{\"@type\":\"PropertyValueSpecification\",\"valueRequired\":true,\"valueName\":\"search_term_string\"}}],\"inLanguage\":\"vi\"},{\"@type\":\"Organization\",\"@id\":\"https:\\\/\\\/www.huanyumotor.com\\\/#organization\",\"name\":\"Jining Huanzhongyu Electromechanical Co., Ltd.\",\"url\":\"https:\\\/\\\/www.huanyumotor.com\\\/\",\"logo\":{\"@type\":\"ImageObject\",\"inLanguage\":\"vi\",\"@id\":\"https:\\\/\\\/www.huanyumotor.com\\\/#\\\/schema\\\/logo\\\/image\\\/\",\"url\":\"https:\\\/\\\/www.huanyumotor.com\\\/wp-content\\\/uploads\\\/2025\\\/11\\\/logo.webp\",\"contentUrl\":\"https:\\\/\\\/www.huanyumotor.com\\\/wp-content\\\/uploads\\\/2025\\\/11\\\/logo.webp\",\"width\":468,\"height\":242,\"caption\":\"Jining Huanzhongyu Electromechanical Co., Ltd.\"},\"image\":{\"@id\":\"https:\\\/\\\/www.huanyumotor.com\\\/#\\\/schema\\\/logo\\\/image\\\/\"},\"sameAs\":[\"https:\\\/\\\/www.facebook.com\\\/profile.php?id=61579475484242&sk=grid\"]}]}<\/script>\n<!-- \/ Yoast SEO plugin. -->","yoast_head_json":{"title":"About - Jining Huanzhongyu Electromechanical Co., Ltd.","robots":{"index":"index","follow":"follow","max-snippet":"max-snippet:-1","max-image-preview":"max-image-preview:large","max-video-preview":"max-video-preview:-1"},"canonical":"https:\/\/www.huanyumotor.com\/vi\/about\/","og_locale":"vi_VN","og_type":"article","og_title":"About - Jining Huanzhongyu Electromechanical Co., Ltd.","og_description":"About Us Jining Huanchengyu Electromechanical Co., Ltd. Innovation-driven, Excellent Quality As a leading manufacturer of small and medium-sized motors, Jining Huanchengyu Electromechanical Co., Ltd. offers reliable, high-performance products, leveraging its robust R&amp;D capabilities, cutting-edge equipment, and precise engineering technology. We integrate rigorous quality control with flexible customization to cater to the diverse needs of global [&hellip;]","og_url":"https:\/\/www.huanyumotor.com\/vi\/about\/","og_site_name":"Jining Huanzhongyu Electromechanical Co., Ltd.","article_publisher":"https:\/\/www.facebook.com\/profile.php?id=61579475484242&sk=grid","article_modified_time":"2025-11-12T02:55:09+00:00","og_image":[{"url":"http:\/\/www.huanyumotor.com\/wp-content\/uploads\/2025\/11\/bdded167859d752d02ff4d94943e6fa1.jpg","type":"","width":"","height":""}],"twitter_card":"summary_large_image","twitter_misc":{"\u01af\u1edbc t\u00ednh th\u1eddi gian \u0111\u1ecdc":"2 ph\u00fat"},"schema":{"@context":"https:\/\/schema.org","@graph":[{"@type":"WebPage","@id":"https:\/\/www.huanyumotor.com\/about\/","url":"https:\/\/www.huanyumotor.com\/about\/","name":"About - Jining Huanzhongyu Electromechanical Co., Ltd.","isPartOf":{"@id":"https:\/\/www.huanyumotor.com\/#website"},"primaryImageOfPage":{"@id":"https:\/\/www.huanyumotor.com\/about\/#primaryimage"},"image":{"@id":"https:\/\/www.huanyumotor.com\/about\/#primaryimage"},"thumbnailUrl":"http:\/\/www.huanyumotor.com\/wp-content\/uploads\/2025\/11\/bdded167859d752d02ff4d94943e6fa1.jpg","datePublished":"2018-11-26T12:45:57+00:00","dateModified":"2025-11-12T02:55:09+00:00","breadcrumb":{"@id":"https:\/\/www.huanyumotor.com\/about\/#breadcrumb"},"inLanguage":"vi","potentialAction":[{"@type":"ReadAction","target":["https:\/\/www.huanyumotor.com\/about\/"]}]},{"@type":"ImageObject","inLanguage":"vi","@id":"https:\/\/www.huanyumotor.com\/about\/#primaryimage","url":"http:\/\/www.huanyumotor.com\/wp-content\/uploads\/2025\/11\/bdded167859d752d02ff4d94943e6fa1.jpg","contentUrl":"http:\/\/www.huanyumotor.com\/wp-content\/uploads\/2025\/11\/bdded167859d752d02ff4d94943e6fa1.jpg"},{"@type":"BreadcrumbList","@id":"https:\/\/www.huanyumotor.com\/about\/#breadcrumb","itemListElement":[{"@type":"ListItem","position":1,"name":"\u9996\u9875","item":"https:\/\/www.huanyumotor.com\/"},{"@type":"ListItem","position":2,"name":"About"}]},{"@type":"WebSite","@id":"https:\/\/www.huanyumotor.com\/#website","url":"https:\/\/www.huanyumotor.com\/","name":"C\u00f4ng ty TNHH \u0110i\u1ec7n c\u01a1 Jining Huanzhongyu.","description":"","publisher":{"@id":"https:\/\/www.huanyumotor.com\/#organization"},"potentialAction":[{"@type":"SearchAction","target":{"@type":"EntryPoint","urlTemplate":"https:\/\/www.huanyumotor.com\/?s={search_term_string}"},"query-input":{"@type":"PropertyValueSpecification","valueRequired":true,"valueName":"search_term_string"}}],"inLanguage":"vi"},{"@type":"Organization","@id":"https:\/\/www.huanyumotor.com\/#organization","name":"C\u00f4ng ty TNHH \u0110i\u1ec7n c\u01a1 Jining Huanzhongyu.","url":"https:\/\/www.huanyumotor.com\/","logo":{"@type":"ImageObject","inLanguage":"vi","@id":"https:\/\/www.huanyumotor.com\/#\/schema\/logo\/image\/","url":"https:\/\/www.huanyumotor.com\/wp-content\/uploads\/2025\/11\/logo.webp","contentUrl":"https:\/\/www.huanyumotor.com\/wp-content\/uploads\/2025\/11\/logo.webp","width":468,"height":242,"caption":"Jining Huanzhongyu Electromechanical Co., Ltd."},"image":{"@id":"https:\/\/www.huanyumotor.com\/#\/schema\/logo\/image\/"},"sameAs":["https:\/\/www.facebook.com\/profile.php?id=61579475484242&sk=grid"]}]}},"_links":{"self":[{"href":"https:\/\/www.huanyumotor.com\/vi\/wp-json\/wp\/v2\/pages\/526","targetHints":{"allow":["GET"]}}],"collection":[{"href":"https:\/\/www.huanyumotor.com\/vi\/wp-json\/wp\/v2\/pages"}],"about":[{"href":"https:\/\/www.huanyumotor.com\/vi\/wp-json\/wp\/v2\/types\/page"}],"author":[{"embeddable":true,"href":"https:\/\/www.huanyumotor.com\/vi\/wp-json\/wp\/v2\/users\/1"}],"replies":[{"embeddable":true,"href":"https:\/\/www.huanyumotor.com\/vi\/wp-json\/wp\/v2\/comments?post=526"}],"version-history":[{"count":14,"href":"https:\/\/www.huanyumotor.com\/vi\/wp-json\/wp\/v2\/pages\/526\/revisions"}],"predecessor-version":[{"id":776,"href":"https:\/\/www.huanyumotor.com\/vi\/wp-json\/wp\/v2\/pages\/526\/revisions\/776"}],"wp:attachment":[{"href":"https:\/\/www.huanyumotor.com\/vi\/wp-json\/wp\/v2\/media?parent=526"}],"curies":[{"name":"wp","href":"https:\/\/api.w.org\/{rel}","templated":true}]}}