{"id":588,"date":"2025-11-12T10:12:24","date_gmt":"2025-11-12T02:12:24","guid":{"rendered":"http:\/\/www.huanyumotor.com\/?post_type=product&#038;p=588"},"modified":"2025-11-12T10:13:15","modified_gmt":"2025-11-12T02:13:15","slug":"dual-drive-rear-axle","status":"publish","type":"product","link":"https:\/\/www.huanyumotor.com\/vi\/san-pham\/dual-drive-rear-axle\/","title":{"rendered":"Tr\u1ee5c sau hai \u0111\u1ed9ng c\u01a1"},"content":{"rendered":"<p>Tr\u1ee5c sau truy\u1ec1n \u0111\u1ed9ng k\u00e9p l\u00e0 m\u1ed9t lo\u1ea1i tr\u1ee5c truy\u1ec1n \u0111\u1ed9ng s\u1eed d\u1ee5ng c\u1ea5u tr\u00fac hai \u0111\u1ed9ng c\u01a1. Lo\u1ea1i tr\u1ee5c n\u00e0y ch\u1ee7 y\u1ebfu \u0111\u01b0\u1ee3c \u1ee9ng d\u1ee5ng trong c\u00e1c ph\u01b0\u01a1ng ti\u1ec7n y\u00eau c\u1ea7u m\u00f4-men xo\u1eafn \u0111\u1ea7u ra cao v\u00e0 \u0111\u1ed9 tin c\u1eady cao, ch\u1eb3ng h\u1ea1n nh\u01b0 xe b\u00e1nh x\u00edch, \u0111\u1ed3ng th\u1eddi c\u00f3 c\u00e1c \u0111\u1eb7c \u0111i\u1ec3m nh\u01b0 c\u1ea5u tr\u00fac g\u1ecdn nh\u1eb9 v\u00e0 hi\u1ec7u su\u1ea5t v\u01b0\u1ee3t tr\u1ed9i.<br \/>\nTh\u00f4ng s\u1ed1 k\u1ef9 thu\u1eadt s\u1ea3n ph\u1ea9m<br \/>\n\u01afu \u0111i\u1ec3m v\u1ec1 thi\u1ebft k\u1ebf k\u1ebft c\u1ea5u:<br \/>\n\u00c1p d\u1ee5ng thi\u1ebft k\u1ebf hai \u0111\u1ed9ng c\u01a1 \u0111\u1ec3 t\u0103ng g\u1ea5p \u0111\u00f4i m\u00f4-men xo\u1eafn v\u00e0 \u0111\u00e1p \u1ee9ng c\u00e1c y\u00eau c\u1ea7u v\u1ec1 t\u1ea3i tr\u1ecdng cao<br \/>\nC\u1ea5u tr\u00fac c\u01a1 kh\u00ed g\u1ecdn nh\u1eb9, tr\u1ecdng l\u01b0\u1ee3ng nh\u1eb9, d\u1ec5 l\u1eafp \u0111\u1eb7t v\u00e0 b\u1ea3o tr\u00ec<br \/>\n\u0110\u01b0\u1ee3c l\u00e0m t\u1eeb c\u00e1c v\u1eadt li\u1ec7u ch\u1ea5t l\u01b0\u1ee3ng cao, ch\u1eb3ng h\u1ea1n nh\u01b0 h\u1ee3p kim nh\u00f4m nguy\u00ean kh\u1ed1i, gi\u00fap t\u1ea3n nhi\u1ec7t nhanh ch\u00f3ng<br \/>\nHi\u1ec7u su\u1ea5t:<br \/>\nKh\u1ea3 n\u0103ng t\u1ea3n nhi\u1ec7t t\u1ed1t, s\u1eed d\u1ee5ng h\u1ec7 th\u1ed1ng l\u00e0m m\u00e1t b\u1eb1ng kh\u00f4ng kh\u00ed, ho\u1ea1t \u0111\u1ed9ng \u1ed5n \u0111\u1ecbnh v\u00e0 \u0111\u00e1ng tin c\u1eady<br \/>\nHi\u1ec7u su\u1ea5t truy\u1ec1n t\u1ea3i cao, \u00edt b\u1ed9 ph\u1eadn d\u1ec5 h\u1ecfng v\u00e0 tu\u1ed5i th\u1ecd cao<br \/>\nH\u1ed7 tr\u1ee3 t\u00f9y ch\u1ec9nh, thi\u1ebft k\u1ebf theo y\u00eau c\u1ea7u c\u00f3 th\u1ec3 \u0111\u01b0\u1ee3c th\u1ef1c hi\u1ec7n theo nhu c\u1ea7u c\u1ee7a kh\u00e1ch h\u00e0ng<br \/>\nL\u0129nh v\u1ef1c \u1ee9ng d\u1ee5ng<br \/>\nTr\u1ee5c sau d\u1eabn \u0111\u1ed9ng k\u00e9p ch\u1ee7 y\u1ebfu ph\u00f9 h\u1ee3p v\u1edbi c\u00e1c tr\u01b0\u1eddng h\u1ee3p sau:<br \/>\nXe b\u00e1nh x\u00edch: \u0111\u01b0\u1ee3c s\u1eed d\u1ee5ng cho c\u00e1c ph\u01b0\u01a1ng ti\u1ec7n kh\u00f4ng l\u01b0u th\u00f4ng tr\u00ean \u0111\u01b0\u1eddng b\u1ed9 nh\u01b0 t\u1ea1i c\u00e1c khu \u0111\u1ea5t n\u00f4ng nghi\u1ec7p, c\u00f4ng tr\u01b0\u1eddng x\u00e2y d\u1ef1ng, m\u1ecf khai th\u00e1c, v.v.<\/p>\n<p>\u01afu \u0111i\u1ec3m k\u1ef9 thu\u1eadt:<br \/>\nH\u1ed7 tr\u1ee3 nhi\u1ec1u c\u1ea5u h\u00ecnh kh\u00e1c nhau v\u00e0 c\u00f3 th\u1ec3 k\u1ebft h\u1ee3p v\u1edbi c\u00e1c h\u1ec7 th\u1ed1ng \u0111i\u1ec1u khi\u1ec3n t\u1eeb xa, h\u1ed9p gi\u1ea3m t\u1ed1c b\u00e1nh r\u0103ng tr\u1ee5c v\u00edt v\u00e0 c\u00e1c b\u1ed9 ph\u1eadn kh\u00e1c \u0111\u1ec3 \u0111\u00e1p \u1ee9ng c\u00e1c nhu c\u1ea7u \u0111a d\u1ea1ng c\u1ee7a kh\u00e1ch h\u00e0ng. H\u1ed7 tr\u1ee3 v\u1eadn chuy\u1ec3n s\u1ed1 l\u01b0\u1ee3ng l\u1edbn v\u00e0 s\u1ea3n xu\u1ea5t theo y\u00eau c\u1ea7u, v\u1edbi kh\u1ea3 n\u0103ng c\u1ea1nh tranh v\u1ec1 gi\u00e1 cao v\u00e0 l\u1ee3i th\u1ebf v\u1ec1 gi\u00e1 so v\u1edbi c\u00e1c ph\u1ee5 ki\u1ec7n tr\u1ee5c truy\u1ec1n \u0111\u1ed9ng truy\u1ec1n th\u1ed1ng.<br \/>\nTri\u1ec3n v\u1ecdng th\u1ecb tr\u01b0\u1eddng:<br \/>\nV\u1edbi s\u1ef1 ph\u00e1t tri\u1ec3n nhanh ch\u00f3ng c\u1ee7a ng\u00e0nh logistics v\u00e0 nhu c\u1ea7u ng\u00e0y c\u00e0ng t\u0103ng v\u1ec1 v\u1eadn t\u1ea3i hi\u1ec7u qu\u1ea3, tri\u1ec3n v\u1ecdng th\u1ecb tr\u01b0\u1eddng cho c\u00e1c tr\u1ee5c truy\u1ec1n \u0111\u1ed9ng gi\u1ea3m t\u1ed1c m\u1ed9t c\u1ea5p l\u00e0 r\u1ea5t r\u1ed9ng m\u1edf. L\u00e0 m\u1ed9t s\u1ea3n ph\u1ea9m n\u00e2ng c\u1ea5p c\u00f4ng ngh\u1ec7, tr\u1ee5c truy\u1ec1n \u0111\u1ed9ng k\u00e9p ph\u00eda sau c\u00f3 th\u1ec3 \u0111\u00e1p \u1ee9ng nhu c\u1ea7u c\u1ee7a kh\u00e1ch h\u00e0ng xu\u1ea5t nh\u1eadp kh\u1ea9u v\u1ec1 c\u00e1c b\u1ed9 ph\u1eadn xe c\u00f3 hi\u1ec7u su\u1ea5t cao v\u00e0 \u0111\u1ed9 tin c\u1eady cao<\/p>\n<table width=\"701\">\n<tbody>\n<tr>\n<td colspan=\"4\" width=\"701\">C\u00e1c th\u00f4ng s\u1ed1 k\u1ef9 thu\u1eadt c\u1ee7a s\u1ea3n ph\u1ea9m<\/td>\n<\/tr>\n<tr>\n<td width=\"129\">Lo\u1ea1i phanh<\/td>\n<td colspan=\"3\" width=\"572\">\u0110\u0129a th\u1ee7y l\u1ef1c<\/td>\n<\/tr>\n<tr>\n<td width=\"129\">V\u1eadt li\u1ec7u n\u1eeda tr\u1ee5c<\/td>\n<td colspan=\"3\" width=\"572\">Th\u00e9p 45 # ho\u1eb7c 40Cr<\/td>\n<\/tr>\n<tr>\n<td width=\"129\">M\u00f4 h\u00ecnh \u1ed5 tr\u1ee5c tr\u1ee5c b\u00e1n tr\u1ee5c<\/td>\n<td colspan=\"3\" width=\"572\">6205 ho\u1eb7c 6206<\/td>\n<\/tr>\n<tr>\n<td width=\"129\">S\u1ed1 r\u0103ng tr\u00ean tr\u1ee5c b\u00e1n tr\u1ee5c<\/td>\n<td colspan=\"3\" width=\"572\">18 ho\u1eb7c 22 ho\u1eb7c 6<\/td>\n<\/tr>\n<tr>\n<td width=\"129\">Th\u00edch h\u1ee3p cho h\u1ed9p s\u1ed1<\/td>\n<td colspan=\"3\" width=\"572\">T\u1ef7 l\u1ec7 \u0111\u01a1n hay k\u00e9p<\/td>\n<\/tr>\n<tr>\n<td width=\"129\">C\u00e1c m\u1eabu xe t\u01b0\u01a1ng \u1ee9ng<\/td>\n<td colspan=\"3\" width=\"572\">Xe \u0111\u1ecba h\u00ecnh, xe golf, xe ba b\u00e1nh c\u00f3 \u0111\u1ed9ng c\u01a1, xe ba b\u00e1nh \u0111i\u1ec7n<\/td>\n<\/tr>\n<tr>\n<td rowspan=\"4\" width=\"129\">l\u1ee3i th\u1ebf<\/td>\n<td colspan=\"3\" rowspan=\"4\" width=\"572\">1. C\u1ea5u tr\u00fac t\u00edch h\u1ee3p, \u0111\u1ed9 \u0111\u1ed3ng tr\u1ee5c cao, hi\u1ec7u su\u1ea5t \u1ed5n \u0111\u1ecbnh v\u00e0 kh\u1ea3 n\u0103ng ch\u1ecbu t\u1ea3i cao. 2. S\u1eed d\u1ee5ng phanh \u0111\u0129a th\u1ee7y l\u1ef1c v\u1edbi m\u00f4-men phanh l\u1edbn, ph\u1ea3n \u1ee9ng nh\u1ea1y b\u00e9n, kh\u1ea3 n\u0103ng t\u1ea3n nhi\u1ec7t t\u1ed1t v\u00e0 hi\u1ec7u qu\u1ea3 phanh \u1ed5n \u0111\u1ecbnh. 3. C\u00f3 c\u00e1c phi\u00ean b\u1ea3n cao c\u1ea5p, trung c\u1ea5p v\u00e0 c\u01a1 b\u1ea3n, kh\u00e1ch h\u00e0ng c\u00f3 th\u1ec3 l\u1ef1a ch\u1ecdn phi\u00ean b\u1ea3n ph\u00f9 h\u1ee3p d\u1ef1a tr\u00ean nhu c\u1ea7u s\u1eed d\u1ee5ng v\u00e0 ng\u00e2n s\u00e1ch c\u1ee7a m\u00ecnh.<\/td>\n<\/tr>\n<\/tbody>\n<\/table>\n<p>&nbsp;<\/p>","protected":false},"excerpt":{"rendered":"<p>Tr\u1ee5c sau truy\u1ec1n \u0111\u1ed9ng k\u00e9p l\u00e0 m\u1ed9t lo\u1ea1i tr\u1ee5c truy\u1ec1n \u0111\u1ed9ng s\u1eed d\u1ee5ng c\u1ea5u tr\u00fac hai \u0111\u1ed9ng c\u01a1. Lo\u1ea1i tr\u1ee5c n\u00e0y ch\u1ee7 y\u1ebfu \u0111\u01b0\u1ee3c \u1ee9ng d\u1ee5ng trong c\u00e1c ph\u01b0\u01a1ng ti\u1ec7n y\u00eau c\u1ea7u m\u00f4-men xo\u1eafn \u0111\u1ea7u ra cao v\u00e0 \u0111\u1ed9 tin c\u1eady cao, ch\u1eb3ng h\u1ea1n nh\u01b0 xe b\u00e1nh x\u00edch, \u0111\u1ed3ng th\u1eddi c\u00f3 c\u00e1c \u0111\u1eb7c \u0111i\u1ec3m nh\u01b0 c\u1ea5u tr\u00fac g\u1ecdn nh\u1eb9 v\u00e0 hi\u1ec7u su\u1ea5t v\u01b0\u1ee3t tr\u1ed9i.<\/p>","protected":false},"featured_media":590,"template":"","meta":{"site-sidebar-layout":"default","site-content-layout":"default","ast-site-content-layout":"default","site-content-style":"default","site-sidebar-style":"default","ast-global-header-display":"","ast-banner-title-visibility":"","ast-main-header-display":"","ast-hfb-above-header-display":"","ast-hfb-below-header-display":"","ast-hfb-mobile-header-display":"","site-post-title":"","ast-breadcrumbs-content":"","ast-featured-img":"","footer-sml-layout":"","ast-disable-related-posts":"","theme-transparent-header-meta":"default","adv-header-id-meta":"","stick-header-meta":"","header-above-stick-meta":"","header-main-stick-meta":"","header-below-stick-meta":"","astra-migrate-meta-layouts":"default","ast-page-background-enabled":"default","ast-page-background-meta":{"desktop":{"background-color":"","background-image":"","background-repeat":"repeat","background-position":"center center","background-size":"auto","background-attachment":"scroll","background-type":"","background-media":"","overlay-type":"","overlay-color":"","overlay-opacity":"","overlay-gradient":""},"tablet":{"background-color":"","background-image":"","background-repeat":"repeat","background-position":"center center","background-size":"auto","background-attachment":"scroll","background-type":"","background-media":"","overlay-type":"","overlay-color":"","overlay-opacity":"","overlay-gradient":""},"mobile":{"background-color":"","background-image":"","background-repeat":"repeat","background-position":"center center","background-size":"auto","background-attachment":"scroll","background-type":"","background-media":"","overlay-type":"","overlay-color":"","overlay-opacity":"","overlay-gradient":""}},"ast-content-background-meta":{"desktop":{"background-color":"var(--ast-global-color-5)","background-image":"","background-repeat":"repeat","background-position":"center center","background-size":"auto","background-attachment":"scroll","background-type":"","background-media":"","overlay-type":"","overlay-color":"","overlay-opacity":"","overlay-gradient":""},"tablet":{"background-color":"var(--ast-global-color-5)","background-image":"","background-repeat":"repeat","background-position":"center center","background-size":"auto","background-attachment":"scroll","background-type":"","background-media":"","overlay-type":"","overlay-color":"","overlay-opacity":"","overlay-gradient":""},"mobile":{"background-color":"var(--ast-global-color-5)","background-image":"","background-repeat":"repeat","background-position":"center center","background-size":"auto","background-attachment":"scroll","background-type":"","background-media":"","overlay-type":"","overlay-color":"","overlay-opacity":"","overlay-gradient":""}}},"product_brand":[],"product_cat":[22],"product_tag":[],"class_list":{"0":"post-588","1":"product","2":"type-product","3":"status-publish","4":"has-post-thumbnail","6":"product_cat-rear-axle-assembly","7":"desktop-align-left","8":"tablet-align-left","9":"mobile-align-left","10":"ast-product-gallery-layout-vertical-slider","11":"ast-product-gallery-with-no-image","12":"ast-product-tabs-layout-horizontal","14":"first","15":"instock","16":"shipping-taxable","17":"product-type-simple"},"yoast_head":"<!-- This site is optimized with the Yoast SEO plugin v27.4 - https:\/\/yoast.com\/product\/yoast-seo-wordpress\/ -->\n<title>Dual drive rear axle - Jining Huanzhongyu Electromechanical Co., Ltd.<\/title>\n<meta name=\"robots\" content=\"index, follow, max-snippet:-1, max-image-preview:large, max-video-preview:-1\" \/>\n<link rel=\"canonical\" href=\"https:\/\/www.huanyumotor.com\/vi\/san-pham\/dual-drive-rear-axle\/\" \/>\n<meta property=\"og:locale\" content=\"vi_VN\" \/>\n<meta property=\"og:type\" content=\"article\" \/>\n<meta property=\"og:title\" content=\"Dual drive rear axle - Jining Huanzhongyu Electromechanical Co., Ltd.\" \/>\n<meta property=\"og:description\" content=\"Dual drive rear axle is a type of drive axle product that adopts a dual motor structure. It is mainly used in vehicles that require high torque output and high reliability, such as tracked vehicles, and has the characteristics of compact structure and superior performance.\" \/>\n<meta property=\"og:url\" content=\"https:\/\/www.huanyumotor.com\/vi\/san-pham\/dual-drive-rear-axle\/\" \/>\n<meta property=\"og:site_name\" content=\"Jining Huanzhongyu Electromechanical Co., Ltd.\" \/>\n<meta property=\"article:publisher\" content=\"https:\/\/www.facebook.com\/profile.php?id=61579475484242&amp;sk=grid\" \/>\n<meta property=\"article:modified_time\" content=\"2025-11-12T02:13:15+00:00\" \/>\n<meta property=\"og:image\" content=\"https:\/\/www.huanyumotor.com\/wp-content\/uploads\/2025\/11\/25_1.jpg\" \/>\n\t<meta property=\"og:image:width\" content=\"800\" \/>\n\t<meta property=\"og:image:height\" content=\"800\" \/>\n\t<meta property=\"og:image:type\" content=\"image\/jpeg\" \/>\n<meta name=\"twitter:card\" content=\"summary_large_image\" \/>\n<meta name=\"twitter:label1\" content=\"\u01af\u1edbc t\u00ednh th\u1eddi gian \u0111\u1ecdc\" \/>\n\t<meta name=\"twitter:data1\" content=\"2 ph\u00fat\" \/>\n<script type=\"application\/ld+json\" class=\"yoast-schema-graph\">{\"@context\":\"https:\\\/\\\/schema.org\",\"@graph\":[{\"@type\":\"WebPage\",\"@id\":\"https:\\\/\\\/www.huanyumotor.com\\\/product\\\/dual-drive-rear-axle\\\/\",\"url\":\"https:\\\/\\\/www.huanyumotor.com\\\/product\\\/dual-drive-rear-axle\\\/\",\"name\":\"Dual drive rear axle - Jining Huanzhongyu Electromechanical Co., Ltd.\",\"isPartOf\":{\"@id\":\"https:\\\/\\\/www.huanyumotor.com\\\/#website\"},\"primaryImageOfPage\":{\"@id\":\"https:\\\/\\\/www.huanyumotor.com\\\/product\\\/dual-drive-rear-axle\\\/#primaryimage\"},\"image\":{\"@id\":\"https:\\\/\\\/www.huanyumotor.com\\\/product\\\/dual-drive-rear-axle\\\/#primaryimage\"},\"thumbnailUrl\":\"https:\\\/\\\/www.huanyumotor.com\\\/wp-content\\\/uploads\\\/2025\\\/11\\\/25_1.jpg\",\"datePublished\":\"2025-11-12T02:12:24+00:00\",\"dateModified\":\"2025-11-12T02:13:15+00:00\",\"breadcrumb\":{\"@id\":\"https:\\\/\\\/www.huanyumotor.com\\\/product\\\/dual-drive-rear-axle\\\/#breadcrumb\"},\"inLanguage\":\"vi\",\"potentialAction\":[{\"@type\":\"ReadAction\",\"target\":[\"https:\\\/\\\/www.huanyumotor.com\\\/product\\\/dual-drive-rear-axle\\\/\"]}]},{\"@type\":\"ImageObject\",\"inLanguage\":\"vi\",\"@id\":\"https:\\\/\\\/www.huanyumotor.com\\\/product\\\/dual-drive-rear-axle\\\/#primaryimage\",\"url\":\"https:\\\/\\\/www.huanyumotor.com\\\/wp-content\\\/uploads\\\/2025\\\/11\\\/25_1.jpg\",\"contentUrl\":\"https:\\\/\\\/www.huanyumotor.com\\\/wp-content\\\/uploads\\\/2025\\\/11\\\/25_1.jpg\",\"width\":800,\"height\":800},{\"@type\":\"BreadcrumbList\",\"@id\":\"https:\\\/\\\/www.huanyumotor.com\\\/product\\\/dual-drive-rear-axle\\\/#breadcrumb\",\"itemListElement\":[{\"@type\":\"ListItem\",\"position\":1,\"name\":\"\u9996\u9875\",\"item\":\"https:\\\/\\\/www.huanyumotor.com\\\/\"},{\"@type\":\"ListItem\",\"position\":2,\"name\":\"Products\",\"item\":\"https:\\\/\\\/www.huanyumotor.com\\\/products\\\/\"},{\"@type\":\"ListItem\",\"position\":3,\"name\":\"Dual drive rear axle\"}]},{\"@type\":\"WebSite\",\"@id\":\"https:\\\/\\\/www.huanyumotor.com\\\/#website\",\"url\":\"https:\\\/\\\/www.huanyumotor.com\\\/\",\"name\":\"Jining Huanzhongyu Electromechanical Co., Ltd.\",\"description\":\"\",\"publisher\":{\"@id\":\"https:\\\/\\\/www.huanyumotor.com\\\/#organization\"},\"potentialAction\":[{\"@type\":\"SearchAction\",\"target\":{\"@type\":\"EntryPoint\",\"urlTemplate\":\"https:\\\/\\\/www.huanyumotor.com\\\/?s={search_term_string}\"},\"query-input\":{\"@type\":\"PropertyValueSpecification\",\"valueRequired\":true,\"valueName\":\"search_term_string\"}}],\"inLanguage\":\"vi\"},{\"@type\":\"Organization\",\"@id\":\"https:\\\/\\\/www.huanyumotor.com\\\/#organization\",\"name\":\"Jining Huanzhongyu Electromechanical Co., Ltd.\",\"url\":\"https:\\\/\\\/www.huanyumotor.com\\\/\",\"logo\":{\"@type\":\"ImageObject\",\"inLanguage\":\"vi\",\"@id\":\"https:\\\/\\\/www.huanyumotor.com\\\/#\\\/schema\\\/logo\\\/image\\\/\",\"url\":\"https:\\\/\\\/www.huanyumotor.com\\\/wp-content\\\/uploads\\\/2025\\\/11\\\/logo.webp\",\"contentUrl\":\"https:\\\/\\\/www.huanyumotor.com\\\/wp-content\\\/uploads\\\/2025\\\/11\\\/logo.webp\",\"width\":468,\"height\":242,\"caption\":\"Jining Huanzhongyu Electromechanical Co., Ltd.\"},\"image\":{\"@id\":\"https:\\\/\\\/www.huanyumotor.com\\\/#\\\/schema\\\/logo\\\/image\\\/\"},\"sameAs\":[\"https:\\\/\\\/www.facebook.com\\\/profile.php?id=61579475484242&sk=grid\"]}]}<\/script>\n<!-- \/ Yoast SEO plugin. -->","yoast_head_json":{"title":"Dual drive rear axle - Jining Huanzhongyu Electromechanical Co., Ltd.","robots":{"index":"index","follow":"follow","max-snippet":"max-snippet:-1","max-image-preview":"max-image-preview:large","max-video-preview":"max-video-preview:-1"},"canonical":"https:\/\/www.huanyumotor.com\/vi\/san-pham\/dual-drive-rear-axle\/","og_locale":"vi_VN","og_type":"article","og_title":"Dual drive rear axle - Jining Huanzhongyu Electromechanical Co., Ltd.","og_description":"Dual drive rear axle is a type of drive axle product that adopts a dual motor structure. It is mainly used in vehicles that require high torque output and high reliability, such as tracked vehicles, and has the characteristics of compact structure and superior performance.","og_url":"https:\/\/www.huanyumotor.com\/vi\/san-pham\/dual-drive-rear-axle\/","og_site_name":"Jining Huanzhongyu Electromechanical Co., Ltd.","article_publisher":"https:\/\/www.facebook.com\/profile.php?id=61579475484242&sk=grid","article_modified_time":"2025-11-12T02:13:15+00:00","og_image":[{"width":800,"height":800,"url":"https:\/\/www.huanyumotor.com\/wp-content\/uploads\/2025\/11\/25_1.jpg","type":"image\/jpeg"}],"twitter_card":"summary_large_image","twitter_misc":{"\u01af\u1edbc t\u00ednh th\u1eddi gian \u0111\u1ecdc":"2 ph\u00fat"},"schema":{"@context":"https:\/\/schema.org","@graph":[{"@type":"WebPage","@id":"https:\/\/www.huanyumotor.com\/product\/dual-drive-rear-axle\/","url":"https:\/\/www.huanyumotor.com\/product\/dual-drive-rear-axle\/","name":"Dual drive rear axle - Jining Huanzhongyu Electromechanical Co., Ltd.","isPartOf":{"@id":"https:\/\/www.huanyumotor.com\/#website"},"primaryImageOfPage":{"@id":"https:\/\/www.huanyumotor.com\/product\/dual-drive-rear-axle\/#primaryimage"},"image":{"@id":"https:\/\/www.huanyumotor.com\/product\/dual-drive-rear-axle\/#primaryimage"},"thumbnailUrl":"https:\/\/www.huanyumotor.com\/wp-content\/uploads\/2025\/11\/25_1.jpg","datePublished":"2025-11-12T02:12:24+00:00","dateModified":"2025-11-12T02:13:15+00:00","breadcrumb":{"@id":"https:\/\/www.huanyumotor.com\/product\/dual-drive-rear-axle\/#breadcrumb"},"inLanguage":"vi","potentialAction":[{"@type":"ReadAction","target":["https:\/\/www.huanyumotor.com\/product\/dual-drive-rear-axle\/"]}]},{"@type":"ImageObject","inLanguage":"vi","@id":"https:\/\/www.huanyumotor.com\/product\/dual-drive-rear-axle\/#primaryimage","url":"https:\/\/www.huanyumotor.com\/wp-content\/uploads\/2025\/11\/25_1.jpg","contentUrl":"https:\/\/www.huanyumotor.com\/wp-content\/uploads\/2025\/11\/25_1.jpg","width":800,"height":800},{"@type":"BreadcrumbList","@id":"https:\/\/www.huanyumotor.com\/product\/dual-drive-rear-axle\/#breadcrumb","itemListElement":[{"@type":"ListItem","position":1,"name":"\u9996\u9875","item":"https:\/\/www.huanyumotor.com\/"},{"@type":"ListItem","position":2,"name":"Products","item":"https:\/\/www.huanyumotor.com\/products\/"},{"@type":"ListItem","position":3,"name":"Dual drive rear axle"}]},{"@type":"WebSite","@id":"https:\/\/www.huanyumotor.com\/#website","url":"https:\/\/www.huanyumotor.com\/","name":"C\u00f4ng ty TNHH \u0110i\u1ec7n c\u01a1 Jining Huanzhongyu.","description":"","publisher":{"@id":"https:\/\/www.huanyumotor.com\/#organization"},"potentialAction":[{"@type":"SearchAction","target":{"@type":"EntryPoint","urlTemplate":"https:\/\/www.huanyumotor.com\/?s={search_term_string}"},"query-input":{"@type":"PropertyValueSpecification","valueRequired":true,"valueName":"search_term_string"}}],"inLanguage":"vi"},{"@type":"Organization","@id":"https:\/\/www.huanyumotor.com\/#organization","name":"C\u00f4ng ty TNHH \u0110i\u1ec7n c\u01a1 Jining Huanzhongyu.","url":"https:\/\/www.huanyumotor.com\/","logo":{"@type":"ImageObject","inLanguage":"vi","@id":"https:\/\/www.huanyumotor.com\/#\/schema\/logo\/image\/","url":"https:\/\/www.huanyumotor.com\/wp-content\/uploads\/2025\/11\/logo.webp","contentUrl":"https:\/\/www.huanyumotor.com\/wp-content\/uploads\/2025\/11\/logo.webp","width":468,"height":242,"caption":"Jining Huanzhongyu Electromechanical Co., Ltd."},"image":{"@id":"https:\/\/www.huanyumotor.com\/#\/schema\/logo\/image\/"},"sameAs":["https:\/\/www.facebook.com\/profile.php?id=61579475484242&sk=grid"]}]}},"_links":{"self":[{"href":"https:\/\/www.huanyumotor.com\/vi\/wp-json\/wp\/v2\/product\/588","targetHints":{"allow":["GET"]}}],"collection":[{"href":"https:\/\/www.huanyumotor.com\/vi\/wp-json\/wp\/v2\/product"}],"about":[{"href":"https:\/\/www.huanyumotor.com\/vi\/wp-json\/wp\/v2\/types\/product"}],"wp:featuredmedia":[{"embeddable":true,"href":"https:\/\/www.huanyumotor.com\/vi\/wp-json\/wp\/v2\/media\/590"}],"wp:attachment":[{"href":"https:\/\/www.huanyumotor.com\/vi\/wp-json\/wp\/v2\/media?parent=588"}],"wp:term":[{"taxonomy":"product_brand","embeddable":true,"href":"https:\/\/www.huanyumotor.com\/vi\/wp-json\/wp\/v2\/product_brand?post=588"},{"taxonomy":"product_cat","embeddable":true,"href":"https:\/\/www.huanyumotor.com\/vi\/wp-json\/wp\/v2\/product_cat?post=588"},{"taxonomy":"product_tag","embeddable":true,"href":"https:\/\/www.huanyumotor.com\/vi\/wp-json\/wp\/v2\/product_tag?post=588"}],"curies":[{"name":"wp","href":"https:\/\/api.w.org\/{rel}","templated":true}]}}