{"id":595,"date":"2025-11-12T10:15:05","date_gmt":"2025-11-12T02:15:05","guid":{"rendered":"http:\/\/www.huanyumotor.com\/?post_type=product&#038;p=595"},"modified":"2025-11-12T10:15:05","modified_gmt":"2025-11-12T02:15:05","slug":"integrated-drum-brake-rear-axle-assembly","status":"publish","type":"product","link":"https:\/\/www.huanyumotor.com\/vi\/san-pham\/integrated-drum-brake-rear-axle-assembly\/","title":{"rendered":"B\u1ed9 tr\u1ee5c sau t\u00edch h\u1ee3p phanh tang tr\u1ed1ng"},"content":{"rendered":"<p>B\u1ed9 tr\u1ee5c sau c\u1ee7a xe ba b\u00e1nh \u0111i\u1ec7n l\u00e0 b\u1ed9 ph\u1eadn truy\u1ec1n \u0111\u1ed9ng v\u00e0 ch\u1ecbu l\u1ef1c c\u1ed1t l\u00f5i c\u1ee7a ph\u01b0\u01a1ng ti\u1ec7n, t\u00edch h\u1ee3p c\u00e1c th\u00e0nh ph\u1ea7n ch\u00ednh nh\u01b0 b\u1ed9 vi sai, tr\u1ee5c b\u00e1n tr\u1ee5c v\u00e0 h\u1ec7 th\u1ed1ng phanh. B\u1ed9 ph\u1eadn n\u00e0y ch\u1ee7 y\u1ebfu \u0111\u01b0\u1ee3c s\u1eed d\u1ee5ng \u0111\u1ec3 \u0111\u1ee1 c\u00e1c b\u00e1nh xe, truy\u1ec1n l\u1ef1c v\u00e0 th\u1ef1c hi\u1ec7n c\u00e1c ch\u1ee9c n\u0103ng l\u00e1i, gi\u1ea3m t\u1ed1c v\u00e0 vi sai. Thi\u1ebft k\u1ebf s\u1ea3n ph\u1ea9m t\u1eadp trung v\u00e0o kh\u1ea3 n\u0103ng ch\u1ecbu t\u1ea3i, \u0111\u1ed9 b\u1ec1n v\u00e0 t\u00ednh linh ho\u1ea1t, \u0111\u1ed3ng th\u1eddi \u0111\u01b0\u1ee3c \u1ee9ng d\u1ee5ng r\u1ed9ng r\u00e3i trong h\u1ec7 th\u1ed1ng khung g\u1ea7m c\u1ee7a xe ba b\u00e1nh \u0111i\u1ec7n v\u00e0 xe b\u1ed1n b\u00e1nh.<br \/>\nC\u00e1c t\u00ednh n\u0103ng ch\u00ednh c\u1ee7a s\u1ea3n ph\u1ea9m<br \/>\nC\u1ea5u tr\u00fac v\u00e0 Hi\u1ec7u su\u1ea5t:<br \/>\nS\u1eed d\u1ee5ng \u1ed1ng th\u00e9p li\u1ec1n m\u1ea1ch ho\u1eb7c v\u1eadt li\u1ec7u th\u00e9p, v\u1edbi c\u1ea5u tr\u00fac c\u1ea7u li\u1ec1n kh\u1ed1i ho\u1eb7c c\u1ea5u tr\u00fac t\u00e1ch r\u1eddi, s\u1ea3n ph\u1ea9m c\u00f3 kh\u1ea3 n\u0103ng ch\u1ecbu t\u1ea3i cao (t\u1ea3i tr\u1ecdng c\u00f3 th\u1ec3 \u0111\u1ea1t 800\u20131000 kg) v\u00e0 chi\u1ec1u d\u00e0i c\u01a1 s\u1edf c\u00f3 th\u1ec3 t\u00f9y ch\u1ec9nh, ph\u00f9 h\u1ee3p v\u1edbi nhi\u1ec1u nhu c\u1ea7u kh\u00e1c nhau c\u1ee7a ph\u01b0\u01a1ng ti\u1ec7n.<br \/>\nKh\u1ea3 n\u0103ng th\u00edch \u1ee9ng v\u00e0 t\u00f9y ch\u1ec9nh:<br \/>\nH\u1ed7 tr\u1ee3 t\u00f9y ch\u1ec9nh c\u00e1c th\u00f4ng s\u1ed1 k\u1ef9 thu\u1eadt, bao g\u1ed3m chi\u1ec1u d\u00e0i c\u01a1 s\u1edf, lo\u1ea1i phanh (phanh tang tr\u1ed1ng ho\u1eb7c phanh \u0111\u0129a), \u0111i\u1ec7n \u00e1p (48V\/60V\/72V) v\u00e0 c\u00f4ng su\u1ea5t (500W\u20133000W), ph\u00f9 h\u1ee3p cho xe ba b\u00e1nh \u0111i\u1ec7n, xe b\u1ed1n b\u00e1nh v\u00e0 m\u00e1y m\u00f3c n\u00f4ng nghi\u1ec7p.<br \/>\nV\u00ed d\u1ee5 v\u1ec1 c\u00e1c th\u00f4ng s\u1ed1 k\u1ef9 thu\u1eadt:<br \/>\nM\u00f4-men xo\u1eafn: 8,2\u201320,1 N\u00b7m (\u0111\u1ed9ng c\u01a1 kh\u00f4ng ch\u1ed5i than);<br \/>\nT\u1ed1c \u0111\u1ed9: 2700\u20134000 v\u00f2ng\/ph\u00fat;<br \/>\nC\u1ea5p \u0111\u1ed9 b\u1ea3o v\u1ec7: IP54 (ch\u1ed1ng n\u01b0\u1edbc v\u00e0 ch\u1ed1ng b\u1ee5i).<br \/>\n\u1ee8ng d\u1ee5ng v\u00e0 l\u1ee3i th\u1ebf th\u1ecb tr\u01b0\u1eddng<br \/>\nGi\u00e1 tr\u1ecb ch\u1ee9c n\u0103ng: N\u00e2ng cao kh\u1ea3 n\u0103ng leo d\u1ed1c c\u1ee7a xe (c\u00f3 th\u1ec3 ch\u1edf t\u1ea3i tr\u1ecdng tr\u00ean 1 t\u1ea5n), \u0111\u1ed9 \u1ed5n \u0111\u1ecbnh khi l\u00e1i xe v\u00e0 \u0111\u1ed9 an to\u00e0n khi phanh, \u0111\u1ea3m b\u1ea3o xe v\u1eadn h\u00e0nh \u00eam \u00e1i v\u00e0 nh\u1eb9 nh\u00e0ng.<br \/>\nN\u0103ng l\u1ef1c cung \u1ee9ng trong th\u01b0\u01a1ng m\u1ea1i qu\u1ed1c t\u1ebf:<br \/>\nCh\u00fang t\u00f4i cung c\u1ea5p d\u1ecbch v\u1ee5 s\u1ea3n xu\u1ea5t s\u1ed1 l\u01b0\u1ee3ng l\u1edbn v\u00e0 xu\u1ea5t kh\u1ea9u, h\u1ed7 tr\u1ee3 OEM\/ODM, v\u1edbi s\u1ed1 l\u01b0\u1ee3ng \u0111\u1eb7t h\u00e0ng t\u1ed1i thi\u1ec3u t\u1eeb 1 \u0111\u1ebfn 10 s\u1ea3n ph\u1ea9m v\u00e0 th\u1eddi gian giao h\u00e0ng nhanh. \u201d<\/p>\n<table width=\"701\">\n<tbody>\n<tr>\n<td colspan=\"4\" width=\"701\">C\u00e1c th\u00f4ng s\u1ed1 k\u1ef9 thu\u1eadt c\u1ee7a s\u1ea3n ph\u1ea9m<\/td>\n<\/tr>\n<tr>\n<td width=\"129\">Lo\u1ea1i phanh<\/td>\n<td colspan=\"3\" width=\"572\">\u0110\u0129a th\u1ee7y l\u1ef1c<\/td>\n<\/tr>\n<tr>\n<td width=\"129\">V\u1eadt li\u1ec7u n\u1eeda tr\u1ee5c<\/td>\n<td colspan=\"3\" width=\"572\">Th\u00e9p 45 # ho\u1eb7c 40Cr<\/td>\n<\/tr>\n<tr>\n<td width=\"129\">M\u00f4 h\u00ecnh \u1ed5 tr\u1ee5c tr\u1ee5c b\u00e1n tr\u1ee5c<\/td>\n<td colspan=\"3\" width=\"572\">6205 ho\u1eb7c 6206<\/td>\n<\/tr>\n<tr>\n<td width=\"129\">S\u1ed1 r\u0103ng tr\u00ean tr\u1ee5c b\u00e1n tr\u1ee5c<\/td>\n<td colspan=\"3\" width=\"572\">18 ho\u1eb7c 22 ho\u1eb7c 6<\/td>\n<\/tr>\n<tr>\n<td width=\"129\">Th\u00edch h\u1ee3p cho h\u1ed9p s\u1ed1<\/td>\n<td colspan=\"3\" width=\"572\">T\u1ef7 l\u1ec7 \u0111\u01a1n hay k\u00e9p<\/td>\n<\/tr>\n<tr>\n<td width=\"129\">C\u00e1c m\u1eabu xe t\u01b0\u01a1ng \u1ee9ng<\/td>\n<td colspan=\"3\" width=\"572\">Xe \u0111\u1ecba h\u00ecnh, xe golf, xe ba b\u00e1nh c\u00f3 \u0111\u1ed9ng c\u01a1, xe ba b\u00e1nh \u0111i\u1ec7n<\/td>\n<\/tr>\n<tr>\n<td rowspan=\"4\" width=\"129\">l\u1ee3i th\u1ebf<\/td>\n<td colspan=\"3\" rowspan=\"4\" width=\"572\">1. C\u1ea5u tr\u00fac t\u00edch h\u1ee3p, \u0111\u1ed9 \u0111\u1ed3ng tr\u1ee5c cao, hi\u1ec7u su\u1ea5t \u1ed5n \u0111\u1ecbnh v\u00e0 kh\u1ea3 n\u0103ng ch\u1ecbu t\u1ea3i cao. 2. S\u1eed d\u1ee5ng phanh \u0111\u0129a th\u1ee7y l\u1ef1c v\u1edbi m\u00f4-men phanh l\u1edbn, ph\u1ea3n \u1ee9ng nh\u1ea1y b\u00e9n, kh\u1ea3 n\u0103ng t\u1ea3n nhi\u1ec7t t\u1ed1t v\u00e0 hi\u1ec7u qu\u1ea3 phanh \u1ed5n \u0111\u1ecbnh. 3. C\u00f3 c\u00e1c phi\u00ean b\u1ea3n cao c\u1ea5p, trung c\u1ea5p v\u00e0 c\u01a1 b\u1ea3n, kh\u00e1ch h\u00e0ng c\u00f3 th\u1ec3 l\u1ef1a ch\u1ecdn phi\u00ean b\u1ea3n ph\u00f9 h\u1ee3p d\u1ef1a tr\u00ean nhu c\u1ea7u s\u1eed d\u1ee5ng v\u00e0 ng\u00e2n s\u00e1ch c\u1ee7a m\u00ecnh.<\/td>\n<\/tr>\n<\/tbody>\n<\/table>","protected":false},"excerpt":{"rendered":"<p>B\u1ed9 tr\u1ee5c sau c\u1ee7a xe ba b\u00e1nh \u0111i\u1ec7n l\u00e0 b\u1ed9 ph\u1eadn truy\u1ec1n \u0111\u1ed9ng v\u00e0 ch\u1ecbu l\u1ef1c c\u1ed1t l\u00f5i c\u1ee7a ph\u01b0\u01a1ng ti\u1ec7n, t\u00edch h\u1ee3p c\u00e1c th\u00e0nh ph\u1ea7n ch\u00ednh nh\u01b0 b\u1ed9 vi sai, tr\u1ee5c b\u00e1n tr\u1ee5c v\u00e0 h\u1ec7 th\u1ed1ng phanh. B\u1ed9 ph\u1eadn n\u00e0y ch\u1ee7 y\u1ebfu \u0111\u01b0\u1ee3c s\u1eed d\u1ee5ng \u0111\u1ec3 \u0111\u1ee1 c\u00e1c b\u00e1nh xe, truy\u1ec1n l\u1ef1c v\u00e0 th\u1ef1c hi\u1ec7n c\u00e1c ch\u1ee9c n\u0103ng l\u00e1i, gi\u1ea3m t\u1ed1c v\u00e0 vi sai. Thi\u1ebft k\u1ebf s\u1ea3n ph\u1ea9m t\u1eadp trung v\u00e0o kh\u1ea3 n\u0103ng ch\u1ecbu t\u1ea3i, \u0111\u1ed9 b\u1ec1n v\u00e0 t\u00ednh linh ho\u1ea1t, \u0111\u1ed3ng th\u1eddi \u0111\u01b0\u1ee3c \u1ee9ng d\u1ee5ng r\u1ed9ng r\u00e3i trong h\u1ec7 th\u1ed1ng khung g\u1ea7m c\u1ee7a xe ba b\u00e1nh \u0111i\u1ec7n v\u00e0 xe b\u1ed1n b\u00e1nh.<\/p>","protected":false},"featured_media":596,"template":"","meta":{"site-sidebar-layout":"default","site-content-layout":"default","ast-site-content-layout":"default","site-content-style":"default","site-sidebar-style":"default","ast-global-header-display":"","ast-banner-title-visibility":"","ast-main-header-display":"","ast-hfb-above-header-display":"","ast-hfb-below-header-display":"","ast-hfb-mobile-header-display":"","site-post-title":"","ast-breadcrumbs-content":"","ast-featured-img":"","footer-sml-layout":"","ast-disable-related-posts":"","theme-transparent-header-meta":"default","adv-header-id-meta":"","stick-header-meta":"","header-above-stick-meta":"","header-main-stick-meta":"","header-below-stick-meta":"","astra-migrate-meta-layouts":"default","ast-page-background-enabled":"default","ast-page-background-meta":{"desktop":{"background-color":"","background-image":"","background-repeat":"repeat","background-position":"center center","background-size":"auto","background-attachment":"scroll","background-type":"","background-media":"","overlay-type":"","overlay-color":"","overlay-opacity":"","overlay-gradient":""},"tablet":{"background-color":"","background-image":"","background-repeat":"repeat","background-position":"center center","background-size":"auto","background-attachment":"scroll","background-type":"","background-media":"","overlay-type":"","overlay-color":"","overlay-opacity":"","overlay-gradient":""},"mobile":{"background-color":"","background-image":"","background-repeat":"repeat","background-position":"center center","background-size":"auto","background-attachment":"scroll","background-type":"","background-media":"","overlay-type":"","overlay-color":"","overlay-opacity":"","overlay-gradient":""}},"ast-content-background-meta":{"desktop":{"background-color":"var(--ast-global-color-5)","background-image":"","background-repeat":"repeat","background-position":"center center","background-size":"auto","background-attachment":"scroll","background-type":"","background-media":"","overlay-type":"","overlay-color":"","overlay-opacity":"","overlay-gradient":""},"tablet":{"background-color":"var(--ast-global-color-5)","background-image":"","background-repeat":"repeat","background-position":"center center","background-size":"auto","background-attachment":"scroll","background-type":"","background-media":"","overlay-type":"","overlay-color":"","overlay-opacity":"","overlay-gradient":""},"mobile":{"background-color":"var(--ast-global-color-5)","background-image":"","background-repeat":"repeat","background-position":"center center","background-size":"auto","background-attachment":"scroll","background-type":"","background-media":"","overlay-type":"","overlay-color":"","overlay-opacity":"","overlay-gradient":""}}},"product_brand":[],"product_cat":[22],"product_tag":[],"class_list":{"0":"post-595","1":"product","2":"type-product","3":"status-publish","4":"has-post-thumbnail","6":"product_cat-rear-axle-assembly","7":"desktop-align-left","8":"tablet-align-left","9":"mobile-align-left","10":"ast-product-gallery-layout-vertical-slider","11":"ast-product-gallery-with-no-image","12":"ast-product-tabs-layout-horizontal","14":"first","15":"instock","16":"shipping-taxable","17":"product-type-simple"},"yoast_head":"<!-- This site is optimized with the Yoast SEO plugin v27.4 - https:\/\/yoast.com\/product\/yoast-seo-wordpress\/ -->\n<title>Integrated drum brake rear axle assembly - Jining Huanzhongyu Electromechanical Co., Ltd.<\/title>\n<meta name=\"robots\" content=\"index, follow, max-snippet:-1, max-image-preview:large, max-video-preview:-1\" \/>\n<link rel=\"canonical\" href=\"https:\/\/www.huanyumotor.com\/vi\/san-pham\/integrated-drum-brake-rear-axle-assembly\/\" \/>\n<meta property=\"og:locale\" content=\"vi_VN\" \/>\n<meta property=\"og:type\" content=\"article\" \/>\n<meta property=\"og:title\" content=\"Integrated drum brake rear axle assembly - Jining Huanzhongyu Electromechanical Co., Ltd.\" \/>\n<meta property=\"og:description\" content=\"The rear axle assembly of an electric tricycle is the core driving and load-bearing component of the vehicle, integrating key components such as differential, half axle, and braking system. It is mainly used to support the wheels, transmit power, and achieve driving, deceleration, and differential functions. Its product design focuses on load-bearing capacity, durability, and adaptability, and is widely applicable to the chassis systems of electric tricycles and four-wheel vehicles.\" \/>\n<meta property=\"og:url\" content=\"https:\/\/www.huanyumotor.com\/vi\/san-pham\/integrated-drum-brake-rear-axle-assembly\/\" \/>\n<meta property=\"og:site_name\" content=\"Jining Huanzhongyu Electromechanical Co., Ltd.\" \/>\n<meta property=\"article:publisher\" content=\"https:\/\/www.facebook.com\/profile.php?id=61579475484242&amp;sk=grid\" \/>\n<meta property=\"og:image\" content=\"https:\/\/www.huanyumotor.com\/wp-content\/uploads\/2025\/11\/22_1.jpg\" \/>\n\t<meta property=\"og:image:width\" content=\"800\" \/>\n\t<meta property=\"og:image:height\" content=\"800\" \/>\n\t<meta property=\"og:image:type\" content=\"image\/jpeg\" \/>\n<meta name=\"twitter:card\" content=\"summary_large_image\" \/>\n<meta name=\"twitter:label1\" content=\"\u01af\u1edbc t\u00ednh th\u1eddi gian \u0111\u1ecdc\" \/>\n\t<meta name=\"twitter:data1\" content=\"2 ph\u00fat\" \/>\n<script type=\"application\/ld+json\" class=\"yoast-schema-graph\">{\"@context\":\"https:\\\/\\\/schema.org\",\"@graph\":[{\"@type\":\"WebPage\",\"@id\":\"https:\\\/\\\/www.huanyumotor.com\\\/product\\\/integrated-drum-brake-rear-axle-assembly\\\/\",\"url\":\"https:\\\/\\\/www.huanyumotor.com\\\/product\\\/integrated-drum-brake-rear-axle-assembly\\\/\",\"name\":\"Integrated drum brake rear axle assembly - Jining Huanzhongyu Electromechanical Co., Ltd.\",\"isPartOf\":{\"@id\":\"https:\\\/\\\/www.huanyumotor.com\\\/#website\"},\"primaryImageOfPage\":{\"@id\":\"https:\\\/\\\/www.huanyumotor.com\\\/product\\\/integrated-drum-brake-rear-axle-assembly\\\/#primaryimage\"},\"image\":{\"@id\":\"https:\\\/\\\/www.huanyumotor.com\\\/product\\\/integrated-drum-brake-rear-axle-assembly\\\/#primaryimage\"},\"thumbnailUrl\":\"https:\\\/\\\/www.huanyumotor.com\\\/wp-content\\\/uploads\\\/2025\\\/11\\\/22_1.jpg\",\"datePublished\":\"2025-11-12T02:15:05+00:00\",\"breadcrumb\":{\"@id\":\"https:\\\/\\\/www.huanyumotor.com\\\/product\\\/integrated-drum-brake-rear-axle-assembly\\\/#breadcrumb\"},\"inLanguage\":\"vi\",\"potentialAction\":[{\"@type\":\"ReadAction\",\"target\":[\"https:\\\/\\\/www.huanyumotor.com\\\/product\\\/integrated-drum-brake-rear-axle-assembly\\\/\"]}]},{\"@type\":\"ImageObject\",\"inLanguage\":\"vi\",\"@id\":\"https:\\\/\\\/www.huanyumotor.com\\\/product\\\/integrated-drum-brake-rear-axle-assembly\\\/#primaryimage\",\"url\":\"https:\\\/\\\/www.huanyumotor.com\\\/wp-content\\\/uploads\\\/2025\\\/11\\\/22_1.jpg\",\"contentUrl\":\"https:\\\/\\\/www.huanyumotor.com\\\/wp-content\\\/uploads\\\/2025\\\/11\\\/22_1.jpg\",\"width\":800,\"height\":800},{\"@type\":\"BreadcrumbList\",\"@id\":\"https:\\\/\\\/www.huanyumotor.com\\\/product\\\/integrated-drum-brake-rear-axle-assembly\\\/#breadcrumb\",\"itemListElement\":[{\"@type\":\"ListItem\",\"position\":1,\"name\":\"\u9996\u9875\",\"item\":\"https:\\\/\\\/www.huanyumotor.com\\\/\"},{\"@type\":\"ListItem\",\"position\":2,\"name\":\"Products\",\"item\":\"https:\\\/\\\/www.huanyumotor.com\\\/products\\\/\"},{\"@type\":\"ListItem\",\"position\":3,\"name\":\"Integrated drum brake rear axle assembly\"}]},{\"@type\":\"WebSite\",\"@id\":\"https:\\\/\\\/www.huanyumotor.com\\\/#website\",\"url\":\"https:\\\/\\\/www.huanyumotor.com\\\/\",\"name\":\"Jining Huanzhongyu Electromechanical Co., Ltd.\",\"description\":\"\",\"publisher\":{\"@id\":\"https:\\\/\\\/www.huanyumotor.com\\\/#organization\"},\"potentialAction\":[{\"@type\":\"SearchAction\",\"target\":{\"@type\":\"EntryPoint\",\"urlTemplate\":\"https:\\\/\\\/www.huanyumotor.com\\\/?s={search_term_string}\"},\"query-input\":{\"@type\":\"PropertyValueSpecification\",\"valueRequired\":true,\"valueName\":\"search_term_string\"}}],\"inLanguage\":\"vi\"},{\"@type\":\"Organization\",\"@id\":\"https:\\\/\\\/www.huanyumotor.com\\\/#organization\",\"name\":\"Jining Huanzhongyu Electromechanical Co., Ltd.\",\"url\":\"https:\\\/\\\/www.huanyumotor.com\\\/\",\"logo\":{\"@type\":\"ImageObject\",\"inLanguage\":\"vi\",\"@id\":\"https:\\\/\\\/www.huanyumotor.com\\\/#\\\/schema\\\/logo\\\/image\\\/\",\"url\":\"https:\\\/\\\/www.huanyumotor.com\\\/wp-content\\\/uploads\\\/2025\\\/11\\\/logo.webp\",\"contentUrl\":\"https:\\\/\\\/www.huanyumotor.com\\\/wp-content\\\/uploads\\\/2025\\\/11\\\/logo.webp\",\"width\":468,\"height\":242,\"caption\":\"Jining Huanzhongyu Electromechanical Co., Ltd.\"},\"image\":{\"@id\":\"https:\\\/\\\/www.huanyumotor.com\\\/#\\\/schema\\\/logo\\\/image\\\/\"},\"sameAs\":[\"https:\\\/\\\/www.facebook.com\\\/profile.php?id=61579475484242&sk=grid\"]}]}<\/script>\n<!-- \/ Yoast SEO plugin. -->","yoast_head_json":{"title":"Integrated drum brake rear axle assembly - Jining Huanzhongyu Electromechanical Co., Ltd.","robots":{"index":"index","follow":"follow","max-snippet":"max-snippet:-1","max-image-preview":"max-image-preview:large","max-video-preview":"max-video-preview:-1"},"canonical":"https:\/\/www.huanyumotor.com\/vi\/san-pham\/integrated-drum-brake-rear-axle-assembly\/","og_locale":"vi_VN","og_type":"article","og_title":"Integrated drum brake rear axle assembly - Jining Huanzhongyu Electromechanical Co., Ltd.","og_description":"The rear axle assembly of an electric tricycle is the core driving and load-bearing component of the vehicle, integrating key components such as differential, half axle, and braking system. It is mainly used to support the wheels, transmit power, and achieve driving, deceleration, and differential functions. Its product design focuses on load-bearing capacity, durability, and adaptability, and is widely applicable to the chassis systems of electric tricycles and four-wheel vehicles.","og_url":"https:\/\/www.huanyumotor.com\/vi\/san-pham\/integrated-drum-brake-rear-axle-assembly\/","og_site_name":"Jining Huanzhongyu Electromechanical Co., Ltd.","article_publisher":"https:\/\/www.facebook.com\/profile.php?id=61579475484242&sk=grid","og_image":[{"width":800,"height":800,"url":"https:\/\/www.huanyumotor.com\/wp-content\/uploads\/2025\/11\/22_1.jpg","type":"image\/jpeg"}],"twitter_card":"summary_large_image","twitter_misc":{"\u01af\u1edbc t\u00ednh th\u1eddi gian \u0111\u1ecdc":"2 ph\u00fat"},"schema":{"@context":"https:\/\/schema.org","@graph":[{"@type":"WebPage","@id":"https:\/\/www.huanyumotor.com\/product\/integrated-drum-brake-rear-axle-assembly\/","url":"https:\/\/www.huanyumotor.com\/product\/integrated-drum-brake-rear-axle-assembly\/","name":"Integrated drum brake rear axle assembly - Jining Huanzhongyu Electromechanical Co., Ltd.","isPartOf":{"@id":"https:\/\/www.huanyumotor.com\/#website"},"primaryImageOfPage":{"@id":"https:\/\/www.huanyumotor.com\/product\/integrated-drum-brake-rear-axle-assembly\/#primaryimage"},"image":{"@id":"https:\/\/www.huanyumotor.com\/product\/integrated-drum-brake-rear-axle-assembly\/#primaryimage"},"thumbnailUrl":"https:\/\/www.huanyumotor.com\/wp-content\/uploads\/2025\/11\/22_1.jpg","datePublished":"2025-11-12T02:15:05+00:00","breadcrumb":{"@id":"https:\/\/www.huanyumotor.com\/product\/integrated-drum-brake-rear-axle-assembly\/#breadcrumb"},"inLanguage":"vi","potentialAction":[{"@type":"ReadAction","target":["https:\/\/www.huanyumotor.com\/product\/integrated-drum-brake-rear-axle-assembly\/"]}]},{"@type":"ImageObject","inLanguage":"vi","@id":"https:\/\/www.huanyumotor.com\/product\/integrated-drum-brake-rear-axle-assembly\/#primaryimage","url":"https:\/\/www.huanyumotor.com\/wp-content\/uploads\/2025\/11\/22_1.jpg","contentUrl":"https:\/\/www.huanyumotor.com\/wp-content\/uploads\/2025\/11\/22_1.jpg","width":800,"height":800},{"@type":"BreadcrumbList","@id":"https:\/\/www.huanyumotor.com\/product\/integrated-drum-brake-rear-axle-assembly\/#breadcrumb","itemListElement":[{"@type":"ListItem","position":1,"name":"\u9996\u9875","item":"https:\/\/www.huanyumotor.com\/"},{"@type":"ListItem","position":2,"name":"Products","item":"https:\/\/www.huanyumotor.com\/products\/"},{"@type":"ListItem","position":3,"name":"Integrated drum brake rear axle assembly"}]},{"@type":"WebSite","@id":"https:\/\/www.huanyumotor.com\/#website","url":"https:\/\/www.huanyumotor.com\/","name":"C\u00f4ng ty TNHH \u0110i\u1ec7n c\u01a1 Jining Huanzhongyu.","description":"","publisher":{"@id":"https:\/\/www.huanyumotor.com\/#organization"},"potentialAction":[{"@type":"SearchAction","target":{"@type":"EntryPoint","urlTemplate":"https:\/\/www.huanyumotor.com\/?s={search_term_string}"},"query-input":{"@type":"PropertyValueSpecification","valueRequired":true,"valueName":"search_term_string"}}],"inLanguage":"vi"},{"@type":"Organization","@id":"https:\/\/www.huanyumotor.com\/#organization","name":"C\u00f4ng ty TNHH \u0110i\u1ec7n c\u01a1 Jining Huanzhongyu.","url":"https:\/\/www.huanyumotor.com\/","logo":{"@type":"ImageObject","inLanguage":"vi","@id":"https:\/\/www.huanyumotor.com\/#\/schema\/logo\/image\/","url":"https:\/\/www.huanyumotor.com\/wp-content\/uploads\/2025\/11\/logo.webp","contentUrl":"https:\/\/www.huanyumotor.com\/wp-content\/uploads\/2025\/11\/logo.webp","width":468,"height":242,"caption":"Jining Huanzhongyu Electromechanical Co., Ltd."},"image":{"@id":"https:\/\/www.huanyumotor.com\/#\/schema\/logo\/image\/"},"sameAs":["https:\/\/www.facebook.com\/profile.php?id=61579475484242&sk=grid"]}]}},"_links":{"self":[{"href":"https:\/\/www.huanyumotor.com\/vi\/wp-json\/wp\/v2\/product\/595","targetHints":{"allow":["GET"]}}],"collection":[{"href":"https:\/\/www.huanyumotor.com\/vi\/wp-json\/wp\/v2\/product"}],"about":[{"href":"https:\/\/www.huanyumotor.com\/vi\/wp-json\/wp\/v2\/types\/product"}],"wp:featuredmedia":[{"embeddable":true,"href":"https:\/\/www.huanyumotor.com\/vi\/wp-json\/wp\/v2\/media\/596"}],"wp:attachment":[{"href":"https:\/\/www.huanyumotor.com\/vi\/wp-json\/wp\/v2\/media?parent=595"}],"wp:term":[{"taxonomy":"product_brand","embeddable":true,"href":"https:\/\/www.huanyumotor.com\/vi\/wp-json\/wp\/v2\/product_brand?post=595"},{"taxonomy":"product_cat","embeddable":true,"href":"https:\/\/www.huanyumotor.com\/vi\/wp-json\/wp\/v2\/product_cat?post=595"},{"taxonomy":"product_tag","embeddable":true,"href":"https:\/\/www.huanyumotor.com\/vi\/wp-json\/wp\/v2\/product_tag?post=595"}],"curies":[{"name":"wp","href":"https:\/\/api.w.org\/{rel}","templated":true}]}}