{"id":600,"date":"2025-11-12T10:18:35","date_gmt":"2025-11-12T02:18:35","guid":{"rendered":"http:\/\/www.huanyumotor.com\/?post_type=product&#038;p=600"},"modified":"2025-11-12T10:18:36","modified_gmt":"2025-11-12T02:18:36","slug":"unmanned-controller-system-for-tracked-vehicles","status":"publish","type":"product","link":"https:\/\/www.huanyumotor.com\/vi\/san-pham\/unmanned-controller-system-for-tracked-vehicles\/","title":{"rendered":"H\u1ec7 th\u1ed1ng \u0111i\u1ec1u khi\u1ec3n kh\u00f4ng ng\u01b0\u1eddi l\u00e1i cho xe b\u00e1nh x\u00edch"},"content":{"rendered":"<p>H\u1ec7 th\u1ed1ng \u0111i\u1ec1u khi\u1ec3n kh\u00f4ng ng\u01b0\u1eddi l\u00e1i d\u00e0nh cho xe b\u00e1nh x\u00edch l\u00e0 m\u1ed9t th\u00e0nh ph\u1ea7n \u0111i\u1ec1u khi\u1ec3n c\u1ed1t l\u00f5i \u0111\u01b0\u1ee3c thi\u1ebft k\u1ebf ri\u00eang cho c\u00e1c lo\u1ea1i xe b\u00e1nh x\u00edch kh\u00f4ng ng\u01b0\u1eddi l\u00e1i. H\u1ec7 th\u1ed1ng n\u00e0y c\u00f3 kh\u1ea3 n\u0103ng \u0111i\u1ec1u khi\u1ec3n t\u1eeb xa, \u0111\u1ed9 \u1ed5n \u0111\u1ecbnh cao, kh\u1ea3 n\u0103ng th\u00edch \u1ee9ng m\u1ea1nh m\u1ebd v\u00e0 c\u00e1c t\u00ednh n\u0103ng \u0111i\u1ec1u khi\u1ec3n th\u00f4ng minh, \u0111\u1ed3ng th\u1eddi ph\u00f9 h\u1ee3p v\u1edbi \u0111\u1ecba h\u00ecnh ph\u1ee9c t\u1ea1p v\u00e0 c\u00e1c t\u00ecnh hu\u1ed1ng \u1ee9ng d\u1ee5ng \u0111a d\u1ea1ng.<br \/>\nT\u00ednh n\u0103ng k\u1ef9 thu\u1eadt<br \/>\n\u0110i\u1ec1u khi\u1ec3n t\u1eeb xa: H\u1ed7 tr\u1ee3 truy\u1ec1n th\u00f4ng kh\u00f4ng d\u00e2y t\u1ea7m xa, cho ph\u00e9p ng\u01b0\u1eddi \u0111i\u1ec1u khi\u1ec3n \u0111i\u1ec1u khi\u1ec3n ph\u01b0\u01a1ng ti\u1ec7n kh\u00f4ng ng\u01b0\u1eddi l\u00e1i theo th\u1eddi gian th\u1ef1c th\u00f4ng qua b\u1ed9 \u0111i\u1ec1u khi\u1ec3n t\u1eeb xa ho\u1eb7c tr\u1ea1m m\u1eb7t \u0111\u1ea5t \u0111\u1ec3 \u0111\u1ea3m b\u1ea3o ho\u1ea1t \u0111\u1ed9ng ch\u00ednh x\u00e1c.<br \/>\n\u0110i\u1ec1u khi\u1ec3n t\u1ef1 \u0111\u1ed9ng: D\u1ef1a tr\u00ean c\u00e1c nhi\u1ec7m v\u1ee5 v\u00e0 h\u01b0\u1edbng d\u1eabn \u0111\u01b0\u1ee3c c\u00e0i \u0111\u1eb7t s\u1eb5n, c\u00e1c ph\u01b0\u01a1ng ti\u1ec7n kh\u00f4ng ng\u01b0\u1eddi l\u00e1i c\u00f3 th\u1ec3 t\u1ef1 \u0111\u1ed9ng th\u1ef1c hi\u1ec7n c\u00e1c nhi\u1ec7m v\u1ee5 nh\u01b0 l\u00e1i xe, tr\u00e1nh ch\u01b0\u1edbng ng\u1ea1i v\u1eadt v\u00e0 c\u00e1c thao t\u00e1c kh\u00e1c m\u00e0 kh\u00f4ng c\u1ea7n s\u1ef1 can thi\u1ec7p c\u1ee7a con ng\u01b0\u1eddi.<br \/>\nThu\u1eadt to\u00e1n th\u00f4ng minh: \u00c1p d\u1ee5ng thu\u1eadt to\u00e1n \u0111i\u1ec1u khi\u1ec3n PID v\u00e0 \u0111i\u1ec1u khi\u1ec3n m\u1edd th\u00edch \u1ee9ng, t\u1ed1i \u01b0u h\u00f3a vi\u1ec7c l\u1eadp k\u1ebf ho\u1ea1ch l\u1ed9 tr\u00ecnh v\u00e0 ph\u00e2n b\u1ed5 t\u1ed1c \u0111\u1ed9, t\u1eeb \u0111\u00f3 n\u00e2ng cao \u0111\u1ed9 \u1ed5n \u0111\u1ecbnh khi l\u00e1i xe v\u00e0 t\u1ed1c \u0111\u1ed9 ph\u1ea3n h\u1ed3i.<br \/>\nX\u1eed l\u00fd t\u00edn hi\u1ec7u: \u0110\u01b0\u1ee3c trang b\u1ecb b\u1ed9 l\u1ecdc Kalman t\u00edch h\u1ee3p \u0111\u1ec3 lo\u1ea1i b\u1ecf nhi\u1ec5u kh\u1ecfi t\u00edn hi\u1ec7u c\u1ea3m bi\u1ebfn, \u0111\u1ea3m b\u1ea3o t\u00edn hi\u1ec7u thu v\u00e0 ph\u00e1t \u1ed5n \u0111\u1ecbnh, \u0111\u1ed3ng th\u1eddi n\u00e2ng cao tr\u1ea3i nghi\u1ec7m l\u00e1i xe.<br \/>\nB\u1ea3o v\u1ec7 an to\u00e0n: \u0111\u01b0\u1ee3c trang b\u1ecb h\u1ec7 th\u1ed1ng phanh kh\u1ea9n c\u1ea5p, c\u1ea3nh b\u00e1o tr\u00e1nh ch\u01b0\u1edbng ng\u1ea1i v\u1eadt, b\u1ea3o v\u1ec7 qu\u00e1 t\u1ea3i v\u00e0 c\u00e1c ch\u1ee9c n\u0103ng kh\u00e1c nh\u1eb1m \u0111\u1ea3m b\u1ea3o v\u1eadn h\u00e0nh an to\u00e0n.<br \/>\nL\u0129nh v\u1ef1c \u1ee9ng d\u1ee5ng<br \/>\nL\u0129nh v\u1ef1c qu\u00e2n s\u1ef1: c\u00e1c nhi\u1ec7m v\u1ee5 nh\u01b0 trinh s\u00e1t, v\u1eadn chuy\u1ec3n v\u00e0 r\u00e0 ph\u00e1 bom m\u00ecn nh\u1eb1m gi\u1ea3m thi\u1ec3u nguy c\u01a1 th\u01b0\u01a1ng vong.<br \/>\nL\u0129nh v\u1ef1c c\u1ee9u h\u1ed9: Nhanh ch\u00f3ng ti\u1ebfp c\u1eadn khu v\u1ef1c b\u1ecb thi\u00ean tai, tri\u1ec3n khai c\u00e1c ho\u1ea1t \u0111\u1ed9ng nh\u01b0 v\u1eadn chuy\u1ec3n v\u1eadt t\u01b0 v\u00e0 t\u00ecm ki\u1ebfm c\u1ee9u n\u1ea1n, \u0111\u1ed3ng th\u1eddi n\u00e2ng cao hi\u1ec7u qu\u1ea3 c\u00f4ng t\u00e1c c\u1ee9u h\u1ed9.<br \/>\nTrong l\u0129nh v\u1ef1c c\u00f4ng nghi\u1ec7p, t\u1ef1 \u0111\u1ed9ng h\u00f3a \u0111\u01b0\u1ee3c \u00e1p d\u1ee5ng trong c\u00e1c l\u0129nh v\u1ef1c nh\u01b0 khai th\u00e1c m\u1ecf, khai th\u00e1c g\u1ed7 v\u00e0 th\u0103m d\u00f2 \u0111\u1ecba ch\u1ea5t.<br \/>\nKh\u00e1c: Ph\u00f9 h\u1ee3p v\u1edbi m\u1ecdi lo\u1ea1i ph\u01b0\u01a1ng ti\u1ec7n kh\u00f4ng ng\u01b0\u1eddi l\u00e1i c\u00f3 b\u00e1nh x\u00edch c\u1ea7n ho\u1ea1t \u0111\u1ed9ng tr\u00ean \u0111\u1ecba h\u00ecnh ph\u1ee9c t\u1ea1p v\u00e0 trong \u0111i\u1ec1u ki\u1ec7n kh\u1eafc nghi\u1ec7t.<br \/>\n\u01afu \u0111i\u1ec3m c\u1ee7a s\u1ea3n ph\u1ea9m<br \/>\nKh\u1ea3 n\u0103ng th\u00edch \u1ee9ng cao: Thi\u1ebft k\u1ebf b\u00e1nh x\u00edch gi\u00fap gi\u1ea3m \u00e1p l\u1ef1c l\u00ean m\u1eb7t \u0111\u1ea5t v\u00e0 cho ph\u00e9p di chuy\u1ec3n \u00eam \u00e1i tr\u00ean c\u00e1c b\u1ec1 m\u1eb7t m\u1ec1m ho\u1eb7c tr\u01a1n tr\u01b0\u1ee3t nh\u01b0 c\u00e1t, tuy\u1ebft v\u00e0 b\u00f9n.<br \/>\nKh\u1ea3 n\u0103ng b\u00e1m \u0111\u01b0\u1eddng v\u01b0\u1ee3t tr\u1ed9i: Mang l\u1ea1i kh\u1ea3 n\u0103ng b\u00e1m \u0111\u01b0\u1eddng v\u00e0 \u0111\u1ed9 \u1ed5n \u0111\u1ecbnh cao, \u0111\u1ea3m b\u1ea3o kh\u1ea3 n\u0103ng \u0111i\u1ec1u khi\u1ec3n t\u1ed1t trong c\u00e1c t\u00ecnh hu\u1ed1ng nh\u01b0 \u0111\u01b0\u1eddng d\u1ed1c v\u00e0 \u0111\u01b0\u1eddng n\u00fai g\u1ed3 gh\u1ec1.<br \/>\nThi\u1ebft k\u1ebf m\u00f4-\u0111un: M\u1ed7i th\u00e0nh ph\u1ea7n \u0111\u01b0\u1ee3c ph\u00e1t tri\u1ec3n, s\u1ea3n xu\u1ea5t v\u00e0 n\u00e2ng c\u1ea5p m\u1ed9t c\u00e1ch \u0111\u1ed9c l\u1eadp nh\u1eb1m n\u00e2ng cao kh\u1ea3 n\u0103ng m\u1edf r\u1ed9ng v\u00e0 kh\u1ea3 n\u0103ng b\u1ea3o tr\u00ec, \u0111\u1ed3ng th\u1eddi gi\u1ea3m chi ph\u00ed s\u1ea3n xu\u1ea5t v\u00e0 b\u1ea3o tr\u00ec.<br \/>\nKh\u1ea3 n\u0103ng ch\u1ecbu t\u1ea3i: V\u1edbi kh\u1ea3 n\u0103ng ch\u1ecbu t\u1ea3i v\u00e0 v\u1eadn chuy\u1ec3n m\u1ea1nh m\u1ebd, thi\u1ebft b\u1ecb n\u00e0y c\u00f3 th\u1ec3 v\u1eadn chuy\u1ec3n hi\u1ec7u qu\u1ea3 c\u00e1c lo\u1ea1i thi\u1ebft b\u1ecb ho\u1eb7c v\u1eadt li\u1ec7u kh\u00e1c nhau ph\u1ee5c v\u1ee5 cho ho\u1ea1t \u0111\u1ed9ng s\u1ea3n xu\u1ea5t.<br \/>\nTh\u00f4ng s\u1ed1 k\u1ef9 thu\u1eadt<br \/>\nH\u1ec7 th\u1ed1ng \u0111i\u1ec1u khi\u1ec3n: b\u1ed9 \u0111i\u1ec1u khi\u1ec3n l\u00e1i t\u1ef1 \u0111\u1ed9ng, m\u00f4-\u0111un l\u1ecdc, m\u00f4-\u0111un \u00e1nh x\u1ea1 t\u00edn hi\u1ec7u, m\u00f4-\u0111un PID d\u1ef1a tr\u00ean m\u00f4 h\u00ecnh chuy\u1ec3n \u0111\u1ed9ng c\u1ee7a xe.<br \/>\nC\u1ea3m bi\u1ebfn: Lidar, camera, s\u00f3ng si\u00eau \u00e2m, v.v., \u0111\u01b0\u1ee3c s\u1eed d\u1ee5ng \u0111\u1ec3 nh\u1eadn th\u1ee9c m\u00f4i tr\u01b0\u1eddng v\u00e0 \u0111\u1ecbnh v\u1ecb \u0111i\u1ec1u h\u01b0\u1edbng.<br \/>\nTruy\u1ec1n th\u00f4ng: H\u1ed7 tr\u1ee3 nhi\u1ec1u giao th\u1ee9c truy\u1ec1n th\u00f4ng kh\u00f4ng d\u00e2y \u0111\u1ec3 \u0111\u1ea3m b\u1ea3o vi\u1ec7c truy\u1ec1n v\u00e0 nh\u1eadn l\u1ec7nh theo th\u1eddi gian th\u1ef1c.<br \/>\nC\u1ea5p \u0111\u1ed9 b\u1ea3o v\u1ec7: IP54\/IP55, ph\u00f9 h\u1ee3p v\u1edbi m\u00f4i tr\u01b0\u1eddng kh\u1eafc nghi\u1ec7t. \u201d<\/p>\n<table style=\"border-collapse: collapse; width: 525.77pt;\" border=\"0\" width=\"701\" cellspacing=\"0\" cellpadding=\"0\">\n<tbody>\n<tr style=\"height: 63.00pt;\">\n<td class=\"et3\" style=\"height: 63.00pt; width: 525.75pt;\" colspan=\"4\" width=\"701\" height=\"84\">C\u00e1c th\u00f4ng s\u1ed1 k\u1ef9 thu\u1eadt c\u1ee7a s\u1ea3n ph\u1ea9m<\/td>\n<\/tr>\n<tr style=\"height: 17.25pt;\">\n<td class=\"et4\" style=\"height: 17.25pt; width: 96.75pt;\" width=\"129\" height=\"23\">\u0111i\u1ec7n \u00e1p \u0111\u1ecbnh m\u1ee9c<\/td>\n<td class=\"et4\" style=\"width: 168.00pt;\" width=\"224\">24V\/36V\/48V\/60V\/72V<\/td>\n<td class=\"et4\" style=\"width: 113.25pt;\" width=\"151\">c\u00f4ng su\u1ea5t \u0111\u1ecbnh m\u1ee9c<\/td>\n<td class=\"et4\" style=\"width: 147.75pt;\" width=\"197\">350W\u20134000W<\/td>\n<\/tr>\n<tr style=\"height: 17.25pt;\">\n<td class=\"et5\" style=\"height: 17.25pt;\" height=\"23\">b\u00f3ng b\u00e1n d\u1eabn c\u00f4ng su\u1ea5t<\/td>\n<td class=\"et5\">12G\u201336G<\/td>\n<td class=\"et4\" style=\"width: 113.25pt;\" width=\"151\">\u0110i\u1ec7n \u00e1p chuy\u1ec3n m\u1ea1ch<\/td>\n<td class=\"et4\" style=\"width: 147.75pt;\" width=\"197\">1,1 V \u00b1 4..2 V<\/td>\n<\/tr>\n<tr style=\"height: 34.50pt;\">\n<td class=\"et4\" style=\"height: 34.50pt; width: 96.75pt;\" width=\"129\" height=\"46\">M\u1ee9c phanh<\/td>\n<td class=\"et4\" style=\"width: 168.00pt;\" width=\"224\">m\u1ee9c cao \/ m\u1ee9c th\u1ea5p<\/td>\n<td class=\"et4\" style=\"width: 113.25pt;\" width=\"151\"><\/td>\n<td class=\"et4\" style=\"width: 147.75pt;\" width=\"197\"><\/td>\n<\/tr>\n<tr style=\"height: 34.50pt;\">\n<td class=\"et4\" style=\"height: 34.50pt; width: 96.75pt;\" width=\"129\" height=\"46\">Hi\u1ec7u su\u1ea5t s\u1ea3n ph\u1ea9m<\/td>\n<td class=\"et6\" style=\"width: 429.00pt;\" colspan=\"3\" width=\"572\">M\u00f4-men xo\u1eafn cao\/hi\u1ec7u su\u1ea5t cao\/ph\u1ea1m vi ho\u1ea1t \u0111\u1ed9ng xa\/sinh nhi\u1ec7t th\u1ea5p<\/td>\n<\/tr>\n<tr style=\"height: 34.50pt;\">\n<td class=\"et4\" style=\"height: 34.50pt; width: 96.75pt;\" width=\"129\" height=\"46\">\u0110\u1eb7c \u0111i\u1ec3m s\u1ea3n ph\u1ea9m<\/td>\n<td class=\"et7\" style=\"width: 429.00pt;\" colspan=\"3\" width=\"572\">\u0110i\u1ec1u khi\u1ec3n t\u1eeb xa\/di chuy\u1ec3n\/l\u00f9i\/quay t\u1ea1i ch\u1ed7\/t\u1ef1 \u0111\u1ed9ng di chuy\u1ec3n<\/td>\n<\/tr>\n<\/tbody>\n<\/table>\n<p>&nbsp;<\/p>\n<p>M\u00f4i tr\u01b0\u1eddng ho\u1ea1t \u0111\u1ed9ng c\u1ee7a s\u1ea3n ph\u1ea9m<\/p>\n<table style=\"border-collapse: collapse; width: 264.77pt;\" border=\"0\" width=\"353\" cellspacing=\"0\" cellpadding=\"0\">\n<tbody>\n<tr style=\"height: 51.75pt;\">\n<td class=\"et3\" style=\"height: 51.75pt; width: 96.75pt;\" width=\"129\" height=\"69\">Ph\u1ea1m vi nhi\u1ec7t \u0111\u1ed9 b\u1ea3o qu\u1ea3n<\/td>\n<td class=\"et3\" style=\"width: 168.00pt;\" width=\"224\">-40\u00b0C \u0111\u1ebfn 85\u00b0C<\/td>\n<\/tr>\n<tr style=\"height: 51.75pt;\">\n<td class=\"et3\" style=\"height: 51.75pt; width: 96.75pt;\" width=\"129\" height=\"69\">Ph\u1ea1m vi nhi\u1ec7t \u0111\u1ed9 ho\u1ea1t \u0111\u1ed9ng<\/td>\n<td class=\"et3\" style=\"width: 168.00pt;\" width=\"224\">\u0110\u1ed9ng c\u01a1: -40\u00b0C \u0111\u1ebfn 55\u00b0C<\/td>\n<\/tr>\n<tr style=\"height: 17.25pt;\">\n<td class=\"et3\" style=\"height: 17.25pt; width: 96.75pt;\" width=\"129\" height=\"23\">\u0111\u1ed9 \u1ea9m<\/td>\n<td class=\"et3\" style=\"width: 168.00pt;\" width=\"224\">0\u201395%<\/td>\n<\/tr>\n<\/tbody>\n<\/table>\n<p>&nbsp;<\/p>","protected":false},"excerpt":{"rendered":"<p>H\u1ec7 th\u1ed1ng \u0111i\u1ec1u khi\u1ec3n kh\u00f4ng ng\u01b0\u1eddi l\u00e1i d\u00e0nh cho xe b\u00e1nh x\u00edch l\u00e0 m\u1ed9t th\u00e0nh ph\u1ea7n \u0111i\u1ec1u khi\u1ec3n c\u1ed1t l\u00f5i \u0111\u01b0\u1ee3c thi\u1ebft k\u1ebf ri\u00eang cho c\u00e1c lo\u1ea1i xe b\u00e1nh x\u00edch kh\u00f4ng ng\u01b0\u1eddi l\u00e1i. H\u1ec7 th\u1ed1ng n\u00e0y c\u00f3 kh\u1ea3 n\u0103ng \u0111i\u1ec1u khi\u1ec3n t\u1eeb xa, \u0111\u1ed9 \u1ed5n \u0111\u1ecbnh cao, kh\u1ea3 n\u0103ng th\u00edch \u1ee9ng m\u1ea1nh m\u1ebd v\u00e0 c\u00e1c t\u00ednh n\u0103ng \u0111i\u1ec1u khi\u1ec3n th\u00f4ng minh, \u0111\u1ed3ng th\u1eddi ph\u00f9 h\u1ee3p v\u1edbi \u0111\u1ecba h\u00ecnh ph\u1ee9c t\u1ea1p v\u00e0 c\u00e1c t\u00ecnh hu\u1ed1ng \u1ee9ng d\u1ee5ng \u0111a d\u1ea1ng.<br \/>\nT\u00ednh n\u0103ng k\u1ef9 thu\u1eadt<\/p>","protected":false},"featured_media":601,"template":"","meta":{"site-sidebar-layout":"default","site-content-layout":"default","ast-site-content-layout":"default","site-content-style":"default","site-sidebar-style":"default","ast-global-header-display":"","ast-banner-title-visibility":"","ast-main-header-display":"","ast-hfb-above-header-display":"","ast-hfb-below-header-display":"","ast-hfb-mobile-header-display":"","site-post-title":"","ast-breadcrumbs-content":"","ast-featured-img":"","footer-sml-layout":"","ast-disable-related-posts":"","theme-transparent-header-meta":"default","adv-header-id-meta":"","stick-header-meta":"","header-above-stick-meta":"","header-main-stick-meta":"","header-below-stick-meta":"","astra-migrate-meta-layouts":"default","ast-page-background-enabled":"default","ast-page-background-meta":{"desktop":{"background-color":"","background-image":"","background-repeat":"repeat","background-position":"center center","background-size":"auto","background-attachment":"scroll","background-type":"","background-media":"","overlay-type":"","overlay-color":"","overlay-opacity":"","overlay-gradient":""},"tablet":{"background-color":"","background-image":"","background-repeat":"repeat","background-position":"center center","background-size":"auto","background-attachment":"scroll","background-type":"","background-media":"","overlay-type":"","overlay-color":"","overlay-opacity":"","overlay-gradient":""},"mobile":{"background-color":"","background-image":"","background-repeat":"repeat","background-position":"center center","background-size":"auto","background-attachment":"scroll","background-type":"","background-media":"","overlay-type":"","overlay-color":"","overlay-opacity":"","overlay-gradient":""}},"ast-content-background-meta":{"desktop":{"background-color":"var(--ast-global-color-5)","background-image":"","background-repeat":"repeat","background-position":"center center","background-size":"auto","background-attachment":"scroll","background-type":"","background-media":"","overlay-type":"","overlay-color":"","overlay-opacity":"","overlay-gradient":""},"tablet":{"background-color":"var(--ast-global-color-5)","background-image":"","background-repeat":"repeat","background-position":"center center","background-size":"auto","background-attachment":"scroll","background-type":"","background-media":"","overlay-type":"","overlay-color":"","overlay-opacity":"","overlay-gradient":""},"mobile":{"background-color":"var(--ast-global-color-5)","background-image":"","background-repeat":"repeat","background-position":"center center","background-size":"auto","background-attachment":"scroll","background-type":"","background-media":"","overlay-type":"","overlay-color":"","overlay-opacity":"","overlay-gradient":""}}},"product_brand":[],"product_cat":[23],"product_tag":[],"class_list":{"0":"post-600","1":"product","2":"type-product","3":"status-publish","4":"has-post-thumbnail","6":"product_cat-controller","7":"desktop-align-left","8":"tablet-align-left","9":"mobile-align-left","10":"ast-product-gallery-layout-vertical-slider","11":"ast-product-tabs-layout-horizontal","13":"first","14":"instock","15":"shipping-taxable","16":"product-type-simple"},"yoast_head":"<!-- This site is optimized with the Yoast SEO plugin v27.4 - https:\/\/yoast.com\/product\/yoast-seo-wordpress\/ -->\n<title>Unmanned controller system for tracked vehicles - Jining Huanzhongyu Electromechanical Co., Ltd.<\/title>\n<meta name=\"robots\" content=\"index, follow, max-snippet:-1, max-image-preview:large, max-video-preview:-1\" \/>\n<link rel=\"canonical\" href=\"https:\/\/www.huanyumotor.com\/vi\/san-pham\/unmanned-controller-system-for-tracked-vehicles\/\" \/>\n<meta property=\"og:locale\" content=\"vi_VN\" \/>\n<meta property=\"og:type\" content=\"article\" \/>\n<meta property=\"og:title\" content=\"Unmanned controller system for tracked vehicles - Jining Huanzhongyu Electromechanical Co., Ltd.\" \/>\n<meta property=\"og:description\" content=\"The unmanned controller system for tracked vehicles is a core control component designed specifically for tracked unmanned vehicles. It can achieve remote control, has high stability, strong adaptability, and intelligent control capabilities, and is suitable for complex terrain and diverse application scenarios. Technical Features\" \/>\n<meta property=\"og:url\" content=\"https:\/\/www.huanyumotor.com\/vi\/san-pham\/unmanned-controller-system-for-tracked-vehicles\/\" \/>\n<meta property=\"og:site_name\" content=\"Jining Huanzhongyu Electromechanical Co., Ltd.\" \/>\n<meta property=\"article:publisher\" content=\"https:\/\/www.facebook.com\/profile.php?id=61579475484242&amp;sk=grid\" \/>\n<meta property=\"article:modified_time\" content=\"2025-11-12T02:18:36+00:00\" \/>\n<meta property=\"og:image\" content=\"https:\/\/www.huanyumotor.com\/wp-content\/uploads\/2025\/11\/20_1.jpg\" \/>\n\t<meta property=\"og:image:width\" content=\"800\" \/>\n\t<meta property=\"og:image:height\" content=\"800\" \/>\n\t<meta property=\"og:image:type\" content=\"image\/jpeg\" \/>\n<meta name=\"twitter:card\" content=\"summary_large_image\" \/>\n<meta name=\"twitter:label1\" content=\"\u01af\u1edbc t\u00ednh th\u1eddi gian \u0111\u1ecdc\" \/>\n\t<meta name=\"twitter:data1\" content=\"2 ph\u00fat\" \/>\n<script type=\"application\/ld+json\" class=\"yoast-schema-graph\">{\"@context\":\"https:\\\/\\\/schema.org\",\"@graph\":[{\"@type\":\"WebPage\",\"@id\":\"https:\\\/\\\/www.huanyumotor.com\\\/product\\\/unmanned-controller-system-for-tracked-vehicles\\\/\",\"url\":\"https:\\\/\\\/www.huanyumotor.com\\\/product\\\/unmanned-controller-system-for-tracked-vehicles\\\/\",\"name\":\"Unmanned controller system for tracked vehicles - Jining Huanzhongyu Electromechanical Co., Ltd.\",\"isPartOf\":{\"@id\":\"https:\\\/\\\/www.huanyumotor.com\\\/#website\"},\"primaryImageOfPage\":{\"@id\":\"https:\\\/\\\/www.huanyumotor.com\\\/product\\\/unmanned-controller-system-for-tracked-vehicles\\\/#primaryimage\"},\"image\":{\"@id\":\"https:\\\/\\\/www.huanyumotor.com\\\/product\\\/unmanned-controller-system-for-tracked-vehicles\\\/#primaryimage\"},\"thumbnailUrl\":\"https:\\\/\\\/www.huanyumotor.com\\\/wp-content\\\/uploads\\\/2025\\\/11\\\/20_1.jpg\",\"datePublished\":\"2025-11-12T02:18:35+00:00\",\"dateModified\":\"2025-11-12T02:18:36+00:00\",\"breadcrumb\":{\"@id\":\"https:\\\/\\\/www.huanyumotor.com\\\/product\\\/unmanned-controller-system-for-tracked-vehicles\\\/#breadcrumb\"},\"inLanguage\":\"vi\",\"potentialAction\":[{\"@type\":\"ReadAction\",\"target\":[\"https:\\\/\\\/www.huanyumotor.com\\\/product\\\/unmanned-controller-system-for-tracked-vehicles\\\/\"]}]},{\"@type\":\"ImageObject\",\"inLanguage\":\"vi\",\"@id\":\"https:\\\/\\\/www.huanyumotor.com\\\/product\\\/unmanned-controller-system-for-tracked-vehicles\\\/#primaryimage\",\"url\":\"https:\\\/\\\/www.huanyumotor.com\\\/wp-content\\\/uploads\\\/2025\\\/11\\\/20_1.jpg\",\"contentUrl\":\"https:\\\/\\\/www.huanyumotor.com\\\/wp-content\\\/uploads\\\/2025\\\/11\\\/20_1.jpg\",\"width\":800,\"height\":800},{\"@type\":\"BreadcrumbList\",\"@id\":\"https:\\\/\\\/www.huanyumotor.com\\\/product\\\/unmanned-controller-system-for-tracked-vehicles\\\/#breadcrumb\",\"itemListElement\":[{\"@type\":\"ListItem\",\"position\":1,\"name\":\"\u9996\u9875\",\"item\":\"https:\\\/\\\/www.huanyumotor.com\\\/\"},{\"@type\":\"ListItem\",\"position\":2,\"name\":\"Products\",\"item\":\"https:\\\/\\\/www.huanyumotor.com\\\/products\\\/\"},{\"@type\":\"ListItem\",\"position\":3,\"name\":\"Unmanned controller system for tracked vehicles\"}]},{\"@type\":\"WebSite\",\"@id\":\"https:\\\/\\\/www.huanyumotor.com\\\/#website\",\"url\":\"https:\\\/\\\/www.huanyumotor.com\\\/\",\"name\":\"Jining Huanzhongyu Electromechanical Co., Ltd.\",\"description\":\"\",\"publisher\":{\"@id\":\"https:\\\/\\\/www.huanyumotor.com\\\/#organization\"},\"potentialAction\":[{\"@type\":\"SearchAction\",\"target\":{\"@type\":\"EntryPoint\",\"urlTemplate\":\"https:\\\/\\\/www.huanyumotor.com\\\/?s={search_term_string}\"},\"query-input\":{\"@type\":\"PropertyValueSpecification\",\"valueRequired\":true,\"valueName\":\"search_term_string\"}}],\"inLanguage\":\"vi\"},{\"@type\":\"Organization\",\"@id\":\"https:\\\/\\\/www.huanyumotor.com\\\/#organization\",\"name\":\"Jining Huanzhongyu Electromechanical Co., Ltd.\",\"url\":\"https:\\\/\\\/www.huanyumotor.com\\\/\",\"logo\":{\"@type\":\"ImageObject\",\"inLanguage\":\"vi\",\"@id\":\"https:\\\/\\\/www.huanyumotor.com\\\/#\\\/schema\\\/logo\\\/image\\\/\",\"url\":\"https:\\\/\\\/www.huanyumotor.com\\\/wp-content\\\/uploads\\\/2025\\\/11\\\/logo.webp\",\"contentUrl\":\"https:\\\/\\\/www.huanyumotor.com\\\/wp-content\\\/uploads\\\/2025\\\/11\\\/logo.webp\",\"width\":468,\"height\":242,\"caption\":\"Jining Huanzhongyu Electromechanical Co., Ltd.\"},\"image\":{\"@id\":\"https:\\\/\\\/www.huanyumotor.com\\\/#\\\/schema\\\/logo\\\/image\\\/\"},\"sameAs\":[\"https:\\\/\\\/www.facebook.com\\\/profile.php?id=61579475484242&sk=grid\"]}]}<\/script>\n<!-- \/ Yoast SEO plugin. -->","yoast_head_json":{"title":"Unmanned controller system for tracked vehicles - Jining Huanzhongyu Electromechanical Co., Ltd.","robots":{"index":"index","follow":"follow","max-snippet":"max-snippet:-1","max-image-preview":"max-image-preview:large","max-video-preview":"max-video-preview:-1"},"canonical":"https:\/\/www.huanyumotor.com\/vi\/san-pham\/unmanned-controller-system-for-tracked-vehicles\/","og_locale":"vi_VN","og_type":"article","og_title":"Unmanned controller system for tracked vehicles - Jining Huanzhongyu Electromechanical Co., Ltd.","og_description":"The unmanned controller system for tracked vehicles is a core control component designed specifically for tracked unmanned vehicles. It can achieve remote control, has high stability, strong adaptability, and intelligent control capabilities, and is suitable for complex terrain and diverse application scenarios. Technical Features","og_url":"https:\/\/www.huanyumotor.com\/vi\/san-pham\/unmanned-controller-system-for-tracked-vehicles\/","og_site_name":"Jining Huanzhongyu Electromechanical Co., Ltd.","article_publisher":"https:\/\/www.facebook.com\/profile.php?id=61579475484242&sk=grid","article_modified_time":"2025-11-12T02:18:36+00:00","og_image":[{"width":800,"height":800,"url":"https:\/\/www.huanyumotor.com\/wp-content\/uploads\/2025\/11\/20_1.jpg","type":"image\/jpeg"}],"twitter_card":"summary_large_image","twitter_misc":{"\u01af\u1edbc t\u00ednh th\u1eddi gian \u0111\u1ecdc":"2 ph\u00fat"},"schema":{"@context":"https:\/\/schema.org","@graph":[{"@type":"WebPage","@id":"https:\/\/www.huanyumotor.com\/product\/unmanned-controller-system-for-tracked-vehicles\/","url":"https:\/\/www.huanyumotor.com\/product\/unmanned-controller-system-for-tracked-vehicles\/","name":"Unmanned controller system for tracked vehicles - Jining Huanzhongyu Electromechanical Co., Ltd.","isPartOf":{"@id":"https:\/\/www.huanyumotor.com\/#website"},"primaryImageOfPage":{"@id":"https:\/\/www.huanyumotor.com\/product\/unmanned-controller-system-for-tracked-vehicles\/#primaryimage"},"image":{"@id":"https:\/\/www.huanyumotor.com\/product\/unmanned-controller-system-for-tracked-vehicles\/#primaryimage"},"thumbnailUrl":"https:\/\/www.huanyumotor.com\/wp-content\/uploads\/2025\/11\/20_1.jpg","datePublished":"2025-11-12T02:18:35+00:00","dateModified":"2025-11-12T02:18:36+00:00","breadcrumb":{"@id":"https:\/\/www.huanyumotor.com\/product\/unmanned-controller-system-for-tracked-vehicles\/#breadcrumb"},"inLanguage":"vi","potentialAction":[{"@type":"ReadAction","target":["https:\/\/www.huanyumotor.com\/product\/unmanned-controller-system-for-tracked-vehicles\/"]}]},{"@type":"ImageObject","inLanguage":"vi","@id":"https:\/\/www.huanyumotor.com\/product\/unmanned-controller-system-for-tracked-vehicles\/#primaryimage","url":"https:\/\/www.huanyumotor.com\/wp-content\/uploads\/2025\/11\/20_1.jpg","contentUrl":"https:\/\/www.huanyumotor.com\/wp-content\/uploads\/2025\/11\/20_1.jpg","width":800,"height":800},{"@type":"BreadcrumbList","@id":"https:\/\/www.huanyumotor.com\/product\/unmanned-controller-system-for-tracked-vehicles\/#breadcrumb","itemListElement":[{"@type":"ListItem","position":1,"name":"\u9996\u9875","item":"https:\/\/www.huanyumotor.com\/"},{"@type":"ListItem","position":2,"name":"Products","item":"https:\/\/www.huanyumotor.com\/products\/"},{"@type":"ListItem","position":3,"name":"Unmanned controller system for tracked vehicles"}]},{"@type":"WebSite","@id":"https:\/\/www.huanyumotor.com\/#website","url":"https:\/\/www.huanyumotor.com\/","name":"C\u00f4ng ty TNHH \u0110i\u1ec7n c\u01a1 Jining Huanzhongyu.","description":"","publisher":{"@id":"https:\/\/www.huanyumotor.com\/#organization"},"potentialAction":[{"@type":"SearchAction","target":{"@type":"EntryPoint","urlTemplate":"https:\/\/www.huanyumotor.com\/?s={search_term_string}"},"query-input":{"@type":"PropertyValueSpecification","valueRequired":true,"valueName":"search_term_string"}}],"inLanguage":"vi"},{"@type":"Organization","@id":"https:\/\/www.huanyumotor.com\/#organization","name":"C\u00f4ng ty TNHH \u0110i\u1ec7n c\u01a1 Jining Huanzhongyu.","url":"https:\/\/www.huanyumotor.com\/","logo":{"@type":"ImageObject","inLanguage":"vi","@id":"https:\/\/www.huanyumotor.com\/#\/schema\/logo\/image\/","url":"https:\/\/www.huanyumotor.com\/wp-content\/uploads\/2025\/11\/logo.webp","contentUrl":"https:\/\/www.huanyumotor.com\/wp-content\/uploads\/2025\/11\/logo.webp","width":468,"height":242,"caption":"Jining Huanzhongyu Electromechanical Co., Ltd."},"image":{"@id":"https:\/\/www.huanyumotor.com\/#\/schema\/logo\/image\/"},"sameAs":["https:\/\/www.facebook.com\/profile.php?id=61579475484242&sk=grid"]}]}},"_links":{"self":[{"href":"https:\/\/www.huanyumotor.com\/vi\/wp-json\/wp\/v2\/product\/600","targetHints":{"allow":["GET"]}}],"collection":[{"href":"https:\/\/www.huanyumotor.com\/vi\/wp-json\/wp\/v2\/product"}],"about":[{"href":"https:\/\/www.huanyumotor.com\/vi\/wp-json\/wp\/v2\/types\/product"}],"wp:featuredmedia":[{"embeddable":true,"href":"https:\/\/www.huanyumotor.com\/vi\/wp-json\/wp\/v2\/media\/601"}],"wp:attachment":[{"href":"https:\/\/www.huanyumotor.com\/vi\/wp-json\/wp\/v2\/media?parent=600"}],"wp:term":[{"taxonomy":"product_brand","embeddable":true,"href":"https:\/\/www.huanyumotor.com\/vi\/wp-json\/wp\/v2\/product_brand?post=600"},{"taxonomy":"product_cat","embeddable":true,"href":"https:\/\/www.huanyumotor.com\/vi\/wp-json\/wp\/v2\/product_cat?post=600"},{"taxonomy":"product_tag","embeddable":true,"href":"https:\/\/www.huanyumotor.com\/vi\/wp-json\/wp\/v2\/product_tag?post=600"}],"curies":[{"name":"wp","href":"https:\/\/api.w.org\/{rel}","templated":true}]}}