{"id":605,"date":"2025-11-12T10:20:27","date_gmt":"2025-11-12T02:20:27","guid":{"rendered":"http:\/\/www.huanyumotor.com\/?post_type=product&#038;p=605"},"modified":"2025-11-12T10:22:06","modified_gmt":"2025-11-12T02:22:06","slug":"remote-control-controller","status":"publish","type":"product","link":"https:\/\/www.huanyumotor.com\/vi\/san-pham\/remote-control-controller\/","title":{"rendered":"B\u1ed9 \u0111i\u1ec1u khi\u1ec3n t\u1eeb xa"},"content":{"rendered":"<p>B\u1ed9 \u0111i\u1ec1u khi\u1ec3n m\u00e1y phun thu\u1ed1c tr\u1eeb s\u00e2u ch\u1ea1y \u0111i\u1ec7n l\u00e0 m\u1ed9t gi\u1ea3i ph\u00e1p \u0111i\u1ec1u khi\u1ec3n th\u00f4ng minh \u0111\u01b0\u1ee3c thi\u1ebft k\u1ebf ri\u00eang cho thi\u1ebft b\u1ecb b\u1ea3o v\u1ec7 th\u1ef1c v\u1eadt trong n\u00f4ng nghi\u1ec7p, v\u1edbi thi\u1ebft k\u1ebf h\u1ed7 tr\u1ee3 d\u1ea3i \u0111i\u1ec7n \u00e1p r\u1ed9ng (h\u1ed7 tr\u1ee3 48V\/60V\/72V), ch\u1ee9c n\u0103ng \u0111i\u1ec1u khi\u1ec3n t\u1eeb xa (kho\u1ea3ng c\u00e1ch hi\u1ec7u qu\u1ea3 l\u00ean \u0111\u1ebfn 150 m\u00e9t) v\u00e0 \u0111i\u1ec1u khi\u1ec3n bi\u1ebfn t\u1ea7n th\u00f4ng minh.<br \/>\nC\u00e1c t\u00ednh n\u0103ng ch\u00ednh c\u1ee7a s\u1ea3n ph\u1ea9m<br \/>\nKh\u1ea3 n\u0103ng t\u01b0\u01a1ng th\u00edch v\u1ec1 \u0111i\u1ec7n \u00e1p: S\u1ea3n ph\u1ea9m h\u1ed7 tr\u1ee3 \u0111i\u1ec7n \u00e1p 48V\/60V\/72V DC v\u00e0 220V AC, ph\u00f9 h\u1ee3p v\u1edbi nhi\u1ec1u lo\u1ea1i m\u00e1y phun \u0111i\u1ec7n kh\u00e1c nhau, \u0111\u1ea3m b\u1ea3o ho\u1ea1t \u0111\u1ed9ng \u1ed5n \u0111\u1ecbnh trong c\u00e1c \u0111i\u1ec1u ki\u1ec7n ngu\u1ed3n \u0111i\u1ec7n \u0111a d\u1ea1ng.<br \/>\nKh\u1ea3 n\u0103ng \u0111i\u1ec1u khi\u1ec3n t\u1eeb xa: \u0110\u01b0\u1ee3c trang b\u1ecb h\u1ec7 th\u1ed1ng \u0111i\u1ec1u khi\u1ec3n t\u1eeb xa hi\u1ec7u qu\u1ea3, ph\u1ea1m vi ho\u1ea1t \u0111\u1ed9ng c\u00f3 th\u1ec3 \u0111\u1ea1t t\u1edbi 150 m\u00e9t, h\u1ed7 tr\u1ee3 \u0111i\u1ec1u khi\u1ec3n 360\u00b0 kh\u00f4ng c\u00f3 g\u00f3c ch\u1ebft. Ngay c\u1ea3 trong nh\u1eefng m\u00f4i tr\u01b0\u1eddng ph\u1ee9c t\u1ea1p nh\u01b0 c\u00f3 c\u00e2y \u0103n qu\u1ea3 che khu\u1ea5t, thi\u1ebft b\u1ecb v\u1eabn c\u00f3 th\u1ec3 nh\u1eadn t\u00edn hi\u1ec7u ch\u00ednh x\u00e1c v\u00e0 th\u1ef1c hi\u1ec7n \u0111i\u1ec1u khi\u1ec3n t\u1eeb xa m\u1ed9t c\u00e1ch an to\u00e0n v\u00e0 thu\u1eadn ti\u1ec7n.<br \/>\nCh\u1ee9c n\u0103ng \u0111i\u1ec1u khi\u1ec3n th\u00f4ng minh: s\u1ea3n ph\u1ea9m h\u1ed7 tr\u1ee3 c\u00e1c ch\u1ee9c n\u0103ng chuy\u00ean nghi\u1ec7p nh\u01b0 \u0111i\u1ec1u ch\u1ec9nh thi\u1ebft b\u1ecb phun, \u0111i\u1ec1u khi\u1ec3n thu v\u00e0o v\u00e0 th\u1ea3 \u1ed1ng cu\u1ed9n, \u0111\u1ed3ng th\u1eddi \u00e1p d\u1ee5ng c\u00f4ng ngh\u1ec7 bi\u1ebfn t\u1ea7n th\u00f4ng minh, cho ph\u00e9p \u0111i\u1ec1u ch\u1ec9nh ch\u1ebf \u0111\u1ed9 ho\u1ea1t \u0111\u1ed9ng ph\u00f9 h\u1ee3p v\u1edbi nhu c\u1ea7u th\u1ef1c t\u1ebf v\u00e0 n\u00e2ng cao hi\u1ec7u qu\u1ea3 l\u00e0m vi\u1ec7c.<br \/>\nNh\u1eefng \u0111i\u1ec3m n\u1ed5i b\u1eadt v\u1ec1 doanh s\u1ed1<br \/>\nThi\u1ebft k\u1ebf b\u1ec1n b\u1ec9: B\u1ed9 \u0111i\u1ec1u khi\u1ec3n c\u00f3 kh\u1ea3 n\u0103ng t\u1ea3n nhi\u1ec7t t\u1ed1t v\u00e0 s\u1eed d\u1ee5ng c\u00f4ng ngh\u1ec7 \u0111\u1ed9ng c\u01a1 kh\u00f4ng ch\u1ed5i than DC \u0111\u1ec3 \u0111\u1ea3m b\u1ea3o ho\u1ea1t \u0111\u1ed9ng \u1ed5n \u0111\u1ecbnh l\u00e2u d\u00e0i v\u00e0 gi\u1ea3m thi\u1ec3u c\u00e1c s\u1ef1 c\u1ed1 sau b\u00e1n h\u00e0ng.<br \/>\nC\u00e1c t\u00ecnh hu\u1ed1ng \u1ee9ng d\u1ee5ng r\u1ed9ng r\u00e3i: Ph\u00f9 h\u1ee3p v\u1edbi nhi\u1ec1u m\u00f4i tr\u01b0\u1eddng n\u00f4ng nghi\u1ec7p kh\u00e1c nhau nh\u01b0 v\u01b0\u1eddn c\u00e2y \u0103n qu\u1ea3, v\u01b0\u1eddn ch\u00e8, nh\u00e0 k\u00ednh, v\u01b0\u1eddn \u01b0\u01a1m, v.v., s\u1ea3n ph\u1ea9m c\u00f3 th\u1ec3 k\u1ebft h\u1ee3p v\u1edbi c\u00e1c th\u01b0\u01a1ng hi\u1ec7u v\u00e0 m\u1eabu m\u00e1y phun \u0111i\u1ec7n kh\u00e1c nhau, \u0111\u1ed3ng th\u1eddi c\u00f3 kh\u1ea3 n\u0103ng th\u00edch \u1ee9ng cao v\u1edbi th\u1ecb tr\u01b0\u1eddng.<br \/>\n&#8221;<\/p>\n<table style=\"border-collapse: collapse; width: 525.77pt;\" border=\"0\" width=\"701\" cellspacing=\"0\" cellpadding=\"0\">\n<tbody>\n<tr style=\"height: 63.00pt;\">\n<td class=\"et3\" style=\"height: 63.00pt; width: 525.75pt;\" colspan=\"4\" width=\"701\" height=\"84\">C\u00e1c th\u00f4ng s\u1ed1 k\u1ef9 thu\u1eadt c\u1ee7a s\u1ea3n ph\u1ea9m<\/td>\n<\/tr>\n<tr style=\"height: 17.25pt;\">\n<td class=\"et4\" style=\"height: 17.25pt; width: 96.75pt;\" width=\"129\" height=\"23\">\u0111i\u1ec7n \u00e1p \u0111\u1ecbnh m\u1ee9c<\/td>\n<td class=\"et4\" style=\"width: 168.00pt;\" width=\"224\">24V\/36V\/48V\/60V\/72V<\/td>\n<td class=\"et4\" style=\"width: 113.25pt;\" width=\"151\">c\u00f4ng su\u1ea5t \u0111\u1ecbnh m\u1ee9c<\/td>\n<td class=\"et4\" style=\"width: 147.75pt;\" width=\"197\">350W\u20131200W<\/td>\n<\/tr>\n<tr style=\"height: 17.25pt;\">\n<td class=\"et5\" style=\"height: 17.25pt;\" height=\"23\">b\u00f3ng b\u00e1n d\u1eabn c\u00f4ng su\u1ea5t<\/td>\n<td class=\"et5\">12G\u201336G<\/td>\n<td class=\"et4\" style=\"width: 113.25pt;\" width=\"151\">\u0110i\u1ec7n \u00e1p chuy\u1ec3n m\u1ea1ch<\/td>\n<td class=\"et4\" style=\"width: 147.75pt;\" width=\"197\">1,1 V \u00b1 4..2 V<\/td>\n<\/tr>\n<tr style=\"height: 34.50pt;\">\n<td class=\"et4\" style=\"height: 34.50pt; width: 96.75pt;\" width=\"129\" height=\"46\">M\u1ee9c phanh<\/td>\n<td class=\"et4\" style=\"width: 168.00pt;\" width=\"224\">m\u1ee9c cao \/ m\u1ee9c th\u1ea5p<\/td>\n<td class=\"et4\" style=\"width: 113.25pt;\" width=\"151\"><\/td>\n<td class=\"et4\" style=\"width: 147.75pt;\" width=\"197\"><\/td>\n<\/tr>\n<tr style=\"height: 34.50pt;\">\n<td class=\"et4\" style=\"height: 34.50pt; width: 96.75pt;\" width=\"129\" height=\"46\">Hi\u1ec7u su\u1ea5t s\u1ea3n ph\u1ea9m<\/td>\n<td class=\"et6\" style=\"width: 429.00pt;\" colspan=\"3\" width=\"572\">M\u00f4-men xo\u1eafn cao\/hi\u1ec7u su\u1ea5t cao\/ph\u1ea1m vi ho\u1ea1t \u0111\u1ed9ng xa\/sinh nhi\u1ec7t th\u1ea5p<\/td>\n<\/tr>\n<tr style=\"height: 34.50pt;\">\n<td class=\"et4\" style=\"height: 34.50pt; width: 96.75pt;\" width=\"129\" height=\"46\">\u0110\u1eb7c \u0111i\u1ec3m s\u1ea3n ph\u1ea9m<\/td>\n<td class=\"et7\" style=\"width: 429.00pt;\" colspan=\"3\" width=\"572\">\u0110i\u1ec1u khi\u1ec3n t\u1eeb xa\/thu h\u1ed3i\/ph\u00e1t h\u00e0nh\/ti\u1ebfn\/l\u00f9i<\/td>\n<\/tr>\n<\/tbody>\n<\/table>\n<p>M\u00f4i tr\u01b0\u1eddng ho\u1ea1t \u0111\u1ed9ng c\u1ee7a s\u1ea3n ph\u1ea9m<\/p>\n<table style=\"border-collapse: collapse; width: 525.77pt;\" border=\"0\" width=\"701\" cellspacing=\"0\" cellpadding=\"0\">\n<tbody>\n<tr style=\"height: 51.75pt;\">\n<td class=\"et3\" style=\"height: 51.75pt; width: 96.75pt;\" width=\"129\" height=\"69\">Ph\u1ea1m vi nhi\u1ec7t \u0111\u1ed9 b\u1ea3o qu\u1ea3n<\/td>\n<td class=\"et4\" style=\"width: 429.00pt; border-right: .5pt solid #000000;\" colspan=\"3\" width=\"572\">-40\u00b0C \u0111\u1ebfn 85\u00b0C<\/td>\n<\/tr>\n<tr style=\"height: 51.75pt;\">\n<td class=\"et3\" style=\"height: 51.75pt; width: 96.75pt;\" width=\"129\" height=\"69\">Ph\u1ea1m vi nhi\u1ec7t \u0111\u1ed9 ho\u1ea1t \u0111\u1ed9ng<\/td>\n<td class=\"et4\" style=\"width: 429.00pt; border-right: .5pt solid #000000;\" colspan=\"3\" width=\"572\">\u0110\u1ed9ng c\u01a1: -40\u00b0C \u0111\u1ebfn 55\u00b0C<\/td>\n<\/tr>\n<tr style=\"height: 17.25pt;\">\n<td class=\"et3\" style=\"height: 17.25pt; width: 96.75pt;\" width=\"129\" height=\"23\">\u0111\u1ed9 \u1ea9m<\/td>\n<td class=\"et4\" style=\"width: 429.00pt; border-right: .5pt solid #000000;\" colspan=\"3\" width=\"572\">0\u201395%<\/td>\n<\/tr>\n<\/tbody>\n<\/table>","protected":false},"excerpt":{"rendered":"<p>B\u1ed9 \u0111i\u1ec1u khi\u1ec3n m\u00e1y phun thu\u1ed1c tr\u1eeb s\u00e2u ch\u1ea1y \u0111i\u1ec7n l\u00e0 m\u1ed9t gi\u1ea3i ph\u00e1p \u0111i\u1ec1u khi\u1ec3n th\u00f4ng minh \u0111\u01b0\u1ee3c thi\u1ebft k\u1ebf ri\u00eang cho thi\u1ebft b\u1ecb b\u1ea3o v\u1ec7 th\u1ef1c v\u1eadt trong n\u00f4ng nghi\u1ec7p, v\u1edbi thi\u1ebft k\u1ebf h\u1ed7 tr\u1ee3 d\u1ea3i \u0111i\u1ec7n \u00e1p r\u1ed9ng (h\u1ed7 tr\u1ee3 48V\/60V\/72V), ch\u1ee9c n\u0103ng \u0111i\u1ec1u khi\u1ec3n t\u1eeb xa (kho\u1ea3ng c\u00e1ch hi\u1ec7u qu\u1ea3 l\u00ean \u0111\u1ebfn 150 m\u00e9t) v\u00e0 \u0111i\u1ec1u khi\u1ec3n bi\u1ebfn t\u1ea7n th\u00f4ng minh.<\/p>","protected":false},"featured_media":606,"template":"","meta":{"site-sidebar-layout":"default","site-content-layout":"default","ast-site-content-layout":"default","site-content-style":"default","site-sidebar-style":"default","ast-global-header-display":"","ast-banner-title-visibility":"","ast-main-header-display":"","ast-hfb-above-header-display":"","ast-hfb-below-header-display":"","ast-hfb-mobile-header-display":"","site-post-title":"","ast-breadcrumbs-content":"","ast-featured-img":"","footer-sml-layout":"","ast-disable-related-posts":"","theme-transparent-header-meta":"default","adv-header-id-meta":"","stick-header-meta":"","header-above-stick-meta":"","header-main-stick-meta":"","header-below-stick-meta":"","astra-migrate-meta-layouts":"default","ast-page-background-enabled":"default","ast-page-background-meta":{"desktop":{"background-color":"","background-image":"","background-repeat":"repeat","background-position":"center center","background-size":"auto","background-attachment":"scroll","background-type":"","background-media":"","overlay-type":"","overlay-color":"","overlay-opacity":"","overlay-gradient":""},"tablet":{"background-color":"","background-image":"","background-repeat":"repeat","background-position":"center center","background-size":"auto","background-attachment":"scroll","background-type":"","background-media":"","overlay-type":"","overlay-color":"","overlay-opacity":"","overlay-gradient":""},"mobile":{"background-color":"","background-image":"","background-repeat":"repeat","background-position":"center center","background-size":"auto","background-attachment":"scroll","background-type":"","background-media":"","overlay-type":"","overlay-color":"","overlay-opacity":"","overlay-gradient":""}},"ast-content-background-meta":{"desktop":{"background-color":"var(--ast-global-color-5)","background-image":"","background-repeat":"repeat","background-position":"center center","background-size":"auto","background-attachment":"scroll","background-type":"","background-media":"","overlay-type":"","overlay-color":"","overlay-opacity":"","overlay-gradient":""},"tablet":{"background-color":"var(--ast-global-color-5)","background-image":"","background-repeat":"repeat","background-position":"center center","background-size":"auto","background-attachment":"scroll","background-type":"","background-media":"","overlay-type":"","overlay-color":"","overlay-opacity":"","overlay-gradient":""},"mobile":{"background-color":"var(--ast-global-color-5)","background-image":"","background-repeat":"repeat","background-position":"center center","background-size":"auto","background-attachment":"scroll","background-type":"","background-media":"","overlay-type":"","overlay-color":"","overlay-opacity":"","overlay-gradient":""}}},"product_brand":[],"product_cat":[23],"product_tag":[],"class_list":{"0":"post-605","1":"product","2":"type-product","3":"status-publish","4":"has-post-thumbnail","6":"product_cat-controller","7":"desktop-align-left","8":"tablet-align-left","9":"mobile-align-left","10":"ast-product-gallery-layout-vertical-slider","11":"ast-product-tabs-layout-horizontal","13":"first","14":"instock","15":"shipping-taxable","16":"product-type-simple"},"yoast_head":"<!-- This site is optimized with the Yoast SEO plugin v27.4 - https:\/\/yoast.com\/product\/yoast-seo-wordpress\/ -->\n<title>Remote Control Controller - Jining Huanzhongyu Electromechanical Co., Ltd.<\/title>\n<meta name=\"robots\" content=\"index, follow, max-snippet:-1, max-image-preview:large, max-video-preview:-1\" \/>\n<link rel=\"canonical\" href=\"https:\/\/www.huanyumotor.com\/vi\/san-pham\/remote-control-controller\/\" \/>\n<meta property=\"og:locale\" content=\"vi_VN\" \/>\n<meta property=\"og:type\" content=\"article\" \/>\n<meta property=\"og:title\" content=\"Remote Control Controller - Jining Huanzhongyu Electromechanical Co., Ltd.\" \/>\n<meta property=\"og:description\" content=\"The electric pesticide spraying machine controller is an intelligent control solution designed specifically for agricultural plant protection equipment, featuring a wide voltage design (supporting 48V\/60V\/72V), remote control function (effective distance up to 150 meters), and intelligent frequency conversion control.\" \/>\n<meta property=\"og:url\" content=\"https:\/\/www.huanyumotor.com\/vi\/san-pham\/remote-control-controller\/\" \/>\n<meta property=\"og:site_name\" content=\"Jining Huanzhongyu Electromechanical Co., Ltd.\" \/>\n<meta property=\"article:publisher\" content=\"https:\/\/www.facebook.com\/profile.php?id=61579475484242&amp;sk=grid\" \/>\n<meta property=\"article:modified_time\" content=\"2025-11-12T02:22:06+00:00\" \/>\n<meta property=\"og:image\" content=\"https:\/\/www.huanyumotor.com\/wp-content\/uploads\/2025\/11\/19_1.jpg\" \/>\n\t<meta property=\"og:image:width\" content=\"800\" \/>\n\t<meta property=\"og:image:height\" content=\"800\" \/>\n\t<meta property=\"og:image:type\" content=\"image\/jpeg\" \/>\n<meta name=\"twitter:card\" content=\"summary_large_image\" \/>\n<meta name=\"twitter:label1\" content=\"\u01af\u1edbc t\u00ednh th\u1eddi gian \u0111\u1ecdc\" \/>\n\t<meta name=\"twitter:data1\" content=\"1 ph\u00fat\" \/>\n<script type=\"application\/ld+json\" class=\"yoast-schema-graph\">{\"@context\":\"https:\\\/\\\/schema.org\",\"@graph\":[{\"@type\":\"WebPage\",\"@id\":\"https:\\\/\\\/www.huanyumotor.com\\\/product\\\/remote-control-controller\\\/\",\"url\":\"https:\\\/\\\/www.huanyumotor.com\\\/product\\\/remote-control-controller\\\/\",\"name\":\"Remote Control Controller - Jining Huanzhongyu Electromechanical Co., Ltd.\",\"isPartOf\":{\"@id\":\"https:\\\/\\\/www.huanyumotor.com\\\/#website\"},\"primaryImageOfPage\":{\"@id\":\"https:\\\/\\\/www.huanyumotor.com\\\/product\\\/remote-control-controller\\\/#primaryimage\"},\"image\":{\"@id\":\"https:\\\/\\\/www.huanyumotor.com\\\/product\\\/remote-control-controller\\\/#primaryimage\"},\"thumbnailUrl\":\"https:\\\/\\\/www.huanyumotor.com\\\/wp-content\\\/uploads\\\/2025\\\/11\\\/19_1.jpg\",\"datePublished\":\"2025-11-12T02:20:27+00:00\",\"dateModified\":\"2025-11-12T02:22:06+00:00\",\"breadcrumb\":{\"@id\":\"https:\\\/\\\/www.huanyumotor.com\\\/product\\\/remote-control-controller\\\/#breadcrumb\"},\"inLanguage\":\"vi\",\"potentialAction\":[{\"@type\":\"ReadAction\",\"target\":[\"https:\\\/\\\/www.huanyumotor.com\\\/product\\\/remote-control-controller\\\/\"]}]},{\"@type\":\"ImageObject\",\"inLanguage\":\"vi\",\"@id\":\"https:\\\/\\\/www.huanyumotor.com\\\/product\\\/remote-control-controller\\\/#primaryimage\",\"url\":\"https:\\\/\\\/www.huanyumotor.com\\\/wp-content\\\/uploads\\\/2025\\\/11\\\/19_1.jpg\",\"contentUrl\":\"https:\\\/\\\/www.huanyumotor.com\\\/wp-content\\\/uploads\\\/2025\\\/11\\\/19_1.jpg\",\"width\":800,\"height\":800},{\"@type\":\"BreadcrumbList\",\"@id\":\"https:\\\/\\\/www.huanyumotor.com\\\/product\\\/remote-control-controller\\\/#breadcrumb\",\"itemListElement\":[{\"@type\":\"ListItem\",\"position\":1,\"name\":\"\u9996\u9875\",\"item\":\"https:\\\/\\\/www.huanyumotor.com\\\/\"},{\"@type\":\"ListItem\",\"position\":2,\"name\":\"Products\",\"item\":\"https:\\\/\\\/www.huanyumotor.com\\\/products\\\/\"},{\"@type\":\"ListItem\",\"position\":3,\"name\":\"Remote Control Controller\"}]},{\"@type\":\"WebSite\",\"@id\":\"https:\\\/\\\/www.huanyumotor.com\\\/#website\",\"url\":\"https:\\\/\\\/www.huanyumotor.com\\\/\",\"name\":\"Jining Huanzhongyu Electromechanical Co., Ltd.\",\"description\":\"\",\"publisher\":{\"@id\":\"https:\\\/\\\/www.huanyumotor.com\\\/#organization\"},\"potentialAction\":[{\"@type\":\"SearchAction\",\"target\":{\"@type\":\"EntryPoint\",\"urlTemplate\":\"https:\\\/\\\/www.huanyumotor.com\\\/?s={search_term_string}\"},\"query-input\":{\"@type\":\"PropertyValueSpecification\",\"valueRequired\":true,\"valueName\":\"search_term_string\"}}],\"inLanguage\":\"vi\"},{\"@type\":\"Organization\",\"@id\":\"https:\\\/\\\/www.huanyumotor.com\\\/#organization\",\"name\":\"Jining Huanzhongyu Electromechanical Co., Ltd.\",\"url\":\"https:\\\/\\\/www.huanyumotor.com\\\/\",\"logo\":{\"@type\":\"ImageObject\",\"inLanguage\":\"vi\",\"@id\":\"https:\\\/\\\/www.huanyumotor.com\\\/#\\\/schema\\\/logo\\\/image\\\/\",\"url\":\"https:\\\/\\\/www.huanyumotor.com\\\/wp-content\\\/uploads\\\/2025\\\/11\\\/logo.webp\",\"contentUrl\":\"https:\\\/\\\/www.huanyumotor.com\\\/wp-content\\\/uploads\\\/2025\\\/11\\\/logo.webp\",\"width\":468,\"height\":242,\"caption\":\"Jining Huanzhongyu Electromechanical Co., Ltd.\"},\"image\":{\"@id\":\"https:\\\/\\\/www.huanyumotor.com\\\/#\\\/schema\\\/logo\\\/image\\\/\"},\"sameAs\":[\"https:\\\/\\\/www.facebook.com\\\/profile.php?id=61579475484242&sk=grid\"]}]}<\/script>\n<!-- \/ Yoast SEO plugin. -->","yoast_head_json":{"title":"Remote Control Controller - Jining Huanzhongyu Electromechanical Co., Ltd.","robots":{"index":"index","follow":"follow","max-snippet":"max-snippet:-1","max-image-preview":"max-image-preview:large","max-video-preview":"max-video-preview:-1"},"canonical":"https:\/\/www.huanyumotor.com\/vi\/san-pham\/remote-control-controller\/","og_locale":"vi_VN","og_type":"article","og_title":"Remote Control Controller - Jining Huanzhongyu Electromechanical Co., Ltd.","og_description":"The electric pesticide spraying machine controller is an intelligent control solution designed specifically for agricultural plant protection equipment, featuring a wide voltage design (supporting 48V\/60V\/72V), remote control function (effective distance up to 150 meters), and intelligent frequency conversion control.","og_url":"https:\/\/www.huanyumotor.com\/vi\/san-pham\/remote-control-controller\/","og_site_name":"Jining Huanzhongyu Electromechanical Co., Ltd.","article_publisher":"https:\/\/www.facebook.com\/profile.php?id=61579475484242&sk=grid","article_modified_time":"2025-11-12T02:22:06+00:00","og_image":[{"width":800,"height":800,"url":"https:\/\/www.huanyumotor.com\/wp-content\/uploads\/2025\/11\/19_1.jpg","type":"image\/jpeg"}],"twitter_card":"summary_large_image","twitter_misc":{"\u01af\u1edbc t\u00ednh th\u1eddi gian \u0111\u1ecdc":"1 ph\u00fat"},"schema":{"@context":"https:\/\/schema.org","@graph":[{"@type":"WebPage","@id":"https:\/\/www.huanyumotor.com\/product\/remote-control-controller\/","url":"https:\/\/www.huanyumotor.com\/product\/remote-control-controller\/","name":"Remote Control Controller - Jining Huanzhongyu Electromechanical Co., Ltd.","isPartOf":{"@id":"https:\/\/www.huanyumotor.com\/#website"},"primaryImageOfPage":{"@id":"https:\/\/www.huanyumotor.com\/product\/remote-control-controller\/#primaryimage"},"image":{"@id":"https:\/\/www.huanyumotor.com\/product\/remote-control-controller\/#primaryimage"},"thumbnailUrl":"https:\/\/www.huanyumotor.com\/wp-content\/uploads\/2025\/11\/19_1.jpg","datePublished":"2025-11-12T02:20:27+00:00","dateModified":"2025-11-12T02:22:06+00:00","breadcrumb":{"@id":"https:\/\/www.huanyumotor.com\/product\/remote-control-controller\/#breadcrumb"},"inLanguage":"vi","potentialAction":[{"@type":"ReadAction","target":["https:\/\/www.huanyumotor.com\/product\/remote-control-controller\/"]}]},{"@type":"ImageObject","inLanguage":"vi","@id":"https:\/\/www.huanyumotor.com\/product\/remote-control-controller\/#primaryimage","url":"https:\/\/www.huanyumotor.com\/wp-content\/uploads\/2025\/11\/19_1.jpg","contentUrl":"https:\/\/www.huanyumotor.com\/wp-content\/uploads\/2025\/11\/19_1.jpg","width":800,"height":800},{"@type":"BreadcrumbList","@id":"https:\/\/www.huanyumotor.com\/product\/remote-control-controller\/#breadcrumb","itemListElement":[{"@type":"ListItem","position":1,"name":"\u9996\u9875","item":"https:\/\/www.huanyumotor.com\/"},{"@type":"ListItem","position":2,"name":"Products","item":"https:\/\/www.huanyumotor.com\/products\/"},{"@type":"ListItem","position":3,"name":"Remote Control Controller"}]},{"@type":"WebSite","@id":"https:\/\/www.huanyumotor.com\/#website","url":"https:\/\/www.huanyumotor.com\/","name":"C\u00f4ng ty TNHH \u0110i\u1ec7n c\u01a1 Jining Huanzhongyu.","description":"","publisher":{"@id":"https:\/\/www.huanyumotor.com\/#organization"},"potentialAction":[{"@type":"SearchAction","target":{"@type":"EntryPoint","urlTemplate":"https:\/\/www.huanyumotor.com\/?s={search_term_string}"},"query-input":{"@type":"PropertyValueSpecification","valueRequired":true,"valueName":"search_term_string"}}],"inLanguage":"vi"},{"@type":"Organization","@id":"https:\/\/www.huanyumotor.com\/#organization","name":"C\u00f4ng ty TNHH \u0110i\u1ec7n c\u01a1 Jining Huanzhongyu.","url":"https:\/\/www.huanyumotor.com\/","logo":{"@type":"ImageObject","inLanguage":"vi","@id":"https:\/\/www.huanyumotor.com\/#\/schema\/logo\/image\/","url":"https:\/\/www.huanyumotor.com\/wp-content\/uploads\/2025\/11\/logo.webp","contentUrl":"https:\/\/www.huanyumotor.com\/wp-content\/uploads\/2025\/11\/logo.webp","width":468,"height":242,"caption":"Jining Huanzhongyu Electromechanical Co., Ltd."},"image":{"@id":"https:\/\/www.huanyumotor.com\/#\/schema\/logo\/image\/"},"sameAs":["https:\/\/www.facebook.com\/profile.php?id=61579475484242&sk=grid"]}]}},"_links":{"self":[{"href":"https:\/\/www.huanyumotor.com\/vi\/wp-json\/wp\/v2\/product\/605","targetHints":{"allow":["GET"]}}],"collection":[{"href":"https:\/\/www.huanyumotor.com\/vi\/wp-json\/wp\/v2\/product"}],"about":[{"href":"https:\/\/www.huanyumotor.com\/vi\/wp-json\/wp\/v2\/types\/product"}],"wp:featuredmedia":[{"embeddable":true,"href":"https:\/\/www.huanyumotor.com\/vi\/wp-json\/wp\/v2\/media\/606"}],"wp:attachment":[{"href":"https:\/\/www.huanyumotor.com\/vi\/wp-json\/wp\/v2\/media?parent=605"}],"wp:term":[{"taxonomy":"product_brand","embeddable":true,"href":"https:\/\/www.huanyumotor.com\/vi\/wp-json\/wp\/v2\/product_brand?post=605"},{"taxonomy":"product_cat","embeddable":true,"href":"https:\/\/www.huanyumotor.com\/vi\/wp-json\/wp\/v2\/product_cat?post=605"},{"taxonomy":"product_tag","embeddable":true,"href":"https:\/\/www.huanyumotor.com\/vi\/wp-json\/wp\/v2\/product_tag?post=605"}],"curies":[{"name":"wp","href":"https:\/\/api.w.org\/{rel}","templated":true}]}}