{"id":612,"date":"2025-11-12T10:23:06","date_gmt":"2025-11-12T02:23:06","guid":{"rendered":"http:\/\/www.huanyumotor.com\/?post_type=product&#038;p=612"},"modified":"2025-11-12T10:23:06","modified_gmt":"2025-11-12T02:23:06","slug":"intelligent-brushless-controller","status":"publish","type":"product","link":"https:\/\/www.huanyumotor.com\/vi\/san-pham\/intelligent-brushless-controller\/","title":{"rendered":"B\u1ed9 \u0111i\u1ec1u khi\u1ec3n kh\u00f4ng ch\u1ed5i than th\u00f4ng minh"},"content":{"rendered":"<p>B\u1ed9 \u0111i\u1ec1u khi\u1ec3n \u0111\u1ed9ng c\u01a1 xe ba b\u00e1nh \u0111i\u1ec7n l\u00e0 thi\u1ebft b\u1ecb \u0111i\u1ec1u khi\u1ec3n trung t\u00e2m c\u1ee7a xe ba b\u00e1nh \u0111i\u1ec7n, c\u00f3 nhi\u1ec7m v\u1ee5 qu\u1ea3n l\u00fd c\u00e1c ch\u1ee9c n\u0103ng kh\u1edfi \u0111\u1ed9ng, v\u1eadn h\u00e0nh, ti\u1ebfn l\u00f9i, \u0111i\u1ec1u ch\u1ec9nh t\u1ed1c \u0111\u1ed9 v\u00e0 d\u1eebng xe, \u0111\u1ea3m b\u1ea3o xe ba b\u00e1nh \u0111i\u1ec7n ho\u1ea1t \u0111\u1ed9ng an to\u00e0n, hi\u1ec7u qu\u1ea3 v\u00e0 \u1ed5n \u0111\u1ecbnh.<br \/>\nT\u1ed5ng quan v\u1ec1 s\u1ea3n ph\u1ea9m<br \/>\nB\u1ed9 \u0111i\u1ec1u khi\u1ec3n \u0111\u1ed9ng c\u01a1 xe ba b\u00e1nh \u0111i\u1ec7n, v\u1edbi vai tr\u00f2 l\u00e0 \u201cb\u1ed9 n\u00e3o\u201d c\u1ee7a ph\u01b0\u01a1ng ti\u1ec7n, \u0111\u1ea3m nh\u1eadn c\u00e1c ch\u1ee9c n\u0103ng c\u1ed1t l\u00f5i nh\u01b0 \u0111i\u1ec1u khi\u1ec3n vi\u1ec7c kh\u1edfi \u0111\u1ed9ng, v\u1eadn h\u00e0nh, ti\u1ebfn l\u00f9i, \u0111i\u1ec1u ch\u1ec9nh t\u1ed1c \u0111\u1ed9 v\u00e0 d\u1eebng xe ba b\u00e1nh \u0111i\u1ec7n, \u0111\u1ed3ng th\u1eddi l\u00e0 m\u1ed9t b\u1ed9 ph\u1eadn quan tr\u1ecdng c\u1ee7a xe ba b\u00e1nh \u0111i\u1ec7n. Thi\u1ebft b\u1ecb n\u00e0y kh\u00f4ng ch\u1ec9 qu\u1ea3n l\u00fd ho\u1ea1t \u0111\u1ed9ng c\u1ee7a \u0111\u1ed9ng c\u01a1 m\u00e0 c\u00f2n b\u1ea3o v\u1ec7 \u1eafc-quy v\u00e0 c\u00e1c linh ki\u1ec7n \u0111i\u1ec7n t\u1eed kh\u00e1c, t\u1eeb \u0111\u00f3 n\u00e2ng cao \u0111\u1ed9 an to\u00e0n v\u00e0 tu\u1ed5i th\u1ecd c\u1ee7a to\u00e0n b\u1ed9 ph\u01b0\u01a1ng ti\u1ec7n.<br \/>\nTh\u00f4ng s\u1ed1 k\u1ef9 thu\u1eadt<br \/>\nKh\u1ea3 n\u0103ng t\u01b0\u01a1ng th\u00edch \u0111i\u1ec7n \u00e1p: H\u1ed7 tr\u1ee3 nhi\u1ec1u m\u1ee9c \u0111i\u1ec7n \u00e1p kh\u00e1c nhau, ch\u1eb3ng h\u1ea1n nh\u01b0 24V, 48V, 60V, 72V, v.v., v\u00e0 c\u00f3 th\u1ec3 th\u00edch \u1ee9ng v\u1edbi c\u00e1c h\u1ec7 th\u1ed1ng ngu\u1ed3n \u0111i\u1ec7n kh\u00e1c nhau c\u1ee7a xe ba b\u00e1nh \u0111i\u1ec7n.<br \/>\nD\u1ea3i c\u00f4ng su\u1ea5t: S\u1ea3n ph\u1ea9m c\u00f3 th\u1ec3 \u0111\u00e1p \u1ee9ng c\u00f4ng su\u1ea5t t\u1eeb 350W \u0111\u1ebfn 4000W tr\u1edf l\u00ean, ph\u00f9 h\u1ee3p v\u1edbi nhu c\u1ea7u c\u00f4ng su\u1ea5t c\u1ee7a c\u00e1c m\u1eabu xe kh\u00e1c nhau.<br \/>\nCh\u1ee9c n\u0103ng b\u1ea3o v\u1ec7: Thi\u1ebft b\u1ecb n\u00e0y \u0111\u01b0\u1ee3c trang b\u1ecb nhi\u1ec1u c\u01a1 ch\u1ebf b\u1ea3o v\u1ec7 nh\u01b0 b\u1ea3o v\u1ec7 thi\u1ebfu \u00e1p, b\u1ea3o v\u1ec7 qu\u00e1 d\u00f2ng, b\u1ea3o v\u1ec7 qu\u00e1 nhi\u1ec7t v\u00e0 ng\u1eaft ngu\u1ed3n phanh, gi\u00fap b\u1ea3o v\u1ec7 hi\u1ec7u qu\u1ea3 \u0111\u1ed9ng c\u01a1 v\u00e0 pin, \u0111\u1ed3ng th\u1eddi k\u00e9o d\u00e0i tu\u1ed5i th\u1ecd c\u1ee7a ch\u00fang.<br \/>\n\u0110i\u1ec1u khi\u1ec3n th\u00f4ng minh: h\u1ed7 tr\u1ee3 c\u00e1c ch\u1ee9c n\u0103ng nh\u01b0 \u0111i\u1ec1u ch\u1ec9nh t\u1ed1c \u0111\u1ed9 li\u00ean t\u1ee5c, c\u00e0i \u0111\u1eb7t gi\u1edbi h\u1ea1n t\u1ed1c \u0111\u1ed9, ph\u1ea3n h\u1ed3i n\u0103ng l\u01b0\u1ee3ng, v.v. M\u1ed9t s\u1ed1 m\u1eabu h\u1ed7 tr\u1ee3 t\u00ednh n\u0103ng t\u1ef1 \u0111\u1ed9ng ph\u00e1t hi\u1ec7n v\u00e0 chuy\u1ec3n \u0111\u1ed5i khi c\u1ea3m bi\u1ebfn Hall g\u1eb7p s\u1ef1 c\u1ed1, gi\u00fap n\u00e2ng cao tr\u1ea3i nghi\u1ec7m l\u00e1i xe v\u00e0 \u0111\u1ea3m b\u1ea3o an to\u00e0n.<br \/>\nL\u0129nh v\u1ef1c \u1ee9ng d\u1ee5ng<br \/>\nB\u1ed9 \u0111i\u1ec1u khi\u1ec3n \u0111\u1ed9ng c\u01a1 xe ba b\u00e1nh \u0111i\u1ec7n \u0111\u01b0\u1ee3c s\u1eed d\u1ee5ng r\u1ed9ng r\u00e3i trong c\u00e1c lo\u1ea1i xe ba b\u00e1nh \u0111i\u1ec7n ch\u1edf h\u00e0ng, xe ba b\u00e1nh \u0111i\u1ec7n ch\u1edf kh\u00e1ch, xe m\u00e1y \u0111i\u1ec7n, xe golf, xe bu\u00fdt du l\u1ecbch \u0111i\u1ec7n, xe ph\u1ee5c v\u1ee5 t\u1ea1i c\u00e1c \u0111\u1ecba \u0111i\u1ec3m t\u1ed5 ch\u1ee9c s\u1ef1 ki\u1ec7n, v.v. Ch\u00fang ph\u00f9 h\u1ee3p v\u1edbi nhi\u1ec1u t\u00ecnh hu\u1ed1ng kh\u00e1c nhau nh\u01b0 giao th\u00f4ng \u0111\u00f4 th\u1ecb, di chuy\u1ec3n qu\u00e3ng \u0111\u01b0\u1eddng ng\u1eafn, tham quan du l\u1ecbch, v\u1eadn chuy\u1ec3n h\u00e0ng h\u00f3a trong c\u00f4ng nghi\u1ec7p, v.v.<br \/>\n\u0110\u1eb7c \u0111i\u1ec3m s\u1ea3n ph\u1ea9m<br \/>\nHi\u1ec7u qu\u1ea3 v\u00e0 ti\u1ebft ki\u1ec7m n\u0103ng l\u01b0\u1ee3ng: \u00c1p d\u1ee5ng c\u00e1c thu\u1eadt to\u00e1n \u0111i\u1ec1u khi\u1ec3n th\u00f4ng minh \u0111\u1ec3 t\u1ed1i \u01b0u h\u00f3a hi\u1ec7u su\u1ea5t \u0111\u1ed9ng c\u01a1 v\u00e0 k\u00e9o d\u00e0i tu\u1ed5i th\u1ecd pin th\u00eam 17%.<br \/>\nAn to\u00e0n v\u00e0 \u0111\u00e1ng tin c\u1eady: Nhi\u1ec1u t\u00ednh n\u0103ng b\u1ea3o v\u1ec7, nh\u01b0 ng\u1eaft phanh khi m\u1ea5t \u0111i\u1ec7n, ch\u1ed1ng tr\u01b0\u1ee3t, phanh \u0111i\u1ec7n t\u1eed, v.v., \u0111\u1ea3m b\u1ea3o an to\u00e0n khi l\u00e1i xe.<br \/>\nD\u1ec5 l\u1eafp \u0111\u1eb7t v\u00e0 b\u1ea3o tr\u00ec: Thi\u1ebft k\u1ebf k\u1ebft c\u1ea5u g\u1ecdn g\u00e0ng, d\u1ec5 l\u1eafp \u0111\u1eb7t, h\u1ed7 tr\u1ee3 k\u1ebft n\u1ed1i nhanh v\u00e0 d\u1ec5 b\u1ea3o tr\u00ec.<br \/>\nKh\u1ea3 n\u0103ng t\u01b0\u01a1ng th\u00edch cao: c\u00f3 th\u1ec3 th\u00edch \u1ee9ng v\u1edbi c\u00e1c th\u01b0\u01a1ng hi\u1ec7u v\u00e0 lo\u1ea1i xe ba b\u00e1nh \u0111i\u1ec7n kh\u00e1c nhau, h\u1ed7 tr\u1ee3 c\u00e1c d\u1ecbch v\u1ee5 t\u00f9y ch\u1ec9nh v\u00e0 \u0111\u00e1p \u1ee9ng nhi\u1ec1u nhu c\u1ea7u \u0111a d\u1ea1ng\u201c<\/p>\n<table style=\"border-collapse: collapse; width: 525.77pt;\" border=\"0\" width=\"701\" cellspacing=\"0\" cellpadding=\"0\">\n<tbody>\n<tr style=\"height: 24.75pt;\">\n<td class=\"et2\" style=\"height: 24.75pt; width: 525.75pt;\" colspan=\"4\" width=\"701\" height=\"33\">C\u00e1c th\u00f4ng s\u1ed1 k\u1ef9 thu\u1eadt c\u1ee7a s\u1ea3n ph\u1ea9m<\/td>\n<\/tr>\n<tr style=\"height: 17.25pt;\">\n<td class=\"et3\" style=\"height: 17.25pt; width: 96.75pt;\" width=\"129\" height=\"23\">\u0111i\u1ec7n \u00e1p \u0111\u1ecbnh m\u1ee9c<\/td>\n<td class=\"et3\" style=\"width: 168.00pt;\" width=\"224\">24V\/36V\/48V\/60V\/72V\/80V<\/td>\n<td class=\"et3\" style=\"width: 113.25pt;\" width=\"151\">c\u00f4ng su\u1ea5t \u0111\u1ecbnh m\u1ee9c<\/td>\n<td class=\"et3\" style=\"width: 147.75pt;\" width=\"197\">350W\u20134000W<\/td>\n<\/tr>\n<tr style=\"height: 17.25pt;\">\n<td class=\"et4\" style=\"height: 17.25pt;\" height=\"23\">b\u00f3ng b\u00e1n d\u1eabn c\u00f4ng su\u1ea5t<\/td>\n<td class=\"et4\">12G\u201336G<\/td>\n<td class=\"et3\" style=\"width: 113.25pt;\" width=\"151\">\u0110i\u1ec7n \u00e1p chuy\u1ec3n m\u1ea1ch<\/td>\n<td class=\"et3\" style=\"width: 147.75pt;\" width=\"197\">1,1 V \u00b1 4..2 V<\/td>\n<\/tr>\n<tr style=\"height: 17.25pt;\">\n<td class=\"et3\" style=\"height: 17.25pt; width: 96.75pt;\" width=\"129\" height=\"23\">M\u1ee9c phanh<\/td>\n<td class=\"et3\" style=\"width: 168.00pt;\" width=\"224\">m\u1ee9c cao v\u00e0 m\u1ee9c th\u1ea5p<\/td>\n<td class=\"et3\" style=\"width: 113.25pt;\" width=\"151\"><\/td>\n<td class=\"et3\" style=\"width: 147.75pt;\" width=\"197\"><\/td>\n<\/tr>\n<tr style=\"height: 21.00pt;\">\n<td class=\"et3\" style=\"height: 21.00pt; width: 96.75pt;\" width=\"129\" height=\"28\">Hi\u1ec7u su\u1ea5t s\u1ea3n ph\u1ea9m<\/td>\n<td class=\"et5\" style=\"width: 429.00pt;\" colspan=\"3\" width=\"572\">M\u00f4-men xo\u1eafn cao\/hi\u1ec7u su\u1ea5t cao\/qu\u00e3ng \u0111\u01b0\u1eddng di chuy\u1ec3n xa\/t\u1ea1o nhi\u1ec7t th\u1ea5p\/th\u00e2n m\u00e1y ho\u00e0n to\u00e0n b\u1eb1ng nh\u00f4m<\/td>\n<\/tr>\n<tr style=\"height: 34.50pt;\">\n<td class=\"et3\" style=\"height: 34.50pt; width: 96.75pt;\" width=\"129\" height=\"46\">\u0110\u1eb7c \u0111i\u1ec3m s\u1ea3n ph\u1ea9m<\/td>\n<td class=\"et6\" style=\"width: 429.00pt;\" colspan=\"3\" width=\"572\">B\u00e1o \u0111\u1ed9ng ch\u1ed1ng tr\u1ed9m\/ba c\u1ea5p \u0111\u1ed9 t\u1ed1c \u0111\u1ed9\/l\u00f9i\/ch\u1ed1ng tr\u01b0\u1ee3t d\u1ed1c<\/td>\n<\/tr>\n<\/tbody>\n<\/table>\n<p>M\u00f4i tr\u01b0\u1eddng ho\u1ea1t \u0111\u1ed9ng c\u1ee7a s\u1ea3n ph\u1ea9m<\/p>\n<table style=\"border-collapse: collapse; width: 264.77pt;\" border=\"0\" width=\"353\" cellspacing=\"0\" cellpadding=\"0\">\n<tbody>\n<tr style=\"height: 51.75pt;\">\n<td class=\"et2\" style=\"height: 51.75pt; width: 96.75pt;\" width=\"129\" height=\"69\">Ph\u1ea1m vi nhi\u1ec7t \u0111\u1ed9 ho\u1ea1t \u0111\u1ed9ng<\/td>\n<td class=\"et2\" style=\"width: 168.00pt;\" width=\"224\">\u0110\u1ed9ng c\u01a1: -40\u00b0C \u0111\u1ebfn 55\u00b0C<\/td>\n<\/tr>\n<tr style=\"height: 35.00pt;\">\n<td class=\"et2\" style=\"height: 35.00pt; width: 96.75pt;\" width=\"129\" height=\"46\">\u0111\u1ed9 \u1ea9m<\/td>\n<td class=\"et2\" style=\"width: 168.00pt;\" width=\"224\">0\u201395%<\/td>\n<\/tr>\n<\/tbody>\n<\/table>","protected":false},"excerpt":{"rendered":"<p>B\u1ed9 \u0111i\u1ec1u khi\u1ec3n \u0111\u1ed9ng c\u01a1 xe ba b\u00e1nh \u0111i\u1ec7n l\u00e0 thi\u1ebft b\u1ecb \u0111i\u1ec1u khi\u1ec3n trung t\u00e2m c\u1ee7a xe ba b\u00e1nh \u0111i\u1ec7n, c\u00f3 nhi\u1ec7m v\u1ee5 qu\u1ea3n l\u00fd c\u00e1c ch\u1ee9c n\u0103ng kh\u1edfi \u0111\u1ed9ng, v\u1eadn h\u00e0nh, ti\u1ebfn l\u00f9i, \u0111i\u1ec1u ch\u1ec9nh t\u1ed1c \u0111\u1ed9 v\u00e0 d\u1eebng xe, \u0111\u1ea3m b\u1ea3o xe ba b\u00e1nh \u0111i\u1ec7n ho\u1ea1t \u0111\u1ed9ng an to\u00e0n, hi\u1ec7u qu\u1ea3 v\u00e0 \u1ed5n \u0111\u1ecbnh.<\/p>","protected":false},"featured_media":613,"template":"","meta":{"site-sidebar-layout":"default","site-content-layout":"default","ast-site-content-layout":"default","site-content-style":"default","site-sidebar-style":"default","ast-global-header-display":"","ast-banner-title-visibility":"","ast-main-header-display":"","ast-hfb-above-header-display":"","ast-hfb-below-header-display":"","ast-hfb-mobile-header-display":"","site-post-title":"","ast-breadcrumbs-content":"","ast-featured-img":"","footer-sml-layout":"","ast-disable-related-posts":"","theme-transparent-header-meta":"default","adv-header-id-meta":"","stick-header-meta":"","header-above-stick-meta":"","header-main-stick-meta":"","header-below-stick-meta":"","astra-migrate-meta-layouts":"default","ast-page-background-enabled":"default","ast-page-background-meta":{"desktop":{"background-color":"","background-image":"","background-repeat":"repeat","background-position":"center center","background-size":"auto","background-attachment":"scroll","background-type":"","background-media":"","overlay-type":"","overlay-color":"","overlay-opacity":"","overlay-gradient":""},"tablet":{"background-color":"","background-image":"","background-repeat":"repeat","background-position":"center center","background-size":"auto","background-attachment":"scroll","background-type":"","background-media":"","overlay-type":"","overlay-color":"","overlay-opacity":"","overlay-gradient":""},"mobile":{"background-color":"","background-image":"","background-repeat":"repeat","background-position":"center center","background-size":"auto","background-attachment":"scroll","background-type":"","background-media":"","overlay-type":"","overlay-color":"","overlay-opacity":"","overlay-gradient":""}},"ast-content-background-meta":{"desktop":{"background-color":"var(--ast-global-color-5)","background-image":"","background-repeat":"repeat","background-position":"center center","background-size":"auto","background-attachment":"scroll","background-type":"","background-media":"","overlay-type":"","overlay-color":"","overlay-opacity":"","overlay-gradient":""},"tablet":{"background-color":"var(--ast-global-color-5)","background-image":"","background-repeat":"repeat","background-position":"center center","background-size":"auto","background-attachment":"scroll","background-type":"","background-media":"","overlay-type":"","overlay-color":"","overlay-opacity":"","overlay-gradient":""},"mobile":{"background-color":"var(--ast-global-color-5)","background-image":"","background-repeat":"repeat","background-position":"center center","background-size":"auto","background-attachment":"scroll","background-type":"","background-media":"","overlay-type":"","overlay-color":"","overlay-opacity":"","overlay-gradient":""}}},"product_brand":[],"product_cat":[23],"product_tag":[],"class_list":{"0":"post-612","1":"product","2":"type-product","3":"status-publish","4":"has-post-thumbnail","6":"product_cat-controller","7":"desktop-align-left","8":"tablet-align-left","9":"mobile-align-left","10":"ast-product-gallery-layout-vertical-slider","11":"ast-product-tabs-layout-horizontal","13":"first","14":"instock","15":"shipping-taxable","16":"product-type-simple"},"yoast_head":"<!-- This site is optimized with the Yoast SEO plugin v27.4 - https:\/\/yoast.com\/product\/yoast-seo-wordpress\/ -->\n<title>Intelligent brushless controller - Jining Huanzhongyu Electromechanical Co., Ltd.<\/title>\n<meta name=\"robots\" content=\"index, follow, max-snippet:-1, max-image-preview:large, max-video-preview:-1\" \/>\n<link rel=\"canonical\" href=\"https:\/\/www.huanyumotor.com\/vi\/san-pham\/intelligent-brushless-controller\/\" \/>\n<meta property=\"og:locale\" content=\"vi_VN\" \/>\n<meta property=\"og:type\" content=\"article\" \/>\n<meta property=\"og:title\" content=\"Intelligent brushless controller - Jining Huanzhongyu Electromechanical Co., Ltd.\" \/>\n<meta property=\"og:description\" content=\"The electric tricycle motor controller is the core control device of the electric tricycle, responsible for managing the functions of starting, running, advancing and retreating, speed adjustment, and stopping of the vehicle, ensuring the safe, efficient, and stable operation of the electric tricycle.\" \/>\n<meta property=\"og:url\" content=\"https:\/\/www.huanyumotor.com\/vi\/san-pham\/intelligent-brushless-controller\/\" \/>\n<meta property=\"og:site_name\" content=\"Jining Huanzhongyu Electromechanical Co., Ltd.\" \/>\n<meta property=\"article:publisher\" content=\"https:\/\/www.facebook.com\/profile.php?id=61579475484242&amp;sk=grid\" \/>\n<meta property=\"og:image\" content=\"https:\/\/www.huanyumotor.com\/wp-content\/uploads\/2025\/11\/18_1.jpg\" \/>\n\t<meta property=\"og:image:width\" content=\"800\" \/>\n\t<meta property=\"og:image:height\" content=\"800\" \/>\n\t<meta property=\"og:image:type\" content=\"image\/jpeg\" \/>\n<meta name=\"twitter:card\" content=\"summary_large_image\" \/>\n<meta name=\"twitter:label1\" content=\"\u01af\u1edbc t\u00ednh th\u1eddi gian \u0111\u1ecdc\" \/>\n\t<meta name=\"twitter:data1\" content=\"2 ph\u00fat\" \/>\n<script type=\"application\/ld+json\" class=\"yoast-schema-graph\">{\"@context\":\"https:\\\/\\\/schema.org\",\"@graph\":[{\"@type\":\"WebPage\",\"@id\":\"https:\\\/\\\/www.huanyumotor.com\\\/product\\\/intelligent-brushless-controller\\\/\",\"url\":\"https:\\\/\\\/www.huanyumotor.com\\\/product\\\/intelligent-brushless-controller\\\/\",\"name\":\"Intelligent brushless controller - Jining Huanzhongyu Electromechanical Co., Ltd.\",\"isPartOf\":{\"@id\":\"https:\\\/\\\/www.huanyumotor.com\\\/#website\"},\"primaryImageOfPage\":{\"@id\":\"https:\\\/\\\/www.huanyumotor.com\\\/product\\\/intelligent-brushless-controller\\\/#primaryimage\"},\"image\":{\"@id\":\"https:\\\/\\\/www.huanyumotor.com\\\/product\\\/intelligent-brushless-controller\\\/#primaryimage\"},\"thumbnailUrl\":\"https:\\\/\\\/www.huanyumotor.com\\\/wp-content\\\/uploads\\\/2025\\\/11\\\/18_1.jpg\",\"datePublished\":\"2025-11-12T02:23:06+00:00\",\"breadcrumb\":{\"@id\":\"https:\\\/\\\/www.huanyumotor.com\\\/product\\\/intelligent-brushless-controller\\\/#breadcrumb\"},\"inLanguage\":\"vi\",\"potentialAction\":[{\"@type\":\"ReadAction\",\"target\":[\"https:\\\/\\\/www.huanyumotor.com\\\/product\\\/intelligent-brushless-controller\\\/\"]}]},{\"@type\":\"ImageObject\",\"inLanguage\":\"vi\",\"@id\":\"https:\\\/\\\/www.huanyumotor.com\\\/product\\\/intelligent-brushless-controller\\\/#primaryimage\",\"url\":\"https:\\\/\\\/www.huanyumotor.com\\\/wp-content\\\/uploads\\\/2025\\\/11\\\/18_1.jpg\",\"contentUrl\":\"https:\\\/\\\/www.huanyumotor.com\\\/wp-content\\\/uploads\\\/2025\\\/11\\\/18_1.jpg\",\"width\":800,\"height\":800},{\"@type\":\"BreadcrumbList\",\"@id\":\"https:\\\/\\\/www.huanyumotor.com\\\/product\\\/intelligent-brushless-controller\\\/#breadcrumb\",\"itemListElement\":[{\"@type\":\"ListItem\",\"position\":1,\"name\":\"\u9996\u9875\",\"item\":\"https:\\\/\\\/www.huanyumotor.com\\\/\"},{\"@type\":\"ListItem\",\"position\":2,\"name\":\"Products\",\"item\":\"https:\\\/\\\/www.huanyumotor.com\\\/products\\\/\"},{\"@type\":\"ListItem\",\"position\":3,\"name\":\"Intelligent brushless controller\"}]},{\"@type\":\"WebSite\",\"@id\":\"https:\\\/\\\/www.huanyumotor.com\\\/#website\",\"url\":\"https:\\\/\\\/www.huanyumotor.com\\\/\",\"name\":\"Jining Huanzhongyu Electromechanical Co., Ltd.\",\"description\":\"\",\"publisher\":{\"@id\":\"https:\\\/\\\/www.huanyumotor.com\\\/#organization\"},\"potentialAction\":[{\"@type\":\"SearchAction\",\"target\":{\"@type\":\"EntryPoint\",\"urlTemplate\":\"https:\\\/\\\/www.huanyumotor.com\\\/?s={search_term_string}\"},\"query-input\":{\"@type\":\"PropertyValueSpecification\",\"valueRequired\":true,\"valueName\":\"search_term_string\"}}],\"inLanguage\":\"vi\"},{\"@type\":\"Organization\",\"@id\":\"https:\\\/\\\/www.huanyumotor.com\\\/#organization\",\"name\":\"Jining Huanzhongyu Electromechanical Co., Ltd.\",\"url\":\"https:\\\/\\\/www.huanyumotor.com\\\/\",\"logo\":{\"@type\":\"ImageObject\",\"inLanguage\":\"vi\",\"@id\":\"https:\\\/\\\/www.huanyumotor.com\\\/#\\\/schema\\\/logo\\\/image\\\/\",\"url\":\"https:\\\/\\\/www.huanyumotor.com\\\/wp-content\\\/uploads\\\/2025\\\/11\\\/logo.webp\",\"contentUrl\":\"https:\\\/\\\/www.huanyumotor.com\\\/wp-content\\\/uploads\\\/2025\\\/11\\\/logo.webp\",\"width\":468,\"height\":242,\"caption\":\"Jining Huanzhongyu Electromechanical Co., Ltd.\"},\"image\":{\"@id\":\"https:\\\/\\\/www.huanyumotor.com\\\/#\\\/schema\\\/logo\\\/image\\\/\"},\"sameAs\":[\"https:\\\/\\\/www.facebook.com\\\/profile.php?id=61579475484242&sk=grid\"]}]}<\/script>\n<!-- \/ Yoast SEO plugin. -->","yoast_head_json":{"title":"Intelligent brushless controller - Jining Huanzhongyu Electromechanical Co., Ltd.","robots":{"index":"index","follow":"follow","max-snippet":"max-snippet:-1","max-image-preview":"max-image-preview:large","max-video-preview":"max-video-preview:-1"},"canonical":"https:\/\/www.huanyumotor.com\/vi\/san-pham\/intelligent-brushless-controller\/","og_locale":"vi_VN","og_type":"article","og_title":"Intelligent brushless controller - Jining Huanzhongyu Electromechanical Co., Ltd.","og_description":"The electric tricycle motor controller is the core control device of the electric tricycle, responsible for managing the functions of starting, running, advancing and retreating, speed adjustment, and stopping of the vehicle, ensuring the safe, efficient, and stable operation of the electric tricycle.","og_url":"https:\/\/www.huanyumotor.com\/vi\/san-pham\/intelligent-brushless-controller\/","og_site_name":"Jining Huanzhongyu Electromechanical Co., Ltd.","article_publisher":"https:\/\/www.facebook.com\/profile.php?id=61579475484242&sk=grid","og_image":[{"width":800,"height":800,"url":"https:\/\/www.huanyumotor.com\/wp-content\/uploads\/2025\/11\/18_1.jpg","type":"image\/jpeg"}],"twitter_card":"summary_large_image","twitter_misc":{"\u01af\u1edbc t\u00ednh th\u1eddi gian \u0111\u1ecdc":"2 ph\u00fat"},"schema":{"@context":"https:\/\/schema.org","@graph":[{"@type":"WebPage","@id":"https:\/\/www.huanyumotor.com\/product\/intelligent-brushless-controller\/","url":"https:\/\/www.huanyumotor.com\/product\/intelligent-brushless-controller\/","name":"Intelligent brushless controller - Jining Huanzhongyu Electromechanical Co., Ltd.","isPartOf":{"@id":"https:\/\/www.huanyumotor.com\/#website"},"primaryImageOfPage":{"@id":"https:\/\/www.huanyumotor.com\/product\/intelligent-brushless-controller\/#primaryimage"},"image":{"@id":"https:\/\/www.huanyumotor.com\/product\/intelligent-brushless-controller\/#primaryimage"},"thumbnailUrl":"https:\/\/www.huanyumotor.com\/wp-content\/uploads\/2025\/11\/18_1.jpg","datePublished":"2025-11-12T02:23:06+00:00","breadcrumb":{"@id":"https:\/\/www.huanyumotor.com\/product\/intelligent-brushless-controller\/#breadcrumb"},"inLanguage":"vi","potentialAction":[{"@type":"ReadAction","target":["https:\/\/www.huanyumotor.com\/product\/intelligent-brushless-controller\/"]}]},{"@type":"ImageObject","inLanguage":"vi","@id":"https:\/\/www.huanyumotor.com\/product\/intelligent-brushless-controller\/#primaryimage","url":"https:\/\/www.huanyumotor.com\/wp-content\/uploads\/2025\/11\/18_1.jpg","contentUrl":"https:\/\/www.huanyumotor.com\/wp-content\/uploads\/2025\/11\/18_1.jpg","width":800,"height":800},{"@type":"BreadcrumbList","@id":"https:\/\/www.huanyumotor.com\/product\/intelligent-brushless-controller\/#breadcrumb","itemListElement":[{"@type":"ListItem","position":1,"name":"\u9996\u9875","item":"https:\/\/www.huanyumotor.com\/"},{"@type":"ListItem","position":2,"name":"Products","item":"https:\/\/www.huanyumotor.com\/products\/"},{"@type":"ListItem","position":3,"name":"Intelligent brushless controller"}]},{"@type":"WebSite","@id":"https:\/\/www.huanyumotor.com\/#website","url":"https:\/\/www.huanyumotor.com\/","name":"C\u00f4ng ty TNHH \u0110i\u1ec7n c\u01a1 Jining Huanzhongyu.","description":"","publisher":{"@id":"https:\/\/www.huanyumotor.com\/#organization"},"potentialAction":[{"@type":"SearchAction","target":{"@type":"EntryPoint","urlTemplate":"https:\/\/www.huanyumotor.com\/?s={search_term_string}"},"query-input":{"@type":"PropertyValueSpecification","valueRequired":true,"valueName":"search_term_string"}}],"inLanguage":"vi"},{"@type":"Organization","@id":"https:\/\/www.huanyumotor.com\/#organization","name":"C\u00f4ng ty TNHH \u0110i\u1ec7n c\u01a1 Jining Huanzhongyu.","url":"https:\/\/www.huanyumotor.com\/","logo":{"@type":"ImageObject","inLanguage":"vi","@id":"https:\/\/www.huanyumotor.com\/#\/schema\/logo\/image\/","url":"https:\/\/www.huanyumotor.com\/wp-content\/uploads\/2025\/11\/logo.webp","contentUrl":"https:\/\/www.huanyumotor.com\/wp-content\/uploads\/2025\/11\/logo.webp","width":468,"height":242,"caption":"Jining Huanzhongyu Electromechanical Co., Ltd."},"image":{"@id":"https:\/\/www.huanyumotor.com\/#\/schema\/logo\/image\/"},"sameAs":["https:\/\/www.facebook.com\/profile.php?id=61579475484242&sk=grid"]}]}},"_links":{"self":[{"href":"https:\/\/www.huanyumotor.com\/vi\/wp-json\/wp\/v2\/product\/612","targetHints":{"allow":["GET"]}}],"collection":[{"href":"https:\/\/www.huanyumotor.com\/vi\/wp-json\/wp\/v2\/product"}],"about":[{"href":"https:\/\/www.huanyumotor.com\/vi\/wp-json\/wp\/v2\/types\/product"}],"wp:featuredmedia":[{"embeddable":true,"href":"https:\/\/www.huanyumotor.com\/vi\/wp-json\/wp\/v2\/media\/613"}],"wp:attachment":[{"href":"https:\/\/www.huanyumotor.com\/vi\/wp-json\/wp\/v2\/media?parent=612"}],"wp:term":[{"taxonomy":"product_brand","embeddable":true,"href":"https:\/\/www.huanyumotor.com\/vi\/wp-json\/wp\/v2\/product_brand?post=612"},{"taxonomy":"product_cat","embeddable":true,"href":"https:\/\/www.huanyumotor.com\/vi\/wp-json\/wp\/v2\/product_cat?post=612"},{"taxonomy":"product_tag","embeddable":true,"href":"https:\/\/www.huanyumotor.com\/vi\/wp-json\/wp\/v2\/product_tag?post=612"}],"curies":[{"name":"wp","href":"https:\/\/api.w.org\/{rel}","templated":true}]}}