{"id":621,"date":"2025-11-12T10:25:11","date_gmt":"2025-11-12T02:25:11","guid":{"rendered":"http:\/\/www.huanyumotor.com\/?post_type=product&#038;p=621"},"modified":"2025-11-12T10:25:11","modified_gmt":"2025-11-12T02:25:11","slug":"140-permanent-magnet-dc-brushless-motor-single-key-shaft","status":"publish","type":"product","link":"https:\/\/www.huanyumotor.com\/vi\/san-pham\/140-permanent-magnet-dc-brushless-motor-single-key-shaft\/","title":{"rendered":"140 \u0110\u1ed9ng c\u01a1 DC kh\u00f4ng ch\u1ed5i than nam ch\u00e2m v\u0129nh c\u1eedu tr\u1ee5c \u0111\u01a1n"},"content":{"rendered":"<p>Gi\u1edbi thi\u1ec7u s\u1ea3n ph\u1ea9m<br \/>\n\u0110\u1ed9ng c\u01a1 140 Square Wave (\u0111\u1ed9ng c\u01a1 DC kh\u00f4ng ch\u1ed5i than) l\u00e0 lo\u1ea1i \u0111\u1ed9ng c\u01a1 c\u00f3 c\u00f4ng su\u1ea5t l\u1edbn, t\u1ed1c \u0111\u1ed9 cao v\u00e0 m\u00f4-men xo\u1eafn l\u1edbn. Nh\u1edd m\u00f4-men xo\u1eafn l\u1edbn v\u00e0 t\u1ed1c \u0111\u1ed9 th\u1ea5p, \u0111\u1ed9ng c\u01a1 n\u00e0y r\u1ea5t ph\u00f9 h\u1ee3p cho vi\u1ec7c v\u1eadn chuy\u1ec3n h\u00e0ng h\u00f3a n\u1eb7ng. D\u1ea3i c\u00f4ng su\u1ea5t c\u1ee7a \u0111\u1ed9ng c\u01a1 140 Square Wave n\u1eb1m trong kho\u1ea3ng t\u1eeb 2500W \u0111\u1ebfn 4000W.<br \/>\n\u01afu \u0111i\u1ec3m c\u1ee7a s\u1ea3n ph\u1ea9m<br \/>\n**Hi\u1ec7u su\u1ea5t cao**<br \/>\n1. **M\u1eadt \u0111\u1ed9 c\u00f4ng su\u1ea5t cao**: \u0110\u1ed9ng c\u01a1 DC kh\u00f4ng ch\u1ed5i than s\u1eed d\u1ee5ng nam ch\u00e2m v\u0129nh c\u1eedu \u0111\u1ec3 t\u1ea1o t\u1eeb tr\u01b0\u1eddng, cho ph\u00e9p \u0111\u1ea1t c\u00f4ng su\u1ea5t \u0111\u1ea7u ra l\u1edbn h\u01a1n trong c\u00f9ng m\u1ed9t th\u1ec3 t\u00edch ho\u1eb7c tr\u1ecdng l\u01b0\u1ee3ng, t\u1eeb \u0111\u00f3 mang l\u1ea1i hi\u1ec7u su\u1ea5t cao h\u01a1n.<br \/>\n2. **M\u1ea5t m\u00e1t do ma s\u00e1t th\u1ea5p**: Thi\u1ebft k\u1ebf kh\u00f4ng ch\u1ed5i than gi\u00fap lo\u1ea1i b\u1ecf c\u00e1c m\u1ea5t m\u00e1t do ma s\u00e1t li\u00ean quan \u0111\u1ebfn ch\u1ed5i than v\u00e0 b\u1ed9 chuy\u1ec3n m\u1ea1ch trong c\u00e1c \u0111\u1ed9ng c\u01a1 DC truy\u1ec1n th\u1ed1ng, t\u1eeb \u0111\u00f3 n\u00e2ng cao hi\u1ec7u su\u1ea5t t\u1ed5ng th\u1ec3. Hi\u1ec7u su\u1ea5t cao n\u00e0y cho ph\u00e9p \u0110\u1ed9ng c\u01a1 S\u00f3ng Vu\u00f4ng 140 ho\u1ea1t \u0111\u1ed9ng v\u1edbi m\u1ee9c ti\u00eau th\u1ee5 n\u0103ng l\u01b0\u1ee3ng th\u1ea5p h\u01a1n v\u00e0 duy tr\u00ec s\u1ef1 \u1ed5n \u0111\u1ecbnh trong th\u1eddi gian d\u00e0i.<br \/>\n**M\u00f4-men xo\u1eafn \u0111\u1ea7u ra cao**<br \/>\n1. **M\u1eadt \u0111\u1ed9 m\u00f4-men xo\u1eafn cao**: T\u1eeb tr\u01b0\u1eddng m\u1ea1nh h\u01a1n do nam ch\u00e2m v\u0129nh c\u1eedu t\u1ea1o ra trong \u0111\u1ed9ng c\u01a1 DC kh\u00f4ng ch\u1ed5i than cho ph\u00e9p t\u1ea1o ra m\u00f4-men xo\u1eafn l\u1edbn h\u01a1n v\u1edbi c\u00f9ng th\u1ec3 t\u00edch ho\u1eb7c tr\u1ecdng l\u01b0\u1ee3ng. \u0110\u1eb7c t\u00ednh n\u00e0y khi\u1ebfn \u0110\u1ed9ng c\u01a1 s\u00f3ng vu\u00f4ng 140 ph\u00f9 h\u1ee3p cho c\u00e1c \u1ee9ng d\u1ee5ng c\u00f4ng su\u1ea5t l\u1edbn \u0111\u00f2i h\u1ecfi m\u00f4-men xo\u1eafn cao.<br \/>\n**\u0110\u1eb7c t\u00ednh v\u1eadn h\u00e0nh v\u01b0\u1ee3t tr\u1ed9i**<br \/>\n1. **Kh\u1edfi \u0111\u1ed9ng \u00eam \u00e1i**: \u0110\u1eb7c bi\u1ec7t trong c\u00e1c \u1ee9ng d\u1ee5ng stato c\u00f3 r\u00e3nh nghi\u00eang, \u0111\u1ed9ng c\u01a1 s\u00f3ng vu\u00f4ng 138 mang l\u1ea1i qu\u00e1 tr\u00ecnh kh\u1edfi \u0111\u1ed9ng \u00eam \u00e1i h\u01a1n, gi\u00fap gi\u1ea3m thi\u1ec3u c\u00e1c c\u00fa s\u1ed1c v\u00e0 rung \u0111\u1ed9ng ban \u0111\u1ea7u, t\u1eeb \u0111\u00f3 n\u00e2ng cao s\u1ef1 tho\u1ea3i m\u00e1i khi v\u1eadn h\u00e0nh.<\/p>\n<p>2. **Ti\u1ebfng \u1ed3n th\u1ea5p**: Thi\u1ebft k\u1ebf kh\u00f4ng ch\u1ed5i than gi\u00fap lo\u1ea1i b\u1ecf ti\u1ebfng \u1ed3n do ch\u1ed5i than g\u00e2y ra, t\u1eeb \u0111\u00f3 gi\u1ea3m \u0111\u00e1ng k\u1ec3 ti\u1ebfng \u1ed3n ho\u1ea1t \u0111\u1ed9ng t\u1ed5ng th\u1ec3 c\u1ee7a \u0111\u1ed9ng c\u01a1.<\/p>\n<p>T\u00ednh n\u0103ng n\u00e0y r\u1ea5t quan tr\u1ecdng \u0111\u1ed1i v\u1edbi c\u00e1c m\u00f4i tr\u01b0\u1eddng \u00edt ti\u1ebfng \u1ed3n nh\u01b0 xe x\u00edch l\u00f4 ch\u1edf kh\u00e1ch.<\/p>\n<p>**Tu\u1ed5i th\u1ecd**<br \/>\n1. **Kh\u00f4ng c\u00f3 b\u1ed9 ph\u1eadn d\u1ec5 m\u00f2n**: Thi\u1ebft k\u1ebf kh\u00f4ng ch\u1ed5i than gi\u00fap lo\u1ea1i b\u1ecf c\u00e1c b\u1ed9 ph\u1eadn d\u1ec5 m\u00f2n truy\u1ec1n th\u1ed1ng (ch\u1ed5i than v\u00e0 b\u1ed9 chuy\u1ec3n m\u1ea1ch) trong \u0111\u1ed9ng c\u01a1 m\u1ed9t chi\u1ec1u, t\u1eeb \u0111\u00f3 k\u00e9o d\u00e0i tu\u1ed5i th\u1ecd c\u1ee7a \u0111\u1ed9ng c\u01a1.<\/p>\n<p>2. **\u0110\u1ed9 tin c\u1eady cao**: B\u1ed9 \u0111i\u1ec1u khi\u1ec3n \u0111i\u1ec7n t\u1eed \u0111\u1ea3m nhi\u1ec7m vi\u1ec7c chuy\u1ec3n m\u1ea1ch trong \u0111\u1ed9ng c\u01a1 DC kh\u00f4ng ch\u1ed5i than, gi\u00fap \u0111\u01a1n gi\u1ea3n h\u00f3a c\u00e1c b\u1ed9 ph\u1eadn c\u01a1 kh\u00ed v\u00e0 gi\u1ea3m t\u1ef7 l\u1ec7 h\u1ecfng h\u00f3c, t\u1eeb \u0111\u00f3 n\u00e2ng cao \u0111\u1ed9 tin c\u1eady t\u1ed5ng th\u1ec3.<\/p>\n<p>**Ph\u1ea1m vi \u1ee9ng d\u1ee5ng \u0111a d\u1ea1ng**<br \/>\n1. **D\u1ea3i c\u00f4ng su\u1ea5t r\u1ed9ng**: \u0110\u1ed9ng c\u01a1 s\u00f3ng vu\u00f4ng 140 ho\u1ea1t \u0111\u1ed9ng trong d\u1ea3i c\u00f4ng su\u1ea5t t\u1eeb 2500W \u0111\u1ebfn 4000W, \u0111\u00e1p \u1ee9ng c\u00e1c y\u00eau c\u1ea7u c\u00f4ng su\u1ea5t \u0111a d\u1ea1ng trong c\u00e1c \u1ee9ng d\u1ee5ng kh\u00e1c nhau.<\/p>\n<p>2. **\u1ee8ng d\u1ee5ng \u0111a d\u1ea1ng**: T\u1eeb v\u1eadn chuy\u1ec3n h\u00e0ng h\u00f3a n\u1eb7ng \u0111\u1ebfn xe x\u00edch l\u00f4 ch\u1edf kh\u00e1ch, hi\u1ec7u su\u1ea5t v\u01b0\u1ee3t tr\u1ed9i c\u1ee7a \u0110\u1ed9ng c\u01a1 s\u00f3ng vu\u00f4ng 140 gi\u00fap s\u1ea3n ph\u1ea9m n\u00e0y ph\u00f9 h\u1ee3p v\u1edbi nhi\u1ec1u l\u0129nh v\u1ef1c \u1ee9ng d\u1ee5ng kh\u00e1c nhau, bao g\u1ed3m xe \u0111i\u1ec7n, t\u1ef1 \u0111\u1ed9ng h\u00f3a c\u00f4ng nghi\u1ec7p v\u00e0 ng\u00e0nh giao th\u00f4ng v\u1eadn t\u1ea3i.<br \/>\nT\u00f3m l\u1ea1i, nh\u1edd hi\u1ec7u su\u1ea5t cao, m\u00f4-men xo\u1eafn l\u1edbn, \u0111\u1eb7c t\u00ednh v\u1eadn h\u00e0nh v\u01b0\u1ee3t tr\u1ed9i, tu\u1ed5i th\u1ecd d\u00e0i v\u00e0 kh\u1ea3 n\u0103ng \u1ee9ng d\u1ee5ng \u0111a d\u1ea1ng, \u0111\u1ed9ng c\u01a1 s\u00f3ng vu\u00f4ng 140 l\u00e0 s\u1ef1 l\u1ef1a ch\u1ecdn l\u00fd t\u01b0\u1edfng cho nhi\u1ec1u \u1ee9ng d\u1ee5ng \u0111\u00f2i h\u1ecfi \u0111\u1ed9ng c\u01a1 \u0111i\u1ec7n hi\u1ec7u su\u1ea5t cao.<\/p>\n<table width=\"701\">\n<tbody>\n<tr>\n<td colspan=\"4\" width=\"701\">C\u00e1c th\u00f4ng s\u1ed1 k\u1ef9 thu\u1eadt c\u1ee7a s\u1ea3n ph\u1ea9m<\/td>\n<\/tr>\n<tr>\n<td width=\"129\">\u0111i\u1ec7n \u00e1p \u0111\u1ecbnh m\u1ee9c<\/td>\n<td width=\"224\">24V\/36V\/48V\/60V\/72V\/80V<\/td>\n<td width=\"151\">c\u00f4ng su\u1ea5t \u0111\u1ecbnh m\u1ee9c<\/td>\n<td width=\"197\">2500W\u20134000W<\/td>\n<\/tr>\n<tr>\n<td>S\u1ed1 pha \u0111\u1ed9ng c\u01a1<\/td>\n<td>Ba pha<\/td>\n<td width=\"151\">t\u1ed1c \u0111\u1ed9 \u0111\u1ecbnh m\u1ee9c<\/td>\n<td width=\"197\">1.500 v\u00f2ng\/ph\u00fat\/3.200 v\u00f2ng\/ph\u00fat<\/td>\n<\/tr>\n<tr>\n<td width=\"129\">chi\u1ec1u cao c\u00e1nh qu\u1ea1t<\/td>\n<td width=\"224\">70 mm\u2013100 mm<\/td>\n<td width=\"151\">Lo\u1ea1i nam ch\u00e2m<\/td>\n<td width=\"197\">38H<\/td>\n<\/tr>\n<tr>\n<td>Ph\u01b0\u01a1ng ph\u00e1p l\u1eafp \u0111\u1eb7t<\/td>\n<td width=\"224\">B5<\/td>\n<td width=\"151\">tr\u1ee5c \u0111\u1ed9ng c\u01a1<\/td>\n<td width=\"197\">Tr\u1ee5c c\u00f3 r\u00e3nh ch\u1ed1t<\/td>\n<\/tr>\n<tr>\n<td width=\"129\">ph\u00e2n lo\u1ea1i nhi\u1ec7t<\/td>\n<td width=\"224\">F<\/td>\n<td width=\"151\">c\u1ea3m bi\u1ebfn v\u1ecb tr\u00ed<\/td>\n<td width=\"197\">C\u1ed5ng (5 ch\u00e2n)<\/td>\n<\/tr>\n<tr>\n<td width=\"129\">M\u1ee9c \u0111\u1ed9 b\u1ea3o v\u1ec7<\/td>\n<td width=\"224\">IP54<\/td>\n<td width=\"151\">Ph\u01b0\u01a1ng ph\u00e1p \u0111i\u1ec1u khi\u1ec3n<\/td>\n<td width=\"197\">\u0110i\u1ec1u khi\u1ec3n s\u00f3ng vu\u00f4ng<\/td>\n<\/tr>\n<tr>\n<td width=\"129\">\u00a0 c\u1eb7p c\u1ef1c<\/td>\n<td width=\"224\">4<\/td>\n<td width=\"151\">h\u1ec7 th\u1ed1ng \u0111ang ho\u1ea1t \u0111\u1ed9ng<\/td>\n<td width=\"197\">Ph\u1ea7n 2, 60 ph\u00fat<\/td>\n<\/tr>\n<\/tbody>\n<\/table>\n<p>M\u00f4i tr\u01b0\u1eddng ho\u1ea1t \u0111\u1ed9ng c\u1ee7a s\u1ea3n ph\u1ea9m<\/p>\n<table style=\"border-collapse: collapse; width: 264.77pt;\" border=\"0\" width=\"353\" cellspacing=\"0\" cellpadding=\"0\">\n<tbody>\n<tr style=\"height: 51.75pt;\">\n<td class=\"et2\" style=\"height: 51.75pt; width: 96.75pt;\" width=\"129\" height=\"69\">Ph\u1ea1m vi nhi\u1ec7t \u0111\u1ed9 b\u1ea3o qu\u1ea3n<\/td>\n<td class=\"et2\" style=\"width: 168.00pt;\" width=\"224\">-40\u00b0C \u0111\u1ebfn 85\u00b0C<\/td>\n<\/tr>\n<tr style=\"height: 51.75pt;\">\n<td class=\"et2\" style=\"height: 51.75pt; width: 96.75pt;\" width=\"129\" height=\"69\">Ph\u1ea1m vi nhi\u1ec7t \u0111\u1ed9 ho\u1ea1t \u0111\u1ed9ng<\/td>\n<td class=\"et2\" style=\"width: 168.00pt;\" width=\"224\">\u0110\u1ed9ng c\u01a1: -40\u00b0C \u0111\u1ebfn 55\u00b0C<\/td>\n<\/tr>\n<tr style=\"height: 17.25pt;\">\n<td class=\"et2\" style=\"height: 17.25pt; width: 96.75pt;\" width=\"129\" height=\"23\">\u0111\u1ed9 \u1ea9m<\/td>\n<td class=\"et2\" style=\"width: 168.00pt;\" width=\"224\">0\u201395%<\/td>\n<\/tr>\n<\/tbody>\n<\/table>","protected":false},"excerpt":{"rendered":"<p>\u0110\u1ed9ng c\u01a1 140 Square Wave (\u0111\u1ed9ng c\u01a1 DC kh\u00f4ng ch\u1ed5i than) l\u00e0 lo\u1ea1i \u0111\u1ed9ng c\u01a1 c\u00f3 c\u00f4ng su\u1ea5t l\u1edbn, t\u1ed1c \u0111\u1ed9 cao v\u00e0 m\u00f4-men xo\u1eafn l\u1edbn. Nh\u1edd m\u00f4-men xo\u1eafn l\u1edbn v\u00e0 t\u1ed1c \u0111\u1ed9 th\u1ea5p, \u0111\u1ed9ng c\u01a1 n\u00e0y r\u1ea5t ph\u00f9 h\u1ee3p cho vi\u1ec7c v\u1eadn chuy\u1ec3n h\u00e0ng h\u00f3a n\u1eb7ng. D\u1ea3i c\u00f4ng su\u1ea5t c\u1ee7a \u0111\u1ed9ng c\u01a1 140 Square Wave n\u1eb1m trong kho\u1ea3ng t\u1eeb 2500W \u0111\u1ebfn 4000W.<\/p>","protected":false},"featured_media":622,"template":"","meta":{"site-sidebar-layout":"default","site-content-layout":"default","ast-site-content-layout":"default","site-content-style":"default","site-sidebar-style":"default","ast-global-header-display":"","ast-banner-title-visibility":"","ast-main-header-display":"","ast-hfb-above-header-display":"","ast-hfb-below-header-display":"","ast-hfb-mobile-header-display":"","site-post-title":"","ast-breadcrumbs-content":"","ast-featured-img":"","footer-sml-layout":"","ast-disable-related-posts":"","theme-transparent-header-meta":"default","adv-header-id-meta":"","stick-header-meta":"","header-above-stick-meta":"","header-main-stick-meta":"","header-below-stick-meta":"","astra-migrate-meta-layouts":"default","ast-page-background-enabled":"default","ast-page-background-meta":{"desktop":{"background-color":"","background-image":"","background-repeat":"repeat","background-position":"center center","background-size":"auto","background-attachment":"scroll","background-type":"","background-media":"","overlay-type":"","overlay-color":"","overlay-opacity":"","overlay-gradient":""},"tablet":{"background-color":"","background-image":"","background-repeat":"repeat","background-position":"center center","background-size":"auto","background-attachment":"scroll","background-type":"","background-media":"","overlay-type":"","overlay-color":"","overlay-opacity":"","overlay-gradient":""},"mobile":{"background-color":"","background-image":"","background-repeat":"repeat","background-position":"center center","background-size":"auto","background-attachment":"scroll","background-type":"","background-media":"","overlay-type":"","overlay-color":"","overlay-opacity":"","overlay-gradient":""}},"ast-content-background-meta":{"desktop":{"background-color":"var(--ast-global-color-5)","background-image":"","background-repeat":"repeat","background-position":"center center","background-size":"auto","background-attachment":"scroll","background-type":"","background-media":"","overlay-type":"","overlay-color":"","overlay-opacity":"","overlay-gradient":""},"tablet":{"background-color":"var(--ast-global-color-5)","background-image":"","background-repeat":"repeat","background-position":"center center","background-size":"auto","background-attachment":"scroll","background-type":"","background-media":"","overlay-type":"","overlay-color":"","overlay-opacity":"","overlay-gradient":""},"mobile":{"background-color":"var(--ast-global-color-5)","background-image":"","background-repeat":"repeat","background-position":"center center","background-size":"auto","background-attachment":"scroll","background-type":"","background-media":"","overlay-type":"","overlay-color":"","overlay-opacity":"","overlay-gradient":""}}},"product_brand":[],"product_cat":[24],"product_tag":[],"class_list":{"0":"post-621","1":"product","2":"type-product","3":"status-publish","4":"has-post-thumbnail","6":"product_cat-permanent-magnet-brushless-dc-motor","7":"desktop-align-left","8":"tablet-align-left","9":"mobile-align-left","10":"ast-product-gallery-layout-vertical-slider","11":"ast-product-tabs-layout-horizontal","13":"first","14":"instock","15":"shipping-taxable","16":"product-type-simple"},"yoast_head":"<!-- This site is optimized with the Yoast SEO plugin v27.4 - https:\/\/yoast.com\/product\/yoast-seo-wordpress\/ -->\n<title>140 Permanent Magnet DC Brushless Motor Single-Key Shaft - Jining Huanzhongyu Electromechanical Co., Ltd.<\/title>\n<meta name=\"robots\" content=\"index, follow, max-snippet:-1, max-image-preview:large, max-video-preview:-1\" \/>\n<link rel=\"canonical\" href=\"https:\/\/www.huanyumotor.com\/vi\/san-pham\/140-permanent-magnet-dc-brushless-motor-single-key-shaft\/\" \/>\n<meta property=\"og:locale\" content=\"vi_VN\" \/>\n<meta property=\"og:type\" content=\"article\" \/>\n<meta property=\"og:title\" content=\"140 Permanent Magnet DC Brushless Motor Single-Key Shaft - Jining Huanzhongyu Electromechanical Co., Ltd.\" \/>\n<meta property=\"og:description\" content=\"The 140 Square Wave Motor (Brushless DC Motor) is a high-power, high-speed, and high-torque motor. Its high torque and low speed make it ideal for heavy-duty cargo transportation. The power range of the 140 Square Wave Motor is 2500W to 4000W.\" \/>\n<meta property=\"og:url\" content=\"https:\/\/www.huanyumotor.com\/vi\/san-pham\/140-permanent-magnet-dc-brushless-motor-single-key-shaft\/\" \/>\n<meta property=\"og:site_name\" content=\"Jining Huanzhongyu Electromechanical Co., Ltd.\" \/>\n<meta property=\"article:publisher\" content=\"https:\/\/www.facebook.com\/profile.php?id=61579475484242&amp;sk=grid\" \/>\n<meta property=\"og:image\" content=\"https:\/\/www.huanyumotor.com\/wp-content\/uploads\/2025\/11\/16_1.jpg\" \/>\n\t<meta property=\"og:image:width\" content=\"800\" \/>\n\t<meta property=\"og:image:height\" content=\"800\" \/>\n\t<meta property=\"og:image:type\" content=\"image\/jpeg\" \/>\n<meta name=\"twitter:card\" content=\"summary_large_image\" \/>\n<meta name=\"twitter:label1\" content=\"\u01af\u1edbc t\u00ednh th\u1eddi gian \u0111\u1ecdc\" \/>\n\t<meta name=\"twitter:data1\" content=\"2 ph\u00fat\" \/>\n<script type=\"application\/ld+json\" class=\"yoast-schema-graph\">{\"@context\":\"https:\\\/\\\/schema.org\",\"@graph\":[{\"@type\":\"WebPage\",\"@id\":\"https:\\\/\\\/www.huanyumotor.com\\\/product\\\/140-permanent-magnet-dc-brushless-motor-single-key-shaft\\\/\",\"url\":\"https:\\\/\\\/www.huanyumotor.com\\\/product\\\/140-permanent-magnet-dc-brushless-motor-single-key-shaft\\\/\",\"name\":\"140 Permanent Magnet DC Brushless Motor Single-Key Shaft - Jining Huanzhongyu Electromechanical Co., Ltd.\",\"isPartOf\":{\"@id\":\"https:\\\/\\\/www.huanyumotor.com\\\/#website\"},\"primaryImageOfPage\":{\"@id\":\"https:\\\/\\\/www.huanyumotor.com\\\/product\\\/140-permanent-magnet-dc-brushless-motor-single-key-shaft\\\/#primaryimage\"},\"image\":{\"@id\":\"https:\\\/\\\/www.huanyumotor.com\\\/product\\\/140-permanent-magnet-dc-brushless-motor-single-key-shaft\\\/#primaryimage\"},\"thumbnailUrl\":\"https:\\\/\\\/www.huanyumotor.com\\\/wp-content\\\/uploads\\\/2025\\\/11\\\/16_1.jpg\",\"datePublished\":\"2025-11-12T02:25:11+00:00\",\"breadcrumb\":{\"@id\":\"https:\\\/\\\/www.huanyumotor.com\\\/product\\\/140-permanent-magnet-dc-brushless-motor-single-key-shaft\\\/#breadcrumb\"},\"inLanguage\":\"vi\",\"potentialAction\":[{\"@type\":\"ReadAction\",\"target\":[\"https:\\\/\\\/www.huanyumotor.com\\\/product\\\/140-permanent-magnet-dc-brushless-motor-single-key-shaft\\\/\"]}]},{\"@type\":\"ImageObject\",\"inLanguage\":\"vi\",\"@id\":\"https:\\\/\\\/www.huanyumotor.com\\\/product\\\/140-permanent-magnet-dc-brushless-motor-single-key-shaft\\\/#primaryimage\",\"url\":\"https:\\\/\\\/www.huanyumotor.com\\\/wp-content\\\/uploads\\\/2025\\\/11\\\/16_1.jpg\",\"contentUrl\":\"https:\\\/\\\/www.huanyumotor.com\\\/wp-content\\\/uploads\\\/2025\\\/11\\\/16_1.jpg\",\"width\":800,\"height\":800},{\"@type\":\"BreadcrumbList\",\"@id\":\"https:\\\/\\\/www.huanyumotor.com\\\/product\\\/140-permanent-magnet-dc-brushless-motor-single-key-shaft\\\/#breadcrumb\",\"itemListElement\":[{\"@type\":\"ListItem\",\"position\":1,\"name\":\"\u9996\u9875\",\"item\":\"https:\\\/\\\/www.huanyumotor.com\\\/\"},{\"@type\":\"ListItem\",\"position\":2,\"name\":\"Products\",\"item\":\"https:\\\/\\\/www.huanyumotor.com\\\/products\\\/\"},{\"@type\":\"ListItem\",\"position\":3,\"name\":\"140 Permanent Magnet DC Brushless Motor Single-Key Shaft\"}]},{\"@type\":\"WebSite\",\"@id\":\"https:\\\/\\\/www.huanyumotor.com\\\/#website\",\"url\":\"https:\\\/\\\/www.huanyumotor.com\\\/\",\"name\":\"Jining Huanzhongyu Electromechanical Co., Ltd.\",\"description\":\"\",\"publisher\":{\"@id\":\"https:\\\/\\\/www.huanyumotor.com\\\/#organization\"},\"potentialAction\":[{\"@type\":\"SearchAction\",\"target\":{\"@type\":\"EntryPoint\",\"urlTemplate\":\"https:\\\/\\\/www.huanyumotor.com\\\/?s={search_term_string}\"},\"query-input\":{\"@type\":\"PropertyValueSpecification\",\"valueRequired\":true,\"valueName\":\"search_term_string\"}}],\"inLanguage\":\"vi\"},{\"@type\":\"Organization\",\"@id\":\"https:\\\/\\\/www.huanyumotor.com\\\/#organization\",\"name\":\"Jining Huanzhongyu Electromechanical Co., Ltd.\",\"url\":\"https:\\\/\\\/www.huanyumotor.com\\\/\",\"logo\":{\"@type\":\"ImageObject\",\"inLanguage\":\"vi\",\"@id\":\"https:\\\/\\\/www.huanyumotor.com\\\/#\\\/schema\\\/logo\\\/image\\\/\",\"url\":\"https:\\\/\\\/www.huanyumotor.com\\\/wp-content\\\/uploads\\\/2025\\\/11\\\/logo.webp\",\"contentUrl\":\"https:\\\/\\\/www.huanyumotor.com\\\/wp-content\\\/uploads\\\/2025\\\/11\\\/logo.webp\",\"width\":468,\"height\":242,\"caption\":\"Jining Huanzhongyu Electromechanical Co., Ltd.\"},\"image\":{\"@id\":\"https:\\\/\\\/www.huanyumotor.com\\\/#\\\/schema\\\/logo\\\/image\\\/\"},\"sameAs\":[\"https:\\\/\\\/www.facebook.com\\\/profile.php?id=61579475484242&sk=grid\"]}]}<\/script>\n<!-- \/ Yoast SEO plugin. -->","yoast_head_json":{"title":"140 Permanent Magnet DC Brushless Motor Single-Key Shaft - Jining Huanzhongyu Electromechanical Co., Ltd.","robots":{"index":"index","follow":"follow","max-snippet":"max-snippet:-1","max-image-preview":"max-image-preview:large","max-video-preview":"max-video-preview:-1"},"canonical":"https:\/\/www.huanyumotor.com\/vi\/san-pham\/140-permanent-magnet-dc-brushless-motor-single-key-shaft\/","og_locale":"vi_VN","og_type":"article","og_title":"140 Permanent Magnet DC Brushless Motor Single-Key Shaft - Jining Huanzhongyu Electromechanical Co., Ltd.","og_description":"The 140 Square Wave Motor (Brushless DC Motor) is a high-power, high-speed, and high-torque motor. Its high torque and low speed make it ideal for heavy-duty cargo transportation. The power range of the 140 Square Wave Motor is 2500W to 4000W.","og_url":"https:\/\/www.huanyumotor.com\/vi\/san-pham\/140-permanent-magnet-dc-brushless-motor-single-key-shaft\/","og_site_name":"Jining Huanzhongyu Electromechanical Co., Ltd.","article_publisher":"https:\/\/www.facebook.com\/profile.php?id=61579475484242&sk=grid","og_image":[{"width":800,"height":800,"url":"https:\/\/www.huanyumotor.com\/wp-content\/uploads\/2025\/11\/16_1.jpg","type":"image\/jpeg"}],"twitter_card":"summary_large_image","twitter_misc":{"\u01af\u1edbc t\u00ednh th\u1eddi gian \u0111\u1ecdc":"2 ph\u00fat"},"schema":{"@context":"https:\/\/schema.org","@graph":[{"@type":"WebPage","@id":"https:\/\/www.huanyumotor.com\/product\/140-permanent-magnet-dc-brushless-motor-single-key-shaft\/","url":"https:\/\/www.huanyumotor.com\/product\/140-permanent-magnet-dc-brushless-motor-single-key-shaft\/","name":"140 Permanent Magnet DC Brushless Motor Single-Key Shaft - Jining Huanzhongyu Electromechanical Co., Ltd.","isPartOf":{"@id":"https:\/\/www.huanyumotor.com\/#website"},"primaryImageOfPage":{"@id":"https:\/\/www.huanyumotor.com\/product\/140-permanent-magnet-dc-brushless-motor-single-key-shaft\/#primaryimage"},"image":{"@id":"https:\/\/www.huanyumotor.com\/product\/140-permanent-magnet-dc-brushless-motor-single-key-shaft\/#primaryimage"},"thumbnailUrl":"https:\/\/www.huanyumotor.com\/wp-content\/uploads\/2025\/11\/16_1.jpg","datePublished":"2025-11-12T02:25:11+00:00","breadcrumb":{"@id":"https:\/\/www.huanyumotor.com\/product\/140-permanent-magnet-dc-brushless-motor-single-key-shaft\/#breadcrumb"},"inLanguage":"vi","potentialAction":[{"@type":"ReadAction","target":["https:\/\/www.huanyumotor.com\/product\/140-permanent-magnet-dc-brushless-motor-single-key-shaft\/"]}]},{"@type":"ImageObject","inLanguage":"vi","@id":"https:\/\/www.huanyumotor.com\/product\/140-permanent-magnet-dc-brushless-motor-single-key-shaft\/#primaryimage","url":"https:\/\/www.huanyumotor.com\/wp-content\/uploads\/2025\/11\/16_1.jpg","contentUrl":"https:\/\/www.huanyumotor.com\/wp-content\/uploads\/2025\/11\/16_1.jpg","width":800,"height":800},{"@type":"BreadcrumbList","@id":"https:\/\/www.huanyumotor.com\/product\/140-permanent-magnet-dc-brushless-motor-single-key-shaft\/#breadcrumb","itemListElement":[{"@type":"ListItem","position":1,"name":"\u9996\u9875","item":"https:\/\/www.huanyumotor.com\/"},{"@type":"ListItem","position":2,"name":"Products","item":"https:\/\/www.huanyumotor.com\/products\/"},{"@type":"ListItem","position":3,"name":"140 Permanent Magnet DC Brushless Motor Single-Key Shaft"}]},{"@type":"WebSite","@id":"https:\/\/www.huanyumotor.com\/#website","url":"https:\/\/www.huanyumotor.com\/","name":"C\u00f4ng ty TNHH \u0110i\u1ec7n c\u01a1 Jining Huanzhongyu.","description":"","publisher":{"@id":"https:\/\/www.huanyumotor.com\/#organization"},"potentialAction":[{"@type":"SearchAction","target":{"@type":"EntryPoint","urlTemplate":"https:\/\/www.huanyumotor.com\/?s={search_term_string}"},"query-input":{"@type":"PropertyValueSpecification","valueRequired":true,"valueName":"search_term_string"}}],"inLanguage":"vi"},{"@type":"Organization","@id":"https:\/\/www.huanyumotor.com\/#organization","name":"C\u00f4ng ty TNHH \u0110i\u1ec7n c\u01a1 Jining Huanzhongyu.","url":"https:\/\/www.huanyumotor.com\/","logo":{"@type":"ImageObject","inLanguage":"vi","@id":"https:\/\/www.huanyumotor.com\/#\/schema\/logo\/image\/","url":"https:\/\/www.huanyumotor.com\/wp-content\/uploads\/2025\/11\/logo.webp","contentUrl":"https:\/\/www.huanyumotor.com\/wp-content\/uploads\/2025\/11\/logo.webp","width":468,"height":242,"caption":"Jining Huanzhongyu Electromechanical Co., Ltd."},"image":{"@id":"https:\/\/www.huanyumotor.com\/#\/schema\/logo\/image\/"},"sameAs":["https:\/\/www.facebook.com\/profile.php?id=61579475484242&sk=grid"]}]}},"_links":{"self":[{"href":"https:\/\/www.huanyumotor.com\/vi\/wp-json\/wp\/v2\/product\/621","targetHints":{"allow":["GET"]}}],"collection":[{"href":"https:\/\/www.huanyumotor.com\/vi\/wp-json\/wp\/v2\/product"}],"about":[{"href":"https:\/\/www.huanyumotor.com\/vi\/wp-json\/wp\/v2\/types\/product"}],"wp:featuredmedia":[{"embeddable":true,"href":"https:\/\/www.huanyumotor.com\/vi\/wp-json\/wp\/v2\/media\/622"}],"wp:attachment":[{"href":"https:\/\/www.huanyumotor.com\/vi\/wp-json\/wp\/v2\/media?parent=621"}],"wp:term":[{"taxonomy":"product_brand","embeddable":true,"href":"https:\/\/www.huanyumotor.com\/vi\/wp-json\/wp\/v2\/product_brand?post=621"},{"taxonomy":"product_cat","embeddable":true,"href":"https:\/\/www.huanyumotor.com\/vi\/wp-json\/wp\/v2\/product_cat?post=621"},{"taxonomy":"product_tag","embeddable":true,"href":"https:\/\/www.huanyumotor.com\/vi\/wp-json\/wp\/v2\/product_tag?post=621"}],"curies":[{"name":"wp","href":"https:\/\/api.w.org\/{rel}","templated":true}]}}