{"id":639,"date":"2025-11-12T10:29:15","date_gmt":"2025-11-12T02:29:15","guid":{"rendered":"http:\/\/www.huanyumotor.com\/?post_type=product&#038;p=639"},"modified":"2025-11-12T10:29:15","modified_gmt":"2025-11-12T02:29:15","slug":"120-central-reduction-brushless-dc-motor","status":"publish","type":"product","link":"https:\/\/www.huanyumotor.com\/vi\/san-pham\/120-central-reduction-brushless-dc-motor\/","title":{"rendered":"\u0110\u1ed9ng c\u01a1 DC kh\u00f4ng ch\u1ed5i than gi\u1ea3m t\u1ed1c trung t\u00e2m 120"},"content":{"rendered":"<p>V\u1ecf \u0111\u00fac nguy\u00ean kh\u1ed1i, th\u00e2n b\u1eb1ng h\u1ee3p kim nh\u00f4m c\u01b0\u1eddng \u0111\u1ed9 cao, thi\u1ebft k\u1ebf t\u1ea3n nhi\u1ec7t ch\u00ednh x\u00e1c, c\u1ea5u tr\u00fac truy\u1ec1n \u0111\u1ed9ng ch\u1ecbu t\u1ea3i n\u1eb7ng, t\u1ef7 s\u1ed1 truy\u1ec1n 1:6; tr\u1ee5c m\u1edf r\u1ed9ng \u00d819mm m\u1ed9t tr\u1ee5c, m\u00f4-men xo\u1eafn c\u1ef1c \u0111\u1ea1i cao, th\u00edch h\u1ee3p cho d\u1ed1c cao v\u00e0 t\u1ea3i n\u1eb7ng, c\u00f4ng ngh\u1ec7 l\u00e0m k\u00edn IP54 (c\u1ea5u tr\u00fac v\u1ecf li\u1ec1n m\u1ea1ch), ch\u1ed1ng g\u1ec9 v\u00e0 ch\u1ed1ng \u0103n m\u00f2n, ho\u1ea1t \u0111\u1ed9ng trong m\u00f4i tr\u01b0\u1eddng t\u1eeb -40\u2103 \u0111\u1ebfn 55\u2103, gi\u00e1 \u0111\u1ee1 l\u1eafp m\u1eb7t b\u00edch ti\u00eau chu\u1ea9n (v\u1ecb tr\u00ed l\u1ed7 bu l\u00f4ng nh\u01b0 trong h\u00ecnh), t\u01b0\u01a1ng th\u00edch v\u1edbi c\u00e1c \u0111i\u1ec7n \u00e1p to\u00e0n c\u1ea7u 48V\/60V\/72V. Ph\u00f9 h\u1ee3p v\u1edbi truy\u1ec1n \u0111\u1ed9ng x\u00edch, th\u01b0\u1eddng \u0111\u01b0\u1ee3c s\u1eed d\u1ee5ng trong xe ba b\u00e1nh leo n\u00fai ho\u1eb7c xe \u0111\u00e3 \u0111\u01b0\u1ee3c \u0111\u1ed9 l\u1ea1i<\/p>\n<table width=\"701\">\n<tbody>\n<tr>\n<td colspan=\"4\" width=\"701\">C\u00e1c th\u00f4ng s\u1ed1 k\u1ef9 thu\u1eadt c\u1ee7a s\u1ea3n ph\u1ea9m<\/td>\n<\/tr>\n<tr>\n<td width=\"129\">\u0111i\u1ec7n \u00e1p \u0111\u1ecbnh m\u1ee9c<\/td>\n<td width=\"224\">48V~72V<\/td>\n<td width=\"151\">c\u00f4ng su\u1ea5t \u0111\u1ecbnh m\u1ee9c<\/td>\n<td width=\"197\">350W\u20131800W<\/td>\n<\/tr>\n<tr>\n<td>S\u1ed1 pha \u0111\u1ed9ng c\u01a1<\/td>\n<td>Ba pha<\/td>\n<td width=\"151\">t\u1ed1c \u0111\u1ed9 \u0111\u1ecbnh m\u1ee9c<\/td>\n<td width=\"197\">500 v\u00f2ng\/ph\u00fat<\/td>\n<\/tr>\n<tr>\n<td width=\"129\">chi\u1ec1u cao c\u00e1nh qu\u1ea1t<\/td>\n<td width=\"224\">25 mm~80 mm<\/td>\n<td width=\"151\">Lo\u1ea1i nam ch\u00e2m<\/td>\n<td width=\"197\">38H<\/td>\n<\/tr>\n<tr>\n<td width=\"129\">M\u00e0u \u0111\u1ed9ng c\u01a1<\/td>\n<td width=\"224\">B\u1ea1c, \u0110en<\/td>\n<td width=\"151\">tr\u1ee5c \u0111\u1ed9ng c\u01a1<\/td>\n<td width=\"197\">Tr\u1ee5c b\u00e1nh r\u0103ng \u0111\u01a1n, tr\u1ee5c b\u00e1nh x\u00edch<\/td>\n<\/tr>\n<tr>\n<td width=\"129\">ph\u00e2n lo\u1ea1i nhi\u1ec7t<\/td>\n<td width=\"224\">F<\/td>\n<td width=\"151\">c\u1ea3m bi\u1ebfn v\u1ecb tr\u00ed<\/td>\n<td width=\"197\">C\u1ed5ng (5 ch\u00e2n)<\/td>\n<\/tr>\n<tr>\n<td width=\"129\">M\u1ee9c \u0111\u1ed9 b\u1ea3o v\u1ec7<\/td>\n<td width=\"224\">IP54 (350W\u20131800W)<\/td>\n<td width=\"151\">Ph\u01b0\u01a1ng ph\u00e1p \u0111i\u1ec1u khi\u1ec3n<\/td>\n<td width=\"197\">\u0110i\u1ec1u khi\u1ec3n s\u00f3ng vu\u00f4ng<\/td>\n<\/tr>\n<tr>\n<td width=\"129\">\u00a0 c\u1eb7p c\u1ef1c<\/td>\n<td width=\"224\">4<\/td>\n<td width=\"151\">h\u1ec7 th\u1ed1ng \u0111ang ho\u1ea1t \u0111\u1ed9ng<\/td>\n<td width=\"197\">Ph\u1ea7n 2, 60 ph\u00fat<\/td>\n<\/tr>\n<tr>\n<td>T\u1ef7 s\u1ed1 truy\u1ec1n<\/td>\n<td>1:6<\/td>\n<td>Ph\u01b0\u01a1ng ph\u00e1p l\u1eafp \u0111\u1eb7t<\/td>\n<td>B3\/ B5<\/td>\n<\/tr>\n<\/tbody>\n<\/table>\n<p>M\u00f4i tr\u01b0\u1eddng ho\u1ea1t \u0111\u1ed9ng c\u1ee7a s\u1ea3n ph\u1ea9m<\/p>\n<table style=\"border-collapse: collapse; width: 264.77pt;\" border=\"0\" width=\"353\" cellspacing=\"0\" cellpadding=\"0\">\n<tbody>\n<tr style=\"height: 51.75pt;\">\n<td class=\"et2\" style=\"height: 51.75pt; width: 96.75pt;\" width=\"129\" height=\"69\">Ph\u1ea1m vi nhi\u1ec7t \u0111\u1ed9 b\u1ea3o qu\u1ea3n<\/td>\n<td class=\"et2\" style=\"width: 168.00pt;\" width=\"224\">-40\u00b0C \u0111\u1ebfn 85\u00b0C<\/td>\n<\/tr>\n<tr style=\"height: 51.75pt;\">\n<td class=\"et2\" style=\"height: 51.75pt; width: 96.75pt;\" width=\"129\" height=\"69\">Ph\u1ea1m vi nhi\u1ec7t \u0111\u1ed9 ho\u1ea1t \u0111\u1ed9ng<\/td>\n<td class=\"et2\" style=\"width: 168.00pt;\" width=\"224\">\u0110\u1ed9ng c\u01a1: -40\u00b0C \u0111\u1ebfn 55\u00b0C<\/td>\n<\/tr>\n<tr style=\"height: 17.25pt;\">\n<td class=\"et2\" style=\"height: 17.25pt; width: 96.75pt;\" width=\"129\" height=\"23\">\u0111\u1ed9 \u1ea9m<\/td>\n<td class=\"et2\" style=\"width: 168.00pt;\" width=\"224\">0\u201395%<\/td>\n<\/tr>\n<\/tbody>\n<\/table>","protected":false},"excerpt":{"rendered":"<p>V\u1ecf \u0111\u00fac nguy\u00ean kh\u1ed1i, th\u00e2n b\u1eb1ng h\u1ee3p kim nh\u00f4m c\u01b0\u1eddng \u0111\u1ed9 cao, thi\u1ebft k\u1ebf t\u1ea3n nhi\u1ec7t ch\u00ednh x\u00e1c, c\u1ea5u tr\u00fac truy\u1ec1n \u0111\u1ed9ng ch\u1ecbu t\u1ea3i n\u1eb7ng, t\u1ef7 s\u1ed1 truy\u1ec1n 1:6; tr\u1ee5c m\u1edf r\u1ed9ng \u00d819mm m\u1ed9t tr\u1ee5c, m\u00f4-men xo\u1eafn c\u1ef1c \u0111\u1ea1i cao, th\u00edch h\u1ee3p cho d\u1ed1c cao v\u00e0 t\u1ea3i n\u1eb7ng, c\u00f4ng ngh\u1ec7 l\u00e0m k\u00edn IP54 (c\u1ea5u tr\u00fac v\u1ecf li\u1ec1n m\u1ea1ch), ch\u1ed1ng g\u1ec9 v\u00e0 ch\u1ed1ng \u0103n m\u00f2n, ho\u1ea1t \u0111\u1ed9ng trong m\u00f4i tr\u01b0\u1eddng t\u1eeb -40\u2103 \u0111\u1ebfn 55\u2103, gi\u00e1 \u0111\u1ee1 l\u1eafp m\u1eb7t b\u00edch ti\u00eau chu\u1ea9n (v\u1ecb tr\u00ed l\u1ed7 bu l\u00f4ng nh\u01b0 trong h\u00ecnh), t\u01b0\u01a1ng th\u00edch v\u1edbi c\u00e1c \u0111i\u1ec7n \u00e1p to\u00e0n c\u1ea7u 48V\/60V\/72V. Ph\u00f9 h\u1ee3p v\u1edbi truy\u1ec1n \u0111\u1ed9ng x\u00edch, th\u01b0\u1eddng \u0111\u01b0\u1ee3c s\u1eed d\u1ee5ng trong xe ba b\u00e1nh leo n\u00fai ho\u1eb7c xe \u0111\u00e3 \u0111\u01b0\u1ee3c \u0111\u1ed9 l\u1ea1i<\/p>","protected":false},"featured_media":640,"template":"","meta":{"site-sidebar-layout":"default","site-content-layout":"default","ast-site-content-layout":"default","site-content-style":"default","site-sidebar-style":"default","ast-global-header-display":"","ast-banner-title-visibility":"","ast-main-header-display":"","ast-hfb-above-header-display":"","ast-hfb-below-header-display":"","ast-hfb-mobile-header-display":"","site-post-title":"","ast-breadcrumbs-content":"","ast-featured-img":"","footer-sml-layout":"","ast-disable-related-posts":"","theme-transparent-header-meta":"default","adv-header-id-meta":"","stick-header-meta":"","header-above-stick-meta":"","header-main-stick-meta":"","header-below-stick-meta":"","astra-migrate-meta-layouts":"default","ast-page-background-enabled":"default","ast-page-background-meta":{"desktop":{"background-color":"","background-image":"","background-repeat":"repeat","background-position":"center center","background-size":"auto","background-attachment":"scroll","background-type":"","background-media":"","overlay-type":"","overlay-color":"","overlay-opacity":"","overlay-gradient":""},"tablet":{"background-color":"","background-image":"","background-repeat":"repeat","background-position":"center center","background-size":"auto","background-attachment":"scroll","background-type":"","background-media":"","overlay-type":"","overlay-color":"","overlay-opacity":"","overlay-gradient":""},"mobile":{"background-color":"","background-image":"","background-repeat":"repeat","background-position":"center center","background-size":"auto","background-attachment":"scroll","background-type":"","background-media":"","overlay-type":"","overlay-color":"","overlay-opacity":"","overlay-gradient":""}},"ast-content-background-meta":{"desktop":{"background-color":"var(--ast-global-color-5)","background-image":"","background-repeat":"repeat","background-position":"center center","background-size":"auto","background-attachment":"scroll","background-type":"","background-media":"","overlay-type":"","overlay-color":"","overlay-opacity":"","overlay-gradient":""},"tablet":{"background-color":"var(--ast-global-color-5)","background-image":"","background-repeat":"repeat","background-position":"center center","background-size":"auto","background-attachment":"scroll","background-type":"","background-media":"","overlay-type":"","overlay-color":"","overlay-opacity":"","overlay-gradient":""},"mobile":{"background-color":"var(--ast-global-color-5)","background-image":"","background-repeat":"repeat","background-position":"center center","background-size":"auto","background-attachment":"scroll","background-type":"","background-media":"","overlay-type":"","overlay-color":"","overlay-opacity":"","overlay-gradient":""}}},"product_brand":[],"product_cat":[24],"product_tag":[],"class_list":{"0":"post-639","1":"product","2":"type-product","3":"status-publish","4":"has-post-thumbnail","6":"product_cat-permanent-magnet-brushless-dc-motor","7":"desktop-align-left","8":"tablet-align-left","9":"mobile-align-left","10":"ast-product-gallery-layout-vertical-slider","11":"ast-product-tabs-layout-horizontal","13":"first","14":"instock","15":"shipping-taxable","16":"product-type-simple"},"yoast_head":"<!-- This site is optimized with the Yoast SEO plugin v27.4 - https:\/\/yoast.com\/product\/yoast-seo-wordpress\/ -->\n<title>120 Central Reduction Brushless DC Motor - Jining Huanzhongyu Electromechanical Co., Ltd.<\/title>\n<meta name=\"robots\" content=\"index, follow, max-snippet:-1, max-image-preview:large, max-video-preview:-1\" \/>\n<link rel=\"canonical\" href=\"https:\/\/www.huanyumotor.com\/vi\/san-pham\/120-central-reduction-brushless-dc-motor\/\" \/>\n<meta property=\"og:locale\" content=\"vi_VN\" \/>\n<meta property=\"og:type\" content=\"article\" \/>\n<meta property=\"og:title\" content=\"120 Central Reduction Brushless DC Motor - Jining Huanzhongyu Electromechanical Co., Ltd.\" \/>\n<meta property=\"og:description\" content=\"One-piece die-cast housing, high-strength aluminum alloy body, precision heat dissipation design, heavy-duty power structure, 1:6 gear reduction ratio; single-shaft \u00d819mm shaft extension, high peak torque, suitable for steep slopes and heavy loads, IP54 sealing technology (seamless housing structure), rust-resistant and corrosion-resistant, operates in -40\u2103 to 55\u2103 environments, standardized flange mounting bracket (bolt hole positions as shown in the figure), compatible with 48V\/60V\/72V global voltages. Suitable for chain drive, commonly used in mountain trikes or modified vehicles\" \/>\n<meta property=\"og:url\" content=\"https:\/\/www.huanyumotor.com\/vi\/san-pham\/120-central-reduction-brushless-dc-motor\/\" \/>\n<meta property=\"og:site_name\" content=\"Jining Huanzhongyu Electromechanical Co., Ltd.\" \/>\n<meta property=\"article:publisher\" content=\"https:\/\/www.facebook.com\/profile.php?id=61579475484242&amp;sk=grid\" \/>\n<meta property=\"og:image\" content=\"https:\/\/www.huanyumotor.com\/wp-content\/uploads\/2025\/11\/11_1.jpg\" \/>\n\t<meta property=\"og:image:width\" content=\"800\" \/>\n\t<meta property=\"og:image:height\" content=\"800\" \/>\n\t<meta property=\"og:image:type\" content=\"image\/jpeg\" \/>\n<meta name=\"twitter:card\" content=\"summary_large_image\" \/>\n<meta name=\"twitter:label1\" content=\"\u01af\u1edbc t\u00ednh th\u1eddi gian \u0111\u1ecdc\" \/>\n\t<meta name=\"twitter:data1\" content=\"1 ph\u00fat\" \/>\n<script type=\"application\/ld+json\" class=\"yoast-schema-graph\">{\"@context\":\"https:\\\/\\\/schema.org\",\"@graph\":[{\"@type\":\"WebPage\",\"@id\":\"https:\\\/\\\/www.huanyumotor.com\\\/product\\\/120-central-reduction-brushless-dc-motor\\\/\",\"url\":\"https:\\\/\\\/www.huanyumotor.com\\\/product\\\/120-central-reduction-brushless-dc-motor\\\/\",\"name\":\"120 Central Reduction Brushless DC Motor - Jining Huanzhongyu Electromechanical Co., Ltd.\",\"isPartOf\":{\"@id\":\"https:\\\/\\\/www.huanyumotor.com\\\/#website\"},\"primaryImageOfPage\":{\"@id\":\"https:\\\/\\\/www.huanyumotor.com\\\/product\\\/120-central-reduction-brushless-dc-motor\\\/#primaryimage\"},\"image\":{\"@id\":\"https:\\\/\\\/www.huanyumotor.com\\\/product\\\/120-central-reduction-brushless-dc-motor\\\/#primaryimage\"},\"thumbnailUrl\":\"https:\\\/\\\/www.huanyumotor.com\\\/wp-content\\\/uploads\\\/2025\\\/11\\\/11_1.jpg\",\"datePublished\":\"2025-11-12T02:29:15+00:00\",\"breadcrumb\":{\"@id\":\"https:\\\/\\\/www.huanyumotor.com\\\/product\\\/120-central-reduction-brushless-dc-motor\\\/#breadcrumb\"},\"inLanguage\":\"vi\",\"potentialAction\":[{\"@type\":\"ReadAction\",\"target\":[\"https:\\\/\\\/www.huanyumotor.com\\\/product\\\/120-central-reduction-brushless-dc-motor\\\/\"]}]},{\"@type\":\"ImageObject\",\"inLanguage\":\"vi\",\"@id\":\"https:\\\/\\\/www.huanyumotor.com\\\/product\\\/120-central-reduction-brushless-dc-motor\\\/#primaryimage\",\"url\":\"https:\\\/\\\/www.huanyumotor.com\\\/wp-content\\\/uploads\\\/2025\\\/11\\\/11_1.jpg\",\"contentUrl\":\"https:\\\/\\\/www.huanyumotor.com\\\/wp-content\\\/uploads\\\/2025\\\/11\\\/11_1.jpg\",\"width\":800,\"height\":800},{\"@type\":\"BreadcrumbList\",\"@id\":\"https:\\\/\\\/www.huanyumotor.com\\\/product\\\/120-central-reduction-brushless-dc-motor\\\/#breadcrumb\",\"itemListElement\":[{\"@type\":\"ListItem\",\"position\":1,\"name\":\"\u9996\u9875\",\"item\":\"https:\\\/\\\/www.huanyumotor.com\\\/\"},{\"@type\":\"ListItem\",\"position\":2,\"name\":\"Products\",\"item\":\"https:\\\/\\\/www.huanyumotor.com\\\/products\\\/\"},{\"@type\":\"ListItem\",\"position\":3,\"name\":\"120 Central Reduction Brushless DC Motor\"}]},{\"@type\":\"WebSite\",\"@id\":\"https:\\\/\\\/www.huanyumotor.com\\\/#website\",\"url\":\"https:\\\/\\\/www.huanyumotor.com\\\/\",\"name\":\"Jining Huanzhongyu Electromechanical Co., Ltd.\",\"description\":\"\",\"publisher\":{\"@id\":\"https:\\\/\\\/www.huanyumotor.com\\\/#organization\"},\"potentialAction\":[{\"@type\":\"SearchAction\",\"target\":{\"@type\":\"EntryPoint\",\"urlTemplate\":\"https:\\\/\\\/www.huanyumotor.com\\\/?s={search_term_string}\"},\"query-input\":{\"@type\":\"PropertyValueSpecification\",\"valueRequired\":true,\"valueName\":\"search_term_string\"}}],\"inLanguage\":\"vi\"},{\"@type\":\"Organization\",\"@id\":\"https:\\\/\\\/www.huanyumotor.com\\\/#organization\",\"name\":\"Jining Huanzhongyu Electromechanical Co., Ltd.\",\"url\":\"https:\\\/\\\/www.huanyumotor.com\\\/\",\"logo\":{\"@type\":\"ImageObject\",\"inLanguage\":\"vi\",\"@id\":\"https:\\\/\\\/www.huanyumotor.com\\\/#\\\/schema\\\/logo\\\/image\\\/\",\"url\":\"https:\\\/\\\/www.huanyumotor.com\\\/wp-content\\\/uploads\\\/2025\\\/11\\\/logo.webp\",\"contentUrl\":\"https:\\\/\\\/www.huanyumotor.com\\\/wp-content\\\/uploads\\\/2025\\\/11\\\/logo.webp\",\"width\":468,\"height\":242,\"caption\":\"Jining Huanzhongyu Electromechanical Co., Ltd.\"},\"image\":{\"@id\":\"https:\\\/\\\/www.huanyumotor.com\\\/#\\\/schema\\\/logo\\\/image\\\/\"},\"sameAs\":[\"https:\\\/\\\/www.facebook.com\\\/profile.php?id=61579475484242&sk=grid\"]}]}<\/script>\n<!-- \/ Yoast SEO plugin. -->","yoast_head_json":{"title":"120 Central Reduction Brushless DC Motor - Jining Huanzhongyu Electromechanical Co., Ltd.","robots":{"index":"index","follow":"follow","max-snippet":"max-snippet:-1","max-image-preview":"max-image-preview:large","max-video-preview":"max-video-preview:-1"},"canonical":"https:\/\/www.huanyumotor.com\/vi\/san-pham\/120-central-reduction-brushless-dc-motor\/","og_locale":"vi_VN","og_type":"article","og_title":"120 Central Reduction Brushless DC Motor - Jining Huanzhongyu Electromechanical Co., Ltd.","og_description":"One-piece die-cast housing, high-strength aluminum alloy body, precision heat dissipation design, heavy-duty power structure, 1:6 gear reduction ratio; single-shaft \u00d819mm shaft extension, high peak torque, suitable for steep slopes and heavy loads, IP54 sealing technology (seamless housing structure), rust-resistant and corrosion-resistant, operates in -40\u2103 to 55\u2103 environments, standardized flange mounting bracket (bolt hole positions as shown in the figure), compatible with 48V\/60V\/72V global voltages. Suitable for chain drive, commonly used in mountain trikes or modified vehicles","og_url":"https:\/\/www.huanyumotor.com\/vi\/san-pham\/120-central-reduction-brushless-dc-motor\/","og_site_name":"Jining Huanzhongyu Electromechanical Co., Ltd.","article_publisher":"https:\/\/www.facebook.com\/profile.php?id=61579475484242&sk=grid","og_image":[{"width":800,"height":800,"url":"https:\/\/www.huanyumotor.com\/wp-content\/uploads\/2025\/11\/11_1.jpg","type":"image\/jpeg"}],"twitter_card":"summary_large_image","twitter_misc":{"\u01af\u1edbc t\u00ednh th\u1eddi gian \u0111\u1ecdc":"1 ph\u00fat"},"schema":{"@context":"https:\/\/schema.org","@graph":[{"@type":"WebPage","@id":"https:\/\/www.huanyumotor.com\/product\/120-central-reduction-brushless-dc-motor\/","url":"https:\/\/www.huanyumotor.com\/product\/120-central-reduction-brushless-dc-motor\/","name":"120 Central Reduction Brushless DC Motor - Jining Huanzhongyu Electromechanical Co., Ltd.","isPartOf":{"@id":"https:\/\/www.huanyumotor.com\/#website"},"primaryImageOfPage":{"@id":"https:\/\/www.huanyumotor.com\/product\/120-central-reduction-brushless-dc-motor\/#primaryimage"},"image":{"@id":"https:\/\/www.huanyumotor.com\/product\/120-central-reduction-brushless-dc-motor\/#primaryimage"},"thumbnailUrl":"https:\/\/www.huanyumotor.com\/wp-content\/uploads\/2025\/11\/11_1.jpg","datePublished":"2025-11-12T02:29:15+00:00","breadcrumb":{"@id":"https:\/\/www.huanyumotor.com\/product\/120-central-reduction-brushless-dc-motor\/#breadcrumb"},"inLanguage":"vi","potentialAction":[{"@type":"ReadAction","target":["https:\/\/www.huanyumotor.com\/product\/120-central-reduction-brushless-dc-motor\/"]}]},{"@type":"ImageObject","inLanguage":"vi","@id":"https:\/\/www.huanyumotor.com\/product\/120-central-reduction-brushless-dc-motor\/#primaryimage","url":"https:\/\/www.huanyumotor.com\/wp-content\/uploads\/2025\/11\/11_1.jpg","contentUrl":"https:\/\/www.huanyumotor.com\/wp-content\/uploads\/2025\/11\/11_1.jpg","width":800,"height":800},{"@type":"BreadcrumbList","@id":"https:\/\/www.huanyumotor.com\/product\/120-central-reduction-brushless-dc-motor\/#breadcrumb","itemListElement":[{"@type":"ListItem","position":1,"name":"\u9996\u9875","item":"https:\/\/www.huanyumotor.com\/"},{"@type":"ListItem","position":2,"name":"Products","item":"https:\/\/www.huanyumotor.com\/products\/"},{"@type":"ListItem","position":3,"name":"120 Central Reduction Brushless DC Motor"}]},{"@type":"WebSite","@id":"https:\/\/www.huanyumotor.com\/#website","url":"https:\/\/www.huanyumotor.com\/","name":"C\u00f4ng ty TNHH \u0110i\u1ec7n c\u01a1 Jining Huanzhongyu.","description":"","publisher":{"@id":"https:\/\/www.huanyumotor.com\/#organization"},"potentialAction":[{"@type":"SearchAction","target":{"@type":"EntryPoint","urlTemplate":"https:\/\/www.huanyumotor.com\/?s={search_term_string}"},"query-input":{"@type":"PropertyValueSpecification","valueRequired":true,"valueName":"search_term_string"}}],"inLanguage":"vi"},{"@type":"Organization","@id":"https:\/\/www.huanyumotor.com\/#organization","name":"C\u00f4ng ty TNHH \u0110i\u1ec7n c\u01a1 Jining Huanzhongyu.","url":"https:\/\/www.huanyumotor.com\/","logo":{"@type":"ImageObject","inLanguage":"vi","@id":"https:\/\/www.huanyumotor.com\/#\/schema\/logo\/image\/","url":"https:\/\/www.huanyumotor.com\/wp-content\/uploads\/2025\/11\/logo.webp","contentUrl":"https:\/\/www.huanyumotor.com\/wp-content\/uploads\/2025\/11\/logo.webp","width":468,"height":242,"caption":"Jining Huanzhongyu Electromechanical Co., Ltd."},"image":{"@id":"https:\/\/www.huanyumotor.com\/#\/schema\/logo\/image\/"},"sameAs":["https:\/\/www.facebook.com\/profile.php?id=61579475484242&sk=grid"]}]}},"_links":{"self":[{"href":"https:\/\/www.huanyumotor.com\/vi\/wp-json\/wp\/v2\/product\/639","targetHints":{"allow":["GET"]}}],"collection":[{"href":"https:\/\/www.huanyumotor.com\/vi\/wp-json\/wp\/v2\/product"}],"about":[{"href":"https:\/\/www.huanyumotor.com\/vi\/wp-json\/wp\/v2\/types\/product"}],"wp:featuredmedia":[{"embeddable":true,"href":"https:\/\/www.huanyumotor.com\/vi\/wp-json\/wp\/v2\/media\/640"}],"wp:attachment":[{"href":"https:\/\/www.huanyumotor.com\/vi\/wp-json\/wp\/v2\/media?parent=639"}],"wp:term":[{"taxonomy":"product_brand","embeddable":true,"href":"https:\/\/www.huanyumotor.com\/vi\/wp-json\/wp\/v2\/product_brand?post=639"},{"taxonomy":"product_cat","embeddable":true,"href":"https:\/\/www.huanyumotor.com\/vi\/wp-json\/wp\/v2\/product_cat?post=639"},{"taxonomy":"product_tag","embeddable":true,"href":"https:\/\/www.huanyumotor.com\/vi\/wp-json\/wp\/v2\/product_tag?post=639"}],"curies":[{"name":"wp","href":"https:\/\/api.w.org\/{rel}","templated":true}]}}