{"id":650,"date":"2025-11-12T10:31:54","date_gmt":"2025-11-12T02:31:54","guid":{"rendered":"http:\/\/www.huanyumotor.com\/?post_type=product&#038;p=650"},"modified":"2025-11-12T10:31:54","modified_gmt":"2025-11-12T02:31:54","slug":"120-series-special-permanent-magnet-dc-brushless-motor-for-crawler-chassis-vehicle","status":"publish","type":"product","link":"https:\/\/www.huanyumotor.com\/vi\/san-pham\/120-series-special-permanent-magnet-dc-brushless-motor-for-crawler-chassis-vehicle\/","title":{"rendered":"\u0110\u1ed9ng c\u01a1 DC kh\u00f4ng ch\u1ed5i than v\u0129nh c\u1eedu t\u1eeb t\u00ednh \u0111\u1eb7c bi\u1ec7t series 120 cho xe c\u00f3 khung g\u1ea7m b\u00f2"},"content":{"rendered":"<p>\u0110\u1ed9ng c\u01a1 DC kh\u00f4ng ch\u1ed5i than nam ch\u00e2m v\u0129nh c\u1eedu d\u1ea1ng s\u00f3ng vu\u00f4ng RV series 120 \u0111\u01b0\u1ee3c thi\u1ebft k\u1ebf ri\u00eang \u0111\u1ec3 \u0111\u00e1p \u1ee9ng c\u00e1c y\u00eau c\u1ea7u v\u1ec1 hi\u1ec7u su\u1ea5t c\u1ee7a xe khung g\u1ea7m x\u00edch v\u00e0 xe th\u00f4ng minh kh\u00f4ng ng\u01b0\u1eddi l\u00e1i. \u0110\u1ed9ng c\u01a1 n\u00e0y n\u1ed5i b\u1eadt tr\u00ean th\u1ecb tr\u01b0\u1eddng nh\u1edd \u0111\u1ed9 \u1ed5n \u0111\u1ecbnh v\u00e0 hi\u1ec7u su\u1ea5t n\u0103ng l\u01b0\u1ee3ng v\u01b0\u1ee3t tr\u1ed9i. S\u1ea3n ph\u1ea9m s\u1eed d\u1ee5ng v\u1eadt li\u1ec7u nam ch\u00e2m v\u0129nh c\u1eedu ti\u00ean ti\u1ebfn \u0111\u1ec3 cung c\u1ea5p c\u00f4ng su\u1ea5t m\u1ea1nh m\u1ebd v\u00e0 b\u1ec1n b\u1ec9, d\u1ec5 d\u00e0ng v\u1eadn h\u00e0nh tr\u00ean \u0111\u1ecba h\u00ecnh \u0111\u1ed3i n\u00fai v\u00e0 b\u00f9n l\u1ea7y. Thi\u1ebft k\u1ebf c\u1ea5u tr\u00fac nh\u1ecf g\u1ecdn gi\u00fap l\u1eafp \u0111\u1eb7t d\u1ec5 d\u00e0ng \u0111\u1ed3ng th\u1eddi duy tr\u00ec \u0111\u1ed9 \u1ed3n v\u00e0 rung \u0111\u1ed9ng th\u1ea5p trong qu\u00e1 tr\u00ecnh v\u1eadn h\u00e0nh xe, mang \u0111\u1ebfn cho ng\u01b0\u1eddi d\u00f9ng tr\u1ea3i nghi\u1ec7m l\u00e1i xe tho\u1ea3i m\u00e1i. \u0110\u1ed9ng c\u01a1 DC kh\u00f4ng ch\u1ed5i than nam ch\u00e2m v\u0129nh c\u1eedu HuanYu 120 l\u00e0 s\u1ef1 l\u1ef1a ch\u1ecdn l\u00fd t\u01b0\u1edfng cho c\u00e1c ph\u01b0\u01a1ng ti\u1ec7n ch\u1ea1y x\u00edch \u0111i\u1ec7n v\u00e0 m\u00e1y c\u1eaft c\u1ecf \u0111i\u1ec7n c\u1ee7a b\u1ea1n.<\/p>\n<table width=\"701\">\n<tbody>\n<tr>\n<td colspan=\"4\" width=\"701\">C\u00e1c th\u00f4ng s\u1ed1 k\u1ef9 thu\u1eadt c\u1ee7a s\u1ea3n ph\u1ea9m<\/td>\n<\/tr>\n<tr>\n<td width=\"129\">\u0111i\u1ec7n \u00e1p \u0111\u1ecbnh m\u1ee9c<\/td>\n<td width=\"224\">24V\/36V\/48V\/60V\/72V\/80V<\/td>\n<td width=\"151\">c\u00f4ng su\u1ea5t \u0111\u1ecbnh m\u1ee9c<\/td>\n<td width=\"197\">350 W\u20131.800 W<\/td>\n<\/tr>\n<tr>\n<td>S\u1ed1 pha \u0111\u1ed9ng c\u01a1<\/td>\n<td>Ba pha<\/td>\n<td width=\"151\">t\u1ed1c \u0111\u1ed9 \u0111\u1ecbnh m\u1ee9c<\/td>\n<td width=\"197\">1.500 v\u00f2ng\/ph\u00fat\/3.000 v\u00f2ng\/ph\u00fat<\/td>\n<\/tr>\n<tr>\n<td width=\"129\">chi\u1ec1u cao c\u00e1nh qu\u1ea1t<\/td>\n<td width=\"224\">25 mm~80 mm<\/td>\n<td width=\"151\">Lo\u1ea1i nam ch\u00e2m<\/td>\n<td width=\"197\">38H<\/td>\n<\/tr>\n<tr>\n<td width=\"129\">M\u00e0u \u0111\u1ed9ng c\u01a1<\/td>\n<td width=\"224\">B\u1ea1c<\/td>\n<td width=\"151\">tr\u1ee5c \u0111\u1ed9ng c\u01a1<\/td>\n<td>Tr\u1ee5c c\u00f3 r\u00e3nh (theo y\u00eau c\u1ea7u)<\/td>\n<\/tr>\n<tr>\n<td width=\"129\">ph\u00e2n lo\u1ea1i nhi\u1ec7t<\/td>\n<td width=\"224\">F<\/td>\n<td width=\"151\">c\u1ea3m bi\u1ebfn v\u1ecb tr\u00ed<\/td>\n<td width=\"197\">C\u1ed5ng (5 ch\u00e2n)<\/td>\n<\/tr>\n<tr>\n<td width=\"129\">M\u1ee9c \u0111\u1ed9 b\u1ea3o v\u1ec7<\/td>\n<td width=\"224\">IP54<\/td>\n<td width=\"151\">Ph\u01b0\u01a1ng ph\u00e1p \u0111i\u1ec1u khi\u1ec3n<\/td>\n<td width=\"197\">\u0110i\u1ec1u khi\u1ec3n s\u00f3ng vu\u00f4ng<\/td>\n<\/tr>\n<tr>\n<td width=\"129\">\u00a0 c\u1eb7p c\u1ef1c<\/td>\n<td width=\"224\">4<\/td>\n<td width=\"151\">h\u1ec7 th\u1ed1ng \u0111ang ho\u1ea1t \u0111\u1ed9ng<\/td>\n<td width=\"197\">Ph\u1ea7n 2, 60 ph\u00fat<\/td>\n<\/tr>\n<\/tbody>\n<\/table>\n<p>M\u00f4i tr\u01b0\u1eddng ho\u1ea1t \u0111\u1ed9ng c\u1ee7a s\u1ea3n ph\u1ea9m<\/p>\n<table style=\"border-collapse: collapse; width: 264.77pt;\" border=\"0\" width=\"353\" cellspacing=\"0\" cellpadding=\"0\">\n<tbody>\n<tr style=\"height: 51.75pt;\">\n<td class=\"et2\" style=\"height: 51.75pt; width: 96.75pt;\" width=\"129\" height=\"69\">Ph\u1ea1m vi nhi\u1ec7t \u0111\u1ed9 b\u1ea3o qu\u1ea3n<\/td>\n<td class=\"et2\" style=\"width: 168.00pt;\" width=\"224\">-40\u00b0C \u0111\u1ebfn 85\u00b0C<\/td>\n<\/tr>\n<tr style=\"height: 51.75pt;\">\n<td class=\"et2\" style=\"height: 51.75pt; width: 96.75pt;\" width=\"129\" height=\"69\">Ph\u1ea1m vi nhi\u1ec7t \u0111\u1ed9 ho\u1ea1t \u0111\u1ed9ng<\/td>\n<td class=\"et2\" style=\"width: 168.00pt;\" width=\"224\">\u0110\u1ed9ng c\u01a1: -40\u00b0C \u0111\u1ebfn 55\u00b0C<\/td>\n<\/tr>\n<tr style=\"height: 17.25pt;\">\n<td class=\"et2\" style=\"height: 17.25pt; width: 96.75pt;\" width=\"129\" height=\"23\">\u0111\u1ed9 \u1ea9m<\/td>\n<td class=\"et2\" style=\"width: 168.00pt;\" width=\"224\">0\u201395%<\/td>\n<\/tr>\n<\/tbody>\n<\/table>","protected":false},"excerpt":{"rendered":"<p>\u0110\u1ed9ng c\u01a1 DC kh\u00f4ng ch\u1ed5i than nam ch\u00e2m v\u0129nh c\u1eedu d\u1ea1ng s\u00f3ng vu\u00f4ng RV series 120 \u0111\u01b0\u1ee3c thi\u1ebft k\u1ebf ri\u00eang \u0111\u1ec3 \u0111\u00e1p \u1ee9ng c\u00e1c y\u00eau c\u1ea7u v\u1ec1 hi\u1ec7u su\u1ea5t c\u1ee7a xe khung g\u1ea7m x\u00edch v\u00e0 xe th\u00f4ng minh kh\u00f4ng ng\u01b0\u1eddi l\u00e1i. \u0110\u1ed9ng c\u01a1 n\u00e0y n\u1ed5i b\u1eadt tr\u00ean th\u1ecb tr\u01b0\u1eddng nh\u1edd \u0111\u1ed9 \u1ed5n \u0111\u1ecbnh v\u00e0 hi\u1ec7u su\u1ea5t n\u0103ng l\u01b0\u1ee3ng v\u01b0\u1ee3t tr\u1ed9i. S\u1ea3n ph\u1ea9m s\u1eed d\u1ee5ng v\u1eadt li\u1ec7u nam ch\u00e2m v\u0129nh c\u1eedu ti\u00ean ti\u1ebfn \u0111\u1ec3 cung c\u1ea5p c\u00f4ng su\u1ea5t m\u1ea1nh m\u1ebd v\u00e0 b\u1ec1n b\u1ec9, d\u1ec5 d\u00e0ng v\u1eadn h\u00e0nh tr\u00ean \u0111\u1ecba h\u00ecnh \u0111\u1ed3i n\u00fai v\u00e0 b\u00f9n l\u1ea7y. Thi\u1ebft k\u1ebf c\u1ea5u tr\u00fac nh\u1ecf g\u1ecdn gi\u00fap l\u1eafp \u0111\u1eb7t d\u1ec5 d\u00e0ng \u0111\u1ed3ng th\u1eddi duy tr\u00ec \u0111\u1ed9 \u1ed3n v\u00e0 rung \u0111\u1ed9ng th\u1ea5p trong qu\u00e1 tr\u00ecnh v\u1eadn h\u00e0nh xe, mang \u0111\u1ebfn cho ng\u01b0\u1eddi d\u00f9ng tr\u1ea3i nghi\u1ec7m l\u00e1i xe tho\u1ea3i m\u00e1i. \u0110\u1ed9ng c\u01a1 DC kh\u00f4ng ch\u1ed5i than nam ch\u00e2m v\u0129nh c\u1eedu HuanYu 120 l\u00e0 s\u1ef1 l\u1ef1a ch\u1ecdn l\u00fd t\u01b0\u1edfng cho c\u00e1c ph\u01b0\u01a1ng ti\u1ec7n ch\u1ea1y x\u00edch \u0111i\u1ec7n v\u00e0 m\u00e1y c\u1eaft c\u1ecf \u0111i\u1ec7n c\u1ee7a b\u1ea1n.<\/p>","protected":false},"featured_media":651,"template":"","meta":{"site-sidebar-layout":"default","site-content-layout":"default","ast-site-content-layout":"default","site-content-style":"default","site-sidebar-style":"default","ast-global-header-display":"","ast-banner-title-visibility":"","ast-main-header-display":"","ast-hfb-above-header-display":"","ast-hfb-below-header-display":"","ast-hfb-mobile-header-display":"","site-post-title":"","ast-breadcrumbs-content":"","ast-featured-img":"","footer-sml-layout":"","ast-disable-related-posts":"","theme-transparent-header-meta":"default","adv-header-id-meta":"","stick-header-meta":"","header-above-stick-meta":"","header-main-stick-meta":"","header-below-stick-meta":"","astra-migrate-meta-layouts":"default","ast-page-background-enabled":"default","ast-page-background-meta":{"desktop":{"background-color":"","background-image":"","background-repeat":"repeat","background-position":"center center","background-size":"auto","background-attachment":"scroll","background-type":"","background-media":"","overlay-type":"","overlay-color":"","overlay-opacity":"","overlay-gradient":""},"tablet":{"background-color":"","background-image":"","background-repeat":"repeat","background-position":"center center","background-size":"auto","background-attachment":"scroll","background-type":"","background-media":"","overlay-type":"","overlay-color":"","overlay-opacity":"","overlay-gradient":""},"mobile":{"background-color":"","background-image":"","background-repeat":"repeat","background-position":"center center","background-size":"auto","background-attachment":"scroll","background-type":"","background-media":"","overlay-type":"","overlay-color":"","overlay-opacity":"","overlay-gradient":""}},"ast-content-background-meta":{"desktop":{"background-color":"var(--ast-global-color-5)","background-image":"","background-repeat":"repeat","background-position":"center center","background-size":"auto","background-attachment":"scroll","background-type":"","background-media":"","overlay-type":"","overlay-color":"","overlay-opacity":"","overlay-gradient":""},"tablet":{"background-color":"var(--ast-global-color-5)","background-image":"","background-repeat":"repeat","background-position":"center center","background-size":"auto","background-attachment":"scroll","background-type":"","background-media":"","overlay-type":"","overlay-color":"","overlay-opacity":"","overlay-gradient":""},"mobile":{"background-color":"var(--ast-global-color-5)","background-image":"","background-repeat":"repeat","background-position":"center center","background-size":"auto","background-attachment":"scroll","background-type":"","background-media":"","overlay-type":"","overlay-color":"","overlay-opacity":"","overlay-gradient":""}}},"product_brand":[],"product_cat":[24],"product_tag":[],"class_list":{"0":"post-650","1":"product","2":"type-product","3":"status-publish","4":"has-post-thumbnail","6":"product_cat-permanent-magnet-brushless-dc-motor","7":"desktop-align-left","8":"tablet-align-left","9":"mobile-align-left","10":"ast-product-gallery-layout-vertical-slider","11":"ast-product-tabs-layout-horizontal","13":"first","14":"instock","15":"shipping-taxable","16":"product-type-simple"},"yoast_head":"<!-- This site is optimized with the Yoast SEO plugin v27.4 - https:\/\/yoast.com\/product\/yoast-seo-wordpress\/ -->\n<title>120 Series Special Permanent Magnet DC Brushless Motor for Crawler Chassis Vehicle - Jining Huanzhongyu Electromechanical Co., Ltd.<\/title>\n<meta name=\"robots\" content=\"index, follow, max-snippet:-1, max-image-preview:large, max-video-preview:-1\" \/>\n<link rel=\"canonical\" href=\"https:\/\/www.huanyumotor.com\/vi\/san-pham\/120-series-special-permanent-magnet-dc-brushless-motor-for-crawler-chassis-vehicle\/\" \/>\n<meta property=\"og:locale\" content=\"vi_VN\" \/>\n<meta property=\"og:type\" content=\"article\" \/>\n<meta property=\"og:title\" content=\"120 Series Special Permanent Magnet DC Brushless Motor for Crawler Chassis Vehicle - Jining Huanzhongyu Electromechanical Co., Ltd.\" \/>\n<meta property=\"og:description\" content=\"The RV series 120 square wave permanent magnet brushless DC motor is custom-designed for the efficient requirements of tracked chassis vehicles and unmanned intelligent vehicles. This motor stands out in the market for its excellent stability and energy efficiency ratio. It uses advanced permanent magnet materials to provide robust and durable power output, easily handling mountainous and muddy terrains. Its compact structural design ensures easy installation while maintaining low noise and vibration during vehicle operation, providing users with a comfortable driving experience. The HuanYu 120 permanent magnet brushless DC motor is the ideal choice for your electric tracked vehicles and electric lawn mowers.\" \/>\n<meta property=\"og:url\" content=\"https:\/\/www.huanyumotor.com\/vi\/san-pham\/120-series-special-permanent-magnet-dc-brushless-motor-for-crawler-chassis-vehicle\/\" \/>\n<meta property=\"og:site_name\" content=\"Jining Huanzhongyu Electromechanical Co., Ltd.\" \/>\n<meta property=\"article:publisher\" content=\"https:\/\/www.facebook.com\/profile.php?id=61579475484242&amp;sk=grid\" \/>\n<meta property=\"og:image\" content=\"https:\/\/www.huanyumotor.com\/wp-content\/uploads\/2025\/11\/9_1.jpg\" \/>\n\t<meta property=\"og:image:width\" content=\"800\" \/>\n\t<meta property=\"og:image:height\" content=\"800\" \/>\n\t<meta property=\"og:image:type\" content=\"image\/jpeg\" \/>\n<meta name=\"twitter:card\" content=\"summary_large_image\" \/>\n<meta name=\"twitter:label1\" content=\"\u01af\u1edbc t\u00ednh th\u1eddi gian \u0111\u1ecdc\" \/>\n\t<meta name=\"twitter:data1\" content=\"1 ph\u00fat\" \/>\n<script type=\"application\/ld+json\" class=\"yoast-schema-graph\">{\"@context\":\"https:\\\/\\\/schema.org\",\"@graph\":[{\"@type\":\"WebPage\",\"@id\":\"https:\\\/\\\/www.huanyumotor.com\\\/product\\\/120-series-special-permanent-magnet-dc-brushless-motor-for-crawler-chassis-vehicle\\\/\",\"url\":\"https:\\\/\\\/www.huanyumotor.com\\\/product\\\/120-series-special-permanent-magnet-dc-brushless-motor-for-crawler-chassis-vehicle\\\/\",\"name\":\"120 Series Special Permanent Magnet DC Brushless Motor for Crawler Chassis Vehicle - Jining Huanzhongyu Electromechanical Co., Ltd.\",\"isPartOf\":{\"@id\":\"https:\\\/\\\/www.huanyumotor.com\\\/#website\"},\"primaryImageOfPage\":{\"@id\":\"https:\\\/\\\/www.huanyumotor.com\\\/product\\\/120-series-special-permanent-magnet-dc-brushless-motor-for-crawler-chassis-vehicle\\\/#primaryimage\"},\"image\":{\"@id\":\"https:\\\/\\\/www.huanyumotor.com\\\/product\\\/120-series-special-permanent-magnet-dc-brushless-motor-for-crawler-chassis-vehicle\\\/#primaryimage\"},\"thumbnailUrl\":\"https:\\\/\\\/www.huanyumotor.com\\\/wp-content\\\/uploads\\\/2025\\\/11\\\/9_1.jpg\",\"datePublished\":\"2025-11-12T02:31:54+00:00\",\"breadcrumb\":{\"@id\":\"https:\\\/\\\/www.huanyumotor.com\\\/product\\\/120-series-special-permanent-magnet-dc-brushless-motor-for-crawler-chassis-vehicle\\\/#breadcrumb\"},\"inLanguage\":\"vi\",\"potentialAction\":[{\"@type\":\"ReadAction\",\"target\":[\"https:\\\/\\\/www.huanyumotor.com\\\/product\\\/120-series-special-permanent-magnet-dc-brushless-motor-for-crawler-chassis-vehicle\\\/\"]}]},{\"@type\":\"ImageObject\",\"inLanguage\":\"vi\",\"@id\":\"https:\\\/\\\/www.huanyumotor.com\\\/product\\\/120-series-special-permanent-magnet-dc-brushless-motor-for-crawler-chassis-vehicle\\\/#primaryimage\",\"url\":\"https:\\\/\\\/www.huanyumotor.com\\\/wp-content\\\/uploads\\\/2025\\\/11\\\/9_1.jpg\",\"contentUrl\":\"https:\\\/\\\/www.huanyumotor.com\\\/wp-content\\\/uploads\\\/2025\\\/11\\\/9_1.jpg\",\"width\":800,\"height\":800},{\"@type\":\"BreadcrumbList\",\"@id\":\"https:\\\/\\\/www.huanyumotor.com\\\/product\\\/120-series-special-permanent-magnet-dc-brushless-motor-for-crawler-chassis-vehicle\\\/#breadcrumb\",\"itemListElement\":[{\"@type\":\"ListItem\",\"position\":1,\"name\":\"\u9996\u9875\",\"item\":\"https:\\\/\\\/www.huanyumotor.com\\\/\"},{\"@type\":\"ListItem\",\"position\":2,\"name\":\"Products\",\"item\":\"https:\\\/\\\/www.huanyumotor.com\\\/products\\\/\"},{\"@type\":\"ListItem\",\"position\":3,\"name\":\"120 Series Special Permanent Magnet DC Brushless Motor for Crawler Chassis Vehicle\"}]},{\"@type\":\"WebSite\",\"@id\":\"https:\\\/\\\/www.huanyumotor.com\\\/#website\",\"url\":\"https:\\\/\\\/www.huanyumotor.com\\\/\",\"name\":\"Jining Huanzhongyu Electromechanical Co., Ltd.\",\"description\":\"\",\"publisher\":{\"@id\":\"https:\\\/\\\/www.huanyumotor.com\\\/#organization\"},\"potentialAction\":[{\"@type\":\"SearchAction\",\"target\":{\"@type\":\"EntryPoint\",\"urlTemplate\":\"https:\\\/\\\/www.huanyumotor.com\\\/?s={search_term_string}\"},\"query-input\":{\"@type\":\"PropertyValueSpecification\",\"valueRequired\":true,\"valueName\":\"search_term_string\"}}],\"inLanguage\":\"vi\"},{\"@type\":\"Organization\",\"@id\":\"https:\\\/\\\/www.huanyumotor.com\\\/#organization\",\"name\":\"Jining Huanzhongyu Electromechanical Co., Ltd.\",\"url\":\"https:\\\/\\\/www.huanyumotor.com\\\/\",\"logo\":{\"@type\":\"ImageObject\",\"inLanguage\":\"vi\",\"@id\":\"https:\\\/\\\/www.huanyumotor.com\\\/#\\\/schema\\\/logo\\\/image\\\/\",\"url\":\"https:\\\/\\\/www.huanyumotor.com\\\/wp-content\\\/uploads\\\/2025\\\/11\\\/logo.webp\",\"contentUrl\":\"https:\\\/\\\/www.huanyumotor.com\\\/wp-content\\\/uploads\\\/2025\\\/11\\\/logo.webp\",\"width\":468,\"height\":242,\"caption\":\"Jining Huanzhongyu Electromechanical Co., Ltd.\"},\"image\":{\"@id\":\"https:\\\/\\\/www.huanyumotor.com\\\/#\\\/schema\\\/logo\\\/image\\\/\"},\"sameAs\":[\"https:\\\/\\\/www.facebook.com\\\/profile.php?id=61579475484242&sk=grid\"]}]}<\/script>\n<!-- \/ Yoast SEO plugin. -->","yoast_head_json":{"title":"120 Series Special Permanent Magnet DC Brushless Motor for Crawler Chassis Vehicle - Jining Huanzhongyu Electromechanical Co., Ltd.","robots":{"index":"index","follow":"follow","max-snippet":"max-snippet:-1","max-image-preview":"max-image-preview:large","max-video-preview":"max-video-preview:-1"},"canonical":"https:\/\/www.huanyumotor.com\/vi\/san-pham\/120-series-special-permanent-magnet-dc-brushless-motor-for-crawler-chassis-vehicle\/","og_locale":"vi_VN","og_type":"article","og_title":"120 Series Special Permanent Magnet DC Brushless Motor for Crawler Chassis Vehicle - Jining Huanzhongyu Electromechanical Co., Ltd.","og_description":"The RV series 120 square wave permanent magnet brushless DC motor is custom-designed for the efficient requirements of tracked chassis vehicles and unmanned intelligent vehicles. This motor stands out in the market for its excellent stability and energy efficiency ratio. It uses advanced permanent magnet materials to provide robust and durable power output, easily handling mountainous and muddy terrains. Its compact structural design ensures easy installation while maintaining low noise and vibration during vehicle operation, providing users with a comfortable driving experience. The HuanYu 120 permanent magnet brushless DC motor is the ideal choice for your electric tracked vehicles and electric lawn mowers.","og_url":"https:\/\/www.huanyumotor.com\/vi\/san-pham\/120-series-special-permanent-magnet-dc-brushless-motor-for-crawler-chassis-vehicle\/","og_site_name":"Jining Huanzhongyu Electromechanical Co., Ltd.","article_publisher":"https:\/\/www.facebook.com\/profile.php?id=61579475484242&sk=grid","og_image":[{"width":800,"height":800,"url":"https:\/\/www.huanyumotor.com\/wp-content\/uploads\/2025\/11\/9_1.jpg","type":"image\/jpeg"}],"twitter_card":"summary_large_image","twitter_misc":{"\u01af\u1edbc t\u00ednh th\u1eddi gian \u0111\u1ecdc":"1 ph\u00fat"},"schema":{"@context":"https:\/\/schema.org","@graph":[{"@type":"WebPage","@id":"https:\/\/www.huanyumotor.com\/product\/120-series-special-permanent-magnet-dc-brushless-motor-for-crawler-chassis-vehicle\/","url":"https:\/\/www.huanyumotor.com\/product\/120-series-special-permanent-magnet-dc-brushless-motor-for-crawler-chassis-vehicle\/","name":"120 Series Special Permanent Magnet DC Brushless Motor for Crawler Chassis Vehicle - Jining Huanzhongyu Electromechanical Co., Ltd.","isPartOf":{"@id":"https:\/\/www.huanyumotor.com\/#website"},"primaryImageOfPage":{"@id":"https:\/\/www.huanyumotor.com\/product\/120-series-special-permanent-magnet-dc-brushless-motor-for-crawler-chassis-vehicle\/#primaryimage"},"image":{"@id":"https:\/\/www.huanyumotor.com\/product\/120-series-special-permanent-magnet-dc-brushless-motor-for-crawler-chassis-vehicle\/#primaryimage"},"thumbnailUrl":"https:\/\/www.huanyumotor.com\/wp-content\/uploads\/2025\/11\/9_1.jpg","datePublished":"2025-11-12T02:31:54+00:00","breadcrumb":{"@id":"https:\/\/www.huanyumotor.com\/product\/120-series-special-permanent-magnet-dc-brushless-motor-for-crawler-chassis-vehicle\/#breadcrumb"},"inLanguage":"vi","potentialAction":[{"@type":"ReadAction","target":["https:\/\/www.huanyumotor.com\/product\/120-series-special-permanent-magnet-dc-brushless-motor-for-crawler-chassis-vehicle\/"]}]},{"@type":"ImageObject","inLanguage":"vi","@id":"https:\/\/www.huanyumotor.com\/product\/120-series-special-permanent-magnet-dc-brushless-motor-for-crawler-chassis-vehicle\/#primaryimage","url":"https:\/\/www.huanyumotor.com\/wp-content\/uploads\/2025\/11\/9_1.jpg","contentUrl":"https:\/\/www.huanyumotor.com\/wp-content\/uploads\/2025\/11\/9_1.jpg","width":800,"height":800},{"@type":"BreadcrumbList","@id":"https:\/\/www.huanyumotor.com\/product\/120-series-special-permanent-magnet-dc-brushless-motor-for-crawler-chassis-vehicle\/#breadcrumb","itemListElement":[{"@type":"ListItem","position":1,"name":"\u9996\u9875","item":"https:\/\/www.huanyumotor.com\/"},{"@type":"ListItem","position":2,"name":"Products","item":"https:\/\/www.huanyumotor.com\/products\/"},{"@type":"ListItem","position":3,"name":"120 Series Special Permanent Magnet DC Brushless Motor for Crawler Chassis Vehicle"}]},{"@type":"WebSite","@id":"https:\/\/www.huanyumotor.com\/#website","url":"https:\/\/www.huanyumotor.com\/","name":"C\u00f4ng ty TNHH \u0110i\u1ec7n c\u01a1 Jining Huanzhongyu.","description":"","publisher":{"@id":"https:\/\/www.huanyumotor.com\/#organization"},"potentialAction":[{"@type":"SearchAction","target":{"@type":"EntryPoint","urlTemplate":"https:\/\/www.huanyumotor.com\/?s={search_term_string}"},"query-input":{"@type":"PropertyValueSpecification","valueRequired":true,"valueName":"search_term_string"}}],"inLanguage":"vi"},{"@type":"Organization","@id":"https:\/\/www.huanyumotor.com\/#organization","name":"C\u00f4ng ty TNHH \u0110i\u1ec7n c\u01a1 Jining Huanzhongyu.","url":"https:\/\/www.huanyumotor.com\/","logo":{"@type":"ImageObject","inLanguage":"vi","@id":"https:\/\/www.huanyumotor.com\/#\/schema\/logo\/image\/","url":"https:\/\/www.huanyumotor.com\/wp-content\/uploads\/2025\/11\/logo.webp","contentUrl":"https:\/\/www.huanyumotor.com\/wp-content\/uploads\/2025\/11\/logo.webp","width":468,"height":242,"caption":"Jining Huanzhongyu Electromechanical Co., Ltd."},"image":{"@id":"https:\/\/www.huanyumotor.com\/#\/schema\/logo\/image\/"},"sameAs":["https:\/\/www.facebook.com\/profile.php?id=61579475484242&sk=grid"]}]}},"_links":{"self":[{"href":"https:\/\/www.huanyumotor.com\/vi\/wp-json\/wp\/v2\/product\/650","targetHints":{"allow":["GET"]}}],"collection":[{"href":"https:\/\/www.huanyumotor.com\/vi\/wp-json\/wp\/v2\/product"}],"about":[{"href":"https:\/\/www.huanyumotor.com\/vi\/wp-json\/wp\/v2\/types\/product"}],"wp:featuredmedia":[{"embeddable":true,"href":"https:\/\/www.huanyumotor.com\/vi\/wp-json\/wp\/v2\/media\/651"}],"wp:attachment":[{"href":"https:\/\/www.huanyumotor.com\/vi\/wp-json\/wp\/v2\/media?parent=650"}],"wp:term":[{"taxonomy":"product_brand","embeddable":true,"href":"https:\/\/www.huanyumotor.com\/vi\/wp-json\/wp\/v2\/product_brand?post=650"},{"taxonomy":"product_cat","embeddable":true,"href":"https:\/\/www.huanyumotor.com\/vi\/wp-json\/wp\/v2\/product_cat?post=650"},{"taxonomy":"product_tag","embeddable":true,"href":"https:\/\/www.huanyumotor.com\/vi\/wp-json\/wp\/v2\/product_tag?post=650"}],"curies":[{"name":"wp","href":"https:\/\/api.w.org\/{rel}","templated":true}]}}