{"id":657,"date":"2025-11-12T10:33:48","date_gmt":"2025-11-12T02:33:48","guid":{"rendered":"http:\/\/www.huanyumotor.com\/?post_type=product&#038;p=657"},"modified":"2025-11-12T10:33:48","modified_gmt":"2025-11-12T02:33:48","slug":"120-degree-differential-permanent-magnet-brushless-dc-square-wave-motor","status":"publish","type":"product","link":"https:\/\/www.huanyumotor.com\/vi\/san-pham\/120-degree-differential-permanent-magnet-brushless-dc-square-wave-motor\/","title":{"rendered":"M\u00f4-t\u01a1 kh\u00f4ng ch\u1ed5i than DC s\u00f3ng vu\u00f4ng v\u1edbi nam ch\u00e2m v\u0129nh c\u1eedu c\u00f3 g\u00f3c ch\u00eanh l\u1ec7ch 120 \u0111\u1ed9"},"content":{"rendered":"<p>\u0110\u1ed9ng c\u01a1 s\u00f3ng vu\u00f4ng Huanyu 120 \u0111\u01b0\u1ee3c thi\u1ebft k\u1ebf ri\u00eang \u0111\u1ec3 \u0111\u00e1p \u1ee9ng nhu c\u1ea7u c\u00f4ng su\u1ea5t hi\u1ec7u qu\u1ea3 cho xe ba b\u00e1nh \u0111i\u1ec7n, xe k\u00e9o, xe gi\u1ea3i tr\u00ed v\u00e0 xe \u0111\u1ea9y tay.<br \/>\n\u0110\u1ed9ng c\u01a1 n\u00e0y n\u1ed5i b\u1eadt tr\u00ean th\u1ecb tr\u01b0\u1eddng nh\u1edd \u0111\u1ed9 \u1ed5n \u0111\u1ecbnh v\u01b0\u1ee3t tr\u1ed9i v\u00e0 h\u1ec7 s\u1ed1 hi\u1ec7u su\u1ea5t n\u0103ng l\u01b0\u1ee3ng cao.<br \/>\nV\u1edbi v\u1eadt li\u1ec7u nam ch\u00e2m v\u0129nh c\u1eedu ti\u00ean ti\u1ebfn, s\u1ea3n ph\u1ea9m mang l\u1ea1i hi\u1ec7u su\u1ea5t b\u1ec1n b\u1ec9 v\u00e0 m\u1ea1nh m\u1ebd, d\u1ec5 d\u00e0ng \u0111\u00e1p \u1ee9ng nhu c\u1ea7u di chuy\u1ec3n h\u00e0ng ng\u00e0y v\u00e0 c\u00e1c chuy\u1ebfn \u0111i ng\u1eafn.<br \/>\nThi\u1ebft k\u1ebf nh\u1ecf g\u1ecdn c\u1ee7a s\u1ea3n ph\u1ea9m gi\u00fap vi\u1ec7c l\u1eafp \u0111\u1eb7t tr\u1edf n\u00ean d\u1ec5 d\u00e0ng, \u0111\u1ed3ng th\u1eddi \u0111\u1ea3m b\u1ea3o m\u1ee9c \u0111\u1ed9 ti\u1ebfng \u1ed3n v\u00e0 rung \u0111\u1ed9ng th\u1ea5p trong qu\u00e1 tr\u00ecnh v\u1eadn h\u00e0nh xe, mang l\u1ea1i cho ng\u01b0\u1eddi d\u00f9ng tr\u1ea3i nghi\u1ec7m l\u00e1i xe tho\u1ea3i m\u00e1i.<br \/>\n\u0110\u1ed9ng c\u01a1 kh\u00f4ng ch\u1ed5i than nam ch\u00e2m v\u0129nh c\u1eedu Huanyu 120 l\u00e0 s\u1ef1 l\u1ef1a ch\u1ecdn l\u00fd t\u01b0\u1edfng cho c\u00e1c nhu c\u1ea7u di chuy\u1ec3n b\u1eb1ng \u0111i\u1ec7n c\u1ee7a b\u1ea1n.<br \/>\n\u01afu \u0111i\u1ec3m c\u1ee7a s\u1ea3n ph\u1ea9m: \u01afu \u0111i\u1ec3m k\u1ef9 thu\u1eadt \u2013 M\u00f4-men xo\u1eafn cao t\u1ee9c th\u00ec: Cho ph\u00e9p t\u0103ng t\u1ed1c nhanh v\u00e0 s\u1ee9c kh\u1edfi \u0111\u1ed9ng m\u1ea1nh m\u1ebd, l\u00fd t\u01b0\u1edfng cho vi\u1ec7c l\u00e1i xe trong \u0111\u00f4 th\u1ecb v\u00e0 c\u00e1c \u1ee9ng d\u1ee5ng c\u00f4ng su\u1ea5t l\u1edbn.<br \/>\nKh\u1ea3 n\u0103ng ch\u1ecbu t\u1ea3i cao: \u0110\u1ea3m b\u1ea3o hi\u1ec7u su\u1ea5t \u1ed5n \u0111\u1ecbnh ngay c\u1ea3 khi ch\u1edf \u0111\u1ea7y t\u1ea3i, gi\u00fap n\u00e2ng cao hi\u1ec7u qu\u1ea3 c\u00f4ng vi\u1ec7c<\/p>\n<table width=\"701\">\n<tbody>\n<tr>\n<td colspan=\"4\" width=\"701\">C\u00e1c th\u00f4ng s\u1ed1 k\u1ef9 thu\u1eadt c\u1ee7a s\u1ea3n ph\u1ea9m<\/td>\n<\/tr>\n<tr>\n<td width=\"129\">\u0111i\u1ec7n \u00e1p \u0111\u1ecbnh m\u1ee9c<\/td>\n<td width=\"224\">48V~72V<\/td>\n<td width=\"151\">c\u00f4ng su\u1ea5t \u0111\u1ecbnh m\u1ee9c<\/td>\n<td width=\"197\">350W\u20131800W<\/td>\n<\/tr>\n<tr>\n<td width=\"129\">m\u00f4-men xo\u1eafn c\u1ef1c \u0111\u1ea1i<\/td>\n<td width=\"224\">11 N\u00b7m ~ 35 N\u00b7m<\/td>\n<td width=\"151\">t\u1ed1c \u0111\u1ed9 \u0111\u1ecbnh m\u1ee9c<\/td>\n<td width=\"197\">2.500 v\u00f2ng\/ph\u00fat ~ 3.200 v\u00f2ng\/ph\u00fat<\/td>\n<\/tr>\n<tr>\n<td width=\"129\">chi\u1ec1u cao c\u00e1nh qu\u1ea1t<\/td>\n<td width=\"224\">25 mm~80 mm<\/td>\n<td width=\"151\">Lo\u1ea1i nam ch\u00e2m<\/td>\n<td width=\"197\">38H<\/td>\n<\/tr>\n<tr>\n<td width=\"129\">M\u00e0u \u0111\u1ed9ng c\u01a1<\/td>\n<td width=\"224\">B\u1ea1c, \u0110en<\/td>\n<td width=\"151\">tr\u1ee5c \u0111\u1ed9ng c\u01a1<\/td>\n<td width=\"197\">B\u00e1nh r\u0103ng ngo\u00e0i 16 r\u0103ng, b\u00e1nh r\u0103ng trong 14 r\u0103ng<\/td>\n<\/tr>\n<tr>\n<td width=\"129\">ph\u00e2n lo\u1ea1i nhi\u1ec7t<\/td>\n<td width=\"224\">F<\/td>\n<td width=\"151\">c\u1ea3m bi\u1ebfn v\u1ecb tr\u00ed<\/td>\n<td width=\"197\">C\u1ed5ng (5 ch\u00e2n)<\/td>\n<\/tr>\n<tr>\n<td width=\"129\">M\u1ee9c \u0111\u1ed9 b\u1ea3o v\u1ec7<\/td>\n<td width=\"224\">IP54<\/td>\n<td width=\"151\">Ph\u01b0\u01a1ng ph\u00e1p \u0111i\u1ec1u khi\u1ec3n<\/td>\n<td width=\"197\">\u0110i\u1ec1u khi\u1ec3n s\u00f3ng vu\u00f4ng<\/td>\n<\/tr>\n<tr>\n<td width=\"129\">\u00a0 c\u1eb7p c\u1ef1c<\/td>\n<td width=\"224\">4<\/td>\n<td width=\"151\">h\u1ec7 th\u1ed1ng \u0111ang ho\u1ea1t \u0111\u1ed9ng<\/td>\n<td width=\"197\">Ph\u1ea7n 2, 60 ph\u00fat<\/td>\n<\/tr>\n<\/tbody>\n<\/table>\n<p>M\u00f4i tr\u01b0\u1eddng ho\u1ea1t \u0111\u1ed9ng c\u1ee7a s\u1ea3n ph\u1ea9m<\/p>\n<table style=\"border-collapse: collapse; width: 264.77pt;\" border=\"0\" width=\"353\" cellspacing=\"0\" cellpadding=\"0\">\n<tbody>\n<tr style=\"height: 51.75pt;\">\n<td class=\"et2\" style=\"height: 51.75pt; width: 96.75pt;\" width=\"129\" height=\"69\">Ph\u1ea1m vi nhi\u1ec7t \u0111\u1ed9 b\u1ea3o qu\u1ea3n<\/td>\n<td class=\"et2\" style=\"width: 168.00pt;\" width=\"224\">-40\u00b0C \u0111\u1ebfn 85\u00b0C<\/td>\n<\/tr>\n<tr style=\"height: 51.75pt;\">\n<td class=\"et2\" style=\"height: 51.75pt; width: 96.75pt;\" width=\"129\" height=\"69\">Ph\u1ea1m vi nhi\u1ec7t \u0111\u1ed9 ho\u1ea1t \u0111\u1ed9ng<\/td>\n<td class=\"et2\" style=\"width: 168.00pt;\" width=\"224\">\u0110\u1ed9ng c\u01a1: -40\u00b0C \u0111\u1ebfn 55\u00b0C<\/td>\n<\/tr>\n<tr style=\"height: 33.00pt;\">\n<td class=\"et2\" style=\"height: 33.00pt; width: 96.75pt;\" width=\"129\" height=\"44\">\u0111\u1ed9 \u1ea9m<\/td>\n<td class=\"et2\" style=\"width: 168.00pt;\" width=\"224\">0\u201395%<\/td>\n<\/tr>\n<\/tbody>\n<\/table>","protected":false},"excerpt":{"rendered":"<p>\u0110\u1ed9ng c\u01a1 s\u00f3ng vu\u00f4ng Huanyu 120 \u0111\u01b0\u1ee3c thi\u1ebft k\u1ebf ri\u00eang \u0111\u1ec3 \u0111\u00e1p \u1ee9ng nhu c\u1ea7u c\u00f4ng su\u1ea5t hi\u1ec7u qu\u1ea3 cho xe ba b\u00e1nh \u0111i\u1ec7n, xe k\u00e9o, xe gi\u1ea3i tr\u00ed v\u00e0 xe \u0111\u1ea9y tay.<br \/>\n\u0110\u1ed9ng c\u01a1 n\u00e0y n\u1ed5i b\u1eadt tr\u00ean th\u1ecb tr\u01b0\u1eddng nh\u1edd \u0111\u1ed9 \u1ed5n \u0111\u1ecbnh v\u01b0\u1ee3t tr\u1ed9i v\u00e0 h\u1ec7 s\u1ed1 hi\u1ec7u su\u1ea5t n\u0103ng l\u01b0\u1ee3ng cao.<\/p>","protected":false},"featured_media":658,"template":"","meta":{"site-sidebar-layout":"default","site-content-layout":"default","ast-site-content-layout":"default","site-content-style":"default","site-sidebar-style":"default","ast-global-header-display":"","ast-banner-title-visibility":"","ast-main-header-display":"","ast-hfb-above-header-display":"","ast-hfb-below-header-display":"","ast-hfb-mobile-header-display":"","site-post-title":"","ast-breadcrumbs-content":"","ast-featured-img":"","footer-sml-layout":"","ast-disable-related-posts":"","theme-transparent-header-meta":"default","adv-header-id-meta":"","stick-header-meta":"","header-above-stick-meta":"","header-main-stick-meta":"","header-below-stick-meta":"","astra-migrate-meta-layouts":"default","ast-page-background-enabled":"default","ast-page-background-meta":{"desktop":{"background-color":"","background-image":"","background-repeat":"repeat","background-position":"center center","background-size":"auto","background-attachment":"scroll","background-type":"","background-media":"","overlay-type":"","overlay-color":"","overlay-opacity":"","overlay-gradient":""},"tablet":{"background-color":"","background-image":"","background-repeat":"repeat","background-position":"center center","background-size":"auto","background-attachment":"scroll","background-type":"","background-media":"","overlay-type":"","overlay-color":"","overlay-opacity":"","overlay-gradient":""},"mobile":{"background-color":"","background-image":"","background-repeat":"repeat","background-position":"center center","background-size":"auto","background-attachment":"scroll","background-type":"","background-media":"","overlay-type":"","overlay-color":"","overlay-opacity":"","overlay-gradient":""}},"ast-content-background-meta":{"desktop":{"background-color":"var(--ast-global-color-5)","background-image":"","background-repeat":"repeat","background-position":"center center","background-size":"auto","background-attachment":"scroll","background-type":"","background-media":"","overlay-type":"","overlay-color":"","overlay-opacity":"","overlay-gradient":""},"tablet":{"background-color":"var(--ast-global-color-5)","background-image":"","background-repeat":"repeat","background-position":"center center","background-size":"auto","background-attachment":"scroll","background-type":"","background-media":"","overlay-type":"","overlay-color":"","overlay-opacity":"","overlay-gradient":""},"mobile":{"background-color":"var(--ast-global-color-5)","background-image":"","background-repeat":"repeat","background-position":"center center","background-size":"auto","background-attachment":"scroll","background-type":"","background-media":"","overlay-type":"","overlay-color":"","overlay-opacity":"","overlay-gradient":""}}},"product_brand":[],"product_cat":[24],"product_tag":[],"class_list":{"0":"post-657","1":"product","2":"type-product","3":"status-publish","4":"has-post-thumbnail","6":"product_cat-permanent-magnet-brushless-dc-motor","7":"desktop-align-left","8":"tablet-align-left","9":"mobile-align-left","10":"ast-product-gallery-layout-vertical-slider","11":"ast-product-tabs-layout-horizontal","13":"first","14":"instock","15":"shipping-taxable","16":"product-type-simple"},"yoast_head":"<!-- This site is optimized with the Yoast SEO plugin v27.4 - https:\/\/yoast.com\/product\/yoast-seo-wordpress\/ -->\n<title>120-degree Differential Permanent Magnet Brushless DC Square Wave Motor - Jining Huanzhongyu Electromechanical Co., Ltd.<\/title>\n<meta name=\"robots\" content=\"index, follow, max-snippet:-1, max-image-preview:large, max-video-preview:-1\" \/>\n<link rel=\"canonical\" href=\"https:\/\/www.huanyumotor.com\/vi\/san-pham\/120-degree-differential-permanent-magnet-brushless-dc-square-wave-motor\/\" \/>\n<meta property=\"og:locale\" content=\"vi_VN\" \/>\n<meta property=\"og:type\" content=\"article\" \/>\n<meta property=\"og:title\" content=\"120-degree Differential Permanent Magnet Brushless DC Square Wave Motor - Jining Huanzhongyu Electromechanical Co., Ltd.\" \/>\n<meta property=\"og:description\" content=\"The Huanyu 120 Square Wave Motor is tailored for efficient power requirements of electric tricycles, caravans, leisure vehicles, and hand carts. This motor stands out in the market with its exceptional stability and high energy efficiency ratio.\" \/>\n<meta property=\"og:url\" content=\"https:\/\/www.huanyumotor.com\/vi\/san-pham\/120-degree-differential-permanent-magnet-brushless-dc-square-wave-motor\/\" \/>\n<meta property=\"og:site_name\" content=\"Jining Huanzhongyu Electromechanical Co., Ltd.\" \/>\n<meta property=\"article:publisher\" content=\"https:\/\/www.facebook.com\/profile.php?id=61579475484242&amp;sk=grid\" \/>\n<meta property=\"og:image\" content=\"https:\/\/www.huanyumotor.com\/wp-content\/uploads\/2025\/11\/7_1.jpg\" \/>\n\t<meta property=\"og:image:width\" content=\"800\" \/>\n\t<meta property=\"og:image:height\" content=\"800\" \/>\n\t<meta property=\"og:image:type\" content=\"image\/jpeg\" \/>\n<meta name=\"twitter:card\" content=\"summary_large_image\" \/>\n<meta name=\"twitter:label1\" content=\"\u01af\u1edbc t\u00ednh th\u1eddi gian \u0111\u1ecdc\" \/>\n\t<meta name=\"twitter:data1\" content=\"1 ph\u00fat\" \/>\n<script type=\"application\/ld+json\" class=\"yoast-schema-graph\">{\"@context\":\"https:\\\/\\\/schema.org\",\"@graph\":[{\"@type\":\"WebPage\",\"@id\":\"https:\\\/\\\/www.huanyumotor.com\\\/product\\\/120-degree-differential-permanent-magnet-brushless-dc-square-wave-motor\\\/\",\"url\":\"https:\\\/\\\/www.huanyumotor.com\\\/product\\\/120-degree-differential-permanent-magnet-brushless-dc-square-wave-motor\\\/\",\"name\":\"120-degree Differential Permanent Magnet Brushless DC Square Wave Motor - Jining Huanzhongyu Electromechanical Co., Ltd.\",\"isPartOf\":{\"@id\":\"https:\\\/\\\/www.huanyumotor.com\\\/#website\"},\"primaryImageOfPage\":{\"@id\":\"https:\\\/\\\/www.huanyumotor.com\\\/product\\\/120-degree-differential-permanent-magnet-brushless-dc-square-wave-motor\\\/#primaryimage\"},\"image\":{\"@id\":\"https:\\\/\\\/www.huanyumotor.com\\\/product\\\/120-degree-differential-permanent-magnet-brushless-dc-square-wave-motor\\\/#primaryimage\"},\"thumbnailUrl\":\"https:\\\/\\\/www.huanyumotor.com\\\/wp-content\\\/uploads\\\/2025\\\/11\\\/7_1.jpg\",\"datePublished\":\"2025-11-12T02:33:48+00:00\",\"breadcrumb\":{\"@id\":\"https:\\\/\\\/www.huanyumotor.com\\\/product\\\/120-degree-differential-permanent-magnet-brushless-dc-square-wave-motor\\\/#breadcrumb\"},\"inLanguage\":\"vi\",\"potentialAction\":[{\"@type\":\"ReadAction\",\"target\":[\"https:\\\/\\\/www.huanyumotor.com\\\/product\\\/120-degree-differential-permanent-magnet-brushless-dc-square-wave-motor\\\/\"]}]},{\"@type\":\"ImageObject\",\"inLanguage\":\"vi\",\"@id\":\"https:\\\/\\\/www.huanyumotor.com\\\/product\\\/120-degree-differential-permanent-magnet-brushless-dc-square-wave-motor\\\/#primaryimage\",\"url\":\"https:\\\/\\\/www.huanyumotor.com\\\/wp-content\\\/uploads\\\/2025\\\/11\\\/7_1.jpg\",\"contentUrl\":\"https:\\\/\\\/www.huanyumotor.com\\\/wp-content\\\/uploads\\\/2025\\\/11\\\/7_1.jpg\",\"width\":800,\"height\":800},{\"@type\":\"BreadcrumbList\",\"@id\":\"https:\\\/\\\/www.huanyumotor.com\\\/product\\\/120-degree-differential-permanent-magnet-brushless-dc-square-wave-motor\\\/#breadcrumb\",\"itemListElement\":[{\"@type\":\"ListItem\",\"position\":1,\"name\":\"\u9996\u9875\",\"item\":\"https:\\\/\\\/www.huanyumotor.com\\\/\"},{\"@type\":\"ListItem\",\"position\":2,\"name\":\"Products\",\"item\":\"https:\\\/\\\/www.huanyumotor.com\\\/products\\\/\"},{\"@type\":\"ListItem\",\"position\":3,\"name\":\"120-degree Differential Permanent Magnet Brushless DC Square Wave Motor\"}]},{\"@type\":\"WebSite\",\"@id\":\"https:\\\/\\\/www.huanyumotor.com\\\/#website\",\"url\":\"https:\\\/\\\/www.huanyumotor.com\\\/\",\"name\":\"Jining Huanzhongyu Electromechanical Co., Ltd.\",\"description\":\"\",\"publisher\":{\"@id\":\"https:\\\/\\\/www.huanyumotor.com\\\/#organization\"},\"potentialAction\":[{\"@type\":\"SearchAction\",\"target\":{\"@type\":\"EntryPoint\",\"urlTemplate\":\"https:\\\/\\\/www.huanyumotor.com\\\/?s={search_term_string}\"},\"query-input\":{\"@type\":\"PropertyValueSpecification\",\"valueRequired\":true,\"valueName\":\"search_term_string\"}}],\"inLanguage\":\"vi\"},{\"@type\":\"Organization\",\"@id\":\"https:\\\/\\\/www.huanyumotor.com\\\/#organization\",\"name\":\"Jining Huanzhongyu Electromechanical Co., Ltd.\",\"url\":\"https:\\\/\\\/www.huanyumotor.com\\\/\",\"logo\":{\"@type\":\"ImageObject\",\"inLanguage\":\"vi\",\"@id\":\"https:\\\/\\\/www.huanyumotor.com\\\/#\\\/schema\\\/logo\\\/image\\\/\",\"url\":\"https:\\\/\\\/www.huanyumotor.com\\\/wp-content\\\/uploads\\\/2025\\\/11\\\/logo.webp\",\"contentUrl\":\"https:\\\/\\\/www.huanyumotor.com\\\/wp-content\\\/uploads\\\/2025\\\/11\\\/logo.webp\",\"width\":468,\"height\":242,\"caption\":\"Jining Huanzhongyu Electromechanical Co., Ltd.\"},\"image\":{\"@id\":\"https:\\\/\\\/www.huanyumotor.com\\\/#\\\/schema\\\/logo\\\/image\\\/\"},\"sameAs\":[\"https:\\\/\\\/www.facebook.com\\\/profile.php?id=61579475484242&sk=grid\"]}]}<\/script>\n<!-- \/ Yoast SEO plugin. -->","yoast_head_json":{"title":"120-degree Differential Permanent Magnet Brushless DC Square Wave Motor - Jining Huanzhongyu Electromechanical Co., Ltd.","robots":{"index":"index","follow":"follow","max-snippet":"max-snippet:-1","max-image-preview":"max-image-preview:large","max-video-preview":"max-video-preview:-1"},"canonical":"https:\/\/www.huanyumotor.com\/vi\/san-pham\/120-degree-differential-permanent-magnet-brushless-dc-square-wave-motor\/","og_locale":"vi_VN","og_type":"article","og_title":"120-degree Differential Permanent Magnet Brushless DC Square Wave Motor - Jining Huanzhongyu Electromechanical Co., Ltd.","og_description":"The Huanyu 120 Square Wave Motor is tailored for efficient power requirements of electric tricycles, caravans, leisure vehicles, and hand carts. This motor stands out in the market with its exceptional stability and high energy efficiency ratio.","og_url":"https:\/\/www.huanyumotor.com\/vi\/san-pham\/120-degree-differential-permanent-magnet-brushless-dc-square-wave-motor\/","og_site_name":"Jining Huanzhongyu Electromechanical Co., Ltd.","article_publisher":"https:\/\/www.facebook.com\/profile.php?id=61579475484242&sk=grid","og_image":[{"width":800,"height":800,"url":"https:\/\/www.huanyumotor.com\/wp-content\/uploads\/2025\/11\/7_1.jpg","type":"image\/jpeg"}],"twitter_card":"summary_large_image","twitter_misc":{"\u01af\u1edbc t\u00ednh th\u1eddi gian \u0111\u1ecdc":"1 ph\u00fat"},"schema":{"@context":"https:\/\/schema.org","@graph":[{"@type":"WebPage","@id":"https:\/\/www.huanyumotor.com\/product\/120-degree-differential-permanent-magnet-brushless-dc-square-wave-motor\/","url":"https:\/\/www.huanyumotor.com\/product\/120-degree-differential-permanent-magnet-brushless-dc-square-wave-motor\/","name":"120-degree Differential Permanent Magnet Brushless DC Square Wave Motor - Jining Huanzhongyu Electromechanical Co., Ltd.","isPartOf":{"@id":"https:\/\/www.huanyumotor.com\/#website"},"primaryImageOfPage":{"@id":"https:\/\/www.huanyumotor.com\/product\/120-degree-differential-permanent-magnet-brushless-dc-square-wave-motor\/#primaryimage"},"image":{"@id":"https:\/\/www.huanyumotor.com\/product\/120-degree-differential-permanent-magnet-brushless-dc-square-wave-motor\/#primaryimage"},"thumbnailUrl":"https:\/\/www.huanyumotor.com\/wp-content\/uploads\/2025\/11\/7_1.jpg","datePublished":"2025-11-12T02:33:48+00:00","breadcrumb":{"@id":"https:\/\/www.huanyumotor.com\/product\/120-degree-differential-permanent-magnet-brushless-dc-square-wave-motor\/#breadcrumb"},"inLanguage":"vi","potentialAction":[{"@type":"ReadAction","target":["https:\/\/www.huanyumotor.com\/product\/120-degree-differential-permanent-magnet-brushless-dc-square-wave-motor\/"]}]},{"@type":"ImageObject","inLanguage":"vi","@id":"https:\/\/www.huanyumotor.com\/product\/120-degree-differential-permanent-magnet-brushless-dc-square-wave-motor\/#primaryimage","url":"https:\/\/www.huanyumotor.com\/wp-content\/uploads\/2025\/11\/7_1.jpg","contentUrl":"https:\/\/www.huanyumotor.com\/wp-content\/uploads\/2025\/11\/7_1.jpg","width":800,"height":800},{"@type":"BreadcrumbList","@id":"https:\/\/www.huanyumotor.com\/product\/120-degree-differential-permanent-magnet-brushless-dc-square-wave-motor\/#breadcrumb","itemListElement":[{"@type":"ListItem","position":1,"name":"\u9996\u9875","item":"https:\/\/www.huanyumotor.com\/"},{"@type":"ListItem","position":2,"name":"Products","item":"https:\/\/www.huanyumotor.com\/products\/"},{"@type":"ListItem","position":3,"name":"120-degree Differential Permanent Magnet Brushless DC Square Wave Motor"}]},{"@type":"WebSite","@id":"https:\/\/www.huanyumotor.com\/#website","url":"https:\/\/www.huanyumotor.com\/","name":"C\u00f4ng ty TNHH \u0110i\u1ec7n c\u01a1 Jining Huanzhongyu.","description":"","publisher":{"@id":"https:\/\/www.huanyumotor.com\/#organization"},"potentialAction":[{"@type":"SearchAction","target":{"@type":"EntryPoint","urlTemplate":"https:\/\/www.huanyumotor.com\/?s={search_term_string}"},"query-input":{"@type":"PropertyValueSpecification","valueRequired":true,"valueName":"search_term_string"}}],"inLanguage":"vi"},{"@type":"Organization","@id":"https:\/\/www.huanyumotor.com\/#organization","name":"C\u00f4ng ty TNHH \u0110i\u1ec7n c\u01a1 Jining Huanzhongyu.","url":"https:\/\/www.huanyumotor.com\/","logo":{"@type":"ImageObject","inLanguage":"vi","@id":"https:\/\/www.huanyumotor.com\/#\/schema\/logo\/image\/","url":"https:\/\/www.huanyumotor.com\/wp-content\/uploads\/2025\/11\/logo.webp","contentUrl":"https:\/\/www.huanyumotor.com\/wp-content\/uploads\/2025\/11\/logo.webp","width":468,"height":242,"caption":"Jining Huanzhongyu Electromechanical Co., Ltd."},"image":{"@id":"https:\/\/www.huanyumotor.com\/#\/schema\/logo\/image\/"},"sameAs":["https:\/\/www.facebook.com\/profile.php?id=61579475484242&sk=grid"]}]}},"_links":{"self":[{"href":"https:\/\/www.huanyumotor.com\/vi\/wp-json\/wp\/v2\/product\/657","targetHints":{"allow":["GET"]}}],"collection":[{"href":"https:\/\/www.huanyumotor.com\/vi\/wp-json\/wp\/v2\/product"}],"about":[{"href":"https:\/\/www.huanyumotor.com\/vi\/wp-json\/wp\/v2\/types\/product"}],"wp:featuredmedia":[{"embeddable":true,"href":"https:\/\/www.huanyumotor.com\/vi\/wp-json\/wp\/v2\/media\/658"}],"wp:attachment":[{"href":"https:\/\/www.huanyumotor.com\/vi\/wp-json\/wp\/v2\/media?parent=657"}],"wp:term":[{"taxonomy":"product_brand","embeddable":true,"href":"https:\/\/www.huanyumotor.com\/vi\/wp-json\/wp\/v2\/product_brand?post=657"},{"taxonomy":"product_cat","embeddable":true,"href":"https:\/\/www.huanyumotor.com\/vi\/wp-json\/wp\/v2\/product_cat?post=657"},{"taxonomy":"product_tag","embeddable":true,"href":"https:\/\/www.huanyumotor.com\/vi\/wp-json\/wp\/v2\/product_tag?post=657"}],"curies":[{"name":"wp","href":"https:\/\/api.w.org\/{rel}","templated":true}]}}