{"id":661,"date":"2025-11-12T10:34:47","date_gmt":"2025-11-12T02:34:47","guid":{"rendered":"http:\/\/www.huanyumotor.com\/?post_type=product&#038;p=661"},"modified":"2025-11-12T10:34:47","modified_gmt":"2025-11-12T02:34:47","slug":"single-phase-asynchronous-ac-hydraulic-oil-pump-motor","status":"publish","type":"product","link":"https:\/\/www.huanyumotor.com\/vi\/san-pham\/single-phase-asynchronous-ac-hydraulic-oil-pump-motor\/","title":{"rendered":"\u0110\u1ed9ng c\u01a1 b\u01a1m d\u1ea7u th\u1ee7y l\u1ef1c xoay chi\u1ec1u kh\u00f4ng \u0111\u1ed3ng b\u1ed9 m\u1ed9t pha"},"content":{"rendered":"<p>\u0110\u1ed9ng c\u01a1 kh\u00f4ng \u0111\u1ed3ng b\u1ed9 b\u01a1m d\u1ea7u th\u1ee7y l\u1ef1c m\u1ed9t pha, tu\u00e2n th\u1ee7 c\u00e1c ti\u00eau chu\u1ea9n IEC, s\u1eed d\u1ee5ng nguy\u00ean li\u1ec7u th\u00f4 cao c\u1ea5p v\u00e0 s\u1edf h\u1eefu thi\u1ebft k\u1ebf t\u00edch h\u1ee3p ti\u00ean ti\u1ebfn. S\u1ea3n ph\u1ea9m mang l\u1ea1i hi\u1ec7u su\u1ea5t v\u01b0\u1ee3t tr\u1ed9i, \u0111\u1ed9 \u1ed3n th\u1ea5p, \u0111\u1ed9 rung t\u1ed1i thi\u1ec3u, v\u1eadn h\u00e0nh an to\u00e0n v\u00e0 \u0111\u00e1ng tin c\u1eady, ngo\u1ea1i h\u00ecnh th\u1ea9m m\u1ef9, k\u00edch th\u01b0\u1edbc nh\u1ecf g\u1ecdn, tr\u1ecdng l\u01b0\u1ee3ng nh\u1eb9, c\u1ea5u tr\u00fac \u0111\u01a1n gi\u1ea3n v\u00e0 thu\u1eadn ti\u1ec7n trong b\u1ea3o tr\u00ec.<\/p>\n<p>\u0110i\u1ec1u ki\u1ec7n v\u1eadn h\u00e0nh:<br \/>\nNhi\u1ec7t \u0111\u1ed9 m\u00f4i tr\u01b0\u1eddng: -15\u00b0C<br \/>\n\u0110\u1ed9 cao: Kh\u00f4ng qu\u00e1 1000m<br \/>\n\u0110i\u1ec7n \u00e1p \u0111\u1ecbnh m\u1ee9c: \u00b15%<br \/>\nT\u1ea7n s\u1ed1 \u0111\u1ecbnh m\u1ee9c: 50Hz, 60Hz<br \/>\nC\u1ea5p \u0111\u1ed9 b\u1ea3o v\u1ec7: IP54 ho\u1eb7c IP55<br \/>\nLo\u1ea1i c\u00e1ch nhi\u1ec7t: F, B<br \/>\nPh\u01b0\u01a1ng ph\u00e1p l\u00e0m m\u00e1t: IC0141<br \/>\nCh\u1ebf \u0111\u1ed9 ho\u1ea1t \u0111\u1ed9ng: Li\u00ean t\u1ee5c (S1)<\/p>","protected":false},"excerpt":{"rendered":"<p>\u0110\u1ed9ng c\u01a1 kh\u00f4ng \u0111\u1ed3ng b\u1ed9 b\u01a1m d\u1ea7u th\u1ee7y l\u1ef1c m\u1ed9t pha, tu\u00e2n th\u1ee7 c\u00e1c ti\u00eau chu\u1ea9n IEC, s\u1eed d\u1ee5ng nguy\u00ean li\u1ec7u th\u00f4 cao c\u1ea5p v\u00e0 s\u1edf h\u1eefu thi\u1ebft k\u1ebf t\u00edch h\u1ee3p ti\u00ean ti\u1ebfn. S\u1ea3n ph\u1ea9m mang l\u1ea1i hi\u1ec7u su\u1ea5t v\u01b0\u1ee3t tr\u1ed9i, \u0111\u1ed9 \u1ed3n th\u1ea5p, \u0111\u1ed9 rung t\u1ed1i thi\u1ec3u, v\u1eadn h\u00e0nh an to\u00e0n v\u00e0 \u0111\u00e1ng tin c\u1eady, ngo\u1ea1i h\u00ecnh th\u1ea9m m\u1ef9, k\u00edch th\u01b0\u1edbc nh\u1ecf g\u1ecdn, tr\u1ecdng l\u01b0\u1ee3ng nh\u1eb9, c\u1ea5u tr\u00fac \u0111\u01a1n gi\u1ea3n v\u00e0 thu\u1eadn ti\u1ec7n trong b\u1ea3o tr\u00ec.<\/p>","protected":false},"featured_media":662,"template":"","meta":{"site-sidebar-layout":"default","site-content-layout":"default","ast-site-content-layout":"default","site-content-style":"default","site-sidebar-style":"default","ast-global-header-display":"","ast-banner-title-visibility":"","ast-main-header-display":"","ast-hfb-above-header-display":"","ast-hfb-below-header-display":"","ast-hfb-mobile-header-display":"","site-post-title":"","ast-breadcrumbs-content":"","ast-featured-img":"","footer-sml-layout":"","ast-disable-related-posts":"","theme-transparent-header-meta":"default","adv-header-id-meta":"","stick-header-meta":"","header-above-stick-meta":"","header-main-stick-meta":"","header-below-stick-meta":"","astra-migrate-meta-layouts":"default","ast-page-background-enabled":"default","ast-page-background-meta":{"desktop":{"background-color":"","background-image":"","background-repeat":"repeat","background-position":"center center","background-size":"auto","background-attachment":"scroll","background-type":"","background-media":"","overlay-type":"","overlay-color":"","overlay-opacity":"","overlay-gradient":""},"tablet":{"background-color":"","background-image":"","background-repeat":"repeat","background-position":"center center","background-size":"auto","background-attachment":"scroll","background-type":"","background-media":"","overlay-type":"","overlay-color":"","overlay-opacity":"","overlay-gradient":""},"mobile":{"background-color":"","background-image":"","background-repeat":"repeat","background-position":"center center","background-size":"auto","background-attachment":"scroll","background-type":"","background-media":"","overlay-type":"","overlay-color":"","overlay-opacity":"","overlay-gradient":""}},"ast-content-background-meta":{"desktop":{"background-color":"var(--ast-global-color-5)","background-image":"","background-repeat":"repeat","background-position":"center center","background-size":"auto","background-attachment":"scroll","background-type":"","background-media":"","overlay-type":"","overlay-color":"","overlay-opacity":"","overlay-gradient":""},"tablet":{"background-color":"var(--ast-global-color-5)","background-image":"","background-repeat":"repeat","background-position":"center center","background-size":"auto","background-attachment":"scroll","background-type":"","background-media":"","overlay-type":"","overlay-color":"","overlay-opacity":"","overlay-gradient":""},"mobile":{"background-color":"var(--ast-global-color-5)","background-image":"","background-repeat":"repeat","background-position":"center center","background-size":"auto","background-attachment":"scroll","background-type":"","background-media":"","overlay-type":"","overlay-color":"","overlay-opacity":"","overlay-gradient":""}}},"product_brand":[],"product_cat":[25],"product_tag":[],"class_list":{"0":"post-661","1":"product","2":"type-product","3":"status-publish","4":"has-post-thumbnail","6":"product_cat-single-phase-asynchronous-ac-motor","7":"desktop-align-left","8":"tablet-align-left","9":"mobile-align-left","10":"ast-product-gallery-layout-vertical-slider","11":"ast-product-tabs-layout-horizontal","13":"first","14":"instock","15":"shipping-taxable","16":"product-type-simple"},"yoast_head":"<!-- This site is optimized with the Yoast SEO plugin v27.4 - https:\/\/yoast.com\/product\/yoast-seo-wordpress\/ -->\n<title>Single-phase asynchronous AC hydraulic oil pump motor - Jining Huanzhongyu Electromechanical Co., Ltd.<\/title>\n<meta name=\"robots\" content=\"index, follow, max-snippet:-1, max-image-preview:large, max-video-preview:-1\" \/>\n<link rel=\"canonical\" href=\"https:\/\/www.huanyumotor.com\/vi\/san-pham\/single-phase-asynchronous-ac-hydraulic-oil-pump-motor\/\" \/>\n<meta property=\"og:locale\" content=\"vi_VN\" \/>\n<meta property=\"og:type\" content=\"article\" \/>\n<meta property=\"og:title\" content=\"Single-phase asynchronous AC hydraulic oil pump motor - Jining Huanzhongyu Electromechanical Co., Ltd.\" \/>\n<meta property=\"og:description\" content=\"Single-phase hydraulic oil pump asynchronous motor, complying with IEC regulations, using premium raw materials and featuring a novel integrated design. It offers excellent performance, low noise, minimal vibration, safe and reliable operation, aesthetically pleasing appearance, compact size, lightweight, simple structure, and convenient maintenance.\" \/>\n<meta property=\"og:url\" content=\"https:\/\/www.huanyumotor.com\/vi\/san-pham\/single-phase-asynchronous-ac-hydraulic-oil-pump-motor\/\" \/>\n<meta property=\"og:site_name\" content=\"Jining Huanzhongyu Electromechanical Co., Ltd.\" \/>\n<meta property=\"article:publisher\" content=\"https:\/\/www.facebook.com\/profile.php?id=61579475484242&amp;sk=grid\" \/>\n<meta property=\"og:image\" content=\"https:\/\/www.huanyumotor.com\/wp-content\/uploads\/2025\/11\/6_1.jpg\" \/>\n\t<meta property=\"og:image:width\" content=\"800\" \/>\n\t<meta property=\"og:image:height\" content=\"800\" \/>\n\t<meta property=\"og:image:type\" content=\"image\/jpeg\" \/>\n<meta name=\"twitter:card\" content=\"summary_large_image\" \/>\n<script type=\"application\/ld+json\" class=\"yoast-schema-graph\">{\"@context\":\"https:\\\/\\\/schema.org\",\"@graph\":[{\"@type\":\"WebPage\",\"@id\":\"https:\\\/\\\/www.huanyumotor.com\\\/product\\\/single-phase-asynchronous-ac-hydraulic-oil-pump-motor\\\/\",\"url\":\"https:\\\/\\\/www.huanyumotor.com\\\/product\\\/single-phase-asynchronous-ac-hydraulic-oil-pump-motor\\\/\",\"name\":\"Single-phase asynchronous AC hydraulic oil pump motor - Jining Huanzhongyu Electromechanical Co., Ltd.\",\"isPartOf\":{\"@id\":\"https:\\\/\\\/www.huanyumotor.com\\\/#website\"},\"primaryImageOfPage\":{\"@id\":\"https:\\\/\\\/www.huanyumotor.com\\\/product\\\/single-phase-asynchronous-ac-hydraulic-oil-pump-motor\\\/#primaryimage\"},\"image\":{\"@id\":\"https:\\\/\\\/www.huanyumotor.com\\\/product\\\/single-phase-asynchronous-ac-hydraulic-oil-pump-motor\\\/#primaryimage\"},\"thumbnailUrl\":\"https:\\\/\\\/www.huanyumotor.com\\\/wp-content\\\/uploads\\\/2025\\\/11\\\/6_1.jpg\",\"datePublished\":\"2025-11-12T02:34:47+00:00\",\"breadcrumb\":{\"@id\":\"https:\\\/\\\/www.huanyumotor.com\\\/product\\\/single-phase-asynchronous-ac-hydraulic-oil-pump-motor\\\/#breadcrumb\"},\"inLanguage\":\"vi\",\"potentialAction\":[{\"@type\":\"ReadAction\",\"target\":[\"https:\\\/\\\/www.huanyumotor.com\\\/product\\\/single-phase-asynchronous-ac-hydraulic-oil-pump-motor\\\/\"]}]},{\"@type\":\"ImageObject\",\"inLanguage\":\"vi\",\"@id\":\"https:\\\/\\\/www.huanyumotor.com\\\/product\\\/single-phase-asynchronous-ac-hydraulic-oil-pump-motor\\\/#primaryimage\",\"url\":\"https:\\\/\\\/www.huanyumotor.com\\\/wp-content\\\/uploads\\\/2025\\\/11\\\/6_1.jpg\",\"contentUrl\":\"https:\\\/\\\/www.huanyumotor.com\\\/wp-content\\\/uploads\\\/2025\\\/11\\\/6_1.jpg\",\"width\":800,\"height\":800},{\"@type\":\"BreadcrumbList\",\"@id\":\"https:\\\/\\\/www.huanyumotor.com\\\/product\\\/single-phase-asynchronous-ac-hydraulic-oil-pump-motor\\\/#breadcrumb\",\"itemListElement\":[{\"@type\":\"ListItem\",\"position\":1,\"name\":\"\u9996\u9875\",\"item\":\"https:\\\/\\\/www.huanyumotor.com\\\/\"},{\"@type\":\"ListItem\",\"position\":2,\"name\":\"Products\",\"item\":\"https:\\\/\\\/www.huanyumotor.com\\\/products\\\/\"},{\"@type\":\"ListItem\",\"position\":3,\"name\":\"Single-phase asynchronous AC hydraulic oil pump motor\"}]},{\"@type\":\"WebSite\",\"@id\":\"https:\\\/\\\/www.huanyumotor.com\\\/#website\",\"url\":\"https:\\\/\\\/www.huanyumotor.com\\\/\",\"name\":\"Jining Huanzhongyu Electromechanical Co., Ltd.\",\"description\":\"\",\"publisher\":{\"@id\":\"https:\\\/\\\/www.huanyumotor.com\\\/#organization\"},\"potentialAction\":[{\"@type\":\"SearchAction\",\"target\":{\"@type\":\"EntryPoint\",\"urlTemplate\":\"https:\\\/\\\/www.huanyumotor.com\\\/?s={search_term_string}\"},\"query-input\":{\"@type\":\"PropertyValueSpecification\",\"valueRequired\":true,\"valueName\":\"search_term_string\"}}],\"inLanguage\":\"vi\"},{\"@type\":\"Organization\",\"@id\":\"https:\\\/\\\/www.huanyumotor.com\\\/#organization\",\"name\":\"Jining Huanzhongyu Electromechanical Co., Ltd.\",\"url\":\"https:\\\/\\\/www.huanyumotor.com\\\/\",\"logo\":{\"@type\":\"ImageObject\",\"inLanguage\":\"vi\",\"@id\":\"https:\\\/\\\/www.huanyumotor.com\\\/#\\\/schema\\\/logo\\\/image\\\/\",\"url\":\"https:\\\/\\\/www.huanyumotor.com\\\/wp-content\\\/uploads\\\/2025\\\/11\\\/logo.webp\",\"contentUrl\":\"https:\\\/\\\/www.huanyumotor.com\\\/wp-content\\\/uploads\\\/2025\\\/11\\\/logo.webp\",\"width\":468,\"height\":242,\"caption\":\"Jining Huanzhongyu Electromechanical Co., Ltd.\"},\"image\":{\"@id\":\"https:\\\/\\\/www.huanyumotor.com\\\/#\\\/schema\\\/logo\\\/image\\\/\"},\"sameAs\":[\"https:\\\/\\\/www.facebook.com\\\/profile.php?id=61579475484242&sk=grid\"]}]}<\/script>\n<!-- \/ Yoast SEO plugin. -->","yoast_head_json":{"title":"Single-phase asynchronous AC hydraulic oil pump motor - Jining Huanzhongyu Electromechanical Co., Ltd.","robots":{"index":"index","follow":"follow","max-snippet":"max-snippet:-1","max-image-preview":"max-image-preview:large","max-video-preview":"max-video-preview:-1"},"canonical":"https:\/\/www.huanyumotor.com\/vi\/san-pham\/single-phase-asynchronous-ac-hydraulic-oil-pump-motor\/","og_locale":"vi_VN","og_type":"article","og_title":"Single-phase asynchronous AC hydraulic oil pump motor - Jining Huanzhongyu Electromechanical Co., Ltd.","og_description":"Single-phase hydraulic oil pump asynchronous motor, complying with IEC regulations, using premium raw materials and featuring a novel integrated design. It offers excellent performance, low noise, minimal vibration, safe and reliable operation, aesthetically pleasing appearance, compact size, lightweight, simple structure, and convenient maintenance.","og_url":"https:\/\/www.huanyumotor.com\/vi\/san-pham\/single-phase-asynchronous-ac-hydraulic-oil-pump-motor\/","og_site_name":"Jining Huanzhongyu Electromechanical Co., Ltd.","article_publisher":"https:\/\/www.facebook.com\/profile.php?id=61579475484242&sk=grid","og_image":[{"width":800,"height":800,"url":"https:\/\/www.huanyumotor.com\/wp-content\/uploads\/2025\/11\/6_1.jpg","type":"image\/jpeg"}],"twitter_card":"summary_large_image","schema":{"@context":"https:\/\/schema.org","@graph":[{"@type":"WebPage","@id":"https:\/\/www.huanyumotor.com\/product\/single-phase-asynchronous-ac-hydraulic-oil-pump-motor\/","url":"https:\/\/www.huanyumotor.com\/product\/single-phase-asynchronous-ac-hydraulic-oil-pump-motor\/","name":"Single-phase asynchronous AC hydraulic oil pump motor - Jining Huanzhongyu Electromechanical Co., Ltd.","isPartOf":{"@id":"https:\/\/www.huanyumotor.com\/#website"},"primaryImageOfPage":{"@id":"https:\/\/www.huanyumotor.com\/product\/single-phase-asynchronous-ac-hydraulic-oil-pump-motor\/#primaryimage"},"image":{"@id":"https:\/\/www.huanyumotor.com\/product\/single-phase-asynchronous-ac-hydraulic-oil-pump-motor\/#primaryimage"},"thumbnailUrl":"https:\/\/www.huanyumotor.com\/wp-content\/uploads\/2025\/11\/6_1.jpg","datePublished":"2025-11-12T02:34:47+00:00","breadcrumb":{"@id":"https:\/\/www.huanyumotor.com\/product\/single-phase-asynchronous-ac-hydraulic-oil-pump-motor\/#breadcrumb"},"inLanguage":"vi","potentialAction":[{"@type":"ReadAction","target":["https:\/\/www.huanyumotor.com\/product\/single-phase-asynchronous-ac-hydraulic-oil-pump-motor\/"]}]},{"@type":"ImageObject","inLanguage":"vi","@id":"https:\/\/www.huanyumotor.com\/product\/single-phase-asynchronous-ac-hydraulic-oil-pump-motor\/#primaryimage","url":"https:\/\/www.huanyumotor.com\/wp-content\/uploads\/2025\/11\/6_1.jpg","contentUrl":"https:\/\/www.huanyumotor.com\/wp-content\/uploads\/2025\/11\/6_1.jpg","width":800,"height":800},{"@type":"BreadcrumbList","@id":"https:\/\/www.huanyumotor.com\/product\/single-phase-asynchronous-ac-hydraulic-oil-pump-motor\/#breadcrumb","itemListElement":[{"@type":"ListItem","position":1,"name":"\u9996\u9875","item":"https:\/\/www.huanyumotor.com\/"},{"@type":"ListItem","position":2,"name":"Products","item":"https:\/\/www.huanyumotor.com\/products\/"},{"@type":"ListItem","position":3,"name":"Single-phase asynchronous AC hydraulic oil pump motor"}]},{"@type":"WebSite","@id":"https:\/\/www.huanyumotor.com\/#website","url":"https:\/\/www.huanyumotor.com\/","name":"C\u00f4ng ty TNHH \u0110i\u1ec7n c\u01a1 Jining Huanzhongyu.","description":"","publisher":{"@id":"https:\/\/www.huanyumotor.com\/#organization"},"potentialAction":[{"@type":"SearchAction","target":{"@type":"EntryPoint","urlTemplate":"https:\/\/www.huanyumotor.com\/?s={search_term_string}"},"query-input":{"@type":"PropertyValueSpecification","valueRequired":true,"valueName":"search_term_string"}}],"inLanguage":"vi"},{"@type":"Organization","@id":"https:\/\/www.huanyumotor.com\/#organization","name":"C\u00f4ng ty TNHH \u0110i\u1ec7n c\u01a1 Jining Huanzhongyu.","url":"https:\/\/www.huanyumotor.com\/","logo":{"@type":"ImageObject","inLanguage":"vi","@id":"https:\/\/www.huanyumotor.com\/#\/schema\/logo\/image\/","url":"https:\/\/www.huanyumotor.com\/wp-content\/uploads\/2025\/11\/logo.webp","contentUrl":"https:\/\/www.huanyumotor.com\/wp-content\/uploads\/2025\/11\/logo.webp","width":468,"height":242,"caption":"Jining Huanzhongyu Electromechanical Co., Ltd."},"image":{"@id":"https:\/\/www.huanyumotor.com\/#\/schema\/logo\/image\/"},"sameAs":["https:\/\/www.facebook.com\/profile.php?id=61579475484242&sk=grid"]}]}},"_links":{"self":[{"href":"https:\/\/www.huanyumotor.com\/vi\/wp-json\/wp\/v2\/product\/661","targetHints":{"allow":["GET"]}}],"collection":[{"href":"https:\/\/www.huanyumotor.com\/vi\/wp-json\/wp\/v2\/product"}],"about":[{"href":"https:\/\/www.huanyumotor.com\/vi\/wp-json\/wp\/v2\/types\/product"}],"wp:featuredmedia":[{"embeddable":true,"href":"https:\/\/www.huanyumotor.com\/vi\/wp-json\/wp\/v2\/media\/662"}],"wp:attachment":[{"href":"https:\/\/www.huanyumotor.com\/vi\/wp-json\/wp\/v2\/media?parent=661"}],"wp:term":[{"taxonomy":"product_brand","embeddable":true,"href":"https:\/\/www.huanyumotor.com\/vi\/wp-json\/wp\/v2\/product_brand?post=661"},{"taxonomy":"product_cat","embeddable":true,"href":"https:\/\/www.huanyumotor.com\/vi\/wp-json\/wp\/v2\/product_cat?post=661"},{"taxonomy":"product_tag","embeddable":true,"href":"https:\/\/www.huanyumotor.com\/vi\/wp-json\/wp\/v2\/product_tag?post=661"}],"curies":[{"name":"wp","href":"https:\/\/api.w.org\/{rel}","templated":true}]}}