{"id":665,"date":"2025-11-12T10:35:35","date_gmt":"2025-11-12T02:35:35","guid":{"rendered":"http:\/\/www.huanyumotor.com\/?post_type=product&#038;p=665"},"modified":"2025-11-12T10:35:35","modified_gmt":"2025-11-12T02:35:35","slug":"ms-series-aluminum-shell-electric-motor","status":"publish","type":"product","link":"https:\/\/www.huanyumotor.com\/vi\/san-pham\/ms-series-aluminum-shell-electric-motor\/","title":{"rendered":"\u0110\u1ed9ng c\u01a1 \u0111i\u1ec7n v\u1ecf nh\u00f4m d\u00f2ng MS"},"content":{"rendered":"<p>\u0110\u1ed9ng c\u01a1 ba pha kh\u00f4ng \u0111\u1ed3ng b\u1ed9 v\u1ecf nh\u00f4m d\u00f2ng MS tu\u00e2n th\u1ee7 c\u00e1c quy \u0111\u1ecbnh li\u00ean quan c\u1ee7a Hi\u1ec7p h\u1ed9i K\u1ef9 thu\u1eadt \u0110i\u1ec7n Qu\u1ed1c t\u1ebf (IEC), s\u1eed d\u1ee5ng nguy\u00ean li\u1ec7u th\u00f4 ch\u1ea5t l\u01b0\u1ee3ng cao v\u00e0 \u00e1p d\u1ee5ng thi\u1ebft k\u1ebf t\u1ed5ng th\u1ec3 m\u1edbi c\u1ee7a Zui. S\u1ea3n ph\u1ea9m n\u00e0y c\u00f3 nh\u1eefng \u01b0u \u0111i\u1ec3m nh\u01b0 hi\u1ec7u su\u1ea5t cao, \u0111\u1ed9 \u1ed3n th\u1ea5p, \u0111\u1ed9 rung nh\u1ecf, v\u1eadn h\u00e0nh an to\u00e0n v\u00e0 \u0111\u00e1ng tin c\u1eady, ngo\u1ea1i h\u00ecnh \u0111\u1eb9p, k\u00edch th\u01b0\u1edbc nh\u1ecf g\u1ecdn, tr\u1ecdng l\u01b0\u1ee3ng nh\u1eb9, c\u1ea5u tr\u00fac \u0111\u01a1n gi\u1ea3n v\u00e0 d\u1ec5 b\u1ea3o tr\u00ec.<\/p>\n<p>\u0110i\u1ec1u ki\u1ec7n s\u1eed d\u1ee5ng:<br \/>\nNhi\u1ec7t \u0111\u1ed9 m\u00f4i tr\u01b0\u1eddng: -15 \u00b0C<br \/>\n\u0110\u1ed9 cao: kh\u00f4ng qu\u00e1 1000m<br \/>\n\u0110i\u1ec7n \u00e1p \u0111\u1ecbnh m\u1ee9c: \u00b1 5%<br \/>\nT\u1ea7n s\u1ed1 \u0111\u1ecbnh m\u1ee9c: 50Hz, 60Hz<br \/>\nC\u1ea5p \u0111\u1ed9 b\u1ea3o v\u1ec7: IP54 ho\u1eb7c IP55<br \/>\nM\u1ee9c \u0111\u1ed9 c\u1ea1nh: f, b<br \/>\nPh\u01b0\u01a1ng ph\u00e1p l\u00e0m m\u00e1t: ic0141<br \/>\nCh\u1ebf \u0111\u1ed9 ho\u1ea1t \u0111\u1ed9ng: li\u00ean t\u1ee5c s1<\/p>","protected":false},"excerpt":{"rendered":"<p>\u0110\u1ed9ng c\u01a1 ba pha kh\u00f4ng \u0111\u1ed3ng b\u1ed9 v\u1ecf nh\u00f4m d\u00f2ng MS tu\u00e2n th\u1ee7 c\u00e1c quy \u0111\u1ecbnh li\u00ean quan c\u1ee7a Hi\u1ec7p h\u1ed9i K\u1ef9 thu\u1eadt \u0110i\u1ec7n Qu\u1ed1c t\u1ebf (IEC), s\u1eed d\u1ee5ng nguy\u00ean li\u1ec7u th\u00f4 ch\u1ea5t l\u01b0\u1ee3ng cao v\u00e0 \u00e1p d\u1ee5ng thi\u1ebft k\u1ebf t\u1ed5ng th\u1ec3 m\u1edbi c\u1ee7a Zui. S\u1ea3n ph\u1ea9m n\u00e0y c\u00f3 nh\u1eefng \u01b0u \u0111i\u1ec3m nh\u01b0 hi\u1ec7u su\u1ea5t cao, \u0111\u1ed9 \u1ed3n th\u1ea5p, \u0111\u1ed9 rung nh\u1ecf, v\u1eadn h\u00e0nh an to\u00e0n v\u00e0 \u0111\u00e1ng tin c\u1eady, ngo\u1ea1i h\u00ecnh \u0111\u1eb9p, k\u00edch th\u01b0\u1edbc nh\u1ecf g\u1ecdn, tr\u1ecdng l\u01b0\u1ee3ng nh\u1eb9, c\u1ea5u tr\u00fac \u0111\u01a1n gi\u1ea3n v\u00e0 d\u1ec5 b\u1ea3o tr\u00ec.<\/p>","protected":false},"featured_media":666,"template":"","meta":{"site-sidebar-layout":"default","site-content-layout":"default","ast-site-content-layout":"default","site-content-style":"default","site-sidebar-style":"default","ast-global-header-display":"","ast-banner-title-visibility":"","ast-main-header-display":"","ast-hfb-above-header-display":"","ast-hfb-below-header-display":"","ast-hfb-mobile-header-display":"","site-post-title":"","ast-breadcrumbs-content":"","ast-featured-img":"","footer-sml-layout":"","ast-disable-related-posts":"","theme-transparent-header-meta":"default","adv-header-id-meta":"","stick-header-meta":"","header-above-stick-meta":"","header-main-stick-meta":"","header-below-stick-meta":"","astra-migrate-meta-layouts":"default","ast-page-background-enabled":"default","ast-page-background-meta":{"desktop":{"background-color":"","background-image":"","background-repeat":"repeat","background-position":"center center","background-size":"auto","background-attachment":"scroll","background-type":"","background-media":"","overlay-type":"","overlay-color":"","overlay-opacity":"","overlay-gradient":""},"tablet":{"background-color":"","background-image":"","background-repeat":"repeat","background-position":"center center","background-size":"auto","background-attachment":"scroll","background-type":"","background-media":"","overlay-type":"","overlay-color":"","overlay-opacity":"","overlay-gradient":""},"mobile":{"background-color":"","background-image":"","background-repeat":"repeat","background-position":"center center","background-size":"auto","background-attachment":"scroll","background-type":"","background-media":"","overlay-type":"","overlay-color":"","overlay-opacity":"","overlay-gradient":""}},"ast-content-background-meta":{"desktop":{"background-color":"var(--ast-global-color-5)","background-image":"","background-repeat":"repeat","background-position":"center center","background-size":"auto","background-attachment":"scroll","background-type":"","background-media":"","overlay-type":"","overlay-color":"","overlay-opacity":"","overlay-gradient":""},"tablet":{"background-color":"var(--ast-global-color-5)","background-image":"","background-repeat":"repeat","background-position":"center center","background-size":"auto","background-attachment":"scroll","background-type":"","background-media":"","overlay-type":"","overlay-color":"","overlay-opacity":"","overlay-gradient":""},"mobile":{"background-color":"var(--ast-global-color-5)","background-image":"","background-repeat":"repeat","background-position":"center center","background-size":"auto","background-attachment":"scroll","background-type":"","background-media":"","overlay-type":"","overlay-color":"","overlay-opacity":"","overlay-gradient":""}}},"product_brand":[],"product_cat":[21],"product_tag":[],"class_list":{"0":"post-665","1":"product","2":"type-product","3":"status-publish","4":"has-post-thumbnail","6":"product_cat-three-phase-asynchronous-ac-motor","7":"desktop-align-left","8":"tablet-align-left","9":"mobile-align-left","10":"ast-product-gallery-layout-vertical-slider","11":"ast-product-tabs-layout-horizontal","13":"first","14":"instock","15":"shipping-taxable","16":"product-type-simple"},"yoast_head":"<!-- This site is optimized with the Yoast SEO plugin v27.4 - https:\/\/yoast.com\/product\/yoast-seo-wordpress\/ -->\n<title>MS series aluminum shell electric motor - Jining Huanzhongyu Electromechanical Co., Ltd.<\/title>\n<meta name=\"robots\" content=\"index, follow, max-snippet:-1, max-image-preview:large, max-video-preview:-1\" \/>\n<link rel=\"canonical\" href=\"https:\/\/www.huanyumotor.com\/vi\/san-pham\/ms-series-aluminum-shell-electric-motor\/\" \/>\n<meta property=\"og:locale\" content=\"vi_VN\" \/>\n<meta property=\"og:type\" content=\"article\" \/>\n<meta property=\"og:title\" content=\"MS series aluminum shell electric motor - Jining Huanzhongyu Electromechanical Co., Ltd.\" \/>\n<meta property=\"og:description\" content=\"The MS series aluminum shell three-phase asynchronous motor complies with the relevant regulations of the International Electrotechnical Association (IEC), uses high-quality raw materials, and adopts Zui&#039;s new overall design. It has the advantages of good performance, low noise, small vibration, safe and reliable operation, beautiful appearance, small size, light weight, simple structure, and easy maintenance.\" \/>\n<meta property=\"og:url\" content=\"https:\/\/www.huanyumotor.com\/vi\/san-pham\/ms-series-aluminum-shell-electric-motor\/\" \/>\n<meta property=\"og:site_name\" content=\"Jining Huanzhongyu Electromechanical Co., Ltd.\" \/>\n<meta property=\"article:publisher\" content=\"https:\/\/www.facebook.com\/profile.php?id=61579475484242&amp;sk=grid\" \/>\n<meta property=\"og:image\" content=\"https:\/\/www.huanyumotor.com\/wp-content\/uploads\/2025\/11\/5_1.jpg\" \/>\n\t<meta property=\"og:image:width\" content=\"800\" \/>\n\t<meta property=\"og:image:height\" content=\"800\" \/>\n\t<meta property=\"og:image:type\" content=\"image\/jpeg\" \/>\n<meta name=\"twitter:card\" content=\"summary_large_image\" \/>\n<script type=\"application\/ld+json\" class=\"yoast-schema-graph\">{\"@context\":\"https:\\\/\\\/schema.org\",\"@graph\":[{\"@type\":\"WebPage\",\"@id\":\"https:\\\/\\\/www.huanyumotor.com\\\/product\\\/ms-series-aluminum-shell-electric-motor\\\/\",\"url\":\"https:\\\/\\\/www.huanyumotor.com\\\/product\\\/ms-series-aluminum-shell-electric-motor\\\/\",\"name\":\"MS series aluminum shell electric motor - Jining Huanzhongyu Electromechanical Co., Ltd.\",\"isPartOf\":{\"@id\":\"https:\\\/\\\/www.huanyumotor.com\\\/#website\"},\"primaryImageOfPage\":{\"@id\":\"https:\\\/\\\/www.huanyumotor.com\\\/product\\\/ms-series-aluminum-shell-electric-motor\\\/#primaryimage\"},\"image\":{\"@id\":\"https:\\\/\\\/www.huanyumotor.com\\\/product\\\/ms-series-aluminum-shell-electric-motor\\\/#primaryimage\"},\"thumbnailUrl\":\"https:\\\/\\\/www.huanyumotor.com\\\/wp-content\\\/uploads\\\/2025\\\/11\\\/5_1.jpg\",\"datePublished\":\"2025-11-12T02:35:35+00:00\",\"breadcrumb\":{\"@id\":\"https:\\\/\\\/www.huanyumotor.com\\\/product\\\/ms-series-aluminum-shell-electric-motor\\\/#breadcrumb\"},\"inLanguage\":\"vi\",\"potentialAction\":[{\"@type\":\"ReadAction\",\"target\":[\"https:\\\/\\\/www.huanyumotor.com\\\/product\\\/ms-series-aluminum-shell-electric-motor\\\/\"]}]},{\"@type\":\"ImageObject\",\"inLanguage\":\"vi\",\"@id\":\"https:\\\/\\\/www.huanyumotor.com\\\/product\\\/ms-series-aluminum-shell-electric-motor\\\/#primaryimage\",\"url\":\"https:\\\/\\\/www.huanyumotor.com\\\/wp-content\\\/uploads\\\/2025\\\/11\\\/5_1.jpg\",\"contentUrl\":\"https:\\\/\\\/www.huanyumotor.com\\\/wp-content\\\/uploads\\\/2025\\\/11\\\/5_1.jpg\",\"width\":800,\"height\":800},{\"@type\":\"BreadcrumbList\",\"@id\":\"https:\\\/\\\/www.huanyumotor.com\\\/product\\\/ms-series-aluminum-shell-electric-motor\\\/#breadcrumb\",\"itemListElement\":[{\"@type\":\"ListItem\",\"position\":1,\"name\":\"\u9996\u9875\",\"item\":\"https:\\\/\\\/www.huanyumotor.com\\\/\"},{\"@type\":\"ListItem\",\"position\":2,\"name\":\"Products\",\"item\":\"https:\\\/\\\/www.huanyumotor.com\\\/products\\\/\"},{\"@type\":\"ListItem\",\"position\":3,\"name\":\"MS series aluminum shell electric motor\"}]},{\"@type\":\"WebSite\",\"@id\":\"https:\\\/\\\/www.huanyumotor.com\\\/#website\",\"url\":\"https:\\\/\\\/www.huanyumotor.com\\\/\",\"name\":\"Jining Huanzhongyu Electromechanical Co., Ltd.\",\"description\":\"\",\"publisher\":{\"@id\":\"https:\\\/\\\/www.huanyumotor.com\\\/#organization\"},\"potentialAction\":[{\"@type\":\"SearchAction\",\"target\":{\"@type\":\"EntryPoint\",\"urlTemplate\":\"https:\\\/\\\/www.huanyumotor.com\\\/?s={search_term_string}\"},\"query-input\":{\"@type\":\"PropertyValueSpecification\",\"valueRequired\":true,\"valueName\":\"search_term_string\"}}],\"inLanguage\":\"vi\"},{\"@type\":\"Organization\",\"@id\":\"https:\\\/\\\/www.huanyumotor.com\\\/#organization\",\"name\":\"Jining Huanzhongyu Electromechanical Co., Ltd.\",\"url\":\"https:\\\/\\\/www.huanyumotor.com\\\/\",\"logo\":{\"@type\":\"ImageObject\",\"inLanguage\":\"vi\",\"@id\":\"https:\\\/\\\/www.huanyumotor.com\\\/#\\\/schema\\\/logo\\\/image\\\/\",\"url\":\"https:\\\/\\\/www.huanyumotor.com\\\/wp-content\\\/uploads\\\/2025\\\/11\\\/logo.webp\",\"contentUrl\":\"https:\\\/\\\/www.huanyumotor.com\\\/wp-content\\\/uploads\\\/2025\\\/11\\\/logo.webp\",\"width\":468,\"height\":242,\"caption\":\"Jining Huanzhongyu Electromechanical Co., Ltd.\"},\"image\":{\"@id\":\"https:\\\/\\\/www.huanyumotor.com\\\/#\\\/schema\\\/logo\\\/image\\\/\"},\"sameAs\":[\"https:\\\/\\\/www.facebook.com\\\/profile.php?id=61579475484242&sk=grid\"]}]}<\/script>\n<!-- \/ Yoast SEO plugin. -->","yoast_head_json":{"title":"MS series aluminum shell electric motor - Jining Huanzhongyu Electromechanical Co., Ltd.","robots":{"index":"index","follow":"follow","max-snippet":"max-snippet:-1","max-image-preview":"max-image-preview:large","max-video-preview":"max-video-preview:-1"},"canonical":"https:\/\/www.huanyumotor.com\/vi\/san-pham\/ms-series-aluminum-shell-electric-motor\/","og_locale":"vi_VN","og_type":"article","og_title":"MS series aluminum shell electric motor - Jining Huanzhongyu Electromechanical Co., Ltd.","og_description":"The MS series aluminum shell three-phase asynchronous motor complies with the relevant regulations of the International Electrotechnical Association (IEC), uses high-quality raw materials, and adopts Zui's new overall design. It has the advantages of good performance, low noise, small vibration, safe and reliable operation, beautiful appearance, small size, light weight, simple structure, and easy maintenance.","og_url":"https:\/\/www.huanyumotor.com\/vi\/san-pham\/ms-series-aluminum-shell-electric-motor\/","og_site_name":"Jining Huanzhongyu Electromechanical Co., Ltd.","article_publisher":"https:\/\/www.facebook.com\/profile.php?id=61579475484242&sk=grid","og_image":[{"width":800,"height":800,"url":"https:\/\/www.huanyumotor.com\/wp-content\/uploads\/2025\/11\/5_1.jpg","type":"image\/jpeg"}],"twitter_card":"summary_large_image","schema":{"@context":"https:\/\/schema.org","@graph":[{"@type":"WebPage","@id":"https:\/\/www.huanyumotor.com\/product\/ms-series-aluminum-shell-electric-motor\/","url":"https:\/\/www.huanyumotor.com\/product\/ms-series-aluminum-shell-electric-motor\/","name":"MS series aluminum shell electric motor - Jining Huanzhongyu Electromechanical Co., Ltd.","isPartOf":{"@id":"https:\/\/www.huanyumotor.com\/#website"},"primaryImageOfPage":{"@id":"https:\/\/www.huanyumotor.com\/product\/ms-series-aluminum-shell-electric-motor\/#primaryimage"},"image":{"@id":"https:\/\/www.huanyumotor.com\/product\/ms-series-aluminum-shell-electric-motor\/#primaryimage"},"thumbnailUrl":"https:\/\/www.huanyumotor.com\/wp-content\/uploads\/2025\/11\/5_1.jpg","datePublished":"2025-11-12T02:35:35+00:00","breadcrumb":{"@id":"https:\/\/www.huanyumotor.com\/product\/ms-series-aluminum-shell-electric-motor\/#breadcrumb"},"inLanguage":"vi","potentialAction":[{"@type":"ReadAction","target":["https:\/\/www.huanyumotor.com\/product\/ms-series-aluminum-shell-electric-motor\/"]}]},{"@type":"ImageObject","inLanguage":"vi","@id":"https:\/\/www.huanyumotor.com\/product\/ms-series-aluminum-shell-electric-motor\/#primaryimage","url":"https:\/\/www.huanyumotor.com\/wp-content\/uploads\/2025\/11\/5_1.jpg","contentUrl":"https:\/\/www.huanyumotor.com\/wp-content\/uploads\/2025\/11\/5_1.jpg","width":800,"height":800},{"@type":"BreadcrumbList","@id":"https:\/\/www.huanyumotor.com\/product\/ms-series-aluminum-shell-electric-motor\/#breadcrumb","itemListElement":[{"@type":"ListItem","position":1,"name":"\u9996\u9875","item":"https:\/\/www.huanyumotor.com\/"},{"@type":"ListItem","position":2,"name":"Products","item":"https:\/\/www.huanyumotor.com\/products\/"},{"@type":"ListItem","position":3,"name":"MS series aluminum shell electric motor"}]},{"@type":"WebSite","@id":"https:\/\/www.huanyumotor.com\/#website","url":"https:\/\/www.huanyumotor.com\/","name":"C\u00f4ng ty TNHH \u0110i\u1ec7n c\u01a1 Jining Huanzhongyu.","description":"","publisher":{"@id":"https:\/\/www.huanyumotor.com\/#organization"},"potentialAction":[{"@type":"SearchAction","target":{"@type":"EntryPoint","urlTemplate":"https:\/\/www.huanyumotor.com\/?s={search_term_string}"},"query-input":{"@type":"PropertyValueSpecification","valueRequired":true,"valueName":"search_term_string"}}],"inLanguage":"vi"},{"@type":"Organization","@id":"https:\/\/www.huanyumotor.com\/#organization","name":"C\u00f4ng ty TNHH \u0110i\u1ec7n c\u01a1 Jining Huanzhongyu.","url":"https:\/\/www.huanyumotor.com\/","logo":{"@type":"ImageObject","inLanguage":"vi","@id":"https:\/\/www.huanyumotor.com\/#\/schema\/logo\/image\/","url":"https:\/\/www.huanyumotor.com\/wp-content\/uploads\/2025\/11\/logo.webp","contentUrl":"https:\/\/www.huanyumotor.com\/wp-content\/uploads\/2025\/11\/logo.webp","width":468,"height":242,"caption":"Jining Huanzhongyu Electromechanical Co., Ltd."},"image":{"@id":"https:\/\/www.huanyumotor.com\/#\/schema\/logo\/image\/"},"sameAs":["https:\/\/www.facebook.com\/profile.php?id=61579475484242&sk=grid"]}]}},"_links":{"self":[{"href":"https:\/\/www.huanyumotor.com\/vi\/wp-json\/wp\/v2\/product\/665","targetHints":{"allow":["GET"]}}],"collection":[{"href":"https:\/\/www.huanyumotor.com\/vi\/wp-json\/wp\/v2\/product"}],"about":[{"href":"https:\/\/www.huanyumotor.com\/vi\/wp-json\/wp\/v2\/types\/product"}],"wp:featuredmedia":[{"embeddable":true,"href":"https:\/\/www.huanyumotor.com\/vi\/wp-json\/wp\/v2\/media\/666"}],"wp:attachment":[{"href":"https:\/\/www.huanyumotor.com\/vi\/wp-json\/wp\/v2\/media?parent=665"}],"wp:term":[{"taxonomy":"product_brand","embeddable":true,"href":"https:\/\/www.huanyumotor.com\/vi\/wp-json\/wp\/v2\/product_brand?post=665"},{"taxonomy":"product_cat","embeddable":true,"href":"https:\/\/www.huanyumotor.com\/vi\/wp-json\/wp\/v2\/product_cat?post=665"},{"taxonomy":"product_tag","embeddable":true,"href":"https:\/\/www.huanyumotor.com\/vi\/wp-json\/wp\/v2\/product_tag?post=665"}],"curies":[{"name":"wp","href":"https:\/\/api.w.org\/{rel}","templated":true}]}}