{"id":668,"date":"2025-11-12T10:37:00","date_gmt":"2025-11-12T02:37:00","guid":{"rendered":"http:\/\/www.huanyumotor.com\/?post_type=product&#038;p=668"},"modified":"2025-11-12T10:37:00","modified_gmt":"2025-11-12T02:37:00","slug":"yyb-series-three-phase-oil-pump-motor","status":"publish","type":"product","link":"https:\/\/www.huanyumotor.com\/vi\/san-pham\/yyb-series-three-phase-oil-pump-motor\/","title":{"rendered":"\u0110\u1ed9ng c\u01a1 b\u01a1m d\u1ea7u ba pha d\u00f2ng YYB"},"content":{"rendered":"<p>\u0110\u1ed9ng c\u01a1 b\u01a1m d\u1ea7u ba pha kh\u00f4ng \u0111\u1ed3ng b\u1ed9 d\u00f2ng YYB l\u00e0 s\u1ea3n ph\u1ea9m t\u00edch h\u1ee3p c\u01a1-\u0111i\u1ec7n \u0111\u01b0\u1ee3c thi\u1ebft k\u1ebf chuy\u00ean d\u1ee5ng cho c\u00e1c h\u1ec7 th\u1ed1ng th\u1ee7y l\u1ef1c. V\u1edbi c\u1ea5u tr\u00fac tr\u1ee5c b\u00ean trong cho ph\u00e9p k\u1ebft n\u1ed1i tr\u1ef1c ti\u1ebfp v\u1edbi b\u01a1m th\u1ee7y l\u1ef1c m\u00e0 kh\u00f4ng c\u1ea7n kh\u1edbp n\u1ed1i, s\u1ea3n ph\u1ea9m n\u00e0y s\u1edf h\u1eefu c\u00e1c \u0111\u1eb7c t\u00ednh nh\u01b0 c\u1ea5u tr\u00fac g\u1ecdn g\u00e0ng, k\u00edch th\u01b0\u1edbc nh\u1ecf, tr\u1ecdng l\u01b0\u1ee3ng nh\u1eb9, \u0111\u1ed9 rung th\u1ea5p, ti\u1ebfng \u1ed3n nh\u1ecf, hi\u1ec7u su\u1ea5t cao v\u00e0 tu\u1ed5i th\u1ecd d\u00e0i.<br \/>\n**T\u1ed5ng quan v\u1ec1 s\u1ea3n ph\u1ea9m**<br \/>\nD\u00f2ng \u0111\u1ed9ng c\u01a1 n\u00e0y l\u00e0 gi\u1ea3i ph\u00e1p truy\u1ec1n \u0111\u1ed9ng l\u00fd t\u01b0\u1edfng cho c\u00e1c h\u1ec7 th\u1ed1ng th\u1ee7y l\u1ef1c. Vi\u1ec7c k\u1ebft n\u1ed1i tr\u1ef1c ti\u1ebfp v\u1edbi c\u00e1c lo\u1ea1i b\u01a1m piston tr\u1ee5c, b\u01a1m b\u00e1nh r\u0103ng, b\u01a1m c\u00e1nh g\u1ea1t, v.v., t\u1ea1o th\u00e0nh c\u00e1c c\u1ee5m \u0111\u1ed9ng c\u01a1 b\u01a1m d\u1ea7u. So v\u1edbi c\u00e1c c\u1ee5m \u0111\u1ed9ng c\u01a1 b\u01a1m truy\u1ec1n th\u1ed1ng, gi\u1ea3i ph\u00e1p n\u00e0y lo\u1ea1i b\u1ecf c\u00e1c b\u1ed9 n\u1ed1i, \u0111\u1ebf b\u01a1m v\u00e0 t\u1ea5m \u0111\u1ebf chung, gi\u00fap gi\u1ea3m chi\u1ec1u d\u00e0i tr\u1ee5c kho\u1ea3ng 25% v\u00e0 t\u1ed1i \u01b0u h\u00f3a kh\u00f4ng gian l\u1eafp \u0111\u1eb7t \u0111\u1ed3ng th\u1eddi \u0111\u1ea3m b\u1ea3o ho\u1ea1t \u0111\u1ed9ng \u00eam \u00e1i h\u01a1n.<br \/>\n**Th\u00f4ng s\u1ed1 k\u1ef9 thu\u1eadt**<br \/>\n\u2013 K\u00edch th\u01b0\u1edbc khung: 90\u2013280<br \/>\n\u2013 D\u1ea3i c\u00f4ng su\u1ea5t: 0,37 kW\uff5e90 kW<br \/>\n\u2013 H\u1ec7 th\u1ed1ng v\u1eadn h\u00e0nh: S1 (ho\u1ea1t \u0111\u1ed9ng li\u00ean t\u1ee5c)<br \/>\n\u2013 Lo\u1ea1i c\u00e1ch nhi\u1ec7t: F<br \/>\n\u2013 C\u1ea5p \u0111\u1ed9 b\u1ea3o v\u1ec7: IP54\/IP55 (m\u1ed9t s\u1ed1 m\u1eabu)<br \/>\n\u2013 Ph\u01b0\u01a1ng ph\u00e1p l\u00e0m m\u00e1t: IC411<br \/>\n\u2013 \u0110i\u1ec7n \u00e1p: 380V (c\u00f3 th\u1ec3 \u0111i\u1ec1u ch\u1ec9nh trong kho\u1ea3ng 110\u2013660V)<br \/>\n\u2013 T\u1ea7n s\u1ed1: 50Hz\/60Hz<br \/>\n**L\u0129nh v\u1ef1c \u1ee9ng d\u1ee5ng**<br \/>\n\u0110\u01b0\u1ee3c s\u1eed d\u1ee5ng r\u1ed9ng r\u00e3i trong c\u00e1c thi\u1ebft b\u1ecb truy\u1ec1n \u0111\u1ed9ng th\u1ee7y l\u1ef1c nh\u01b0 m\u00e1y c\u00f4ng c\u1ee5, thi\u1ebft b\u1ecb r\u00e8n, thi\u1ebft b\u1ecb n\u00e2ng h\u1ea1, \u0111\u00f3ng t\u00e0u, m\u00e1y \u00e9p phun, luy\u1ec7n kim, m\u00e1y m\u00f3c x\u00e2y d\u1ef1ng v\u00e0 thi\u1ebft b\u1ecb khai th\u00e1c m\u1ecf. Ph\u00f9 h\u1ee3p \u0111\u1ec3 l\u1eafp gh\u00e9p v\u1edbi \u0111\u1ed9ng c\u01a1 c\u00f9ng c\u00e1c c\u1ee5m b\u01a1m CY-Y, b\u01a1m b\u00e1nh r\u0103ng, b\u01a1m c\u00e1nh g\u1ea1t v\u00e0 c\u00e1c lo\u1ea1i c\u1ee5m b\u01a1m piston kh\u00e1c.<br \/>\n**\u0110\u1eb7c \u0111i\u1ec3m s\u1ea3n ph\u1ea9m**<br \/>\n\u2013 **\u01afu \u0111i\u1ec3m v\u1ec1 c\u1ea5u tr\u00fac**: K\u1ebft n\u1ed1i tr\u1ef1c ti\u1ebfp gi\u1eefa b\u01a1m v\u00e0 \u0111\u1ed9ng c\u01a1 \u0111\u1ea3m b\u1ea3o \u0111\u1ed9 \u0111\u1ed3ng t\u00e2m cao, v\u1eadn h\u00e0nh \u00eam \u00e1i, \u0111\u1ed9 \u1ed3n th\u1ea5p v\u00e0 tu\u1ed5i th\u1ecd cao.<br \/>\n\u2013 **Ti\u1ec7n l\u1ee3i khi l\u1eafp \u0111\u1eb7t**: Quy tr\u00ecnh l\u1ef1a ch\u1ecdn c\u1ee7a ng\u01b0\u1eddi d\u00f9ng \u0111\u01b0\u1ee3c \u0111\u01a1n gi\u1ea3n h\u00f3a nh\u1edd tu\u00e2n th\u1ee7 c\u00e1c ti\u00eau chu\u1ea9n k\u1ebft n\u1ed1i \u0111\u1ed9ng c\u01a1 kh\u00f4ng \u0111\u1ed3ng b\u1ed9 B34, gi\u00fap lo\u1ea1i b\u1ecf vi\u1ec7c ph\u1ea3i t\u00ednh to\u00e1n k\u00edch th\u01b0\u1edbc l\u1eafp \u0111\u1eb7t c\u1ee7a b\u01a1m.<br \/>\n\u2013 **T\u1ed1i \u01b0u h\u00f3a kh\u00f4ng gian**: Thi\u1ebft k\u1ebf nh\u1ecf g\u1ecdn gi\u00fap ti\u1ebft ki\u1ec7m di\u1ec7n t\u00edch l\u1eafp \u0111\u1eb7t v\u00e0 gi\u1ea3m b\u1edbt s\u1ef1 ph\u1ee9c t\u1ea1p trong vi\u1ec7c b\u1ed1 tr\u00ed.<br \/>\n\u2013 **Hi\u1ec7u su\u1ea5t \u1ed5n \u0111\u1ecbnh**: M\u00f4-men xo\u1eafn kh\u1edfi \u0111\u1ed9ng cao, d\u00f2ng \u0111i\u1ec7n kh\u1edfi \u0111\u1ed9ng th\u1ea5p, t\u1ef7 l\u1ec7 tr\u01b0\u1ee3t cao v\u00e0 \u0111\u1eb7c t\u00ednh c\u01a1 h\u1ecdc \u00eam \u00e1i.<br \/>\n\u2013 **C\u00e1c ch\u1ee9ng nh\u1eadn to\u00e0n di\u1ec7n**: \u0110\u00e3 \u0111\u1ea1t ch\u1ee9ng nh\u1eadn b\u1eaft bu\u1ed9c c\u1ee7a Trung Qu\u1ed1c (3C) v\u00e0 ch\u1ee9ng nh\u1eadn an to\u00e0n CE.<br \/>\n**\u0110i\u1ec1u ki\u1ec7n v\u1eadn h\u00e0nh**<br \/>\n\u2013 Nhi\u1ec7t \u0111\u1ed9 m\u00f4i tr\u01b0\u1eddng: -15\u2103\uff5e+40\u2103<br \/>\n\u2013 \u0110\u1ed9 cao: \u22641000m<br \/>\n\u2013 Ngu\u1ed3n \u0111i\u1ec7n: Bi\u1ebfn \u0111\u1ed9ng \u0111i\u1ec7n \u00e1p \u00b15% (ng\u1eafn h\u1ea1n \u00b110%), bi\u1ebfn \u0111\u1ed9ng t\u1ea7n s\u1ed1 \u00b12% (ng\u1eafn h\u1ea1n \u00b15%)<\/p>","protected":false},"excerpt":{"rendered":"<p>\u0110\u1ed9ng c\u01a1 b\u01a1m d\u1ea7u ba pha kh\u00f4ng \u0111\u1ed3ng b\u1ed9 d\u00f2ng YYB l\u00e0 s\u1ea3n ph\u1ea9m t\u00edch h\u1ee3p c\u01a1-\u0111i\u1ec7n \u0111\u01b0\u1ee3c thi\u1ebft k\u1ebf chuy\u00ean d\u1ee5ng cho c\u00e1c h\u1ec7 th\u1ed1ng th\u1ee7y l\u1ef1c. V\u1edbi c\u1ea5u tr\u00fac tr\u1ee5c b\u00ean trong cho ph\u00e9p k\u1ebft n\u1ed1i tr\u1ef1c ti\u1ebfp v\u1edbi b\u01a1m th\u1ee7y l\u1ef1c m\u00e0 kh\u00f4ng c\u1ea7n kh\u1edbp n\u1ed1i, s\u1ea3n ph\u1ea9m n\u00e0y s\u1edf h\u1eefu c\u00e1c \u0111\u1eb7c t\u00ednh nh\u01b0 c\u1ea5u tr\u00fac g\u1ecdn g\u00e0ng, k\u00edch th\u01b0\u1edbc nh\u1ecf, tr\u1ecdng l\u01b0\u1ee3ng nh\u1eb9, \u0111\u1ed9 rung th\u1ea5p, ti\u1ebfng \u1ed3n nh\u1ecf, hi\u1ec7u su\u1ea5t cao v\u00e0 tu\u1ed5i th\u1ecd d\u00e0i.<\/p>","protected":false},"featured_media":669,"template":"","meta":{"site-sidebar-layout":"default","site-content-layout":"default","ast-site-content-layout":"default","site-content-style":"default","site-sidebar-style":"default","ast-global-header-display":"","ast-banner-title-visibility":"","ast-main-header-display":"","ast-hfb-above-header-display":"","ast-hfb-below-header-display":"","ast-hfb-mobile-header-display":"","site-post-title":"","ast-breadcrumbs-content":"","ast-featured-img":"","footer-sml-layout":"","ast-disable-related-posts":"","theme-transparent-header-meta":"default","adv-header-id-meta":"","stick-header-meta":"","header-above-stick-meta":"","header-main-stick-meta":"","header-below-stick-meta":"","astra-migrate-meta-layouts":"default","ast-page-background-enabled":"default","ast-page-background-meta":{"desktop":{"background-color":"","background-image":"","background-repeat":"repeat","background-position":"center center","background-size":"auto","background-attachment":"scroll","background-type":"","background-media":"","overlay-type":"","overlay-color":"","overlay-opacity":"","overlay-gradient":""},"tablet":{"background-color":"","background-image":"","background-repeat":"repeat","background-position":"center center","background-size":"auto","background-attachment":"scroll","background-type":"","background-media":"","overlay-type":"","overlay-color":"","overlay-opacity":"","overlay-gradient":""},"mobile":{"background-color":"","background-image":"","background-repeat":"repeat","background-position":"center center","background-size":"auto","background-attachment":"scroll","background-type":"","background-media":"","overlay-type":"","overlay-color":"","overlay-opacity":"","overlay-gradient":""}},"ast-content-background-meta":{"desktop":{"background-color":"var(--ast-global-color-5)","background-image":"","background-repeat":"repeat","background-position":"center center","background-size":"auto","background-attachment":"scroll","background-type":"","background-media":"","overlay-type":"","overlay-color":"","overlay-opacity":"","overlay-gradient":""},"tablet":{"background-color":"var(--ast-global-color-5)","background-image":"","background-repeat":"repeat","background-position":"center center","background-size":"auto","background-attachment":"scroll","background-type":"","background-media":"","overlay-type":"","overlay-color":"","overlay-opacity":"","overlay-gradient":""},"mobile":{"background-color":"var(--ast-global-color-5)","background-image":"","background-repeat":"repeat","background-position":"center center","background-size":"auto","background-attachment":"scroll","background-type":"","background-media":"","overlay-type":"","overlay-color":"","overlay-opacity":"","overlay-gradient":""}}},"product_brand":[],"product_cat":[21],"product_tag":[],"class_list":{"0":"post-668","1":"product","2":"type-product","3":"status-publish","4":"has-post-thumbnail","6":"product_cat-three-phase-asynchronous-ac-motor","7":"desktop-align-left","8":"tablet-align-left","9":"mobile-align-left","10":"ast-product-gallery-layout-vertical-slider","11":"ast-product-tabs-layout-horizontal","13":"first","14":"instock","15":"shipping-taxable","16":"product-type-simple"},"yoast_head":"<!-- This site is optimized with the Yoast SEO plugin v27.4 - https:\/\/yoast.com\/product\/yoast-seo-wordpress\/ -->\n<title>YYB Series Three-phase Oil Pump Motor - Jining Huanzhongyu Electromechanical Co., Ltd.<\/title>\n<meta name=\"robots\" content=\"index, follow, max-snippet:-1, max-image-preview:large, max-video-preview:-1\" \/>\n<link rel=\"canonical\" href=\"https:\/\/www.huanyumotor.com\/vi\/san-pham\/yyb-series-three-phase-oil-pump-motor\/\" \/>\n<meta property=\"og:locale\" content=\"vi_VN\" \/>\n<meta property=\"og:type\" content=\"article\" \/>\n<meta property=\"og:title\" content=\"YYB Series Three-phase Oil Pump Motor - Jining Huanzhongyu Electromechanical Co., Ltd.\" \/>\n<meta property=\"og:description\" content=\"YYB Series Three-Phase Asynchronous Oil Pump Motor is a mechanical-electrical integrated product specifically designed for hydraulic systems. Featuring an internal shaft structure that enables direct connection with hydraulic pumps without couplings, it boasts characteristics such as compact structure, small size, light weight, minimal vibration, low noise, high efficiency, and long service life.\" \/>\n<meta property=\"og:url\" content=\"https:\/\/www.huanyumotor.com\/vi\/san-pham\/yyb-series-three-phase-oil-pump-motor\/\" \/>\n<meta property=\"og:site_name\" content=\"Jining Huanzhongyu Electromechanical Co., Ltd.\" \/>\n<meta property=\"article:publisher\" content=\"https:\/\/www.facebook.com\/profile.php?id=61579475484242&amp;sk=grid\" \/>\n<meta property=\"og:image\" content=\"https:\/\/www.huanyumotor.com\/wp-content\/uploads\/2025\/11\/4_1.jpg\" \/>\n\t<meta property=\"og:image:width\" content=\"800\" \/>\n\t<meta property=\"og:image:height\" content=\"800\" \/>\n\t<meta property=\"og:image:type\" content=\"image\/jpeg\" \/>\n<meta name=\"twitter:card\" content=\"summary_large_image\" \/>\n<meta name=\"twitter:label1\" content=\"\u01af\u1edbc t\u00ednh th\u1eddi gian \u0111\u1ecdc\" \/>\n\t<meta name=\"twitter:data1\" content=\"1 ph\u00fat\" \/>\n<script type=\"application\/ld+json\" class=\"yoast-schema-graph\">{\"@context\":\"https:\\\/\\\/schema.org\",\"@graph\":[{\"@type\":\"WebPage\",\"@id\":\"https:\\\/\\\/www.huanyumotor.com\\\/product\\\/yyb-series-three-phase-oil-pump-motor\\\/\",\"url\":\"https:\\\/\\\/www.huanyumotor.com\\\/product\\\/yyb-series-three-phase-oil-pump-motor\\\/\",\"name\":\"YYB Series Three-phase Oil Pump Motor - Jining Huanzhongyu Electromechanical Co., Ltd.\",\"isPartOf\":{\"@id\":\"https:\\\/\\\/www.huanyumotor.com\\\/#website\"},\"primaryImageOfPage\":{\"@id\":\"https:\\\/\\\/www.huanyumotor.com\\\/product\\\/yyb-series-three-phase-oil-pump-motor\\\/#primaryimage\"},\"image\":{\"@id\":\"https:\\\/\\\/www.huanyumotor.com\\\/product\\\/yyb-series-three-phase-oil-pump-motor\\\/#primaryimage\"},\"thumbnailUrl\":\"https:\\\/\\\/www.huanyumotor.com\\\/wp-content\\\/uploads\\\/2025\\\/11\\\/4_1.jpg\",\"datePublished\":\"2025-11-12T02:37:00+00:00\",\"breadcrumb\":{\"@id\":\"https:\\\/\\\/www.huanyumotor.com\\\/product\\\/yyb-series-three-phase-oil-pump-motor\\\/#breadcrumb\"},\"inLanguage\":\"vi\",\"potentialAction\":[{\"@type\":\"ReadAction\",\"target\":[\"https:\\\/\\\/www.huanyumotor.com\\\/product\\\/yyb-series-three-phase-oil-pump-motor\\\/\"]}]},{\"@type\":\"ImageObject\",\"inLanguage\":\"vi\",\"@id\":\"https:\\\/\\\/www.huanyumotor.com\\\/product\\\/yyb-series-three-phase-oil-pump-motor\\\/#primaryimage\",\"url\":\"https:\\\/\\\/www.huanyumotor.com\\\/wp-content\\\/uploads\\\/2025\\\/11\\\/4_1.jpg\",\"contentUrl\":\"https:\\\/\\\/www.huanyumotor.com\\\/wp-content\\\/uploads\\\/2025\\\/11\\\/4_1.jpg\",\"width\":800,\"height\":800},{\"@type\":\"BreadcrumbList\",\"@id\":\"https:\\\/\\\/www.huanyumotor.com\\\/product\\\/yyb-series-three-phase-oil-pump-motor\\\/#breadcrumb\",\"itemListElement\":[{\"@type\":\"ListItem\",\"position\":1,\"name\":\"\u9996\u9875\",\"item\":\"https:\\\/\\\/www.huanyumotor.com\\\/\"},{\"@type\":\"ListItem\",\"position\":2,\"name\":\"Products\",\"item\":\"https:\\\/\\\/www.huanyumotor.com\\\/products\\\/\"},{\"@type\":\"ListItem\",\"position\":3,\"name\":\"YYB Series Three-phase Oil Pump Motor\"}]},{\"@type\":\"WebSite\",\"@id\":\"https:\\\/\\\/www.huanyumotor.com\\\/#website\",\"url\":\"https:\\\/\\\/www.huanyumotor.com\\\/\",\"name\":\"Jining Huanzhongyu Electromechanical Co., Ltd.\",\"description\":\"\",\"publisher\":{\"@id\":\"https:\\\/\\\/www.huanyumotor.com\\\/#organization\"},\"potentialAction\":[{\"@type\":\"SearchAction\",\"target\":{\"@type\":\"EntryPoint\",\"urlTemplate\":\"https:\\\/\\\/www.huanyumotor.com\\\/?s={search_term_string}\"},\"query-input\":{\"@type\":\"PropertyValueSpecification\",\"valueRequired\":true,\"valueName\":\"search_term_string\"}}],\"inLanguage\":\"vi\"},{\"@type\":\"Organization\",\"@id\":\"https:\\\/\\\/www.huanyumotor.com\\\/#organization\",\"name\":\"Jining Huanzhongyu Electromechanical Co., Ltd.\",\"url\":\"https:\\\/\\\/www.huanyumotor.com\\\/\",\"logo\":{\"@type\":\"ImageObject\",\"inLanguage\":\"vi\",\"@id\":\"https:\\\/\\\/www.huanyumotor.com\\\/#\\\/schema\\\/logo\\\/image\\\/\",\"url\":\"https:\\\/\\\/www.huanyumotor.com\\\/wp-content\\\/uploads\\\/2025\\\/11\\\/logo.webp\",\"contentUrl\":\"https:\\\/\\\/www.huanyumotor.com\\\/wp-content\\\/uploads\\\/2025\\\/11\\\/logo.webp\",\"width\":468,\"height\":242,\"caption\":\"Jining Huanzhongyu Electromechanical Co., Ltd.\"},\"image\":{\"@id\":\"https:\\\/\\\/www.huanyumotor.com\\\/#\\\/schema\\\/logo\\\/image\\\/\"},\"sameAs\":[\"https:\\\/\\\/www.facebook.com\\\/profile.php?id=61579475484242&sk=grid\"]}]}<\/script>\n<!-- \/ Yoast SEO plugin. -->","yoast_head_json":{"title":"YYB Series Three-phase Oil Pump Motor - Jining Huanzhongyu Electromechanical Co., Ltd.","robots":{"index":"index","follow":"follow","max-snippet":"max-snippet:-1","max-image-preview":"max-image-preview:large","max-video-preview":"max-video-preview:-1"},"canonical":"https:\/\/www.huanyumotor.com\/vi\/san-pham\/yyb-series-three-phase-oil-pump-motor\/","og_locale":"vi_VN","og_type":"article","og_title":"YYB Series Three-phase Oil Pump Motor - Jining Huanzhongyu Electromechanical Co., Ltd.","og_description":"YYB Series Three-Phase Asynchronous Oil Pump Motor is a mechanical-electrical integrated product specifically designed for hydraulic systems. Featuring an internal shaft structure that enables direct connection with hydraulic pumps without couplings, it boasts characteristics such as compact structure, small size, light weight, minimal vibration, low noise, high efficiency, and long service life.","og_url":"https:\/\/www.huanyumotor.com\/vi\/san-pham\/yyb-series-three-phase-oil-pump-motor\/","og_site_name":"Jining Huanzhongyu Electromechanical Co., Ltd.","article_publisher":"https:\/\/www.facebook.com\/profile.php?id=61579475484242&sk=grid","og_image":[{"width":800,"height":800,"url":"https:\/\/www.huanyumotor.com\/wp-content\/uploads\/2025\/11\/4_1.jpg","type":"image\/jpeg"}],"twitter_card":"summary_large_image","twitter_misc":{"\u01af\u1edbc t\u00ednh th\u1eddi gian \u0111\u1ecdc":"1 ph\u00fat"},"schema":{"@context":"https:\/\/schema.org","@graph":[{"@type":"WebPage","@id":"https:\/\/www.huanyumotor.com\/product\/yyb-series-three-phase-oil-pump-motor\/","url":"https:\/\/www.huanyumotor.com\/product\/yyb-series-three-phase-oil-pump-motor\/","name":"YYB Series Three-phase Oil Pump Motor - Jining Huanzhongyu Electromechanical Co., Ltd.","isPartOf":{"@id":"https:\/\/www.huanyumotor.com\/#website"},"primaryImageOfPage":{"@id":"https:\/\/www.huanyumotor.com\/product\/yyb-series-three-phase-oil-pump-motor\/#primaryimage"},"image":{"@id":"https:\/\/www.huanyumotor.com\/product\/yyb-series-three-phase-oil-pump-motor\/#primaryimage"},"thumbnailUrl":"https:\/\/www.huanyumotor.com\/wp-content\/uploads\/2025\/11\/4_1.jpg","datePublished":"2025-11-12T02:37:00+00:00","breadcrumb":{"@id":"https:\/\/www.huanyumotor.com\/product\/yyb-series-three-phase-oil-pump-motor\/#breadcrumb"},"inLanguage":"vi","potentialAction":[{"@type":"ReadAction","target":["https:\/\/www.huanyumotor.com\/product\/yyb-series-three-phase-oil-pump-motor\/"]}]},{"@type":"ImageObject","inLanguage":"vi","@id":"https:\/\/www.huanyumotor.com\/product\/yyb-series-three-phase-oil-pump-motor\/#primaryimage","url":"https:\/\/www.huanyumotor.com\/wp-content\/uploads\/2025\/11\/4_1.jpg","contentUrl":"https:\/\/www.huanyumotor.com\/wp-content\/uploads\/2025\/11\/4_1.jpg","width":800,"height":800},{"@type":"BreadcrumbList","@id":"https:\/\/www.huanyumotor.com\/product\/yyb-series-three-phase-oil-pump-motor\/#breadcrumb","itemListElement":[{"@type":"ListItem","position":1,"name":"\u9996\u9875","item":"https:\/\/www.huanyumotor.com\/"},{"@type":"ListItem","position":2,"name":"Products","item":"https:\/\/www.huanyumotor.com\/products\/"},{"@type":"ListItem","position":3,"name":"YYB Series Three-phase Oil Pump Motor"}]},{"@type":"WebSite","@id":"https:\/\/www.huanyumotor.com\/#website","url":"https:\/\/www.huanyumotor.com\/","name":"C\u00f4ng ty TNHH \u0110i\u1ec7n c\u01a1 Jining Huanzhongyu.","description":"","publisher":{"@id":"https:\/\/www.huanyumotor.com\/#organization"},"potentialAction":[{"@type":"SearchAction","target":{"@type":"EntryPoint","urlTemplate":"https:\/\/www.huanyumotor.com\/?s={search_term_string}"},"query-input":{"@type":"PropertyValueSpecification","valueRequired":true,"valueName":"search_term_string"}}],"inLanguage":"vi"},{"@type":"Organization","@id":"https:\/\/www.huanyumotor.com\/#organization","name":"C\u00f4ng ty TNHH \u0110i\u1ec7n c\u01a1 Jining Huanzhongyu.","url":"https:\/\/www.huanyumotor.com\/","logo":{"@type":"ImageObject","inLanguage":"vi","@id":"https:\/\/www.huanyumotor.com\/#\/schema\/logo\/image\/","url":"https:\/\/www.huanyumotor.com\/wp-content\/uploads\/2025\/11\/logo.webp","contentUrl":"https:\/\/www.huanyumotor.com\/wp-content\/uploads\/2025\/11\/logo.webp","width":468,"height":242,"caption":"Jining Huanzhongyu Electromechanical Co., Ltd."},"image":{"@id":"https:\/\/www.huanyumotor.com\/#\/schema\/logo\/image\/"},"sameAs":["https:\/\/www.facebook.com\/profile.php?id=61579475484242&sk=grid"]}]}},"_links":{"self":[{"href":"https:\/\/www.huanyumotor.com\/vi\/wp-json\/wp\/v2\/product\/668","targetHints":{"allow":["GET"]}}],"collection":[{"href":"https:\/\/www.huanyumotor.com\/vi\/wp-json\/wp\/v2\/product"}],"about":[{"href":"https:\/\/www.huanyumotor.com\/vi\/wp-json\/wp\/v2\/types\/product"}],"wp:featuredmedia":[{"embeddable":true,"href":"https:\/\/www.huanyumotor.com\/vi\/wp-json\/wp\/v2\/media\/669"}],"wp:attachment":[{"href":"https:\/\/www.huanyumotor.com\/vi\/wp-json\/wp\/v2\/media?parent=668"}],"wp:term":[{"taxonomy":"product_brand","embeddable":true,"href":"https:\/\/www.huanyumotor.com\/vi\/wp-json\/wp\/v2\/product_brand?post=668"},{"taxonomy":"product_cat","embeddable":true,"href":"https:\/\/www.huanyumotor.com\/vi\/wp-json\/wp\/v2\/product_cat?post=668"},{"taxonomy":"product_tag","embeddable":true,"href":"https:\/\/www.huanyumotor.com\/vi\/wp-json\/wp\/v2\/product_tag?post=668"}],"curies":[{"name":"wp","href":"https:\/\/api.w.org\/{rel}","templated":true}]}}