{"id":674,"date":"2025-11-12T10:37:21","date_gmt":"2025-11-12T02:37:21","guid":{"rendered":"http:\/\/www.huanyumotor.com\/?post_type=product&#038;p=674"},"modified":"2025-11-12T10:37:21","modified_gmt":"2025-11-12T02:37:21","slug":"yzu-series-three-phase-asynchronous-vibration-motor","status":"publish","type":"product","link":"https:\/\/www.huanyumotor.com\/vi\/san-pham\/yzu-series-three-phase-asynchronous-vibration-motor\/","title":{"rendered":"\u0110\u1ed9ng c\u01a1 rung ba pha kh\u00f4ng \u0111\u1ed3ng b\u1ed9 d\u00f2ng YZU"},"content":{"rendered":"<p>\u0110\u1ed9ng c\u01a1 rung ba pha kh\u00f4ng \u0111\u1ed3ng b\u1ed9 d\u00f2ng YZU l\u00e0 ngu\u1ed3n k\u00edch th\u00edch \u0111a n\u0103ng t\u00edch h\u1ee3p ngu\u1ed3n c\u1ea5p \u0111i\u1ec7n v\u00e0 ngu\u1ed3n k\u00edch th\u00edch. S\u1ea3n ph\u1ea9m n\u00e0y \u0111\u01b0\u1ee3c s\u1eed d\u1ee5ng r\u1ed9ng r\u00e3i trong nhi\u1ec1u lo\u1ea1i m\u00e1y m\u00f3c rung kh\u00e1c nhau.<\/p>\n<p>**\u0110\u1eb7c \u0111i\u1ec3m s\u1ea3n ph\u1ea9m:**<br \/>\nD\u00f2ng \u0111\u1ed9ng c\u01a1 rung n\u00e0y s\u1edf h\u1eefu nhi\u1ec1u \u0111\u1eb7c t\u00ednh k\u1ef9 thu\u1eadt v\u01b0\u1ee3t tr\u1ed9i:<br \/>\n\u2013 S\u1ef1 ph\u1ed1i h\u1ee3p t\u1ed1i \u01b0u gi\u1eefa l\u1ef1c k\u00edch th\u00edch v\u00e0 c\u00f4ng su\u1ea5t, mang l\u1ea1i l\u1ef1c rung m\u1ea1nh m\u1ebd v\u1edbi thi\u1ebft k\u1ebf nh\u1eb9 v\u00e0 nh\u1ecf g\u1ecdn, \u0111\u1ed3ng th\u1eddi duy tr\u00ec \u0111\u1ed9 \u1ed3n c\u01a1 h\u1ecdc \u1edf m\u1ee9c th\u1ea5p.<br \/>\n\u2013 Thi\u1ebft k\u1ebf rung ki\u1ec3u ch\u1ed1ng rung m\u1ea1nh m\u1ebd \u0111\u1ea3m b\u1ea3o bi\u00ean \u0111\u1ed9 \u1ed5n \u0111\u1ecbnh.<br \/>\n\u2013 D\u1ea3i t\u1ea7n s\u1ed1 rung r\u1ed9ng v\u1edbi kh\u1ea3 n\u0103ng \u0111i\u1ec1u ch\u1ec9nh ph\u1ea1m vi l\u1edbn th\u00f4ng qua vi\u1ec7c thay \u0111\u1ed5i t\u1ed1c \u0111\u1ed9.<br \/>\n\u2013 \u00cdt b\u1ecb \u1ea3nh h\u01b0\u1edfng b\u1edfi s\u1ef1 dao \u0111\u1ed9ng c\u1ee7a ngu\u1ed3n \u0111i\u1ec7n, \u0111\u1ea3m b\u1ea3o l\u1ef1c k\u00edch th\u00edch \u1ed5n \u0111\u1ecbnh.<br \/>\n\u2013 C\u00f3 th\u1ec3 \u0111i\u1ec1u ch\u1ec9nh h\u01b0\u1edbng c\u1ee7a l\u1ef1c k\u00edch th\u00edch th\u00f4ng qua c\u1ea5u h\u00ecnh l\u1eafp \u0111\u1eb7t.<br \/>\n\u2013 \u0110i\u1ec1u ch\u1ec9nh li\u00ean t\u1ee5c l\u1ef1c k\u00edch th\u00edch v\u00e0 bi\u00ean \u0111\u1ed9 ch\u1ec9 b\u1eb1ng c\u00e1ch thay \u0111\u1ed5i g\u00f3c c\u1ee7a c\u00e1c kh\u1ed1i l\u1ec7ch t\u00e2m.<br \/>\n\u2013 Y\u00eau c\u1ea7u b\u1ea3o tr\u00ec th\u1ea5p, ch\u1ec9 c\u1ea7n b\u1ea3o d\u01b0\u1ee1ng \u1ed5 tr\u1ee5c \u0111\u1ecbnh k\u1ef3.<\/p>\n<p>**Th\u00f4ng s\u1ed1 k\u1ef9 thu\u1eadt:**<br \/>\n\u2013 D\u1ea3i c\u00f4ng su\u1ea5t \u0111\u1ecbnh m\u1ee9c: 0,12\u201325 kW<br \/>\n\u2013 S\u1ed1 c\u1ef1c: 2\u20136 c\u1ef1c<br \/>\n\u2013 \u0110i\u1ec7n \u00e1p \u0111\u1ecbnh m\u1ee9c: 380V (c\u0169ng c\u00f3 s\u1eb5n c\u00e1c m\u1ee9c: 415V, 440V, 460V, 660V)<br \/>\n\u2013 T\u1ea7n s\u1ed1 ngu\u1ed3n: 50Hz (c\u0169ng c\u00f3 s\u1eb5n: 60Hz)<br \/>\n\u2013 C\u1ea5p \u0111\u1ed9 b\u1ea3o v\u1ec7: IP54\u2013IP55<br \/>\n\u2013 Lo\u1ea1i c\u00e1ch nhi\u1ec7t: B ho\u1eb7c F<br \/>\n\u2013 Ch\u1ebf \u0111\u1ed9 ho\u1ea1t \u0111\u1ed9ng: S1<\/p>\n<p>**\u1ee8ng d\u1ee5ng:**<br \/>\nV\u1edbi vai tr\u00f2 l\u00e0 ngu\u1ed3n \u0111i\u1ec7n \u0111a n\u0103ng cho c\u00e1c thi\u1ebft b\u1ecb rung, d\u00f2ng s\u1ea3n ph\u1ea9m YZU \u0111\u01b0\u1ee3c \u1ee9ng d\u1ee5ng r\u1ed9ng r\u00e3i trong c\u00e1c ng\u00e0nh c\u00f4ng nghi\u1ec7p nh\u01b0 than, luy\u1ec7n kim, khai kho\u00e1ng, \u0111i\u1ec7n l\u1ef1c, l\u01b0\u01a1ng th\u1ef1c, h\u00f3a ch\u1ea5t, \u0111\u00fac, xi m\u0103ng v\u00e0 c\u1ea3ng bi\u1ec3n. S\u1ea3n ph\u1ea9m n\u00e0y ph\u00f9 h\u1ee3p v\u1edbi c\u00e1c thi\u1ebft b\u1ecb bao g\u1ed3m m\u00e1y s\u00e0ng rung, m\u00e1y c\u1ea5p li\u1ec7u rung, b\u0103ng t\u1ea3i rung, m\u00e1y ph\u00e1 c\u00e1t rung, m\u00e1y x\u1ea3 qu\u1eb7ng rung v\u00e0 thi\u1ebft b\u1ecb ch\u1ed1ng t\u1eafc ngh\u1ebdn silo.<\/p>\n<p>**\u0110i\u1ec1u ki\u1ec7n v\u1eadn h\u00e0nh:**<br \/>\n\u0110\u1ed9ng c\u01a1 ho\u1ea1t \u0111\u1ed9ng \u1ed5n \u0111\u1ecbnh trong m\u00f4i tr\u01b0\u1eddng c\u00f3 nhi\u1ec7t \u0111\u1ed9 dao \u0111\u1ed9ng t\u1eeb -20\u00b0C \u0111\u1ebfn +40\u00b0C v\u00e0 \u0111\u1ed9 cao d\u01b0\u1edbi 1000m. Thi\u1ebft k\u1ebf c\u1ea5u tr\u00fac k\u00edn ho\u00e0n to\u00e0n gi\u00fap \u0111\u1ed9ng c\u01a1 duy tr\u00ec hi\u1ec7u su\u1ea5t \u1ed5n \u0111\u1ecbnh trong \u0111i\u1ec1u ki\u1ec7n b\u1ee5i b\u1ea9n m\u00e0 kh\u00f4ng c\u1ea7n thi\u1ebft b\u1ecb ch\u1ed1ng ch\u00e1y n\u1ed5<\/p>","protected":false},"excerpt":{"rendered":"<p>\u0110\u1ed9ng c\u01a1 rung ba pha kh\u00f4ng \u0111\u1ed3ng b\u1ed9 d\u00f2ng YZU l\u00e0 ngu\u1ed3n k\u00edch th\u00edch \u0111a n\u0103ng t\u00edch h\u1ee3p ngu\u1ed3n c\u1ea5p \u0111i\u1ec7n v\u00e0 ngu\u1ed3n k\u00edch th\u00edch. S\u1ea3n ph\u1ea9m n\u00e0y \u0111\u01b0\u1ee3c s\u1eed d\u1ee5ng r\u1ed9ng r\u00e3i trong nhi\u1ec1u lo\u1ea1i m\u00e1y m\u00f3c rung kh\u00e1c nhau.<\/p>","protected":false},"featured_media":675,"template":"","meta":{"site-sidebar-layout":"default","site-content-layout":"default","ast-site-content-layout":"default","site-content-style":"default","site-sidebar-style":"default","ast-global-header-display":"","ast-banner-title-visibility":"","ast-main-header-display":"","ast-hfb-above-header-display":"","ast-hfb-below-header-display":"","ast-hfb-mobile-header-display":"","site-post-title":"","ast-breadcrumbs-content":"","ast-featured-img":"","footer-sml-layout":"","ast-disable-related-posts":"","theme-transparent-header-meta":"default","adv-header-id-meta":"","stick-header-meta":"","header-above-stick-meta":"","header-main-stick-meta":"","header-below-stick-meta":"","astra-migrate-meta-layouts":"default","ast-page-background-enabled":"default","ast-page-background-meta":{"desktop":{"background-color":"","background-image":"","background-repeat":"repeat","background-position":"center center","background-size":"auto","background-attachment":"scroll","background-type":"","background-media":"","overlay-type":"","overlay-color":"","overlay-opacity":"","overlay-gradient":""},"tablet":{"background-color":"","background-image":"","background-repeat":"repeat","background-position":"center center","background-size":"auto","background-attachment":"scroll","background-type":"","background-media":"","overlay-type":"","overlay-color":"","overlay-opacity":"","overlay-gradient":""},"mobile":{"background-color":"","background-image":"","background-repeat":"repeat","background-position":"center center","background-size":"auto","background-attachment":"scroll","background-type":"","background-media":"","overlay-type":"","overlay-color":"","overlay-opacity":"","overlay-gradient":""}},"ast-content-background-meta":{"desktop":{"background-color":"var(--ast-global-color-5)","background-image":"","background-repeat":"repeat","background-position":"center center","background-size":"auto","background-attachment":"scroll","background-type":"","background-media":"","overlay-type":"","overlay-color":"","overlay-opacity":"","overlay-gradient":""},"tablet":{"background-color":"var(--ast-global-color-5)","background-image":"","background-repeat":"repeat","background-position":"center center","background-size":"auto","background-attachment":"scroll","background-type":"","background-media":"","overlay-type":"","overlay-color":"","overlay-opacity":"","overlay-gradient":""},"mobile":{"background-color":"var(--ast-global-color-5)","background-image":"","background-repeat":"repeat","background-position":"center center","background-size":"auto","background-attachment":"scroll","background-type":"","background-media":"","overlay-type":"","overlay-color":"","overlay-opacity":"","overlay-gradient":""}}},"product_brand":[],"product_cat":[21],"product_tag":[],"class_list":{"0":"post-674","1":"product","2":"type-product","3":"status-publish","4":"has-post-thumbnail","6":"product_cat-three-phase-asynchronous-ac-motor","7":"desktop-align-left","8":"tablet-align-left","9":"mobile-align-left","10":"ast-product-gallery-layout-vertical-slider","11":"ast-product-gallery-with-no-image","12":"ast-product-tabs-layout-horizontal","14":"first","15":"instock","16":"shipping-taxable","17":"product-type-simple"},"yoast_head":"<!-- This site is optimized with the Yoast SEO plugin v27.4 - https:\/\/yoast.com\/product\/yoast-seo-wordpress\/ -->\n<title>YZU Series Three-Phase Asynchronous Vibration Motor - Jining Huanzhongyu Electromechanical Co., Ltd.<\/title>\n<meta name=\"robots\" content=\"index, follow, max-snippet:-1, max-image-preview:large, max-video-preview:-1\" \/>\n<link rel=\"canonical\" href=\"https:\/\/www.huanyumotor.com\/vi\/san-pham\/yzu-series-three-phase-asynchronous-vibration-motor\/\" \/>\n<meta property=\"og:locale\" content=\"vi_VN\" \/>\n<meta property=\"og:type\" content=\"article\" \/>\n<meta property=\"og:title\" content=\"YZU Series Three-Phase Asynchronous Vibration Motor - Jining Huanzhongyu Electromechanical Co., Ltd.\" \/>\n<meta property=\"og:description\" content=\"YZU Series Three-Phase Asynchronous Vibrating Motor is a general-purpose excitation source that integrates power supply and excitation source. It is widely used in various vibration machinery.\" \/>\n<meta property=\"og:url\" content=\"https:\/\/www.huanyumotor.com\/vi\/san-pham\/yzu-series-three-phase-asynchronous-vibration-motor\/\" \/>\n<meta property=\"og:site_name\" content=\"Jining Huanzhongyu Electromechanical Co., Ltd.\" \/>\n<meta property=\"article:publisher\" content=\"https:\/\/www.facebook.com\/profile.php?id=61579475484242&amp;sk=grid\" \/>\n<meta property=\"og:image\" content=\"https:\/\/www.huanyumotor.com\/wp-content\/uploads\/2025\/11\/3_1.jpg\" \/>\n\t<meta property=\"og:image:width\" content=\"800\" \/>\n\t<meta property=\"og:image:height\" content=\"800\" \/>\n\t<meta property=\"og:image:type\" content=\"image\/jpeg\" \/>\n<meta name=\"twitter:card\" content=\"summary_large_image\" \/>\n<meta name=\"twitter:label1\" content=\"\u01af\u1edbc t\u00ednh th\u1eddi gian \u0111\u1ecdc\" \/>\n\t<meta name=\"twitter:data1\" content=\"1 ph\u00fat\" \/>\n<script type=\"application\/ld+json\" class=\"yoast-schema-graph\">{\"@context\":\"https:\\\/\\\/schema.org\",\"@graph\":[{\"@type\":\"WebPage\",\"@id\":\"https:\\\/\\\/www.huanyumotor.com\\\/product\\\/yzu-series-three-phase-asynchronous-vibration-motor\\\/\",\"url\":\"https:\\\/\\\/www.huanyumotor.com\\\/product\\\/yzu-series-three-phase-asynchronous-vibration-motor\\\/\",\"name\":\"YZU Series Three-Phase Asynchronous Vibration Motor - Jining Huanzhongyu Electromechanical Co., Ltd.\",\"isPartOf\":{\"@id\":\"https:\\\/\\\/www.huanyumotor.com\\\/#website\"},\"primaryImageOfPage\":{\"@id\":\"https:\\\/\\\/www.huanyumotor.com\\\/product\\\/yzu-series-three-phase-asynchronous-vibration-motor\\\/#primaryimage\"},\"image\":{\"@id\":\"https:\\\/\\\/www.huanyumotor.com\\\/product\\\/yzu-series-three-phase-asynchronous-vibration-motor\\\/#primaryimage\"},\"thumbnailUrl\":\"https:\\\/\\\/www.huanyumotor.com\\\/wp-content\\\/uploads\\\/2025\\\/11\\\/3_1.jpg\",\"datePublished\":\"2025-11-12T02:37:21+00:00\",\"breadcrumb\":{\"@id\":\"https:\\\/\\\/www.huanyumotor.com\\\/product\\\/yzu-series-three-phase-asynchronous-vibration-motor\\\/#breadcrumb\"},\"inLanguage\":\"vi\",\"potentialAction\":[{\"@type\":\"ReadAction\",\"target\":[\"https:\\\/\\\/www.huanyumotor.com\\\/product\\\/yzu-series-three-phase-asynchronous-vibration-motor\\\/\"]}]},{\"@type\":\"ImageObject\",\"inLanguage\":\"vi\",\"@id\":\"https:\\\/\\\/www.huanyumotor.com\\\/product\\\/yzu-series-three-phase-asynchronous-vibration-motor\\\/#primaryimage\",\"url\":\"https:\\\/\\\/www.huanyumotor.com\\\/wp-content\\\/uploads\\\/2025\\\/11\\\/3_1.jpg\",\"contentUrl\":\"https:\\\/\\\/www.huanyumotor.com\\\/wp-content\\\/uploads\\\/2025\\\/11\\\/3_1.jpg\",\"width\":800,\"height\":800},{\"@type\":\"BreadcrumbList\",\"@id\":\"https:\\\/\\\/www.huanyumotor.com\\\/product\\\/yzu-series-three-phase-asynchronous-vibration-motor\\\/#breadcrumb\",\"itemListElement\":[{\"@type\":\"ListItem\",\"position\":1,\"name\":\"\u9996\u9875\",\"item\":\"https:\\\/\\\/www.huanyumotor.com\\\/\"},{\"@type\":\"ListItem\",\"position\":2,\"name\":\"Products\",\"item\":\"https:\\\/\\\/www.huanyumotor.com\\\/products\\\/\"},{\"@type\":\"ListItem\",\"position\":3,\"name\":\"YZU Series Three-Phase Asynchronous Vibration Motor\"}]},{\"@type\":\"WebSite\",\"@id\":\"https:\\\/\\\/www.huanyumotor.com\\\/#website\",\"url\":\"https:\\\/\\\/www.huanyumotor.com\\\/\",\"name\":\"Jining Huanzhongyu Electromechanical Co., Ltd.\",\"description\":\"\",\"publisher\":{\"@id\":\"https:\\\/\\\/www.huanyumotor.com\\\/#organization\"},\"potentialAction\":[{\"@type\":\"SearchAction\",\"target\":{\"@type\":\"EntryPoint\",\"urlTemplate\":\"https:\\\/\\\/www.huanyumotor.com\\\/?s={search_term_string}\"},\"query-input\":{\"@type\":\"PropertyValueSpecification\",\"valueRequired\":true,\"valueName\":\"search_term_string\"}}],\"inLanguage\":\"vi\"},{\"@type\":\"Organization\",\"@id\":\"https:\\\/\\\/www.huanyumotor.com\\\/#organization\",\"name\":\"Jining Huanzhongyu Electromechanical Co., Ltd.\",\"url\":\"https:\\\/\\\/www.huanyumotor.com\\\/\",\"logo\":{\"@type\":\"ImageObject\",\"inLanguage\":\"vi\",\"@id\":\"https:\\\/\\\/www.huanyumotor.com\\\/#\\\/schema\\\/logo\\\/image\\\/\",\"url\":\"https:\\\/\\\/www.huanyumotor.com\\\/wp-content\\\/uploads\\\/2025\\\/11\\\/logo.webp\",\"contentUrl\":\"https:\\\/\\\/www.huanyumotor.com\\\/wp-content\\\/uploads\\\/2025\\\/11\\\/logo.webp\",\"width\":468,\"height\":242,\"caption\":\"Jining Huanzhongyu Electromechanical Co., Ltd.\"},\"image\":{\"@id\":\"https:\\\/\\\/www.huanyumotor.com\\\/#\\\/schema\\\/logo\\\/image\\\/\"},\"sameAs\":[\"https:\\\/\\\/www.facebook.com\\\/profile.php?id=61579475484242&sk=grid\"]}]}<\/script>\n<!-- \/ Yoast SEO plugin. -->","yoast_head_json":{"title":"YZU Series Three-Phase Asynchronous Vibration Motor - Jining Huanzhongyu Electromechanical Co., Ltd.","robots":{"index":"index","follow":"follow","max-snippet":"max-snippet:-1","max-image-preview":"max-image-preview:large","max-video-preview":"max-video-preview:-1"},"canonical":"https:\/\/www.huanyumotor.com\/vi\/san-pham\/yzu-series-three-phase-asynchronous-vibration-motor\/","og_locale":"vi_VN","og_type":"article","og_title":"YZU Series Three-Phase Asynchronous Vibration Motor - Jining Huanzhongyu Electromechanical Co., Ltd.","og_description":"YZU Series Three-Phase Asynchronous Vibrating Motor is a general-purpose excitation source that integrates power supply and excitation source. It is widely used in various vibration machinery.","og_url":"https:\/\/www.huanyumotor.com\/vi\/san-pham\/yzu-series-three-phase-asynchronous-vibration-motor\/","og_site_name":"Jining Huanzhongyu Electromechanical Co., Ltd.","article_publisher":"https:\/\/www.facebook.com\/profile.php?id=61579475484242&sk=grid","og_image":[{"width":800,"height":800,"url":"https:\/\/www.huanyumotor.com\/wp-content\/uploads\/2025\/11\/3_1.jpg","type":"image\/jpeg"}],"twitter_card":"summary_large_image","twitter_misc":{"\u01af\u1edbc t\u00ednh th\u1eddi gian \u0111\u1ecdc":"1 ph\u00fat"},"schema":{"@context":"https:\/\/schema.org","@graph":[{"@type":"WebPage","@id":"https:\/\/www.huanyumotor.com\/product\/yzu-series-three-phase-asynchronous-vibration-motor\/","url":"https:\/\/www.huanyumotor.com\/product\/yzu-series-three-phase-asynchronous-vibration-motor\/","name":"YZU Series Three-Phase Asynchronous Vibration Motor - Jining Huanzhongyu Electromechanical Co., Ltd.","isPartOf":{"@id":"https:\/\/www.huanyumotor.com\/#website"},"primaryImageOfPage":{"@id":"https:\/\/www.huanyumotor.com\/product\/yzu-series-three-phase-asynchronous-vibration-motor\/#primaryimage"},"image":{"@id":"https:\/\/www.huanyumotor.com\/product\/yzu-series-three-phase-asynchronous-vibration-motor\/#primaryimage"},"thumbnailUrl":"https:\/\/www.huanyumotor.com\/wp-content\/uploads\/2025\/11\/3_1.jpg","datePublished":"2025-11-12T02:37:21+00:00","breadcrumb":{"@id":"https:\/\/www.huanyumotor.com\/product\/yzu-series-three-phase-asynchronous-vibration-motor\/#breadcrumb"},"inLanguage":"vi","potentialAction":[{"@type":"ReadAction","target":["https:\/\/www.huanyumotor.com\/product\/yzu-series-three-phase-asynchronous-vibration-motor\/"]}]},{"@type":"ImageObject","inLanguage":"vi","@id":"https:\/\/www.huanyumotor.com\/product\/yzu-series-three-phase-asynchronous-vibration-motor\/#primaryimage","url":"https:\/\/www.huanyumotor.com\/wp-content\/uploads\/2025\/11\/3_1.jpg","contentUrl":"https:\/\/www.huanyumotor.com\/wp-content\/uploads\/2025\/11\/3_1.jpg","width":800,"height":800},{"@type":"BreadcrumbList","@id":"https:\/\/www.huanyumotor.com\/product\/yzu-series-three-phase-asynchronous-vibration-motor\/#breadcrumb","itemListElement":[{"@type":"ListItem","position":1,"name":"\u9996\u9875","item":"https:\/\/www.huanyumotor.com\/"},{"@type":"ListItem","position":2,"name":"Products","item":"https:\/\/www.huanyumotor.com\/products\/"},{"@type":"ListItem","position":3,"name":"YZU Series Three-Phase Asynchronous Vibration Motor"}]},{"@type":"WebSite","@id":"https:\/\/www.huanyumotor.com\/#website","url":"https:\/\/www.huanyumotor.com\/","name":"C\u00f4ng ty TNHH \u0110i\u1ec7n c\u01a1 Jining Huanzhongyu.","description":"","publisher":{"@id":"https:\/\/www.huanyumotor.com\/#organization"},"potentialAction":[{"@type":"SearchAction","target":{"@type":"EntryPoint","urlTemplate":"https:\/\/www.huanyumotor.com\/?s={search_term_string}"},"query-input":{"@type":"PropertyValueSpecification","valueRequired":true,"valueName":"search_term_string"}}],"inLanguage":"vi"},{"@type":"Organization","@id":"https:\/\/www.huanyumotor.com\/#organization","name":"C\u00f4ng ty TNHH \u0110i\u1ec7n c\u01a1 Jining Huanzhongyu.","url":"https:\/\/www.huanyumotor.com\/","logo":{"@type":"ImageObject","inLanguage":"vi","@id":"https:\/\/www.huanyumotor.com\/#\/schema\/logo\/image\/","url":"https:\/\/www.huanyumotor.com\/wp-content\/uploads\/2025\/11\/logo.webp","contentUrl":"https:\/\/www.huanyumotor.com\/wp-content\/uploads\/2025\/11\/logo.webp","width":468,"height":242,"caption":"Jining Huanzhongyu Electromechanical Co., Ltd."},"image":{"@id":"https:\/\/www.huanyumotor.com\/#\/schema\/logo\/image\/"},"sameAs":["https:\/\/www.facebook.com\/profile.php?id=61579475484242&sk=grid"]}]}},"_links":{"self":[{"href":"https:\/\/www.huanyumotor.com\/vi\/wp-json\/wp\/v2\/product\/674","targetHints":{"allow":["GET"]}}],"collection":[{"href":"https:\/\/www.huanyumotor.com\/vi\/wp-json\/wp\/v2\/product"}],"about":[{"href":"https:\/\/www.huanyumotor.com\/vi\/wp-json\/wp\/v2\/types\/product"}],"wp:featuredmedia":[{"embeddable":true,"href":"https:\/\/www.huanyumotor.com\/vi\/wp-json\/wp\/v2\/media\/675"}],"wp:attachment":[{"href":"https:\/\/www.huanyumotor.com\/vi\/wp-json\/wp\/v2\/media?parent=674"}],"wp:term":[{"taxonomy":"product_brand","embeddable":true,"href":"https:\/\/www.huanyumotor.com\/vi\/wp-json\/wp\/v2\/product_brand?post=674"},{"taxonomy":"product_cat","embeddable":true,"href":"https:\/\/www.huanyumotor.com\/vi\/wp-json\/wp\/v2\/product_cat?post=674"},{"taxonomy":"product_tag","embeddable":true,"href":"https:\/\/www.huanyumotor.com\/vi\/wp-json\/wp\/v2\/product_tag?post=674"}],"curies":[{"name":"wp","href":"https:\/\/api.w.org\/{rel}","templated":true}]}}