{"id":676,"date":"2025-11-12T10:38:03","date_gmt":"2025-11-12T02:38:03","guid":{"rendered":"http:\/\/www.huanyumotor.com\/?post_type=product&#038;p=676"},"modified":"2025-11-12T10:38:03","modified_gmt":"2025-11-12T02:38:03","slug":"ye3-series-aluminum-housing-three-phase-ac-motor","status":"publish","type":"product","link":"https:\/\/www.huanyumotor.com\/vi\/san-pham\/ye3-series-aluminum-housing-three-phase-ac-motor\/","title":{"rendered":"\u0110\u1ed9ng c\u01a1 xoay chi\u1ec1u ba pha v\u1ecf nh\u00f4m d\u00f2ng YE3"},"content":{"rendered":"<p>\u0110\u1ed9ng c\u01a1 c\u1ea3m \u1ee9ng ba pha ki\u1ec3u l\u1ed3ng s\u00f3c v\u1ecf nh\u00f4m d\u00f2ng YE3 l\u00e0 lo\u1ea1i \u0111\u1ed9ng c\u01a1 k\u00edn ho\u00e0n to\u00e0n v\u00e0 t\u1ef1 l\u00e0m m\u00e1t. \u0110\u01b0\u1ee3c thi\u1ebft k\u1ebf theo c\u00e1c ti\u00eau chu\u1ea9n qu\u1ed1c gia th\u1ed1ng nh\u1ea5t, \u0111\u1ed9ng c\u01a1 n\u00e0y c\u00f3 hi\u1ec7u su\u1ea5t n\u0103ng l\u01b0\u1ee3ng cao, m\u00f4-men kh\u1edfi \u0111\u1ed9ng l\u1edbn, \u0111\u1ed9 \u1ed3n th\u1ea5p, \u0111\u1ed9 rung t\u1ed1i thi\u1ec3u, \u0111\u1ed9 tin c\u1eady cao, tu\u00e2n th\u1ee7 c\u00e1c ti\u00eau chu\u1ea9n IEC v\u1ec1 c\u00f4ng su\u1ea5t \u0111\u1ecbnh m\u1ee9c v\u00e0 k\u00edch th\u01b0\u1edbc l\u1eafp \u0111\u1eb7t, \u0111\u1ed3ng th\u1eddi d\u1ec5 v\u1eadn h\u00e0nh v\u00e0 b\u1ea3o tr\u00ec.<br \/>\nD\u00f2ng s\u1ea3n ph\u1ea9m n\u00e0y \u0111\u01b0\u1ee3c s\u1eed d\u1ee5ng r\u1ed9ng r\u00e3i trong c\u00e1c m\u00f4i tr\u01b0\u1eddng th\u00f4ng th\u01b0\u1eddng v\u00e0 m\u00e1y m\u00f3c ch\u00ednh x\u00e1c kh\u00f4ng c\u00f3 y\u00eau c\u1ea7u \u0111\u1eb7c bi\u1ec7t, \u0111\u1eb7c bi\u1ec7t ph\u00f9 h\u1ee3p cho c\u00e1c \u1ee9ng d\u1ee5ng nh\u01b0 h\u1ed9p s\u1ed1, m\u00e1y b\u01a1m ch\u00e2n kh\u00f4ng, m\u00e1y n\u00e9n kh\u00ed, m\u00e1y b\u01a1m n\u01b0\u1edbc, m\u00e1y b\u01a1m d\u1ea7u, d\u00e2y chuy\u1ec1n s\u1ea3n xu\u1ea5t, m\u00e1y m\u00f3c \u0111\u00f3ng g\u00f3i v\u00e0 thi\u1ebft b\u1ecb ch\u1ebf bi\u1ebfn th\u1ef1c ph\u1ea9m.<br \/>\n**\u0110i\u1ec1u ki\u1ec7n s\u1eed d\u1ee5ng:**<br \/>\n\u2013 Nhi\u1ec7t \u0111\u1ed9 kh\u00f4ng kh\u00ed xung quanh: -15\u00b0C \u2264 40\u00b0C \u2013 \u0110\u1ed9 cao: Kh\u00f4ng d\u01b0\u1edbi 1000 m\u00e9t<br \/>\n\u2013 \u0110i\u1ec7n \u00e1p: 380V<br \/>\n\u2013 T\u1ea7n s\u1ed1: 50 Hz<br \/>\n\u2013 C\u00e1ch \u0111\u1ea5u n\u1ed1i: \u0110\u1ea5u n\u1ed1i h\u00ecnh ch\u1eef Y cho c\u00f4ng su\u1ea5t 3 kW tr\u1edf xu\u1ed1ng; \u0111\u1ea5u n\u1ed1i h\u00ecnh tam gi\u00e1c cho c\u00f4ng su\u1ea5t cao h\u01a1n<br \/>\n\u2013 Ch\u1ebf \u0111\u1ed9 l\u00e0m vi\u1ec7c\/T\u1ea3i: Ch\u1ebf \u0111\u1ed9 l\u00e0m vi\u1ec7c li\u00ean t\u1ee5c (S1)<br \/>\n\u2013 Lo\u1ea1i c\u00e1ch \u0111i\u1ec7n: F, m\u1ee9c t\u0103ng nhi\u1ec7t \u0111\u1ed9 cu\u1ed9n d\u00e2y \u0111\u01b0\u1ee3c \u0111\u00e1nh gi\u00e1 l\u00e0 80K<br \/>\n\u2013 C\u1ea5p \u0111\u1ed9 b\u1ea3o v\u1ec7: IP54<br \/>\n\u2013 Ph\u01b0\u01a1ng ph\u00e1p l\u00e0m m\u00e1t: IC411.<\/p>\n<table style=\"border-collapse: collapse; width: 525.77pt;\" border=\"0\" width=\"701\" cellspacing=\"0\" cellpadding=\"0\">\n<tbody>\n<tr style=\"height: 27.00pt;\">\n<td class=\"et2\" style=\"height: 27.00pt; width: 525.75pt;\" colspan=\"4\" width=\"701\" height=\"36\">Th\u00f4ng s\u1ed1 k\u1ef9 thu\u1eadt s\u1ea3n ph\u1ea9m<\/td>\n<\/tr>\n<tr style=\"height: 33.00pt;\">\n<td class=\"et3\" style=\"height: 33.00pt; width: 96.75pt;\" width=\"129\" height=\"44\">\u0111i\u1ec7n \u00e1p \u0111\u1ecbnh m\u1ee9c<\/td>\n<td class=\"et3\" style=\"width: 168.00pt;\" width=\"224\">380 V\/660 V<\/td>\n<td class=\"et3\" style=\"width: 113.25pt;\" width=\"151\">c\u00f4ng su\u1ea5t \u0111\u1ecbnh m\u1ee9c<\/td>\n<td class=\"et3\" style=\"width: 147.75pt;\" width=\"197\">0,55 kW\u2013315 kW<\/td>\n<\/tr>\n<tr style=\"height: 17.25pt;\">\n<td class=\"et3\" style=\"height: 17.25pt; width: 96.75pt;\" width=\"129\" height=\"23\">k\u00edch th\u01b0\u1edbc khung<\/td>\n<td class=\"et3\" style=\"width: 168.00pt;\" width=\"224\">H63-H355<\/td>\n<td class=\"et3\" style=\"width: 113.25pt;\" width=\"151\">Lo\u1ea1i l\u1eafp \u0111\u1eb7t<\/td>\n<td class=\"et3\" style=\"width: 147.75pt;\" width=\"197\">B3\/B5\/B35<\/td>\n<\/tr>\n<tr style=\"height: 35.00pt;\">\n<td class=\"et3\" style=\"height: 35.00pt; width: 96.75pt;\" width=\"129\" height=\"46\">L\u1edbp \u00e1p d\u1ee5ng<\/td>\n<td class=\"et3\" style=\"width: 168.00pt;\" width=\"224\">2P, 4P, 6P<\/td>\n<td class=\"et3\" style=\"width: 113.25pt;\" width=\"151\">ph\u01b0\u01a1ng ph\u00e1p l\u00e0m m\u00e1t<\/td>\n<td class=\"et3\" style=\"width: 147.75pt;\" width=\"197\">IC411<\/td>\n<\/tr>\n<tr style=\"height: 34.50pt;\">\n<td class=\"et3\" style=\"height: 34.50pt; width: 96.75pt;\" width=\"129\" height=\"46\">ph\u00e2n lo\u1ea1i nhi\u1ec7t<\/td>\n<td class=\"et3\" style=\"width: 168.00pt;\" width=\"224\">F<\/td>\n<td class=\"et3\" style=\"width: 113.25pt;\" width=\"151\">h\u1ec7 th\u1ed1ng \u0111ang ho\u1ea1t \u0111\u1ed9ng<\/td>\n<td class=\"et3\" style=\"width: 147.75pt;\" width=\"197\">M\u00f9a 1<\/td>\n<\/tr>\n<tr style=\"height: 26.00pt;\">\n<td class=\"et3\" style=\"height: 26.00pt; width: 96.75pt;\" width=\"129\" height=\"34\">M\u1ee9c \u0111\u1ed9 b\u1ea3o v\u1ec7<\/td>\n<td class=\"et3\" style=\"width: 168.00pt;\" width=\"224\">IP54<\/td>\n<td class=\"et4\">t\u1ea7n s\u1ed1 \u0111\u1ecbnh m\u1ee9c<\/td>\n<td class=\"et4\">50 Hz<\/td>\n<\/tr>\n<tr style=\"height: 17.25pt;\">\n<td class=\"et5\" style=\"height: 17.25pt; border-right: .5pt solid #000000;\" colspan=\"4\" height=\"23\">N\u1ebfu c\u00f3 c\u00e1c y\u00eau c\u1ea7u \u0111\u1eb7c bi\u1ec7t v\u1ec1 t\u1ea7n s\u1ed1, \u0111i\u1ec7n \u00e1p, nhi\u1ec7t \u0111\u1ed9 kh\u00f4ng kh\u00ed xung quanh, \u0111\u1ed9 cao, v.v., vui l\u00f2ng n\u00eau r\u00f5 khi \u0111\u1eb7t h\u00e0ng.<\/td>\n<\/tr>\n<tr style=\"height: 23.00pt;\">\n<td class=\"et8\" style=\"height: 23.00pt; width: 525.75pt;\" colspan=\"4\" width=\"701\" height=\"30\">M\u00f4i tr\u01b0\u1eddng l\u00e0m vi\u1ec7c c\u1ee7a s\u1ea3n ph\u1ea9m<\/td>\n<\/tr>\n<tr style=\"height: 34.50pt;\">\n<td class=\"et9\" style=\"height: 34.50pt; width: 96.75pt;\" width=\"129\" height=\"46\">ph\u1ea1m vi nhi\u1ec7t \u0111\u1ed9<\/td>\n<td class=\"et10\" style=\"width: 429.00pt;\" colspan=\"3\" width=\"572\">Nhi\u1ec7t \u0111\u1ed9 kh\u00f4ng kh\u00ed xung quanh thay \u0111\u1ed5i theo m\u00f9a, nh\u01b0ng nhi\u1ec7t \u0111\u1ed9 cao nh\u1ea5t l\u00e0 +40\u00b0C, c\u00f2n nhi\u1ec7t \u0111\u1ed9 th\u1ea5p nh\u1ea5t l\u00e0 -15\u00b0C<\/td>\n<\/tr>\n<tr style=\"height: 40.00pt;\">\n<td class=\"et9\" style=\"height: 40.00pt; width: 96.75pt;\" width=\"129\" height=\"53\">\u0111\u1ed9 \u1ea9m<\/td>\n<td class=\"et10\" style=\"width: 429.00pt;\" colspan=\"3\" width=\"572\">\u0110\u1ed9 \u1ea9m t\u01b0\u01a1ng \u0111\u1ed1i trung b\u00ecnh h\u00e0ng th\u00e1ng cao nh\u1ea5t trong th\u00e1ng c\u00f3 l\u01b0\u1ee3ng m\u01b0a nhi\u1ec1u nh\u1ea5t l\u00e0 90%, trong khi nhi\u1ec7t \u0111\u1ed9 trung b\u00ecnh h\u00e0ng th\u00e1ng th\u1ea5p nh\u1ea5t kh\u00f4ng v\u01b0\u1ee3t qu\u00e1 25\u00b0C (t\u1ea1i nh\u00e0 m\u00e1y)<\/td>\n<\/tr>\n<tr style=\"height: 17.25pt;\">\n<td class=\"et11\" style=\"height: 17.25pt; width: 96.75pt;\" width=\"129\" height=\"23\">\u0111\u1ed9 cao<\/td>\n<td class=\"et12\">Kh\u00f4ng qu\u00e1 1000m<\/td>\n<td class=\"et13\"><\/td>\n<td class=\"et13\"><\/td>\n<\/tr>\n<\/tbody>\n<\/table>","protected":false},"excerpt":{"rendered":"<p>\u0110\u1ed9ng c\u01a1 c\u1ea3m \u1ee9ng ba pha ki\u1ec3u l\u1ed3ng s\u00f3c v\u1ecf nh\u00f4m d\u00f2ng YE3 l\u00e0 lo\u1ea1i \u0111\u1ed9ng c\u01a1 k\u00edn ho\u00e0n to\u00e0n v\u00e0 t\u1ef1 l\u00e0m m\u00e1t. \u0110\u01b0\u1ee3c thi\u1ebft k\u1ebf theo c\u00e1c ti\u00eau chu\u1ea9n qu\u1ed1c gia th\u1ed1ng nh\u1ea5t, \u0111\u1ed9ng c\u01a1 n\u00e0y c\u00f3 hi\u1ec7u su\u1ea5t n\u0103ng l\u01b0\u1ee3ng cao, m\u00f4-men kh\u1edfi \u0111\u1ed9ng l\u1edbn, \u0111\u1ed9 \u1ed3n th\u1ea5p, \u0111\u1ed9 rung t\u1ed1i thi\u1ec3u, \u0111\u1ed9 tin c\u1eady cao, tu\u00e2n th\u1ee7 c\u00e1c ti\u00eau chu\u1ea9n IEC v\u1ec1 c\u00f4ng su\u1ea5t \u0111\u1ecbnh m\u1ee9c v\u00e0 k\u00edch th\u01b0\u1edbc l\u1eafp \u0111\u1eb7t, \u0111\u1ed3ng th\u1eddi d\u1ec5 v\u1eadn h\u00e0nh v\u00e0 b\u1ea3o tr\u00ec.<\/p>","protected":false},"featured_media":677,"template":"","meta":{"site-sidebar-layout":"default","site-content-layout":"default","ast-site-content-layout":"default","site-content-style":"default","site-sidebar-style":"default","ast-global-header-display":"","ast-banner-title-visibility":"","ast-main-header-display":"","ast-hfb-above-header-display":"","ast-hfb-below-header-display":"","ast-hfb-mobile-header-display":"","site-post-title":"","ast-breadcrumbs-content":"","ast-featured-img":"","footer-sml-layout":"","ast-disable-related-posts":"","theme-transparent-header-meta":"default","adv-header-id-meta":"","stick-header-meta":"","header-above-stick-meta":"","header-main-stick-meta":"","header-below-stick-meta":"","astra-migrate-meta-layouts":"default","ast-page-background-enabled":"default","ast-page-background-meta":{"desktop":{"background-color":"","background-image":"","background-repeat":"repeat","background-position":"center center","background-size":"auto","background-attachment":"scroll","background-type":"","background-media":"","overlay-type":"","overlay-color":"","overlay-opacity":"","overlay-gradient":""},"tablet":{"background-color":"","background-image":"","background-repeat":"repeat","background-position":"center center","background-size":"auto","background-attachment":"scroll","background-type":"","background-media":"","overlay-type":"","overlay-color":"","overlay-opacity":"","overlay-gradient":""},"mobile":{"background-color":"","background-image":"","background-repeat":"repeat","background-position":"center center","background-size":"auto","background-attachment":"scroll","background-type":"","background-media":"","overlay-type":"","overlay-color":"","overlay-opacity":"","overlay-gradient":""}},"ast-content-background-meta":{"desktop":{"background-color":"var(--ast-global-color-5)","background-image":"","background-repeat":"repeat","background-position":"center center","background-size":"auto","background-attachment":"scroll","background-type":"","background-media":"","overlay-type":"","overlay-color":"","overlay-opacity":"","overlay-gradient":""},"tablet":{"background-color":"var(--ast-global-color-5)","background-image":"","background-repeat":"repeat","background-position":"center center","background-size":"auto","background-attachment":"scroll","background-type":"","background-media":"","overlay-type":"","overlay-color":"","overlay-opacity":"","overlay-gradient":""},"mobile":{"background-color":"var(--ast-global-color-5)","background-image":"","background-repeat":"repeat","background-position":"center center","background-size":"auto","background-attachment":"scroll","background-type":"","background-media":"","overlay-type":"","overlay-color":"","overlay-opacity":"","overlay-gradient":""}}},"product_brand":[],"product_cat":[21],"product_tag":[],"class_list":{"0":"post-676","1":"product","2":"type-product","3":"status-publish","4":"has-post-thumbnail","6":"product_cat-three-phase-asynchronous-ac-motor","7":"desktop-align-left","8":"tablet-align-left","9":"mobile-align-left","10":"ast-product-gallery-layout-vertical-slider","11":"ast-product-tabs-layout-horizontal","13":"first","14":"instock","15":"shipping-taxable","16":"product-type-simple"},"yoast_head":"<!-- This site is optimized with the Yoast SEO plugin v27.4 - https:\/\/yoast.com\/product\/yoast-seo-wordpress\/ -->\n<title>YE3 series aluminum housing three-phase AC motor - Jining Huanzhongyu Electromechanical Co., Ltd.<\/title>\n<meta name=\"robots\" content=\"index, follow, max-snippet:-1, max-image-preview:large, max-video-preview:-1\" \/>\n<link rel=\"canonical\" href=\"https:\/\/www.huanyumotor.com\/vi\/san-pham\/ye3-series-aluminum-housing-three-phase-ac-motor\/\" \/>\n<meta property=\"og:locale\" content=\"vi_VN\" \/>\n<meta property=\"og:type\" content=\"article\" \/>\n<meta property=\"og:title\" content=\"YE3 series aluminum housing three-phase AC motor - Jining Huanzhongyu Electromechanical Co., Ltd.\" \/>\n<meta property=\"og:description\" content=\"The YE3 series aluminum-cased three-phase squirrel-cage induction motor is a totally enclosed self-ventilated type. Designed according to national unified standards, it features high energy efficiency, high starting torque, low noise, minimal vibration, high reliability, compliance with IEC standards for power ratings and installation dimensions, and convenient operation\/maintenance.\" \/>\n<meta property=\"og:url\" content=\"https:\/\/www.huanyumotor.com\/vi\/san-pham\/ye3-series-aluminum-housing-three-phase-ac-motor\/\" \/>\n<meta property=\"og:site_name\" content=\"Jining Huanzhongyu Electromechanical Co., Ltd.\" \/>\n<meta property=\"article:publisher\" content=\"https:\/\/www.facebook.com\/profile.php?id=61579475484242&amp;sk=grid\" \/>\n<meta property=\"og:image\" content=\"https:\/\/www.huanyumotor.com\/wp-content\/uploads\/2025\/11\/2_1.jpg\" \/>\n\t<meta property=\"og:image:width\" content=\"800\" \/>\n\t<meta property=\"og:image:height\" content=\"800\" \/>\n\t<meta property=\"og:image:type\" content=\"image\/jpeg\" \/>\n<meta name=\"twitter:card\" content=\"summary_large_image\" \/>\n<meta name=\"twitter:label1\" content=\"\u01af\u1edbc t\u00ednh th\u1eddi gian \u0111\u1ecdc\" \/>\n\t<meta name=\"twitter:data1\" content=\"1 ph\u00fat\" \/>\n<script type=\"application\/ld+json\" class=\"yoast-schema-graph\">{\"@context\":\"https:\\\/\\\/schema.org\",\"@graph\":[{\"@type\":\"WebPage\",\"@id\":\"https:\\\/\\\/www.huanyumotor.com\\\/product\\\/ye3-series-aluminum-housing-three-phase-ac-motor\\\/\",\"url\":\"https:\\\/\\\/www.huanyumotor.com\\\/product\\\/ye3-series-aluminum-housing-three-phase-ac-motor\\\/\",\"name\":\"YE3 series aluminum housing three-phase AC motor - Jining Huanzhongyu Electromechanical Co., Ltd.\",\"isPartOf\":{\"@id\":\"https:\\\/\\\/www.huanyumotor.com\\\/#website\"},\"primaryImageOfPage\":{\"@id\":\"https:\\\/\\\/www.huanyumotor.com\\\/product\\\/ye3-series-aluminum-housing-three-phase-ac-motor\\\/#primaryimage\"},\"image\":{\"@id\":\"https:\\\/\\\/www.huanyumotor.com\\\/product\\\/ye3-series-aluminum-housing-three-phase-ac-motor\\\/#primaryimage\"},\"thumbnailUrl\":\"https:\\\/\\\/www.huanyumotor.com\\\/wp-content\\\/uploads\\\/2025\\\/11\\\/2_1.jpg\",\"datePublished\":\"2025-11-12T02:38:03+00:00\",\"breadcrumb\":{\"@id\":\"https:\\\/\\\/www.huanyumotor.com\\\/product\\\/ye3-series-aluminum-housing-three-phase-ac-motor\\\/#breadcrumb\"},\"inLanguage\":\"vi\",\"potentialAction\":[{\"@type\":\"ReadAction\",\"target\":[\"https:\\\/\\\/www.huanyumotor.com\\\/product\\\/ye3-series-aluminum-housing-three-phase-ac-motor\\\/\"]}]},{\"@type\":\"ImageObject\",\"inLanguage\":\"vi\",\"@id\":\"https:\\\/\\\/www.huanyumotor.com\\\/product\\\/ye3-series-aluminum-housing-three-phase-ac-motor\\\/#primaryimage\",\"url\":\"https:\\\/\\\/www.huanyumotor.com\\\/wp-content\\\/uploads\\\/2025\\\/11\\\/2_1.jpg\",\"contentUrl\":\"https:\\\/\\\/www.huanyumotor.com\\\/wp-content\\\/uploads\\\/2025\\\/11\\\/2_1.jpg\",\"width\":800,\"height\":800},{\"@type\":\"BreadcrumbList\",\"@id\":\"https:\\\/\\\/www.huanyumotor.com\\\/product\\\/ye3-series-aluminum-housing-three-phase-ac-motor\\\/#breadcrumb\",\"itemListElement\":[{\"@type\":\"ListItem\",\"position\":1,\"name\":\"\u9996\u9875\",\"item\":\"https:\\\/\\\/www.huanyumotor.com\\\/\"},{\"@type\":\"ListItem\",\"position\":2,\"name\":\"Products\",\"item\":\"https:\\\/\\\/www.huanyumotor.com\\\/products\\\/\"},{\"@type\":\"ListItem\",\"position\":3,\"name\":\"YE3 series aluminum housing three-phase AC motor\"}]},{\"@type\":\"WebSite\",\"@id\":\"https:\\\/\\\/www.huanyumotor.com\\\/#website\",\"url\":\"https:\\\/\\\/www.huanyumotor.com\\\/\",\"name\":\"Jining Huanzhongyu Electromechanical Co., Ltd.\",\"description\":\"\",\"publisher\":{\"@id\":\"https:\\\/\\\/www.huanyumotor.com\\\/#organization\"},\"potentialAction\":[{\"@type\":\"SearchAction\",\"target\":{\"@type\":\"EntryPoint\",\"urlTemplate\":\"https:\\\/\\\/www.huanyumotor.com\\\/?s={search_term_string}\"},\"query-input\":{\"@type\":\"PropertyValueSpecification\",\"valueRequired\":true,\"valueName\":\"search_term_string\"}}],\"inLanguage\":\"vi\"},{\"@type\":\"Organization\",\"@id\":\"https:\\\/\\\/www.huanyumotor.com\\\/#organization\",\"name\":\"Jining Huanzhongyu Electromechanical Co., Ltd.\",\"url\":\"https:\\\/\\\/www.huanyumotor.com\\\/\",\"logo\":{\"@type\":\"ImageObject\",\"inLanguage\":\"vi\",\"@id\":\"https:\\\/\\\/www.huanyumotor.com\\\/#\\\/schema\\\/logo\\\/image\\\/\",\"url\":\"https:\\\/\\\/www.huanyumotor.com\\\/wp-content\\\/uploads\\\/2025\\\/11\\\/logo.webp\",\"contentUrl\":\"https:\\\/\\\/www.huanyumotor.com\\\/wp-content\\\/uploads\\\/2025\\\/11\\\/logo.webp\",\"width\":468,\"height\":242,\"caption\":\"Jining Huanzhongyu Electromechanical Co., Ltd.\"},\"image\":{\"@id\":\"https:\\\/\\\/www.huanyumotor.com\\\/#\\\/schema\\\/logo\\\/image\\\/\"},\"sameAs\":[\"https:\\\/\\\/www.facebook.com\\\/profile.php?id=61579475484242&sk=grid\"]}]}<\/script>\n<!-- \/ Yoast SEO plugin. -->","yoast_head_json":{"title":"YE3 series aluminum housing three-phase AC motor - Jining Huanzhongyu Electromechanical Co., Ltd.","robots":{"index":"index","follow":"follow","max-snippet":"max-snippet:-1","max-image-preview":"max-image-preview:large","max-video-preview":"max-video-preview:-1"},"canonical":"https:\/\/www.huanyumotor.com\/vi\/san-pham\/ye3-series-aluminum-housing-three-phase-ac-motor\/","og_locale":"vi_VN","og_type":"article","og_title":"YE3 series aluminum housing three-phase AC motor - Jining Huanzhongyu Electromechanical Co., Ltd.","og_description":"The YE3 series aluminum-cased three-phase squirrel-cage induction motor is a totally enclosed self-ventilated type. Designed according to national unified standards, it features high energy efficiency, high starting torque, low noise, minimal vibration, high reliability, compliance with IEC standards for power ratings and installation dimensions, and convenient operation\/maintenance.","og_url":"https:\/\/www.huanyumotor.com\/vi\/san-pham\/ye3-series-aluminum-housing-three-phase-ac-motor\/","og_site_name":"Jining Huanzhongyu Electromechanical Co., Ltd.","article_publisher":"https:\/\/www.facebook.com\/profile.php?id=61579475484242&sk=grid","og_image":[{"width":800,"height":800,"url":"https:\/\/www.huanyumotor.com\/wp-content\/uploads\/2025\/11\/2_1.jpg","type":"image\/jpeg"}],"twitter_card":"summary_large_image","twitter_misc":{"\u01af\u1edbc t\u00ednh th\u1eddi gian \u0111\u1ecdc":"1 ph\u00fat"},"schema":{"@context":"https:\/\/schema.org","@graph":[{"@type":"WebPage","@id":"https:\/\/www.huanyumotor.com\/product\/ye3-series-aluminum-housing-three-phase-ac-motor\/","url":"https:\/\/www.huanyumotor.com\/product\/ye3-series-aluminum-housing-three-phase-ac-motor\/","name":"YE3 series aluminum housing three-phase AC motor - Jining Huanzhongyu Electromechanical Co., Ltd.","isPartOf":{"@id":"https:\/\/www.huanyumotor.com\/#website"},"primaryImageOfPage":{"@id":"https:\/\/www.huanyumotor.com\/product\/ye3-series-aluminum-housing-three-phase-ac-motor\/#primaryimage"},"image":{"@id":"https:\/\/www.huanyumotor.com\/product\/ye3-series-aluminum-housing-three-phase-ac-motor\/#primaryimage"},"thumbnailUrl":"https:\/\/www.huanyumotor.com\/wp-content\/uploads\/2025\/11\/2_1.jpg","datePublished":"2025-11-12T02:38:03+00:00","breadcrumb":{"@id":"https:\/\/www.huanyumotor.com\/product\/ye3-series-aluminum-housing-three-phase-ac-motor\/#breadcrumb"},"inLanguage":"vi","potentialAction":[{"@type":"ReadAction","target":["https:\/\/www.huanyumotor.com\/product\/ye3-series-aluminum-housing-three-phase-ac-motor\/"]}]},{"@type":"ImageObject","inLanguage":"vi","@id":"https:\/\/www.huanyumotor.com\/product\/ye3-series-aluminum-housing-three-phase-ac-motor\/#primaryimage","url":"https:\/\/www.huanyumotor.com\/wp-content\/uploads\/2025\/11\/2_1.jpg","contentUrl":"https:\/\/www.huanyumotor.com\/wp-content\/uploads\/2025\/11\/2_1.jpg","width":800,"height":800},{"@type":"BreadcrumbList","@id":"https:\/\/www.huanyumotor.com\/product\/ye3-series-aluminum-housing-three-phase-ac-motor\/#breadcrumb","itemListElement":[{"@type":"ListItem","position":1,"name":"\u9996\u9875","item":"https:\/\/www.huanyumotor.com\/"},{"@type":"ListItem","position":2,"name":"Products","item":"https:\/\/www.huanyumotor.com\/products\/"},{"@type":"ListItem","position":3,"name":"YE3 series aluminum housing three-phase AC motor"}]},{"@type":"WebSite","@id":"https:\/\/www.huanyumotor.com\/#website","url":"https:\/\/www.huanyumotor.com\/","name":"C\u00f4ng ty TNHH \u0110i\u1ec7n c\u01a1 Jining Huanzhongyu.","description":"","publisher":{"@id":"https:\/\/www.huanyumotor.com\/#organization"},"potentialAction":[{"@type":"SearchAction","target":{"@type":"EntryPoint","urlTemplate":"https:\/\/www.huanyumotor.com\/?s={search_term_string}"},"query-input":{"@type":"PropertyValueSpecification","valueRequired":true,"valueName":"search_term_string"}}],"inLanguage":"vi"},{"@type":"Organization","@id":"https:\/\/www.huanyumotor.com\/#organization","name":"C\u00f4ng ty TNHH \u0110i\u1ec7n c\u01a1 Jining Huanzhongyu.","url":"https:\/\/www.huanyumotor.com\/","logo":{"@type":"ImageObject","inLanguage":"vi","@id":"https:\/\/www.huanyumotor.com\/#\/schema\/logo\/image\/","url":"https:\/\/www.huanyumotor.com\/wp-content\/uploads\/2025\/11\/logo.webp","contentUrl":"https:\/\/www.huanyumotor.com\/wp-content\/uploads\/2025\/11\/logo.webp","width":468,"height":242,"caption":"Jining Huanzhongyu Electromechanical Co., Ltd."},"image":{"@id":"https:\/\/www.huanyumotor.com\/#\/schema\/logo\/image\/"},"sameAs":["https:\/\/www.facebook.com\/profile.php?id=61579475484242&sk=grid"]}]}},"_links":{"self":[{"href":"https:\/\/www.huanyumotor.com\/vi\/wp-json\/wp\/v2\/product\/676","targetHints":{"allow":["GET"]}}],"collection":[{"href":"https:\/\/www.huanyumotor.com\/vi\/wp-json\/wp\/v2\/product"}],"about":[{"href":"https:\/\/www.huanyumotor.com\/vi\/wp-json\/wp\/v2\/types\/product"}],"wp:featuredmedia":[{"embeddable":true,"href":"https:\/\/www.huanyumotor.com\/vi\/wp-json\/wp\/v2\/media\/677"}],"wp:attachment":[{"href":"https:\/\/www.huanyumotor.com\/vi\/wp-json\/wp\/v2\/media?parent=676"}],"wp:term":[{"taxonomy":"product_brand","embeddable":true,"href":"https:\/\/www.huanyumotor.com\/vi\/wp-json\/wp\/v2\/product_brand?post=676"},{"taxonomy":"product_cat","embeddable":true,"href":"https:\/\/www.huanyumotor.com\/vi\/wp-json\/wp\/v2\/product_cat?post=676"},{"taxonomy":"product_tag","embeddable":true,"href":"https:\/\/www.huanyumotor.com\/vi\/wp-json\/wp\/v2\/product_tag?post=676"}],"curies":[{"name":"wp","href":"https:\/\/api.w.org\/{rel}","templated":true}]}}