{"id":682,"date":"2025-11-12T10:38:46","date_gmt":"2025-11-12T02:38:46","guid":{"rendered":"http:\/\/www.huanyumotor.com\/?post_type=product&#038;p=682"},"modified":"2025-11-12T10:38:46","modified_gmt":"2025-11-12T02:38:46","slug":"ye3-series-three-phase-asynchronous-motor","status":"publish","type":"product","link":"https:\/\/www.huanyumotor.com\/vi\/san-pham\/ye3-series-three-phase-asynchronous-motor\/","title":{"rendered":"\u0110\u1ed9ng c\u01a1 ba pha kh\u00f4ng \u0111\u1ed3ng b\u1ed9 d\u00f2ng YE3"},"content":{"rendered":"<p>\u0110\u1ed9ng c\u01a1 ba pha kh\u00f4ng \u0111\u1ed3ng b\u1ed9 d\u00f2ng YE3: \u0110\u1ed9ng c\u01a1 ti\u1ebft ki\u1ec7m n\u0103ng l\u01b0\u1ee3ng hi\u1ec7u su\u1ea5t cao, tu\u00e2n th\u1ee7 c\u00e1c ti\u00eau chu\u1ea9n qu\u1ed1c t\u1ebf v\u1ec1 hi\u1ec7u su\u1ea5t n\u0103ng l\u01b0\u1ee3ng, \u0111\u01b0\u1ee3c s\u1eed d\u1ee5ng r\u1ed9ng r\u00e3i trong c\u00e1c thi\u1ebft b\u1ecb c\u00f4ng nghi\u1ec7p th\u00f4ng d\u1ee5ng nh\u01b0 qu\u1ea1t, b\u01a1m, m\u00e1y n\u00e9n, m\u00e1y c\u00f4ng c\u1ee5 v\u00e0 m\u00e1y m\u00f3c v\u1eadn chuy\u1ec3n trong c\u00e1c m\u00f4i tr\u01b0\u1eddng kh\u00f4ng c\u00f3 y\u00eau c\u1ea7u \u0111\u1eb7c bi\u1ec7t.<br \/>\n**T\u1ed5ng quan v\u1ec1 s\u1ea3n ph\u1ea9m**<br \/>\n\u0110\u1ed9ng c\u01a1 d\u00f2ng YE3 l\u00e0 lo\u1ea1i \u0111\u1ed9ng c\u01a1 ba pha kh\u00f4ng \u0111\u1ed3ng b\u1ed9 c\u00f3 hi\u1ec7u su\u1ea5t cao v\u00e0 ti\u1ebft ki\u1ec7m n\u0103ng l\u01b0\u1ee3ng, \u0111\u01b0\u1ee3c thi\u1ebft k\u1ebf theo ti\u00eau chu\u1ea9n GB18613-2020 c\u1ee7a Trung Qu\u1ed1c v\u00e0 ti\u00eau chu\u1ea9n qu\u1ed1c t\u1ebf IEC60034-30. S\u1ea3n ph\u1ea9m \u0111\u1ea1t hi\u1ec7u su\u1ea5t IE3 (C\u1ea5p 3 v\u1ec1 hi\u1ec7u su\u1ea5t n\u0103ng l\u01b0\u1ee3ng c\u1ee7a Trung Qu\u1ed1c), n\u1ed5i b\u1eadt v\u1edbi thi\u1ebft k\u1ebf tinh t\u1ebf, hi\u1ec7u qu\u1ea3 n\u0103ng l\u01b0\u1ee3ng cao, \u0111\u1ed9 \u1ed3n th\u1ea5p, \u0111\u1ed9 rung t\u1ed1i thi\u1ec3u v\u00e0 ho\u1ea1t \u0111\u1ed9ng \u0111\u00e1ng tin c\u1eady. L\u00e0 s\u1ea3n ph\u1ea9m ti\u1ebft ki\u1ec7m n\u0103ng l\u01b0\u1ee3ng \u0111\u01b0\u1ee3c ch\u00ednh ph\u1ee7 khuy\u1ebfn kh\u00edch, \u0111\u1ed9ng c\u01a1 n\u00e0y ph\u00f9 h\u1ee3p v\u1edbi c\u00e1c thi\u1ebft b\u1ecb ho\u1ea1t \u0111\u1ed9ng li\u00ean t\u1ee5c y\u00eau c\u1ea7u hi\u1ec7u su\u1ea5t n\u0103ng l\u01b0\u1ee3ng cao, nh\u01b0 qu\u1ea1t, b\u01a1m v\u00e0 m\u00e1y n\u00e9n, v\u1edbi c\u00e1c \u1ee9ng d\u1ee5ng tr\u1ea3i r\u1ed9ng trong c\u00e1c ng\u00e0nh c\u00f4ng nghi\u1ec7p, n\u00f4ng nghi\u1ec7p v\u00e0 x\u00e2y d\u1ef1ng.<br \/>\n**Th\u00f4ng s\u1ed1 k\u1ef9 thu\u1eadt**<br \/>\n\u2013 K\u00edch th\u01b0\u1edbc khung: T\u1eeb H63 \u0111\u1ebfn H355<br \/>\n\u2013 D\u1ea3i c\u00f4ng su\u1ea5t: 0,55 kW \u0111\u1ebfn 315 kW<br \/>\n\u2013 S\u1ed1 c\u1ef1c: 2P, 4P, 6P<br \/>\n\u2013 \u0110i\u1ec7n \u00e1p \u0111\u1ecbnh m\u1ee9c: 380V (c\u00f3 th\u1ec3 t\u00f9y ch\u1ec9nh th\u00e0nh 660V ho\u1eb7c c\u00e1c m\u1ee9c \u0111i\u1ec7n \u00e1p kh\u00e1c)<br \/>\n\u2013 T\u1ea7n s\u1ed1 \u0111\u1ecbnh m\u1ee9c: 50 Hz (h\u1ed7 tr\u1ee3 60 Hz ho\u1eb7c c\u00e1c t\u1ea7n s\u1ed1 kh\u00e1c)<br \/>\n\u2013 C\u1ea5p b\u1ea3o v\u1ec7: IP55 (ch\u1ed1ng b\u1ee5i, ch\u1ed1ng n\u01b0\u1edbc b\u1eafn)<br \/>\n\u2013 Lo\u1ea1i c\u00e1ch \u0111i\u1ec7n: F (155\u00b0C, \u0111\u1ea1t ti\u00eau chu\u1ea9n B \u1edf 80K)<br \/>\n\u2013 Ph\u01b0\u01a1ng ph\u00e1p l\u00e0m m\u00e1t: IC411 (Lo\u1ea1i k\u00edn ho\u00e0n to\u00e0n, l\u00e0m m\u00e1t b\u1eb1ng qu\u1ea1t)<br \/>\n\u2013 T\u1ea7ng l\u1edbp lao \u0111\u1ed9ng: S1 (Ho\u1ea1t \u0111\u1ed9ng li\u00ean t\u1ee5c)<br \/>\n\u2013 Lo\u1ea1i l\u1eafp \u0111\u1eb7t: IMB3, IMB5, IMB35 (tu\u00e2n th\u1ee7 c\u00e1c ti\u00eau chu\u1ea9n IEC)<br \/>\n**L\u0129nh v\u1ef1c \u1ee9ng d\u1ee5ng**<br \/>\n\u2013 **Thi\u1ebft b\u1ecb c\u00f4ng nghi\u1ec7p**: Qu\u1ea1t, m\u00e1y b\u01a1m, m\u00e1y n\u00e9n kh\u00ed, m\u00e1y c\u00f4ng c\u1ee5, b\u0103ng t\u1ea3i, m\u00e1y tr\u1ed9n, m\u00e1y nghi\u1ec1n<br \/>\n\u2013 **M\u00e1y m\u00f3c n\u00f3i chung**: M\u00e1y m\u00f3c n\u00f4ng nghi\u1ec7p, thi\u1ebft b\u1ecb ch\u1ebf bi\u1ebfn th\u1ef1c ph\u1ea9m, m\u00e1y m\u00f3c \u0111\u00f3ng g\u00f3i, m\u00e1y m\u00f3c in \u1ea5n<br \/>\n\u2013 **M\u00f4i tr\u01b0\u1eddng kh\u1eafc nghi\u1ec7t**: Ng\u00e0nh d\u1ea7u kh\u00ed, h\u00f3a ch\u1ea5t, khai kho\u00e1ng, d\u01b0\u1ee3c ph\u1ea9m, h\u00e0ng h\u1ea3i v\u00e0 c\u00e1c m\u00f4i tr\u01b0\u1eddng ngo\u00e0i tr\u1eddi (c\u00f3 th\u1ec3 t\u00f9y ch\u1ec9nh cho c\u00e1c m\u00f4i tr\u01b0\u1eddng \u0111\u1eb7c bi\u1ec7t)<br \/>\n\u2013 **\u1ee8ng d\u1ee5ng \u0111\u1eb7c bi\u1ec7t**: M\u1ed9t s\u1ed1 m\u1eabu h\u1ed7 tr\u1ee3 h\u1ec7 th\u1ed1ng \u0111i\u1ec7n cho t\u00e0u th\u1ee7y v\u00e0 c\u00f4ng tr\u00ecnh ngo\u00e0i kh\u01a1i<br \/>\n**\u0110\u1eb7c \u0111i\u1ec3m s\u1ea3n ph\u1ea9m**<br \/>\n\u2013 **Hi\u1ec7u su\u1ea5t cao v\u00e0 ti\u1ebft ki\u1ec7m n\u0103ng l\u01b0\u1ee3ng**: D\u00f2ng 10% c\u00f3 hi\u1ec7u su\u1ea5t cao h\u01a1n d\u00f2ng Y2, v\u1edbi \u0111\u01b0\u1eddng cong hi\u1ec7u su\u1ea5t \u1ed5n \u0111\u1ecbnh trong d\u1ea3i t\u1ea3i t\u1eeb 50% \u0111\u1ebfn 100%<br \/>\n\u2013 **\u0110\u00e1ng tin c\u1eady v\u00e0 b\u1ec1n b\u1ec9**: L\u1edbp c\u00e1ch nhi\u1ec7t lo\u1ea1i F, v\u1ecf b\u1eb1ng gang c\u00f3 \u0111\u1ed9 b\u1ec1n cao, \u1ed5 tr\u1ee5c cao c\u1ea5p v\u00e0 c\u00e1c l\u00e1 th\u00e9p silic \u0111\u1ea3m b\u1ea3o tu\u1ed5i th\u1ecd d\u00e0i v\u00e0 kh\u1ea3 n\u0103ng ch\u1ed1ng va \u0111\u1eadp<br \/>\n\u2013 **Ti\u1ebfng \u1ed3n v\u00e0 \u0111\u1ed9 rung th\u1ea5p**: Thi\u1ebft k\u1ebf t\u1ed1i \u01b0u h\u00f3a cho ho\u1ea1t \u0111\u1ed9ng \u00eam \u00e1i v\u00e0 hi\u1ec7u su\u1ea5t \u1ed5n \u0111\u1ecbnh<br \/>\n\u2013 **D\u1ec5 b\u1ea3o tr\u00ec**: Thi\u1ebft b\u1ecb n\u1ea1p\/x\u1ea3 d\u1ea7u m\u00e0 kh\u00f4ng c\u1ea7n ng\u1eebng ho\u1ea1t \u0111\u1ed9ng d\u00e0nh cho \u0111\u1ed9ng c\u01a1 c\u00f3 chi\u1ec1u cao tr\u1ee5c \u2265160<br \/>\n\u2013 **Kh\u1ea3 n\u0103ng t\u01b0\u01a1ng th\u00edch qu\u1ed1c t\u1ebf**: K\u00edch th\u01b0\u1edbc v\u00e0 c\u00f4ng su\u1ea5t tu\u00e2n th\u1ee7 c\u00e1c ti\u00eau chu\u1ea9n IEC, t\u1ea1o \u0111i\u1ec1u ki\u1ec7n thu\u1eadn l\u1ee3i cho vi\u1ec7c t\u00edch h\u1ee3p thi\u1ebft b\u1ecb xu\u1ea5t kh\u1ea9u v\u00e0 thay th\u1ebf ph\u1ee5 t\u00f9ng<\/p>\n<table style=\"border-collapse: collapse; width: 525.77pt;\" border=\"0\" width=\"701\" cellspacing=\"0\" cellpadding=\"0\">\n<tbody>\n<tr style=\"height: 27.00pt;\">\n<td class=\"et2\" style=\"height: 27.00pt; width: 525.75pt;\" colspan=\"4\" width=\"701\" height=\"36\">Th\u00f4ng s\u1ed1 k\u1ef9 thu\u1eadt s\u1ea3n ph\u1ea9m<\/td>\n<\/tr>\n<tr style=\"height: 21.00pt;\">\n<td class=\"et3\" style=\"height: 21.00pt; width: 96.75pt;\" width=\"129\" height=\"28\">\u0111i\u1ec7n \u00e1p \u0111\u1ecbnh m\u1ee9c<\/td>\n<td class=\"et3\" style=\"width: 168.00pt;\" width=\"224\">380 V\/660 V<\/td>\n<td class=\"et3\" style=\"width: 113.25pt;\" width=\"151\">c\u00f4ng su\u1ea5t \u0111\u1ecbnh m\u1ee9c<\/td>\n<td class=\"et3\" style=\"width: 147.75pt;\" width=\"197\">0,55 kW\u2013315 kW<\/td>\n<\/tr>\n<tr style=\"height: 17.25pt;\">\n<td class=\"et3\" style=\"height: 17.25pt; width: 96.75pt;\" width=\"129\" height=\"23\">k\u00edch th\u01b0\u1edbc khung<\/td>\n<td class=\"et3\" style=\"width: 168.00pt;\" width=\"224\">H63-H355<\/td>\n<td class=\"et3\" style=\"width: 113.25pt;\" width=\"151\">Lo\u1ea1i l\u1eafp \u0111\u1eb7t<\/td>\n<td class=\"et3\" style=\"width: 147.75pt;\" width=\"197\">B3\/B5\/B35<\/td>\n<\/tr>\n<tr style=\"height: 34.50pt;\">\n<td class=\"et3\" style=\"height: 34.50pt; width: 96.75pt;\" width=\"129\" height=\"46\">L\u1edbp \u00e1p d\u1ee5ng<\/td>\n<td class=\"et3\" style=\"width: 168.00pt;\" width=\"224\">2P, 4P, 6P<\/td>\n<td class=\"et3\" style=\"width: 113.25pt;\" width=\"151\">ph\u01b0\u01a1ng ph\u00e1p l\u00e0m m\u00e1t<\/td>\n<td class=\"et3\" style=\"width: 147.75pt;\" width=\"197\">IC411<\/td>\n<\/tr>\n<tr style=\"height: 34.50pt;\">\n<td class=\"et3\" style=\"height: 34.50pt; width: 96.75pt;\" width=\"129\" height=\"46\">ph\u00e2n lo\u1ea1i nhi\u1ec7t<\/td>\n<td class=\"et3\" style=\"width: 168.00pt;\" width=\"224\">F<\/td>\n<td class=\"et3\" style=\"width: 113.25pt;\" width=\"151\">h\u1ec7 th\u1ed1ng \u0111ang ho\u1ea1t \u0111\u1ed9ng<\/td>\n<td class=\"et3\" style=\"width: 147.75pt;\" width=\"197\">M\u00f9a 1<\/td>\n<\/tr>\n<tr style=\"height: 34.00pt;\">\n<td class=\"et3\" style=\"height: 34.00pt; width: 96.75pt;\" width=\"129\" height=\"45\">M\u1ee9c \u0111\u1ed9 b\u1ea3o v\u1ec7<\/td>\n<td class=\"et3\" style=\"width: 168.00pt;\" width=\"224\">IP54<\/td>\n<td class=\"et4\">t\u1ea7n s\u1ed1 \u0111\u1ecbnh m\u1ee9c<\/td>\n<td class=\"et4\">50 Hz<\/td>\n<\/tr>\n<tr style=\"height: 17.25pt;\">\n<td class=\"et5\" style=\"height: 17.25pt; border-right: .5pt solid #000000;\" colspan=\"4\" height=\"23\">N\u1ebfu c\u00f3 c\u00e1c y\u00eau c\u1ea7u \u0111\u1eb7c bi\u1ec7t v\u1ec1 t\u1ea7n s\u1ed1, \u0111i\u1ec7n \u00e1p, nhi\u1ec7t \u0111\u1ed9 kh\u00f4ng kh\u00ed xung quanh, \u0111\u1ed9 cao, v.v., vui l\u00f2ng n\u00eau r\u00f5 khi \u0111\u1eb7t h\u00e0ng.<\/td>\n<\/tr>\n<tr style=\"height: 18.00pt;\">\n<td class=\"et8\" style=\"height: 18.00pt; width: 525.75pt;\" colspan=\"4\" width=\"701\" height=\"24\">M\u00f4i tr\u01b0\u1eddng l\u00e0m vi\u1ec7c c\u1ee7a s\u1ea3n ph\u1ea9m<\/td>\n<\/tr>\n<tr style=\"height: 34.50pt;\">\n<td class=\"et9\" style=\"height: 34.50pt; width: 96.75pt;\" width=\"129\" height=\"46\">ph\u1ea1m vi nhi\u1ec7t \u0111\u1ed9<\/td>\n<td class=\"et10\" style=\"width: 429.00pt;\" colspan=\"3\" width=\"572\">Nhi\u1ec7t \u0111\u1ed9 kh\u00f4ng kh\u00ed xung quanh thay \u0111\u1ed5i theo m\u00f9a, nh\u01b0ng nhi\u1ec7t \u0111\u1ed9 cao nh\u1ea5t l\u00e0 +40\u00b0C, c\u00f2n nhi\u1ec7t \u0111\u1ed9 th\u1ea5p nh\u1ea5t l\u00e0 -15\u00b0C<\/td>\n<\/tr>\n<tr style=\"height: 17.25pt;\">\n<td class=\"et9\" style=\"height: 17.25pt; width: 96.75pt;\" width=\"129\" height=\"23\">\u0111\u1ed9 \u1ea9m<\/td>\n<td class=\"et10\" style=\"width: 429.00pt;\" colspan=\"3\" width=\"572\">\u0110\u1ed9 \u1ea9m t\u01b0\u01a1ng \u0111\u1ed1i trung b\u00ecnh h\u00e0ng th\u00e1ng cao nh\u1ea5t trong th\u00e1ng c\u00f3 l\u01b0\u1ee3ng m\u01b0a nhi\u1ec1u nh\u1ea5t l\u00e0 90%, trong khi nhi\u1ec7t \u0111\u1ed9 trung b\u00ecnh h\u00e0ng th\u00e1ng th\u1ea5p nh\u1ea5t kh\u00f4ng v\u01b0\u1ee3t qu\u00e1 25\u00b0C (t\u1ea1i nh\u00e0 m\u00e1y)<\/td>\n<\/tr>\n<tr style=\"height: 28.00pt;\">\n<td class=\"et11\" style=\"height: 28.00pt; width: 96.75pt;\" width=\"129\" height=\"37\">\u0111\u1ed9 cao<\/td>\n<td class=\"et12\">Kh\u00f4ng qu\u00e1 1000m<\/td>\n<td class=\"et13\"><\/td>\n<td class=\"et13\"><\/td>\n<\/tr>\n<\/tbody>\n<\/table>","protected":false},"excerpt":{"rendered":"<p>\u0110\u1ed9ng c\u01a1 ba pha kh\u00f4ng \u0111\u1ed3ng b\u1ed9 d\u00f2ng YE3: \u0110\u1ed9ng c\u01a1 ti\u1ebft ki\u1ec7m n\u0103ng l\u01b0\u1ee3ng hi\u1ec7u su\u1ea5t cao, tu\u00e2n th\u1ee7 c\u00e1c ti\u00eau chu\u1ea9n qu\u1ed1c t\u1ebf v\u1ec1 hi\u1ec7u su\u1ea5t n\u0103ng l\u01b0\u1ee3ng, \u0111\u01b0\u1ee3c s\u1eed d\u1ee5ng r\u1ed9ng r\u00e3i trong c\u00e1c thi\u1ebft b\u1ecb c\u00f4ng nghi\u1ec7p th\u00f4ng d\u1ee5ng nh\u01b0 qu\u1ea1t, b\u01a1m, m\u00e1y n\u00e9n, m\u00e1y c\u00f4ng c\u1ee5 v\u00e0 m\u00e1y m\u00f3c v\u1eadn chuy\u1ec3n trong c\u00e1c m\u00f4i tr\u01b0\u1eddng kh\u00f4ng c\u00f3 y\u00eau c\u1ea7u \u0111\u1eb7c bi\u1ec7t.<\/p>","protected":false},"featured_media":683,"template":"","meta":{"site-sidebar-layout":"default","site-content-layout":"default","ast-site-content-layout":"default","site-content-style":"default","site-sidebar-style":"default","ast-global-header-display":"","ast-banner-title-visibility":"","ast-main-header-display":"","ast-hfb-above-header-display":"","ast-hfb-below-header-display":"","ast-hfb-mobile-header-display":"","site-post-title":"","ast-breadcrumbs-content":"","ast-featured-img":"","footer-sml-layout":"","ast-disable-related-posts":"","theme-transparent-header-meta":"default","adv-header-id-meta":"","stick-header-meta":"","header-above-stick-meta":"","header-main-stick-meta":"","header-below-stick-meta":"","astra-migrate-meta-layouts":"default","ast-page-background-enabled":"default","ast-page-background-meta":{"desktop":{"background-color":"","background-image":"","background-repeat":"repeat","background-position":"center center","background-size":"auto","background-attachment":"scroll","background-type":"","background-media":"","overlay-type":"","overlay-color":"","overlay-opacity":"","overlay-gradient":""},"tablet":{"background-color":"","background-image":"","background-repeat":"repeat","background-position":"center center","background-size":"auto","background-attachment":"scroll","background-type":"","background-media":"","overlay-type":"","overlay-color":"","overlay-opacity":"","overlay-gradient":""},"mobile":{"background-color":"","background-image":"","background-repeat":"repeat","background-position":"center center","background-size":"auto","background-attachment":"scroll","background-type":"","background-media":"","overlay-type":"","overlay-color":"","overlay-opacity":"","overlay-gradient":""}},"ast-content-background-meta":{"desktop":{"background-color":"var(--ast-global-color-5)","background-image":"","background-repeat":"repeat","background-position":"center center","background-size":"auto","background-attachment":"scroll","background-type":"","background-media":"","overlay-type":"","overlay-color":"","overlay-opacity":"","overlay-gradient":""},"tablet":{"background-color":"var(--ast-global-color-5)","background-image":"","background-repeat":"repeat","background-position":"center center","background-size":"auto","background-attachment":"scroll","background-type":"","background-media":"","overlay-type":"","overlay-color":"","overlay-opacity":"","overlay-gradient":""},"mobile":{"background-color":"var(--ast-global-color-5)","background-image":"","background-repeat":"repeat","background-position":"center center","background-size":"auto","background-attachment":"scroll","background-type":"","background-media":"","overlay-type":"","overlay-color":"","overlay-opacity":"","overlay-gradient":""}}},"product_brand":[],"product_cat":[21],"product_tag":[],"class_list":{"0":"post-682","1":"product","2":"type-product","3":"status-publish","4":"has-post-thumbnail","6":"product_cat-three-phase-asynchronous-ac-motor","7":"desktop-align-left","8":"tablet-align-left","9":"mobile-align-left","10":"ast-product-gallery-layout-vertical-slider","11":"ast-product-tabs-layout-horizontal","13":"first","14":"instock","15":"shipping-taxable","16":"product-type-simple"},"yoast_head":"<!-- This site is optimized with the Yoast SEO plugin v27.4 - https:\/\/yoast.com\/product\/yoast-seo-wordpress\/ -->\n<title>YE3 Series Three-phase Asynchronous Motor - Jining Huanzhongyu Electromechanical Co., Ltd.<\/title>\n<meta name=\"robots\" content=\"index, follow, max-snippet:-1, max-image-preview:large, max-video-preview:-1\" \/>\n<link rel=\"canonical\" href=\"https:\/\/www.huanyumotor.com\/vi\/san-pham\/ye3-series-three-phase-asynchronous-motor\/\" \/>\n<meta property=\"og:locale\" content=\"vi_VN\" \/>\n<meta property=\"og:type\" content=\"article\" \/>\n<meta property=\"og:title\" content=\"YE3 Series Three-phase Asynchronous Motor - Jining Huanzhongyu Electromechanical Co., Ltd.\" \/>\n<meta property=\"og:description\" content=\"YE3 Series Three-Phase AC Asynchronous Motor A high-efficiency energy-saving motor compliant with international energy efficiency standards, widely used in general industrial equipment such as fans, pumps, compressors, machine tools, and conveying machinery for environments without special requirements.\" \/>\n<meta property=\"og:url\" content=\"https:\/\/www.huanyumotor.com\/vi\/san-pham\/ye3-series-three-phase-asynchronous-motor\/\" \/>\n<meta property=\"og:site_name\" content=\"Jining Huanzhongyu Electromechanical Co., Ltd.\" \/>\n<meta property=\"article:publisher\" content=\"https:\/\/www.facebook.com\/profile.php?id=61579475484242&amp;sk=grid\" \/>\n<meta property=\"og:image\" content=\"https:\/\/www.huanyumotor.com\/wp-content\/uploads\/2025\/11\/1_1.jpg\" \/>\n\t<meta property=\"og:image:width\" content=\"800\" \/>\n\t<meta property=\"og:image:height\" content=\"800\" \/>\n\t<meta property=\"og:image:type\" content=\"image\/jpeg\" \/>\n<meta name=\"twitter:card\" content=\"summary_large_image\" \/>\n<meta name=\"twitter:label1\" content=\"\u01af\u1edbc t\u00ednh th\u1eddi gian \u0111\u1ecdc\" \/>\n\t<meta name=\"twitter:data1\" content=\"2 ph\u00fat\" \/>\n<script type=\"application\/ld+json\" class=\"yoast-schema-graph\">{\"@context\":\"https:\\\/\\\/schema.org\",\"@graph\":[{\"@type\":\"WebPage\",\"@id\":\"https:\\\/\\\/www.huanyumotor.com\\\/product\\\/ye3-series-three-phase-asynchronous-motor\\\/\",\"url\":\"https:\\\/\\\/www.huanyumotor.com\\\/product\\\/ye3-series-three-phase-asynchronous-motor\\\/\",\"name\":\"YE3 Series Three-phase Asynchronous Motor - Jining Huanzhongyu Electromechanical Co., Ltd.\",\"isPartOf\":{\"@id\":\"https:\\\/\\\/www.huanyumotor.com\\\/#website\"},\"primaryImageOfPage\":{\"@id\":\"https:\\\/\\\/www.huanyumotor.com\\\/product\\\/ye3-series-three-phase-asynchronous-motor\\\/#primaryimage\"},\"image\":{\"@id\":\"https:\\\/\\\/www.huanyumotor.com\\\/product\\\/ye3-series-three-phase-asynchronous-motor\\\/#primaryimage\"},\"thumbnailUrl\":\"https:\\\/\\\/www.huanyumotor.com\\\/wp-content\\\/uploads\\\/2025\\\/11\\\/1_1.jpg\",\"datePublished\":\"2025-11-12T02:38:46+00:00\",\"breadcrumb\":{\"@id\":\"https:\\\/\\\/www.huanyumotor.com\\\/product\\\/ye3-series-three-phase-asynchronous-motor\\\/#breadcrumb\"},\"inLanguage\":\"vi\",\"potentialAction\":[{\"@type\":\"ReadAction\",\"target\":[\"https:\\\/\\\/www.huanyumotor.com\\\/product\\\/ye3-series-three-phase-asynchronous-motor\\\/\"]}]},{\"@type\":\"ImageObject\",\"inLanguage\":\"vi\",\"@id\":\"https:\\\/\\\/www.huanyumotor.com\\\/product\\\/ye3-series-three-phase-asynchronous-motor\\\/#primaryimage\",\"url\":\"https:\\\/\\\/www.huanyumotor.com\\\/wp-content\\\/uploads\\\/2025\\\/11\\\/1_1.jpg\",\"contentUrl\":\"https:\\\/\\\/www.huanyumotor.com\\\/wp-content\\\/uploads\\\/2025\\\/11\\\/1_1.jpg\",\"width\":800,\"height\":800},{\"@type\":\"BreadcrumbList\",\"@id\":\"https:\\\/\\\/www.huanyumotor.com\\\/product\\\/ye3-series-three-phase-asynchronous-motor\\\/#breadcrumb\",\"itemListElement\":[{\"@type\":\"ListItem\",\"position\":1,\"name\":\"\u9996\u9875\",\"item\":\"https:\\\/\\\/www.huanyumotor.com\\\/\"},{\"@type\":\"ListItem\",\"position\":2,\"name\":\"Products\",\"item\":\"https:\\\/\\\/www.huanyumotor.com\\\/products\\\/\"},{\"@type\":\"ListItem\",\"position\":3,\"name\":\"YE3 Series Three-phase Asynchronous Motor\"}]},{\"@type\":\"WebSite\",\"@id\":\"https:\\\/\\\/www.huanyumotor.com\\\/#website\",\"url\":\"https:\\\/\\\/www.huanyumotor.com\\\/\",\"name\":\"Jining Huanzhongyu Electromechanical Co., Ltd.\",\"description\":\"\",\"publisher\":{\"@id\":\"https:\\\/\\\/www.huanyumotor.com\\\/#organization\"},\"potentialAction\":[{\"@type\":\"SearchAction\",\"target\":{\"@type\":\"EntryPoint\",\"urlTemplate\":\"https:\\\/\\\/www.huanyumotor.com\\\/?s={search_term_string}\"},\"query-input\":{\"@type\":\"PropertyValueSpecification\",\"valueRequired\":true,\"valueName\":\"search_term_string\"}}],\"inLanguage\":\"vi\"},{\"@type\":\"Organization\",\"@id\":\"https:\\\/\\\/www.huanyumotor.com\\\/#organization\",\"name\":\"Jining Huanzhongyu Electromechanical Co., Ltd.\",\"url\":\"https:\\\/\\\/www.huanyumotor.com\\\/\",\"logo\":{\"@type\":\"ImageObject\",\"inLanguage\":\"vi\",\"@id\":\"https:\\\/\\\/www.huanyumotor.com\\\/#\\\/schema\\\/logo\\\/image\\\/\",\"url\":\"https:\\\/\\\/www.huanyumotor.com\\\/wp-content\\\/uploads\\\/2025\\\/11\\\/logo.webp\",\"contentUrl\":\"https:\\\/\\\/www.huanyumotor.com\\\/wp-content\\\/uploads\\\/2025\\\/11\\\/logo.webp\",\"width\":468,\"height\":242,\"caption\":\"Jining Huanzhongyu Electromechanical Co., Ltd.\"},\"image\":{\"@id\":\"https:\\\/\\\/www.huanyumotor.com\\\/#\\\/schema\\\/logo\\\/image\\\/\"},\"sameAs\":[\"https:\\\/\\\/www.facebook.com\\\/profile.php?id=61579475484242&sk=grid\"]}]}<\/script>\n<!-- \/ Yoast SEO plugin. -->","yoast_head_json":{"title":"YE3 Series Three-phase Asynchronous Motor - Jining Huanzhongyu Electromechanical Co., Ltd.","robots":{"index":"index","follow":"follow","max-snippet":"max-snippet:-1","max-image-preview":"max-image-preview:large","max-video-preview":"max-video-preview:-1"},"canonical":"https:\/\/www.huanyumotor.com\/vi\/san-pham\/ye3-series-three-phase-asynchronous-motor\/","og_locale":"vi_VN","og_type":"article","og_title":"YE3 Series Three-phase Asynchronous Motor - Jining Huanzhongyu Electromechanical Co., Ltd.","og_description":"YE3 Series Three-Phase AC Asynchronous Motor A high-efficiency energy-saving motor compliant with international energy efficiency standards, widely used in general industrial equipment such as fans, pumps, compressors, machine tools, and conveying machinery for environments without special requirements.","og_url":"https:\/\/www.huanyumotor.com\/vi\/san-pham\/ye3-series-three-phase-asynchronous-motor\/","og_site_name":"Jining Huanzhongyu Electromechanical Co., Ltd.","article_publisher":"https:\/\/www.facebook.com\/profile.php?id=61579475484242&sk=grid","og_image":[{"width":800,"height":800,"url":"https:\/\/www.huanyumotor.com\/wp-content\/uploads\/2025\/11\/1_1.jpg","type":"image\/jpeg"}],"twitter_card":"summary_large_image","twitter_misc":{"\u01af\u1edbc t\u00ednh th\u1eddi gian \u0111\u1ecdc":"2 ph\u00fat"},"schema":{"@context":"https:\/\/schema.org","@graph":[{"@type":"WebPage","@id":"https:\/\/www.huanyumotor.com\/product\/ye3-series-three-phase-asynchronous-motor\/","url":"https:\/\/www.huanyumotor.com\/product\/ye3-series-three-phase-asynchronous-motor\/","name":"YE3 Series Three-phase Asynchronous Motor - Jining Huanzhongyu Electromechanical Co., Ltd.","isPartOf":{"@id":"https:\/\/www.huanyumotor.com\/#website"},"primaryImageOfPage":{"@id":"https:\/\/www.huanyumotor.com\/product\/ye3-series-three-phase-asynchronous-motor\/#primaryimage"},"image":{"@id":"https:\/\/www.huanyumotor.com\/product\/ye3-series-three-phase-asynchronous-motor\/#primaryimage"},"thumbnailUrl":"https:\/\/www.huanyumotor.com\/wp-content\/uploads\/2025\/11\/1_1.jpg","datePublished":"2025-11-12T02:38:46+00:00","breadcrumb":{"@id":"https:\/\/www.huanyumotor.com\/product\/ye3-series-three-phase-asynchronous-motor\/#breadcrumb"},"inLanguage":"vi","potentialAction":[{"@type":"ReadAction","target":["https:\/\/www.huanyumotor.com\/product\/ye3-series-three-phase-asynchronous-motor\/"]}]},{"@type":"ImageObject","inLanguage":"vi","@id":"https:\/\/www.huanyumotor.com\/product\/ye3-series-three-phase-asynchronous-motor\/#primaryimage","url":"https:\/\/www.huanyumotor.com\/wp-content\/uploads\/2025\/11\/1_1.jpg","contentUrl":"https:\/\/www.huanyumotor.com\/wp-content\/uploads\/2025\/11\/1_1.jpg","width":800,"height":800},{"@type":"BreadcrumbList","@id":"https:\/\/www.huanyumotor.com\/product\/ye3-series-three-phase-asynchronous-motor\/#breadcrumb","itemListElement":[{"@type":"ListItem","position":1,"name":"\u9996\u9875","item":"https:\/\/www.huanyumotor.com\/"},{"@type":"ListItem","position":2,"name":"Products","item":"https:\/\/www.huanyumotor.com\/products\/"},{"@type":"ListItem","position":3,"name":"YE3 Series Three-phase Asynchronous Motor"}]},{"@type":"WebSite","@id":"https:\/\/www.huanyumotor.com\/#website","url":"https:\/\/www.huanyumotor.com\/","name":"C\u00f4ng ty TNHH \u0110i\u1ec7n c\u01a1 Jining Huanzhongyu.","description":"","publisher":{"@id":"https:\/\/www.huanyumotor.com\/#organization"},"potentialAction":[{"@type":"SearchAction","target":{"@type":"EntryPoint","urlTemplate":"https:\/\/www.huanyumotor.com\/?s={search_term_string}"},"query-input":{"@type":"PropertyValueSpecification","valueRequired":true,"valueName":"search_term_string"}}],"inLanguage":"vi"},{"@type":"Organization","@id":"https:\/\/www.huanyumotor.com\/#organization","name":"C\u00f4ng ty TNHH \u0110i\u1ec7n c\u01a1 Jining Huanzhongyu.","url":"https:\/\/www.huanyumotor.com\/","logo":{"@type":"ImageObject","inLanguage":"vi","@id":"https:\/\/www.huanyumotor.com\/#\/schema\/logo\/image\/","url":"https:\/\/www.huanyumotor.com\/wp-content\/uploads\/2025\/11\/logo.webp","contentUrl":"https:\/\/www.huanyumotor.com\/wp-content\/uploads\/2025\/11\/logo.webp","width":468,"height":242,"caption":"Jining Huanzhongyu Electromechanical Co., Ltd."},"image":{"@id":"https:\/\/www.huanyumotor.com\/#\/schema\/logo\/image\/"},"sameAs":["https:\/\/www.facebook.com\/profile.php?id=61579475484242&sk=grid"]}]}},"_links":{"self":[{"href":"https:\/\/www.huanyumotor.com\/vi\/wp-json\/wp\/v2\/product\/682","targetHints":{"allow":["GET"]}}],"collection":[{"href":"https:\/\/www.huanyumotor.com\/vi\/wp-json\/wp\/v2\/product"}],"about":[{"href":"https:\/\/www.huanyumotor.com\/vi\/wp-json\/wp\/v2\/types\/product"}],"wp:featuredmedia":[{"embeddable":true,"href":"https:\/\/www.huanyumotor.com\/vi\/wp-json\/wp\/v2\/media\/683"}],"wp:attachment":[{"href":"https:\/\/www.huanyumotor.com\/vi\/wp-json\/wp\/v2\/media?parent=682"}],"wp:term":[{"taxonomy":"product_brand","embeddable":true,"href":"https:\/\/www.huanyumotor.com\/vi\/wp-json\/wp\/v2\/product_brand?post=682"},{"taxonomy":"product_cat","embeddable":true,"href":"https:\/\/www.huanyumotor.com\/vi\/wp-json\/wp\/v2\/product_cat?post=682"},{"taxonomy":"product_tag","embeddable":true,"href":"https:\/\/www.huanyumotor.com\/vi\/wp-json\/wp\/v2\/product_tag?post=682"}],"curies":[{"name":"wp","href":"https:\/\/api.w.org\/{rel}","templated":true}]}}